{"id":88,"date":"2022-09-08T07:20:45","date_gmt":"2022-09-08T07:20:45","guid":{"rendered":"https:\/\/meat-machine.com\/?post_type=product&#038;p=88"},"modified":"2026-04-02T16:52:26","modified_gmt":"2026-04-02T08:52:26","slug":"hachoir-a-viande-commercial","status":"publish","type":"product","link":"https:\/\/meat-machine.com\/fr\/product\/commercial-meat-mincer-machine\/","title":{"rendered":"Machine commerciale de hachoir \u00e0 viande"},"content":{"rendered":"<div class=\"kk-star-ratings kksr-auto kksr-align-left kksr-valign-top\"     data-payload='{&quot;align&quot;:&quot;left&quot;,&quot;id&quot;:&quot;88&quot;,&quot;slug&quot;:&quot;default&quot;,&quot;valign&quot;:&quot;top&quot;,&quot;ignore&quot;:&quot;&quot;,&quot;reference&quot;:&quot;auto&quot;,&quot;class&quot;:&quot;&quot;,&quot;count&quot;:&quot;14&quot;,&quot;legendonly&quot;:&quot;&quot;,&quot;readonly&quot;:&quot;&quot;,&quot;score&quot;:&quot;4.5&quot;,&quot;starsonly&quot;:&quot;&quot;,&quot;best&quot;:&quot;5&quot;,&quot;gap&quot;:&quot;5&quot;,&quot;greet&quot;:&quot;Rate this product&quot;,&quot;legend&quot;:&quot;4.5\\\/5 - (14 votes)&quot;,&quot;size&quot;:&quot;24&quot;,&quot;title&quot;:&quot;Commercial Meat Mincer Machine&quot;,&quot;width&quot;:&quot;128&quot;,&quot;_legend&quot;:&quot;{score}\\\/{best} - ({count} {votes})&quot;,&quot;font_factor&quot;:&quot;1.25&quot;}'>              <div class=\"kksr-stars\">      <div class=\"kksr-stars-inactive\">             <div class=\"kksr-star\" data-star=\"1\" style=\"padding-right: 5px\">               <div class=\"kksr-icon\" style=\"width: 24px; height: 24px;\"><\/div>         <\/div>             <div class=\"kksr-star\" data-star=\"2\" style=\"padding-right: 5px\">               <div class=\"kksr-icon\" style=\"width: 24px; height: 24px;\"><\/div>         <\/div>             <div class=\"kksr-star\" data-star=\"3\" style=\"padding-right: 5px\">               <div class=\"kksr-icon\" style=\"width: 24px; height: 24px;\"><\/div>         <\/div>             <div class=\"kksr-star\" data-star=\"4\" style=\"padding-right: 5px\">               <div class=\"kksr-icon\" style=\"width: 24px; height: 24px;\"><\/div>         <\/div>             <div class=\"kksr-star\" data-star=\"5\" style=\"padding-right: 5px\">               <div class=\"kksr-icon\" style=\"width: 24px; height: 24px;\"><\/div>         <\/div>     <\/div>      <div class=\"kksr-stars-active\" style=\"width: 128px;\">             <div class=\"kksr-star\" style=\"padding-right: 5px\">               <div class=\"kksr-icon\" style=\"width: 24px; height: 24px;\"><\/div>         <\/div>             <div class=\"kksr-star\" style=\"padding-right: 5px\">               <div class=\"kksr-icon\" style=\"width: 24px; height: 24px;\"><\/div>         <\/div>             <div class=\"kksr-star\" style=\"padding-right: 5px\">               <div class=\"kksr-icon\" style=\"width: 24px; height: 24px;\"><\/div>         <\/div>             <div class=\"kksr-star\" style=\"padding-right: 5px\">               <div class=\"kksr-icon\" style=\"width: 24px; height: 24px;\"><\/div>         <\/div>             <div class=\"kksr-star\" style=\"padding-right: 5px\">               <div class=\"kksr-icon\" style=\"width: 24px; height: 24px;\"><\/div>         <\/div>     <\/div> <\/div>                   <div class=\"kksr-legend\" style=\"font-size: 19.2px;\">             4,5\/5 - (14 votes)    <\/div>     <\/div>  <p class=\"wp-block-paragraph\">La machine hachoir \u00e0 viande commerciale peut moudre efficacement de grandes quantit\u00e9s de viande pour des applications de transformation alimentaire. Elle peut transformer la viande congel\u00e9e en viande hach\u00e9e uniforme, qui peut ensuite \u00eatre utilis\u00e9e pour la production de produits tels que saucisses, boulettes de viande, galettes, farces de dumplings et autres aliments carn\u00e9s transform\u00e9s.<\/p>    <p class=\"wp-block-paragraph\">Le hachoir \u00e0 viande commercial convient \u00e0 une vari\u00e9t\u00e9 de mati\u00e8res premi\u00e8res, y compris le porc, le b\u0153uf, le poulet, l'agneau, le poisson et autres viandes sans os. Diff\u00e9rentes plaques perfor\u00e9es peuvent \u00eatre install\u00e9es pour produire diff\u00e9rentes tailles de broyage en fonction des exigences du produit final. <\/p>    <p class=\"wp-block-paragraph translation-block\">La capacit\u00e9 de la machine varie g\u00e9n\u00e9ralement de <strong>500 kg\/h \u00e0 50 000 kg\/h<\/strong>. Elle est largement utilis\u00e9e dans les boucheries, les usines de transformation de la viande, les usines alimentaires et les cuisines centrales o\u00f9 une texture de viande coh\u00e9rente et une haute productivit\u00e9 sont requises.<\/p>    <figure class=\"wp-block-embed is-type-video is-provider-youtube wp-block-embed-youtube wp-embed-aspect-9-16 wp-has-aspect-ratio\"><div class=\"wp-block-embed__wrapper\"> <iframe loading=\"lazy\" title=\"Vid\u00e9o de fonctionnement automatique du hachoir \u00e0 viande | Hachoir \u00e0 viande puissant #viande #transformationalimentaire #hachoir\" width=\"422\" height=\"750\" src=\"https:\/\/www.youtube.com\/embed\/PiKyUP9N3R0?feature=oembed\" frameborder=\"0\" allow=\"accelerometer; autoplay; clipboard-write; encrypted-media; gyroscope; picture-in-picture; web-share\" referrerpolicy=\"strict-origin-when-cross-origin\" allowfullscreen><\/iframe> <\/div><figcaption class=\"wp-element-caption\">Vid\u00e9o de fonctionnement de la machine hachoir \u00e0 viande commerciale<\/figcaption><\/figure>    <h2 id=\"h-working-principle-of-commercial-meat-mincer-machine\" class=\"wp-block-heading\">Comment fonctionne le hachoir \u00e0 viande commercial\u00a0?<\/h2>    <ul class=\"wp-block-list\"> <li>La machine commence \u00e0 fonctionner lorsque le moteur est mis sous tension, entra\u00eenant les composants internes pour commencer le processus de hachage.<\/li>    <li>La viande congel\u00e9e est plac\u00e9e dans l'entr\u00e9e d'alimentation pour entrer dans le syst\u00e8me de broyage.<\/li>    <li>Un convoyeur \u00e0 vis rotatif pousse continuellement la viande vers l'unit\u00e9 de coupe.<\/li>    <li>L'inclinaison variable de la vis comprime la viande et cr\u00e9e une pression pendant le processus d'alimentation.<\/li>    <li>La viande comprim\u00e9e est coup\u00e9e en petits morceaux par le couteau rotatif.<\/li>    <li>La viande hach\u00e9e est forc\u00e9e \u00e0 travers la plaque perfor\u00e9e pour former une viande hach\u00e9e uniform\u00e9ment.<\/li>    <li>La viande hach\u00e9e finie est \u00e9vacu\u00e9e par la sortie et collect\u00e9e pour un traitement alimentaire ult\u00e9rieur tel que <a href=\"https:\/\/meat-machine.com\/fr\/produit\/machine-a-fabriquer-des-boulettes-de-viande\/\" data-type=\"link\" data-id=\"https:\/\/meat-machine.com\/product\/meatball-making-machine\/\">boulettes de viande<\/a> ou <a href=\"https:\/\/meat-machine.com\/fr\/produit\/fabricant-de-galettes-de-hamburger-commercial\/\" data-type=\"link\" data-id=\"https:\/\/meat-machine.com\/product\/commercial-burger-patty-maker\/\">burgers<\/a>.<\/li> <\/ul>    <figure class=\"wp-block-gallery has-nested-images columns-default is-cropped wp-block-gallery-2 is-layout-flex wp-block-gallery-is-layout-flex\"> <figure class=\"wp-block-image size-full\"><img loading=\"lazy\" decoding=\"async\" width=\"720\" height=\"540\" data-id=\"1146\" src=\"https:\/\/meat-machine.com\/wp-content\/uploads\/2022\/09\/Commercial-Meat-Mincer-Machine-Structure.webp\" alt=\"Structure du hachoir \u00e0 viande commercial\" class=\"wp-image-1146\" title=\"\" srcset=\"https:\/\/meat-machine.com\/wp-content\/uploads\/2022\/09\/Commercial-Meat-Mincer-Machine-Structure.webp 720w, https:\/\/meat-machine.com\/wp-content\/uploads\/2022\/09\/Commercial-Meat-Mincer-Machine-Structure-300x225.webp 300w, https:\/\/meat-machine.com\/wp-content\/uploads\/2022\/09\/Commercial-Meat-Mincer-Machine-Structure-16x12.webp 16w\" sizes=\"auto, (max-width: 720px) 100vw, 720px\" \/><figcaption class=\"wp-element-caption\">Structure du hachoir \u00e0 viande commercial<\/figcaption><\/figure>    <figure class=\"wp-block-image size-full\"><img loading=\"lazy\" decoding=\"async\" width=\"720\" height=\"540\" data-id=\"1145\" src=\"https:\/\/meat-machine.com\/wp-content\/uploads\/2022\/09\/Commercial-Meat-Mincer-Machine-1.webp\" alt=\"Machine commerciale de hachoir \u00e0 viande\" class=\"wp-image-1145\" title=\"\" srcset=\"https:\/\/meat-machine.com\/wp-content\/uploads\/2022\/09\/Commercial-Meat-Mincer-Machine-1.webp 720w, https:\/\/meat-machine.com\/wp-content\/uploads\/2022\/09\/Commercial-Meat-Mincer-Machine-1-300x225.webp 300w, https:\/\/meat-machine.com\/wp-content\/uploads\/2022\/09\/Commercial-Meat-Mincer-Machine-1-16x12.webp 16w\" sizes=\"auto, (max-width: 720px) 100vw, 720px\" \/><figcaption class=\"wp-element-caption\">Machine commerciale de hachoir \u00e0 viande<\/figcaption><\/figure> <\/figure>    <h2 id=\"h-characteristics-of-industrial-meat-grinder-machine\" class=\"wp-block-heading\">Caract\u00e9ristiques de la machine \u00e0 hacher la viande congel\u00e9e<\/h2>    <div class=\"wp-block-media-text has-media-on-the-right is-stacked-on-mobile\"><div class=\"wp-block-media-text__content\"> <ul class=\"wp-block-list\"> <li>\u00c9quip\u00e9e d'une <strong>moteur \u00e0 couple \u00e9lev\u00e9 \u00e0 basse vitesse (environ 80 r\/min)<\/strong> qui permet \u00e0 la machine de moudre la viande congel\u00e9e en douceur sans surchauffer les fibres de la viande.<\/li>    <li>Le <strong>grand hopper d'alimentation en acier inoxydable<\/strong> est con\u00e7u pour accueillir des blocs de viande congel\u00e9e pr\u00e9-coup\u00e9s et guider le mat\u00e9riau directement dans le convoyeur \u00e0 vis.<\/li>    <li>Utilise un <strong>Vis spiral\u00e9e robuste (auger)<\/strong> avec une inclinaison progressive pour comprimer et pousser la viande congel\u00e9e efficacement.<\/li>    <li>Le <strong>Le syst\u00e8me de coupe combine un couteau rotatif et une plaque perfor\u00e9e<\/strong>, permettant \u00e0 la viande d'\u00eatre tranch\u00e9e et extrud\u00e9e simultan\u00e9ment.<\/li> <\/ul> <\/div><figure class=\"wp-block-media-text__media\"><img loading=\"lazy\" decoding=\"async\" width=\"720\" height=\"540\" src=\"https:\/\/meat-machine.com\/wp-content\/uploads\/2022\/09\/finished-product.webp\" alt=\"produit fini\" class=\"wp-image-96 size-full\" title=\"\" srcset=\"https:\/\/meat-machine.com\/wp-content\/uploads\/2022\/09\/finished-product.webp 720w, https:\/\/meat-machine.com\/wp-content\/uploads\/2022\/09\/finished-product-300x225.webp 300w\" sizes=\"auto, (max-width: 720px) 100vw, 720px\" \/><\/figure><\/div>    <div class=\"wp-block-media-text is-stacked-on-mobile\"><figure class=\"wp-block-media-text__media\"><img loading=\"lazy\" decoding=\"async\" width=\"720\" height=\"540\" src=\"https:\/\/meat-machine.com\/wp-content\/uploads\/2022\/09\/Commercial-Meat-Mincer-Machine-details.webp\" alt=\"D\u00e9tails de la machine hachoir \u00e0 viande commerciale\" class=\"wp-image-1147 size-full\" title=\"\" srcset=\"https:\/\/meat-machine.com\/wp-content\/uploads\/2022\/09\/Commercial-Meat-Mincer-Machine-details.webp 720w, https:\/\/meat-machine.com\/wp-content\/uploads\/2022\/09\/Commercial-Meat-Mincer-Machine-details-300x225.webp 300w, https:\/\/meat-machine.com\/wp-content\/uploads\/2022\/09\/Commercial-Meat-Mincer-Machine-details-16x12.webp 16w\" sizes=\"auto, (max-width: 720px) 100vw, 720px\" \/><\/figure><div class=\"wp-block-media-text__content\"> <ul class=\"wp-block-list\"> <li><strong>Plusieurs tailles de plaques perfor\u00e9es (4\u201315 mm personnalisables)<\/strong> peut \u00eatre install\u00e9 pour produire diff\u00e9rentes tailles de particules de viande hach\u00e9e.<\/li>    <li>Le <strong>Toute la structure en contact avec la nourriture est en acier inoxydable<\/strong>, garantissant la r\u00e9sistance \u00e0 la corrosion et un nettoyage facile dans les environnements de traitement de la viande.<\/li>    <li>Le <strong>Bo\u00eete de vitesses renforc\u00e9e et syst\u00e8me de transmission<\/strong> sont con\u00e7ues pour r\u00e9sister \u00e0 la r\u00e9sistance g\u00e9n\u00e9r\u00e9e lors du broyage de viande congel\u00e9e.<\/li>    <li>La machine supporte <strong>fonctionnement industriel continu<\/strong>, ce qui le rend adapt\u00e9 aux lignes de traitement de viande \u00e0 grande \u00e9chelle.<\/li> <\/ul> <\/div><\/div>    <h2 class=\"wp-block-heading\">Param\u00e8tres de la machine \u00e0 hacher la viande<\/h2>    <figure class=\"wp-block-table\"><table class=\"has-fixed-layout\"><thead><tr><th>Mod\u00e8le<\/th><th>100<\/th><th>120<\/th><th>130<\/th><th>160<\/th><th>200<\/th><th>250<\/th><\/tr><\/thead><tbody><tr><td>Pouvoir<\/td><td>5,5 kW<\/td><td>7,5 kW<\/td><td>11 kW<\/td><td>14 kW<\/td><td>30 kW<\/td><td>37 kW<\/td><\/tr><tr><td>Tension<\/td><td>380 V<\/td><td>380 V<\/td><td>380 V<\/td><td>380 V<\/td><td>380 V<\/td><td>380 V<\/td><\/tr><tr><td>Capacit\u00e9<\/td><td>500 kg\/h<\/td><td>1000 kg\/h<\/td><td>1500 kg\/h<\/td><td>2\u20133 t\/h<\/td><td>3\u20134 t\/h<\/td><td>4\u20135 t\/h<\/td><\/tr><tr><td>Dimension de la machine<\/td><td>900 \u00d7 570 \u00d7 1030 mm<\/td><td>1150 \u00d7 630 \u00d7 1180 mm<\/td><td>1220 \u00d7 770 \u00d7 1200 mm<\/td><td>1220 \u00d7 770 \u00d7 1200 mm<\/td><td>1560 \u00d7 850 \u00d7 1400 mm<\/td><td>1720 \u00d7 1200 \u00d7 1580 mm<\/td><\/tr><tr><td>Taille de l'entr\u00e9e d'alimentation<\/td><td>460 \u00d7 440 \u00d7 400 mm<\/td><td>630 \u00d7 520 \u00d7 430 mm<\/td><td>\u2014<\/td><td>710 \u00d7 660 \u00d7 480 mm<\/td><td>\u2014<\/td><td>\u2014<\/td><\/tr><tr><td>Plaque perfor\u00e9e<\/td><td>6 \/ 8 \/ 10 mm<\/td><td>6 \/ 8 \/ 10 mm<\/td><td>6 \/ 8 \/ 10 mm<\/td><td>6 \/ 8 \/ 10 mm<\/td><td>6 \/ 8 \/ 10 mm<\/td><td>\u2014<\/td><\/tr><\/tbody><\/table><figcaption class=\"wp-element-caption\">Param\u00e8tres du hachoir \u00e0 viande<\/figcaption><\/figure>    <figure class=\"wp-block-gallery has-nested-images columns-default is-cropped wp-block-gallery-3 is-layout-flex wp-block-gallery-is-layout-flex\"> <figure class=\"wp-block-image size-large\"><img loading=\"lazy\" decoding=\"async\" width=\"720\" height=\"540\" data-id=\"722\" src=\"https:\/\/meat-machine.com\/wp-content\/uploads\/2022\/09\/frozen-meat.webp\" alt=\"Viande congel\u00e9e\" class=\"wp-image-722\" title=\"\" srcset=\"https:\/\/meat-machine.com\/wp-content\/uploads\/2022\/09\/frozen-meat.webp 720w, https:\/\/meat-machine.com\/wp-content\/uploads\/2022\/09\/frozen-meat-300x225.webp 300w, https:\/\/meat-machine.com\/wp-content\/uploads\/2022\/09\/frozen-meat-16x12.webp 16w\" sizes=\"auto, (max-width: 720px) 100vw, 720px\" \/><figcaption class=\"wp-element-caption\">Viande<\/figcaption><\/figure>    <figure class=\"wp-block-image size-large\"><img loading=\"lazy\" decoding=\"async\" width=\"540\" height=\"720\" data-id=\"1150\" src=\"https:\/\/meat-machine.com\/wp-content\/uploads\/2022\/09\/meat-grinding-machine-1.webp\" alt=\"hachoir \u00e0 viande\" class=\"wp-image-1150\" title=\"\" srcset=\"https:\/\/meat-machine.com\/wp-content\/uploads\/2022\/09\/meat-grinding-machine-1.webp 540w, https:\/\/meat-machine.com\/wp-content\/uploads\/2022\/09\/meat-grinding-machine-1-225x300.webp 225w, https:\/\/meat-machine.com\/wp-content\/uploads\/2022\/09\/meat-grinding-machine-1-9x12.webp 9w\" sizes=\"auto, (max-width: 540px) 100vw, 540px\" \/><figcaption class=\"wp-element-caption\">Machine \u00e0 moudre la viande<\/figcaption><\/figure> <\/figure>    <h2 id=\"h-how-to-use-a-meat-mincer-machine\" class=\"wp-block-heading\">Comment nettoyer un hachoir \u00e0 viande professionnel ?<\/h2>    <div class=\"wp-block-media-text is-stacked-on-mobile\"><figure class=\"wp-block-media-text__media\"><img loading=\"lazy\" decoding=\"async\" width=\"540\" height=\"720\" src=\"https:\/\/meat-machine.com\/wp-content\/uploads\/2022\/09\/meat-grinder-effective.webp\" alt=\"hachoir \u00e0 viande efficace\" class=\"wp-image-1148 size-full\" title=\"\" srcset=\"https:\/\/meat-machine.com\/wp-content\/uploads\/2022\/09\/meat-grinder-effective.webp 540w, https:\/\/meat-machine.com\/wp-content\/uploads\/2022\/09\/meat-grinder-effective-225x300.webp 225w, https:\/\/meat-machine.com\/wp-content\/uploads\/2022\/09\/meat-grinder-effective-9x12.webp 9w\" sizes=\"auto, (max-width: 540px) 100vw, 540px\" \/><\/figure><div class=\"wp-block-media-text__content\"> <ul class=\"wp-block-list\"> <li><strong>Retirez le broyeur.<\/strong> D\u00e9tachez le hachoir \u00e0 viande de la machine en vous assurant de travailler dans la direction oppos\u00e9e.<\/li>    <li><strong>Nettoyez la cavit\u00e9.<\/strong> Retirez la mousse de viande et les restes de viande de la cavit\u00e9 de la machine.<\/li>    <li><strong>Tremper dans du d\u00e9tergent.<\/strong> Faites tremper les pi\u00e8ces de la machine dans de l'eau ti\u00e8de avec un d\u00e9tergent pour d\u00e9tacher tout r\u00e9sidu restant.<\/li> <\/ul> <\/div><\/div>    <div class=\"wp-block-media-text has-media-on-the-right is-stacked-on-mobile\"><div class=\"wp-block-media-text__content\"> <ul class=\"wp-block-list\"> <li><strong>Frottez les pi\u00e8ces.<\/strong> Utilisez une brosse pour nettoyer soigneusement tous les composants.<\/li>    <li><strong>Rincer \u00e0 l'eau.<\/strong> Rincez les pi\u00e8ces deux fois \u00e0 l'eau du robinet pour \u00e9liminer tout d\u00e9tergent et r\u00e9sidu.<\/li>    <li><strong>S\u00e9chez les pi\u00e8ces.<\/strong> Placez les composants nettoy\u00e9s dans un endroit frais et a\u00e9r\u00e9 pour qu'ils s\u00e8chent compl\u00e8tement.<\/li> <\/ul> <\/div><figure class=\"wp-block-media-text__media\"><img loading=\"lazy\" decoding=\"async\" width=\"540\" height=\"720\" src=\"https:\/\/meat-machine.com\/wp-content\/uploads\/2022\/09\/meat-grinder-2.webp\" alt=\"hachoir \u00e0 viande\" class=\"wp-image-1149 size-full\" title=\"\" srcset=\"https:\/\/meat-machine.com\/wp-content\/uploads\/2022\/09\/meat-grinder-2.webp 540w, https:\/\/meat-machine.com\/wp-content\/uploads\/2022\/09\/meat-grinder-2-225x300.webp 225w, https:\/\/meat-machine.com\/wp-content\/uploads\/2022\/09\/meat-grinder-2-9x12.webp 9w\" sizes=\"auto, (max-width: 540px) 100vw, 540px\" \/><\/figure><\/div>    <h2 class=\"wp-block-heading\">Conseils d'utilisation du hachoir \u00e0 viande<\/h2>    <div class=\"wp-block-media-text is-stacked-on-mobile\"><figure class=\"wp-block-media-text__media\"><img loading=\"lazy\" decoding=\"async\" width=\"720\" height=\"540\" src=\"https:\/\/meat-machine.com\/wp-content\/uploads\/2022\/09\/Commercial-Meat-Mincer-Machine-sale.webp\" alt=\"Vente de machine hachoir \u00e0 viande commerciale\" class=\"wp-image-1144 size-full\" title=\"\" srcset=\"https:\/\/meat-machine.com\/wp-content\/uploads\/2022\/09\/Commercial-Meat-Mincer-Machine-sale.webp 720w, https:\/\/meat-machine.com\/wp-content\/uploads\/2022\/09\/Commercial-Meat-Mincer-Machine-sale-300x225.webp 300w, https:\/\/meat-machine.com\/wp-content\/uploads\/2022\/09\/Commercial-Meat-Mincer-Machine-sale-16x12.webp 16w\" sizes=\"auto, (max-width: 720px) 100vw, 720px\" \/><\/figure><div class=\"wp-block-media-text__content\"> <ul class=\"wp-block-list\"> <li><strong>Congeler correctement<\/strong> dans le compartiment cong\u00e9lateur pour une cong\u00e9lation uniforme.<\/li>    <li><strong>Utilisez de la viande \u00e0 -5\u00b0C \u00e0 -18\u00b0C<\/strong> pour de meilleurs r\u00e9sultats de broyage et pour \u00e9viter l'adh\u00e9rence.<\/li>    <li><strong>Pr\u00e9-\u00e9crasez de gros morceaux<\/strong> avec un concasseur \u00e0 viande si n\u00e9cessaire.<\/li>    <li><strong>Congeler la viande en petits morceaux<\/strong> pour un traitement plus fluide.<\/li> <\/ul> <\/div><\/div>    <h2 class=\"wp-block-heading\">\u00c9quipement suppl\u00e9mentaire pour le hachoir \u00e0 viande<\/h2>    <p class=\"wp-block-paragraph\">Pour atteindre une efficacit\u00e9 plus \u00e9lev\u00e9e et une meilleure utilisation des mati\u00e8res premi\u00e8res, le hachoir \u00e0 viande peut \u00eatre utilis\u00e9 en combinaison avec notre s\u00e9parateur de viande et d'os et notre machine \u00e0 broyer les os. <\/p>    <p class=\"wp-block-paragraph translation-block\">Le <a href=\"https:\/\/meat-machine.com\/fr\/produit\/separateur-dos-de-viande\/\" data-type=\"link\" data-id=\"https:\/\/meat-machine.com\/product\/meat-bone-separator\/\">s\u00e9parateur de viande et d'os<\/a> s\u00e9pare d'abord la viande r\u00e9siduelle des os d'animaux, maximisant la r\u00e9cup\u00e9ration de la viande, tandis que le <a href=\"https:\/\/meat-machine.com\/fr\/produit\/machine-de-concassage-dos\/\" data-type=\"link\" data-id=\"https:\/\/meat-machine.com\/product\/bone-crushing-machine\/\">machine \u00e0 broyer les os<\/a> transforme les os durs en particules plus petites adapt\u00e9es \u00e0 une utilisation ult\u00e9rieure. <\/p>    <p class=\"wp-block-paragraph\">Lorsqu'il est associ\u00e9 \u00e0 la hachoir \u00e0 viande, cet \u00e9quipement suppl\u00e9mentaire forme une ligne de traitement compl\u00e8te et efficace, r\u00e9duisant les d\u00e9chets, am\u00e9liorant la qualit\u00e9 de la production et \u00e9largissant les possibilit\u00e9s d'application dans le traitement de la viande et des sous-produits.<\/p>    <figure class=\"wp-block-gallery has-nested-images columns-default is-cropped wp-block-gallery-4 is-layout-flex wp-block-gallery-is-layout-flex\"> <figure class=\"wp-block-image size-full\"><img loading=\"lazy\" decoding=\"async\" width=\"720\" height=\"540\" data-id=\"764\" src=\"https:\/\/meat-machine.com\/wp-content\/uploads\/2022\/09\/bone-crusher-machine.webp\" alt=\"machine de broyeur d&#039;os\" class=\"wp-image-764\" title=\"\" srcset=\"https:\/\/meat-machine.com\/wp-content\/uploads\/2022\/09\/bone-crusher-machine.webp 720w, https:\/\/meat-machine.com\/wp-content\/uploads\/2022\/09\/bone-crusher-machine-300x225.webp 300w, https:\/\/meat-machine.com\/wp-content\/uploads\/2022\/09\/bone-crusher-machine-16x12.webp 16w\" sizes=\"auto, (max-width: 720px) 100vw, 720px\" \/><figcaption class=\"wp-element-caption\">Machine \u00e0 broyer les os<\/figcaption><\/figure>    <figure class=\"wp-block-image size-full\"><img loading=\"lazy\" decoding=\"async\" width=\"540\" height=\"720\" data-id=\"1132\" src=\"https:\/\/meat-machine.com\/wp-content\/uploads\/2023\/05\/bone-meat-separating-machine.webp\" alt=\"machine de s\u00e9paration de la viande et des os\" class=\"wp-image-1132\" title=\"\" srcset=\"https:\/\/meat-machine.com\/wp-content\/uploads\/2023\/05\/bone-meat-separating-machine.webp 540w, https:\/\/meat-machine.com\/wp-content\/uploads\/2023\/05\/bone-meat-separating-machine-225x300.webp 225w, https:\/\/meat-machine.com\/wp-content\/uploads\/2023\/05\/bone-meat-separating-machine-9x12.webp 9w\" sizes=\"auto, (max-width: 540px) 100vw, 540px\" \/><figcaption class=\"wp-element-caption\">Machine de s\u00e9paration de viande et d'os<\/figcaption><\/figure> <\/figure>    <p class=\"wp-block-paragraph translation-block\">Le <strong>hachoir \u00e0 viande commercial<\/strong> peut \u00e9galement \u00eatre int\u00e9gr\u00e9 dans diverses lignes de traitement de la viande telles que <strong><a href=\"https:\/\/meat-machine.com\/fr\/produit\/ligne-de-transformation-de-saucisses\/\" data-type=\"link\" data-id=\"https:\/\/meat-machine.com\/product\/sausage-processing-line\/\">lignes de production de saucisses<\/a> et <a href=\"https:\/\/meat-machine.com\/fr\/produit\/meat-patty-making-machine-production-line\/\" data-type=\"link\" data-id=\"https:\/\/meat-machine.com\/product\/meat-patty-making-machine-production-line\/\">lignes de traitement de galettes de viande<\/a><\/strong>. Dans ces syst\u00e8mes, la machine est utilis\u00e9e pour moudre la viande congel\u00e9e en viande hach\u00e9e uniforme avant l'\u00e9tape suivante de traitement. <\/p>    <p class=\"wp-block-paragraph\">La viande trait\u00e9e peut ensuite \u00eatre transf\u00e9r\u00e9e automatiquement vers des \u00e9quipements tels que m\u00e9langeurs, remplisseurs ou machines de fa\u00e7onnage pour une production suppl\u00e9mentaire. <\/p>    <p class=\"wp-block-paragraph\">En travaillant en tant que partie int\u00e9grante d'une ligne de traitement compl\u00e8te, le hachoir \u00e0 viande contribue \u00e0 am\u00e9liorer l'efficacit\u00e9 de la production, \u00e0 maintenir une texture de viande coh\u00e9rente et \u00e0 soutenir la fabrication continue de produits carn\u00e9s \u00e0 grande \u00e9chelle.<\/p>    <figure class=\"wp-block-gallery has-nested-images columns-default is-cropped wp-block-gallery-5 is-layout-flex wp-block-gallery-is-layout-flex\"> <figure class=\"wp-block-image size-large\"><img loading=\"lazy\" decoding=\"async\" width=\"720\" height=\"540\" data-id=\"459\" src=\"https:\/\/meat-machine.com\/wp-content\/uploads\/2023\/08\/sausage-production-line.webp\" alt=\"\u00e9quipement de fabrication de saucisses\" class=\"wp-image-459\" title=\"\" srcset=\"https:\/\/meat-machine.com\/wp-content\/uploads\/2023\/08\/sausage-production-line.webp 720w, https:\/\/meat-machine.com\/wp-content\/uploads\/2023\/08\/sausage-production-line-300x225.webp 300w\" sizes=\"auto, (max-width: 720px) 100vw, 720px\" \/><figcaption class=\"wp-element-caption\">\u00c9quipement de fabrication de saucisses<\/figcaption><\/figure>    <figure class=\"wp-block-image size-large\"><img loading=\"lazy\" decoding=\"async\" width=\"720\" height=\"540\" data-id=\"1017\" src=\"https:\/\/meat-machine.com\/wp-content\/uploads\/2026\/02\/Meat-patty-making-machine-production-line.webp\" alt=\"Ligne de production de machines \u00e0 galettes de viande\" class=\"wp-image-1017\" title=\"\" srcset=\"https:\/\/meat-machine.com\/wp-content\/uploads\/2026\/02\/Meat-patty-making-machine-production-line.webp 720w, https:\/\/meat-machine.com\/wp-content\/uploads\/2026\/02\/Meat-patty-making-machine-production-line-300x225.webp 300w, https:\/\/meat-machine.com\/wp-content\/uploads\/2026\/02\/Meat-patty-making-machine-production-line-16x12.webp 16w\" sizes=\"auto, (max-width: 720px) 100vw, 720px\" \/><figcaption><\/figcaption><\/figure> <\/figure>    <h2 class=\"wp-block-heading\">Conclusion<\/h2>    <p class=\"wp-block-paragraph\">Si vous recherchez une solution performante et \u00e9conomique pour vos besoins de broyage de viande, nous vous invitons \u00e0 nous contacter pour un devis personnalis\u00e9. Laissez-nous vous aider \u00e0 am\u00e9liorer votre production avec nos machines \u00e0 hacher la viande de haute qualit\u00e9 !<\/p>","protected":false},"excerpt":{"rendered":"<p>La machine hachoir \u00e0 viande commerciale peut moudre efficacement de grandes quantit\u00e9s de viande pour des applications de transformation alimentaire. <\/p>","protected":false},"author":1,"featured_media":1155,"parent":0,"template":"","tags":[17],"product-type":[2],"class_list":["post-88","product","type-product","status-publish","has-post-thumbnail","hentry","tag-meat-mincer-machine","product-type-meat-cutting-machine"],"_links":{"self":[{"href":"https:\/\/meat-machine.com\/fr\/wp-json\/wp\/v2\/product\/88","targetHints":{"allow":["GET"]}}],"collection":[{"href":"https:\/\/meat-machine.com\/fr\/wp-json\/wp\/v2\/product"}],"about":[{"href":"https:\/\/meat-machine.com\/fr\/wp-json\/wp\/v2\/types\/product"}],"author":[{"embeddable":true,"href":"https:\/\/meat-machine.com\/fr\/wp-json\/wp\/v2\/users\/1"}],"wp:featuredmedia":[{"embeddable":true,"href":"https:\/\/meat-machine.com\/fr\/wp-json\/wp\/v2\/media\/1155"}],"wp:attachment":[{"href":"https:\/\/meat-machine.com\/fr\/wp-json\/wp\/v2\/media?parent=88"}],"wp:term":[{"taxonomy":"post_tag","embeddable":true,"href":"https:\/\/meat-machine.com\/fr\/wp-json\/wp\/v2\/tags?post=88"},{"taxonomy":"product-type","embeddable":true,"href":"https:\/\/meat-machine.com\/fr\/wp-json\/wp\/v2\/product-type?post=88"}],"curies":[{"name":"wp","href":"https:\/\/api.w.org\/{rel}","templated":true}]}}