{"id":77,"date":"2022-09-07T10:41:37","date_gmt":"2022-09-07T10:41:37","guid":{"rendered":"https:\/\/meat-machine.com\/?post_type=product&#038;p=77"},"modified":"2026-03-02T17:57:09","modified_gmt":"2026-03-02T09:57:09","slug":"separateur-dos-de-viande","status":"publish","type":"product","link":"https:\/\/meat-machine.com\/fr\/product\/meat-bone-separator\/","title":{"rendered":"S\u00e9parateur d'os de viande"},"content":{"rendered":"<div class=\"kk-star-ratings kksr-auto kksr-align-left kksr-valign-top\"     data-payload='{&quot;align&quot;:&quot;left&quot;,&quot;id&quot;:&quot;77&quot;,&quot;slug&quot;:&quot;default&quot;,&quot;valign&quot;:&quot;top&quot;,&quot;ignore&quot;:&quot;&quot;,&quot;reference&quot;:&quot;auto&quot;,&quot;class&quot;:&quot;&quot;,&quot;count&quot;:&quot;28&quot;,&quot;legendonly&quot;:&quot;&quot;,&quot;readonly&quot;:&quot;&quot;,&quot;score&quot;:&quot;4.7&quot;,&quot;starsonly&quot;:&quot;&quot;,&quot;best&quot;:&quot;5&quot;,&quot;gap&quot;:&quot;5&quot;,&quot;greet&quot;:&quot;Rate this product&quot;,&quot;legend&quot;:&quot;4.7\\\/5 - (28 votes)&quot;,&quot;size&quot;:&quot;24&quot;,&quot;title&quot;:&quot;Meat Bone Separator&quot;,&quot;width&quot;:&quot;133.8&quot;,&quot;_legend&quot;:&quot;{score}\\\/{best} - ({count} {votes})&quot;,&quot;font_factor&quot;:&quot;1.25&quot;}'>              <div class=\"kksr-stars\">      <div class=\"kksr-stars-inactive\">             <div class=\"kksr-star\" data-star=\"1\" style=\"padding-right: 5px\">               <div class=\"kksr-icon\" style=\"width: 24px; height: 24px;\"><\/div>         <\/div>             <div class=\"kksr-star\" data-star=\"2\" style=\"padding-right: 5px\">               <div class=\"kksr-icon\" style=\"width: 24px; height: 24px;\"><\/div>         <\/div>             <div class=\"kksr-star\" data-star=\"3\" style=\"padding-right: 5px\">               <div class=\"kksr-icon\" style=\"width: 24px; height: 24px;\"><\/div>         <\/div>             <div class=\"kksr-star\" data-star=\"4\" style=\"padding-right: 5px\">               <div class=\"kksr-icon\" style=\"width: 24px; height: 24px;\"><\/div>         <\/div>             <div class=\"kksr-star\" data-star=\"5\" style=\"padding-right: 5px\">               <div class=\"kksr-icon\" style=\"width: 24px; height: 24px;\"><\/div>         <\/div>     <\/div>      <div class=\"kksr-stars-active\" style=\"width: 133.8px;\">             <div class=\"kksr-star\" style=\"padding-right: 5px\">               <div class=\"kksr-icon\" style=\"width: 24px; height: 24px;\"><\/div>         <\/div>             <div class=\"kksr-star\" style=\"padding-right: 5px\">               <div class=\"kksr-icon\" style=\"width: 24px; height: 24px;\"><\/div>         <\/div>             <div class=\"kksr-star\" style=\"padding-right: 5px\">               <div class=\"kksr-icon\" style=\"width: 24px; height: 24px;\"><\/div>         <\/div>             <div class=\"kksr-star\" style=\"padding-right: 5px\">               <div class=\"kksr-icon\" style=\"width: 24px; height: 24px;\"><\/div>         <\/div>             <div class=\"kksr-star\" style=\"padding-right: 5px\">               <div class=\"kksr-icon\" style=\"width: 24px; height: 24px;\"><\/div>         <\/div>     <\/div> <\/div>                   <div class=\"kksr-legend\" style=\"font-size: 19.2px;\">             4,7\/5 - (28 votes)    <\/div>     <\/div>  <p class=\"wp-block-paragraph translation-block\">Le <strong>S\u00e9parateur d'os et de viande<\/strong> peut <strong>s\u00e9parer la viande r\u00e9siduelle des os<\/strong>, am\u00e9liorant l'utilisation des mati\u00e8res premi\u00e8res et r\u00e9duisant les co\u00fbts de production. Il utilise une extrusion m\u00e9canique pour s\u00e9parer efficacement <strong>p\u00e2te de viande et r\u00e9sidu d'os<\/strong>. <\/p>    <p class=\"wp-block-paragraph translation-block\">Cette machine est <strong>sp\u00e9cialement con\u00e7ue pour les mati\u00e8res premi\u00e8res de volailles (poulet et canard) et de poissons<\/strong>, y compris les cadres de poulet, les cous de poulet, le cartilage de poulet, les cadres de canard, les os de poisson, et mat\u00e9riaux similaires. <\/p>    <p class=\"wp-block-paragraph\">La p\u00e2te de viande s\u00e9par\u00e9e est adapt\u00e9e \u00e0 une transformation ult\u00e9rieure en saucisses, boulettes, galettes, produits surimi et autres aliments transform\u00e9s, tandis que le r\u00e9sidu d'os peut \u00eatre r\u00e9utilis\u00e9 pour l'alimentation ou une transformation suppl\u00e9mentaire. <\/p>    <p class=\"wp-block-paragraph translation-block\">Le s\u00e9parateur de viande et d'os est disponible en <strong>trois mod\u00e8les<\/strong>, avec une <strong>capacit\u00e9 allant de 300 \u00e0 1200 kg\/h<\/strong>, ce qui le rend adapt\u00e9 aux petites et moyennes usines de transformation de viande.<\/p>    <figure class=\"wp-block-embed is-type-video is-provider-youtube wp-block-embed-youtube wp-embed-aspect-9-16 wp-has-aspect-ratio\"><div class=\"wp-block-embed__wrapper\"> <iframe loading=\"lazy\" title=\"Vid\u00e9o de fonctionnement du s\u00e9parateur de viande et d&#039;os | Usine de traitement #os #viande #transformationalimentaire\" width=\"422\" height=\"750\" src=\"https:\/\/www.youtube.com\/embed\/f45DGjWDgkM?feature=oembed\" frameborder=\"0\" allow=\"accelerometer; autoplay; clipboard-write; encrypted-media; gyroscope; picture-in-picture; web-share\" referrerpolicy=\"strict-origin-when-cross-origin\" allowfullscreen><\/iframe> <\/div><figcaption class=\"wp-element-caption\">Vid\u00e9o de fonctionnement du s\u00e9parateur de viande et d'os<\/figcaption><\/figure>    <h2 class=\"wp-block-heading\">Mat\u00e9riaux adapt\u00e9s pour le s\u00e9parateur d'os et de viande<\/h2>    <p class=\"wp-block-paragraph translation-block\">Le <strong>s\u00e9parateur d'os et de viande<\/strong> est principalement con\u00e7u pour <strong>les mati\u00e8res premi\u00e8res de volailles et de petits animaux<\/strong>, y compris <strong>poulet, canard, oie, poisson, et lapin<\/strong>. Il n'est <strong>pas adapt\u00e9 pour les os durs comme ceux de bovins ou d'ovins<\/strong>. <\/p>    <p class=\"wp-block-paragraph translation-block\">Pour une efficacit\u00e9 optimale de s\u00e9paration et de r\u00e9cup\u00e9ration de viande, la temp\u00e9rature de traitement recommand\u00e9e pour les mati\u00e8res premi\u00e8res de volailles est <strong>\u20132\u00b0C \u00e0 \u20138\u00b0C<\/strong>, car les mat\u00e9riaux semi-frais garantissent une meilleure texture et une s\u00e9paration plus propre. Les mati\u00e8res premi\u00e8res fra\u00eeches peuvent \u00e9galement \u00eatre trait\u00e9es, mais la volaille semi-froide offre une performance plus stable et une viande hach\u00e9e de meilleure qualit\u00e9.<\/p>    <figure class=\"wp-block-gallery has-nested-images columns-default is-cropped wp-block-gallery-2 is-layout-flex wp-block-gallery-is-layout-flex\"> <figure class=\"wp-block-image size-large\"><img loading=\"lazy\" decoding=\"async\" width=\"720\" height=\"540\" data-id=\"1095\" src=\"https:\/\/meat-machine.com\/wp-content\/uploads\/2022\/09\/chicken.webp\" alt=\"poulet\" class=\"wp-image-1095\" title=\"\" srcset=\"https:\/\/meat-machine.com\/wp-content\/uploads\/2022\/09\/chicken.webp 720w, https:\/\/meat-machine.com\/wp-content\/uploads\/2022\/09\/chicken-300x225.webp 300w, https:\/\/meat-machine.com\/wp-content\/uploads\/2022\/09\/chicken-16x12.webp 16w\" sizes=\"auto, (max-width: 720px) 100vw, 720px\" \/><figcaption class=\"wp-element-caption\">Poulet<\/figcaption><\/figure>    <figure class=\"wp-block-image size-large\"><img loading=\"lazy\" decoding=\"async\" width=\"720\" height=\"540\" data-id=\"1096\" src=\"https:\/\/meat-machine.com\/wp-content\/uploads\/2022\/09\/duck.webp\" alt=\"duck\" class=\"wp-image-1096\" title=\"\" srcset=\"https:\/\/meat-machine.com\/wp-content\/uploads\/2022\/09\/duck.webp 720w, https:\/\/meat-machine.com\/wp-content\/uploads\/2022\/09\/duck-300x225.webp 300w, https:\/\/meat-machine.com\/wp-content\/uploads\/2022\/09\/duck-16x12.webp 16w\" sizes=\"auto, (max-width: 720px) 100vw, 720px\" \/><figcaption class=\"wp-element-caption\">Canard<\/figcaption><\/figure> <\/figure>    <h2 id=\"h-working-principle-of-meat-bone-separator\" class=\"wp-block-heading\">Comment fonctionne le s\u00e9parateur de viande et d'os ?<\/h2>    <div class=\"wp-block-media-text is-stacked-on-mobile\"><figure class=\"wp-block-media-text__media\"><img loading=\"lazy\" decoding=\"async\" width=\"540\" height=\"720\" src=\"https:\/\/meat-machine.com\/wp-content\/uploads\/2022\/09\/Meat-Bone-Separator-sale.webp\" alt=\"Vente de s\u00e9parateur de viande et d&#039;os\" class=\"wp-image-1081 size-full\" title=\"\" srcset=\"https:\/\/meat-machine.com\/wp-content\/uploads\/2022\/09\/Meat-Bone-Separator-sale.webp 540w, https:\/\/meat-machine.com\/wp-content\/uploads\/2022\/09\/Meat-Bone-Separator-sale-225x300.webp 225w, https:\/\/meat-machine.com\/wp-content\/uploads\/2022\/09\/Meat-Bone-Separator-sale-9x12.webp 9w\" sizes=\"auto, (max-width: 540px) 100vw, 540px\" \/><\/figure><div class=\"wp-block-media-text__content\"> <ul class=\"wp-block-list\"> <li><strong>Alimentation en mat\u00e9riaux<\/strong> <ul class=\"wp-block-list\"> <li>La viande crue de volaille ou de poisson avec os est introduite dans la machine via l'entr\u00e9e d'alimentation.<\/li> <\/ul> <\/li>    <li><strong>Transport par vis<\/strong> <ul class=\"wp-block-list\"> <li>Une vis rotative pousse continuellement le mat\u00e9riau vers l'avant dans la chambre de s\u00e9paration de la viande et des os.<\/li> <\/ul> <\/li>    <li><strong>Pressage m\u00e9canique et broyage<\/strong> <ul class=\"wp-block-list\"> <li>Mue par le moteur, la vis de pressage g\u00e9n\u00e8re une forte pression, broyant la viande et les os en morceaux plus petits.<\/li> <\/ul> <\/li> <\/ul> <\/div><\/div>    <div class=\"wp-block-media-text has-media-on-the-right is-stacked-on-mobile\"><div class=\"wp-block-media-text__content\"> <ul class=\"wp-block-list\"> <li><strong>Filtration &amp; S\u00e9paration<\/strong> <ul class=\"wp-block-list\"> <li>La viande hach\u00e9e est press\u00e9e \u00e0 travers les fines ouvertures du filtre, tandis que les particules d'os sont retenues.<\/li> <\/ul> <\/li>    <li><strong>D\u00e9charge de viande<\/strong> <ul class=\"wp-block-list\"> <li>La viande hach\u00e9e s\u00e9par\u00e9e est \u00e9vacu\u00e9e en douceur depuis la sortie de viande hach\u00e9e.<\/li> <\/ul> <\/li>    <li><strong>\u00c9vacuation des r\u00e9sidus d'os<\/strong> <ul class=\"wp-block-list\"> <li>Les d\u00e9bris d'os sont expuls\u00e9s par une sortie s\u00e9par\u00e9e, compl\u00e9tant le processus de s\u00e9paration de la viande et des os.<\/li> <\/ul> <\/li> <\/ul> <\/div><figure class=\"wp-block-media-text__media\"><img loading=\"lazy\" decoding=\"async\" width=\"540\" height=\"720\" src=\"https:\/\/meat-machine.com\/wp-content\/uploads\/2022\/09\/Meat-Bone-Separator-price.webp\" alt=\"Prix du s\u00e9parateur de viande et d&#039;os\" class=\"wp-image-1082 size-full\" title=\"\" srcset=\"https:\/\/meat-machine.com\/wp-content\/uploads\/2022\/09\/Meat-Bone-Separator-price.webp 540w, https:\/\/meat-machine.com\/wp-content\/uploads\/2022\/09\/Meat-Bone-Separator-price-225x300.webp 225w, https:\/\/meat-machine.com\/wp-content\/uploads\/2022\/09\/Meat-Bone-Separator-price-9x12.webp 9w\" sizes=\"auto, (max-width: 540px) 100vw, 540px\" \/><\/figure><\/div>    <h2 id=\"h-working-video-of-poultry-deboning-machine\" class=\"wp-block-heading\">Avantages du s\u00e9parateur de viande et d'os<\/h2>    <div class=\"wp-block-media-text is-stacked-on-mobile\"><figure class=\"wp-block-media-text__media\"><img loading=\"lazy\" decoding=\"async\" width=\"540\" height=\"720\" src=\"https:\/\/meat-machine.com\/wp-content\/uploads\/2022\/09\/bone-and-meat-separator-factory.webp\" alt=\"usine de s\u00e9parateur d&#039;os et de viande\" class=\"wp-image-1087 size-full\" title=\"\" srcset=\"https:\/\/meat-machine.com\/wp-content\/uploads\/2022\/09\/bone-and-meat-separator-factory.webp 540w, https:\/\/meat-machine.com\/wp-content\/uploads\/2022\/09\/bone-and-meat-separator-factory-225x300.webp 225w, https:\/\/meat-machine.com\/wp-content\/uploads\/2022\/09\/bone-and-meat-separator-factory-9x12.webp 9w\" sizes=\"auto, (max-width: 540px) 100vw, 540px\" \/><\/figure><div class=\"wp-block-media-text__content\"> <ul class=\"wp-block-list\"> <li><strong>Haute efficacit\u00e9 &amp; \u00e9conomie d'\u00e9nergie<\/strong> \u2013 Design compact avec faible consommation d'\u00e9nergie, capable de traiter jusqu'\u00e0 1200 kg\/h tout en maintenant une sortie stable.<\/li>    <li><strong>Structure en acier inoxydable durable<\/strong> \u2013 Toutes les pi\u00e8ces en contact avec les aliments et le corps principal sont en acier inoxydable de haute qualit\u00e9, respectant les normes d'hygi\u00e8ne alimentaire et assurant une longue dur\u00e9e de vie.<\/li>    <li><strong>Fonctionnement stable et fiable<\/strong> \u2013 Transmission par engrenages enti\u00e8rement ferm\u00e9e assurant un fonctionnement fluide, un bruit r\u00e9duit, et une performance fiable.<\/li> <\/ul> <\/div><\/div>    <div class=\"wp-block-media-text has-media-on-the-right is-stacked-on-mobile\"><div class=\"wp-block-media-text__content\"> <ul class=\"wp-block-list\"> <li><strong>Qualit\u00e9 de viande sup\u00e9rieure<\/strong> \u2013 Produit une viande hach\u00e9e fine avec un minimum de dommages aux fibres et sans r\u00e9sidu d'os, am\u00e9liorant la texture du produit final.<\/li>    <li><strong>Facilit\u00e9 d'utilisation et d'entretien<\/strong> \u2013 Structure simple, op\u00e9ration conviviale, nettoyage pratique, r\u00e9duction des temps d'arr\u00eat et des co\u00fbts de main-d'\u0153uvre.<\/li>    <li><strong>Conception s\u00fbre et hygi\u00e9nique<\/strong> \u2013 Surfaces lisses sans coins morts, emp\u00eachant l'accumulation de salet\u00e9 et garantissant la s\u00e9curit\u00e9 de l'op\u00e9rateur.<\/li>    <li><strong>Large gamme d'applications<\/strong> \u2013 Convient pour une utilisation comme machine de d\u00e9sossage de volailles, s\u00e9parateur de viande de poisson, et autres applications de s\u00e9paration de viande \u00e0 os mous.<\/li> <\/ul> <\/div><figure class=\"wp-block-media-text__media\"><img loading=\"lazy\" decoding=\"async\" width=\"540\" height=\"720\" src=\"https:\/\/meat-machine.com\/wp-content\/uploads\/2022\/09\/chicken-deboning-machine-sale.webp\" alt=\"Vente de machine de d\u00e9sossage de poulet\" class=\"wp-image-1088 size-full\" title=\"\" srcset=\"https:\/\/meat-machine.com\/wp-content\/uploads\/2022\/09\/chicken-deboning-machine-sale.webp 540w, https:\/\/meat-machine.com\/wp-content\/uploads\/2022\/09\/chicken-deboning-machine-sale-225x300.webp 225w, https:\/\/meat-machine.com\/wp-content\/uploads\/2022\/09\/chicken-deboning-machine-sale-9x12.webp 9w\" sizes=\"auto, (max-width: 540px) 100vw, 540px\" \/><\/figure><\/div>    <h2 id=\"h-machine-parameters\" class=\"wp-block-heading\">Param\u00e8tres de la machine de d\u00e9sossage de poulet<\/h2>    <figure class=\"wp-block-table\"><table class=\"has-fixed-layout\"><thead><tr><th>Mod\u00e8le<\/th><th>Tension<\/th><th>Pouvoir<\/th><th>Capacit\u00e9<\/th><th>Dimensions (mm)<\/th><th>Poids de la machine<\/th><\/tr><\/thead><tbody><tr><td>TZ-300<\/td><td>380V 50Hz 3 phases<\/td><td>7,5 kW<\/td><td>300\u2013500 kg\/h<\/td><td>1400 \u00d7 650 \u00d7 980<\/td><td>400 kg<\/td><\/tr><tr><td>TZ-500<\/td><td>380V 50Hz 3 phases<\/td><td>8 kW<\/td><td>600\u2013800 kg\/h<\/td><td>1500 \u00d7 660 \u00d7 980<\/td><td>600 kg<\/td><\/tr><tr><td>TZ-1000<\/td><td>380V 50Hz<\/td><td>13\u201316 kW<\/td><td>1000\u20131200 kg\/h<\/td><td>2100 \u00d7 780 \u00d7 1430<\/td><td>1100 kg<\/td><\/tr><\/tbody><\/table><figcaption class=\"wp-element-caption\">Param\u00e8tres du s\u00e9parateur de viande et d'os<\/figcaption><\/figure>    <h2 class=\"wp-block-heading\">Composants principaux du s\u00e9parateur d'os et de viande &amp; configuration mat\u00e9rielle<\/h2>    <div class=\"wp-block-media-text is-stacked-on-mobile\"><figure class=\"wp-block-media-text__media\"><img loading=\"lazy\" decoding=\"async\" width=\"540\" height=\"720\" src=\"https:\/\/meat-machine.com\/wp-content\/uploads\/2022\/09\/bone-meat-separating-machine-supplier.webp\" alt=\"fournisseur de machine de s\u00e9paration d&#039;os et de viande\" class=\"wp-image-1091 size-full\" title=\"\" srcset=\"https:\/\/meat-machine.com\/wp-content\/uploads\/2022\/09\/bone-meat-separating-machine-supplier.webp 540w, https:\/\/meat-machine.com\/wp-content\/uploads\/2022\/09\/bone-meat-separating-machine-supplier-225x300.webp 225w, https:\/\/meat-machine.com\/wp-content\/uploads\/2022\/09\/bone-meat-separating-machine-supplier-9x12.webp 9w\" sizes=\"auto, (max-width: 540px) 100vw, 540px\" \/><\/figure><div class=\"wp-block-media-text__content\"> <ul class=\"wp-block-list\"> <li><strong>Moteur<\/strong>: Moteur \u00e0 noyau en cuivre pur domestique, sans inspection, performance stable, et longue dur\u00e9e de vie.<\/li>    <li><strong>R\u00e9ducteur<\/strong>: R\u00e9ducteur de surface \u00e0 dents lourdes auto-d\u00e9velopp\u00e9, adapt\u00e9 \u00e0 une op\u00e9ration continue \u00e0 haute charge.<\/li>    <li><strong>Contr\u00f4le \u00e9lectrique<\/strong>: Syst\u00e8me de contr\u00f4le \u00e9lectrique fiable pour un fonctionnement s\u00fbr et stable de la machine.<\/li>    <li><strong>Roulements<\/strong>: Roulements de haute qualit\u00e9 assurant un fonctionnement fluide et une durabilit\u00e9 prolong\u00e9e.<\/li>    <li><strong>M\u00e9thode de d\u00e9charge<\/strong>: D\u00e9charge par pipeline enti\u00e8rement ferm\u00e9e, hygi\u00e9nique et sans fuite.<\/li>    <li><strong>Mat\u00e9riel<\/strong>: Toutes les pi\u00e8ces en contact avec les mati\u00e8res premi\u00e8res, ainsi que le cadre ext\u00e9rieur et le bo\u00eetier, sont en acier inoxydable pour la r\u00e9sistance \u00e0 la corrosion et la facilit\u00e9 de nettoyage.<\/li> <\/ul> <\/div><\/div>    <h2 id=\"h-application-scope-of-poultry-deboning-machine\" class=\"wp-block-heading\">Champ d'application du machine de s\u00e9paration de viande et d'os<\/h2>    <p class=\"wp-block-paragraph translation-block\">Le machine de s\u00e9paration de viande et d'os est largement utilis\u00e9 dans <strong>les usines de transformation de viande<\/strong>, y compris <strong>la production de boulettes et de saucisses<\/strong>, comme la saucisse de jambon de porc, la saucisse r\u00f4tie ta\u00efwanaise, la viande en conserve, et les frankfurters. <\/p>    <p class=\"wp-block-paragraph translation-block\">Le mat\u00e9riau d'os restant peut \u00eatre transform\u00e9 en <strong>soupe d'os, aliment pour animaux, poudre d'os, ou base de soupe<\/strong>, \u00e9liminant le besoin d'\u00e9quipement s\u00e9par\u00e9 de broyage d'os.<\/p>    <figure class=\"wp-block-image size-full\"><img loading=\"lazy\" decoding=\"async\" width=\"720\" height=\"540\" src=\"https:\/\/meat-machine.com\/wp-content\/uploads\/2022\/09\/meat-1.webp\" alt=\"viande\" class=\"wp-image-1090\" title=\"\" srcset=\"https:\/\/meat-machine.com\/wp-content\/uploads\/2022\/09\/meat-1.webp 720w, https:\/\/meat-machine.com\/wp-content\/uploads\/2022\/09\/meat-1-300x225.webp 300w, https:\/\/meat-machine.com\/wp-content\/uploads\/2022\/09\/meat-1-16x12.webp 16w\" sizes=\"auto, (max-width: 720px) 100vw, 720px\" \/><figcaption class=\"wp-element-caption\">Viande<\/figcaption><\/figure>    <h2 class=\"wp-block-heading\">Conclusion<\/h2>    <p class=\"wp-block-paragraph translation-block\">Le <strong>S\u00e9parateur d'os et de viande<\/strong> est une solution id\u00e9ale pour les transformateurs cherchant \u00e0 <strong>augmenter le rendement en viande, am\u00e9liorer la qualit\u00e9 du produit, et r\u00e9duire le gaspillage de mati\u00e8res premi\u00e8res<\/strong> avec une performance stable et hygi\u00e9nique. <\/p>    <p class=\"wp-block-paragraph translation-block\">Si vous recherchez un s\u00e9parateur d'os et de viande \u00e9conomique et durable, <strong>n'h\u00e9sitez pas \u00e0 <a href=\"https:\/\/meat-machine.com\/fr\/contactez-nous\/\" data-type=\"link\" data-id=\"https:\/\/meat-machine.com\/contact-us\/\">nous contacter<\/a> pour des sp\u00e9cifications d\u00e9taill\u00e9es, des prix, et des solutions personnalis\u00e9es<\/strong>. <\/p>","protected":false},"excerpt":{"rendered":"<p>Le s\u00e9parateur de viande et d'os peut s\u00e9parer la viande r\u00e9siduelle des os, am\u00e9liorant l'utilisation des mati\u00e8res premi\u00e8res et r\u00e9duisant les co\u00fbts de production. Il utilise une extrusion m\u00e9canique pour s\u00e9parer efficacement la p\u00e2te de viande et le r\u00e9sidu d'os. <\/p>","protected":false},"author":1,"featured_media":1080,"parent":0,"template":"","tags":[21],"product-type":[3],"class_list":["post-77","product","type-product","status-publish","has-post-thumbnail","hentry","tag-meat-bone-separator","product-type-bone-grinder"],"_links":{"self":[{"href":"https:\/\/meat-machine.com\/fr\/wp-json\/wp\/v2\/product\/77","targetHints":{"allow":["GET"]}}],"collection":[{"href":"https:\/\/meat-machine.com\/fr\/wp-json\/wp\/v2\/product"}],"about":[{"href":"https:\/\/meat-machine.com\/fr\/wp-json\/wp\/v2\/types\/product"}],"author":[{"embeddable":true,"href":"https:\/\/meat-machine.com\/fr\/wp-json\/wp\/v2\/users\/1"}],"wp:featuredmedia":[{"embeddable":true,"href":"https:\/\/meat-machine.com\/fr\/wp-json\/wp\/v2\/media\/1080"}],"wp:attachment":[{"href":"https:\/\/meat-machine.com\/fr\/wp-json\/wp\/v2\/media?parent=77"}],"wp:term":[{"taxonomy":"post_tag","embeddable":true,"href":"https:\/\/meat-machine.com\/fr\/wp-json\/wp\/v2\/tags?post=77"},{"taxonomy":"product-type","embeddable":true,"href":"https:\/\/meat-machine.com\/fr\/wp-json\/wp\/v2\/product-type?post=77"}],"curies":[{"name":"wp","href":"https:\/\/api.w.org\/{rel}","templated":true}]}}