{"id":631,"date":"2024-07-24T15:05:18","date_gmt":"2024-07-24T07:05:18","guid":{"rendered":"https:\/\/meat-machine.com\/?post_type=product&#038;p=631"},"modified":"2026-02-28T14:36:24","modified_gmt":"2026-02-28T06:36:24","slug":"machine-de-concassage-dos","status":"publish","type":"product","link":"https:\/\/meat-machine.com\/fr\/product\/bone-crushing-machine\/","title":{"rendered":"Machine \u00e0 broyer et \u00e0 broyer les os"},"content":{"rendered":"<div class=\"kk-star-ratings kksr-auto kksr-align-left kksr-valign-top\"     data-payload='{&quot;align&quot;:&quot;left&quot;,&quot;id&quot;:&quot;631&quot;,&quot;slug&quot;:&quot;default&quot;,&quot;valign&quot;:&quot;top&quot;,&quot;ignore&quot;:&quot;&quot;,&quot;reference&quot;:&quot;auto&quot;,&quot;class&quot;:&quot;&quot;,&quot;count&quot;:&quot;30&quot;,&quot;legendonly&quot;:&quot;&quot;,&quot;readonly&quot;:&quot;&quot;,&quot;score&quot;:&quot;4.6&quot;,&quot;starsonly&quot;:&quot;&quot;,&quot;best&quot;:&quot;5&quot;,&quot;gap&quot;:&quot;5&quot;,&quot;greet&quot;:&quot;Rate this product&quot;,&quot;legend&quot;:&quot;4.6\\\/5 - (30 votes)&quot;,&quot;size&quot;:&quot;24&quot;,&quot;title&quot;:&quot;Bone crusher and grinder machine&quot;,&quot;width&quot;:&quot;130.9&quot;,&quot;_legend&quot;:&quot;{score}\\\/{best} - ({count} {votes})&quot;,&quot;font_factor&quot;:&quot;1.25&quot;}'>              <div class=\"kksr-stars\">      <div class=\"kksr-stars-inactive\">             <div class=\"kksr-star\" data-star=\"1\" style=\"padding-right: 5px\">               <div class=\"kksr-icon\" style=\"width: 24px; height: 24px;\"><\/div>         <\/div>             <div class=\"kksr-star\" data-star=\"2\" style=\"padding-right: 5px\">               <div class=\"kksr-icon\" style=\"width: 24px; height: 24px;\"><\/div>         <\/div>             <div class=\"kksr-star\" data-star=\"3\" style=\"padding-right: 5px\">               <div class=\"kksr-icon\" style=\"width: 24px; height: 24px;\"><\/div>         <\/div>             <div class=\"kksr-star\" data-star=\"4\" style=\"padding-right: 5px\">               <div class=\"kksr-icon\" style=\"width: 24px; height: 24px;\"><\/div>         <\/div>             <div class=\"kksr-star\" data-star=\"5\" style=\"padding-right: 5px\">               <div class=\"kksr-icon\" style=\"width: 24px; height: 24px;\"><\/div>         <\/div>     <\/div>      <div class=\"kksr-stars-active\" style=\"width: 130.9px;\">             <div class=\"kksr-star\" style=\"padding-right: 5px\">               <div class=\"kksr-icon\" style=\"width: 24px; height: 24px;\"><\/div>         <\/div>             <div class=\"kksr-star\" style=\"padding-right: 5px\">               <div class=\"kksr-icon\" style=\"width: 24px; height: 24px;\"><\/div>         <\/div>             <div class=\"kksr-star\" style=\"padding-right: 5px\">               <div class=\"kksr-icon\" style=\"width: 24px; height: 24px;\"><\/div>         <\/div>             <div class=\"kksr-star\" style=\"padding-right: 5px\">               <div class=\"kksr-icon\" style=\"width: 24px; height: 24px;\"><\/div>         <\/div>             <div class=\"kksr-star\" style=\"padding-right: 5px\">               <div class=\"kksr-icon\" style=\"width: 24px; height: 24px;\"><\/div>         <\/div>     <\/div> <\/div>                   <div class=\"kksr-legend\" style=\"font-size: 19.2px;\">             4,6\/5 - (30 votes)    <\/div>     <\/div>  <p class=\"wp-block-paragraph translation-block\">La <strong>machine de broyage et de concassage d'os<\/strong> avec une capacit\u00e9 de <strong>200\u2013400 kg\/h<\/strong> peut broyer et r\u00e9duire efficacement les os d'animaux en <strong>petites particules<\/strong>, ce qui la rend adapt\u00e9e au traitement des os humides. Lors du traitement <strong>d'os frais (humides)<\/strong>, la taille finale des particules est g\u00e9n\u00e9ralement <strong>de 3 \u00e0 4 mm<\/strong>, avec des r\u00e9sultats uniformes et stables.<\/p>    <p class=\"wp-block-paragraph\">Cette machine int\u00e8gre les fonctions de broyage et de concassage en une seule unit\u00e9, garantissant une haute efficacit\u00e9, une production constante et une r\u00e9duction de l'intensit\u00e9 de travail. Elle fonctionne en douceur et supporte une production continue pour des besoins de traitement de petite \u00e0 moyenne \u00e9chelle.<\/p>    <p class=\"wp-block-paragraph\">La machine est largement utilis\u00e9e dans l'industrie de la transformation alimentaire, la production d'aliments pour animaux de compagnie, la fabrication d'aliments pour animaux, le traitement des fertilisants et le recyclage des os. Les mat\u00e9riaux appropri\u00e9s incluent les os de porc, de b\u0153uf, de poulet, de poisson et d'autres os d'animaux. Con\u00e7ue en acier inoxydable, elle r\u00e9pond aux normes d'hygi\u00e8ne, est facile \u00e0 nettoyer et offre une performance fiable \u00e0 long terme.<\/p>    <figure class=\"wp-block-embed is-type-video is-provider-youtube wp-block-embed-youtube wp-embed-aspect-9-16 wp-has-aspect-ratio\"><div class=\"wp-block-embed__wrapper\"> <iframe loading=\"lazy\" title=\"Processus de fonctionnement de la machine de broyage et de concassage d&#039;os | Puissant broyage d&#039;os #os #broyeur #broyage\" width=\"422\" height=\"750\" src=\"https:\/\/www.youtube.com\/embed\/FAYbi7X99Ls?feature=oembed\" frameborder=\"0\" allow=\"accelerometer; autoplay; clipboard-write; encrypted-media; gyroscope; picture-in-picture; web-share\" referrerpolicy=\"strict-origin-when-cross-origin\" allowfullscreen><\/iframe> <\/div><figcaption class=\"wp-element-caption\">Vid\u00e9o de fonctionnement de la machine \u00e0 broyer et \u00e0 \u00e9craser les os<\/figcaption><\/figure>    <h2 class=\"wp-block-heading\">Avantages de la machine \u00e0 broyer et \u00e0 \u00e9craser les os<\/h2>    <ol class=\"wp-block-list\"> <li><strong>Construction en acier inoxydable<\/strong>. Fabriqu\u00e9 en acier inoxydable 304 de qualit\u00e9 alimentaire pour plus de r\u00e9sistance et de durabilit\u00e9.<\/li>    <li><strong>\u00c9cran rempla\u00e7able<\/strong>. Permet plusieurs tailles de particules, avec une taille de concassage minimale de 3 mm.<\/li>    <li><strong>Lames de haute qualit\u00e9<\/strong>. Les lames SKD-11 offrent une r\u00e9sistance \u00e0 l'usure et une longue dur\u00e9e de vie.<\/li>    <li><strong>Convoyeur \u00e0 vis<\/strong>. Emp\u00eache le bourrage de mat\u00e9riau pour un fonctionnement fluide.<\/li>    <li><strong>Protection contre les surcharges<\/strong>. \u00c9quip\u00e9 d'un dispositif de protection contre les surcharges pour un fonctionnement s\u00fbr et s\u00e9curis\u00e9 de la machine.<\/li>    <li><strong>Large gamme d'applications<\/strong>. Capable de broyer divers os de volailles et d'animaux.<\/li> <\/ol>    <figure class=\"wp-block-gallery has-nested-images columns-default is-cropped wp-block-gallery-2 is-layout-flex wp-block-gallery-is-layout-flex\"> <figure class=\"wp-block-image size-large\"><img loading=\"lazy\" decoding=\"async\" width=\"540\" height=\"720\" data-id=\"643\" src=\"https:\/\/meat-machine.com\/wp-content\/uploads\/2024\/07\/screen.webp\" alt=\"\u00e9cran\" class=\"wp-image-643\" title=\"\" srcset=\"https:\/\/meat-machine.com\/wp-content\/uploads\/2024\/07\/screen.webp 540w, https:\/\/meat-machine.com\/wp-content\/uploads\/2024\/07\/screen-225x300.webp 225w, https:\/\/meat-machine.com\/wp-content\/uploads\/2024\/07\/screen-9x12.webp 9w\" sizes=\"auto, (max-width: 540px) 100vw, 540px\" \/><figcaption class=\"wp-element-caption\">\u00c9cran<\/figcaption><\/figure>    <figure class=\"wp-block-image size-large\"><img loading=\"lazy\" decoding=\"async\" width=\"540\" height=\"720\" data-id=\"644\" src=\"https:\/\/meat-machine.com\/wp-content\/uploads\/2024\/07\/screw-conveyor-shaft.webp\" alt=\"arbre de vis sans fin\" class=\"wp-image-644\" title=\"\" srcset=\"https:\/\/meat-machine.com\/wp-content\/uploads\/2024\/07\/screw-conveyor-shaft.webp 540w, https:\/\/meat-machine.com\/wp-content\/uploads\/2024\/07\/screw-conveyor-shaft-225x300.webp 225w, https:\/\/meat-machine.com\/wp-content\/uploads\/2024\/07\/screw-conveyor-shaft-9x12.webp 9w\" sizes=\"auto, (max-width: 540px) 100vw, 540px\" \/><figcaption class=\"wp-element-caption\">Arbre de convoyeur \u00e0 vis<\/figcaption><\/figure>    <figure class=\"wp-block-image size-large\"><img loading=\"lazy\" decoding=\"async\" width=\"540\" height=\"720\" data-id=\"633\" src=\"https:\/\/meat-machine.com\/wp-content\/uploads\/2024\/07\/blades.webp\" alt=\"lames\" class=\"wp-image-633\" title=\"\" srcset=\"https:\/\/meat-machine.com\/wp-content\/uploads\/2024\/07\/blades.webp 540w, https:\/\/meat-machine.com\/wp-content\/uploads\/2024\/07\/blades-225x300.webp 225w, https:\/\/meat-machine.com\/wp-content\/uploads\/2024\/07\/blades-9x12.webp 9w\" sizes=\"auto, (max-width: 540px) 100vw, 540px\" \/><figcaption class=\"wp-element-caption\">Lames<\/figcaption><\/figure> <\/figure>    <h2 class=\"wp-block-heading\">Applications du broyeur et de la machine \u00e0 broyer les os d'animaux<\/h2>    <p class=\"wp-block-paragraph translation-block\">La <strong>broyeuse et r\u00e2peuse d'os d'animaux Taizy<\/strong> est con\u00e7ue pour traiter une grande vari\u00e9t\u00e9 d'os d'animaux et de volaille. C'est un outil polyvalent qui peut traiter les <a href=\"https:\/\/en.wikipedia.org\/wiki\/Bone\" data-type=\"link\" data-id=\"https:\/\/en.wikipedia.org\/wiki\/Bone\" target=\"_blank\" rel=\"noopener\">os<\/a> suivants :<\/p>    <ul class=\"wp-block-list\"> <li>Os de poulet, Os de canard, Os de vache, Ar\u00eates de poisson, Os de mouton, Os de porc, Os de dinde, Os de lapin, Os de cerf, Os d'autres animaux et volailles<\/li> <\/ul>    <p class=\"wp-block-paragraph\">Cette machine est largement utilis\u00e9e dans diverses industries, gr\u00e2ce \u00e0 sa capacit\u00e9 \u00e0 broyer efficacement diff\u00e9rents types d'os. Les applications cl\u00e9s incluent\u00a0:<\/p>    <div class=\"wp-block-media-text is-stacked-on-mobile\"><figure class=\"wp-block-media-text__media\"><img loading=\"lazy\" decoding=\"async\" width=\"720\" height=\"540\" src=\"https:\/\/meat-machine.com\/wp-content\/uploads\/2023\/01\/poultry-bones-and-livestock-bones.webp\" alt=\"os de volaille et os de b\u00e9tail\" class=\"wp-image-277 size-full\" title=\"\" srcset=\"https:\/\/meat-machine.com\/wp-content\/uploads\/2023\/01\/poultry-bones-and-livestock-bones.webp 720w, https:\/\/meat-machine.com\/wp-content\/uploads\/2023\/01\/poultry-bones-and-livestock-bones-300x225.webp 300w\" sizes=\"auto, (max-width: 720px) 100vw, 720px\" \/><\/figure><div class=\"wp-block-media-text__content\"> <ul class=\"wp-block-list\"> <li><strong>Usines de transformation de la viande<\/strong>. La machine est essentielle pour traiter les restes d\u2019os issus de la production de viande.<\/li>    <li><strong>Usines de fabrication d'aliments pour animaux de compagnie<\/strong>. Utilis\u00e9 pour produire de la farine d\u2019os destin\u00e9e \u00e0 la production d\u2019aliments pour animaux de compagnie.<\/li>    <li><strong>Usines de fabrication de farine d'os<\/strong>. Id\u00e9al pour cr\u00e9er de la poudre d'os fine utilis\u00e9e dans les engrais.<\/li> <\/ul> <\/div><\/div>    <p class=\"wp-block-paragraph\">Si vous ne savez pas si vos mati\u00e8res premi\u00e8res sont compatibles avec la machine de broyage et de broyage d'os d'animaux Taizy, n'h\u00e9sitez pas \u00e0 nous contacter via le formulaire de contact situ\u00e9 dans le coin inf\u00e9rieur droit. Nous sommes heureux de vous aider\u00a0!<\/p>    <h2 class=\"wp-block-heading\">Comment fonctionne le broyeur et le broyeur d'os d'animaux\u00a0?<\/h2>    <p class=\"wp-block-paragraph translation-block\">La <strong>broyeuse et r\u00e2peuse d'os<\/strong> est con\u00e7ue pour traiter efficacement les os en fines particules. Voici une description \u00e9tape par \u00e9tape de son fonctionnement :<\/p>    <div class=\"wp-block-media-text has-media-on-the-right is-stacked-on-mobile\"><div class=\"wp-block-media-text__content\"> <ul class=\"wp-block-list\"> <li>Les os sont introduits dans la machine par un goulot d'alimentation d\u00e9sign\u00e9.<\/li>    <li>Dans le syst\u00e8me de broyage primaire, des lames \u00e0 haute vitesse broient de gros os en morceaux plus petits.<\/li>    <li>Les petits morceaux entrent ensuite dans le syst\u00e8me de broyage fin pour \u00eatre r\u00e9duits en particules de 3 \u00e0 4 mm.<\/li>    <li>Les particules d'os qui r\u00e9pondent aux exigences de taille sont \u00e9vacu\u00e9es par la sortie.<\/li>    <li>Les particules surdimensionn\u00e9es sont automatiquement renvoy\u00e9es au concasseur fin et retrait\u00e9es jusqu'\u00e0 ce qu'elles atteignent la taille souhait\u00e9e.<\/li> <\/ul> <\/div><figure class=\"wp-block-media-text__media\"><img loading=\"lazy\" decoding=\"async\" width=\"720\" height=\"540\" src=\"https:\/\/meat-machine.com\/wp-content\/uploads\/2024\/07\/working-process.webp\" alt=\"Processus de travail de la machine de broyage d&#039;os d&#039;animaux\" class=\"wp-image-645 size-full\" title=\"\" srcset=\"https:\/\/meat-machine.com\/wp-content\/uploads\/2024\/07\/working-process.webp 720w, https:\/\/meat-machine.com\/wp-content\/uploads\/2024\/07\/working-process-300x225.webp 300w, https:\/\/meat-machine.com\/wp-content\/uploads\/2024\/07\/working-process-16x12.webp 16w\" sizes=\"auto, (max-width: 720px) 100vw, 720px\" \/><\/figure><\/div>    <p class=\"wp-block-paragraph\">Ce syst\u00e8me assure un contr\u00f4le pr\u00e9cis de la taille des particules, faisant du broyeur et de la machine \u00e0 broyer les os un outil fiable pour les industries n\u00e9cessitant des particules osseuses finement broy\u00e9es.<\/p>    <h2 class=\"wp-block-heading\">La structure du broyeur d'os et de la machine \u00e0 broyer<\/h2>    <p class=\"wp-block-paragraph\">Les machines \u00e0 broyer les os se composent principalement d'une entr\u00e9e, d'un couteau de broyage, d'une spirale de broyage, d'un tamis, d'un moteur, d'un couvercle et d'une sortie.<\/p>   <div class=\"wp-block-image\"> <figure class=\"aligncenter size-full\"><img loading=\"lazy\" decoding=\"async\" width=\"720\" height=\"540\" src=\"https:\/\/meat-machine.com\/wp-content\/uploads\/2024\/07\/machine-structure.webp\" alt=\"structure de la machine\" class=\"wp-image-641\" title=\"\" srcset=\"https:\/\/meat-machine.com\/wp-content\/uploads\/2024\/07\/machine-structure.webp 720w, https:\/\/meat-machine.com\/wp-content\/uploads\/2024\/07\/machine-structure-300x225.webp 300w, https:\/\/meat-machine.com\/wp-content\/uploads\/2024\/07\/machine-structure-16x12.webp 16w\" sizes=\"auto, (max-width: 720px) 100vw, 720px\" \/><figcaption class=\"wp-element-caption\">structure de la machine<\/figcaption><\/figure> <\/div>   <h2 class=\"wp-block-heading\">Donn\u00e9es techniques de la machine \u00e0 broyer et \u00e0 broyer les os<\/h2>    <figure class=\"wp-block-table\"><table class=\"has-fixed-layout\"><thead><tr><th>Article<\/th><th>Sp\u00e9cification<\/th><\/tr><\/thead><tbody><tr><td>Dimensions globales<\/td><td>1200 \u00d7 1000 \u00d7 1470 mm<\/td><\/tr><tr><td>Puissance de broyage<\/td><td>5,5 kW<\/td><\/tr><tr><td>Puissance de broyage<\/td><td>7,5 kW<\/td><\/tr><tr><td>Capacit\u00e9<\/td><td>200\u2013400 kg\/h<\/td><\/tr><tr><td>Mat\u00e9riel<\/td><td>Acier inoxydable 304<\/td><\/tr><tr><td>Poids<\/td><td>540 kg<\/td><\/tr><\/tbody><\/table><figcaption class=\"wp-element-caption\">Param\u00e8tres de la machine \u00e0 broyer et \u00e0 broyer les os<\/figcaption><\/figure>    <div class=\"wp-block-media-text is-stacked-on-mobile\"><figure class=\"wp-block-media-text__media\"><img loading=\"lazy\" decoding=\"async\" width=\"720\" height=\"540\" src=\"https:\/\/meat-machine.com\/wp-content\/uploads\/2022\/09\/commercial-bone-grinder-for-sale.webp\" alt=\"broyeur d&#039;os et broyeur d&#039;os \u00e0 vendre\" class=\"wp-image-74 size-full\" title=\"\" srcset=\"https:\/\/meat-machine.com\/wp-content\/uploads\/2022\/09\/commercial-bone-grinder-for-sale.webp 720w, https:\/\/meat-machine.com\/wp-content\/uploads\/2022\/09\/commercial-bone-grinder-for-sale-300x225.webp 300w\" sizes=\"auto, (max-width: 720px) 100vw, 720px\" \/><\/figure><div class=\"wp-block-media-text__content\"> <p class=\"wp-block-paragraph\">Notre machine de broyage d'os peut traiter 200-400 kg de mati\u00e8re premi\u00e8re par heure. Qu'il s'agisse d'une petite ou grande usine de transformation de la viande, cette machine peut r\u00e9pondre tr\u00e8s bien \u00e0 la demande de production.<\/p>    <p class=\"wp-block-paragraph translation-block\">En plus de cette nouvelle machine mod\u00e8le, nous avons \u00e9galement une ancienne <a href=\"https:\/\/meat-machine.com\/fr\/produit\/broyeur-dos\/\">broyeuse d'os<\/a> en vente. L'ancienne machine mod\u00e8le peut broyer les os en particules d'os de 10 mm.<\/p> <\/div><\/div>    <h2 class=\"wp-block-heading\">Prix \u200b\u200bde la machine \u00e0 broyer et \u00e0 broyer les os<\/h2>    <p class=\"wp-block-paragraph\">Le prix d'une machine \u00e0 broyer et \u00e0 \u00e9craser des os varie consid\u00e9rablement, allant g\u00e9n\u00e9ralement de quelques milliers \u00e0 des dizaines de milliers de dollars, en fonction de facteurs tels que le type de mod\u00e8le, la capacit\u00e9 et les mat\u00e9riaux de construction. <\/p>    <p class=\"wp-block-paragraph\">Les mod\u00e8les de base sont plus abordables et adapt\u00e9s aux op\u00e9rations \u00e0 petite \u00e9chelle telles que le traitement des aliments pour animaux, tandis que les machines haut de gamme sont con\u00e7ues pour un usage \u00e0 l'\u00e9chelle industrielle avec une plus grande durabilit\u00e9 et un rendement sup\u00e9rieur. <\/p>    <p class=\"wp-block-paragraph\">Lors de la s\u00e9lection d'une machine, il est important de prendre en compte votre \u00e9chelle de production, votre budget et vos exigences en mati\u00e8re de performance. Pour des prix pr\u00e9cis et des solutions sur mesure, n'h\u00e9sitez pas \u00e0 nous contacter pour un devis personnalis\u00e9.<\/p>    <figure class=\"wp-block-gallery has-nested-images columns-default is-cropped wp-block-gallery-3 is-layout-flex wp-block-gallery-is-layout-flex\"> <figure class=\"wp-block-image size-large\"><img loading=\"lazy\" decoding=\"async\" width=\"720\" height=\"540\" data-id=\"637\" src=\"https:\/\/meat-machine.com\/wp-content\/uploads\/2024\/07\/bone-crushing-machine.webp\" alt=\"machine de concassage d&#039;os industrielle \u00e0 vendre\" class=\"wp-image-637\" title=\"\" srcset=\"https:\/\/meat-machine.com\/wp-content\/uploads\/2024\/07\/bone-crushing-machine.webp 720w, https:\/\/meat-machine.com\/wp-content\/uploads\/2024\/07\/bone-crushing-machine-300x225.webp 300w, https:\/\/meat-machine.com\/wp-content\/uploads\/2024\/07\/bone-crushing-machine-16x12.webp 16w\" sizes=\"auto, (max-width: 720px) 100vw, 720px\" \/><figcaption class=\"wp-element-caption\">Machine industrielle de broyage d'os \u00e0 vendre<\/figcaption><\/figure>    <figure class=\"wp-block-image size-large\"><img loading=\"lazy\" decoding=\"async\" width=\"720\" height=\"540\" data-id=\"639\" src=\"https:\/\/meat-machine.com\/wp-content\/uploads\/2024\/07\/discharge-port.webp\" alt=\"port de d\u00e9charge\" class=\"wp-image-639\" title=\"\" srcset=\"https:\/\/meat-machine.com\/wp-content\/uploads\/2024\/07\/discharge-port.webp 720w, https:\/\/meat-machine.com\/wp-content\/uploads\/2024\/07\/discharge-port-300x225.webp 300w, https:\/\/meat-machine.com\/wp-content\/uploads\/2024\/07\/discharge-port-16x12.webp 16w\" sizes=\"auto, (max-width: 720px) 100vw, 720px\" \/><figcaption><\/figcaption><\/figure> <\/figure>    <h2 class=\"wp-block-heading\">Broyeur d'os Taizy vendu en Australie<\/h2>    <p class=\"wp-block-paragraph\">En mars 2024, nous avons livr\u00e9 avec succ\u00e8s une machine \u00e0 broyer les os \u00e0 une entreprise de fabrication d'aliments pour animaux de compagnie en Australie. Cette entreprise est sp\u00e9cialis\u00e9e dans la production d\u2019aliments pour animaux de haute qualit\u00e9, notamment des aliments nutritifs riches en farine d\u2019os et en calcium.<\/p>    <p class=\"wp-block-paragraph\">Ils ont achet\u00e9 notre machine \u00e0 broyer les os principalement pour broyer les os de porc, de vache et de poulet. Le client s'attend \u00e0 ce que le produit fini ait une taille finie de 3 millim\u00e8tres. Ceci est utilis\u00e9 comme ingr\u00e9dient important dans la nourriture pour animaux de compagnie.<\/p>    <p class=\"wp-block-paragraph\">Le mat\u00e9riau, le prix et l\u2019effet de travail de notre machine r\u00e9pondent tr\u00e8s bien aux besoins du client. La machine fonctionne d\u00e9sormais dans l\u2019usine du client.<\/p>    <figure class=\"wp-block-gallery has-nested-images columns-default is-cropped wp-block-gallery-4 is-layout-flex wp-block-gallery-is-layout-flex\"> <figure class=\"wp-block-image size-large\"><img loading=\"lazy\" decoding=\"async\" width=\"720\" height=\"540\" data-id=\"642\" src=\"https:\/\/meat-machine.com\/wp-content\/uploads\/2024\/07\/packing-picture.webp\" alt=\"image d&#039;emballage\" class=\"wp-image-642\" title=\"\" srcset=\"https:\/\/meat-machine.com\/wp-content\/uploads\/2024\/07\/packing-picture.webp 720w, https:\/\/meat-machine.com\/wp-content\/uploads\/2024\/07\/packing-picture-300x225.webp 300w, https:\/\/meat-machine.com\/wp-content\/uploads\/2024\/07\/packing-picture-16x12.webp 16w\" sizes=\"auto, (max-width: 720px) 100vw, 720px\" \/><figcaption class=\"wp-element-caption\">Photo d'emballage<\/figcaption><\/figure>    <figure class=\"wp-block-image size-large\"><img loading=\"lazy\" decoding=\"async\" width=\"720\" height=\"540\" data-id=\"635\" src=\"https:\/\/meat-machine.com\/wp-content\/uploads\/2024\/07\/bone-crusher-shipped-to-Australia.webp\" alt=\"broyeur \u00e0 os exp\u00e9di\u00e9 en Australie\" class=\"wp-image-635\" title=\"\" srcset=\"https:\/\/meat-machine.com\/wp-content\/uploads\/2024\/07\/bone-crusher-shipped-to-Australia.webp 720w, https:\/\/meat-machine.com\/wp-content\/uploads\/2024\/07\/bone-crusher-shipped-to-Australia-300x225.webp 300w, https:\/\/meat-machine.com\/wp-content\/uploads\/2024\/07\/bone-crusher-shipped-to-Australia-16x12.webp 16w\" sizes=\"auto, (max-width: 720px) 100vw, 720px\" \/><figcaption class=\"wp-element-caption\">Broyeur d'os exp\u00e9di\u00e9 en Australie<\/figcaption><\/figure> <\/figure>    <h2 class=\"wp-block-heading\">Contactez-nous pour les derniers prix!<\/h2>    <p class=\"wp-block-paragraph\">Chez Taizy Machinery, nous avons une large gamme de machines \u00e0 broyer les os \u00e0 vendre. Si vous recherchez un pulv\u00e9risateur d'os de haute qualit\u00e9, n'h\u00e9sitez pas \u00e0 nous contacter. <\/p>    <p class=\"wp-block-paragraph\">N'h\u00e9sitez pas \u00e0 nous contacter via la fen\u00eatre contextuelle dans le coin inf\u00e9rieur droit. Notre personnel vous contactera dans un premier temps et vous enverra la derni\u00e8re offre.<\/p>","protected":false},"excerpt":{"rendered":"<p>La machine de broyage et de concassage d'os avec une capacit\u00e9 de 200\u2013400 kg\/h peut broyer et r\u00e9duire efficacement les os d'animaux en petites particules, ce qui la rend adapt\u00e9e au traitement des os humides.<\/p>","protected":false},"author":1,"featured_media":646,"parent":0,"template":"","tags":[41,13],"product-type":[3],"class_list":["post-631","product","type-product","status-publish","has-post-thumbnail","hentry","tag-bone","tag-bone-crushing-machine","product-type-bone-grinder"],"_links":{"self":[{"href":"https:\/\/meat-machine.com\/fr\/wp-json\/wp\/v2\/product\/631","targetHints":{"allow":["GET"]}}],"collection":[{"href":"https:\/\/meat-machine.com\/fr\/wp-json\/wp\/v2\/product"}],"about":[{"href":"https:\/\/meat-machine.com\/fr\/wp-json\/wp\/v2\/types\/product"}],"author":[{"embeddable":true,"href":"https:\/\/meat-machine.com\/fr\/wp-json\/wp\/v2\/users\/1"}],"wp:featuredmedia":[{"embeddable":true,"href":"https:\/\/meat-machine.com\/fr\/wp-json\/wp\/v2\/media\/646"}],"wp:attachment":[{"href":"https:\/\/meat-machine.com\/fr\/wp-json\/wp\/v2\/media?parent=631"}],"wp:term":[{"taxonomy":"post_tag","embeddable":true,"href":"https:\/\/meat-machine.com\/fr\/wp-json\/wp\/v2\/tags?post=631"},{"taxonomy":"product-type","embeddable":true,"href":"https:\/\/meat-machine.com\/fr\/wp-json\/wp\/v2\/product-type?post=631"}],"curies":[{"name":"wp","href":"https:\/\/api.w.org\/{rel}","templated":true}]}}