{"id":59,"date":"2022-09-07T07:13:04","date_gmt":"2022-09-07T07:13:04","guid":{"rendered":"https:\/\/meat-machine.com\/?post_type=product&#038;p=59"},"modified":"2026-03-20T17:06:19","modified_gmt":"2026-03-20T09:06:19","slug":"machine-a-decouper-la-viande","status":"publish","type":"product","link":"https:\/\/meat-machine.com\/fr\/product\/meat-dicing-machine\/","title":{"rendered":"Machine \u00e0 d\u00e9couper la viande | Machine \u00e0 d\u00e9couper la viande commerciale"},"content":{"rendered":"<div class=\"kk-star-ratings kksr-auto kksr-align-left kksr-valign-top\"     data-payload='{&quot;align&quot;:&quot;left&quot;,&quot;id&quot;:&quot;59&quot;,&quot;slug&quot;:&quot;default&quot;,&quot;valign&quot;:&quot;top&quot;,&quot;ignore&quot;:&quot;&quot;,&quot;reference&quot;:&quot;auto&quot;,&quot;class&quot;:&quot;&quot;,&quot;count&quot;:&quot;23&quot;,&quot;legendonly&quot;:&quot;&quot;,&quot;readonly&quot;:&quot;&quot;,&quot;score&quot;:&quot;4.3&quot;,&quot;starsonly&quot;:&quot;&quot;,&quot;best&quot;:&quot;5&quot;,&quot;gap&quot;:&quot;5&quot;,&quot;greet&quot;:&quot;Rate this product&quot;,&quot;legend&quot;:&quot;4.3\\\/5 - (23 votes)&quot;,&quot;size&quot;:&quot;24&quot;,&quot;title&quot;:&quot;Meat Dicing Machine | Commercial Meat Dicer Machine&quot;,&quot;width&quot;:&quot;122.2&quot;,&quot;_legend&quot;:&quot;{score}\\\/{best} - ({count} {votes})&quot;,&quot;font_factor&quot;:&quot;1.25&quot;}'>              <div class=\"kksr-stars\">      <div class=\"kksr-stars-inactive\">             <div class=\"kksr-star\" data-star=\"1\" style=\"padding-right: 5px\">               <div class=\"kksr-icon\" style=\"width: 24px; height: 24px;\"><\/div>         <\/div>             <div class=\"kksr-star\" data-star=\"2\" style=\"padding-right: 5px\">               <div class=\"kksr-icon\" style=\"width: 24px; height: 24px;\"><\/div>         <\/div>             <div class=\"kksr-star\" data-star=\"3\" style=\"padding-right: 5px\">               <div class=\"kksr-icon\" style=\"width: 24px; height: 24px;\"><\/div>         <\/div>             <div class=\"kksr-star\" data-star=\"4\" style=\"padding-right: 5px\">               <div class=\"kksr-icon\" style=\"width: 24px; height: 24px;\"><\/div>         <\/div>             <div class=\"kksr-star\" data-star=\"5\" style=\"padding-right: 5px\">               <div class=\"kksr-icon\" style=\"width: 24px; height: 24px;\"><\/div>         <\/div>     <\/div>      <div class=\"kksr-stars-active\" style=\"width: 122.2px;\">             <div class=\"kksr-star\" style=\"padding-right: 5px\">               <div class=\"kksr-icon\" style=\"width: 24px; height: 24px;\"><\/div>         <\/div>             <div class=\"kksr-star\" style=\"padding-right: 5px\">               <div class=\"kksr-icon\" style=\"width: 24px; height: 24px;\"><\/div>         <\/div>             <div class=\"kksr-star\" style=\"padding-right: 5px\">               <div class=\"kksr-icon\" style=\"width: 24px; height: 24px;\"><\/div>         <\/div>             <div class=\"kksr-star\" style=\"padding-right: 5px\">               <div class=\"kksr-icon\" style=\"width: 24px; height: 24px;\"><\/div>         <\/div>             <div class=\"kksr-star\" style=\"padding-right: 5px\">               <div class=\"kksr-icon\" style=\"width: 24px; height: 24px;\"><\/div>         <\/div>     <\/div> <\/div>                   <div class=\"kksr-legend\" style=\"font-size: 19.2px;\">             4,3\/5 - (23 votes)    <\/div>     <\/div>  <p class=\"wp-block-paragraph translation-block\">La <strong>Machine de d\u00e9coupe de viande<\/strong> est capable de traiter \u00e0 la fois de la viande fra\u00eeche et surgel\u00e9e, offrant des r\u00e9sultats coh\u00e9rents et uniformes pour une large gamme d'applications.<\/p>    <p class=\"wp-block-paragraph\">Cette machine polyvalente peut couper la viande en cubes, bandes, tranches et \u00e9minc\u00e9s, r\u00e9pondant \u00e0 diff\u00e9rentes exigences de traitement. Elle supporte des tailles de mati\u00e8re premi\u00e8re de 8,5 cm \u00e0 12 cm, et la taille de coupe est r\u00e9glable entre 5 et 30 mm, assurant une flexibilit\u00e9 pour diverses sp\u00e9cifications de produits.<\/p>    <p class=\"wp-block-paragraph translation-block\">Avec une capacit\u00e9 de production de <strong>400\u20131200 kg\/h<\/strong>, la machine am\u00e9liore consid\u00e9rablement la productivit\u00e9 tout en r\u00e9duisant les co\u00fbts de main-d'\u0153uvre. Fabriqu\u00e9e en acier inoxydable de qualit\u00e9 alimentaire, elle est durable, hygi\u00e9nique et facile \u00e0 nettoyer. La conception de porte de s\u00e9curit\u00e9 \u00e9quip\u00e9e renforce encore la protection de l'op\u00e9rateur pendant le fonctionnement.<\/p>    <p class=\"wp-block-paragraph\">Convient pour traiter le porc, le b\u0153uf, l'agneau, le poulet, le canard, la viande en conserve, ainsi que certains l\u00e9gumes et fruits, cette machine de d\u00e9coupe de viande offre d'excellentes performances et une multi-fonctionnalit\u00e9, ce qui en fait un choix id\u00e9al pour les op\u00e9rations modernes de transformation alimentaire.<\/p>    <figure class=\"wp-block-embed is-type-video is-provider-youtube wp-block-embed-youtube wp-embed-aspect-9-16 wp-has-aspect-ratio\"><div class=\"wp-block-embed__wrapper\"> <iframe loading=\"lazy\" title=\"Meat Cube Cutting Machine for Beef, Chicken &amp; Pork #meat #cutter #chicken #pork #beef\" width=\"422\" height=\"750\" src=\"https:\/\/www.youtube.com\/embed\/Q3hVgoJI4BM?feature=oembed\" frameborder=\"0\" allow=\"accelerometer; autoplay; clipboard-write; encrypted-media; gyroscope; picture-in-picture; web-share\" referrerpolicy=\"strict-origin-when-cross-origin\" allowfullscreen><\/iframe> <\/div><figcaption class=\"wp-element-caption\">Vid\u00e9o de fonctionnement de la machine de d\u00e9coupe de viande<\/figcaption><\/figure>    <h2 class=\"wp-block-heading\">Applications de la machine de d\u00e9coupe de viande<\/h2>    <div class=\"wp-block-media-text is-stacked-on-mobile\"><figure class=\"wp-block-media-text__media\"><img loading=\"lazy\" decoding=\"async\" width=\"720\" height=\"540\" src=\"https:\/\/meat-machine.com\/wp-content\/uploads\/2022\/09\/meat.webp\" alt=\"viande\" class=\"wp-image-610 size-full\" title=\"\" srcset=\"https:\/\/meat-machine.com\/wp-content\/uploads\/2022\/09\/meat.webp 720w, https:\/\/meat-machine.com\/wp-content\/uploads\/2022\/09\/meat-300x225.webp 300w, https:\/\/meat-machine.com\/wp-content\/uploads\/2022\/09\/meat-16x12.webp 16w\" sizes=\"auto, (max-width: 720px) 100vw, 720px\" \/><\/figure><div class=\"wp-block-media-text__content\"> <p class=\"wp-block-paragraph\">La machine \u00e0 d\u00e9sosser la viande est id\u00e9ale pour le traitement de viandes congel\u00e9es, cuites et fra\u00eeches telles que le porc, le b\u0153uf, l'agneau, le poulet, le canard et la viande de d\u00e9jeuner. <\/p>    <p class=\"wp-block-paragraph\">Elle peut \u00e9galement traiter des l\u00e9gumes et des fruits, offrant une utilisation polyvalente dans la transformation des aliments. <\/p>    <p class=\"wp-block-paragraph\">Que ce soit comme d\u00e9sosseur de poulet commercial ou d\u00e9sosseur de b\u0153uf, il offre une solution efficace et fiable.<\/p> <\/div><\/div>    <h2 id=\"h-how-does-the-meat-cube-dicer-work\" class=\"wp-block-heading\">Comment fonctionne le coupe-cube de viande ?<\/h2>    <div class=\"wp-block-media-text has-media-on-the-right is-stacked-on-mobile\"><div class=\"wp-block-media-text__content\"> <ul class=\"wp-block-list\"> <li>Placez la viande dans la machine pour le traitement.<\/li>    <li>La machine utilise <strong>haute vitesse <a href=\"https:\/\/en.wikipedia.org\/wiki\/Centrifugal_force\" data-type=\"link\" data-id=\"https:\/\/en.wikipedia.org\/wiki\/Centrifugal_force\" target=\"_blank\" rel=\"noopener\">force centrifuge<\/a><\/strong> avec des lames tranchantes pour couper la viande en bandes.<\/li>    <li>UN <strong>lame de coupe transversale<\/strong> puis coupe les bandes en cubes uniformes.<\/li>    <li>Ce processus garantit que les cubes de viande finaux sont <strong>de taille coh\u00e9rente et coup\u00e9e proprement<\/strong>.<\/li> <\/ul> <\/div><figure class=\"wp-block-media-text__media\"><img loading=\"lazy\" decoding=\"async\" width=\"720\" height=\"540\" src=\"https:\/\/meat-machine.com\/wp-content\/uploads\/2022\/09\/meat-cube-dicer-for-sale.jpg\" alt=\"Coupe-cube de viande \u00e0 vendre\" class=\"wp-image-64 size-full\" title=\"\" srcset=\"https:\/\/meat-machine.com\/wp-content\/uploads\/2022\/09\/meat-cube-dicer-for-sale.jpg 720w, https:\/\/meat-machine.com\/wp-content\/uploads\/2022\/09\/meat-cube-dicer-for-sale-300x225.jpg 300w\" sizes=\"auto, (max-width: 720px) 100vw, 720px\" \/><\/figure><\/div>    <h2 id=\"h-characteristics-of-meat-dicing-machine\" class=\"wp-block-heading\">Caract\u00e9ristiques de la machine \u00e0 d\u00e9sosser la viande<\/h2>    <div class=\"wp-block-media-text is-stacked-on-mobile\"><figure class=\"wp-block-media-text__media\"><img loading=\"lazy\" decoding=\"async\" width=\"720\" height=\"540\" src=\"https:\/\/meat-machine.com\/wp-content\/uploads\/2022\/09\/machine-for-making-meat-cubes.webp\" alt=\"machine pour faire des cubes de viande\" class=\"wp-image-608 size-full\" title=\"\" srcset=\"https:\/\/meat-machine.com\/wp-content\/uploads\/2022\/09\/machine-for-making-meat-cubes.webp 720w, https:\/\/meat-machine.com\/wp-content\/uploads\/2022\/09\/machine-for-making-meat-cubes-300x225.webp 300w, https:\/\/meat-machine.com\/wp-content\/uploads\/2022\/09\/machine-for-making-meat-cubes-16x12.webp 16w\" sizes=\"auto, (max-width: 720px) 100vw, 720px\" \/><\/figure><div class=\"wp-block-media-text__content\"> <ul class=\"wp-block-list\"> <li>La machine est enti\u00e8rement construite en <strong>acier inoxydable de qualit\u00e9 alimentaire<\/strong>, garantissant durabilit\u00e9, r\u00e9sistance \u00e0 la corrosion, et normes d'hygi\u00e8ne \u00e9lev\u00e9es.<\/li>    <li>Elle peut traiter <strong>viande surgel\u00e9e \u00e0 des temp\u00e9ratures aussi basses que -6\u00b0C<\/strong>, pr\u00e9servant efficacement la qualit\u00e9 du produit lors de la coupe.<\/li>    <li>Le <strong>la taille de coupe peut \u00eatre facilement ajust\u00e9e en changeant le jeu de lames<\/strong>, permettant une production flexible pour diff\u00e9rentes sp\u00e9cifications.<\/li>    <li>Capable de couper la viande en <strong>cubes, bandes, \u00e9minc\u00e9s et granules<\/strong>, r\u00e9pondant \u00e0 divers besoins de traitement.<\/li> <\/ul> <\/div><\/div>    <div class=\"wp-block-media-text has-media-on-the-right is-stacked-on-mobile\"><div class=\"wp-block-media-text__content\"> <ul class=\"wp-block-list\"> <li>Les produits finis pr\u00e9sentent <strong>Taille uniforme, surfaces de coupe propres, et absence d'adh\u00e9rence<\/strong>, garantissant une excellente apparence du produit.<\/li>    <li>Les composants cl\u00e9s sont con\u00e7us pour <strong>facile d\u00e9montage<\/strong>, rendant le nettoyage et l'entretien simples et efficaces.<\/li>    <li>\u00c9quip\u00e9e d'une <strong>Syst\u00e8me de protection de s\u00e9curit\u00e9<\/strong>, la machine ne fonctionnera pas lorsque la porte de sortie est ouverte, garantissant la s\u00e9curit\u00e9 de l'op\u00e9rateur.<\/li> <\/ul> <\/div><figure class=\"wp-block-media-text__media\"><img loading=\"lazy\" decoding=\"async\" width=\"720\" height=\"540\" src=\"https:\/\/meat-machine.com\/wp-content\/uploads\/2022\/09\/meat-dicer.webp\" alt=\"coupe-viande\" class=\"wp-image-609 size-full\" title=\"\" srcset=\"https:\/\/meat-machine.com\/wp-content\/uploads\/2022\/09\/meat-dicer.webp 720w, https:\/\/meat-machine.com\/wp-content\/uploads\/2022\/09\/meat-dicer-300x225.webp 300w, https:\/\/meat-machine.com\/wp-content\/uploads\/2022\/09\/meat-dicer-16x12.webp 16w\" sizes=\"auto, (max-width: 720px) 100vw, 720px\" \/><\/figure><\/div>    <h2 class=\"wp-block-heading\">Param\u00e8tres techniques de la machine \u00e0 d\u00e9couper la viande commerciale<\/h2>    <figure class=\"wp-block-table\"><table class=\"has-fixed-layout\"><thead><tr><th>Mod\u00e8le<\/th><th>TP-400<\/th><th>TP-600<\/th><\/tr><\/thead><tbody><tr><td>Poids net<\/td><td>290 kg<\/td><td>380 kg<\/td><\/tr><tr><td>Tension<\/td><td>220V 2P \/ 380V 3P<\/td><td>380V<\/td><\/tr><tr><td>Capacit\u00e9 de production<\/td><td>400\u20131000 kg\/h<\/td><td>700\u20131200 kg\/h<\/td><\/tr><tr><td>Puissance totale<\/td><td>2,5 kW<\/td><td>3,7 kW<\/td><\/tr><tr><td>Dimensions (L\u00d7l\u00d7H)<\/td><td>1440\u00d7780\u00d7960 mm<\/td><td>1790\u00d7920\u00d71000 mm<\/td><\/tr><tr><td>Taille du godet (L\u00d7l\u00d7H)<\/td><td>85\u00d785\u00d7400 mm<\/td><td>120\u00d7120\u00d7600 mm<\/td><\/tr><tr><td>Options de mat\u00e9riaux<\/td><td>SUS304 \/ 201<\/td><td>SUS304 \/ 201<\/td><\/tr><tr><td>Options de taille de coupe<\/td><td>3\/4\/5\/6\/7\/8\/9\/12\/14\/17\/21\/28 mm<\/td><td>5\/6\/7\/8\/9\/10\/11\/12\/13\/15\/17\/20\/24\/30\/40 mm<\/td><\/tr><\/tbody><\/table><figcaption class=\"wp-element-caption\">Param\u00e8tres de la machine de d\u00e9coupe de viande<\/figcaption><\/figure>   <div class=\"wp-block-image\"> <figure class=\"aligncenter size-full\"><img loading=\"lazy\" decoding=\"async\" width=\"720\" height=\"540\" src=\"https:\/\/meat-machine.com\/wp-content\/uploads\/2022\/09\/Meat-Dicing-Machine-factory.webp\" alt=\"Usine de machines de d\u00e9coupe de viande\" class=\"wp-image-1197\" title=\"\" srcset=\"https:\/\/meat-machine.com\/wp-content\/uploads\/2022\/09\/Meat-Dicing-Machine-factory.webp 720w, https:\/\/meat-machine.com\/wp-content\/uploads\/2022\/09\/Meat-Dicing-Machine-factory-300x225.webp 300w, https:\/\/meat-machine.com\/wp-content\/uploads\/2022\/09\/Meat-Dicing-Machine-factory-16x12.webp 16w\" sizes=\"auto, (max-width: 720px) 100vw, 720px\" \/><figcaption class=\"wp-element-caption\">Usine de machines de d\u00e9coupe de viande<\/figcaption><\/figure> <\/div>   <h2 class=\"wp-block-heading\">Comment entretenir un coupe-viande ?<\/h2>    <p class=\"wp-block-paragraph\">Pour garantir les performances et la long\u00e9vit\u00e9 de votre coupe-viande, il devient crucial d\u2019entretenir votre machine. Voici quelques conseils pour entretenir votre machine \u00e0 d\u00e9couper la viande.<\/p>    <div class=\"wp-block-media-text is-stacked-on-mobile\"><figure class=\"wp-block-media-text__media\"><img loading=\"lazy\" decoding=\"async\" width=\"720\" height=\"540\" src=\"https:\/\/meat-machine.com\/wp-content\/uploads\/2022\/09\/frozen-meat-cutting-machine.webp\" alt=\"machine de d\u00e9coupe de viande congel\u00e9e\" class=\"wp-image-607 size-full\" title=\"\" srcset=\"https:\/\/meat-machine.com\/wp-content\/uploads\/2022\/09\/frozen-meat-cutting-machine.webp 720w, https:\/\/meat-machine.com\/wp-content\/uploads\/2022\/09\/frozen-meat-cutting-machine-300x225.webp 300w, https:\/\/meat-machine.com\/wp-content\/uploads\/2022\/09\/frozen-meat-cutting-machine-16x12.webp 16w\" sizes=\"auto, (max-width: 720px) 100vw, 720px\" \/><\/figure><div class=\"wp-block-media-text__content\"> <ul class=\"wp-block-list\"> <li><strong>Nettoyage<\/strong>: d\u00e9monter la machine et la laver soigneusement avec de l'eau chaude et un d\u00e9tergent pour \u00e9liminer les r\u00e9sidus alimentaires.<\/li>    <li><strong>Assainissement<\/strong>: appliquer r\u00e9guli\u00e8rement un d\u00e9sinfectant de qualit\u00e9 alimentaire pour pr\u00e9venir la croissance bact\u00e9rienne.<\/li>    <li><strong>Lubrifiant<\/strong>: utiliser un lubrifiant de qualit\u00e9 alimentaire sur les pi\u00e8ces appropri\u00e9es pour assurer un fonctionnement fluide.<\/li>    <li><strong>Inspection r\u00e9guli\u00e8re<\/strong>: v\u00e9rifier les lames, les pi\u00e8ces de transmission et les fils pour usure ou dommage, et les remplacer si n\u00e9cessaire.<\/li>    <li><strong>Serrer les vis<\/strong>: inspecter r\u00e9guli\u00e8rement les vis, en particulier dans les zones critiques pour la s\u00e9curit\u00e9, et les serrer si elles sont l\u00e2ches.<\/li> <\/ul> <\/div><\/div>    <h2 class=\"wp-block-heading\">Quel est le prix de la machine de d\u00e9coupe de viande ?<\/h2>    <p class=\"wp-block-paragraph\">Le prix d'une machine \u00e0 d\u00e9couper la viande surgel\u00e9e d\u00e9pend de nombreux facteurs, tels que le rendement, la distance et les services personnalis\u00e9s. Comme nous le savons tous, le prix des machines \u00e0 haut rendement est plus \u00e9lev\u00e9 que celui des machines \u00e0 faible rendement. <\/p>    <p class=\"wp-block-paragraph\">Le fret, en tant que l\u2019un des facteurs qui affectent le prix de la machine, est \u00e9galement un facteur que les acheteurs doivent prendre en compte. Plus le pays importateur est \u00e9loign\u00e9 du pays exportateur, plus le prix est \u00e9lev\u00e9. <\/p>    <p class=\"wp-block-paragraph\">Si vous souhaitez conna\u00eetre le prix exact de la machine, veuillez nous contacter via la fen\u00eatre contextuelle situ\u00e9e dans le coin inf\u00e9rieur droit. Nous vous contacterons d\u00e8s que possible.<\/p>   <div class=\"wp-block-image\"> <figure class=\"aligncenter size-full\"><img loading=\"lazy\" decoding=\"async\" width=\"980\" height=\"375\" src=\"https:\/\/meat-machine.com\/wp-content\/uploads\/2022\/09\/application-of-frozen-meat-dicing-machine.jpg\" alt=\"machine \u00e0 d\u00e9couper la viande congel\u00e9e\" class=\"wp-image-61\" title=\"\" srcset=\"https:\/\/meat-machine.com\/wp-content\/uploads\/2022\/09\/application-of-frozen-meat-dicing-machine.jpg 980w, https:\/\/meat-machine.com\/wp-content\/uploads\/2022\/09\/application-of-frozen-meat-dicing-machine-300x115.jpg 300w, https:\/\/meat-machine.com\/wp-content\/uploads\/2022\/09\/application-of-frozen-meat-dicing-machine-768x294.jpg 768w\" sizes=\"auto, (max-width: 980px) 100vw, 980px\" \/><figcaption class=\"wp-element-caption\">machine \u00e0 d\u00e9couper la viande congel\u00e9e<\/figcaption><\/figure> <\/div>   <h2 class=\"wp-block-heading\">Un cas r\u00e9ussi de machine \u00e0 d\u00e9couper la viande commerciale<\/h2>    <p class=\"wp-block-paragraph\">Un client indon\u00e9sien poss\u00e8de une usine de transformation de viande dans sa r\u00e9gion. \u00c0 mesure que son entreprise se d\u00e9veloppe, il souhaite acheter une machine \u00e0 d\u00e9couper la viande pour aider \u00e0 la production. <\/p>    <p class=\"wp-block-paragraph\">Il a trouv\u00e9 trois fabricants de machines \u00e0 viande via Google. Apr\u00e8s une longue p\u00e9riode de comparaison et de compr\u00e9hension, il a d\u00e9cid\u00e9 d'acheter la machine aupr\u00e8s de notre entreprise. Parce que le mat\u00e9riel, le service apr\u00e8s-vente et la capacit\u00e9 de production de notre machine r\u00e9pondent \u00e0 ses besoins. <\/p>    <p class=\"wp-block-paragraph\">La machine a \u00e9t\u00e9 exp\u00e9di\u00e9e \u00e0 Qingdao en novembre 2025. En d\u00e9cembre 2025, nous avons re\u00e7u les retours du client. Le client est tr\u00e8s satisfait de l'effet de travail de cette machine.<\/p>    <figure class=\"wp-block-gallery has-nested-images columns-default is-cropped wp-block-gallery-2 is-layout-flex wp-block-gallery-is-layout-flex\"> <figure class=\"wp-block-image size-large\"><img loading=\"lazy\" decoding=\"async\" width=\"720\" height=\"540\" data-id=\"536\" src=\"https:\/\/meat-machine.com\/wp-content\/uploads\/2024\/01\/shipment-picture-1.webp\" alt=\"machine \u00e0 d\u00e9couper la viande exp\u00e9di\u00e9e en Indon\u00e9sie\" class=\"wp-image-536\" title=\"\" srcset=\"https:\/\/meat-machine.com\/wp-content\/uploads\/2024\/01\/shipment-picture-1.webp 720w, https:\/\/meat-machine.com\/wp-content\/uploads\/2024\/01\/shipment-picture-1-300x225.webp 300w\" sizes=\"auto, (max-width: 720px) 100vw, 720px\" \/><figcaption class=\"wp-element-caption\">Machine \u00e0 d\u00e9couper la viande exp\u00e9di\u00e9e en Indon\u00e9sie<\/figcaption><\/figure>    <figure class=\"wp-block-image size-large\"><img loading=\"lazy\" decoding=\"async\" width=\"720\" height=\"540\" data-id=\"537\" src=\"https:\/\/meat-machine.com\/wp-content\/uploads\/2024\/01\/shipment-picture-2-1.webp\" alt=\"image d&#039;emballage\" class=\"wp-image-537\" title=\"\" srcset=\"https:\/\/meat-machine.com\/wp-content\/uploads\/2024\/01\/shipment-picture-2-1.webp 720w, https:\/\/meat-machine.com\/wp-content\/uploads\/2024\/01\/shipment-picture-2-1-300x225.webp 300w\" sizes=\"auto, (max-width: 720px) 100vw, 720px\" \/><figcaption class=\"wp-element-caption\">Photo d'emballage<\/figcaption><\/figure> <\/figure>    <h2 class=\"wp-block-heading\">Conclusion<\/h2>    <p class=\"wp-block-paragraph translation-block\"><strong>Contactez-nous maintenant<\/strong> pour obtenir le meilleur <em>Prix de la machine de d\u00e9coupe de viande<\/em>, sp\u00e9cifications d\u00e9taill\u00e9es, et solutions personnalis\u00e9es en fonction de vos besoins de production. Notre \u00e9quipe exp\u00e9riment\u00e9e fournira un support professionnel depuis la s\u00e9lection de la machine jusqu'\u00e0 l'installation et le service apr\u00e8s-vente.<\/p>    <p class=\"wp-block-paragraph translation-block\">Nous proposons \u00e9galement une gamme compl\u00e8te d'<strong><a href=\"https:\/\/meat-machine.com\/fr\/produits\/hachoir-a-viande\/\" data-type=\"link\" data-id=\"https:\/\/meat-machine.com\/products\/meat-grinder\/\">\u00e9quipements de transformation de viande<\/a><\/strong>. N'h\u00e9sitez pas \u00e0 vous renseigner sur notre gamme compl\u00e8te de produits pour construire une solution de transformation de viande efficace et rentable.<\/p>    <figure class=\"wp-block-gallery has-nested-images columns-default is-cropped wp-block-gallery-3 is-layout-flex wp-block-gallery-is-layout-flex\"> <figure class=\"wp-block-image size-large\"><img loading=\"lazy\" decoding=\"async\" width=\"720\" height=\"540\" data-id=\"1200\" src=\"https:\/\/meat-machine.com\/wp-content\/uploads\/2022\/09\/Meat-Dicing-Machine-supplier.webp\" alt=\"Usine de d\u00e9coupe de viande\" class=\"wp-image-1200\" title=\"\" srcset=\"https:\/\/meat-machine.com\/wp-content\/uploads\/2022\/09\/Meat-Dicing-Machine-supplier.webp 720w, https:\/\/meat-machine.com\/wp-content\/uploads\/2022\/09\/Meat-Dicing-Machine-supplier-300x225.webp 300w, https:\/\/meat-machine.com\/wp-content\/uploads\/2022\/09\/Meat-Dicing-Machine-supplier-16x12.webp 16w\" sizes=\"auto, (max-width: 720px) 100vw, 720px\" \/><figcaption class=\"wp-element-caption\">Fournisseur de machines de d\u00e9coupe de viande<\/figcaption><\/figure>    <figure class=\"wp-block-image size-large\"><img loading=\"lazy\" decoding=\"async\" width=\"720\" height=\"540\" data-id=\"1199\" src=\"https:\/\/meat-machine.com\/wp-content\/uploads\/2022\/09\/meat-cube.webp\" alt=\"meat cube\" class=\"wp-image-1199\" title=\"\" srcset=\"https:\/\/meat-machine.com\/wp-content\/uploads\/2022\/09\/meat-cube.webp 720w, https:\/\/meat-machine.com\/wp-content\/uploads\/2022\/09\/meat-cube-300x225.webp 300w, https:\/\/meat-machine.com\/wp-content\/uploads\/2022\/09\/meat-cube-16x12.webp 16w\" sizes=\"auto, (max-width: 720px) 100vw, 720px\" \/><figcaption class=\"wp-element-caption\">Cube de viande<\/figcaption><\/figure> <\/figure>","protected":false},"excerpt":{"rendered":"<p>La machine \u00e0 couper la viande est capable de traiter \u00e0 la fois la viande fra\u00eeche et congel\u00e9e, offrant des r\u00e9sultats constants et uniformes pour une large gamme d'applications.<\/p>","protected":false},"author":1,"featured_media":62,"parent":0,"template":"","tags":[31,22],"product-type":[2],"class_list":["post-59","product","type-product","status-publish","has-post-thumbnail","hentry","tag-making-meat-cube","tag-meat-dicing-machine","product-type-meat-cutting-machine"],"_links":{"self":[{"href":"https:\/\/meat-machine.com\/fr\/wp-json\/wp\/v2\/product\/59","targetHints":{"allow":["GET"]}}],"collection":[{"href":"https:\/\/meat-machine.com\/fr\/wp-json\/wp\/v2\/product"}],"about":[{"href":"https:\/\/meat-machine.com\/fr\/wp-json\/wp\/v2\/types\/product"}],"author":[{"embeddable":true,"href":"https:\/\/meat-machine.com\/fr\/wp-json\/wp\/v2\/users\/1"}],"wp:featuredmedia":[{"embeddable":true,"href":"https:\/\/meat-machine.com\/fr\/wp-json\/wp\/v2\/media\/62"}],"wp:attachment":[{"href":"https:\/\/meat-machine.com\/fr\/wp-json\/wp\/v2\/media?parent=59"}],"wp:term":[{"taxonomy":"post_tag","embeddable":true,"href":"https:\/\/meat-machine.com\/fr\/wp-json\/wp\/v2\/tags?post=59"},{"taxonomy":"product-type","embeddable":true,"href":"https:\/\/meat-machine.com\/fr\/wp-json\/wp\/v2\/product-type?post=59"}],"curies":[{"name":"wp","href":"https:\/\/api.w.org\/{rel}","templated":true}]}}