{"id":510,"date":"2024-01-23T16:05:49","date_gmt":"2024-01-23T08:05:49","guid":{"rendered":"https:\/\/meat-machine.com\/?post_type=product&#038;p=510"},"modified":"2025-08-08T18:27:34","modified_gmt":"2025-08-08T10:27:34","slug":"ligne-de-production-de-galettes-de-burger","status":"publish","type":"product","link":"https:\/\/meat-machine.com\/fr\/product\/burger-patty-production-line\/","title":{"rendered":"Ligne de production de galettes de hamburger pour la fabrication de galettes de viande et de galettes v\u00e9g\u00e9tariennes"},"content":{"rendered":"<div class=\"kk-star-ratings kksr-auto kksr-align-left kksr-valign-top\"     data-payload='{&quot;align&quot;:&quot;left&quot;,&quot;id&quot;:&quot;510&quot;,&quot;slug&quot;:&quot;default&quot;,&quot;valign&quot;:&quot;top&quot;,&quot;ignore&quot;:&quot;&quot;,&quot;reference&quot;:&quot;auto&quot;,&quot;class&quot;:&quot;&quot;,&quot;count&quot;:&quot;26&quot;,&quot;legendonly&quot;:&quot;&quot;,&quot;readonly&quot;:&quot;&quot;,&quot;score&quot;:&quot;4.8&quot;,&quot;starsonly&quot;:&quot;&quot;,&quot;best&quot;:&quot;5&quot;,&quot;gap&quot;:&quot;5&quot;,&quot;greet&quot;:&quot;Rate this product&quot;,&quot;legend&quot;:&quot;4.8\\\/5 - (26 votes)&quot;,&quot;size&quot;:&quot;24&quot;,&quot;title&quot;:&quot;Burger Patty Production Line for Making Meat Patties, Vegetarian Patties&quot;,&quot;width&quot;:&quot;136.7&quot;,&quot;_legend&quot;:&quot;{score}\\\/{best} - ({count} {votes})&quot;,&quot;font_factor&quot;:&quot;1.25&quot;}'>              <div class=\"kksr-stars\">      <div class=\"kksr-stars-inactive\">             <div class=\"kksr-star\" data-star=\"1\" style=\"padding-right: 5px\">               <div class=\"kksr-icon\" style=\"width: 24px; height: 24px;\"><\/div>         <\/div>             <div class=\"kksr-star\" data-star=\"2\" style=\"padding-right: 5px\">               <div class=\"kksr-icon\" style=\"width: 24px; height: 24px;\"><\/div>         <\/div>             <div class=\"kksr-star\" data-star=\"3\" style=\"padding-right: 5px\">               <div class=\"kksr-icon\" style=\"width: 24px; height: 24px;\"><\/div>         <\/div>             <div class=\"kksr-star\" data-star=\"4\" style=\"padding-right: 5px\">               <div class=\"kksr-icon\" style=\"width: 24px; height: 24px;\"><\/div>         <\/div>             <div class=\"kksr-star\" data-star=\"5\" style=\"padding-right: 5px\">               <div class=\"kksr-icon\" style=\"width: 24px; height: 24px;\"><\/div>         <\/div>     <\/div>      <div class=\"kksr-stars-active\" style=\"width: 136.7px;\">             <div class=\"kksr-star\" style=\"padding-right: 5px\">               <div class=\"kksr-icon\" style=\"width: 24px; height: 24px;\"><\/div>         <\/div>             <div class=\"kksr-star\" style=\"padding-right: 5px\">               <div class=\"kksr-icon\" style=\"width: 24px; height: 24px;\"><\/div>         <\/div>             <div class=\"kksr-star\" style=\"padding-right: 5px\">               <div class=\"kksr-icon\" style=\"width: 24px; height: 24px;\"><\/div>         <\/div>             <div class=\"kksr-star\" style=\"padding-right: 5px\">               <div class=\"kksr-icon\" style=\"width: 24px; height: 24px;\"><\/div>         <\/div>             <div class=\"kksr-star\" style=\"padding-right: 5px\">               <div class=\"kksr-icon\" style=\"width: 24px; height: 24px;\"><\/div>         <\/div>     <\/div> <\/div>                   <div class=\"kksr-legend\" style=\"font-size: 19.2px;\">             4,8\/5 - (26 votes)    <\/div>     <\/div>  <p class=\"wp-block-paragraph\">La ligne de production de galettes de burger est un syst\u00e8me de production automatis\u00e9 \u00e0 haute efficacit\u00e9, con\u00e7u pour la fabrication \u00e0 grande \u00e9chelle de galettes \u00e0 base de viande et de plantes. <\/p>    <p class=\"wp-block-paragraph\">Cette ligne de production comprend g\u00e9n\u00e9ralement des processus tels que le hachage de la viande, le formage, le panage (par exemple, enrobage de p\u00e2te, chapelure), la friture, le d\u00e9graissage et l'emballage, permettant une op\u00e9ration unifi\u00e9e qui am\u00e9liore consid\u00e9rablement l'efficacit\u00e9 de la production et la coh\u00e9rence du produit. <\/p>    <p class=\"wp-block-paragraph\">L'\u00e9quipement est g\u00e9n\u00e9ralement fabriqu\u00e9 en acier inoxydable de qualit\u00e9 alimentaire, respectant les normes d'hygi\u00e8ne, et permet un contr\u00f4le pr\u00e9cis de la taille, de la forme et de l'\u00e9paisseur des galettes. Il peut traiter une vari\u00e9t\u00e9 de mati\u00e8res premi\u00e8res telles que le b\u0153uf, le poulet, le poisson, les l\u00e9gumes et les produits \u00e0 base de soja pour r\u00e9pondre aux march\u00e9s de la viande et aux march\u00e9s v\u00e9g\u00e9tariens.<\/p>    <figure class=\"wp-block-embed is-type-video is-provider-youtube wp-block-embed-youtube wp-embed-aspect-16-9 wp-has-aspect-ratio\"><div class=\"wp-block-embed__wrapper\"> <iframe loading=\"lazy\" title=\"Machine automatique de fabrication de galettes de burger pour la production de restauration rapide #burger #viande #agroalimentaire\" width=\"500\" height=\"281\" src=\"https:\/\/www.youtube.com\/embed\/bq-CJ3gIBmE?feature=oembed\" frameborder=\"0\" allow=\"accelerometer; autoplay; clipboard-write; encrypted-media; gyroscope; picture-in-picture; web-share\" referrerpolicy=\"strict-origin-when-cross-origin\" allowfullscreen><\/iframe> <\/div><figcaption class=\"wp-element-caption\">vid\u00e9o de fonctionnement de la machine \u00e0 fabriquer des galettes de burger<\/figcaption><\/figure>    <h2 class=\"wp-block-heading\">Machines pour faire des galettes de hamburger<\/h2>    <div class=\"wp-block-media-text is-stacked-on-mobile\"><figure class=\"wp-block-media-text__media\"><img loading=\"lazy\" decoding=\"async\" width=\"720\" height=\"540\" src=\"https:\/\/meat-machine.com\/wp-content\/uploads\/2024\/01\/commercial-meat-chopper-machine.webp\" alt=\"hachoir \u00e0 viande commercial\" class=\"wp-image-520 size-full\" title=\"\" srcset=\"https:\/\/meat-machine.com\/wp-content\/uploads\/2024\/01\/commercial-meat-chopper-machine.webp 720w, https:\/\/meat-machine.com\/wp-content\/uploads\/2024\/01\/commercial-meat-chopper-machine-300x225.webp 300w\" sizes=\"auto, (max-width: 720px) 100vw, 720px\" \/><\/figure><div class=\"wp-block-media-text__content\"> <p class=\"wp-block-paragraph translation-block\"><strong>Machine professionnelle pour hacher la viande<\/strong><\/p>    <p class=\"wp-block-paragraph\">Elle hache rapidement la viande crue pour la r\u00e9duire en farce et la m\u00e9lange avec des ingr\u00e9dients et de l'eau, assurant une distribution uniforme pour une texture de galette constante.<\/p> <\/div><\/div>    <div class=\"wp-block-media-text has-media-on-the-right is-stacked-on-mobile\"><div class=\"wp-block-media-text__content\"> <p class=\"wp-block-paragraph translation-block\"><strong>Machine \u00e0 former les galettes<\/strong><\/p>    <p class=\"wp-block-paragraph translation-block\">La <a href=\"https:\/\/meat-machine.com\/fr\/produit\/fabricant-de-galettes-de-hamburger-commercial\/\" data-type=\"link\" data-id=\"https:\/\/meat-machine.com\/product\/commercial-burger-patty-maker\/\">machine \u00e0 former les galettes<\/a> fa\u00e7onne rapidement et efficacement la viande hach\u00e9e m\u00e9lang\u00e9e en galettes uniformes de taille et de forme constantes. <\/p>    <p class=\"wp-block-paragraph\">Son processus automatis\u00e9 am\u00e9liore la vitesse de production et permet un contr\u00f4le pr\u00e9cis de la taille, de l'\u00e9paisseur et de la forme des galettes pour r\u00e9pondre aux diff\u00e9rents besoins des clients.<\/p> <\/div><figure class=\"wp-block-media-text__media\"><img loading=\"lazy\" decoding=\"async\" width=\"720\" height=\"540\" src=\"https:\/\/meat-machine.com\/wp-content\/uploads\/2022\/09\/automatic-meat-patty-forming-machine.webp\" alt=\"machine automatique de fabrication de galettes\" class=\"wp-image-310 size-full\" title=\"\" srcset=\"https:\/\/meat-machine.com\/wp-content\/uploads\/2022\/09\/automatic-meat-patty-forming-machine.webp 720w, https:\/\/meat-machine.com\/wp-content\/uploads\/2022\/09\/automatic-meat-patty-forming-machine-300x225.webp 300w\" sizes=\"auto, (max-width: 720px) 100vw, 720px\" \/><\/figure><\/div>    <div class=\"wp-block-media-text is-stacked-on-mobile\"><figure class=\"wp-block-media-text__media\"><img loading=\"lazy\" decoding=\"async\" width=\"720\" height=\"540\" src=\"https:\/\/meat-machine.com\/wp-content\/uploads\/2024\/01\/starching-machien-and-crumb-breading-machine.webp\" alt=\"machine \u00e0 f\u00e9culer et machine \u00e0 paner les miettes\" class=\"wp-image-527 size-full\" title=\"\" srcset=\"https:\/\/meat-machine.com\/wp-content\/uploads\/2024\/01\/starching-machien-and-crumb-breading-machine.webp 720w, https:\/\/meat-machine.com\/wp-content\/uploads\/2024\/01\/starching-machien-and-crumb-breading-machine-300x225.webp 300w\" sizes=\"auto, (max-width: 720px) 100vw, 720px\" \/><\/figure><div class=\"wp-block-media-text__content\"> <p class=\"wp-block-paragraph translation-block\"><strong>Machine \u00e0 amidonner<\/strong><\/p>    <p class=\"wp-block-paragraph\">La machine \u00e0 amidonner peut ajouter diff\u00e9rentes saveurs. Elle enrobe uniform\u00e9ment les galettes d'un liquide ou d'une p\u00e2te aromatis\u00e9e, rehaussant le go\u00fbt. <\/p>    <p class=\"wp-block-paragraph\">\u00c9quip\u00e9e d'un dispositif de ventilation pour \u00e9liminer l'exc\u00e8s d'enrobage, elle permet d'ajuster les recettes et les quantit\u00e9s d'enrobage pour personnaliser les saveurs pour divers march\u00e9s et pr\u00e9f\u00e9rences des consommateurs.<\/p> <\/div><\/div>    <div class=\"wp-block-media-text has-media-on-the-right is-stacked-on-mobile\"><div class=\"wp-block-media-text__content\"> <p class=\"wp-block-paragraph translation-block\"><strong>Machine \u00e0 paner<\/strong><\/p>    <p class=\"wp-block-paragraph\">Les machines \u00e0 paner enrobent les galettes de burger de chapelure, am\u00e9liorant leur apparence, leur texture et leur saveur. <\/p>    <p class=\"wp-block-paragraph\">Cette \u00e9tape est cruciale pour rendre le produit plus attrayant sur les march\u00e9s de la restauration rapide et des restaurants.<\/p> <\/div><figure class=\"wp-block-media-text__media\"><img loading=\"lazy\" decoding=\"async\" width=\"720\" height=\"540\" src=\"https:\/\/meat-machine.com\/wp-content\/uploads\/2024\/01\/Crumb-breading-machine.webp\" alt=\"Machine \u00e0 paner les miettes\" class=\"wp-image-857 size-full\" title=\"\" srcset=\"https:\/\/meat-machine.com\/wp-content\/uploads\/2024\/01\/Crumb-breading-machine.webp 720w, https:\/\/meat-machine.com\/wp-content\/uploads\/2024\/01\/Crumb-breading-machine-300x225.webp 300w, https:\/\/meat-machine.com\/wp-content\/uploads\/2024\/01\/Crumb-breading-machine-16x12.webp 16w\" sizes=\"auto, (max-width: 720px) 100vw, 720px\" \/><\/figure><\/div>    <div class=\"wp-block-media-text is-stacked-on-mobile\"><figure class=\"wp-block-media-text__media\"><img loading=\"lazy\" decoding=\"async\" width=\"720\" height=\"540\" src=\"https:\/\/meat-machine.com\/wp-content\/uploads\/2024\/01\/frying-machine.webp\" alt=\"machine \u00e0 frire\" class=\"wp-image-523 size-full\" title=\"\" srcset=\"https:\/\/meat-machine.com\/wp-content\/uploads\/2024\/01\/frying-machine.webp 720w, https:\/\/meat-machine.com\/wp-content\/uploads\/2024\/01\/frying-machine-300x225.webp 300w\" sizes=\"auto, (max-width: 720px) 100vw, 720px\" \/><\/figure><div class=\"wp-block-media-text__content\"> <p class=\"wp-block-paragraph translation-block\"><strong>Machine \u00e0 frire<\/strong><\/p>    <p class=\"wp-block-paragraph\">Les machines \u00e0 frire cuisent les galettes de viande \u00e0 la perfection, cr\u00e9ant une couche ext\u00e9rieure croustillante tout en gardant l'int\u00e9rieur moelleux et juteux. <\/p> <\/div><\/div>    <div class=\"wp-block-media-text has-media-on-the-right is-stacked-on-mobile\"><div class=\"wp-block-media-text__content\"> <p class=\"wp-block-paragraph translation-block\"><strong>Machine de d\u00e9graissage vibrante<\/strong><\/p>    <p class=\"wp-block-paragraph\">Le d\u00e9graisseur vibrant \u00e9limine l'exc\u00e8s de graisse de la surface des galettes frites par vibration. <\/p>    <p class=\"wp-block-paragraph\">En \u00e9liminant l'exc\u00e8s de graisse, il garantit que le produit final ne devient pas trop gras en raison de l'exc\u00e8s de graisse.<\/p> <\/div><figure class=\"wp-block-media-text__media\"><img loading=\"lazy\" decoding=\"async\" width=\"720\" height=\"540\" src=\"https:\/\/meat-machine.com\/wp-content\/uploads\/2024\/01\/vibratory-degreasing-machine.webp\" alt=\"machine de d\u00e9graissage vibratoire\" class=\"wp-image-529 size-full\" title=\"\" srcset=\"https:\/\/meat-machine.com\/wp-content\/uploads\/2024\/01\/vibratory-degreasing-machine.webp 720w, https:\/\/meat-machine.com\/wp-content\/uploads\/2024\/01\/vibratory-degreasing-machine-300x225.webp 300w\" sizes=\"auto, (max-width: 720px) 100vw, 720px\" \/><\/figure><\/div>    <div class=\"wp-block-media-text is-stacked-on-mobile\"><figure class=\"wp-block-media-text__media\"><img loading=\"lazy\" decoding=\"async\" width=\"720\" height=\"540\" src=\"https:\/\/meat-machine.com\/wp-content\/uploads\/2024\/01\/vacuum-meat-packaging-machine.webp\" alt=\"machine d&#039;emballage de viande sous vide\" class=\"wp-image-528 size-full\" title=\"\" srcset=\"https:\/\/meat-machine.com\/wp-content\/uploads\/2024\/01\/vacuum-meat-packaging-machine.webp 720w, https:\/\/meat-machine.com\/wp-content\/uploads\/2024\/01\/vacuum-meat-packaging-machine-300x225.webp 300w\" sizes=\"auto, (max-width: 720px) 100vw, 720px\" \/><\/figure><div class=\"wp-block-media-text__content\"> <p class=\"wp-block-paragraph translation-block\"><strong>Machine de mise sous vide pour viande<\/strong><\/p>    <p class=\"wp-block-paragraph translation-block\">La <a href=\"https:\/\/meat-machine.com\/fr\/produit\/machine-demballage-sous-vide-pour-viande\/\">machine de mise sous vide<\/a> est l'\u00e9tape finale de la ligne de production de galettes de viande. Elle prolonge la dur\u00e9e de conservation en retirant l'air de l'emballage. <\/p>    <p class=\"wp-block-paragraph\">Taizy Meat Machinery propose des machines d'emballage sous vide \u00e0 chambre simple et \u00e0 double chambre.<\/p> <\/div><\/div>    <h2 class=\"wp-block-heading\">Avantages de la ligne de production de galettes de viande<\/h2>    <div class=\"wp-block-media-text has-media-on-the-right is-stacked-on-mobile\"><div class=\"wp-block-media-text__content\"> <ol class=\"wp-block-list\"> <li>La ligne de production offre un haut degr\u00e9 d'automatisation pour un fonctionnement efficace et coh\u00e9rent.<\/li>    <li>Les machines et les moules peuvent \u00eatre personnalis\u00e9s pour r\u00e9pondre aux besoins sp\u00e9cifiques des clients.<\/li>    <li>Tous les \u00e9quipements sont fabriqu\u00e9s en acier inoxydable de qualit\u00e9 alimentaire pour garantir la s\u00e9curit\u00e9 et l'hygi\u00e8ne.<\/li>    <li>La ligne comprend plusieurs modules fonctionnels, permettant une production de galettes polyvalente et compl\u00e8te.<\/li>    <li>La conception simple de l'\u00e9quipement permet un nettoyage et une maintenance faciles.<\/li> <\/ol> <\/div><figure class=\"wp-block-media-text__media\"><img loading=\"lazy\" decoding=\"async\" width=\"720\" height=\"540\" src=\"https:\/\/meat-machine.com\/wp-content\/uploads\/2024\/01\/burger-patty-production-line.webp\" alt=\"ligne de production de galettes de burger\" class=\"wp-image-519 size-full\" title=\"\" srcset=\"https:\/\/meat-machine.com\/wp-content\/uploads\/2024\/01\/burger-patty-production-line.webp 720w, https:\/\/meat-machine.com\/wp-content\/uploads\/2024\/01\/burger-patty-production-line-300x225.webp 300w\" sizes=\"auto, (max-width: 720px) 100vw, 720px\" \/><\/figure><\/div>    <h2 class=\"wp-block-heading\">Application de la ligne de production de galettes de burger<\/h2>    <p class=\"wp-block-paragraph\">La ligne de production de galettes de burger peut produire diff\u00e9rentes formes de produits en changeant diff\u00e9rents moules. Vous pouvez utiliser ces machines \u00e0 galettes de hamburger pour produire des galettes de hamburger, des nuggets de poulet, des galettes de poisson, des galettes v\u00e9g\u00e9tariennes, des galettes de pommes de terre, des galettes de l\u00e9gumes, des galettes de citrouille, des galettes de calamar, des escalopes, etc.<\/p>    <div class=\"wp-block-media-text is-stacked-on-mobile\"><figure class=\"wp-block-media-text__media\"><img loading=\"lazy\" decoding=\"async\" width=\"720\" height=\"540\" src=\"https:\/\/meat-machine.com\/wp-content\/uploads\/2024\/01\/finished-products.webp\" alt=\"produits finis\" class=\"wp-image-521 size-full\" title=\"\" srcset=\"https:\/\/meat-machine.com\/wp-content\/uploads\/2024\/01\/finished-products.webp 720w, https:\/\/meat-machine.com\/wp-content\/uploads\/2024\/01\/finished-products-300x225.webp 300w\" sizes=\"auto, (max-width: 720px) 100vw, 720px\" \/><\/figure><div class=\"wp-block-media-text__content\"> <ul class=\"wp-block-list\"> <li>Viande : poulet, <a href=\"https:\/\/en.wikipedia.org\/wiki\/Beef\" target=\"_blank\" rel=\"noopener\">b\u0153uf<\/a>, agneau, porc, etc.<\/li>    <li>Produits aquatiques : poissons, crevettes, calamars, saumon, chinchard, etc.<\/li>    <li>L\u00e9gumes : pomme de terre, patate douce, potiron, carotte, haricot vert, haricot rouge, f\u00e8ve, soja, noix de cajou, etc.<\/li>    <li>En outre, notre ligne de production de galettes de viande peut \u00e9galement fabriquer d\u2019autres types de galettes.<\/li> <\/ul> <\/div><\/div>    <h2 class=\"wp-block-heading\">Param\u00e8tres de l'\u00e9quipement de fabrication de burgers<\/h2>    <figure class=\"wp-block-table\"><table><tbody><tr><td>Nom de la machine<\/td><td>Capacit\u00e9<\/td><td>Pouvoir<\/td><td>Tension<\/td><td>Mat\u00e9riel<\/td><\/tr><tr><td>Hachoir \u00e0 viande<\/td><td>20kg\/lot<\/td><td>5,5 kW<\/td><td>380 V 50 Hz<\/td><td>304ss<\/td><\/tr><tr><td>Machine \u00e0 galettes de burger commerciale<\/td><td>2100 pi\u00e8ces\/heure<\/td><td>0,55 kW<\/td><td>220 V, 50 Hz<\/td><td>304ss<\/td><\/tr><tr><td>Amidonneuse<\/td><td>\/<\/td><td>0,62 kW<\/td><td>380 V, 50 Hz<\/td><td>304ss<\/td><\/tr><tr><td>Machine \u00e0 frire les galettes<\/td><td>\/<\/td><td>36kw<\/td><td>480 V 60 Hz<\/td><td>304ss<\/td><\/tr><tr><td>Filtre \u00e0 huile vibrant<\/td><td>\/<\/td><td>\/<\/td><td>480 V 60 Hz<\/td><td>304ss<\/td><\/tr><tr><td>Machine d'emballage sous vide pour viande<\/td><td>\/<\/td><td>2,25 kW<\/td><td>380 V, 50 Hz<\/td><td>304ss<\/td><\/tr><\/tbody><\/table><figcaption class=\"wp-element-caption\">param\u00e8tres de la ligne de production de galettes de burger<\/figcaption><\/figure>    <p class=\"wp-block-paragraph\">Chaque \u00e9quipement de fabrication de hamburgers a des param\u00e8tres sp\u00e9cifiques correspondants. D'apr\u00e8s le tableau ci-dessus, vous pouvez obtenir des informations sur cette ligne de production de galettes de burger. Si vous souhaitez en savoir plus sur la ligne de production de galettes de viande, veuillez nous contacter via la fen\u00eatre contextuelle situ\u00e9e dans le coin inf\u00e9rieur droit.<\/p>   <div class=\"wp-block-image\"> <figure class=\"aligncenter size-full\"><img loading=\"lazy\" decoding=\"async\" width=\"720\" height=\"540\" src=\"https:\/\/meat-machine.com\/wp-content\/uploads\/2022\/09\/the-machine-can-make-meat-patties-of-different-shapes.webp\" alt=\"machine \u00e0 faire des galettes de hamburger\" class=\"wp-image-143\" title=\"\" srcset=\"https:\/\/meat-machine.com\/wp-content\/uploads\/2022\/09\/the-machine-can-make-meat-patties-of-different-shapes.webp 720w, https:\/\/meat-machine.com\/wp-content\/uploads\/2022\/09\/the-machine-can-make-meat-patties-of-different-shapes-300x225.webp 300w\" sizes=\"auto, (max-width: 720px) 100vw, 720px\" \/><figcaption class=\"wp-element-caption\">machine \u00e0 faire des galettes de hamburger<\/figcaption><\/figure> <\/div>   <h2 class=\"wp-block-heading\">Quel est le prix de la ligne de production de galettes de burger\u00a0?<\/h2>    <p class=\"wp-block-paragraph\">Le prix de la ligne de production de galettes de burger d\u00e9pend de facteurs tels que la taille, la configuration, la technologie, les mat\u00e9riaux, la distance et les taxes. En raison de ces variables, nous ne pouvons pas fournir de prix sp\u00e9cifique ici. <\/p>    <p class=\"wp-block-paragraph\">Pour un devis d\u00e9taill\u00e9 et un plan personnalis\u00e9, veuillez nous contacter en utilisant les informations dans le coin inf\u00e9rieur droit. Nous adapterons l'offre \u00e0 vos besoins et \u00e0 votre \u00e9chelle de production.<\/p>   <div class=\"wp-block-image\"> <figure class=\"aligncenter size-full\"><img loading=\"lazy\" decoding=\"async\" width=\"720\" height=\"540\" src=\"https:\/\/meat-machine.com\/wp-content\/uploads\/2024\/01\/hamburger-patty.webp\" alt=\"galette de hamburger\" class=\"wp-image-530\" title=\"\" srcset=\"https:\/\/meat-machine.com\/wp-content\/uploads\/2024\/01\/hamburger-patty.webp 720w, https:\/\/meat-machine.com\/wp-content\/uploads\/2024\/01\/hamburger-patty-300x225.webp 300w\" sizes=\"auto, (max-width: 720px) 100vw, 720px\" \/><figcaption class=\"wp-element-caption\">galette de hamburger<\/figcaption><\/figure> <\/div>   <h2 class=\"wp-block-heading\">Conclusion<\/h2>    <p class=\"wp-block-paragraph\">La ligne de production de galettes de burger int\u00e8gre des machines avanc\u00e9es \u2013 du hachage de la viande et du formage des galettes \u00e0 l'amidonnage, au panage, \u00e0 la friture et \u00e0 l'emballage sous vide \u2013 garantissant une production efficace, coh\u00e9rente et de haute qualit\u00e9. <\/p>    <p class=\"wp-block-paragraph\">Avec des r\u00e9glages personnalisables et des processus automatis\u00e9s, cette ligne de production r\u00e9pond aux diverses demandes du march\u00e9, aidant les fabricants \u00e0 livrer des galettes de burger d\u00e9licieuses et visuellement attrayantes qui satisfont les consommateurs et favorisent le succ\u00e8s de l'entreprise.<\/p>","protected":false},"excerpt":{"rendered":"<p>La ligne de production de galettes de burger est un syst\u00e8me de production automatis\u00e9 \u00e0 haute efficacit\u00e9, con\u00e7u pour la fabrication \u00e0 grande \u00e9chelle de galettes \u00e0 base de viande et de plantes. <\/p>","protected":false},"author":1,"featured_media":519,"parent":0,"template":"","tags":[54],"product-type":[4],"class_list":["post-510","product","type-product","status-publish","has-post-thumbnail","hentry","tag-burger-patty-production-line","product-type-meat-grinder"],"_links":{"self":[{"href":"https:\/\/meat-machine.com\/fr\/wp-json\/wp\/v2\/product\/510","targetHints":{"allow":["GET"]}}],"collection":[{"href":"https:\/\/meat-machine.com\/fr\/wp-json\/wp\/v2\/product"}],"about":[{"href":"https:\/\/meat-machine.com\/fr\/wp-json\/wp\/v2\/types\/product"}],"author":[{"embeddable":true,"href":"https:\/\/meat-machine.com\/fr\/wp-json\/wp\/v2\/users\/1"}],"wp:featuredmedia":[{"embeddable":true,"href":"https:\/\/meat-machine.com\/fr\/wp-json\/wp\/v2\/media\/519"}],"wp:attachment":[{"href":"https:\/\/meat-machine.com\/fr\/wp-json\/wp\/v2\/media?parent=510"}],"wp:term":[{"taxonomy":"post_tag","embeddable":true,"href":"https:\/\/meat-machine.com\/fr\/wp-json\/wp\/v2\/tags?post=510"},{"taxonomy":"product-type","embeddable":true,"href":"https:\/\/meat-machine.com\/fr\/wp-json\/wp\/v2\/product-type?post=510"}],"curies":[{"name":"wp","href":"https:\/\/api.w.org\/{rel}","templated":true}]}}