{"id":48,"date":"2022-09-07T05:54:14","date_gmt":"2022-09-07T05:54:14","guid":{"rendered":"https:\/\/meat-machine.com\/?post_type=product&#038;p=48"},"modified":"2026-01-07T15:46:38","modified_gmt":"2026-01-07T07:46:38","slug":"trancheuse-a-viande-congelee-commerciale","status":"publish","type":"product","link":"https:\/\/meat-machine.com\/fr\/product\/commercial-frozen-meat-slicer\/","title":{"rendered":"Slicer de viande surgel\u00e9e commerciale"},"content":{"rendered":"<div class=\"kk-star-ratings kksr-auto kksr-align-left kksr-valign-top\"     data-payload='{&quot;align&quot;:&quot;left&quot;,&quot;id&quot;:&quot;48&quot;,&quot;slug&quot;:&quot;default&quot;,&quot;valign&quot;:&quot;top&quot;,&quot;ignore&quot;:&quot;&quot;,&quot;reference&quot;:&quot;auto&quot;,&quot;class&quot;:&quot;&quot;,&quot;count&quot;:&quot;7&quot;,&quot;legendonly&quot;:&quot;&quot;,&quot;readonly&quot;:&quot;&quot;,&quot;score&quot;:&quot;4.8&quot;,&quot;starsonly&quot;:&quot;&quot;,&quot;best&quot;:&quot;5&quot;,&quot;gap&quot;:&quot;5&quot;,&quot;greet&quot;:&quot;Rate this product&quot;,&quot;legend&quot;:&quot;4.8\\\/5 - (7 votes)&quot;,&quot;size&quot;:&quot;24&quot;,&quot;title&quot;:&quot;Commercial frozen meat slicer&quot;,&quot;width&quot;:&quot;136.7&quot;,&quot;_legend&quot;:&quot;{score}\\\/{best} - ({count} {votes})&quot;,&quot;font_factor&quot;:&quot;1.25&quot;}'>              <div class=\"kksr-stars\">      <div class=\"kksr-stars-inactive\">             <div class=\"kksr-star\" data-star=\"1\" style=\"padding-right: 5px\">               <div class=\"kksr-icon\" style=\"width: 24px; height: 24px;\"><\/div>         <\/div>             <div class=\"kksr-star\" data-star=\"2\" style=\"padding-right: 5px\">               <div class=\"kksr-icon\" style=\"width: 24px; height: 24px;\"><\/div>         <\/div>             <div class=\"kksr-star\" data-star=\"3\" style=\"padding-right: 5px\">               <div class=\"kksr-icon\" style=\"width: 24px; height: 24px;\"><\/div>         <\/div>             <div class=\"kksr-star\" data-star=\"4\" style=\"padding-right: 5px\">               <div class=\"kksr-icon\" style=\"width: 24px; height: 24px;\"><\/div>         <\/div>             <div class=\"kksr-star\" data-star=\"5\" style=\"padding-right: 5px\">               <div class=\"kksr-icon\" style=\"width: 24px; height: 24px;\"><\/div>         <\/div>     <\/div>      <div class=\"kksr-stars-active\" style=\"width: 136.7px;\">             <div class=\"kksr-star\" style=\"padding-right: 5px\">               <div class=\"kksr-icon\" style=\"width: 24px; height: 24px;\"><\/div>         <\/div>             <div class=\"kksr-star\" style=\"padding-right: 5px\">               <div class=\"kksr-icon\" style=\"width: 24px; height: 24px;\"><\/div>         <\/div>             <div class=\"kksr-star\" style=\"padding-right: 5px\">               <div class=\"kksr-icon\" style=\"width: 24px; height: 24px;\"><\/div>         <\/div>             <div class=\"kksr-star\" style=\"padding-right: 5px\">               <div class=\"kksr-icon\" style=\"width: 24px; height: 24px;\"><\/div>         <\/div>             <div class=\"kksr-star\" style=\"padding-right: 5px\">               <div class=\"kksr-icon\" style=\"width: 24px; height: 24px;\"><\/div>         <\/div>     <\/div> <\/div>                   <div class=\"kksr-legend\" style=\"font-size: 19.2px;\">             4,8\/5 - (7 votes)    <\/div>     <\/div>  <p class=\"wp-block-paragraph\">La trancheuse de viande congel\u00e9e commerciale peut couper du mouton congel\u00e9, du b\u0153uf, du porc et d'autres viandes d\u00e9soss\u00e9es en tranches ou rouleaux uniformes sans avoir besoin de d\u00e9gel. Avec des mod\u00e8les disponibles pour produire un, deux, quatre ou huit rouleaux \u00e0 la fois, cet \u00e9quipement polyvalent r\u00e9pond aux divers besoins de transformation des restaurants, des cha\u00eenes chaudes, des supermarch\u00e9s et des usines de transformation des aliments. <\/p>    <p class=\"wp-block-paragraph\">\u00c9quip\u00e9 d'un syst\u00e8me de contr\u00f4le PLC intelligent, il offre un fonctionnement simple, une automatisation \u00e9lev\u00e9e et des performances d'\u00e9conomie de main-d'\u0153uvre. La trancheuse offre une \u00e9paisseur de coupe constante, des performances stables et une excellente durabilit\u00e9. <\/p>    <p class=\"wp-block-paragraph\">Capable de manipuler de la viande \u00e0 -8 \u00b0 C \u00e0 1 \u00b0 C, il assure des rouleaux ou des tranches complets et soigneusement coup\u00e9s. La machine poss\u00e8de une large gamme de capacit\u00e9s de traitement de 25 \u00e0 500 kg \/ h, ce qui le rend id\u00e9al pour les op\u00e9rations \u00e0 petite \u00e9chelle et \u00e0 grande \u00e9chelle.<\/p>    <figure class=\"wp-block-embed is-type-video is-provider-youtube wp-block-embed-youtube wp-embed-aspect-16-9 wp-has-aspect-ratio\"><div class=\"wp-block-embed__wrapper\"> <iframe loading=\"lazy\" title=\"Du bloc \u00e0 la tranche - comment notre trancheuse de viande glac\u00e9e fonctionne #MEAT #SICHING #FOODPROCESSING\" width=\"422\" height=\"750\" src=\"https:\/\/www.youtube.com\/embed\/hPnMCka8QnM?feature=oembed\" frameborder=\"0\" allow=\"accelerometer; autoplay; clipboard-write; encrypted-media; gyroscope; picture-in-picture; web-share\" referrerpolicy=\"strict-origin-when-cross-origin\" allowfullscreen><\/iframe> <\/div><figcaption class=\"wp-element-caption\">Vid\u00e9o de travail de la trancheuse de viande glac\u00e9e commerciale<\/figcaption><\/figure>    <h2 class=\"wp-block-heading\" id=\"h-what-are-the-models-of-taizy-commercial-frozen-meat-slicer\">Quels sont les mod\u00e8les de trancheuse \u00e0 viande congel\u00e9e commerciale de Taizy ?<\/h2>    <p class=\"wp-block-paragraph\">Dans la station de transformation de la viande de Taizy, nous avons quatre types diff\u00e9rents de tranchers de viande congel\u00e9s commerciaux \u00e0 vendre. Les quatre machines ont des sorties, des tailles et des poids diff\u00e9rents. La sortie de la trancheuse \u00e9lectronique contr\u00f4l\u00e9e \u00e0 un rouleau est de 25 \u00e0 50 kg \/ h.<\/p>    <p class=\"wp-block-paragraph\">Si vous avez un petit restaurant ou si la demande de production n'est pas si grande, vous pouvez choisir cette machine. Si vous avez une grande demande pour la sortie de la machine, nous vous recommandons de s\u00e9lectionner les trois autres machines.<\/p>    <p class=\"wp-block-paragraph translation-block\">Leur rendement est respectivement de 50-300 kg\/h, 250-300 kg\/h et 450-500 kg\/h. En plus d'une trancheuse \u00e0 viande surgel\u00e9e automatique, nous avons \u00e9galement une <a href=\"https:\/\/meat-machine.com\/fr\/produit\/machine-automatique-de-decoupe-de-poulet\/\">machine de d\u00e9coupe de viande<\/a> et une <a href=\"https:\/\/meat-machine.com\/fr\/produit\/machine-a-decouper-la-viande\/\">d\u00e9coupeuse de viande surgel\u00e9e<\/a> \u00e0 vendre.<\/p>   <div class=\"wp-block-image\"> <figure class=\"aligncenter size-full\"><img loading=\"lazy\" decoding=\"async\" width=\"720\" height=\"540\" src=\"https:\/\/meat-machine.com\/wp-content\/uploads\/2022\/09\/meat-slicing-machine-for-frozen-mutton.webp\" alt=\"trancheuse de viande pour mouton congel\u00e9\" class=\"wp-image-56\" title=\"\" srcset=\"https:\/\/meat-machine.com\/wp-content\/uploads\/2022\/09\/meat-slicing-machine-for-frozen-mutton.webp 720w, https:\/\/meat-machine.com\/wp-content\/uploads\/2022\/09\/meat-slicing-machine-for-frozen-mutton-300x225.webp 300w\" sizes=\"auto, (max-width: 720px) 100vw, 720px\" \/><figcaption class=\"wp-element-caption\">trancheuse de viande pour mouton congel\u00e9<\/figcaption><\/figure> <\/div>   <h2 class=\"wp-block-heading\" id=\"h-what-are-the-characteristics-of-the-best-commercial-frozen-meat-slicer\">Caract\u00e9ristiques commerciales de la trancheuse de viande surgel\u00e9e<\/h2>    <div class=\"wp-block-media-text is-stacked-on-mobile\"><figure class=\"wp-block-media-text__media\"><img loading=\"lazy\" decoding=\"async\" width=\"720\" height=\"540\" src=\"https:\/\/meat-machine.com\/wp-content\/uploads\/2022\/09\/four-rolls-meat-slicer.webp\" alt=\"trancheuse \u00e0 viande \u00e0 quatre rouleaux\" class=\"wp-image-55 size-full\" title=\"\" srcset=\"https:\/\/meat-machine.com\/wp-content\/uploads\/2022\/09\/four-rolls-meat-slicer.webp 720w, https:\/\/meat-machine.com\/wp-content\/uploads\/2022\/09\/four-rolls-meat-slicer-300x225.webp 300w\" sizes=\"auto, (max-width: 720px) 100vw, 720px\" \/><\/figure><div class=\"wp-block-media-text__content\"> <ul class=\"wp-block-list\"> <li><strong>Tranchage uniforme<\/strong>: Assure une \u00e9paisseur constante pour les tranches ou les rouleaux.<\/li>    <li><strong>Op\u00e9ration s\u00fbre<\/strong>: Panneau de contr\u00f4le \u00e0 boutons avec une garde de s\u00e9curit\u00e9 transparente.<\/li>    <li><strong>Mat\u00e9riaux de qualit\u00e9 alimentaire<\/strong>: 304 <a href=\"https:\/\/en.wikipedia.org\/wiki\/Stainless_steel\" data-type=\"link\" data-id=\"https:\/\/en.wikipedia.org\/wiki\/Stainless_steel\" target=\"_blank\" rel=\"noopener\">acier inoxydable<\/a> : Pour les pi\u00e8ces en contact avec la nourriture, acier inoxydable 201 pour le corps de la machine.<\/li>    <li><strong>Plusieurs mod\u00e8les<\/strong>: Quatre mod\u00e8les disponibles pour r\u00e9pondre \u00e0 diff\u00e9rentes capacit\u00e9s.<\/li>    <li><strong>Facile \u00e0 nettoyer<\/strong>: Conception de lame antiadh\u00e9sive ; le peigne \u00e0 couteaux et le coupeur sont faciles \u00e0 retirer et \u00e0 nettoyer.<\/li> <\/ul> <\/div><\/div>    <div class=\"wp-block-media-text has-media-on-the-right is-stacked-on-mobile\"><div class=\"wp-block-media-text__content\"> <ul class=\"wp-block-list\"> <li><strong>Roulage efficace<\/strong>: Roulage automatique et fluide avec un minimum de gaspillage de mati\u00e8re.<\/li>    <li><strong>Basse nuisance sonore &amp; stabilit\u00e9<\/strong>: Fonctionnement silencieux avec performance stable de la machine.<\/li>    <li><strong>Syst\u00e8me fiable<\/strong>: Transmission hydraulique compl\u00e8te avec un faible taux de panne et un entretien facile.<\/li>    <li><strong>Plateau \u00e0 viande s\u00e9curis\u00e9<\/strong>: Plateau en U antid\u00e9rapant assurant un positionnement stable de la viande.<\/li> <\/ul> <\/div><figure class=\"wp-block-media-text__media\"><img loading=\"lazy\" decoding=\"async\" width=\"750\" height=\"750\" src=\"https:\/\/meat-machine.com\/wp-content\/uploads\/2022\/09\/commercial-frozen-meat-slicer-for-sale.webp\" alt=\"trancheuse de viande congel\u00e9e commerciale \u00e0 vendre\" class=\"wp-image-53 size-full\" title=\"\" srcset=\"https:\/\/meat-machine.com\/wp-content\/uploads\/2022\/09\/commercial-frozen-meat-slicer-for-sale.webp 750w, https:\/\/meat-machine.com\/wp-content\/uploads\/2022\/09\/commercial-frozen-meat-slicer-for-sale-300x300.webp 300w, https:\/\/meat-machine.com\/wp-content\/uploads\/2022\/09\/commercial-frozen-meat-slicer-for-sale-150x150.webp 150w\" sizes=\"auto, (max-width: 750px) 100vw, 750px\" \/><\/figure><\/div>    <h2 class=\"wp-block-heading\">Comment fonctionne la machine \u00e0 viande congel\u00e9e?<\/h2>    <div class=\"wp-block-media-text is-stacked-on-mobile\"><figure class=\"wp-block-media-text__media\"><img loading=\"lazy\" decoding=\"async\" width=\"720\" height=\"540\" src=\"https:\/\/meat-machine.com\/wp-content\/uploads\/2025\/04\/Frozen-meat-slicing-machine-details.webp\" alt=\"d\u00e9tails de la machine \u00e0 trancher la viande congel\u00e9e\" class=\"wp-image-788 size-full\" title=\"\" srcset=\"https:\/\/meat-machine.com\/wp-content\/uploads\/2025\/04\/Frozen-meat-slicing-machine-details.webp 720w, https:\/\/meat-machine.com\/wp-content\/uploads\/2025\/04\/Frozen-meat-slicing-machine-details-300x225.webp 300w, https:\/\/meat-machine.com\/wp-content\/uploads\/2025\/04\/Frozen-meat-slicing-machine-details-16x12.webp 16w\" sizes=\"auto, (max-width: 720px) 100vw, 720px\" \/><\/figure><div class=\"wp-block-media-text__content\"> <ul class=\"wp-block-list\"> <li><strong>Alimentation automatique de la viande<\/strong>: Un syst\u00e8me \u00e0 double guide pousse et presse la viande congel\u00e9e vers l'avant tout en contr\u00f4lant l'\u00e9paisseur de la tranche.<\/li>    <li><strong>Tranchage synchronis\u00e9<\/strong>: La lame et la bande transporteuse fonctionnent simultan\u00e9ment pour r\u00e9aliser un tranchage continu et pr\u00e9cis.<\/li>    <li><strong>Ach\u00e8vement automatique<\/strong>: Une fois la coupe termin\u00e9e, le couteau s'arr\u00eate et le m\u00e9canisme de pouss\u00e9e revient automatiquement.<\/li> <\/ul> <\/div><\/div>    <h2 class=\"wp-block-heading\" id=\"h-how-to-use-an-industrial-frozen-meat-slicer-correctly\">Comment bien utiliser une trancheuse \u00e0 viande industrielle surgel\u00e9e ?<\/h2>    <div class=\"wp-block-media-text has-media-on-the-right is-stacked-on-mobile\"><div class=\"wp-block-media-text__content\"> <ul class=\"wp-block-list\"> <li><strong>Inspection \u00e9lectrique<\/strong>: V\u00e9rifiez que le cordon d'alimentation, la fiche et la prise sont bien fix\u00e9s avant de d\u00e9marrer la machine.<\/li>    <li><strong>Connexion \u00e0 la terre<\/strong>: Assurez-vous que la machine est correctement mise \u00e0 la terre pour garantir une op\u00e9ration s\u00fbre.<\/li>    <li><strong>R\u00e9glage de l'\u00e9paisseur<\/strong>: D\u00e9finissez \u00e0 l'avance l'\u00e9paisseur de coupe requise selon les besoins de traitement.<\/li>    <li><strong>Chargement appropri\u00e9 de la viande<\/strong>: Placer la viande sans os, \u00e0 plat et en toute s\u00e9curit\u00e9 sur la planche \u00e0 d\u00e9couper.<\/li>    <li><strong>Op\u00e9ration s\u00fbre<\/strong>: Gardez les mains \u00e9loign\u00e9es de la lame en tout temps pendant l'utilisation.<\/li>    <li><strong>Entretien de la lame<\/strong>: Arr\u00eater la machine et aiguiser la lame lorsque l'efficacit\u00e9 de coupe diminue.<\/li> <\/ul> <\/div><figure class=\"wp-block-media-text__media\"><img loading=\"lazy\" decoding=\"async\" width=\"720\" height=\"540\" src=\"https:\/\/meat-machine.com\/wp-content\/uploads\/2025\/04\/Frozen-meat-slicing-machine-price.webp\" alt=\"prix de la machine \u00e0 trancher la viande congel\u00e9e\" class=\"wp-image-791 size-full\" title=\"\" srcset=\"https:\/\/meat-machine.com\/wp-content\/uploads\/2025\/04\/Frozen-meat-slicing-machine-price.webp 720w, https:\/\/meat-machine.com\/wp-content\/uploads\/2025\/04\/Frozen-meat-slicing-machine-price-300x225.webp 300w, https:\/\/meat-machine.com\/wp-content\/uploads\/2025\/04\/Frozen-meat-slicing-machine-price-16x12.webp 16w\" sizes=\"auto, (max-width: 720px) 100vw, 720px\" \/><\/figure><\/div>    <h2 class=\"wp-block-heading\" id=\"h-machine-parameters\">Param\u00e8tres commerciaux de la machine \u00e0 trancheurs de viande glac\u00e9e<\/h2>    <figure class=\"wp-block-table\"><table><tbody><tr><td>Nom<\/td><td>Puissance (kW)<\/td><td>Tension (V)<\/td><td>Production (kg\/h)<\/td><td>\u00c9paisseur de tranche (mm)<\/td><td>Poids de la machine (kg)<\/td><td>Taille de la machine (mm)<\/td><\/tr><tr><td>Trancheuse \u00e0 un\u00a0rouleau<\/td><td>0.45<\/td><td>220<\/td><td>25-50<\/td><td>0.2-5<\/td><td>50<\/td><td>650*350*400<\/td><\/tr><tr><td>CNC Two Roll Sliner<\/td><td>2.2<\/td><td>220<\/td><td>50-300<\/td><td>0.2-6<\/td><td>200<\/td><td>1200*560*1200<\/td><\/tr><tr><td>Trancheuse CNC \u00e0 quatre rouleaux<\/td><td>1.5-3.5<\/td><td>220\/380<\/td><td>250-300<\/td><td>0.2-20<\/td><td>300<\/td><td>1450*660*1300<\/td><\/tr><tr><td>Trancheuse CNC \u00e0 huit rouleaux<\/td><td>3.5<\/td><td>380<\/td><td>450-500<\/td><td>0.2-20<\/td><td>400<\/td><td>1450*1010*1450<\/td><\/tr><\/tbody><\/table><\/figure>   <div class=\"wp-block-image\"> <figure class=\"aligncenter size-full\"><img loading=\"lazy\" decoding=\"async\" width=\"800\" height=\"600\" src=\"https:\/\/meat-machine.com\/wp-content\/uploads\/2022\/09\/picture-of-shipment.webp\" alt=\"photo de l&#039;envoi\" class=\"wp-image-57\" title=\"\" srcset=\"https:\/\/meat-machine.com\/wp-content\/uploads\/2022\/09\/picture-of-shipment.webp 800w, https:\/\/meat-machine.com\/wp-content\/uploads\/2022\/09\/picture-of-shipment-300x225.webp 300w, https:\/\/meat-machine.com\/wp-content\/uploads\/2022\/09\/picture-of-shipment-768x576.webp 768w\" sizes=\"auto, (max-width: 800px) 100vw, 800px\" \/><figcaption class=\"wp-element-caption\">photo de l'envoi<\/figcaption><\/figure> <\/div>   <h2 class=\"wp-block-heading\" id=\"h-can-you-slice-frozen-meat-with-a-meat-slicer\">Peut-on trancher de la viande congel\u00e9e avec une trancheuse \u00e0 viande ?<\/h2>    <p class=\"wp-block-paragraph\">: Les trancheuses \u00e0 viande domestiques ordinaires ne conviennent pas pour couper de la viande congel\u00e9e car celle-ci est trop dure et peut facilement endommager la lame. De plus, les trancheuses domestiques sont principalement con\u00e7ues pour la viande fra\u00eeche plut\u00f4t que pour les produits congel\u00e9s. <\/p>    <p class=\"wp-block-paragraph\">: Pour trancher la viande congel\u00e9e en toute s\u00e9curit\u00e9 et efficacement, il faut utiliser une trancheuse \u00e0 viande congel\u00e9e commerciale. M\u00eame avec une trancheuse \u00e0 viande congel\u00e9e sp\u00e9cialis\u00e9e, la viande doit \u00eatre l\u00e9g\u00e8rement d\u00e9congel\u00e9e \u00e0 plus de \u20136 \u00b0C avant la coupe pour assurer une performance de coupe ad\u00e9quate et prot\u00e9ger la machine.<\/p>    <p class=\"wp-block-paragraph translation-block\">Dans l'ensemble, si vous recherchez une trancheuse \u00e0 viande congel\u00e9e industrielle, une trancheuse de mouton ou une machine pour trancher du b\u0153uf congel\u00e9, veuillez nous contacter. En juillet de cette ann\u00e9e, un client am\u00e9ricain a command\u00e9 cette <a href=\"https:\/\/meat-machine.com\/fr\/info\/des-clients-americains-ont-achete-un-coupe-viande-congele-commercial\/\" data-type=\"link\" data-id=\"https:\/\/meat-machine.com\/Info\/american-customers-bought-commercial-frozen-meat-cutter\/\">machine \u00e0 trancher la viande<\/a> pour couper du mouton. Notre machine est la meilleure trancheuse pour la viande congel\u00e9e. Et nous ferons de notre mieux pour vous aider.<\/p>   <div class=\"wp-block-image\"> <figure class=\"aligncenter size-full\"><img loading=\"lazy\" decoding=\"async\" width=\"750\" height=\"668\" src=\"https:\/\/meat-machine.com\/wp-content\/uploads\/2022\/09\/application-of-the-slicing-machine.webp\" alt=\"application de la trancheuse\" class=\"wp-image-52\" title=\"\" srcset=\"https:\/\/meat-machine.com\/wp-content\/uploads\/2022\/09\/application-of-the-slicing-machine.webp 750w, https:\/\/meat-machine.com\/wp-content\/uploads\/2022\/09\/application-of-the-slicing-machine-300x267.webp 300w\" sizes=\"auto, (max-width: 750px) 100vw, 750px\" \/><figcaption class=\"wp-element-caption\">application de la trancheuse<\/figcaption><\/figure> <\/div>   <h2 class=\"wp-block-heading\">Conclusion<\/h2>    <p class=\"wp-block-paragraph\">La trancheuse commerciale de viande congel\u00e9e combine l'efficacit\u00e9, la pr\u00e9cision et la s\u00e9curit\u00e9, ce qui en fait un choix id\u00e9al pour les restaurants de la pot chaude, les usines de transformation des aliments, les supermarch\u00e9s, etc. <\/p>    <p class=\"wp-block-paragraph\">Si vous cherchez \u00e0 augmenter votre productivit\u00e9 et \u00e0 garantir une qualit\u00e9 de coupe constante, contactez-nous d\u00e8s aujourd'hui pour plus de d\u00e9tails et un devis comp\u00e9titif !<\/p>    <figure class=\"wp-block-image size-full\"><img loading=\"lazy\" decoding=\"async\" width=\"720\" height=\"540\" src=\"https:\/\/meat-machine.com\/wp-content\/uploads\/2025\/04\/Frozen-meat-slicing-machine-for-sale.webp\" alt=\"Slicer de viande surgel\u00e9e commerciale\" class=\"wp-image-790\" title=\"\" srcset=\"https:\/\/meat-machine.com\/wp-content\/uploads\/2025\/04\/Frozen-meat-slicing-machine-for-sale.webp 720w, https:\/\/meat-machine.com\/wp-content\/uploads\/2025\/04\/Frozen-meat-slicing-machine-for-sale-300x225.webp 300w, https:\/\/meat-machine.com\/wp-content\/uploads\/2025\/04\/Frozen-meat-slicing-machine-for-sale-16x12.webp 16w\" sizes=\"auto, (max-width: 720px) 100vw, 720px\" \/><figcaption class=\"wp-element-caption\">Trancheuse \u00e0 viande congel\u00e9e commerciale<\/figcaption><\/figure>","protected":false},"excerpt":{"rendered":"<p>Le trancheur de viande congel\u00e9e commercial peut couper de l'agneau, du b\u0153uf, du porc et d'autres viandes d\u00e9soss\u00e9es congel\u00e9es en tranches ou en rouleaux uniformes sans avoir besoin de d\u00e9congeler.<\/p>","protected":false},"author":1,"featured_media":362,"parent":0,"template":"","tags":[16],"product-type":[2],"class_list":["post-48","product","type-product","status-publish","has-post-thumbnail","hentry","tag-frozen-meat-slicer","product-type-meat-cutting-machine"],"_links":{"self":[{"href":"https:\/\/meat-machine.com\/fr\/wp-json\/wp\/v2\/product\/48","targetHints":{"allow":["GET"]}}],"collection":[{"href":"https:\/\/meat-machine.com\/fr\/wp-json\/wp\/v2\/product"}],"about":[{"href":"https:\/\/meat-machine.com\/fr\/wp-json\/wp\/v2\/types\/product"}],"author":[{"embeddable":true,"href":"https:\/\/meat-machine.com\/fr\/wp-json\/wp\/v2\/users\/1"}],"wp:featuredmedia":[{"embeddable":true,"href":"https:\/\/meat-machine.com\/fr\/wp-json\/wp\/v2\/media\/362"}],"wp:attachment":[{"href":"https:\/\/meat-machine.com\/fr\/wp-json\/wp\/v2\/media?parent=48"}],"wp:term":[{"taxonomy":"post_tag","embeddable":true,"href":"https:\/\/meat-machine.com\/fr\/wp-json\/wp\/v2\/tags?post=48"},{"taxonomy":"product-type","embeddable":true,"href":"https:\/\/meat-machine.com\/fr\/wp-json\/wp\/v2\/product-type?post=48"}],"curies":[{"name":"wp","href":"https:\/\/api.w.org\/{rel}","templated":true}]}}