{"id":441,"date":"2023-07-05T15:51:05","date_gmt":"2023-07-05T07:51:05","guid":{"rendered":"https:\/\/meat-machine.com\/?post_type=product&#038;p=441"},"modified":"2023-07-05T15:51:07","modified_gmt":"2023-07-05T07:51:07","slug":"machine-a-enlever-les-plumes-de-poulet","status":"publish","type":"product","link":"https:\/\/meat-machine.com\/fr\/product\/chicken-feather-removal-machine\/","title":{"rendered":"Machine d'\u00e9limination des plumes de poulet | Plumeuse automatique de poulet"},"content":{"rendered":"<div class=\"kk-star-ratings kksr-auto kksr-align-left kksr-valign-top\"     data-payload='{&quot;align&quot;:&quot;left&quot;,&quot;id&quot;:&quot;441&quot;,&quot;slug&quot;:&quot;default&quot;,&quot;valign&quot;:&quot;top&quot;,&quot;ignore&quot;:&quot;&quot;,&quot;reference&quot;:&quot;auto&quot;,&quot;class&quot;:&quot;&quot;,&quot;count&quot;:&quot;6&quot;,&quot;legendonly&quot;:&quot;&quot;,&quot;readonly&quot;:&quot;&quot;,&quot;score&quot;:&quot;4.7&quot;,&quot;starsonly&quot;:&quot;&quot;,&quot;best&quot;:&quot;5&quot;,&quot;gap&quot;:&quot;5&quot;,&quot;greet&quot;:&quot;Rate this product&quot;,&quot;legend&quot;:&quot;4.7\\\/5 - (6 votes)&quot;,&quot;size&quot;:&quot;24&quot;,&quot;title&quot;:&quot;Chicken Feather Removal Machine | Automatic Chicken Plucker&quot;,&quot;width&quot;:&quot;133.8&quot;,&quot;_legend&quot;:&quot;{score}\\\/{best} - ({count} {votes})&quot;,&quot;font_factor&quot;:&quot;1.25&quot;}'>              <div class=\"kksr-stars\">      <div class=\"kksr-stars-inactive\">             <div class=\"kksr-star\" data-star=\"1\" style=\"padding-right: 5px\">               <div class=\"kksr-icon\" style=\"width: 24px; height: 24px;\"><\/div>         <\/div>             <div class=\"kksr-star\" data-star=\"2\" style=\"padding-right: 5px\">               <div class=\"kksr-icon\" style=\"width: 24px; height: 24px;\"><\/div>         <\/div>             <div class=\"kksr-star\" data-star=\"3\" style=\"padding-right: 5px\">               <div class=\"kksr-icon\" style=\"width: 24px; height: 24px;\"><\/div>         <\/div>             <div class=\"kksr-star\" data-star=\"4\" style=\"padding-right: 5px\">               <div class=\"kksr-icon\" style=\"width: 24px; height: 24px;\"><\/div>         <\/div>             <div class=\"kksr-star\" data-star=\"5\" style=\"padding-right: 5px\">               <div class=\"kksr-icon\" style=\"width: 24px; height: 24px;\"><\/div>         <\/div>     <\/div>      <div class=\"kksr-stars-active\" style=\"width: 133.8px;\">             <div class=\"kksr-star\" style=\"padding-right: 5px\">               <div class=\"kksr-icon\" style=\"width: 24px; height: 24px;\"><\/div>         <\/div>             <div class=\"kksr-star\" style=\"padding-right: 5px\">               <div class=\"kksr-icon\" style=\"width: 24px; height: 24px;\"><\/div>         <\/div>             <div class=\"kksr-star\" style=\"padding-right: 5px\">               <div class=\"kksr-icon\" style=\"width: 24px; height: 24px;\"><\/div>         <\/div>             <div class=\"kksr-star\" style=\"padding-right: 5px\">               <div class=\"kksr-icon\" style=\"width: 24px; height: 24px;\"><\/div>         <\/div>             <div class=\"kksr-star\" style=\"padding-right: 5px\">               <div class=\"kksr-icon\" style=\"width: 24px; height: 24px;\"><\/div>         <\/div>     <\/div> <\/div>                   <div class=\"kksr-legend\" style=\"font-size: 19.2px;\">             4,7\/5 - (6 votes)    <\/div>     <\/div>  <p class=\"wp-block-paragraph translation-block\">Une machine \u00e0 plumer le poulet est un appareil utilis\u00e9 pour enlever les plumes des poulets, en particulier des poulets de volaille. Elle est couramment utilis\u00e9e dans l'\u00e9levage de volailles et les industries de <a href=\"https:\/\/meat-machine.com\/fr\/\">transformation de la viande<\/a>.<\/p>    <h2 class=\"wp-block-heading\">Comment fonctionne une machine \u00e0 enlever les plumes de poulet ?<\/h2>    <p class=\"wp-block-paragraph\">Beaucoup de gens veulent savoir comment enlever les plumes de poulet, et nous vous l'expliquerons ensuite.<br>Une machine \u00e0 enlever les plumes de poulet utilise des processus m\u00e9caniques et technologiques avanc\u00e9s pour enlever les plumes des poulets rapidement et efficacement. Il utilise des \u00e9quipements sp\u00e9cialis\u00e9s, tels que des tambours rotatifs ou des doigts en caoutchouc, pour arracher d\u00e9licatement les plumes de la volaille, garantissant ainsi un minimum de dommages \u00e0 la peau. Cette machine peut traiter un grand volume de poulets, am\u00e9liorant ainsi l\u2019efficacit\u00e9 du traitement.<\/p>   <div class=\"wp-block-image\"> <figure class=\"aligncenter size-full\"><img loading=\"lazy\" decoding=\"async\" width=\"720\" height=\"540\" src=\"https:\/\/meat-machine.com\/wp-content\/uploads\/2023\/07\/chicken-feather-removal-machine.webp\" alt=\"machine \u00e0 enlever les plumes de poulet\" class=\"wp-image-444\" title=\"\" srcset=\"https:\/\/meat-machine.com\/wp-content\/uploads\/2023\/07\/chicken-feather-removal-machine.webp 720w, https:\/\/meat-machine.com\/wp-content\/uploads\/2023\/07\/chicken-feather-removal-machine-300x225.webp 300w\" sizes=\"auto, (max-width: 720px) 100vw, 720px\" \/><figcaption class=\"wp-element-caption\">machine \u00e0 enlever les plumes de poulet<\/figcaption><\/figure> <\/div>   <h2 class=\"wp-block-heading\">Principales caract\u00e9ristiques d'une machine \u00e0 plumer les plumes de poulet<\/h2>    <ol class=\"wp-block-list\"> <li>Fonctionnement automatis\u00e9\u00a0: La machine est con\u00e7ue pour fonctionner de mani\u00e8re autonome, r\u00e9duisant ainsi le besoin d\u2019intervention manuelle et r\u00e9duisant les co\u00fbts de main-d\u2019\u0153uvre.<\/li>    <li>Param\u00e8tres r\u00e9glables\u00a0: les utilisateurs peuvent personnaliser les param\u00e8tres de la machine pour s'adapter \u00e0 diff\u00e9rentes tailles de poulet et types de plumes, am\u00e9liorant ainsi la flexibilit\u00e9 et la polyvalence.<\/li>    <li>Entretien facile : ces machines sont con\u00e7ues avec des fonctionnalit\u00e9s conviviales pour un nettoyage, une maintenance et un d\u00e9pannage faciles.<\/li>    <li>Normes d'hygi\u00e8ne : les machines \u00e0 plumer les plumes de poulet de haute qualit\u00e9 sont fabriqu\u00e9es \u00e0 partir de mat\u00e9riaux de qualit\u00e9 alimentaire et con\u00e7ues pour r\u00e9pondre \u00e0 des normes sanitaires strictes.<\/li>    <li>Rentabilit\u00e9\u00a0: investir dans une machine \u00e0 plumer les plumes de poulet peut entra\u00eener des \u00e9conomies \u00e0 long terme en r\u00e9duisant les besoins en main-d'\u0153uvre et en augmentant l'efficacit\u00e9 globale.<\/li> <\/ol>   <div class=\"wp-block-image\"> <figure class=\"aligncenter size-full\"><img loading=\"lazy\" decoding=\"async\" width=\"720\" height=\"540\" src=\"https:\/\/meat-machine.com\/wp-content\/uploads\/2023\/07\/inner-structure-of-automatic-chicken-plucker.webp\" alt=\"structure interne du plumeur de poulet automatique\" class=\"wp-image-448\" title=\"\" srcset=\"https:\/\/meat-machine.com\/wp-content\/uploads\/2023\/07\/inner-structure-of-automatic-chicken-plucker.webp 720w, https:\/\/meat-machine.com\/wp-content\/uploads\/2023\/07\/inner-structure-of-automatic-chicken-plucker-300x225.webp 300w\" sizes=\"auto, (max-width: 720px) 100vw, 720px\" \/><figcaption class=\"wp-element-caption\">structure interne du plumeur de poulet automatique<\/figcaption><\/figure> <\/div>   <h2 class=\"wp-block-heading\">Machine \u00e0 plumer le poulet \u00e0 vendre<\/h2>    <figure class=\"wp-block-table\"><table><tbody><tr><td>Mod\u00e8le<\/td><td>Capacit\u00e9<\/td><td>Pouvoir<\/td><td>Taille<\/td><td>Poids<\/td><\/tr><tr><td>TZ-500<\/td><td>1-2 pi\u00e8ces\/lot<\/td><td>0,75 kW<\/td><td>700x620x850mm<\/td><td>80<\/td><\/tr><tr><td>TZ-600<\/td><td>2-3 pi\u00e8ces\/lot<\/td><td>0,75 kW<\/td><td>800x720x900mm<\/td><td>95<\/td><\/tr><\/tbody><\/table><\/figure>    <p class=\"wp-block-paragraph\">De plus, nous avons \u00e9galement une grande machine \u00e0 plumer les poulets \u00e0 vendre, et sa production est de 10 pi\u00e8ces\/lot. Si vous avez besoin de cette machine, n'h\u00e9sitez pas \u00e0 nous contacter.<\/p>   <div class=\"wp-block-image\"> <figure class=\"aligncenter size-full\"><img loading=\"lazy\" decoding=\"async\" width=\"720\" height=\"540\" src=\"https:\/\/meat-machine.com\/wp-content\/uploads\/2023\/07\/chicken-plucking-machine-for-sale.webp\" alt=\"Machine \u00e0 plumer le poulet \u00e0 vendre\" class=\"wp-image-446\" title=\"\" srcset=\"https:\/\/meat-machine.com\/wp-content\/uploads\/2023\/07\/chicken-plucking-machine-for-sale.webp 720w, https:\/\/meat-machine.com\/wp-content\/uploads\/2023\/07\/chicken-plucking-machine-for-sale-300x225.webp 300w\" sizes=\"auto, (max-width: 720px) 100vw, 720px\" \/><figcaption class=\"wp-element-caption\">Machine \u00e0 plumer le poulet \u00e0 vendre<\/figcaption><\/figure> <\/div>   <h2 class=\"wp-block-heading\">Types de machines \u00e0 enlever les plumes de poulet<\/h2>    <p class=\"wp-block-paragraph\">Il existe diff\u00e9rents types de machines \u00e0 enlever les plumes de poulet, chacune avec ses caract\u00e9ristiques et ses applications uniques. Les types courants incluent\u00a0:<\/p>    <ul class=\"wp-block-list\"> <li>Machines \u00e0 lames rotatives\u00a0: utilisez des lames rotatives pour \u00e9liminer rapidement les plumes.<\/li>    <li>Machines \u00e0 plumer les plumes\u00a0: utilisez des doigts en caoutchouc pour plumer doucement les plumes.<\/li>    <li>Machines \u00e0 \u00e9bouillanter et \u00e0 plumer\u00a0: combinez l\u2019\u00e9chaudage et la plumaison m\u00e9canique pour une \u00e9limination efficace des plumes.<\/li> <\/ul>    <p class=\"wp-block-paragraph\">Notre machine est la deuxi\u00e8me qui ne nuira pas au poulet et maintiendra l'int\u00e9grit\u00e9 du poulet.<\/p>   <div class=\"wp-block-image\"> <figure class=\"aligncenter size-full\"><img loading=\"lazy\" decoding=\"async\" width=\"720\" height=\"540\" src=\"https:\/\/meat-machine.com\/wp-content\/uploads\/2023\/07\/automatic-chicken-plucker-machine.webp\" alt=\"machine automatique de plumage de poulet\" class=\"wp-image-443\" title=\"\" srcset=\"https:\/\/meat-machine.com\/wp-content\/uploads\/2023\/07\/automatic-chicken-plucker-machine.webp 720w, https:\/\/meat-machine.com\/wp-content\/uploads\/2023\/07\/automatic-chicken-plucker-machine-300x225.webp 300w\" sizes=\"auto, (max-width: 720px) 100vw, 720px\" \/><figcaption class=\"wp-element-caption\">machine automatique de plumage de poulet<\/figcaption><\/figure> <\/div>   <h2 class=\"wp-block-heading\">Applications de la machine automatique \u00e0 plumer les poulets<\/h2>    <p class=\"wp-block-paragraph\">Les plumeuses automatiques de poulet ont de nombreuses applications dans l'industrie avicole. Certains domaines cl\u00e9s dans lesquels ces machines sont utilis\u00e9es comprennent\u00a0:<\/p>    <ul class=\"wp-block-list\"> <li>Usines de transformation de volaille : La plumeuse automatique de poulet est largement utilis\u00e9e dans les usines de transformation de volaille pour l'\u00e9limination des plumes \u00e0 grande \u00e9chelle. Ces machines garantissent un traitement efficace et hygi\u00e9nique des poulets, \u00e9conomisant du temps et du travail par rapport aux m\u00e9thodes de plumage manuelle.<\/li>    <li>Abattoirs de poulets : L\u2019\u00e9limination des plumes fait partie int\u00e9grante du processus d\u2019abattage des poulets. Les machines \u00e0 plumer permettent un plumage rapide et efficace, contribuant ainsi \u00e0 des op\u00e9rations rationalis\u00e9es et r\u00e9pondant aux exigences du traitement de gros volumes.<\/li>    <li>Fermes avicoles : La plumeuse automatique de poulets est de plus en plus adopt\u00e9e dans les fermes avicoles, en particulier celles qui comptent un nombre important de poulets. Les fermes peuvent transformer leurs poulets sur place, garantissant ainsi leur fra\u00eecheur et r\u00e9duisant les co\u00fbts de transport.<\/li>    <li>Installations de transformation des aliments : Les plumeuses automatiques de poulet jouent un r\u00f4le essentiel dans les installations de transformation des aliments sp\u00e9cialis\u00e9es dans les produits \u00e0 base de poulet. Ces machines contribuent \u00e0 maintenir la qualit\u00e9 du produit en assurant un retrait complet des plumes, ce qui donne une viande de volaille propre et pr\u00e9sentable.<\/li> <\/ul>   <div class=\"wp-block-image\"> <figure class=\"aligncenter size-full\"><img loading=\"lazy\" decoding=\"async\" width=\"720\" height=\"540\" src=\"https:\/\/meat-machine.com\/wp-content\/uploads\/2023\/07\/application-of-the-machine.webp\" alt=\"application de la machine\" class=\"wp-image-442\" title=\"\" srcset=\"https:\/\/meat-machine.com\/wp-content\/uploads\/2023\/07\/application-of-the-machine.webp 720w, https:\/\/meat-machine.com\/wp-content\/uploads\/2023\/07\/application-of-the-machine-300x225.webp 300w\" sizes=\"auto, (max-width: 720px) 100vw, 720px\" \/><figcaption class=\"wp-element-caption\">application de la machine<\/figcaption><\/figure> <\/div>   <h2 class=\"wp-block-heading\">Pourquoi utiliser un plumeur de poulet pour enlever les plumes de poulet ?<\/h2>    <p class=\"wp-block-paragraph\">Dans la transformation de la volaille, le temps presse. Avec une machine \u00e0 enlever les plumes de poulet, le temps de traitement est consid\u00e9rablement r\u00e9duit, ce qui permet un d\u00e9bit plus rapide et une efficacit\u00e9 am\u00e9lior\u00e9e. De plus, la nature automatis\u00e9e de la machine \u00e9limine la variabilit\u00e9 associ\u00e9e au retrait manuel des plumes, garantissant ainsi des r\u00e9sultats coh\u00e9rents et une qualit\u00e9 de produit uniforme.<\/p>    <p class=\"wp-block-paragraph\">Les machines \u00e0 enlever les plumes de poulet donnent la priorit\u00e9 \u00e0 la s\u00e9curit\u00e9 des op\u00e9rateurs. Ils disposent de m\u00e9canismes de s\u00e9curit\u00e9 pour pr\u00e9venir les accidents, tels que des boutons d'arr\u00eat d'urgence et des capots de protection. De plus, les consid\u00e9rations de conception ergonomique am\u00e9liorent le confort de l\u2019op\u00e9rateur lors d\u2019un fonctionnement prolong\u00e9 de la machine.<\/p>   <div class=\"wp-block-image\"> <figure class=\"aligncenter size-full\"><img loading=\"lazy\" decoding=\"async\" width=\"720\" height=\"540\" src=\"https:\/\/meat-machine.com\/wp-content\/uploads\/2023\/07\/customized-chicken-feather-plucking-machine.webp\" alt=\"Machine \u00e0 plumer les plumes de poulet personnalis\u00e9e\" class=\"wp-image-447\" title=\"\" srcset=\"https:\/\/meat-machine.com\/wp-content\/uploads\/2023\/07\/customized-chicken-feather-plucking-machine.webp 720w, https:\/\/meat-machine.com\/wp-content\/uploads\/2023\/07\/customized-chicken-feather-plucking-machine-300x225.webp 300w\" sizes=\"auto, (max-width: 720px) 100vw, 720px\" \/><figcaption class=\"wp-element-caption\">Machine \u00e0 plumer les plumes de poulet personnalis\u00e9e<\/figcaption><\/figure> <\/div>   <h2 class=\"wp-block-heading\">O\u00f9 acheter une machine \u00e0 enlever les plumes de poulet\u00a0?<\/h2>    <ul class=\"wp-block-list\"> <li>Fabricants d'\u00e9quipements pour la volaille : De nombreux fabricants se sp\u00e9cialisent dans la production d'\u00e9quipements de transformation de la volaille, tels que les machines \u00e0 viande Taizy. Nous fournissons une large gamme d'\u00e9quipements de transformation du poulet, tels qu'un <a href=\"https:\/\/meat-machine.com\/fr\/produit\/machine-automatique-de-decoupe-de-poulet\/\">Machine de d\u00e9coupe de poulet<\/a>, <a href=\"https:\/\/meat-machine.com\/fr\/produit\/ligne-de-traitement-des-pattes-de-poulet\/\">Machine de traitement des pattes de poulet<\/a>sable <a href=\"https:\/\/meat-machine.com\/fr\/produit\/machine-a-fumer-la-viande\/\">Machine \u00e0 fumer pour le poulet<\/a>, etc.<\/li>    <li>D\u00e9taillants d\u2019\u00e9quipements industriels en ligne\u00a0: de nombreux d\u00e9taillants en ligne se sp\u00e9cialisent dans la vente d\u2019\u00e9quipements et de machines industriels. Des sites comme <a href=\"https:\/\/en.wikipedia.org\/wiki\/Alibaba_Group\" target=\"_blank\" rel=\"noopener\">Alibaba<\/a>, Amazon et eBay proposent souvent une large gamme de machines \u00e0 enlever les plumes de poulet disponibles \u00e0 l'achat. Vous pouvez parcourir leurs annonces, comparer les prix et lire les avis des clients pour prendre une d\u00e9cision \u00e9clair\u00e9e.<\/li>    <li>Entreprises de fournitures agricoles\u00a0: les entreprises de fournitures agricoles locales ou r\u00e9gionales peuvent transporter du mat\u00e9riel de transformation de la volaille, y compris des machines \u00e0 enlever les plumes de poulet. Ces entreprises r\u00e9pondent aux besoins des agriculteurs, des transformateurs de volaille et des installations de transformation des aliments. Vous pouvez rechercher de telles entreprises dans votre r\u00e9gion et les contacter pour vous renseigner sur la disponibilit\u00e9 des machines \u00e0 enlever les plumes de poulet.<\/li> <\/ul>","protected":false},"excerpt":{"rendered":"<p>A chicken feather removal machine is a device used to remove feathers from chickens, particularly poultry chickens. It is commonly used in poultry farming and meat processing industries. How Does a Chicken Feather Removal Machine Work? Many people want to know how are chicken feathers removed, and then we will explain to you.A chicken feather [&hellip;]<\/p>\n","protected":false},"author":1,"featured_media":445,"parent":0,"template":"","tags":[30],"product-type":[4],"class_list":["post-441","product","type-product","status-publish","has-post-thumbnail","hentry","tag-chicken-feather-removal-machine","product-type-meat-grinder"],"_links":{"self":[{"href":"https:\/\/meat-machine.com\/fr\/wp-json\/wp\/v2\/product\/441","targetHints":{"allow":["GET"]}}],"collection":[{"href":"https:\/\/meat-machine.com\/fr\/wp-json\/wp\/v2\/product"}],"about":[{"href":"https:\/\/meat-machine.com\/fr\/wp-json\/wp\/v2\/types\/product"}],"author":[{"embeddable":true,"href":"https:\/\/meat-machine.com\/fr\/wp-json\/wp\/v2\/users\/1"}],"wp:featuredmedia":[{"embeddable":true,"href":"https:\/\/meat-machine.com\/fr\/wp-json\/wp\/v2\/media\/445"}],"wp:attachment":[{"href":"https:\/\/meat-machine.com\/fr\/wp-json\/wp\/v2\/media?parent=441"}],"wp:term":[{"taxonomy":"post_tag","embeddable":true,"href":"https:\/\/meat-machine.com\/fr\/wp-json\/wp\/v2\/tags?post=441"},{"taxonomy":"product-type","embeddable":true,"href":"https:\/\/meat-machine.com\/fr\/wp-json\/wp\/v2\/product-type?post=441"}],"curies":[{"name":"wp","href":"https:\/\/api.w.org\/{rel}","templated":true}]}}