{"id":421,"date":"2023-06-16T15:06:48","date_gmt":"2023-06-16T07:06:48","guid":{"rendered":"https:\/\/meat-machine.com\/?post_type=product&#038;p=421"},"modified":"2023-06-16T15:06:51","modified_gmt":"2023-06-16T07:06:51","slug":"machine-a-malaxer-la-viande","status":"publish","type":"product","link":"https:\/\/meat-machine.com\/fr\/product\/meat-tumbler-machine\/","title":{"rendered":"Machine \u00e0 gobelet \u00e0 viande | Machine commerciale de culbuteur de vide"},"content":{"rendered":"<div class=\"kk-star-ratings kksr-auto kksr-align-left kksr-valign-top\"     data-payload='{&quot;align&quot;:&quot;left&quot;,&quot;id&quot;:&quot;421&quot;,&quot;slug&quot;:&quot;default&quot;,&quot;valign&quot;:&quot;top&quot;,&quot;ignore&quot;:&quot;&quot;,&quot;reference&quot;:&quot;auto&quot;,&quot;class&quot;:&quot;&quot;,&quot;count&quot;:&quot;29&quot;,&quot;legendonly&quot;:&quot;&quot;,&quot;readonly&quot;:&quot;&quot;,&quot;score&quot;:&quot;4.8&quot;,&quot;starsonly&quot;:&quot;&quot;,&quot;best&quot;:&quot;5&quot;,&quot;gap&quot;:&quot;5&quot;,&quot;greet&quot;:&quot;Rate this product&quot;,&quot;legend&quot;:&quot;4.8\\\/5 - (29 votes)&quot;,&quot;size&quot;:&quot;24&quot;,&quot;title&quot;:&quot;Meat Tumbler Machine | Commercial Vacuum Tumbler Machine&quot;,&quot;width&quot;:&quot;136.7&quot;,&quot;_legend&quot;:&quot;{score}\\\/{best} - ({count} {votes})&quot;,&quot;font_factor&quot;:&quot;1.25&quot;}'>              <div class=\"kksr-stars\">      <div class=\"kksr-stars-inactive\">             <div class=\"kksr-star\" data-star=\"1\" style=\"padding-right: 5px\">               <div class=\"kksr-icon\" style=\"width: 24px; height: 24px;\"><\/div>         <\/div>             <div class=\"kksr-star\" data-star=\"2\" style=\"padding-right: 5px\">               <div class=\"kksr-icon\" style=\"width: 24px; height: 24px;\"><\/div>         <\/div>             <div class=\"kksr-star\" data-star=\"3\" style=\"padding-right: 5px\">               <div class=\"kksr-icon\" style=\"width: 24px; height: 24px;\"><\/div>         <\/div>             <div class=\"kksr-star\" data-star=\"4\" style=\"padding-right: 5px\">               <div class=\"kksr-icon\" style=\"width: 24px; height: 24px;\"><\/div>         <\/div>             <div class=\"kksr-star\" data-star=\"5\" style=\"padding-right: 5px\">               <div class=\"kksr-icon\" style=\"width: 24px; height: 24px;\"><\/div>         <\/div>     <\/div>      <div class=\"kksr-stars-active\" style=\"width: 136.7px;\">             <div class=\"kksr-star\" style=\"padding-right: 5px\">               <div class=\"kksr-icon\" style=\"width: 24px; height: 24px;\"><\/div>         <\/div>             <div class=\"kksr-star\" style=\"padding-right: 5px\">               <div class=\"kksr-icon\" style=\"width: 24px; height: 24px;\"><\/div>         <\/div>             <div class=\"kksr-star\" style=\"padding-right: 5px\">               <div class=\"kksr-icon\" style=\"width: 24px; height: 24px;\"><\/div>         <\/div>             <div class=\"kksr-star\" style=\"padding-right: 5px\">               <div class=\"kksr-icon\" style=\"width: 24px; height: 24px;\"><\/div>         <\/div>             <div class=\"kksr-star\" style=\"padding-right: 5px\">               <div class=\"kksr-icon\" style=\"width: 24px; height: 24px;\"><\/div>         <\/div>     <\/div> <\/div>                   <div class=\"kksr-legend\" style=\"font-size: 19.2px;\">             4,8\/5 - (29 votes)    <\/div>     <\/div>  <p class=\"wp-block-paragraph\">Une machine \u00e0 culbuter la viande, \u00e9galement connue sous le nom de machine \u00e0 culbuter sous vide ou de marineuse \u00e0 culbuteur \u00e0 viande, est un appareil utilis\u00e9 dans l'industrie alimentaire pour am\u00e9liorer la saveur, la texture et la tendret\u00e9 de la viande. Il est couramment utilis\u00e9 dans les installations de transformation de la viande, les boucheries et les restaurants.<\/p>    <p class=\"wp-block-paragraph\">La machine se compose d'un grand tambour ou baril rotatif o\u00f9 la viande est plac\u00e9e. Le tambour est scell\u00e9 et une pompe \u00e0 vide cr\u00e9e un vide \u00e0 l'int\u00e9rieur, \u00e9liminant l'air. Le vide contribue \u00e0 augmenter la p\u00e9n\u00e9tration des marinades ou des assaisonnements dans la viande, ce qui am\u00e9liore sa saveur et sa jutosit\u00e9.<\/p>   <div class=\"wp-block-image\"> <figure class=\"aligncenter size-full\"><img loading=\"lazy\" decoding=\"async\" width=\"720\" height=\"540\" src=\"https:\/\/meat-machine.com\/wp-content\/uploads\/2023\/06\/vacuum-tumbler-machine.webp\" alt=\"machine \u00e0 culbuteur sous vide\" class=\"wp-image-429\" title=\"\" srcset=\"https:\/\/meat-machine.com\/wp-content\/uploads\/2023\/06\/vacuum-tumbler-machine.webp 720w, https:\/\/meat-machine.com\/wp-content\/uploads\/2023\/06\/vacuum-tumbler-machine-300x225.webp 300w\" sizes=\"auto, (max-width: 720px) 100vw, 720px\" \/><figcaption class=\"wp-element-caption\">machine \u00e0 culbuteur sous vide<\/figcaption><\/figure> <\/div>   <h2 class=\"wp-block-heading\">Comment fonctionne une machine \u00e0 culbuter la viande\u00a0?<\/h2>    <p class=\"wp-block-paragraph translation-block\">Les tonneaux \u00e0 viande, tels que ceux fabriqu\u00e9s par <a href=\"https:\/\/meat-machine.com\/fr\/\">Taizy Meat Machinery<\/a>, utilisent un processus innovant pour mariner et attendrir la viande. La machine est dot\u00e9e d'un grand tambour rotatif avec des pales internes qui massent doucement la viande sous vide. Cette action de culbutage permet \u00e0 la marinade de p\u00e9n\u00e9trer en profondeur dans les fibres de la viande, ce qui am\u00e9liore la saveur, la tendret\u00e9 et r\u00e9duit le temps de traitement.<\/p>   <div class=\"wp-block-image\"> <figure class=\"aligncenter size-full\"><img loading=\"lazy\" decoding=\"async\" width=\"720\" height=\"540\" src=\"https:\/\/meat-machine.com\/wp-content\/uploads\/2023\/06\/working-process-of-vacuum-tumber-machine.webp\" alt=\"processus de travail de la machine \u00e0 tuber sous vide\" class=\"wp-image-430\" title=\"\" srcset=\"https:\/\/meat-machine.com\/wp-content\/uploads\/2023\/06\/working-process-of-vacuum-tumber-machine.webp 720w, https:\/\/meat-machine.com\/wp-content\/uploads\/2023\/06\/working-process-of-vacuum-tumber-machine-300x225.webp 300w\" sizes=\"auto, (max-width: 720px) 100vw, 720px\" \/><figcaption class=\"wp-element-caption\">processus de travail de la machine \u00e0 tuber sous vide<\/figcaption><\/figure> <\/div>   <h2 class=\"wp-block-heading\">Les param\u00e8tres de la machine \u00e0 gobelet sous vide commerciale<\/h2>    <figure class=\"wp-block-table\"><table><tbody><tr><td>Mod\u00e8le<\/td><td>Dimensions(mm)<\/td><td>Longueur du corps (mm)<\/td><td>Diam\u00e8tres du corps (mm)<\/td><td>Puissance (kw)<\/td><\/tr><tr><td>TZ-100L<\/td><td>1130*712*1100<\/td><td>600<\/td><td>600<\/td><td>1.5<\/td><\/tr><tr><td>TZ-200L<\/td><td>1450*800*1450<\/td><td>620<\/td><td>900<\/td><td>2.25<\/td><\/tr><tr><td>TZ-500L<\/td><td>2000*1000*1550<\/td><td>1000<\/td><td>1000<\/td><td>2.95<\/td><\/tr><tr><td>TZ-800L<\/td><td>2600*1200*1800<\/td><td>1240<\/td><td>1200<\/td><td>4.5<\/td><\/tr><tr><td>TZ-1000L<\/td><td>3100*1350*1950<\/td><td>1500<\/td><td>1200<\/td><td>5.5<\/td><\/tr><\/tbody><\/table><\/figure>    <p class=\"wp-block-paragraph\">Outre ces mod\u00e8les de machines, nous proposons \u00e9galement des TZ-50, TZ-300, TZ-600 et TZ-1200. Si vous avez besoin de cette machine, n'h\u00e9sitez pas \u00e0 nous contacter.<\/p>   <div class=\"wp-block-image\"> <figure class=\"aligncenter size-full\"><img loading=\"lazy\" decoding=\"async\" width=\"720\" height=\"540\" src=\"https:\/\/meat-machine.com\/wp-content\/uploads\/2023\/06\/meat-vacuum-tumbler-manufacturers.webp\" alt=\"Fabricants de gobelets sous vide \u00e0 viande\" class=\"wp-image-427\" title=\"\" srcset=\"https:\/\/meat-machine.com\/wp-content\/uploads\/2023\/06\/meat-vacuum-tumbler-manufacturers.webp 720w, https:\/\/meat-machine.com\/wp-content\/uploads\/2023\/06\/meat-vacuum-tumbler-manufacturers-300x225.webp 300w\" sizes=\"auto, (max-width: 720px) 100vw, 720px\" \/><figcaption class=\"wp-element-caption\">Fabricants de gobelets sous vide \u00e0 viande<\/figcaption><\/figure> <\/div>   <h2 class=\"wp-block-heading\">Applications de la machine commerciale \u00e0 culbuteur sous vide<\/h2>    <p class=\"wp-block-paragraph translation-block\">La polyvalence des tonneaux \u00e0 viande commerciaux en fait des atouts pr\u00e9cieux dans divers secteurs de l'industrie de la viande. Que vous soyez une petite boucherie, un transformateur de viande \u00e0 grande \u00e9chelle ou un restaurateur, ces machines peuvent am\u00e9liorer consid\u00e9rablement vos op\u00e9rations de transformation de la viande. Les tonneaux sous vide commerciaux sont largement utilis\u00e9s pour mariner diff\u00e9rents types de viande, y compris le b\u0153uf, le <a href=\"https:\/\/en.wikipedia.org\/wiki\/Pork\" target=\"_blank\" rel=\"noopener\">porc<\/a>, la volaille et les fruits de mer. De plus, ils jouent un r\u00f4le d\u00e9terminant dans l'am\u00e9lioration de la texture et de l'apparence des produits carn\u00e9s transform\u00e9s, tels que les saucisses, le jambon et le bacon. <\/p>   <div class=\"wp-block-image\"> <figure class=\"aligncenter size-full\"><img loading=\"lazy\" decoding=\"async\" width=\"720\" height=\"540\" src=\"https:\/\/meat-machine.com\/wp-content\/uploads\/2023\/06\/finished-products.webp\" alt=\"produits finis\" class=\"wp-image-424\" title=\"\" srcset=\"https:\/\/meat-machine.com\/wp-content\/uploads\/2023\/06\/finished-products.webp 720w, https:\/\/meat-machine.com\/wp-content\/uploads\/2023\/06\/finished-products-300x225.webp 300w\" sizes=\"auto, (max-width: 720px) 100vw, 720px\" \/><figcaption class=\"wp-element-caption\">produits finis<\/figcaption><\/figure> <\/div>   <h2 class=\"wp-block-heading\">Avantages de la machine \u00e0 culbuter la viande<\/h2>    <p class=\"wp-block-paragraph\">Investir dans une machine commerciale \u00e0 culbuteur sous vide offre plusieurs avantages aux transformateurs de viande.<\/p>    <ol class=\"wp-block-list\"> <li>Premi\u00e8rement, le processus de culbutage am\u00e9liore le profil aromatique de la viande en garantissant que la marinade est uniform\u00e9ment r\u00e9partie dans tout le produit. Il en r\u00e9sulte un go\u00fbt et une tendret\u00e9 constants, satisfaisant m\u00eame les palais les plus exigeants.<\/li>    <li>Deuxi\u00e8mement, l'environnement sous vide \u00e0 l'int\u00e9rieur du gobelet acc\u00e9l\u00e8re le processus de marination, r\u00e9duisant ainsi le temps de traitement global et augmentant l'efficacit\u00e9 de la production.<\/li>    <li>De plus, l'action m\u00e9canique du gobelet favorise une meilleure extraction des prot\u00e9ines, ce qui se traduit par une meilleure r\u00e9tention d'eau et une meilleure jutosit\u00e9 de la viande.<\/li>    <li>Enfin, l\u2019utilisation d\u2019un culbuteur \u00e0 viande commercial permet de r\u00e9duire le besoin d\u2019additifs excessifs, car l\u2019action de culbutage maximise l\u2019efficacit\u00e9 de la marinade avec une quantit\u00e9 r\u00e9duite.<\/li> <\/ol>   <div class=\"wp-block-image\"> <figure class=\"aligncenter size-full\"><img loading=\"lazy\" decoding=\"async\" width=\"720\" height=\"540\" src=\"https:\/\/meat-machine.com\/wp-content\/uploads\/2023\/06\/meat-tumbler-marinator.webp\" alt=\"marineuse \u00e0 viande\" class=\"wp-image-426\" title=\"\" srcset=\"https:\/\/meat-machine.com\/wp-content\/uploads\/2023\/06\/meat-tumbler-marinator.webp 720w, https:\/\/meat-machine.com\/wp-content\/uploads\/2023\/06\/meat-tumbler-marinator-300x225.webp 300w\" sizes=\"auto, (max-width: 720px) 100vw, 720px\" \/><figcaption class=\"wp-element-caption\">marineuse \u00e0 viande<\/figcaption><\/figure> <\/div>   <h2 class=\"wp-block-heading\">O\u00f9 acheter une machine \u00e0 culbuter la viande sous vide<\/h2>    <p class=\"wp-block-paragraph\">Lorsqu\u2019il s\u2019agit d\u2019acheter un gobelet sous vide commercial, il est essentiel de choisir un fabricant fiable et r\u00e9put\u00e9. Taizy Meat Machinery est un fabricant renomm\u00e9 et professionnel de machines \u00e0 viande avec une pr\u00e9sence mondiale. Avec plus de 10 ans d'exp\u00e9rience, Taizy a export\u00e9 ses machines dans plus de 20 pays et r\u00e9gions du monde. <\/p>    <p class=\"wp-block-paragraph translation-block\">L'entreprise propose une large gamme de tonneaux \u00e0 viande sous vide de haute qualit\u00e9, y compris les mod\u00e8les populaires pour les applications commerciales. De plus, nous avons de nombreuses machines de transformation de la viande telles que des <a href=\"https:\/\/meat-machine.com\/fr\/produit\/machine-a-fumer-la-viande\/\">fumoirs \u00e0 viande<\/a>, des <a href=\"https:\/\/meat-machine.com\/fr\/produit\/hachoir-a-viande-commercial\/\">hacheurs de viande commerciaux<\/a> et des <a href=\"https:\/\/meat-machine.com\/fr\/produit\/machine-automatique-de-decoupe-de-poulet\/\">coupe-viande automatiques<\/a> \u00e0 vendre.<\/p>    <div class=\"wp-block-columns is-layout-flex wp-container-core-columns-is-layout-8f761849 wp-block-columns-is-layout-flex\"> <div class=\"wp-block-column is-layout-flow wp-block-column-is-layout-flow\"> <figure class=\"wp-block-image size-full\"><img loading=\"lazy\" decoding=\"async\" width=\"720\" height=\"540\" src=\"https:\/\/meat-machine.com\/wp-content\/uploads\/2022\/09\/meat-cutting-equipment.webp\" alt=\"\u00e9quipement de d\u00e9coupe de viande\" class=\"wp-image-44\" title=\"\" srcset=\"https:\/\/meat-machine.com\/wp-content\/uploads\/2022\/09\/meat-cutting-equipment.webp 720w, https:\/\/meat-machine.com\/wp-content\/uploads\/2022\/09\/meat-cutting-equipment-300x225.webp 300w\" sizes=\"auto, (max-width: 720px) 100vw, 720px\" \/><figcaption class=\"wp-element-caption\">\u00c9quipement de d\u00e9coupe de viande<\/figcaption><\/figure> <\/div>    <div class=\"wp-block-column is-layout-flow wp-block-column-is-layout-flow\"> <figure class=\"wp-block-image size-full\"><img loading=\"lazy\" decoding=\"async\" width=\"720\" height=\"540\" src=\"https:\/\/meat-machine.com\/wp-content\/uploads\/2023\/03\/meat-smoker-machine-for-sale.webp\" alt=\"machine \u00e0 fumer la viande \u00e0 vendre\" class=\"wp-image-375\" title=\"\" srcset=\"https:\/\/meat-machine.com\/wp-content\/uploads\/2023\/03\/meat-smoker-machine-for-sale.webp 720w, https:\/\/meat-machine.com\/wp-content\/uploads\/2023\/03\/meat-smoker-machine-for-sale-300x225.webp 300w\" sizes=\"auto, (max-width: 720px) 100vw, 720px\" \/><figcaption class=\"wp-element-caption\">Machine \u00e0 fumer la viande \u00e0 vendre<\/figcaption><\/figure> <\/div> <\/div>    <p class=\"wp-block-paragraph\">Le marinateur \u00e0 viande commercial joue un r\u00f4le essentiel dans l'industrie de transformation de la viande, offrant une solution efficace et efficiente pour mariner et attendrir la viande. Leur capacit\u00e9 \u00e0 rehausser la saveur, \u00e0 r\u00e9duire le temps de traitement et \u00e0 am\u00e9liorer la qualit\u00e9 globale du produit les rend indispensables aux transformateurs de viande \u00e0 petite et \u00e0 grande \u00e9chelle. Si vous souhaitez investir dans une machine \u00e0 culbuter la viande, consid\u00e9rez Taizy Meat Machinery comme votre partenaire de confiance. Nous ferons de notre mieux pour vous aider.<\/p>","protected":false},"excerpt":{"rendered":"<p>A meat tumbler machine, also known as a vacuum tumbler machine or meat tumbler marinator, is a device used in the food industry to enhance the flavor, texture, and tenderness of the meat. It is commonly used in meat processing facilities, butcher shops, and restaurants. The machine consists of a large rotating drum or barrel [&hellip;]<\/p>\n","protected":false},"author":1,"featured_media":423,"parent":0,"template":"","tags":[29],"product-type":[4],"class_list":["post-421","product","type-product","status-publish","has-post-thumbnail","hentry","tag-meat-tumbler-machine","product-type-meat-grinder"],"_links":{"self":[{"href":"https:\/\/meat-machine.com\/fr\/wp-json\/wp\/v2\/product\/421","targetHints":{"allow":["GET"]}}],"collection":[{"href":"https:\/\/meat-machine.com\/fr\/wp-json\/wp\/v2\/product"}],"about":[{"href":"https:\/\/meat-machine.com\/fr\/wp-json\/wp\/v2\/types\/product"}],"author":[{"embeddable":true,"href":"https:\/\/meat-machine.com\/fr\/wp-json\/wp\/v2\/users\/1"}],"wp:featuredmedia":[{"embeddable":true,"href":"https:\/\/meat-machine.com\/fr\/wp-json\/wp\/v2\/media\/423"}],"wp:attachment":[{"href":"https:\/\/meat-machine.com\/fr\/wp-json\/wp\/v2\/media?parent=421"}],"wp:term":[{"taxonomy":"post_tag","embeddable":true,"href":"https:\/\/meat-machine.com\/fr\/wp-json\/wp\/v2\/tags?post=421"},{"taxonomy":"product-type","embeddable":true,"href":"https:\/\/meat-machine.com\/fr\/wp-json\/wp\/v2\/product-type?post=421"}],"curies":[{"name":"wp","href":"https:\/\/api.w.org\/{rel}","templated":true}]}}