{"id":399,"date":"2023-04-07T11:41:27","date_gmt":"2023-04-07T03:41:27","guid":{"rendered":"https:\/\/meat-machine.com\/?post_type=product&#038;p=399"},"modified":"2025-06-24T18:29:58","modified_gmt":"2025-06-24T10:29:58","slug":"machine-a-classer-les-oeufs","status":"publish","type":"product","link":"https:\/\/meat-machine.com\/fr\/product\/egg-grader-machine\/","title":{"rendered":"Machine \u00e0 classer les \u0153ufs | Syst\u00e8me de classement des \u0153ufs efficace"},"content":{"rendered":"<div class=\"kk-star-ratings kksr-auto kksr-align-left kksr-valign-top\"     data-payload='{&quot;align&quot;:&quot;left&quot;,&quot;id&quot;:&quot;399&quot;,&quot;slug&quot;:&quot;default&quot;,&quot;valign&quot;:&quot;top&quot;,&quot;ignore&quot;:&quot;&quot;,&quot;reference&quot;:&quot;auto&quot;,&quot;class&quot;:&quot;&quot;,&quot;count&quot;:&quot;14&quot;,&quot;legendonly&quot;:&quot;&quot;,&quot;readonly&quot;:&quot;&quot;,&quot;score&quot;:&quot;4.7&quot;,&quot;starsonly&quot;:&quot;&quot;,&quot;best&quot;:&quot;5&quot;,&quot;gap&quot;:&quot;5&quot;,&quot;greet&quot;:&quot;Rate this product&quot;,&quot;legend&quot;:&quot;4.7\\\/5 - (14 votes)&quot;,&quot;size&quot;:&quot;24&quot;,&quot;title&quot;:&quot;Egg Grader Machine | Efficient Egg Grading System&quot;,&quot;width&quot;:&quot;133.8&quot;,&quot;_legend&quot;:&quot;{score}\\\/{best} - ({count} {votes})&quot;,&quot;font_factor&quot;:&quot;1.25&quot;}'>              <div class=\"kksr-stars\">      <div class=\"kksr-stars-inactive\">             <div class=\"kksr-star\" data-star=\"1\" style=\"padding-right: 5px\">               <div class=\"kksr-icon\" style=\"width: 24px; height: 24px;\"><\/div>         <\/div>             <div class=\"kksr-star\" data-star=\"2\" style=\"padding-right: 5px\">               <div class=\"kksr-icon\" style=\"width: 24px; height: 24px;\"><\/div>         <\/div>             <div class=\"kksr-star\" data-star=\"3\" style=\"padding-right: 5px\">               <div class=\"kksr-icon\" style=\"width: 24px; height: 24px;\"><\/div>         <\/div>             <div class=\"kksr-star\" data-star=\"4\" style=\"padding-right: 5px\">               <div class=\"kksr-icon\" style=\"width: 24px; height: 24px;\"><\/div>         <\/div>             <div class=\"kksr-star\" data-star=\"5\" style=\"padding-right: 5px\">               <div class=\"kksr-icon\" style=\"width: 24px; height: 24px;\"><\/div>         <\/div>     <\/div>      <div class=\"kksr-stars-active\" style=\"width: 133.8px;\">             <div class=\"kksr-star\" style=\"padding-right: 5px\">               <div class=\"kksr-icon\" style=\"width: 24px; height: 24px;\"><\/div>         <\/div>             <div class=\"kksr-star\" style=\"padding-right: 5px\">               <div class=\"kksr-icon\" style=\"width: 24px; height: 24px;\"><\/div>         <\/div>             <div class=\"kksr-star\" style=\"padding-right: 5px\">               <div class=\"kksr-icon\" style=\"width: 24px; height: 24px;\"><\/div>         <\/div>             <div class=\"kksr-star\" style=\"padding-right: 5px\">               <div class=\"kksr-icon\" style=\"width: 24px; height: 24px;\"><\/div>         <\/div>             <div class=\"kksr-star\" style=\"padding-right: 5px\">               <div class=\"kksr-icon\" style=\"width: 24px; height: 24px;\"><\/div>         <\/div>     <\/div> <\/div>                   <div class=\"kksr-legend\" style=\"font-size: 19.2px;\">             4,7\/5 - (14 votes)    <\/div>     <\/div>  <p class=\"wp-block-paragraph\">La machine \u00e0 classer les \u0153ufs est un dispositif \u00e0 haute efficacit\u00e9 con\u00e7u pour trier automatiquement les \u0153ufs frais par poids avec une pr\u00e9cision remarquable. Capable de classer de 3 700 \u00e0 5 400 \u0153ufs par heure, cette machine augmente consid\u00e9rablement la productivit\u00e9 des fermes avicoles, des usines de transformation des \u0153ufs et des installations d'emballage alimentaire. <\/p>    <p class=\"wp-block-paragraph\">Il prend en charge plusieurs cat\u00e9gories de poids\u2014typiquement de 5 \u00e0 7 niveaux\u2014garantissant une qualit\u00e9 de produit constante pour la distribution commerciale. Construit en acier inoxydable et pr\u00e9sentant un faible taux de casse des \u0153ufs (&lt;0,3 %), le calibreur d&#039;\u0153ufs offre \u00e0 la fois durabilit\u00e9 et manipulation douce, ce qui en fait un choix id\u00e9al pour les entreprises cherchant \u00e0 am\u00e9liorer la vitesse et l&#039;uniformit\u00e9 de la classification des \u0153ufs.<\/p>    <figure class=\"wp-block-embed is-type-video is-provider-youtube wp-block-embed-youtube wp-embed-aspect-16-9 wp-has-aspect-ratio\"><div class=\"wp-block-embed__wrapper\"> <iframe loading=\"lazy\" title=\"Augmentez votre vitesse de tri des \u0153ufs avec notre machine de classement de pointe #egg #grading #foodmachine\" width=\"500\" height=\"281\" src=\"https:\/\/www.youtube.com\/embed\/TC5W5L2YfeM?feature=oembed\" frameborder=\"0\" allow=\"accelerometer; autoplay; clipboard-write; encrypted-media; gyroscope; picture-in-picture; web-share\" referrerpolicy=\"strict-origin-when-cross-origin\" allowfullscreen><\/iframe> <\/div><figcaption class=\"wp-element-caption\">vid\u00e9o de travail de la machine \u00e0 classer les \u0153ufs<\/figcaption><\/figure>    <h2 class=\"wp-block-heading\"> Avantages de la machine \u00e0 classer les \u0153ufs<\/h2>    <div class=\"wp-block-media-text is-stacked-on-mobile\"><figure class=\"wp-block-media-text__media\"><img loading=\"lazy\" decoding=\"async\" width=\"720\" height=\"540\" src=\"https:\/\/meat-machine.com\/wp-content\/uploads\/2023\/04\/egg-optical-inspection.webp\" alt=\"inspection optique des \u0153ufs\" class=\"wp-image-597 size-full\" title=\"\" srcset=\"https:\/\/meat-machine.com\/wp-content\/uploads\/2023\/04\/egg-optical-inspection.webp 720w, https:\/\/meat-machine.com\/wp-content\/uploads\/2023\/04\/egg-optical-inspection-300x225.webp 300w, https:\/\/meat-machine.com\/wp-content\/uploads\/2023\/04\/egg-optical-inspection-16x12.webp 16w\" sizes=\"auto, (max-width: 720px) 100vw, 720px\" \/><\/figure><div class=\"wp-block-media-text__content\"> <ul class=\"wp-block-list\"> <li><strong>Haute efficacit\u00e9<\/strong>. Avec une capacit\u00e9 allant de 3\u00a0700 \u00e0 5\u00a0400 \u0153ufs par heure, la machine am\u00e9liore consid\u00e9rablement la vitesse et l\u2019efficacit\u00e9 du classement des \u0153ufs.<\/li>    <li><strong>Pr\u00e9cision exceptionnelle<\/strong>. \u00c9quip\u00e9e de balances \u00e9lectroniques et de syst\u00e8mes contr\u00f4l\u00e9s par ordinateur, la niveleuse minimise les erreurs couramment observ\u00e9es lors du classement manuel.<\/li> <\/ul> <\/div><\/div>    <div class=\"wp-block-media-text has-media-on-the-right is-stacked-on-mobile\"><div class=\"wp-block-media-text__content\"> <ul class=\"wp-block-list\"> <li><strong>Qualit\u00e9 des produits am\u00e9lior\u00e9e<\/strong>. La fonction d'inspection lumineuse int\u00e9gr\u00e9e d\u00e9tecte les \u0153ufs f\u00eal\u00e9s et d\u00e9fectueux, garantissant que seuls les \u0153ufs de haute qualit\u00e9 sont tri\u00e9s.<\/li>    <li><strong>Casse minime<\/strong>. La machine est con\u00e7ue pour une manipulation douce, atteignant un taux de casse proche de z\u00e9ro.<\/li>    <li><strong>Applications polyvalentes<\/strong>. Convient pour classer diff\u00e9rents types d'\u0153ufs, notamment les \u0153ufs de canard, d'oie, de caille et d'autres \u0153ufs sp\u00e9ciaux.<\/li> <\/ul> <\/div><figure class=\"wp-block-media-text__media\"><img loading=\"lazy\" decoding=\"async\" width=\"720\" height=\"540\" src=\"https:\/\/meat-machine.com\/wp-content\/uploads\/2023\/04\/hot-sale-egg-grading-equipment.webp\" alt=\"\u00e9quipement de classement des \u0153ufs de vente chaude\" class=\"wp-image-403 size-full\" title=\"\" srcset=\"https:\/\/meat-machine.com\/wp-content\/uploads\/2023\/04\/hot-sale-egg-grading-equipment.webp 720w, https:\/\/meat-machine.com\/wp-content\/uploads\/2023\/04\/hot-sale-egg-grading-equipment-300x225.webp 300w\" sizes=\"auto, (max-width: 720px) 100vw, 720px\" \/><\/figure><\/div>    <h2 class=\"wp-block-heading\">Param\u00e8tres techniques de l'\u00e9quipement de classement des \u0153ufs<\/h2>    <figure class=\"wp-block-table\"><table class=\"has-fixed-layout\"><tbody><tr><td>Mod\u00e8le<\/td><td>TZ-3700<\/td><td>TZ-4000<\/td><td>TZ-5400<\/td><\/tr><tr><td>Capacit\u00e9 (pi\u00e8ces\/h)<\/td><td>3700<\/td><td>4000<\/td><td>5400<\/td><\/tr><tr><td>Puissance (kw)<\/td><td>5<\/td><td>7<\/td><td>5<\/td><\/tr><tr><td>Taille (mm)<\/td><td>1400x1600x1000<\/td><td>1700x1450x1000<\/td><td>1800x1600x1000<\/td><\/tr><tr><td>Notes<\/td><td>7<\/td><td>7<\/td><td>5<\/td><\/tr><tr><td>Tension (v)<\/td><td>220<\/td><td>220<\/td><td>220<\/td><\/tr><\/tbody><\/table><figcaption class=\"wp-element-caption\">Param\u00e8tres de la machine de classement des plateaux \u00e0 \u0153ufs<\/figcaption><\/figure>    <p class=\"wp-block-paragraph translation-block\">Comme vous pouvez le constater dans le tableau, nous avons des machines de tri d'\u0153ufs \u00e0 grande \u00e9chelle et des <a href=\"https:\/\/meat-machine.com\/fr\/info\/classeur-doeufs-taizy-a-vendre-en-irlande\/\">machines de tri d'\u0153ufs \u00e0 petite \u00e9chelle \u00e0 vendre<\/a>. Chez Taizy Machinery, la capacit\u00e9 de nos trieurs d'\u0153ufs est de 3 700 \u00e0 5 400 \u0153ufs\/h.<\/p>    <p class=\"wp-block-paragraph\">La taille et le poids sont diff\u00e9rents selon les mod\u00e8les. Si vous souhaitez en savoir plus sur cette machine, veuillez nous contacter.<\/p>   <div class=\"wp-block-image\"> <figure class=\"aligncenter size-full\"><img loading=\"lazy\" decoding=\"async\" width=\"720\" height=\"540\" src=\"https:\/\/meat-machine.com\/wp-content\/uploads\/2023\/04\/our-factory-1.webp\" alt=\"diff\u00e9rents mod\u00e8les de machine de tri d&#039;\u0153ufs \u00e0 vendre\" class=\"wp-image-599\" title=\"\" srcset=\"https:\/\/meat-machine.com\/wp-content\/uploads\/2023\/04\/our-factory-1.webp 720w, https:\/\/meat-machine.com\/wp-content\/uploads\/2023\/04\/our-factory-1-300x225.webp 300w, https:\/\/meat-machine.com\/wp-content\/uploads\/2023\/04\/our-factory-1-16x12.webp 16w\" sizes=\"auto, (max-width: 720px) 100vw, 720px\" \/><figcaption class=\"wp-element-caption\">diff\u00e9rents mod\u00e8les de machines de tri d'\u0153ufs \u00e0 vendre<\/figcaption><\/figure> <\/div>   <h2 class=\"wp-block-heading\">Machine de classement des \u0153ufs \u00e0 petite \u00e9chelle<\/h2>    <div class=\"wp-block-media-text is-stacked-on-mobile\"><figure class=\"wp-block-media-text__media\"><img loading=\"lazy\" decoding=\"async\" width=\"720\" height=\"540\" src=\"https:\/\/meat-machine.com\/wp-content\/uploads\/2023\/04\/small-scale-egg-grading-machine.webp\" alt=\"machine de classement des \u0153ufs \u00e0 petite \u00e9chelle\" class=\"wp-image-408 size-full\" title=\"\" srcset=\"https:\/\/meat-machine.com\/wp-content\/uploads\/2023\/04\/small-scale-egg-grading-machine.webp 720w, https:\/\/meat-machine.com\/wp-content\/uploads\/2023\/04\/small-scale-egg-grading-machine-300x225.webp 300w\" sizes=\"auto, (max-width: 720px) 100vw, 720px\" \/><\/figure><div class=\"wp-block-media-text__content\"> <ul class=\"wp-block-list\"> <li><strong>Capacit\u00e9 de traitement<\/strong>G\u00e8re jusqu'\u00e0 3 700 \u0153ufs par heure, id\u00e9al pour les op\u00e9rations \u00e0 petite \u00e9chelle.<\/li>    <li><strong>Applications appropri\u00e9es<\/strong>. Parfait pour les petites exploitations agricoles et les exploitations familiales.<\/li>    <li><strong>Exigences de main d'\u0153uvre<\/strong>. Moins d\u2019automatisation signifie plus d\u2019implication manuelle.<\/li>    <li><strong>Option rentable<\/strong>. Un excellent choix pour ceux qui ont un budget limit\u00e9.<\/li>    <li><strong>Conception compacte<\/strong>. Con\u00e7u pour r\u00e9pondre aux besoins des environnements de production \u00e0 plus petite \u00e9chelle.<\/li> <\/ul> <\/div><\/div>    <h2 class=\"wp-block-heading\">Machine \u00e0 classer les \u0153ufs \u00e0 grande \u00e9chelle<\/h2>    <div class=\"wp-block-media-text has-media-on-the-right is-stacked-on-mobile\"><div class=\"wp-block-media-text__content\"> <ul class=\"wp-block-list\"> <li><strong>Haute capacit\u00e9<\/strong>Capable de classer jusqu'\u00e0 5 400 \u0153ufs par heure, adapt\u00e9 aux op\u00e9rations \u00e0 grande \u00e9chelle.<\/li>    <li><strong>Recommand\u00e9 pour les grandes productions<\/strong>. Pour des capacit\u00e9s sup\u00e9rieures \u00e0 10 000 \u0153ufs par heure, une ligne compl\u00e8te de traitement des \u0153ufs est conseill\u00e9e.<\/li>    <li><strong>Traitement complet<\/strong>. Comprend des fonctions telles que le nettoyage des \u0153ufs, le classement, l'inspection optique et la pulv\u00e9risation d'huile.<\/li> <\/ul> <\/div><figure class=\"wp-block-media-text__media\"><img loading=\"lazy\" decoding=\"async\" width=\"720\" height=\"540\" src=\"https:\/\/meat-machine.com\/wp-content\/uploads\/2023\/04\/large-scale-egg-grader-machine.webp\" alt=\"machine de niveleuse d&#039;oeufs \u00e0 grande \u00e9chelle\" class=\"wp-image-404 size-full\" title=\"\" srcset=\"https:\/\/meat-machine.com\/wp-content\/uploads\/2023\/04\/large-scale-egg-grader-machine.webp 720w, https:\/\/meat-machine.com\/wp-content\/uploads\/2023\/04\/large-scale-egg-grader-machine-300x225.webp 300w\" sizes=\"auto, (max-width: 720px) 100vw, 720px\" \/><\/figure><\/div>    <div class=\"wp-block-media-text is-stacked-on-mobile\"><figure class=\"wp-block-media-text__media\"><img loading=\"lazy\" decoding=\"async\" width=\"720\" height=\"540\" src=\"https:\/\/meat-machine.com\/wp-content\/uploads\/2023\/04\/egg-grading-machine-for-sale.webp\" alt=\"machine de classement des \u0153ufs \u00e0 vendre\" class=\"wp-image-820 size-full\" title=\"\" srcset=\"https:\/\/meat-machine.com\/wp-content\/uploads\/2023\/04\/egg-grading-machine-for-sale.webp 720w, https:\/\/meat-machine.com\/wp-content\/uploads\/2023\/04\/egg-grading-machine-for-sale-300x225.webp 300w, https:\/\/meat-machine.com\/wp-content\/uploads\/2023\/04\/egg-grading-machine-for-sale-16x12.webp 16w\" sizes=\"auto, (max-width: 720px) 100vw, 720px\" \/><\/figure><div class=\"wp-block-media-text__content\"> <ul class=\"wp-block-list\"> <li><strong>Efficacit\u00e9 am\u00e9lior\u00e9e<\/strong>. Con\u00e7u pour rationaliser la production d\u2019\u0153ufs \u00e0 grande \u00e9chelle avec une automatisation \u00e9lev\u00e9e.<\/li>    <li><strong>Id\u00e9al pour un usage commercial<\/strong>. Id\u00e9al pour les usines de transformation des \u0153ufs et les grands \u00e9levages de volailles.<\/li> <\/ul> <\/div><\/div>    <h2 class=\"wp-block-heading\">Comment fonctionne une machine \u00e0 classer les \u0153ufs ?<\/h2>    <div class=\"wp-block-media-text has-media-on-the-right is-stacked-on-mobile\"><div class=\"wp-block-media-text__content\"> <ul class=\"wp-block-list\"> <li><strong>Placement des \u0153ufs<\/strong>. Les \u0153ufs sont plac\u00e9s sur le tapis roulant pour commencer le processus de classement.<\/li>    <li><strong>Pes\u00e9e<\/strong>. Le tapis roulant transf\u00e8re les \u0153ufs vers une balance \u00e9lectronique qui mesure leur poids avec pr\u00e9cision.<\/li>    <li><strong>Transmission de donn\u00e9es<\/strong>. Les donn\u00e9es de poids sont envoy\u00e9es au syst\u00e8me de contr\u00f4le informatique.<\/li> <\/ul> <\/div><figure class=\"wp-block-media-text__media\"><img loading=\"lazy\" decoding=\"async\" width=\"720\" height=\"540\" src=\"https:\/\/meat-machine.com\/wp-content\/uploads\/2023\/04\/working-process.webp\" alt=\"processus de travail\" class=\"wp-image-409 size-full\" title=\"\" srcset=\"https:\/\/meat-machine.com\/wp-content\/uploads\/2023\/04\/working-process.webp 720w, https:\/\/meat-machine.com\/wp-content\/uploads\/2023\/04\/working-process-300x225.webp 300w\" sizes=\"auto, (max-width: 720px) 100vw, 720px\" \/><\/figure><\/div>    <div class=\"wp-block-media-text is-stacked-on-mobile\"><figure class=\"wp-block-media-text__media\"><img loading=\"lazy\" decoding=\"async\" width=\"720\" height=\"540\" src=\"https:\/\/meat-machine.com\/wp-content\/uploads\/2023\/04\/egg-grading-machine.webp\" alt=\"machine de classement des \u0153ufs\" class=\"wp-image-822 size-full\" title=\"\" srcset=\"https:\/\/meat-machine.com\/wp-content\/uploads\/2023\/04\/egg-grading-machine.webp 720w, https:\/\/meat-machine.com\/wp-content\/uploads\/2023\/04\/egg-grading-machine-300x225.webp 300w, https:\/\/meat-machine.com\/wp-content\/uploads\/2023\/04\/egg-grading-machine-16x12.webp 16w\" sizes=\"auto, (max-width: 720px) 100vw, 720px\" \/><\/figure><div class=\"wp-block-media-text__content\"> <ul class=\"wp-block-list\"> <li><strong>Classement<\/strong>. Le syst\u00e8me de contr\u00f4le informatique classe les \u0153ufs en 5, 6 ou 7 cat\u00e9gories en fonction de normes de poids pr\u00e9d\u00e9finies.<\/li>    <li><strong>R\u00e9partition des r\u00e9sultats<\/strong>. Les \u0153ufs class\u00e9s sont dirig\u00e9s vers diff\u00e9rents canaux de sortie pour un traitement ult\u00e9rieur, tel que le codage et l'emballage des \u0153ufs.<\/li> <\/ul> <\/div><\/div>    <h2 class=\"wp-block-heading\">Pourquoi classons-nous les \u0153ufs ?<\/h2>    <div class=\"wp-block-media-text has-media-on-the-right is-stacked-on-mobile\"><div class=\"wp-block-media-text__content\"> <ul class=\"wp-block-list\"> <li><strong>R\u00e9pondre \u00e0 la demande du march\u00e9<\/strong>. Le classement garantit que les \u0153ufs r\u00e9pondent \u00e0 des exigences sp\u00e9cifiques en mati\u00e8re de taille et de poids, r\u00e9pondant ainsi aux divers besoins du march\u00e9 et augmentant leur valeur commerciale.<\/li>    <li><strong>Standardisation<\/strong>. La production d\u2019\u0153ufs standardis\u00e9s renforce la confiance des consommateurs et renforce la r\u00e9putation de la marque.<\/li> <\/ul> <\/div><figure class=\"wp-block-media-text__media\"><img loading=\"lazy\" decoding=\"async\" width=\"720\" height=\"540\" src=\"https:\/\/meat-machine.com\/wp-content\/uploads\/2023\/04\/eggs.webp\" alt=\"\u0153ufs class\u00e9s\" class=\"wp-image-412 size-full\" title=\"\" srcset=\"https:\/\/meat-machine.com\/wp-content\/uploads\/2023\/04\/eggs.webp 720w, https:\/\/meat-machine.com\/wp-content\/uploads\/2023\/04\/eggs-300x225.webp 300w\" sizes=\"auto, (max-width: 720px) 100vw, 720px\" \/><\/figure><\/div>    <div class=\"wp-block-media-text is-stacked-on-mobile\"><figure class=\"wp-block-media-text__media\"><img loading=\"lazy\" decoding=\"async\" width=\"720\" height=\"540\" src=\"https:\/\/meat-machine.com\/wp-content\/uploads\/2023\/04\/egg-grading-machine-price.webp\" alt=\"prix de la machine de classement des \u0153ufs\" class=\"wp-image-821 size-full\" title=\"\" srcset=\"https:\/\/meat-machine.com\/wp-content\/uploads\/2023\/04\/egg-grading-machine-price.webp 720w, https:\/\/meat-machine.com\/wp-content\/uploads\/2023\/04\/egg-grading-machine-price-300x225.webp 300w, https:\/\/meat-machine.com\/wp-content\/uploads\/2023\/04\/egg-grading-machine-price-16x12.webp 16w\" sizes=\"auto, (max-width: 720px) 100vw, 720px\" \/><\/figure><div class=\"wp-block-media-text__content\"> <ul class=\"wp-block-list\"> <li><strong>Strat\u00e9gie de prix optimis\u00e9e<\/strong>. Le classement permet des strat\u00e9gies de tarification sur mesure, maximisant les ventes et le potentiel de profit.<\/li>    <li><strong>Des normes d\u2019hygi\u00e8ne am\u00e9lior\u00e9es<\/strong>. Le processus de classement comprend souvent le nettoyage et la d\u00e9sinfection, garantissant la s\u00e9curit\u00e9 alimentaire et r\u00e9pondant aux exigences d'hygi\u00e8ne.<\/li> <\/ul> <\/div><\/div>    <h2 class=\"wp-block-heading\">Les diff\u00e9rents types de trieuses d\u2019\u0153ufs du march\u00e9<\/h2>    <p class=\"wp-block-paragraph\">Il existe diff\u00e9rents types de machines de classement des \u0153ufs disponibles sur le march\u00e9, telles que le poids, la forme, la couleur et en g\u00e9n\u00e9ral. Diff\u00e9rents types de trieuses d'\u0153ufs peuvent classer les \u0153ufs selon diff\u00e9rentes mesures. <\/p>    <p class=\"wp-block-paragraph\">Vous pouvez choisir la bonne machine en fonction de vos besoins. Taizy Machinery propose des trieuses d'\u0153ufs qui classent les \u0153ufs en fonction de leur poids.<\/p>   <div class=\"wp-block-image\"> <figure class=\"aligncenter size-full\"><img loading=\"lazy\" decoding=\"async\" width=\"720\" height=\"540\" src=\"https:\/\/meat-machine.com\/wp-content\/uploads\/2023\/04\/egg-grader-machine.webp\" alt=\"machine \u00e0 classer les \u0153ufs\" class=\"wp-image-596\" title=\"\" srcset=\"https:\/\/meat-machine.com\/wp-content\/uploads\/2023\/04\/egg-grader-machine.webp 720w, https:\/\/meat-machine.com\/wp-content\/uploads\/2023\/04\/egg-grader-machine-300x225.webp 300w, https:\/\/meat-machine.com\/wp-content\/uploads\/2023\/04\/egg-grader-machine-16x12.webp 16w\" sizes=\"auto, (max-width: 720px) 100vw, 720px\" \/><figcaption class=\"wp-element-caption\">machine \u00e0 classer les \u0153ufs<\/figcaption><\/figure> <\/div>   <h2 class=\"wp-block-heading\">FAQ de la machine \u00e0 classer les \u0153ufs<\/h2>   <div id=\"rank-math-faq\" class=\"rank-math-block\"> <div class=\"rank-math-list\"> <div id=\"faq-question-1721201005731\" class=\"rank-math-list-item\"> <h3 class=\"rank-math-question\">Quel entretien faut-il pour une machine \u00e0 trier les \u0153ufs ?<\/h3> <div class=\"rank-math-answer\">  <p>Cela comprend le nettoyage des capteurs et des convoyeurs, la v\u00e9rification des pi\u00e8ces us\u00e9es, la lubrification des composants mobiles et la mise \u00e0 jour du logiciel.<\/p>  <\/div> <\/div> <div id=\"faq-question-1721201021839\" class=\"rank-math-list-item\"> <h3 class=\"rank-math-question\">L\u2019\u00e9quipement de classement des \u0153ufs peut-il d\u00e9tecter et \u00e9liminer les \u0153ufs d\u00e9fectueux\u00a0?<\/h3> <div class=\"rank-math-answer\">  <p>Oui, nos machines de classement d\u2019\u0153ufs disposent de capteurs et de syst\u00e8mes d\u2019inspection capables de d\u00e9tecter des d\u00e9fauts tels que des fissures ou d\u2019autres anomalies.<\/p>  <\/div> <\/div> <div id=\"faq-question-1721201035612\" class=\"rank-math-list-item\"> <h3 class=\"rank-math-question\">Y a-t-il des dispositifs de s\u00e9curit\u00e9 sur la machine\u00a0?<\/h3> <div class=\"rank-math-answer\">  <p>Oui, les machines de tri des \u0153ufs comprennent des dispositifs de s\u00e9curit\u00e9 tels que des boutons d'arr\u00eat d'urgence, des couvercles de protection et des capteurs pour pr\u00e9venir les accidents.<\/p>  <\/div> <\/div> <\/div> <\/div>  <div class=\"wp-block-image\"> <figure class=\"aligncenter size-full\"><img loading=\"lazy\" decoding=\"async\" width=\"720\" height=\"540\" src=\"https:\/\/meat-machine.com\/wp-content\/uploads\/2023\/04\/applications-of-egg-grader-machine.webp\" alt=\"applications de la machine \u00e0 classer les \u0153ufs\" class=\"wp-image-401\" title=\"\" srcset=\"https:\/\/meat-machine.com\/wp-content\/uploads\/2023\/04\/applications-of-egg-grader-machine.webp 720w, https:\/\/meat-machine.com\/wp-content\/uploads\/2023\/04\/applications-of-egg-grader-machine-300x225.webp 300w\" sizes=\"auto, (max-width: 720px) 100vw, 720px\" \/><figcaption class=\"wp-element-caption\">applications de la machine \u00e0 classer les \u0153ufs<\/figcaption><\/figure> <\/div>   <h2 class=\"wp-block-heading\">Conclusion<\/h2>    <p class=\"wp-block-paragraph translation-block\">En conclusion, la machine trieuse d'<a href=\"https:\/\/en.wikipedia.org\/wiki\/Egg\" data-type=\"link\" data-id=\"https:\/\/en.wikipedia.org\/wiki\/Egg\" target=\"_blank\" rel=\"noopener\">\u0153ufs<\/a> offre une efficacit\u00e9, une pr\u00e9cision et une polyvalence exceptionnelles, ce qui en fait la solution id\u00e9ale pour un large \u00e9ventail d'industries, des fermes avicoles aux installations de transformation alimentaire. <\/p>    <p class=\"wp-block-paragraph\">Avec des options de classement personnalisables, une technologie avanc\u00e9e et une conception robuste, il garantit une qualit\u00e9 constante et une productivit\u00e9 am\u00e9lior\u00e9e. <\/p>    <p class=\"wp-block-paragraph\">Contactez-nous d\u00e8s aujourd'hui pour plus d'informations, un devis personnalis\u00e9 et pour savoir comment nous pouvons vous aider \u00e0 am\u00e9liorer vos capacit\u00e9s de transformation des \u0153ufs.<\/p>","protected":false},"excerpt":{"rendered":"<p>La machine de tri des \u0153ufs est un dispositif \u00e0 haute efficacit\u00e9 con\u00e7u pour trier automatiquement les \u0153ufs frais par poids avec une pr\u00e9cision remarquable. <\/p>","protected":false},"author":1,"featured_media":402,"parent":0,"template":"","tags":[45,46,40],"product-type":[28],"class_list":["post-399","product","type-product","status-publish","has-post-thumbnail","hentry","tag-egg-grader-machine","tag-egg-grading-system","tag-eggs","product-type-egg-processing-machine"],"_links":{"self":[{"href":"https:\/\/meat-machine.com\/fr\/wp-json\/wp\/v2\/product\/399","targetHints":{"allow":["GET"]}}],"collection":[{"href":"https:\/\/meat-machine.com\/fr\/wp-json\/wp\/v2\/product"}],"about":[{"href":"https:\/\/meat-machine.com\/fr\/wp-json\/wp\/v2\/types\/product"}],"author":[{"embeddable":true,"href":"https:\/\/meat-machine.com\/fr\/wp-json\/wp\/v2\/users\/1"}],"wp:featuredmedia":[{"embeddable":true,"href":"https:\/\/meat-machine.com\/fr\/wp-json\/wp\/v2\/media\/402"}],"wp:attachment":[{"href":"https:\/\/meat-machine.com\/fr\/wp-json\/wp\/v2\/media?parent=399"}],"wp:term":[{"taxonomy":"post_tag","embeddable":true,"href":"https:\/\/meat-machine.com\/fr\/wp-json\/wp\/v2\/tags?post=399"},{"taxonomy":"product-type","embeddable":true,"href":"https:\/\/meat-machine.com\/fr\/wp-json\/wp\/v2\/product-type?post=399"}],"curies":[{"name":"wp","href":"https:\/\/api.w.org\/{rel}","templated":true}]}}