{"id":389,"date":"2023-03-29T16:46:02","date_gmt":"2023-03-29T08:46:02","guid":{"rendered":"https:\/\/meat-machine.com\/?post_type=product&#038;p=389"},"modified":"2025-07-30T18:26:50","modified_gmt":"2025-07-30T10:26:50","slug":"machine-demballage-sous-vide-pour-viande","status":"publish","type":"product","link":"https:\/\/meat-machine.com\/fr\/product\/meat-vacuum-packaging-machine\/","title":{"rendered":"Machine de conditionnement sous vide pour viande"},"content":{"rendered":"<div class=\"kk-star-ratings kksr-auto kksr-align-left kksr-valign-top\"     data-payload='{&quot;align&quot;:&quot;left&quot;,&quot;id&quot;:&quot;389&quot;,&quot;slug&quot;:&quot;default&quot;,&quot;valign&quot;:&quot;top&quot;,&quot;ignore&quot;:&quot;&quot;,&quot;reference&quot;:&quot;auto&quot;,&quot;class&quot;:&quot;&quot;,&quot;count&quot;:&quot;15&quot;,&quot;legendonly&quot;:&quot;&quot;,&quot;readonly&quot;:&quot;&quot;,&quot;score&quot;:&quot;4.8&quot;,&quot;starsonly&quot;:&quot;&quot;,&quot;best&quot;:&quot;5&quot;,&quot;gap&quot;:&quot;5&quot;,&quot;greet&quot;:&quot;Rate this product&quot;,&quot;legend&quot;:&quot;4.8\\\/5 - (15 votes)&quot;,&quot;size&quot;:&quot;24&quot;,&quot;title&quot;:&quot;Meat Vacuum Packaging Machine&quot;,&quot;width&quot;:&quot;136.7&quot;,&quot;_legend&quot;:&quot;{score}\\\/{best} - ({count} {votes})&quot;,&quot;font_factor&quot;:&quot;1.25&quot;}'>              <div class=\"kksr-stars\">      <div class=\"kksr-stars-inactive\">             <div class=\"kksr-star\" data-star=\"1\" style=\"padding-right: 5px\">               <div class=\"kksr-icon\" style=\"width: 24px; height: 24px;\"><\/div>         <\/div>             <div class=\"kksr-star\" data-star=\"2\" style=\"padding-right: 5px\">               <div class=\"kksr-icon\" style=\"width: 24px; height: 24px;\"><\/div>         <\/div>             <div class=\"kksr-star\" data-star=\"3\" style=\"padding-right: 5px\">               <div class=\"kksr-icon\" style=\"width: 24px; height: 24px;\"><\/div>         <\/div>             <div class=\"kksr-star\" data-star=\"4\" style=\"padding-right: 5px\">               <div class=\"kksr-icon\" style=\"width: 24px; height: 24px;\"><\/div>         <\/div>             <div class=\"kksr-star\" data-star=\"5\" style=\"padding-right: 5px\">               <div class=\"kksr-icon\" style=\"width: 24px; height: 24px;\"><\/div>         <\/div>     <\/div>      <div class=\"kksr-stars-active\" style=\"width: 136.7px;\">             <div class=\"kksr-star\" style=\"padding-right: 5px\">               <div class=\"kksr-icon\" style=\"width: 24px; height: 24px;\"><\/div>         <\/div>             <div class=\"kksr-star\" style=\"padding-right: 5px\">               <div class=\"kksr-icon\" style=\"width: 24px; height: 24px;\"><\/div>         <\/div>             <div class=\"kksr-star\" style=\"padding-right: 5px\">               <div class=\"kksr-icon\" style=\"width: 24px; height: 24px;\"><\/div>         <\/div>             <div class=\"kksr-star\" style=\"padding-right: 5px\">               <div class=\"kksr-icon\" style=\"width: 24px; height: 24px;\"><\/div>         <\/div>             <div class=\"kksr-star\" style=\"padding-right: 5px\">               <div class=\"kksr-icon\" style=\"width: 24px; height: 24px;\"><\/div>         <\/div>     <\/div> <\/div>                   <div class=\"kksr-legend\" style=\"font-size: 19.2px;\">             4,8\/5 - (15 votes)    <\/div>     <\/div>  <p class=\"wp-block-paragraph\">La machine d'emballage sous vide pour la viande est con\u00e7ue pour sceller efficacement divers types de produits carn\u00e9s dans des sacs sous vide, prolongeant la dur\u00e9e de conservation tout en pr\u00e9servant la fra\u00eecheur, la saveur et l'hygi\u00e8ne. <\/p>    <p class=\"wp-block-paragraph\">Id\u00e9al pour les usines de transformation de la viande, les boucheries et les installations d'emballage alimentaire, cette machine aide \u00e0 pr\u00e9venir l'oxydation, la d\u00e9t\u00e9rioration et la contamination. <\/p>    <p class=\"wp-block-paragraph translation-block\">Avec une capacit\u00e9 de <strong>2 \u00e0 4 cycles par minute<\/strong>, il garantit des performances rapides et fiables pour les applications \u00e0 petite \u00e9chelle comme pour les applications industrielles.<\/p>    <figure class=\"wp-block-embed is-type-video is-provider-youtube wp-block-embed-youtube wp-embed-aspect-16-9 wp-has-aspect-ratio\"><div class=\"wp-block-embed__wrapper\"> <iframe loading=\"lazy\" title=\"Comment fonctionne une machine \u00e0 emballer sous vide \u2013 D\u00e9monstration compl\u00e8te ! #vide #emballage #l\u00e9gumes #viande #fruit\" width=\"500\" height=\"281\" src=\"https:\/\/www.youtube.com\/embed\/Wl9ABLGhC2E?feature=oembed\" frameborder=\"0\" allow=\"accelerometer; autoplay; clipboard-write; encrypted-media; gyroscope; picture-in-picture; web-share\" referrerpolicy=\"strict-origin-when-cross-origin\" allowfullscreen><\/iframe> <\/div><figcaption class=\"wp-element-caption\">Vid\u00e9o de fonctionnement de la machine d'emballage sous vide pour la viande<\/figcaption><\/figure>    <h2 class=\"wp-block-heading\">Quel \u00e9tait le meilleur syst\u00e8me d\u2019emballage pour la viande ?<\/h2>    <p class=\"wp-block-paragraph translation-block\">Lorsqu'il s'agit de pr\u00e9server la qualit\u00e9 de la viande et de prolonger sa dur\u00e9e de conservation, l'<strong>emballage sous vide<\/strong> s'impose comme la m\u00e9thode la plus efficace. Voici pourquoi :<\/p>    <div class=\"wp-block-media-text is-stacked-on-mobile\"><figure class=\"wp-block-media-text__media\"><img loading=\"lazy\" decoding=\"async\" width=\"720\" height=\"540\" src=\"https:\/\/meat-machine.com\/wp-content\/uploads\/2023\/03\/vacuum-packed-food.webp\" alt=\"aliments emball\u00e9s sous vide\" class=\"wp-image-394 size-full\" title=\"\" srcset=\"https:\/\/meat-machine.com\/wp-content\/uploads\/2023\/03\/vacuum-packed-food.webp 720w, https:\/\/meat-machine.com\/wp-content\/uploads\/2023\/03\/vacuum-packed-food-300x225.webp 300w\" sizes=\"auto, (max-width: 720px) 100vw, 720px\" \/><\/figure><div class=\"wp-block-media-text__content\"> <ul class=\"wp-block-list\"> <li><strong>Efficacit\u00e9 de l'\u00e9limination de l'air<\/strong>: l'emballage sous vide \u00e9limine compl\u00e8tement l'air des sacs d'emballage de viande, emp\u00eachant l'exposition \u00e0 l'oxyg\u00e8ne.<\/li>    <li><strong>Pr\u00e9vient l'oxydation<\/strong>: en \u00e9liminant l'oxyg\u00e8ne, cela r\u00e9duit le risque de d\u00e9coloration et de rancissement de la viande.<\/li>    <li><strong>Inhibe la croissance bact\u00e9rienne<\/strong>: l'environnement sous vide ralentit consid\u00e9rablement la croissance des bact\u00e9ries de d\u00e9t\u00e9rioration.<\/li>    <li><strong>Prolonge la dur\u00e9e de conservation<\/strong>: la viande reste plus fra\u00eeche plus longtemps par rapport aux m\u00e9thodes d'emballage traditionnelles.<\/li>    <li><strong>Am\u00e9liore le stockage et le transport<\/strong>: la viande sous vide prend moins de place et est plus facile \u00e0 stocker ou \u00e0 exp\u00e9dier.<\/li> <\/ul> <\/div><\/div>    <p class=\"wp-block-paragraph translation-block\">Si vous pr\u00e9voyez de produire de la viande emball\u00e9e sous vide, nous vous recommandons vivement d'utiliser une <strong>machine d'emballage sous vide pour viande<\/strong>. D'ailleurs, le mois dernier, un client de <strong>Malaisie<\/strong>, qui fabrique des <a href=\"https:\/\/meat-machine.com\/fr\/produit\/trancheuse-a-viande-congelee-commerciale\/\" data-type=\"link\" data-id=\"https:\/\/meat-machine.com\/product\/commercial-frozen-meat-slicer\/\">trancheuses \u00e0 viande<\/a> et de la <a href=\"https:\/\/meat-machine.com\/fr\/produit\/machine-a-decouper-la-viande\/\" data-type=\"link\" data-id=\"https:\/\/meat-machine.com\/product\/meat-dicing-machine\/\">viande en d\u00e9s<\/a>, a achet\u00e9 cette machine pour am\u00e9liorer son processus d'emballage.<\/p>    <h2 class=\"wp-block-heading\">Param\u00e8tres de la machine d'emballage sous vide pour la viande<\/h2>    <figure class=\"wp-block-table\"><table><tbody><tr><td>Mod\u00e8le<\/td><td>Machine d'emballage sous vide \u00e0 chambre unique<\/td><td>Machine d'emballage sous vide \u00e0 double chambre<\/td><\/tr><tr><td>Puissance de la pompe \u00e0 vide<\/td><td>0,9 kW<\/td><td>1,5 kW<\/td><\/tr><tr><td>Pouvoir d'\u00e9tanch\u00e9it\u00e9<\/td><td>0,6 kW<\/td><td>1,17 kW<\/td><\/tr><tr><td>Tension<\/td><td>220 V\/50 Hz<\/td><td>380 V\/50 Hz<\/td><\/tr><tr><td>Mat\u00e9riel<\/td><td>Acier inoxydable 302<\/td><td>Acier inoxydable 302<\/td><\/tr><tr><td>Nombre de bandes d'\u00e9tanch\u00e9it\u00e9<\/td><td>1<\/td><td>3<\/td><\/tr><tr><td>Pression absolue<\/td><td>0,1 pa<\/td><td>0,1 pa<\/td><\/tr><tr><td>Mat\u00e9riau de couverture<\/td><td>Verre biologique<\/td><td>Verre biologique<\/td><\/tr><tr><td>Taille de la machine<\/td><td>650x580x960mm<\/td><td>1260x605x960mm<\/td><\/tr><tr><td>Poids de la machine<\/td><td>80 kg<\/td><td>150 kg<\/td><\/tr><\/tbody><\/table><figcaption class=\"wp-element-caption\">param\u00e8tres de machine \u00e0 emballer la viande<\/figcaption><\/figure>    <p class=\"wp-block-paragraph translation-block\">Ce qui pr\u00e9c\u00e8de concerne les param\u00e8tres des deux machines d'emballage sous vide pour viande les plus vendues dans l'usine de machines \u00e0 viande Taizy <a href=\"https:\/\/meat-machine.com\/fr\/\">Meat Machinery Factory<\/a>. L'une est une machine d'emballage sous vide \u00e0 chambre unique, et l'autre est une machine d'emballage sous vide \u00e0 double chambre. <\/p>    <p class=\"wp-block-paragraph translation-block\">La machine est fabriqu\u00e9e en <a href=\"https:\/\/en.wikipedia.org\/wiki\/SAE_304_stainless_steel\" target=\"_blank\" rel=\"noopener\">acier inoxydable 304<\/a>, facile \u00e0 nettoyer et d'une longue dur\u00e9e de vie. Les poids des machines sont respectivement de 80 kg et 150 kg. Les tensions sont respectivement de 220 V\/50 Hz et 380 V\/50 Hz.<\/p>   <div class=\"wp-block-image\"> <figure class=\"aligncenter size-full\"><img loading=\"lazy\" decoding=\"async\" width=\"720\" height=\"540\" src=\"https:\/\/meat-machine.com\/wp-content\/uploads\/2023\/03\/meat-packing-machine.webp\" alt=\"machine d&#039;emballage de viande\" class=\"wp-image-391\" title=\"\" srcset=\"https:\/\/meat-machine.com\/wp-content\/uploads\/2023\/03\/meat-packing-machine.webp 720w, https:\/\/meat-machine.com\/wp-content\/uploads\/2023\/03\/meat-packing-machine-300x225.webp 300w\" sizes=\"auto, (max-width: 720px) 100vw, 720px\" \/><figcaption class=\"wp-element-caption\">machine d'emballage de viande<\/figcaption><\/figure> <\/div>   <h2 class=\"wp-block-heading\">La fonction de la machine \u00e0 emballer la viande<\/h2>    <p class=\"wp-block-paragraph translation-block\">La <strong>machine d'emballage sous vide pour viande<\/strong> est con\u00e7ue pour retirer l'air des sacs d'emballage de viande et les sceller herm\u00e9tiquement. En cr\u00e9ant un environnement sous vide, cette machine aide \u00e0 pr\u00e9server la fra\u00eecheur et la qualit\u00e9 des produits carn\u00e9s. Elle joue un r\u00f4le essentiel dans les lignes modernes de transformation et d'emballage de la viande. La machine offre plusieurs fonctions cl\u00e9s :<\/p>    <div class=\"wp-block-media-text has-media-on-the-right is-stacked-on-mobile\"><div class=\"wp-block-media-text__content\"> <ul class=\"wp-block-list\"> <li><strong>S\u00e9curit\u00e9 alimentaire am\u00e9lior\u00e9e<\/strong>: un scellage herm\u00e9tique aide \u00e0 pr\u00e9venir la contamination par des bact\u00e9ries et des polluants externes.<\/li>    <li><strong>Pr\u00e9sentation du produit am\u00e9lior\u00e9e<\/strong>: un emballage propre et uniforme am\u00e9liore l'apparence et l'attrait du produit.<\/li>    <li><strong>Emballage \u00e9conomique<\/strong>: minimise le gaspillage et r\u00e9duit la d\u00e9t\u00e9rioration, ce qui diminue finalement les co\u00fbts globaux.<\/li>    <li><strong>Polyvalence<\/strong>: adapt\u00e9 \u00e0 divers types de viande et autres aliments, ainsi qu'\u00e0 des produits non alimentaires.<\/li> <\/ul> <\/div><figure class=\"wp-block-media-text__media\"><img loading=\"lazy\" decoding=\"async\" width=\"720\" height=\"540\" src=\"https:\/\/meat-machine.com\/wp-content\/uploads\/2023\/03\/widely-application.webp\" alt=\"largement application\" class=\"wp-image-395 size-full\" title=\"\" srcset=\"https:\/\/meat-machine.com\/wp-content\/uploads\/2023\/03\/widely-application.webp 720w, https:\/\/meat-machine.com\/wp-content\/uploads\/2023\/03\/widely-application-300x225.webp 300w\" sizes=\"auto, (max-width: 720px) 100vw, 720px\" \/><\/figure><\/div>    <p class=\"wp-block-paragraph\">Cet \u00e9quipement est id\u00e9al pour les transformateurs de viande cherchant \u00e0 am\u00e9liorer la dur\u00e9e de conservation, l'hygi\u00e8ne et l'efficacit\u00e9 logistique.<\/p>    <h2 class=\"wp-block-heading\">Comment utiliser une machine d'emballage sous vide pour viande ?<\/h2>    <div class=\"wp-block-media-text is-stacked-on-mobile\"><figure class=\"wp-block-media-text__media\"><img loading=\"lazy\" decoding=\"async\" width=\"720\" height=\"540\" src=\"https:\/\/meat-machine.com\/wp-content\/uploads\/2023\/03\/meat-vacuum-packaging-machine.webp\" alt=\"machine d&#039;emballage sous vide pour viande\" class=\"wp-image-392 size-full\" title=\"\" srcset=\"https:\/\/meat-machine.com\/wp-content\/uploads\/2023\/03\/meat-vacuum-packaging-machine.webp 720w, https:\/\/meat-machine.com\/wp-content\/uploads\/2023\/03\/meat-vacuum-packaging-machine-300x225.webp 300w\" sizes=\"auto, (max-width: 720px) 100vw, 720px\" \/><\/figure><div class=\"wp-block-media-text__content\"> <ul class=\"wp-block-list\"> <li><strong>Allumer l'appareil<\/strong> <ul class=\"wp-block-list\"> <li>Commencez par allumer l'alimentation de la machine d'emballage sous vide pour la viande.<\/li> <\/ul> <\/li>    <li><strong>Pr\u00e9parez la viande<\/strong> <ul class=\"wp-block-list\"> <li>Placez les produits carn\u00e9s dans des sacs d'emballage sous vide d\u00e9sign\u00e9s, en vous assurant que l'ouverture du sac est propre et correctement positionn\u00e9e.<\/li> <\/ul> <\/li>    <li><strong>Placez le sac dans la chambre \u00e0 vide<\/strong> <ul class=\"wp-block-list\"> <li>Mettez l'extr\u00e9mit\u00e9 ouverte du sac d'emballage \u00e0 l'int\u00e9rieur de la chambre \u00e0 vide, en l'alignant avec la barre de scellage.<\/li> <\/ul> <\/li> <\/ul> <\/div><\/div>    <div class=\"wp-block-media-text has-media-on-the-right is-stacked-on-mobile\"><div class=\"wp-block-media-text__content\"> <ul class=\"wp-block-list\"> <li><strong>Fermez le couvercle de la chambre<\/strong> <ul class=\"wp-block-list\"> <li>Abaissez le couvercle de la chambre \u00e0 vide. Une fois ferm\u00e9, le voyant d'indication de succion sur le panneau de contr\u00f4le s'allumera, indiquant que le processus de vide a commenc\u00e9.<\/li> <\/ul> <\/li>    <li><strong>Attendez le vide et le scellage<\/strong> <ul class=\"wp-block-list\"> <li>Lorsque l'air a \u00e9t\u00e9 compl\u00e8tement extrait, le voyant d'aspiration s'\u00e9teindra et le t\u00e9moin de soudure \u00e0 chaud s'allumera automatiquement. La machine scellera ensuite le sac herm\u00e9tiquement.<\/li> <\/ul> <\/li>    <li><strong>Emballage termin\u00e9<\/strong> <ul class=\"wp-block-list\"> <li>Apr\u00e8s la fin du scellement, le couvercle se soul\u00e8vera et le processus d'emballage sous vide sera termin\u00e9. Votre produit \u00e0 base de viande est maintenant scell\u00e9 en toute s\u00e9curit\u00e9 et pr\u00eat pour le stockage ou le transport.<\/li> <\/ul> <\/li> <\/ul> <\/div><figure class=\"wp-block-media-text__media\"><img loading=\"lazy\" decoding=\"async\" width=\"720\" height=\"540\" src=\"https:\/\/meat-machine.com\/wp-content\/uploads\/2023\/03\/control-panel.webp\" alt=\"Panneau de contr\u00f4le\" class=\"wp-image-390 size-full\" title=\"\" srcset=\"https:\/\/meat-machine.com\/wp-content\/uploads\/2023\/03\/control-panel.webp 720w, https:\/\/meat-machine.com\/wp-content\/uploads\/2023\/03\/control-panel-300x225.webp 300w\" sizes=\"auto, (max-width: 720px) 100vw, 720px\" \/><\/figure><\/div>    <h2 class=\"wp-block-heading\">Combien co\u00fbte une machine automatique de conditionnement de viande ?<\/h2>    <p class=\"wp-block-paragraph\">Le prix d'une machine automatique d'emballage de viande peut varier consid\u00e9rablement, se situant g\u00e9n\u00e9ralement entre plusieurs centaines et plusieurs milliers de dollars, selon les donn\u00e9es du march\u00e9. Les machines d'emballage sous vide de viande de notre entreprise n'ont pas non plus de prix fixe, car le co\u00fbt final d\u00e9pend de plusieurs facteurs, notamment :<\/p>    <div class=\"wp-block-media-text is-stacked-on-mobile\"><figure class=\"wp-block-media-text__media\"><img loading=\"lazy\" decoding=\"async\" width=\"720\" height=\"540\" src=\"https:\/\/meat-machine.com\/wp-content\/uploads\/2023\/03\/single-chamber-meat-vacuum-packing-machine.webp\" alt=\"Machine d&#039;emballage sous vide de viande \u00e0 chambre unique \u00e0 vendre\" class=\"wp-image-393 size-full\" title=\"\" srcset=\"https:\/\/meat-machine.com\/wp-content\/uploads\/2023\/03\/single-chamber-meat-vacuum-packing-machine.webp 720w, https:\/\/meat-machine.com\/wp-content\/uploads\/2023\/03\/single-chamber-meat-vacuum-packing-machine-300x225.webp 300w\" sizes=\"auto, (max-width: 720px) 100vw, 720px\" \/><\/figure><div class=\"wp-block-media-text__content\"> <ul class=\"wp-block-list\"> <li>Le <strong>type de machine<\/strong> (chambre simple, chambre double, de table, etc.).<\/li>    <li>Le <strong>exigences de capacit\u00e9 et de production<\/strong>.<\/li>    <li><strong>Fonctions suppl\u00e9mentaires<\/strong> comme le remplissage de gaz ou les syst\u00e8mes de convoyeurs automatiques.<\/li>    <li>Le <strong>mat\u00e9riaux utilis\u00e9s<\/strong> (par exemple, acier inoxydable de qualit\u00e9).<\/li>    <li>Le <strong>pays de destination<\/strong> et les besoins d'exp\u00e9dition ou de personnalisation associ\u00e9s.<\/li> <\/ul> <\/div><\/div>    <p class=\"wp-block-paragraph\">En raison de ces variables, nous vous encourageons \u00e0 nous contacter directement avec vos exigences sp\u00e9cifiques. Notre \u00e9quipe vous fournira un devis personnalis\u00e9 et r\u00e9pondra rapidement \u00e0 votre demande.<\/p>    <h2 class=\"wp-block-heading\">Domaine d'application de la machine d'emballage sous vide pour viande<\/h2>    <p class=\"wp-block-paragraph\">Les machines de conditionnement sous vide pour la viande ne se limitent pas aux produits carn\u00e9s. Elles conviennent \u00e9galement aux fruits, l\u00e9gumes, plats cuisin\u00e9s, produits \u00e0 base de soja, cornichons, herbes m\u00e9dicinales, produits pharmaceutiques, produits chimiques, fruits de mer, fruits confits, \u00e9lectroniques et instruments de pr\u00e9cision. <\/p>    <p class=\"wp-block-paragraph\">Avec de si larges applications, cette machine est id\u00e9ale pour diverses industries. Si vous \u00eates int\u00e9ress\u00e9 par le d\u00e9marrage d'une entreprise d'emballage de viande ou de nourriture, n'h\u00e9sitez pas \u00e0 nous contacter.<\/p>    <figure class=\"wp-block-image size-full\"><img loading=\"lazy\" decoding=\"async\" width=\"720\" height=\"540\" src=\"https:\/\/meat-machine.com\/wp-content\/uploads\/2022\/09\/frozen-meat.webp\" alt=\"viande\" class=\"wp-image-722\" title=\"\" srcset=\"https:\/\/meat-machine.com\/wp-content\/uploads\/2022\/09\/frozen-meat.webp 720w, https:\/\/meat-machine.com\/wp-content\/uploads\/2022\/09\/frozen-meat-300x225.webp 300w, https:\/\/meat-machine.com\/wp-content\/uploads\/2022\/09\/frozen-meat-16x12.webp 16w\" sizes=\"auto, (max-width: 720px) 100vw, 720px\" \/><figcaption class=\"wp-element-caption\">Viande<\/figcaption><\/figure>    <h2 class=\"wp-block-heading\">Conclusion<\/h2>    <p class=\"wp-block-paragraph\">Si vous recherchez une solution d'emballage sous vide efficace, durable et polyvalente, notre machine d'emballage sous vide pour viande est le choix parfait. <\/p>    <p class=\"wp-block-paragraph\">Pour plus de d\u00e9tails ou pour obtenir un devis, n'h\u00e9sitez pas \u00e0 nous contacter. Nous sommes ici pour vous fournir un service professionnel et des solutions personnalis\u00e9es.<\/p>","protected":false},"excerpt":{"rendered":"<p>La machine d'emballage sous vide pour la viande est con\u00e7ue pour sceller efficacement divers types de produits carn\u00e9s dans des sacs sous vide, prolongeant la dur\u00e9e de conservation tout en pr\u00e9servant la fra\u00eecheur, la saveur et l'hygi\u00e8ne. <\/p>","protected":false},"author":1,"featured_media":391,"parent":0,"template":"","tags":[53],"product-type":[4],"class_list":["post-389","product","type-product","status-publish","has-post-thumbnail","hentry","tag-meat-vacuum-packaging-machine","product-type-meat-grinder"],"_links":{"self":[{"href":"https:\/\/meat-machine.com\/fr\/wp-json\/wp\/v2\/product\/389","targetHints":{"allow":["GET"]}}],"collection":[{"href":"https:\/\/meat-machine.com\/fr\/wp-json\/wp\/v2\/product"}],"about":[{"href":"https:\/\/meat-machine.com\/fr\/wp-json\/wp\/v2\/types\/product"}],"author":[{"embeddable":true,"href":"https:\/\/meat-machine.com\/fr\/wp-json\/wp\/v2\/users\/1"}],"wp:featuredmedia":[{"embeddable":true,"href":"https:\/\/meat-machine.com\/fr\/wp-json\/wp\/v2\/media\/391"}],"wp:attachment":[{"href":"https:\/\/meat-machine.com\/fr\/wp-json\/wp\/v2\/media?parent=389"}],"wp:term":[{"taxonomy":"post_tag","embeddable":true,"href":"https:\/\/meat-machine.com\/fr\/wp-json\/wp\/v2\/tags?post=389"},{"taxonomy":"product-type","embeddable":true,"href":"https:\/\/meat-machine.com\/fr\/wp-json\/wp\/v2\/product-type?post=389"}],"curies":[{"name":"wp","href":"https:\/\/api.w.org\/{rel}","templated":true}]}}