{"id":381,"date":"2023-03-22T13:36:28","date_gmt":"2023-03-22T05:36:28","guid":{"rendered":"https:\/\/meat-machine.com\/?post_type=product&#038;p=381"},"modified":"2023-03-22T13:36:30","modified_gmt":"2023-03-22T05:36:30","slug":"machine-a-eplucher-la-peau-des-pattes-de-poulet","status":"publish","type":"product","link":"https:\/\/meat-machine.com\/fr\/product\/chicken-feet-skin-peeling-machine\/","title":{"rendered":"Machine \u00e0 \u00e9plucher la peau des pieds de poulet pour \u00e9plucher les pieds de poulet"},"content":{"rendered":"<div class=\"kk-star-ratings kksr-auto kksr-align-left kksr-valign-top\"     data-payload='{&quot;align&quot;:&quot;left&quot;,&quot;id&quot;:&quot;381&quot;,&quot;slug&quot;:&quot;default&quot;,&quot;valign&quot;:&quot;top&quot;,&quot;ignore&quot;:&quot;&quot;,&quot;reference&quot;:&quot;auto&quot;,&quot;class&quot;:&quot;&quot;,&quot;count&quot;:&quot;18&quot;,&quot;legendonly&quot;:&quot;&quot;,&quot;readonly&quot;:&quot;&quot;,&quot;score&quot;:&quot;4.7&quot;,&quot;starsonly&quot;:&quot;&quot;,&quot;best&quot;:&quot;5&quot;,&quot;gap&quot;:&quot;5&quot;,&quot;greet&quot;:&quot;Rate this product&quot;,&quot;legend&quot;:&quot;4.7\\\/5 - (18 votes)&quot;,&quot;size&quot;:&quot;24&quot;,&quot;title&quot;:&quot;Chicken Feet Skin Peeling Machine for Peeling Chicken Feet&quot;,&quot;width&quot;:&quot;133.8&quot;,&quot;_legend&quot;:&quot;{score}\\\/{best} - ({count} {votes})&quot;,&quot;font_factor&quot;:&quot;1.25&quot;}'>              <div class=\"kksr-stars\">      <div class=\"kksr-stars-inactive\">             <div class=\"kksr-star\" data-star=\"1\" style=\"padding-right: 5px\">               <div class=\"kksr-icon\" style=\"width: 24px; height: 24px;\"><\/div>         <\/div>             <div class=\"kksr-star\" data-star=\"2\" style=\"padding-right: 5px\">               <div class=\"kksr-icon\" style=\"width: 24px; height: 24px;\"><\/div>         <\/div>             <div class=\"kksr-star\" data-star=\"3\" style=\"padding-right: 5px\">               <div class=\"kksr-icon\" style=\"width: 24px; height: 24px;\"><\/div>         <\/div>             <div class=\"kksr-star\" data-star=\"4\" style=\"padding-right: 5px\">               <div class=\"kksr-icon\" style=\"width: 24px; height: 24px;\"><\/div>         <\/div>             <div class=\"kksr-star\" data-star=\"5\" style=\"padding-right: 5px\">               <div class=\"kksr-icon\" style=\"width: 24px; height: 24px;\"><\/div>         <\/div>     <\/div>      <div class=\"kksr-stars-active\" style=\"width: 133.8px;\">             <div class=\"kksr-star\" style=\"padding-right: 5px\">               <div class=\"kksr-icon\" style=\"width: 24px; height: 24px;\"><\/div>         <\/div>             <div class=\"kksr-star\" style=\"padding-right: 5px\">               <div class=\"kksr-icon\" style=\"width: 24px; height: 24px;\"><\/div>         <\/div>             <div class=\"kksr-star\" style=\"padding-right: 5px\">               <div class=\"kksr-icon\" style=\"width: 24px; height: 24px;\"><\/div>         <\/div>             <div class=\"kksr-star\" style=\"padding-right: 5px\">               <div class=\"kksr-icon\" style=\"width: 24px; height: 24px;\"><\/div>         <\/div>             <div class=\"kksr-star\" style=\"padding-right: 5px\">               <div class=\"kksr-icon\" style=\"width: 24px; height: 24px;\"><\/div>         <\/div>     <\/div> <\/div>                   <div class=\"kksr-legend\" style=\"font-size: 19.2px;\">             4,7\/5 - (18 votes)    <\/div>     <\/div>  <p class=\"wp-block-paragraph\">Les pattes de poulet sont un mets d\u00e9licat populaire dans de nombreuses cultures \u00e0 travers le monde. Cependant, le processus d\u2019\u00e9pluchage des pinces de poulet est \u00e0 la fois long et fastidieux. <\/p>    <p class=\"wp-block-paragraph\">Par cons\u00e9quent, la machine \u00e0 \u00e9plucher la peau des pattes de poulet est devenue une machine essentielle de transformation des aliments. Il peut vous aider \u00e0 \u00e9corcher les griffes de poulet rapidement, facilement et efficacement.<\/p>   <div class=\"wp-block-image\"> <figure class=\"aligncenter size-full\"><img loading=\"lazy\" decoding=\"async\" width=\"720\" height=\"540\" src=\"https:\/\/meat-machine.com\/wp-content\/uploads\/2023\/03\/chicken-feet-skin-peeling-machine.webp\" alt=\"machine \u00e0 \u00e9plucher la peau des pattes de poulet\" class=\"wp-image-384\" title=\"\" srcset=\"https:\/\/meat-machine.com\/wp-content\/uploads\/2023\/03\/chicken-feet-skin-peeling-machine.webp 720w, https:\/\/meat-machine.com\/wp-content\/uploads\/2023\/03\/chicken-feet-skin-peeling-machine-300x225.webp 300w\" sizes=\"auto, (max-width: 720px) 100vw, 720px\" \/><figcaption class=\"wp-element-caption\">machine \u00e0 \u00e9plucher la peau des pattes de poulet<\/figcaption><\/figure> <\/div>   <h2 class=\"wp-block-heading\">\u00c0 quoi sert une machine \u00e0 \u00e9plucher les pattes de poulet\u00a0?<\/h2>    <p class=\"wp-block-paragraph\">La machine \u00e0 enlever la peau des pattes de poulet est une sorte d'\u00e9quipement pour volaille permettant d'\u00e9plucher les pattes de poulet rapidement et efficacement. Le principe de fonctionnement de la machine est d'entra\u00eener la rotation du disque secouant inf\u00e9rieur \u00e0 travers le r\u00e9ducteur de sorte que les pattes de poulet dans le cylindre pour la rotation de la vis. L'utilisation finale du principe de friction mutuelle pour terminer le travail d'\u00e9limination de la peau des pattes de poulet. Avec la machine \u00e0 \u00e9plucher les pattes de poulet commerciale, vous pouvez rapidement enlever la peau du poulet, tout en conservant l'int\u00e9grit\u00e9 de la viande.<\/p>    <p class=\"wp-block-paragraph translation-block\">Dans l'ensemble, la machine \u00e0 \u00e9plucher la peau des pattes de poulet est un \u00e9quipement essentiel qui peut am\u00e9liorer l'efficacit\u00e9 et la qualit\u00e9 du traitement des pattes de poulet. C'est aussi la machine principale de la <a href=\"https:\/\/meat-machine.com\/fr\/produit\/ligne-de-traitement-des-pattes-de-poulet\/\">ligne de traitement des pattes de poulet<\/a>.<\/p>   <div class=\"wp-block-image\"> <figure class=\"aligncenter size-full\"><img loading=\"lazy\" decoding=\"async\" width=\"720\" height=\"540\" src=\"https:\/\/meat-machine.com\/wp-content\/uploads\/2023\/03\/chicken-feet.webp\" alt=\"pattes de poulet\" class=\"wp-image-385\" title=\"\" srcset=\"https:\/\/meat-machine.com\/wp-content\/uploads\/2023\/03\/chicken-feet.webp 720w, https:\/\/meat-machine.com\/wp-content\/uploads\/2023\/03\/chicken-feet-300x225.webp 300w\" sizes=\"auto, (max-width: 720px) 100vw, 720px\" \/><figcaption class=\"wp-element-caption\">pattes de poulet<\/figcaption><\/figure> <\/div>   <h2 class=\"wp-block-heading\">Param\u00e8tres de la machine automatique \u00e0 \u00e9plucher la peau des pattes de poulet<\/h2>    <figure class=\"wp-block-table\"><table><tbody><tr><td>Mod\u00e8le<\/td><td>TZ-C7000<\/td><\/tr><tr><td>Capacit\u00e9<\/td><td>2 t\/h<\/td><\/tr><tr><td>Puissance du moteur<\/td><td>2,2 kW\/380 V<\/td><\/tr><tr><td>Consommation d'eau<\/td><td>7-8t\/jour<\/td><\/tr><tr><td>Poids<\/td><td>600 kg<\/td><\/tr><tr><td>Longueur<\/td><td>3,5 m<\/td><\/tr><\/tbody><\/table><\/figure>    <h2 class=\"wp-block-heading\">Avantages de la machine commerciale \u00e0 \u00e9plucher les pattes de poulet<\/h2>    <ol class=\"wp-block-list\"> <li>Un \u00e9plucheur de pattes de poulet est la meilleure fa\u00e7on d\u2019\u00e9plucher les pattes de poulet. Cela peut vous aider \u00e0 gagner du temps et permettre aux utilisateurs d'\u00e9plucher plus de pattes de poulet en moins de temps.<\/li>    <li>Dans le processus d'\u00e9pluchage des pattes de poulet, la machine peut garantir l'int\u00e9grit\u00e9 des pattes de poulet et ne causera pas de dommages aux pattes de poulet.<\/li>    <li>Facile \u00e0 utiliser. La machine \u00e0 \u00e9plucher la peau des pattes de poulet est tr\u00e8s simple \u00e0 utiliser, une personne peut \u00e9galement tr\u00e8s bien faire fonctionner cette machine.<\/li>    <li><a href=\"https:\/\/en.wikipedia.org\/wiki\/Stainless_steel\" target=\"_blank\" rel=\"noopener\">Acier inoxydable<\/a> mat\u00e9riel.<\/li>    <li>Le haut degr\u00e9 d'automatisation.<\/li> <\/ol>   <div class=\"wp-block-image\"> <figure class=\"aligncenter size-full\"><img loading=\"lazy\" decoding=\"async\" width=\"720\" height=\"540\" src=\"https:\/\/meat-machine.com\/wp-content\/uploads\/2023\/03\/commercial-chicken-feet-peeling-machine.webp\" alt=\"machine \u00e0 \u00e9plucher les pattes de poulet commerciale\" class=\"wp-image-386\" title=\"\" srcset=\"https:\/\/meat-machine.com\/wp-content\/uploads\/2023\/03\/commercial-chicken-feet-peeling-machine.webp 720w, https:\/\/meat-machine.com\/wp-content\/uploads\/2023\/03\/commercial-chicken-feet-peeling-machine-300x225.webp 300w\" sizes=\"auto, (max-width: 720px) 100vw, 720px\" \/><figcaption class=\"wp-element-caption\">machine \u00e0 \u00e9plucher les pattes de poulet commerciale<\/figcaption><\/figure> <\/div>   <h2 class=\"wp-block-heading\">Comment acheter une machine \u00e0 \u00e9plucher les pattes de poulet adapt\u00e9e\u00a0?<\/h2>    <p class=\"wp-block-paragraph\">Avant d'acheter un \u00e9plucheur de pattes de poulet, vous devez tenir compte du nombre de pattes de poulet que vous souhaitez traiter, du niveau d'automatisation souhait\u00e9 et de votre budget. Tant que vous consid\u00e9rez clairement ces facteurs, achetez une machine qui r\u00e9pond \u00e0 vos exigences.<\/p>   <div class=\"wp-block-image\"> <figure class=\"aligncenter size-full\"><img loading=\"lazy\" decoding=\"async\" width=\"720\" height=\"540\" src=\"https:\/\/meat-machine.com\/wp-content\/uploads\/2023\/03\/chicken-feet-processing.webp\" alt=\"traitement des pattes de poulet\" class=\"wp-image-383\" title=\"\" srcset=\"https:\/\/meat-machine.com\/wp-content\/uploads\/2023\/03\/chicken-feet-processing.webp 720w, https:\/\/meat-machine.com\/wp-content\/uploads\/2023\/03\/chicken-feet-processing-300x225.webp 300w\" sizes=\"auto, (max-width: 720px) 100vw, 720px\" \/><figcaption class=\"wp-element-caption\">traitement des pattes de poulet<\/figcaption><\/figure> <\/div>   <h2 class=\"wp-block-heading\">Types de machine \u00e0 \u00e9plucher la peau des pattes de poulet<\/h2>    <p class=\"wp-block-paragraph\">Il existe aujourd\u2019hui plusieurs types d\u2019\u00e9plucheuses de pattes de poulet disponibles sur le march\u00e9. Certaines machines sont con\u00e7ues pour un usage domestique, tandis qu'un autre type de machine est con\u00e7u pour des environnements commerciaux tels que les usines de transformation des aliments. Autrement dit, nous avons la machine commerciale \u00e0 \u00e9plucher les pattes de poulet. Si vous avez besoin d'une machine commerciale \u00e0 \u00e9plucher la peau des pattes de poulet, n'h\u00e9sitez pas \u00e0 nous contacter et nous vous r\u00e9pondrons dans les plus brefs d\u00e9lais.<\/p>","protected":false},"excerpt":{"rendered":"<p>Chicken feet are a popular delicacy in many cultures around the world. However, the process of skinning chicken claws is both time-consuming and tedious. Therefore, the chicken feet skin peeling machine has become an essential food processing machinery. It can help you skin chicken claws quickly, easily, and efficiently. What does a chicken feet peeling [&hellip;]<\/p>\n","protected":false},"author":1,"featured_media":382,"parent":0,"template":"","tags":[26],"product-type":[4],"class_list":["post-381","product","type-product","status-publish","has-post-thumbnail","hentry","tag-chicken-feet-processing","product-type-meat-grinder"],"_links":{"self":[{"href":"https:\/\/meat-machine.com\/fr\/wp-json\/wp\/v2\/product\/381","targetHints":{"allow":["GET"]}}],"collection":[{"href":"https:\/\/meat-machine.com\/fr\/wp-json\/wp\/v2\/product"}],"about":[{"href":"https:\/\/meat-machine.com\/fr\/wp-json\/wp\/v2\/types\/product"}],"author":[{"embeddable":true,"href":"https:\/\/meat-machine.com\/fr\/wp-json\/wp\/v2\/users\/1"}],"wp:featuredmedia":[{"embeddable":true,"href":"https:\/\/meat-machine.com\/fr\/wp-json\/wp\/v2\/media\/382"}],"wp:attachment":[{"href":"https:\/\/meat-machine.com\/fr\/wp-json\/wp\/v2\/media?parent=381"}],"wp:term":[{"taxonomy":"post_tag","embeddable":true,"href":"https:\/\/meat-machine.com\/fr\/wp-json\/wp\/v2\/tags?post=381"},{"taxonomy":"product-type","embeddable":true,"href":"https:\/\/meat-machine.com\/fr\/wp-json\/wp\/v2\/product-type?post=381"}],"curies":[{"name":"wp","href":"https:\/\/api.w.org\/{rel}","templated":true}]}}