{"id":37,"date":"2022-09-07T02:05:42","date_gmt":"2022-09-07T02:05:42","guid":{"rendered":"https:\/\/meat-machine.com\/?post_type=product&#038;p=37"},"modified":"2026-03-11T17:56:40","modified_gmt":"2026-03-11T09:56:40","slug":"machine-automatique-de-decoupe-de-poulet","status":"publish","type":"product","link":"https:\/\/meat-machine.com\/fr\/product\/automatic-chicken-cutting-machine\/","title":{"rendered":"Machine de d\u00e9coupe automatique de poulet"},"content":{"rendered":"<div class=\"kk-star-ratings kksr-auto kksr-align-left kksr-valign-top\"     data-payload='{&quot;align&quot;:&quot;left&quot;,&quot;id&quot;:&quot;37&quot;,&quot;slug&quot;:&quot;default&quot;,&quot;valign&quot;:&quot;top&quot;,&quot;ignore&quot;:&quot;&quot;,&quot;reference&quot;:&quot;auto&quot;,&quot;class&quot;:&quot;&quot;,&quot;count&quot;:&quot;14&quot;,&quot;legendonly&quot;:&quot;&quot;,&quot;readonly&quot;:&quot;&quot;,&quot;score&quot;:&quot;4.9&quot;,&quot;starsonly&quot;:&quot;&quot;,&quot;best&quot;:&quot;5&quot;,&quot;gap&quot;:&quot;5&quot;,&quot;greet&quot;:&quot;Rate this product&quot;,&quot;legend&quot;:&quot;4.9\\\/5 - (14 votes)&quot;,&quot;size&quot;:&quot;24&quot;,&quot;title&quot;:&quot;Automatic Chicken Cutting Machine&quot;,&quot;width&quot;:&quot;139.6&quot;,&quot;_legend&quot;:&quot;{score}\\\/{best} - ({count} {votes})&quot;,&quot;font_factor&quot;:&quot;1.25&quot;}'>              <div class=\"kksr-stars\">      <div class=\"kksr-stars-inactive\">             <div class=\"kksr-star\" data-star=\"1\" style=\"padding-right: 5px\">               <div class=\"kksr-icon\" style=\"width: 24px; height: 24px;\"><\/div>         <\/div>             <div class=\"kksr-star\" data-star=\"2\" style=\"padding-right: 5px\">               <div class=\"kksr-icon\" style=\"width: 24px; height: 24px;\"><\/div>         <\/div>             <div class=\"kksr-star\" data-star=\"3\" style=\"padding-right: 5px\">               <div class=\"kksr-icon\" style=\"width: 24px; height: 24px;\"><\/div>         <\/div>             <div class=\"kksr-star\" data-star=\"4\" style=\"padding-right: 5px\">               <div class=\"kksr-icon\" style=\"width: 24px; height: 24px;\"><\/div>         <\/div>             <div class=\"kksr-star\" data-star=\"5\" style=\"padding-right: 5px\">               <div class=\"kksr-icon\" style=\"width: 24px; height: 24px;\"><\/div>         <\/div>     <\/div>      <div class=\"kksr-stars-active\" style=\"width: 139.6px;\">             <div class=\"kksr-star\" style=\"padding-right: 5px\">               <div class=\"kksr-icon\" style=\"width: 24px; height: 24px;\"><\/div>         <\/div>             <div class=\"kksr-star\" style=\"padding-right: 5px\">               <div class=\"kksr-icon\" style=\"width: 24px; height: 24px;\"><\/div>         <\/div>             <div class=\"kksr-star\" style=\"padding-right: 5px\">               <div class=\"kksr-icon\" style=\"width: 24px; height: 24px;\"><\/div>         <\/div>             <div class=\"kksr-star\" style=\"padding-right: 5px\">               <div class=\"kksr-icon\" style=\"width: 24px; height: 24px;\"><\/div>         <\/div>             <div class=\"kksr-star\" style=\"padding-right: 5px\">               <div class=\"kksr-icon\" style=\"width: 24px; height: 24px;\"><\/div>         <\/div>     <\/div> <\/div>                   <div class=\"kksr-legend\" style=\"font-size: 19.2px;\">             4,9\/5 - (14 votes)    <\/div>     <\/div>  <p class=\"wp-block-paragraph translation-block\">La <strong>machine \u00e0 couper le poulet<\/strong> peut traiter efficacement une vari\u00e9t\u00e9 de viandes, telles que le poulet, le canard, le poisson, le b\u0153uf et le porc. En simulant les m\u00e9thodes de coupe manuelle, la machine produit des pi\u00e8ces propres et uniformes sans \u00e9craser la viande en hachis, garantissant des r\u00e9sultats de coupe de haute qualit\u00e9.<\/p>    <p class=\"wp-block-paragraph translation-block\">Avec une <strong>capacit\u00e9 de traitement de 600 kg\/h<\/strong>, la <strong>machine \u00e0 couper le poulet<\/strong> peut g\u00e9rer efficacement la viande fra\u00eeche ou l\u00e9g\u00e8rement congel\u00e9e. La longueur de coupe est r\u00e9glable de <strong>15 \u00e0 50 mm<\/strong>, permettant aux utilisateurs d'obtenir diff\u00e9rentes tailles de portions selon les besoins de traitement. <\/p>    <p class=\"wp-block-paragraph translation-block\">Gr\u00e2ce \u00e0 sa haute efficacit\u00e9 et sa flexibilit\u00e9, cette machine est largement utilis\u00e9e dans <strong>les usines de transformation alimentaire, les abattoirs, les grandes cantines, les supermarch\u00e9s et les restaurants<\/strong>.<\/p>    <figure class=\"wp-block-embed is-type-video is-provider-youtube wp-block-embed-youtube wp-embed-aspect-4-3 wp-has-aspect-ratio\"><div class=\"wp-block-embed__wrapper\"> <iframe loading=\"lazy\" title=\"\u00c9quipement professionnel de d\u00e9coupe de poulet | Revue de coupe de viande #poulet #viande #transformationalimentaire #coupeur\" width=\"422\" height=\"750\" src=\"https:\/\/www.youtube.com\/embed\/yGESe0FLSCo?feature=oembed\" frameborder=\"0\" allow=\"accelerometer; autoplay; clipboard-write; encrypted-media; gyroscope; picture-in-picture; web-share\" referrerpolicy=\"strict-origin-when-cross-origin\" allowfullscreen><\/iframe> <\/div><figcaption class=\"wp-element-caption\">vid\u00e9o de fonctionnement de la machine \u00e0 couper le poulet<\/figcaption><\/figure>    <h2 id=\"h-video-of-automatic-chicken-cutting-machine\" class=\"wp-block-heading\">Application de la d\u00e9coupeuse automatique de poulet<\/h2>    <p class=\"wp-block-paragraph translation-block\">La <strong>machine automatique \u00e0 couper le poulet<\/strong> convient pour couper une large gamme de viandes, y compris le poulet frais, le poulet congel\u00e9 et le poulet entier. Elle peut \u00e9galement traiter d'autres types de viande congel\u00e9e, ce qui en fait une solution polyvalente pour les op\u00e9rations de transformation de viande.<\/p>    <p class=\"wp-block-paragraph translation-block\">Gr\u00e2ce \u00e0 sa haute efficacit\u00e9 et sa flexibilit\u00e9, cette machine est largement utilis\u00e9e dans <strong>les usines de transformation alimentaire, les usines de transformation de viande, les restaurants et les grandes cantines collectives<\/strong>. En plus des machines \u00e0 couper le poulet, nous proposons \u00e9galement <strong><a href=\"https:\/\/meat-machine.com\/fr\/produit\/machine-a-decouper-la-viande\/\" data-type=\"link\" data-id=\"https:\/\/meat-machine.com\/product\/meat-dicing-machine\/\">des machines \u00e0 dicer la viande<\/a><\/strong> pour r\u00e9pondre \u00e0 diff\u00e9rents besoins de traitement de la viande.<\/p>    <figure class=\"wp-block-image size-full\"><img loading=\"lazy\" decoding=\"async\" width=\"720\" height=\"540\" src=\"https:\/\/meat-machine.com\/wp-content\/uploads\/2022\/09\/Chicken-Cutting-Machine-1.webp\" alt=\"Machine de d\u00e9coupe de poulet\" class=\"wp-image-1172\" title=\"\" srcset=\"https:\/\/meat-machine.com\/wp-content\/uploads\/2022\/09\/Chicken-Cutting-Machine-1.webp 720w, https:\/\/meat-machine.com\/wp-content\/uploads\/2022\/09\/Chicken-Cutting-Machine-1-300x225.webp 300w, https:\/\/meat-machine.com\/wp-content\/uploads\/2022\/09\/Chicken-Cutting-Machine-1-16x12.webp 16w\" sizes=\"auto, (max-width: 720px) 100vw, 720px\" \/><figcaption class=\"wp-element-caption\">Machine de d\u00e9coupe de poulet<\/figcaption><\/figure>    <h2 class=\"wp-block-heading\">Structure de la machine \u00e0 couper la viande<\/h2>    <p class=\"wp-block-paragraph translation-block\">La <strong>machine \u00e0 couper la viande<\/strong> est con\u00e7ue avec une structure stable et durable pour garantir une coupe pr\u00e9cise et efficace lors du fonctionnement. Ses principaux composants incluent :<\/p>    <div class=\"wp-block-media-text is-stacked-on-mobile\"><figure class=\"wp-block-media-text__media\"><img loading=\"lazy\" decoding=\"async\" width=\"720\" height=\"540\" src=\"https:\/\/meat-machine.com\/wp-content\/uploads\/2022\/09\/Automatic-Chicken-Cutting-Machine-details.webp\" alt=\"D\u00e9tails de la machine automatique de d\u00e9coupe de poulet\" class=\"wp-image-805 size-full\" title=\"\" srcset=\"https:\/\/meat-machine.com\/wp-content\/uploads\/2022\/09\/Automatic-Chicken-Cutting-Machine-details.webp 720w, https:\/\/meat-machine.com\/wp-content\/uploads\/2022\/09\/Automatic-Chicken-Cutting-Machine-details-300x225.webp 300w, https:\/\/meat-machine.com\/wp-content\/uploads\/2022\/09\/Automatic-Chicken-Cutting-Machine-details-16x12.webp 16w\" sizes=\"auto, (max-width: 720px) 100vw, 720px\" \/><\/figure><div class=\"wp-block-media-text__content\"> <ul class=\"wp-block-list\"> <li><strong>Cadre robuste<\/strong> \u2013 Le cadre robuste de la machine soutient toute la structure, assurant stabilit\u00e9 et fonctionnement fluide lors de la coupe \u00e0 grande vitesse continue.<\/li>    <li><strong>Syst\u00e8me de bande transporteuse<\/strong> \u2013 La bande transporteuse transporte la viande de mani\u00e8re r\u00e9guli\u00e8re dans la zone de coupe, permettant un traitement continu et efficace.<\/li>    <li><strong>Planche \u00e0 d\u00e9couper r\u00e9sistante \u00e0 l'usure<\/strong> \u2013 Ce composant r\u00e9siste au contact constant avec les lames, emp\u00eachant la d\u00e9formation et assurant une longue dur\u00e9e de vie.<\/li>    <li><strong>M\u00e9canisme de transmission par engrenages<\/strong> \u2013 Le syst\u00e8me d'engrenages entra\u00eene les lames de coupe avec une puissance stable et une vitesse constante, garantissant des coupes pr\u00e9cises et uniformes.<\/li>    <li><strong>Syst\u00e8me de rouleaux d'alimentation<\/strong> \u2013 Les rouleaux aident \u00e0 alimenter la viande uniform\u00e9ment dans la section de coupe, garantissant un fonctionnement fluide et des r\u00e9sultats de coupe constants.<\/li> <\/ul> <\/div><\/div>    <p class=\"wp-block-paragraph translation-block\">Ensemble, ces composants forment une structure fiable <strong>de machine \u00e0 couper la viande<\/strong>, offrant une performance stable et un traitement uniforme de la viande.<\/p>    <h2 class=\"wp-block-heading\">Comment fonctionne la machine \u00e0 couper le poulet ?<\/h2>    <div class=\"wp-block-media-text has-media-on-the-right is-stacked-on-mobile\"><div class=\"wp-block-media-text__content\"> <ul class=\"wp-block-list\"> <li><strong>Chargement :<\/strong> Placez des poulets entiers ou congel\u00e9s sur le plateau d'alimentation ou le convoyeur de la machine.<\/li>    <li><strong>Positionnement :<\/strong> La machine aligne automatiquement le poulet pour une coupe pr\u00e9cise.<\/li>    <li><strong>Coupe :<\/strong> Des lames ou scies tranchent le poulet en plusieurs parties.<\/li>    <li><strong>D\u00e9charge :<\/strong> Les pi\u00e8ces coup\u00e9es sont collect\u00e9es sur un plateau ou un convoyeur, pr\u00eates \u00e0 \u00eatre emball\u00e9es ou \u00e0 subir un traitement suppl\u00e9mentaire.<\/li> <\/ul> <\/div><figure class=\"wp-block-media-text__media\"><img loading=\"lazy\" decoding=\"async\" width=\"540\" height=\"720\" src=\"https:\/\/meat-machine.com\/wp-content\/uploads\/2022\/09\/meat-cutter.webp\" alt=\"Coupeur de viande\" class=\"wp-image-1173 size-full\" title=\"\" srcset=\"https:\/\/meat-machine.com\/wp-content\/uploads\/2022\/09\/meat-cutter.webp 540w, https:\/\/meat-machine.com\/wp-content\/uploads\/2022\/09\/meat-cutter-225x300.webp 225w, https:\/\/meat-machine.com\/wp-content\/uploads\/2022\/09\/meat-cutter-9x12.webp 9w\" sizes=\"auto, (max-width: 540px) 100vw, 540px\" \/><\/figure><\/div>    <h2 id=\"h-what-are-the-characteristics-of-meat-cutting-equipment\" class=\"wp-block-heading\">Avantages de la machine \u00e0 couper le poulet<\/h2>    <div class=\"wp-block-media-text is-stacked-on-mobile\"><figure class=\"wp-block-media-text__media\"><img loading=\"lazy\" decoding=\"async\" width=\"720\" height=\"540\" src=\"https:\/\/meat-machine.com\/wp-content\/uploads\/2022\/09\/commercial-chicken-cutter.webp\" alt=\"Coupeuse de poulet commerciale\" class=\"wp-image-1174 size-full\" title=\"\" srcset=\"https:\/\/meat-machine.com\/wp-content\/uploads\/2022\/09\/commercial-chicken-cutter.webp 720w, https:\/\/meat-machine.com\/wp-content\/uploads\/2022\/09\/commercial-chicken-cutter-300x225.webp 300w, https:\/\/meat-machine.com\/wp-content\/uploads\/2022\/09\/commercial-chicken-cutter-16x12.webp 16w\" sizes=\"auto, (max-width: 720px) 100vw, 720px\" \/><\/figure><div class=\"wp-block-media-text__content\"> <ul class=\"wp-block-list\"> <li><strong>Fonctionnement enti\u00e8rement automatique<\/strong> \u2013 La machine fonctionne automatiquement, am\u00e9liorant l'efficacit\u00e9 de la coupe et r\u00e9duisant la main-d'\u0153uvre.<\/li>    <li><strong>Structure en acier inoxydable de qualit\u00e9 alimentaire<\/strong> \u2013 Fabriqu\u00e9e en acier inoxydable de haute qualit\u00e9, garantissant hygi\u00e8ne, durabilit\u00e9 et facilit\u00e9 de nettoyage.<\/li>    <li><strong>\u00c9paisseur de coupe r\u00e9glable<\/strong> \u2013 La machine est \u00e9quip\u00e9e d'une planche \u00e0 d\u00e9couper r\u00e9glable, permettant aux utilisateurs de contr\u00f4ler facilement la taille de coupe selon leurs besoins.<\/li> <\/ul> <\/div><\/div>    <div class=\"wp-block-media-text has-media-on-the-right is-stacked-on-mobile\"><div class=\"wp-block-media-text__content\"> <ul class=\"wp-block-list\"> <li><strong>Large application pour la volaille<\/strong> \u2013 Convient pour couper le poulet, le canard, l'oie et autres viandes de volaille fra\u00eeches.<\/li>    <li><strong>Syst\u00e8me de convoyeur durable<\/strong> \u2013 La conception du convoyeur assure une alimentation stable et une performance durable.<\/li>    <li><strong>Conception de s\u00e9curit\u00e9 am\u00e9lior\u00e9e<\/strong> \u2013 \u00c9quip\u00e9e de dispositifs de s\u00e9curit\u00e9 protecteurs pour assurer une op\u00e9ration plus s\u00fbre pendant le processus de coupe.<\/li> <\/ul> <\/div><figure class=\"wp-block-media-text__media\"><img loading=\"lazy\" decoding=\"async\" width=\"720\" height=\"540\" src=\"https:\/\/meat-machine.com\/wp-content\/uploads\/2022\/09\/Automatic-Chicken-Cutting-Machine-price.webp\" alt=\"Prix de la machine \u00e0 d\u00e9couper le poulet automatique\" class=\"wp-image-807 size-full\" title=\"\" srcset=\"https:\/\/meat-machine.com\/wp-content\/uploads\/2022\/09\/Automatic-Chicken-Cutting-Machine-price.webp 720w, https:\/\/meat-machine.com\/wp-content\/uploads\/2022\/09\/Automatic-Chicken-Cutting-Machine-price-300x225.webp 300w, https:\/\/meat-machine.com\/wp-content\/uploads\/2022\/09\/Automatic-Chicken-Cutting-Machine-price-16x12.webp 16w\" sizes=\"auto, (max-width: 720px) 100vw, 720px\" \/><\/figure><\/div>    <h2 id=\"h-automatic-chicken-cutting-machine-price-in-china\" class=\"wp-block-heading\">Quel est le prix de la machine automatique \u00e0 couper le poulet ?<\/h2>    <p class=\"wp-block-paragraph\">Le prix d'une machine automatique \u00e0 couper le poulet varie en fonction du mod\u00e8le, de la capacit\u00e9 et des options. En g\u00e9n\u00e9ral, les mod\u00e8les plus petits ou basiques sont plus abordables, tandis que les machines industrielles \u00e0 haute capacit\u00e9 co\u00fbtent plus cher. <\/p>    <p class=\"wp-block-paragraph\">Pour un devis pr\u00e9cis, il est recommand\u00e9 de demander un devis adapt\u00e9 \u00e0 vos besoins sp\u00e9cifiques, afin d'obtenir le meilleur rapport qualit\u00e9-prix.<\/p>    <figure class=\"wp-block-image size-full\"><img loading=\"lazy\" decoding=\"async\" width=\"540\" height=\"720\" src=\"https:\/\/meat-machine.com\/wp-content\/uploads\/2022\/09\/Chicken-Cutting-Machine-for-sale-1.webp\" alt=\"Machine \u00e0 couper le poulet \u00e0 vendre\" class=\"wp-image-1175\" title=\"\" srcset=\"https:\/\/meat-machine.com\/wp-content\/uploads\/2022\/09\/Chicken-Cutting-Machine-for-sale-1.webp 540w, https:\/\/meat-machine.com\/wp-content\/uploads\/2022\/09\/Chicken-Cutting-Machine-for-sale-1-225x300.webp 225w, https:\/\/meat-machine.com\/wp-content\/uploads\/2022\/09\/Chicken-Cutting-Machine-for-sale-1-9x12.webp 9w\" sizes=\"auto, (max-width: 540px) 100vw, 540px\" \/><figcaption class=\"wp-element-caption\">Machine \u00e0 couper le poulet \u00e0 vendre<\/figcaption><\/figure>    <h2 class=\"wp-block-heading\">Param\u00e8tres de la machine \u00e0 couper le poulet<\/h2>    <figure class=\"wp-block-table\"><table class=\"has-fixed-layout\"><thead><tr><th>Param\u00e8tre<\/th><th>Sp\u00e9cification<\/th><\/tr><\/thead><tbody><tr><td>Tension<\/td><td>220 V<\/td><\/tr><tr><td>Pouvoir<\/td><td>Trois phases 1,5 kW \/ Deux phases 3,5 kW<\/td><\/tr><tr><td>Capacit\u00e9<\/td><td>600 kg\/h<\/td><\/tr><tr><td>Taille de coupe<\/td><td>Personnalisable<\/td><\/tr><tr><td>Poids net<\/td><td>260 kg<\/td><\/tr><tr><td>Dimensions de la machine<\/td><td>1300 \u00d7 700 \u00d7 850 mm<\/td><\/tr><\/tbody><\/table><figcaption class=\"wp-element-caption\">Param\u00e8tres de la coupe de poulet<\/figcaption><\/figure>    <h2 class=\"wp-block-heading\">Cas client de la machine \u00e0 couper la viande<\/h2>    <p class=\"wp-block-paragraph translation-block\">Une entreprise de transformation de volailles au <strong>Br\u00e9sil<\/strong> a r\u00e9cemment achet\u00e9 notre Machine Automatique \u00e0 Couper le Poulet pour optimiser leur production quotidienne de poulets entiers. Avant d'utiliser notre machine, l'entreprise se fiait \u00e0 la coupe manuelle, qui \u00e9tait lente, laborieuse et produisait des portions incoh\u00e9rentes. <\/p>    <p class=\"wp-block-paragraph translation-block\">Apr\u00e8s avoir install\u00e9 la machine, ils ont pu traiter jusqu'\u00e0 <strong>800\u20131 000 poulets par heure<\/strong>, y compris des oiseaux frais et congel\u00e9s, avec une coupe uniforme \u00e0 chaque fois. L'automatisation a consid\u00e9rablement <strong>r\u00e9duit les co\u00fbts de main-d'\u0153uvre<\/strong>, minimis\u00e9 le gaspillage de produits et am\u00e9lior\u00e9 l'efficacit\u00e9 globale. <\/p>    <p class=\"wp-block-paragraph translation-block\">Le client a \u00e9galement lou\u00e9 notre \u00e9quipe pour avoir fourni <strong>une assistance \u00e0 l'installation sur site, une formation des op\u00e9rateurs et un support apr\u00e8s-vente r\u00e9actif<\/strong>, ce qui a assur\u00e9 une int\u00e9gration fluide dans leur ligne de production.<\/p>    <figure class=\"wp-block-image size-full\"><img loading=\"lazy\" decoding=\"async\" width=\"540\" height=\"720\" src=\"https:\/\/meat-machine.com\/wp-content\/uploads\/2022\/09\/meat-cutting-machine.webp\" alt=\"machine de d\u00e9coupe de viande\" class=\"wp-image-1176\" title=\"\" srcset=\"https:\/\/meat-machine.com\/wp-content\/uploads\/2022\/09\/meat-cutting-machine.webp 540w, https:\/\/meat-machine.com\/wp-content\/uploads\/2022\/09\/meat-cutting-machine-225x300.webp 225w, https:\/\/meat-machine.com\/wp-content\/uploads\/2022\/09\/meat-cutting-machine-9x12.webp 9w\" sizes=\"auto, (max-width: 540px) 100vw, 540px\" \/><figcaption class=\"wp-element-caption\">Machine de d\u00e9coupe de viande<\/figcaption><\/figure>    <h2 class=\"wp-block-heading\">Conclusion<\/h2>    <p class=\"wp-block-paragraph translation-block\">Investir dans notre <strong>Machine automatique \u00e0 couper le poulet<\/strong> signifie choisir efficacit\u00e9, pr\u00e9cision et fiabilit\u00e9 pour vos op\u00e9rations de transformation de volailles. Que vous visiez \u00e0 augmenter la production, r\u00e9duire les co\u00fbts de main-d'\u0153uvre ou assurer des coupes coh\u00e9rentes, cette machine offre d'excellentes performances et une valeur \u00e0 long terme.<\/p>    <p class=\"wp-block-paragraph translation-block\">En plus de la machine \u00e0 couper le poulet, nous proposons \u00e9galement une <strong><a href=\"https:\/\/meat-machine.com\/fr\/produit\/machine-de-decoupe-de-poisson-multifonctionnelle\/\" data-type=\"link\" data-id=\"https:\/\/meat-machine.com\/product\/multifunctional-fish-cutting-machine\/\">machine \u00e0 couper le poisson<\/a><\/strong> con\u00e7ue pour un portionnement rapide et pr\u00e9cis du poisson, adapt\u00e9e aux usines de fruits de mer et aux usines alimentaires. Les clients peuvent choisir l'\u00e9quipement le plus adapt\u00e9 \u00e0 leurs besoins de traitement.<\/p>    <p class=\"wp-block-paragraph translation-block\"><strong>Contactez-nous aujourd'hui pour obtenir un devis personnalis\u00e9 et amener votre ligne de production au niveau sup\u00e9rieur.<\/strong><\/p>","protected":false},"excerpt":{"rendered":"<p>La machine \u00e0 couper le poulet peut traiter efficacement une vari\u00e9t\u00e9 de viandes, telles que le poulet, le canard, le poisson, le b\u0153uf et le porc.<\/p>","protected":false},"author":1,"featured_media":44,"parent":0,"template":"","tags":[10],"product-type":[2],"class_list":["post-37","product","type-product","status-publish","has-post-thumbnail","hentry","tag-meat-cutting-machine","product-type-meat-cutting-machine"],"_links":{"self":[{"href":"https:\/\/meat-machine.com\/fr\/wp-json\/wp\/v2\/product\/37","targetHints":{"allow":["GET"]}}],"collection":[{"href":"https:\/\/meat-machine.com\/fr\/wp-json\/wp\/v2\/product"}],"about":[{"href":"https:\/\/meat-machine.com\/fr\/wp-json\/wp\/v2\/types\/product"}],"author":[{"embeddable":true,"href":"https:\/\/meat-machine.com\/fr\/wp-json\/wp\/v2\/users\/1"}],"wp:featuredmedia":[{"embeddable":true,"href":"https:\/\/meat-machine.com\/fr\/wp-json\/wp\/v2\/media\/44"}],"wp:attachment":[{"href":"https:\/\/meat-machine.com\/fr\/wp-json\/wp\/v2\/media?parent=37"}],"wp:term":[{"taxonomy":"post_tag","embeddable":true,"href":"https:\/\/meat-machine.com\/fr\/wp-json\/wp\/v2\/tags?post=37"},{"taxonomy":"product-type","embeddable":true,"href":"https:\/\/meat-machine.com\/fr\/wp-json\/wp\/v2\/product-type?post=37"}],"curies":[{"name":"wp","href":"https:\/\/api.w.org\/{rel}","templated":true}]}}