{"id":363,"date":"2023-03-07T16:55:57","date_gmt":"2023-03-07T08:55:57","guid":{"rendered":"https:\/\/meat-machine.com\/?post_type=product&#038;p=363"},"modified":"2026-03-10T17:15:19","modified_gmt":"2026-03-10T09:15:19","slug":"machine-a-fumer-la-viande","status":"publish","type":"product","link":"https:\/\/meat-machine.com\/fr\/product\/meat-smoker-machine\/","title":{"rendered":"Machine \u00e0 fumer la viande pour fumer du poulet, du poisson et des saucisses"},"content":{"rendered":"<div class=\"kk-star-ratings kksr-auto kksr-align-left kksr-valign-top\"     data-payload='{&quot;align&quot;:&quot;left&quot;,&quot;id&quot;:&quot;363&quot;,&quot;slug&quot;:&quot;default&quot;,&quot;valign&quot;:&quot;top&quot;,&quot;ignore&quot;:&quot;&quot;,&quot;reference&quot;:&quot;auto&quot;,&quot;class&quot;:&quot;&quot;,&quot;count&quot;:&quot;12&quot;,&quot;legendonly&quot;:&quot;&quot;,&quot;readonly&quot;:&quot;&quot;,&quot;score&quot;:&quot;4.8&quot;,&quot;starsonly&quot;:&quot;&quot;,&quot;best&quot;:&quot;5&quot;,&quot;gap&quot;:&quot;5&quot;,&quot;greet&quot;:&quot;Rate this product&quot;,&quot;legend&quot;:&quot;4.8\\\/5 - (12 votes)&quot;,&quot;size&quot;:&quot;24&quot;,&quot;title&quot;:&quot;Meat Smoker Machine for Smoking Chicken, Fish and Sausage&quot;,&quot;width&quot;:&quot;136.7&quot;,&quot;_legend&quot;:&quot;{score}\\\/{best} - ({count} {votes})&quot;,&quot;font_factor&quot;:&quot;1.25&quot;}'>              <div class=\"kksr-stars\">      <div class=\"kksr-stars-inactive\">             <div class=\"kksr-star\" data-star=\"1\" style=\"padding-right: 5px\">               <div class=\"kksr-icon\" style=\"width: 24px; height: 24px;\"><\/div>         <\/div>             <div class=\"kksr-star\" data-star=\"2\" style=\"padding-right: 5px\">               <div class=\"kksr-icon\" style=\"width: 24px; height: 24px;\"><\/div>         <\/div>             <div class=\"kksr-star\" data-star=\"3\" style=\"padding-right: 5px\">               <div class=\"kksr-icon\" style=\"width: 24px; height: 24px;\"><\/div>         <\/div>             <div class=\"kksr-star\" data-star=\"4\" style=\"padding-right: 5px\">               <div class=\"kksr-icon\" style=\"width: 24px; height: 24px;\"><\/div>         <\/div>             <div class=\"kksr-star\" data-star=\"5\" style=\"padding-right: 5px\">               <div class=\"kksr-icon\" style=\"width: 24px; height: 24px;\"><\/div>         <\/div>     <\/div>      <div class=\"kksr-stars-active\" style=\"width: 136.7px;\">             <div class=\"kksr-star\" style=\"padding-right: 5px\">               <div class=\"kksr-icon\" style=\"width: 24px; height: 24px;\"><\/div>         <\/div>             <div class=\"kksr-star\" style=\"padding-right: 5px\">               <div class=\"kksr-icon\" style=\"width: 24px; height: 24px;\"><\/div>         <\/div>             <div class=\"kksr-star\" style=\"padding-right: 5px\">               <div class=\"kksr-icon\" style=\"width: 24px; height: 24px;\"><\/div>         <\/div>             <div class=\"kksr-star\" style=\"padding-right: 5px\">               <div class=\"kksr-icon\" style=\"width: 24px; height: 24px;\"><\/div>         <\/div>             <div class=\"kksr-star\" style=\"padding-right: 5px\">               <div class=\"kksr-icon\" style=\"width: 24px; height: 24px;\"><\/div>         <\/div>     <\/div> <\/div>                   <div class=\"kksr-legend\" style=\"font-size: 19.2px;\">             4,8\/5 - (12 votes)    <\/div>     <\/div>  <p class=\"wp-block-paragraph translation-block\">La <strong>Machine \u00e0 fumoir pour viande<\/strong> est utilis\u00e9e pour fumer des saucisses, jambon, volaille, poisson et autres produits carn\u00e9s, en am\u00e9liorant leur saveur avec un ar\u00f4me fum\u00e9 riche pendant le traitement.<\/p>    <p class=\"wp-block-paragraph translation-block\">Cette <strong>Machine \u00e0 fumoir pour viande<\/strong> est enti\u00e8rement automatique et int\u00e8gre des fonctions telles que le s\u00e9chage, la cuisson, le fumage, la coloration et l'extraction. Elle est largement utilis\u00e9e dans les usines de transformation de viande et les lignes de production de saucisses. En plus de la viande fum\u00e9e, la machine peut \u00e9galement traiter du bacon fum\u00e9, des saucisses, du poisson fum\u00e9, et m\u00eame du fromage fum\u00e9.<\/p>    <p class=\"wp-block-paragraph translation-block\">La <strong>Machine \u00e0 fumoir pour viande<\/strong> supporte \u00e0 la fois le fumage \u00e0 froid et \u00e0 chaud. Le fumage \u00e0 froid se fait g\u00e9n\u00e9ralement \u00e0 <strong>10\u201330\u00b0C<\/strong>, tandis que le fumage \u00e0 chaud varie de <strong>10\u2013100\u00b0C<\/strong>, selon les exigences du produit. Diff bois, dont le hickory, le mesquite, le bois de pomme et la cerise, peuvent \u00eatre utilis\u00e9s pour cr\u00e9er des saveurs fum\u00e9es distinctives.<\/p>    <figure class=\"wp-block-embed is-type-video is-provider-youtube wp-block-embed-youtube wp-embed-aspect-9-16 wp-has-aspect-ratio\"><div class=\"wp-block-embed__wrapper\"> <iframe loading=\"lazy\" title=\"Four \u00e0 fumoir \u00e0 viande commercial | Parfait pour la saucisse et la viande fum\u00e9e #viande #fumeur\" width=\"422\" height=\"750\" src=\"https:\/\/www.youtube.com\/embed\/nMbKB-s3k-E?feature=oembed\" frameborder=\"0\" allow=\"accelerometer; autoplay; clipboard-write; encrypted-media; gyroscope; picture-in-picture; web-share\" referrerpolicy=\"strict-origin-when-cross-origin\" allowfullscreen><\/iframe> <\/div><figcaption class=\"wp-element-caption\">Vid\u00e9o de fonctionnement de la machine \u00e0 fum\u00e9e pour viande<\/figcaption><\/figure>    <h2 class=\"wp-block-heading\">Machine \u00e0 fumoir pour poulet \u00e0 vendre<\/h2>    <p class=\"wp-block-paragraph translation-block\">Notre <strong>machine \u00e0 fumoir pour poulet \u00e0 vendre<\/strong> est con\u00e7ue pour fumer et cuire \u00e0 la vapeur une vari\u00e9t\u00e9 de produits alimentaires tels que poulet, saucisses, jambon, saucisses s\u00e8ches, barbecue et poisson. La machine est facile \u00e0 utiliser, fiable et adapt\u00e9e aux usines de transformation de viande et aux usines alimentaires.<\/p>    <p class=\"wp-block-paragraph\">Ce fumoir \u00e0 poulet adopte un contr\u00f4le \u00e9lectrique manuel avec un haut niveau d'automatisation. Il int\u00e8gre plusieurs fonctions dont le chauffage \u00e9lectrique ou par vapeur (cuisson \u00e0 la vapeur), la circulation d'air chaud pour le s\u00e9chage ou la cuisson, le fumage et l'extraction. Ces fonctions peuvent \u00eatre combin\u00e9es de mani\u00e8re flexible selon les exigences de traitement. <\/p>    <p class=\"wp-block-paragraph\">La machine poss\u00e8de une structure en acier inoxydable \u00e0 double couche avec des mat\u00e9riaux d'isolation \u00e9pais pour r\u00e9duire la consommation d'\u00e9nergie. De plus, les param\u00e8tres de traitement tels que le temps et la temp\u00e9rature peuvent \u00eatre r\u00e9gl\u00e9s librement pour assurer un contr\u00f4le pr\u00e9cis. Le syst\u00e8me est \u00e9galement \u00e9quip\u00e9 de deux ou quatre sondes de temp\u00e9rature et d'une fonction d'alarme automatique pour garantir un fonctionnement s\u00fbr et stable pendant la production.<\/p>    <figure class=\"wp-block-gallery has-nested-images columns-default is-cropped wp-block-gallery-2 is-layout-flex wp-block-gallery-is-layout-flex\"> <figure class=\"wp-block-image size-large\"><img loading=\"lazy\" decoding=\"async\" width=\"720\" height=\"540\" data-id=\"1157\" src=\"https:\/\/meat-machine.com\/wp-content\/uploads\/2023\/03\/cheese.webp\" alt=\"cheese\" class=\"wp-image-1157\" title=\"\" srcset=\"https:\/\/meat-machine.com\/wp-content\/uploads\/2023\/03\/cheese.webp 720w, https:\/\/meat-machine.com\/wp-content\/uploads\/2023\/03\/cheese-300x225.webp 300w, https:\/\/meat-machine.com\/wp-content\/uploads\/2023\/03\/cheese-16x12.webp 16w\" sizes=\"auto, (max-width: 720px) 100vw, 720px\" \/><figcaption class=\"wp-element-caption\">Fromage<\/figcaption><\/figure>    <figure class=\"wp-block-image size-large\"><img loading=\"lazy\" decoding=\"async\" width=\"540\" height=\"720\" data-id=\"1158\" src=\"https:\/\/meat-machine.com\/wp-content\/uploads\/2023\/03\/food-smoking-machine.webp\" alt=\"Machine \u00e0 fum\u00e9e alimentaire\" class=\"wp-image-1158\" title=\"\" srcset=\"https:\/\/meat-machine.com\/wp-content\/uploads\/2023\/03\/food-smoking-machine.webp 540w, https:\/\/meat-machine.com\/wp-content\/uploads\/2023\/03\/food-smoking-machine-225x300.webp 225w, https:\/\/meat-machine.com\/wp-content\/uploads\/2023\/03\/food-smoking-machine-9x12.webp 9w\" sizes=\"auto, (max-width: 540px) 100vw, 540px\" \/><figcaption class=\"wp-element-caption\">Machine \u00e0 fum\u00e9e alimentaire<\/figcaption><\/figure> <\/figure>    <h2 class=\"wp-block-heading\">Structure de la machine \u00e0 fum\u00e9e pour viande<\/h2>    <div class=\"wp-block-media-text is-stacked-on-mobile\"><figure class=\"wp-block-media-text__media\"><img loading=\"lazy\" decoding=\"async\" width=\"720\" height=\"540\" src=\"https:\/\/meat-machine.com\/wp-content\/uploads\/2023\/03\/Meat-Smoker-Machine-structure.webp\" alt=\"Structure de la machine \u00e0 fum\u00e9e pour viande\" class=\"wp-image-1159 size-full\" title=\"\" srcset=\"https:\/\/meat-machine.com\/wp-content\/uploads\/2023\/03\/Meat-Smoker-Machine-structure.webp 720w, https:\/\/meat-machine.com\/wp-content\/uploads\/2023\/03\/Meat-Smoker-Machine-structure-300x225.webp 300w, https:\/\/meat-machine.com\/wp-content\/uploads\/2023\/03\/Meat-Smoker-Machine-structure-16x12.webp 16w\" sizes=\"auto, (max-width: 720px) 100vw, 720px\" \/><\/figure><div class=\"wp-block-media-text__content\"> <ul class=\"wp-block-list\"> <li><strong>Moteur<\/strong>: Fournit de l'\u00e9nergie \u00e0 la machine et assure un fonctionnement stable pendant le processus de fumage.<\/li>    <li><strong>Tuyau de livraison de fum\u00e9e<\/strong>: Transf\u00e8re la fum\u00e9e du g\u00e9n\u00e9rateur de fum\u00e9e vers la chambre de fumage.<\/li>    <li><strong>Bo\u00eete de contr\u00f4le PLC<\/strong>: Permet un contr\u00f4le automatique de la temp\u00e9rature, du temps et des fonctions de fumage pour une op\u00e9ration pratique.<\/li>    <li><strong>G\u00e9n\u00e9rateur de fum\u00e9e externe<\/strong>: Produit de la fum\u00e9e qui donne \u00e0 la viande et autres aliments leur saveur fum\u00e9e caract\u00e9ristique.<\/li>    <li><strong>Fen\u00eatre d'observation<\/strong>: Permet aux op\u00e9rateurs d'observer le processus de fumage \u00e0 l'int\u00e9rieur de la chambre.<\/li>    <li><strong>Poign\u00e9e<\/strong>: Facilite l'ouverture et la fermeture de la porte de la chambre de fumage.<\/li> <\/ul> <\/div><\/div>    <h2 class=\"wp-block-heading\">Comment fonctionne la machine \u00e0 fumer les aliments\u00a0?<\/h2>    <div class=\"wp-block-media-text has-media-on-the-right is-stacked-on-mobile\"><div class=\"wp-block-media-text__content\"> <ul class=\"wp-block-list\"> <li><strong>Alimentation en sciure<\/strong>: La sciure est aliment\u00e9e dans la chambre de fum\u00e9e externe via la tr\u00e9mie, et la vitesse d'alimentation est contr\u00f4l\u00e9e par le moteur d'agitation.<\/li>    <li><strong>G\u00e9n\u00e9ration de fum\u00e9e<\/strong>: Le tube \u00e9lectrique en forme de U chauffe la sciure pour g\u00e9n\u00e9rer de la fum\u00e9e lors du processus de fumage.<\/li>    <li><strong>Circulation de la fum\u00e9e<\/strong>: La fum\u00e9e g\u00e9n\u00e9r\u00e9e entre dans la chambre de fumage par de petits trous et circule \u00e0 l'int\u00e9rieur de la machine.<\/li>    <li><strong>Distribution du ventilateur<\/strong>: Un ventilateur \u00e0 flux axial pousse la fum\u00e9e du haut vers le bas, assurant un chauffage et un fumage uniformes des aliments.<\/li>    <li><strong>Surveillance de la temp\u00e9rature<\/strong>: Une sonde de temp\u00e9rature int\u00e9gr\u00e9e surveille la temp\u00e9rature interne pour maintenir des conditions de fumage stables.<\/li> <\/ul> <\/div><figure class=\"wp-block-media-text__media\"><img loading=\"lazy\" decoding=\"async\" width=\"540\" height=\"720\" src=\"https:\/\/meat-machine.com\/wp-content\/uploads\/2023\/03\/commercial-meat-smoker.webp\" alt=\"Fumoir \u00e0 viande commercial\" class=\"wp-image-1160 size-full\" title=\"\" srcset=\"https:\/\/meat-machine.com\/wp-content\/uploads\/2023\/03\/commercial-meat-smoker.webp 540w, https:\/\/meat-machine.com\/wp-content\/uploads\/2023\/03\/commercial-meat-smoker-225x300.webp 225w, https:\/\/meat-machine.com\/wp-content\/uploads\/2023\/03\/commercial-meat-smoker-9x12.webp 9w\" sizes=\"auto, (max-width: 540px) 100vw, 540px\" \/><\/figure><\/div>    <h2 class=\"wp-block-heading\">Param\u00e8tres techniques de la machine \u00e0 fumer la viande<\/h2>    <figure class=\"wp-block-table\"><table class=\"has-fixed-layout\"><tbody><tr><td>Mod\u00e8le<\/td><td>Capacit\u00e9(kg\/lot)<\/td><td>Puissance (kw)<\/td><td>poids (kg)<\/td><td>Taille (mm)<\/td><\/tr><tr><td>TZ-30<\/td><td>30<\/td><td>16.5<\/td><td>350<\/td><td>2000*1100*1500<\/td><\/tr><tr><td>TZ-50<\/td><td>50<\/td><td>16.5<\/td><td>450<\/td><td>2100*1150*1715<\/td><\/tr><tr><td>TZ-100<\/td><td>100<\/td><td>18<\/td><td>500<\/td><td>2100*1200*2020<\/td><\/tr><tr><td>TZ-150<\/td><td>150<\/td><td>18<\/td><td>550<\/td><td>2320*1220*2510<\/td><\/tr><tr><td>TZ-200<\/td><td>200<\/td><td>19<\/td><td>600<\/td><td>2310*1370*2500<\/td><\/tr><tr><td>TZ-250<\/td><td>300<\/td><td>19<\/td><td>700<\/td><td>2350*1500*3000<\/td><\/tr><tr><td>TZ-500<\/td><td>500<\/td><td>35<\/td><td>1200<\/td><td>2420*2200*3000<\/td><\/tr><tr><td>TZ-1000<\/td><td>1000<\/td><td>67<\/td><td>2400<\/td><td>2500*4400*3000<\/td><\/tr><\/tbody><\/table><figcaption class=\"wp-element-caption\">Param\u00e8tres de la machine \u00e0 fum\u00e9e pour viande<\/figcaption><\/figure>    <figure class=\"wp-block-gallery has-nested-images columns-default is-cropped wp-block-gallery-3 is-layout-flex wp-block-gallery-is-layout-flex\"> <figure class=\"wp-block-image size-large\"><img loading=\"lazy\" decoding=\"async\" width=\"540\" height=\"720\" data-id=\"1161\" src=\"https:\/\/meat-machine.com\/wp-content\/uploads\/2023\/03\/chicken-smoker.webp\" alt=\"Fumoir \u00e0 poulet\" class=\"wp-image-1161\" title=\"\" srcset=\"https:\/\/meat-machine.com\/wp-content\/uploads\/2023\/03\/chicken-smoker.webp 540w, https:\/\/meat-machine.com\/wp-content\/uploads\/2023\/03\/chicken-smoker-225x300.webp 225w, https:\/\/meat-machine.com\/wp-content\/uploads\/2023\/03\/chicken-smoker-9x12.webp 9w\" sizes=\"auto, (max-width: 540px) 100vw, 540px\" \/><figcaption class=\"wp-element-caption\">Fumoir \u00e0 poulet<\/figcaption><\/figure>    <figure class=\"wp-block-image size-large\"><img loading=\"lazy\" decoding=\"async\" width=\"540\" height=\"720\" data-id=\"1162\" src=\"https:\/\/meat-machine.com\/wp-content\/uploads\/2023\/03\/food-smoker.webp\" alt=\"Fumoir alimentaire\" class=\"wp-image-1162\" title=\"\" srcset=\"https:\/\/meat-machine.com\/wp-content\/uploads\/2023\/03\/food-smoker.webp 540w, https:\/\/meat-machine.com\/wp-content\/uploads\/2023\/03\/food-smoker-225x300.webp 225w, https:\/\/meat-machine.com\/wp-content\/uploads\/2023\/03\/food-smoker-9x12.webp 9w\" sizes=\"auto, (max-width: 540px) 100vw, 540px\" \/><figcaption class=\"wp-element-caption\">Fumoir alimentaire<\/figcaption><\/figure> <\/figure>    <h2 class=\"wp-block-heading\">Avantages de la machine \u00e0 fumoir pour viande<\/h2>    <ul class=\"wp-block-list\"> <li><strong>Contr\u00f4le pr\u00e9cis de la temp\u00e9rature<\/strong>: La vanne de vapeur pilote contr\u00f4le pr\u00e9cis\u00e9ment le flux de vapeur, assurant un fonctionnement stable et maintenant la diff\u00e9rence de temp\u00e9rature \u00e0 l'int\u00e9rieur de la chambre dans <strong>1\u00b0C<\/strong>.<\/li>    <li><strong>Syst\u00e8me de chauffage uniforme<\/strong>: Les pales du ventilateur \u00e9quilibr\u00e9es dynamiquement tournent \u00e0 <strong>3000 rpm<\/strong> fournit un flux d'air puissant avec une vitesse du vent jusqu'\u00e0 <strong>25 m\/s<\/strong>, assurant une r\u00e9partition uniforme de la temp\u00e9rature dans toute la chambre.<\/li>    <li><strong>Production de fum\u00e9e stable<\/strong>: La machine utilise un <strong>G\u00e9n\u00e9rateur de fum\u00e9e \u00e0 particules de bois<\/strong>, qui produit une fum\u00e9e stable, permet un coloriage rapide des aliments, et assure une fum\u00e9e propre entrant dans la chambre.<\/li>    <li><strong>Facilit\u00e9 de nettoyage et d'entretien<\/strong>: \u00c9quip\u00e9e d'un <strong>Pompe \u00e0 pipeline haute pression<\/strong> et des buses multi-angulaires, le syst\u00e8me nettoie efficacement les bobines et les tuyaux de fum\u00e9e, maintenant l'hygi\u00e8ne et une op\u00e9ration efficace.<\/li> <\/ul>    <div class=\"wp-block-columns is-layout-flex wp-container-core-columns-is-layout-8f761849 wp-block-columns-is-layout-flex\"> <div class=\"wp-block-column is-layout-flow wp-block-column-is-layout-flow\"> <figure class=\"wp-block-image size-full\"><img loading=\"lazy\" decoding=\"async\" width=\"720\" height=\"540\" src=\"https:\/\/meat-machine.com\/wp-content\/uploads\/2023\/03\/sausage.webp\" alt=\"saucisse\" class=\"wp-image-371\" title=\"\" srcset=\"https:\/\/meat-machine.com\/wp-content\/uploads\/2023\/03\/sausage.webp 720w, https:\/\/meat-machine.com\/wp-content\/uploads\/2023\/03\/sausage-300x225.webp 300w\" sizes=\"auto, (max-width: 720px) 100vw, 720px\" \/><figcaption class=\"wp-element-caption\">Saucisse<\/figcaption><\/figure> <\/div>    <div class=\"wp-block-column is-layout-flow wp-block-column-is-layout-flow\"> <figure class=\"wp-block-image size-full\"><img loading=\"lazy\" decoding=\"async\" width=\"720\" height=\"540\" src=\"https:\/\/meat-machine.com\/wp-content\/uploads\/2023\/03\/pork.webp\" alt=\"porc\" class=\"wp-image-370\" title=\"\" srcset=\"https:\/\/meat-machine.com\/wp-content\/uploads\/2023\/03\/pork.webp 720w, https:\/\/meat-machine.com\/wp-content\/uploads\/2023\/03\/pork-300x225.webp 300w\" sizes=\"auto, (max-width: 720px) 100vw, 720px\" \/><figcaption class=\"wp-element-caption\">Porc<\/figcaption><\/figure> <\/div> <\/div>    <h2 class=\"wp-block-heading\">Comment nettoyer un fumoir \u00e0 viande ?<\/h2>    <div class=\"wp-block-media-text is-stacked-on-mobile\"><figure class=\"wp-block-media-text__media\"><img loading=\"lazy\" decoding=\"async\" width=\"540\" height=\"720\" src=\"https:\/\/meat-machine.com\/wp-content\/uploads\/2023\/03\/Meat-Smoker-Machine-price.webp\" alt=\"Prix de la machine \u00e0 fum\u00e9e pour viande\" class=\"wp-image-1163 size-full\" title=\"\" srcset=\"https:\/\/meat-machine.com\/wp-content\/uploads\/2023\/03\/Meat-Smoker-Machine-price.webp 540w, https:\/\/meat-machine.com\/wp-content\/uploads\/2023\/03\/Meat-Smoker-Machine-price-225x300.webp 225w, https:\/\/meat-machine.com\/wp-content\/uploads\/2023\/03\/Meat-Smoker-Machine-price-9x12.webp 9w\" sizes=\"auto, (max-width: 540px) 100vw, 540px\" \/><\/figure><div class=\"wp-block-media-text__content\"> <ul class=\"wp-block-list\"> <li><strong>Fr\u00e9quence de nettoyage<\/strong> <ul class=\"wp-block-list\"> <li>Nettoyez le fumoir apr\u00e8s chaque utilisation pour maintenir l'hygi\u00e8ne et la performance.<\/li> <\/ul> <\/li>    <li><strong>Zones de nettoyage<\/strong> <ul class=\"wp-block-list\"> <li>Concentrez-vous sur le tuyau de fum\u00e9e et l'int\u00e9rieur de la chambre de fumage. Avec une pression de pompe suffisante, toutes les pi\u00e8ces peuvent \u00eatre ouvertes simultan\u00e9ment. Une plaque de couverture sur le tuyau de fum\u00e9e permet un acc\u00e8s manuel pour enlever la salet\u00e9 tenace si n\u00e9cessaire.<\/li> <\/ul> <\/li>    <li><strong>Solution de nettoyage<\/strong> <ul class=\"wp-block-list\"> <li>Utilisez une solution de soude caustique \u00e0 3\u20135 %. Rincez abondamment \u00e0 l'eau claire pour \u00e9liminer tout r\u00e9sidu alcalin ou d\u00e9bris.<\/li> <\/ul> <\/li> <\/ul> <\/div><\/div>    <ul class=\"wp-block-list\"> <li><strong>\u00c9tapes de nettoyage<\/strong> <ul class=\"wp-block-list\"> <li>Chauffez le fumoir \u00e0 70\u201380\u00b0C. Pulv\u00e9risez la solution de nettoyage \u00e0 l'aide d'une pompe \u00e0 eau et laissez agir pendant 2\u20133 minutes.<\/li>    <li>Versez de l'eau propre dans le seau de nettoyage et rincez soigneusement le fumoir. R\u00e9p\u00e9tez si n\u00e9cessaire.<\/li> <\/ul> <\/li>    <li><strong>Pr\u00e9cautions de s\u00e9curit\u00e9<\/strong> <ul class=\"wp-block-list\"> <li>\u00c9vitez de projeter de l'eau sur la bo\u00eete de contr\u00f4le ou l'ordinateur.<\/li>    <li>Les op\u00e9rateurs doivent porter un \u00e9quipement de protection lors du nettoyage.<\/li> <\/ul> <\/li> <\/ul>    <figure class=\"wp-block-gallery has-nested-images columns-default is-cropped wp-block-gallery-4 is-layout-flex wp-block-gallery-is-layout-flex\"> <figure class=\"wp-block-image size-full\"><img loading=\"lazy\" decoding=\"async\" width=\"540\" height=\"720\" data-id=\"1164\" src=\"https:\/\/meat-machine.com\/wp-content\/uploads\/2023\/03\/Meat-Smoker-Machine-1.webp\" alt=\"Machine \u00e0 fum\u00e9e pour viande\" class=\"wp-image-1164\" title=\"\" srcset=\"https:\/\/meat-machine.com\/wp-content\/uploads\/2023\/03\/Meat-Smoker-Machine-1.webp 540w, https:\/\/meat-machine.com\/wp-content\/uploads\/2023\/03\/Meat-Smoker-Machine-1-225x300.webp 225w, https:\/\/meat-machine.com\/wp-content\/uploads\/2023\/03\/Meat-Smoker-Machine-1-9x12.webp 9w\" sizes=\"auto, (max-width: 540px) 100vw, 540px\" \/><figcaption class=\"wp-element-caption\">Machine \u00e0 fum\u00e9e pour viande<\/figcaption><\/figure>    <figure class=\"wp-block-image size-full\"><img loading=\"lazy\" decoding=\"async\" width=\"540\" height=\"720\" data-id=\"1165\" src=\"https:\/\/meat-machine.com\/wp-content\/uploads\/2023\/03\/meat-smoking-machine.webp\" alt=\"machine \u00e0 fumer la viande\" class=\"wp-image-1165\" title=\"\" srcset=\"https:\/\/meat-machine.com\/wp-content\/uploads\/2023\/03\/meat-smoking-machine.webp 540w, https:\/\/meat-machine.com\/wp-content\/uploads\/2023\/03\/meat-smoking-machine-225x300.webp 225w, https:\/\/meat-machine.com\/wp-content\/uploads\/2023\/03\/meat-smoking-machine-9x12.webp 9w\" sizes=\"auto, (max-width: 540px) 100vw, 540px\" \/><figcaption class=\"wp-element-caption\">Machine \u00e0 fum\u00e9e pour viande<\/figcaption><\/figure> <\/figure>    <h2 class=\"wp-block-heading\">Conclusion<\/h2>    <p class=\"wp-block-paragraph translation-block\">Notre <strong>Machine \u00e0 fumoir pour viande<\/strong> offre des r\u00e9sultats de fumage constants, un nettoyage facile et une performance fiable. Contactez-nous d\u00e8s aujourd'hui pour un devis et laissez-nous vous aider \u00e0 choisir le bon mod\u00e8le pour vos besoins. <\/p>    <p class=\"wp-block-paragraph translation-block\">Nous proposons \u00e9galement une large gamme d'autres machines de transformation alimentaire, allant des <a href=\"https:\/\/meat-machine.com\/fr\/produits\/hachoir-a-viande\/\" data-type=\"link\" data-id=\"https:\/\/meat-machine.com\/products\/meat-grinder\/\">broyeurs de viande<\/a> aux <a href=\"https:\/\/meat-machine.com\/fr\/produit\/ligne-de-transformation-de-saucisses\/\" data-type=\"link\" data-id=\"https:\/\/meat-machine.com\/product\/sausage-processing-line\/\">machines \u00e0 fabriquer des saucisses<\/a> \u2014 explorez notre gamme compl\u00e8te et trouvez la solution id\u00e9ale pour votre ligne de production !<\/p>","protected":false},"excerpt":{"rendered":"<p>La Machine \u00e0 fumoir pour viande est utilis\u00e9e pour fumer des saucisses, jambon, volaille, poisson et autres produits carn\u00e9s, en am\u00e9liorant leur saveur avec un ar\u00f4me fum\u00e9 riche pendant le traitement.<\/p>","protected":false},"author":1,"featured_media":375,"parent":0,"template":"","tags":[27],"product-type":[4],"class_list":["post-363","product","type-product","status-publish","has-post-thumbnail","hentry","tag-smoke-oven","product-type-meat-grinder"],"_links":{"self":[{"href":"https:\/\/meat-machine.com\/fr\/wp-json\/wp\/v2\/product\/363","targetHints":{"allow":["GET"]}}],"collection":[{"href":"https:\/\/meat-machine.com\/fr\/wp-json\/wp\/v2\/product"}],"about":[{"href":"https:\/\/meat-machine.com\/fr\/wp-json\/wp\/v2\/types\/product"}],"author":[{"embeddable":true,"href":"https:\/\/meat-machine.com\/fr\/wp-json\/wp\/v2\/users\/1"}],"wp:featuredmedia":[{"embeddable":true,"href":"https:\/\/meat-machine.com\/fr\/wp-json\/wp\/v2\/media\/375"}],"wp:attachment":[{"href":"https:\/\/meat-machine.com\/fr\/wp-json\/wp\/v2\/media?parent=363"}],"wp:term":[{"taxonomy":"post_tag","embeddable":true,"href":"https:\/\/meat-machine.com\/fr\/wp-json\/wp\/v2\/tags?post=363"},{"taxonomy":"product-type","embeddable":true,"href":"https:\/\/meat-machine.com\/fr\/wp-json\/wp\/v2\/product-type?post=363"}],"curies":[{"name":"wp","href":"https:\/\/api.w.org\/{rel}","templated":true}]}}