{"id":283,"date":"2023-01-16T17:55:26","date_gmt":"2023-01-16T09:55:26","guid":{"rendered":"https:\/\/meat-machine.com\/?post_type=product&#038;p=283"},"modified":"2026-03-04T16:48:42","modified_gmt":"2026-03-04T08:48:42","slug":"machine-a-scie-osseuse-commerciale","status":"publish","type":"product","link":"https:\/\/meat-machine.com\/fr\/product\/commercial-bone-saw-machine\/","title":{"rendered":"Machine \u00e0 scie \u00e0 os commerciale | Scie \u00e0 ruban \u00e0 viande commerciale"},"content":{"rendered":"<div class=\"kk-star-ratings kksr-auto kksr-align-left kksr-valign-top\"     data-payload='{&quot;align&quot;:&quot;left&quot;,&quot;id&quot;:&quot;283&quot;,&quot;slug&quot;:&quot;default&quot;,&quot;valign&quot;:&quot;top&quot;,&quot;ignore&quot;:&quot;&quot;,&quot;reference&quot;:&quot;auto&quot;,&quot;class&quot;:&quot;&quot;,&quot;count&quot;:&quot;15&quot;,&quot;legendonly&quot;:&quot;&quot;,&quot;readonly&quot;:&quot;&quot;,&quot;score&quot;:&quot;4.7&quot;,&quot;starsonly&quot;:&quot;&quot;,&quot;best&quot;:&quot;5&quot;,&quot;gap&quot;:&quot;5&quot;,&quot;greet&quot;:&quot;Rate this product&quot;,&quot;legend&quot;:&quot;4.7\\\/5 - (15 votes)&quot;,&quot;size&quot;:&quot;24&quot;,&quot;title&quot;:&quot;Commercial Bone Saw Machine | Commercial Meat Band Saw&quot;,&quot;width&quot;:&quot;133.8&quot;,&quot;_legend&quot;:&quot;{score}\\\/{best} - ({count} {votes})&quot;,&quot;font_factor&quot;:&quot;1.25&quot;}'>              <div class=\"kksr-stars\">      <div class=\"kksr-stars-inactive\">             <div class=\"kksr-star\" data-star=\"1\" style=\"padding-right: 5px\">               <div class=\"kksr-icon\" style=\"width: 24px; height: 24px;\"><\/div>         <\/div>             <div class=\"kksr-star\" data-star=\"2\" style=\"padding-right: 5px\">               <div class=\"kksr-icon\" style=\"width: 24px; height: 24px;\"><\/div>         <\/div>             <div class=\"kksr-star\" data-star=\"3\" style=\"padding-right: 5px\">               <div class=\"kksr-icon\" style=\"width: 24px; height: 24px;\"><\/div>         <\/div>             <div class=\"kksr-star\" data-star=\"4\" style=\"padding-right: 5px\">               <div class=\"kksr-icon\" style=\"width: 24px; height: 24px;\"><\/div>         <\/div>             <div class=\"kksr-star\" data-star=\"5\" style=\"padding-right: 5px\">               <div class=\"kksr-icon\" style=\"width: 24px; height: 24px;\"><\/div>         <\/div>     <\/div>      <div class=\"kksr-stars-active\" style=\"width: 133.8px;\">             <div class=\"kksr-star\" style=\"padding-right: 5px\">               <div class=\"kksr-icon\" style=\"width: 24px; height: 24px;\"><\/div>         <\/div>             <div class=\"kksr-star\" style=\"padding-right: 5px\">               <div class=\"kksr-icon\" style=\"width: 24px; height: 24px;\"><\/div>         <\/div>             <div class=\"kksr-star\" style=\"padding-right: 5px\">               <div class=\"kksr-icon\" style=\"width: 24px; height: 24px;\"><\/div>         <\/div>             <div class=\"kksr-star\" style=\"padding-right: 5px\">               <div class=\"kksr-icon\" style=\"width: 24px; height: 24px;\"><\/div>         <\/div>             <div class=\"kksr-star\" style=\"padding-right: 5px\">               <div class=\"kksr-icon\" style=\"width: 24px; height: 24px;\"><\/div>         <\/div>     <\/div> <\/div>                   <div class=\"kksr-legend\" style=\"font-size: 19.2px;\">             4,7\/5 - (15 votes)    <\/div>     <\/div>  <p class=\"wp-block-paragraph\">La machine \u00e0 scier les os commerciale est capable de couper rapidement et pr\u00e9cis\u00e9ment divers produits de viande avec os et viande congel\u00e9e. <\/p>    <p class=\"wp-block-paragraph\">\u00c9quip\u00e9e d'un syst\u00e8me de scie \u00e0 bande \u00e0 haute vitesse, la machine fonctionne en douceur et offre des surfaces de coupe propres et uniformes, am\u00e9liorant consid\u00e9rablement l'efficacit\u00e9 du traitement tout en r\u00e9duisant les co\u00fbts de main-d'\u0153uvre. <\/p>    <p class=\"wp-block-paragraph\">Avec une plage de largeur de coupe r\u00e9glable de 0\u2013580 mm, elle peut r\u00e9pondre \u00e0 diff\u00e9rentes exigences de taille et est largement utilis\u00e9e dans les usines de transformation alimentaire, les cuisines centrales et les ateliers de d\u00e9coupe de viande.<\/p>    <figure class=\"wp-block-embed is-type-video is-provider-youtube wp-block-embed-youtube wp-embed-aspect-9-16 wp-has-aspect-ratio\"><div class=\"wp-block-embed__wrapper\"> <iframe loading=\"lazy\" title=\"Machine \u00e0 scier les os industrielle pour usine de transformation de la viande #os #transformationalimentaire #machinealimentation\" width=\"422\" height=\"750\" src=\"https:\/\/www.youtube.com\/embed\/LKkPTC52Qh4?feature=oembed\" frameborder=\"0\" allow=\"accelerometer; autoplay; clipboard-write; encrypted-media; gyroscope; picture-in-picture; web-share\" referrerpolicy=\"strict-origin-when-cross-origin\" allowfullscreen><\/iframe> <\/div><figcaption class=\"wp-element-caption\">Vid\u00e9o de fonctionnement de la machine \u00e0 scier les os commerciale<\/figcaption><\/figure>    <h2 class=\"wp-block-heading\">Applications de la machine \u00e0 scier les os \u00e9lectrique<\/h2>    <p class=\"wp-block-paragraph\">La machine \u00e0 scier les os \u00e9lectrique est tr\u00e8s polyvalente et adapt\u00e9e \u00e0 une large gamme de t\u00e2ches de transformation de la viande. Elle peut couper efficacement de petits \u00e0 moyens os d'animaux, c\u00f4tes, viande fra\u00eeche, viande congel\u00e9e et poisson congel\u00e9. <\/p>    <p class=\"wp-block-paragraph\">Cette polyvalence la rend id\u00e9ale pour une utilisation dans les usines de transformation de la viande, les abattoirs, les usines alimentaires et les cuisines ou restaurants de grande envergure. <\/p>    <p class=\"wp-block-paragraph translation-block\">En plus de la scie \u00e0 os, nous proposons \u00e9galement des <a href=\"https:\/\/meat-machine.com\/fr\/produit\/machine-a-decouper-la-viande\/\" data-type=\"link\" data-id=\"https:\/\/meat-machine.com\/product\/meat-dicing-machine\/\">machines de d\u00e9coupe de viande<\/a> et <a href=\"https:\/\/meat-machine.com\/fr\/produit\/broyeur-dos\/\" data-type=\"link\" data-id=\"https:\/\/meat-machine.com\/product\/bone-grinder\/\">machines de broyage d'os<\/a> pour soutenir des solutions compl\u00e8tes de transformation de la viande.<\/p>   <div class=\"wp-block-image\"> <figure class=\"aligncenter size-full\"><img loading=\"lazy\" decoding=\"async\" width=\"720\" height=\"540\" src=\"https:\/\/meat-machine.com\/wp-content\/uploads\/2023\/01\/application.webp\" alt=\"application\" class=\"wp-image-284\" title=\"\" srcset=\"https:\/\/meat-machine.com\/wp-content\/uploads\/2023\/01\/application.webp 720w, https:\/\/meat-machine.com\/wp-content\/uploads\/2023\/01\/application-300x225.webp 300w\" sizes=\"auto, (max-width: 720px) 100vw, 720px\" \/><figcaption class=\"wp-element-caption\">application<\/figcaption><\/figure> <\/div>   <h2 class=\"wp-block-heading\">Structure de la machine \u00e0 scier les os<\/h2>    <div class=\"wp-block-media-text is-stacked-on-mobile\"><figure class=\"wp-block-media-text__media\"><img loading=\"lazy\" decoding=\"async\" width=\"720\" height=\"540\" src=\"https:\/\/meat-machine.com\/wp-content\/uploads\/2023\/01\/bone-saw-machine.webp\" alt=\"machine \u00e0 scie \u00e0 os\" class=\"wp-image-285 size-full\" title=\"\" srcset=\"https:\/\/meat-machine.com\/wp-content\/uploads\/2023\/01\/bone-saw-machine.webp 720w, https:\/\/meat-machine.com\/wp-content\/uploads\/2023\/01\/bone-saw-machine-300x225.webp 300w\" sizes=\"auto, (max-width: 720px) 100vw, 720px\" \/><\/figure><div class=\"wp-block-media-text__content\"> <p class=\"wp-block-paragraph\">La machine \u00e0 scier les os pr\u00e9sente un design structurel compact et pratique, principalement compos\u00e9 d'un moteur puissant, d'une lame de scie tranchante, d'une table de travail contr\u00f4l\u00e9e \u00e9lectriquement, d'une surface de fonctionnement plate et d'un cadre de support robuste. <\/p>    <p class=\"wp-block-paragraph\">Le moteur fournit une puissance stable pour entra\u00eener la lame de scie pour une coupe efficace, tandis que la table de travail r\u00e9glable assure un positionnement pr\u00e9cis du mat\u00e9riau. Son cadre renforc\u00e9 am\u00e9liore la stabilit\u00e9 globale lors de l'utilisation. <\/p> <\/div><\/div>    <h2 class=\"wp-block-heading\">Comment utiliser la scie \u00e0 os\u00a0?<\/h2>    <ul class=\"wp-block-list\"> <li><strong>Ajuster la position de la roue motrice<\/strong> \u2013 Desserrer la vis de r\u00e9glage sur le manchon de l'axe et d\u00e9placer la broche de positionnement coulissante pour aligner correctement la roue motrice.<\/li>    <li><strong>R\u00e9glez l'angle d'inclinaison de l'arbre de transmission<\/strong> \u2013 Ajustez le boulon ext\u00e9rieur du couvercle pour obtenir l'angle d'inclinaison correct pour un fonctionnement fluide.<\/li>    <li><strong>V\u00e9rifiez la tension de la lame de scie<\/strong> \u2013 Assurez-vous que la lame de scie est bien serr\u00e9e pour \u00e9viter tout glissement lors de la coupe.<\/li>    <li><strong>D\u00e9marrer le moteur<\/strong> \u2013 Mettez la machine sous tension pour commencer l'op\u00e9ration.<\/li>    <li><strong>Placez le mat\u00e9riau sur la table de travail<\/strong> \u2013 Positionnez les os ou autres ingr\u00e9dients sur l'\u00e9tag\u00e8re amovible.<\/li>    <li><strong>Alimentez le mat\u00e9riau \u00e0 travers la scie<\/strong> \u2013 Poussez lentement le mat\u00e9riau vers l'avant jusqu'\u00e0 ce qu'il passe \u00e0 travers la lame de scie.<\/li>    <li><strong>Collecter les pi\u00e8ces coup\u00e9es<\/strong> \u2013 Les os et la viande sont coup\u00e9s \u00e0 la taille souhait\u00e9e et pr\u00eats pour une transformation suppl\u00e9mentaire.<\/li> <\/ul>   <div class=\"wp-block-image\"> <figure class=\"aligncenter size-full\"><img loading=\"lazy\" decoding=\"async\" width=\"720\" height=\"540\" src=\"https:\/\/meat-machine.com\/wp-content\/uploads\/2023\/01\/commercial-meat-band-saw.webp\" alt=\"Machine \u00e0 scier les os commerciale\" class=\"wp-image-286\" title=\"\" srcset=\"https:\/\/meat-machine.com\/wp-content\/uploads\/2023\/01\/commercial-meat-band-saw.webp 720w, https:\/\/meat-machine.com\/wp-content\/uploads\/2023\/01\/commercial-meat-band-saw-300x225.webp 300w\" sizes=\"auto, (max-width: 720px) 100vw, 720px\" \/><figcaption class=\"wp-element-caption\">Machine \u00e0 scier les os commerciale<\/figcaption><\/figure> <\/div>   <h2 class=\"wp-block-heading\">Avantages de la scie \u00e0 os commerciale<\/h2>    <div class=\"wp-block-media-text has-media-on-the-right is-stacked-on-mobile\"><div class=\"wp-block-media-text__content\"> <ul class=\"wp-block-list\"> <li><strong>Construction en acier inoxydable de qualit\u00e9 alimentaire<\/strong> \u2013 Toutes les pi\u00e8ces en contact avec les ingr\u00e9dients sont en acier inoxydable, r\u00e9pondant aux normes d'hygi\u00e8ne alimentaire et garantissant la durabilit\u00e9.<\/li>    <li><strong>Haute stabilit\u00e9 et pr\u00e9cision<\/strong> \u2013 La table de travail plate \u00e9paissie et le cadre robuste emp\u00eachent tout mouvement lors de la coupe, m\u00eame lors du traitement de gros os, garantissant des r\u00e9sultats pr\u00e9cis.<\/li> <\/ul> <\/div><figure class=\"wp-block-media-text__media\"><img loading=\"lazy\" decoding=\"async\" width=\"720\" height=\"540\" src=\"https:\/\/meat-machine.com\/wp-content\/uploads\/2023\/01\/bone-saw-machine-for-sale.webp\" alt=\"scie \u00e0 os \u00e0 vendre\" class=\"wp-image-290 size-full\" title=\"\" srcset=\"https:\/\/meat-machine.com\/wp-content\/uploads\/2023\/01\/bone-saw-machine-for-sale.webp 720w, https:\/\/meat-machine.com\/wp-content\/uploads\/2023\/01\/bone-saw-machine-for-sale-300x225.webp 300w\" sizes=\"auto, (max-width: 720px) 100vw, 720px\" \/><\/figure><\/div>    <div class=\"wp-block-media-text is-stacked-on-mobile\"><figure class=\"wp-block-media-text__media\"><img loading=\"lazy\" decoding=\"async\" width=\"540\" height=\"720\" src=\"https:\/\/meat-machine.com\/wp-content\/uploads\/2023\/01\/Bone-Saw-Machine-price.webp\" alt=\"Prix de la machine \u00e0 scier les os\" class=\"wp-image-1118 size-full\" title=\"\" srcset=\"https:\/\/meat-machine.com\/wp-content\/uploads\/2023\/01\/Bone-Saw-Machine-price.webp 540w, https:\/\/meat-machine.com\/wp-content\/uploads\/2023\/01\/Bone-Saw-Machine-price-225x300.webp 225w, https:\/\/meat-machine.com\/wp-content\/uploads\/2023\/01\/Bone-Saw-Machine-price-9x12.webp 9w\" sizes=\"auto, (max-width: 540px) 100vw, 540px\" \/><\/figure><div class=\"wp-block-media-text__content\"> <ul class=\"wp-block-list\"> <li><strong>Conception de s\u00e9curit\u00e9 am\u00e9lior\u00e9e<\/strong> \u2013 Le levier de s\u00e9curit\u00e9 int\u00e9gr\u00e9 et les dispositifs de protection offrent une op\u00e9ration plus s\u00fbre et fiable.<\/li>    <li><strong>Syst\u00e8me de tension de la courroie de scie r\u00e9glable<\/strong> \u2013 Le dispositif de tension de la courroie de scie permet une installation facile et un r\u00e9glage pr\u00e9cis de la bande pour des performances optimales.<\/li>    <li><strong>Facilit\u00e9 de nettoyage et d'entretien<\/strong> \u2013 La structure simple et le design de surface lisse rendent la machine facile \u00e0 nettoyer et \u00e0 entretenir.<\/li> <\/ul> <\/div><\/div>    <h2 class=\"wp-block-heading\">Consignes de s\u00e9curit\u00e9 pour les scies \u00e0 ruban \u00e0 viande commerciales<\/h2>    <ul class=\"wp-block-list\"> <li><strong>Porter un \u00e9quipement de protection<\/strong> \u2013 Les op\u00e9rateurs doivent toujours porter des gants de s\u00e9curit\u00e9 pour \u00e9viter les blessures caus\u00e9es par la lame de scie lors de la manipulation.<\/li>    <li><strong>Utilisez le poussoir \u00e0 viande<\/strong> \u2013 Utilisez toujours la tige de pouss\u00e9e fournie pour alimenter la viande dans la scie ; ne poussez jamais la viande directement avec vos mains pour \u00e9viter les accidents.<\/li>    <li><strong>Arr\u00eat d'alimentation lors de la maintenance<\/strong> \u2013 En cas de blocage ou d'anomalie de la machine, d\u00e9branchez imm\u00e9diatement l'alimentation avant d'effectuer toute maintenance. Ne tentez jamais de r\u00e9parer la machine sous tension pour \u00e9viter tout risque de blessure.<\/li>    <li><strong>Maintenir des pratiques d'exploitation s\u00e9curis\u00e9es<\/strong> \u2013 Maintenez une distance de s\u00e9curit\u00e9, restez concentr\u00e9 lors de l'utilisation, et ne jamais couper la viande crue et cuite ensemble pour \u00e9viter la contamination crois\u00e9e et les risques microbiens.<\/li> <\/ul>    <figure class=\"wp-block-image size-full\"><img loading=\"lazy\" decoding=\"async\" width=\"540\" height=\"720\" src=\"https:\/\/meat-machine.com\/wp-content\/uploads\/2023\/01\/industrial-Bone-Saw-Machine.webp\" alt=\"Machine \u00e0 scier les os industrielle\" class=\"wp-image-1119\" title=\"\" srcset=\"https:\/\/meat-machine.com\/wp-content\/uploads\/2023\/01\/industrial-Bone-Saw-Machine.webp 540w, https:\/\/meat-machine.com\/wp-content\/uploads\/2023\/01\/industrial-Bone-Saw-Machine-225x300.webp 225w, https:\/\/meat-machine.com\/wp-content\/uploads\/2023\/01\/industrial-Bone-Saw-Machine-9x12.webp 9w\" sizes=\"auto, (max-width: 540px) 100vw, 540px\" \/><figcaption class=\"wp-element-caption\">Machine \u00e0 scier les os industrielle<\/figcaption><\/figure>    <h2 class=\"wp-block-heading\">Param\u00e8tres de la machine \u00e0 scier les os commerciale<\/h2>    <figure class=\"wp-block-table\"><table class=\"has-fixed-layout\"><thead><tr><th>Mod\u00e8le<\/th><th>TZ-210<\/th><th>TZ-320<\/th><th>TZ-350<\/th><th>TZ-430<\/th><th>TZ-500<\/th><th>TZ-600<\/th><\/tr><\/thead><tbody><tr><td>Tension<\/td><td>220V 50Hz Monophas\u00e9<\/td><td>220\/380V<\/td><td>220\/380V 50Hz<\/td><td>220V\/380V 50\/60Hz<\/td><td>380V<\/td><td>380V<\/td><\/tr><tr><td>Pouvoir<\/td><td>1.1kW<\/td><td>1.1kW<\/td><td>1.5kW<\/td><td>3kW<\/td><td>2.2kW<\/td><td>3kW<\/td><\/tr><tr><td>Diam\u00e8tre de la poulie<\/td><td>\u2014<\/td><td>250mm<\/td><td>350mm<\/td><td>400mm<\/td><td>400mm<\/td><td>260mm (quatre roues)<\/td><\/tr><tr><td>Longueur de la lame de scie<\/td><td>1650mm<\/td><td>2040mm<\/td><td>2420mm<\/td><td>3150mm<\/td><td>3370mm<\/td><td>3400mm<\/td><\/tr><tr><td>Taille du plan de travail<\/td><td>600\u00d7415mm<\/td><td>590\u00d7480\u00d7300mm<\/td><td>760\u00d7640mm<\/td><td>840\u00d7750mm<\/td><td>880\u00d7760mm<\/td><td>1000\u00d71056mm<\/td><\/tr><tr><td>Hauteur de coupe<\/td><td>225mm<\/td><td>10\u2013200mm<\/td><td>350mm<\/td><td>430mm<\/td><td>565mm<\/td><td>0\u2013600mm<\/td><\/tr><tr><td>Largeur de coupe<\/td><td>189mm<\/td><td>\u2014<\/td><td>265mm<\/td><td>0\u2013360mm r\u00e9glable<\/td><td>370mm<\/td><td>0\u2013580mm<\/td><\/tr><tr><td>Dimension de la machine<\/td><td>620\u00d7505\u00d7945mm<\/td><td>600\u00d7675\u00d71170mm<\/td><td>850\u00d7670\u00d71660mm<\/td><td>900\u00d7980\u00d71850mm<\/td><td>1080\u00d7970\u00d71935mm<\/td><td>985\u00d71215\u00d71745mm<\/td><\/tr><tr><td>Poids net<\/td><td>52 kg<\/td><td>85kg<\/td><td>98kg<\/td><td>161kg<\/td><td>186kg<\/td><td>200kg<\/td><\/tr><tr><td>Taille de l'emballage<\/td><td>700\u00d7570\u00d71080mm<\/td><td>680\u00d7620\u00d71180mm<\/td><td>960\u00d7960\u00d71860mm<\/td><td>\u2014<\/td><td>1140\u00d71002\u00d72000mm<\/td><td>1025\u00d71255\u00d71900mm<\/td><\/tr><\/tbody><\/table><figcaption class=\"wp-element-caption\">Param\u00e8tres de la machine \u00e0 scier les os<\/figcaption><\/figure>    <figure class=\"wp-block-image size-full\"><img loading=\"lazy\" decoding=\"async\" width=\"720\" height=\"540\" src=\"https:\/\/meat-machine.com\/wp-content\/uploads\/2023\/01\/Bone-Saw-Machine-1.webp\" alt=\"Machine \u00e0 scier les os\" class=\"wp-image-1120\" title=\"\" srcset=\"https:\/\/meat-machine.com\/wp-content\/uploads\/2023\/01\/Bone-Saw-Machine-1.webp 720w, https:\/\/meat-machine.com\/wp-content\/uploads\/2023\/01\/Bone-Saw-Machine-1-300x225.webp 300w, https:\/\/meat-machine.com\/wp-content\/uploads\/2023\/01\/Bone-Saw-Machine-1-16x12.webp 16w\" sizes=\"auto, (max-width: 720px) 100vw, 720px\" \/><figcaption class=\"wp-element-caption\">Machine \u00e0 scier les os<\/figcaption><\/figure>    <h2 class=\"wp-block-heading\">Conclusion<\/h2>    <p class=\"wp-block-paragraph\">En r\u00e9sum\u00e9, la machine \u00e0 scier les os commerciale peut couper la viande avec os, la viande congel\u00e9e et le poisson avec pr\u00e9cision et s\u00e9curit\u00e9. Sa construction en acier inoxydable durable, sa largeur de coupe r\u00e9glable et son design convivial en font un choix id\u00e9al pour les usines de transformation de la viande, les abattoirs, les usines alimentaires et les grandes cuisines. <\/p>    <p class=\"wp-block-paragraph\">Contactez-nous d\u00e8s aujourd'hui pour en savoir plus et demander un devis pour vos besoins en transformation de la viande.<\/p>","protected":false},"excerpt":{"rendered":"<p>La machine \u00e0 scier les os commerciale est capable de couper rapidement et pr\u00e9cis\u00e9ment divers produits de viande avec os et viande congel\u00e9e. <\/p>","protected":false},"author":1,"featured_media":288,"parent":0,"template":"","tags":[80],"product-type":[3],"class_list":["post-283","product","type-product","status-publish","has-post-thumbnail","hentry","tag-commercial-bone-saw-machine","product-type-bone-grinder"],"_links":{"self":[{"href":"https:\/\/meat-machine.com\/fr\/wp-json\/wp\/v2\/product\/283","targetHints":{"allow":["GET"]}}],"collection":[{"href":"https:\/\/meat-machine.com\/fr\/wp-json\/wp\/v2\/product"}],"about":[{"href":"https:\/\/meat-machine.com\/fr\/wp-json\/wp\/v2\/types\/product"}],"author":[{"embeddable":true,"href":"https:\/\/meat-machine.com\/fr\/wp-json\/wp\/v2\/users\/1"}],"wp:featuredmedia":[{"embeddable":true,"href":"https:\/\/meat-machine.com\/fr\/wp-json\/wp\/v2\/media\/288"}],"wp:attachment":[{"href":"https:\/\/meat-machine.com\/fr\/wp-json\/wp\/v2\/media?parent=283"}],"wp:term":[{"taxonomy":"post_tag","embeddable":true,"href":"https:\/\/meat-machine.com\/fr\/wp-json\/wp\/v2\/tags?post=283"},{"taxonomy":"product-type","embeddable":true,"href":"https:\/\/meat-machine.com\/fr\/wp-json\/wp\/v2\/product-type?post=283"}],"curies":[{"name":"wp","href":"https:\/\/api.w.org\/{rel}","templated":true}]}}