{"id":271,"date":"2023-01-05T15:23:39","date_gmt":"2023-01-05T07:23:39","guid":{"rendered":"https:\/\/meat-machine.com\/?post_type=product&#038;p=271"},"modified":"2026-03-03T18:00:31","modified_gmt":"2026-03-03T10:00:31","slug":"broyeur-dos-de-poulet","status":"publish","type":"product","link":"https:\/\/meat-machine.com\/fr\/product\/chicken-bone-grinder\/","title":{"rendered":"Broyeur d'os de poulet | Machine \u00e0 broyer les os"},"content":{"rendered":"<div class=\"kk-star-ratings kksr-auto kksr-align-left kksr-valign-top\"     data-payload='{&quot;align&quot;:&quot;left&quot;,&quot;id&quot;:&quot;271&quot;,&quot;slug&quot;:&quot;default&quot;,&quot;valign&quot;:&quot;top&quot;,&quot;ignore&quot;:&quot;&quot;,&quot;reference&quot;:&quot;auto&quot;,&quot;class&quot;:&quot;&quot;,&quot;count&quot;:&quot;18&quot;,&quot;legendonly&quot;:&quot;&quot;,&quot;readonly&quot;:&quot;&quot;,&quot;score&quot;:&quot;4.7&quot;,&quot;starsonly&quot;:&quot;&quot;,&quot;best&quot;:&quot;5&quot;,&quot;gap&quot;:&quot;5&quot;,&quot;greet&quot;:&quot;Rate this product&quot;,&quot;legend&quot;:&quot;4.7\\\/5 - (18 votes)&quot;,&quot;size&quot;:&quot;24&quot;,&quot;title&quot;:&quot;Chicken Bone Grinder | Bone Grinding Machine&quot;,&quot;width&quot;:&quot;133.8&quot;,&quot;_legend&quot;:&quot;{score}\\\/{best} - ({count} {votes})&quot;,&quot;font_factor&quot;:&quot;1.25&quot;}'>              <div class=\"kksr-stars\">      <div class=\"kksr-stars-inactive\">             <div class=\"kksr-star\" data-star=\"1\" style=\"padding-right: 5px\">               <div class=\"kksr-icon\" style=\"width: 24px; height: 24px;\"><\/div>         <\/div>             <div class=\"kksr-star\" data-star=\"2\" style=\"padding-right: 5px\">               <div class=\"kksr-icon\" style=\"width: 24px; height: 24px;\"><\/div>         <\/div>             <div class=\"kksr-star\" data-star=\"3\" style=\"padding-right: 5px\">               <div class=\"kksr-icon\" style=\"width: 24px; height: 24px;\"><\/div>         <\/div>             <div class=\"kksr-star\" data-star=\"4\" style=\"padding-right: 5px\">               <div class=\"kksr-icon\" style=\"width: 24px; height: 24px;\"><\/div>         <\/div>             <div class=\"kksr-star\" data-star=\"5\" style=\"padding-right: 5px\">               <div class=\"kksr-icon\" style=\"width: 24px; height: 24px;\"><\/div>         <\/div>     <\/div>      <div class=\"kksr-stars-active\" style=\"width: 133.8px;\">             <div class=\"kksr-star\" style=\"padding-right: 5px\">               <div class=\"kksr-icon\" style=\"width: 24px; height: 24px;\"><\/div>         <\/div>             <div class=\"kksr-star\" style=\"padding-right: 5px\">               <div class=\"kksr-icon\" style=\"width: 24px; height: 24px;\"><\/div>         <\/div>             <div class=\"kksr-star\" style=\"padding-right: 5px\">               <div class=\"kksr-icon\" style=\"width: 24px; height: 24px;\"><\/div>         <\/div>             <div class=\"kksr-star\" style=\"padding-right: 5px\">               <div class=\"kksr-icon\" style=\"width: 24px; height: 24px;\"><\/div>         <\/div>             <div class=\"kksr-star\" style=\"padding-right: 5px\">               <div class=\"kksr-icon\" style=\"width: 24px; height: 24px;\"><\/div>         <\/div>     <\/div> <\/div>                   <div class=\"kksr-legend\" style=\"font-size: 19.2px;\">             4,7\/5 - (18 votes)    <\/div>     <\/div>  <p class=\"wp-block-paragraph translation-block\">Le <strong>Broyeur d'os de poulet<\/strong> est destin\u00e9 au traitement des os de volaille et de divers mat\u00e9riaux osseux animaux. Il est largement utilis\u00e9 dans les usines de transformation de la viande, les lignes de production de poudre d'os, les installations de fabrication d'aliments pour animaux de compagnie et les industries de transformation de l'alimentation, o\u00f9 la r\u00e9duction efficace de la taille des os est essentielle.<\/p>    <p class=\"wp-block-paragraph\">Son objectif principal est de maximiser l'utilisation des ressources osseuses tout en r\u00e9duisant les d\u00e9fis li\u00e9s \u00e0 l'\u00e9limination des d\u00e9chets. En broyant les os en particules plus petites et uniformes, la machine am\u00e9liore consid\u00e9rablement l'efficacit\u00e9 du traitement en aval. Les mat\u00e9riaux trait\u00e9s deviennent plus faciles \u00e0 manipuler lors des \u00e9tapes suivantes de broyage, de m\u00e9lange ou d'extrusion, contribuant \u00e0 r\u00e9duire le temps de production global, les co\u00fbts de main-d'\u0153uvre et \u00e0 soutenir une op\u00e9ration continue \u00e0 grande \u00e9chelle.<\/p>    <p class=\"wp-block-paragraph translation-block\">La machine convient \u00e0 une large gamme de mati\u00e8res premi\u00e8res, y compris os de poulet, os de canard, os d'oie, carcasses de poulet, pattes de poulet et os de jambe de poulet. Avec une capacit\u00e9 allant de <strong>30\u201320 000 kg\/h<\/strong>, le broyeur d'os de poulet peut r\u00e9pondre aux besoins des petites ateliers ainsi que des grandes lignes de production industrielles.<\/p>    <figure class=\"wp-block-embed is-type-video is-provider-youtube wp-block-embed-youtube wp-embed-aspect-9-16 wp-has-aspect-ratio\"><div class=\"wp-block-embed__wrapper\"> <iframe loading=\"lazy\" title=\"Broyeur industriel de p\u00e2te d&#039;os pour usines de transformation de la viande #os #broyeur #transformationalimentaire #viande\" width=\"422\" height=\"750\" src=\"https:\/\/www.youtube.com\/embed\/PkMWdw9DV10?feature=oembed\" frameborder=\"0\" allow=\"accelerometer; autoplay; clipboard-write; encrypted-media; gyroscope; picture-in-picture; web-share\" referrerpolicy=\"strict-origin-when-cross-origin\" allowfullscreen><\/iframe> <\/div><figcaption class=\"wp-element-caption\">Vid\u00e9o de fonctionnement du broyeur d'os de poulet<\/figcaption><\/figure>    <h2 class=\"wp-block-heading\">Champ d'application de la machine de broyage de p\u00e2te d'os<\/h2>    <div class=\"wp-block-media-text is-stacked-on-mobile\"><figure class=\"wp-block-media-text__media\"><img loading=\"lazy\" decoding=\"async\" width=\"720\" height=\"540\" src=\"https:\/\/meat-machine.com\/wp-content\/uploads\/2023\/01\/poultry-bones-and-livestock-bones.webp\" alt=\"os de volaille et os de b\u00e9tail\" class=\"wp-image-277 size-full\" title=\"\" srcset=\"https:\/\/meat-machine.com\/wp-content\/uploads\/2023\/01\/poultry-bones-and-livestock-bones.webp 720w, https:\/\/meat-machine.com\/wp-content\/uploads\/2023\/01\/poultry-bones-and-livestock-bones-300x225.webp 300w\" sizes=\"auto, (max-width: 720px) 100vw, 720px\" \/><\/figure><div class=\"wp-block-media-text__content\"> <p class=\"wp-block-paragraph translation-block\">Le <strong>Broyeur d'os de poulet<\/strong> peut traiter les os de volaille (poulet, canard) et les os d'animaux d'\u00e9levage (porc, b\u0153uf, mouton), ainsi que moudre la viande. <\/p>    <p class=\"wp-block-paragraph\">Il est largement utilis\u00e9 dans la fabrication de saucisses, jambon, viande en tranche, boulettes de viande, nourriture pour animaux, aliments surgel\u00e9s, ingr\u00e9dients pour la restauration, bouillon d'os, chondro\u00eftine, colle d'os, poudre d'os, aliments riches en calcium, produits de sant\u00e9 et biopharmaceutiques, ce qui en fait un broyeur polyvalent et multifonctionnel.<\/p> <\/div><\/div>    <h2 class=\"wp-block-heading\">Structure du broyeur d'os de poulet<\/h2>    <div class=\"wp-block-media-text has-media-on-the-right is-stacked-on-mobile\"><div class=\"wp-block-media-text__content\"> <p class=\"wp-block-paragraph translation-block\">Le <strong>Broyeur d'os de poulet<\/strong> pr\u00e9sente une structure compacte et durable, comprenant une entr\u00e9e d'alimentation, un stator, un rotor, une poign\u00e9e r\u00e9glable, un syst\u00e8me de refroidissement, un port d'injection d'eau, un moteur, une sortie de d\u00e9charge et une garde de protection.<\/p> <\/div><figure class=\"wp-block-media-text__media\"><img loading=\"lazy\" decoding=\"async\" width=\"720\" height=\"540\" src=\"https:\/\/meat-machine.com\/wp-content\/uploads\/2023\/01\/chicken-bone-grinding-machine-structure.webp\" alt=\"structure de la machine \u00e0 broyer les os de poulet\" class=\"wp-image-275 size-full\" title=\"\" srcset=\"https:\/\/meat-machine.com\/wp-content\/uploads\/2023\/01\/chicken-bone-grinding-machine-structure.webp 720w, https:\/\/meat-machine.com\/wp-content\/uploads\/2023\/01\/chicken-bone-grinding-machine-structure-300x225.webp 300w\" sizes=\"auto, (max-width: 720px) 100vw, 720px\" \/><\/figure><\/div>    <p class=\"wp-block-paragraph\">Les mat\u00e9riaux entrent par l'entr\u00e9e et sont broy\u00e9s par le rotor et le stator \u00e0 haute vitesse. La poign\u00e9e r\u00e9glable contr\u00f4le la taille des particules, tandis que le syst\u00e8me de refroidissement et le port d'injection d'eau emp\u00eachent la surchauffe lors d'une op\u00e9ration continue.<\/p>    <p class=\"wp-block-paragraph\">Tous les composants principaux sont en acier inoxydable, assurant une forte r\u00e9sistance \u00e0 l'usure, \u00e0 la corrosion et une longue dur\u00e9e de vie.<\/p>    <figure class=\"wp-block-image size-full\"><img loading=\"lazy\" decoding=\"async\" width=\"720\" height=\"540\" src=\"https:\/\/meat-machine.com\/wp-content\/uploads\/2023\/01\/bone-paste-grinding-machine.webp\" alt=\"Machine de broyage de p\u00e2te d&#039;os\" class=\"wp-image-1107\" title=\"\" srcset=\"https:\/\/meat-machine.com\/wp-content\/uploads\/2023\/01\/bone-paste-grinding-machine.webp 720w, https:\/\/meat-machine.com\/wp-content\/uploads\/2023\/01\/bone-paste-grinding-machine-300x225.webp 300w, https:\/\/meat-machine.com\/wp-content\/uploads\/2023\/01\/bone-paste-grinding-machine-16x12.webp 16w\" sizes=\"auto, (max-width: 720px) 100vw, 720px\" \/><figcaption class=\"wp-element-caption\">Machine de broyage de p\u00e2te d'os<\/figcaption><\/figure>    <h2 class=\"wp-block-heading\">Comment fonctionne la rectifieuse d'os de poulet\u00a0?<\/h2>    <div class=\"wp-block-media-text has-media-on-the-right is-stacked-on-mobile\"><div class=\"wp-block-media-text__content\"> <ul class=\"wp-block-list\"> <li>Les os de poulet cru entrent dans la chambre de broyage par l'entr\u00e9e d'alimentation.<\/li>    <li>Le rotor tourne \u00e0 grande vitesse tout en interagissant avec le stator de forme diff\u00e9rente.<\/li>    <li>Les mat\u00e9riaux passent par l'espace annulaire r\u00e9glable entre le rotor et le stator.<\/li>    <li>Les forces de cisaillement, de friction, d'impact et de vibration \u00e0 haute fr\u00e9quence broient, \u00e9mulsifient et m\u00e9langent le mat\u00e9riau.<\/li>    <li>La force centrifuge et la pression de l'air aident \u00e0 faire avancer le mat\u00e9riau \u00e0 travers la zone de broyage.<\/li>    <li>Le mat\u00e9riau finement trait\u00e9 est d\u00e9charg\u00e9 par la sortie avec une taille de particule uniforme.<\/li> <\/ul> <\/div><figure class=\"wp-block-media-text__media\"><img loading=\"lazy\" decoding=\"async\" width=\"720\" height=\"540\" src=\"https:\/\/meat-machine.com\/wp-content\/uploads\/2023\/01\/Chicken-Bone-Grinder.webp\" alt=\"Broyeur d&#039;os de poulet\" class=\"wp-image-1105 size-full\" title=\"\" srcset=\"https:\/\/meat-machine.com\/wp-content\/uploads\/2023\/01\/Chicken-Bone-Grinder.webp 720w, https:\/\/meat-machine.com\/wp-content\/uploads\/2023\/01\/Chicken-Bone-Grinder-300x225.webp 300w, https:\/\/meat-machine.com\/wp-content\/uploads\/2023\/01\/Chicken-Bone-Grinder-16x12.webp 16w\" sizes=\"auto, (max-width: 720px) 100vw, 720px\" \/><\/figure><\/div>    <h2 class=\"wp-block-heading\">Param\u00e8tres de la machine \u00e0 p\u00e2te d'os<\/h2>    <figure class=\"wp-block-table\"><table class=\"has-fixed-layout\"><tbody><tr><td>Mod\u00e8le<\/td><td>Finesse de traitement (maille)<\/td><td>Capacit\u00e9 (kg\/h)<\/td><td>Puissance (kw)<\/td><td>poids (kg)<\/td><td>Taille (mm)<\/td><\/tr><tr><td>TZ-50<\/td><td>30-50<\/td><td>30-50<\/td><td>1.5<\/td><td>50<\/td><td>530*260*580<\/td><\/tr><tr><td>TZ-80<\/td><td>50-100<\/td><td>50-100<\/td><td>4<\/td><td>150<\/td><td>600*410*930<\/td><\/tr><tr><td>TZ-110<\/td><td>100-200<\/td><td>100-300<\/td><td>7.5<\/td><td>175<\/td><td>700*430*1000<\/td><\/tr><tr><td>TZ-130<\/td><td>100-200<\/td><td>300-500<\/td><td>11<\/td><td>285<\/td><td>990*440*1000<\/td><\/tr><tr><td>TZ-160<\/td><td>100-200<\/td><td>500-800<\/td><td>15<\/td><td>300<\/td><td>1000*460*1050<\/td><\/tr><tr><td>TZ-180<\/td><td>100-200<\/td><td>800-1000<\/td><td>18.5<\/td><td>375<\/td><td>1000*490*1100<\/td><\/tr><tr><td>TZ-210<\/td><td>100-200<\/td><td>1000-8000<\/td><td>30<\/td><td>700<\/td><td>1260*600*1230<\/td><\/tr><tr><td>TZ-240<\/td><td>100-200<\/td><td>2000-15000<\/td><td>45<\/td><td>920<\/td><td>1330*630*1280<\/td><\/tr><tr><td>TZ-300<\/td><td>60-200<\/td><td>6000-20000<\/td><td>75<\/td><td>1300<\/td><td>1440*680*1420<\/td><\/tr><\/tbody><\/table><figcaption class=\"wp-element-caption\">Vid\u00e9o de fonctionnement du broyeur d'os de poulet<\/figcaption><\/figure>    <h2 class=\"wp-block-heading\">Quels sont les avantages du broyeur d'os de poulet ?<\/h2>    <div class=\"wp-block-media-text is-stacked-on-mobile\"><figure class=\"wp-block-media-text__media\"><img loading=\"lazy\" decoding=\"async\" width=\"720\" height=\"540\" src=\"https:\/\/meat-machine.com\/wp-content\/uploads\/2023\/01\/Chicken-Bone-Grinder-details.webp\" alt=\"D\u00e9tails du broyeur d&#039;os de poulet\" class=\"wp-image-1106 size-full\" title=\"\" srcset=\"https:\/\/meat-machine.com\/wp-content\/uploads\/2023\/01\/Chicken-Bone-Grinder-details.webp 720w, https:\/\/meat-machine.com\/wp-content\/uploads\/2023\/01\/Chicken-Bone-Grinder-details-300x225.webp 300w, https:\/\/meat-machine.com\/wp-content\/uploads\/2023\/01\/Chicken-Bone-Grinder-details-16x12.webp 16w\" sizes=\"auto, (max-width: 720px) 100vw, 720px\" \/><\/figure><div class=\"wp-block-media-text__content\"> <ul class=\"wp-block-list\"> <li><strong>Durable et s\u00fbr<\/strong> \u2013 Fabriqu\u00e9 en acier inoxydable r\u00e9sistant \u00e0 la corrosion, non toxique, garantissant une longue dur\u00e9e de vie et une op\u00e9ration hygi\u00e9nique.<\/li>    <li><strong>Broyage de pr\u00e9cision<\/strong> \u2013 Le stator et le rotor sont bien usin\u00e9s, avec un jeu r\u00e9glable contr\u00f4l\u00e9 par un cadran pour une qualit\u00e9 de produit constante.<\/li>    <li><strong>Grande adaptabilit\u00e9<\/strong> \u2013 Supporte diff\u00e9rents types de moteurs et r\u00e9glages de vitesse pour g\u00e9rer divers mat\u00e9riaux et exigences de traitement.<\/li> <\/ul> <\/div><\/div>    <div class=\"wp-block-media-text has-media-on-the-right is-stacked-on-mobile\"><div class=\"wp-block-media-text__content\"> <ul class=\"wp-block-list\"> <li><strong>Applications polyvalentes<\/strong> \u2013 Convient pour l'alimentation, la m\u00e9decine, la chimie, la cosm\u00e9tique et les plastiques industriels l\u00e9gers.<\/li>    <li><strong>Op\u00e9ration facile et s\u00fbre<\/strong> \u2013 Con\u00e7u uniquement pour le traitement humide ; comprend des dispositifs de s\u00e9curit\u00e9 tels que v\u00e9rifications d'impuret\u00e9s, dimensionnement appropri\u00e9 des mat\u00e9riaux et contr\u00f4le du fonctionnement du rotor pour \u00e9viter les dommages.<\/li> <\/ul> <\/div><figure class=\"wp-block-media-text__media\"><img loading=\"lazy\" decoding=\"async\" width=\"720\" height=\"540\" src=\"https:\/\/meat-machine.com\/wp-content\/uploads\/2023\/01\/bone-grinder-machine.webp\" alt=\"machine \u00e0 broyer les os\" class=\"wp-image-272 size-full\" title=\"\" srcset=\"https:\/\/meat-machine.com\/wp-content\/uploads\/2023\/01\/bone-grinder-machine.webp 720w, https:\/\/meat-machine.com\/wp-content\/uploads\/2023\/01\/bone-grinder-machine-300x225.webp 300w\" sizes=\"auto, (max-width: 720px) 100vw, 720px\" \/><\/figure><\/div>    <h2 class=\"wp-block-heading\">Conclusion<\/h2>    <p class=\"wp-block-paragraph\">En tant que fabricant professionnel de machines de viande, nous avons une vaste exp\u00e9rience en production et exportation, desservant des clients dans plus de 20 pays.<\/p>    <p class=\"wp-block-paragraph translation-block\">En plus du broyeur d'os de poulet, nous proposons \u00e9galement une gamme d'autres <a href=\"https:\/\/meat-machine.com\/fr\/produit\/\" data-type=\"link\" data-id=\"https:\/\/meat-machine.com\/product\/\">machines de transformation de viande<\/a>, toutes con\u00e7ues pour am\u00e9liorer l'efficacit\u00e9 et la qualit\u00e9 du produit. Si vous recherchez un \u00e9quipement fiable et de haute qualit\u00e9, nous sommes pr\u00eats \u00e0 fournir un support professionnel et des solutions, et vous invitons \u00e0 explorer notre gamme compl\u00e8te de produits.<\/p>    <figure class=\"wp-block-image size-full\"><img loading=\"lazy\" decoding=\"async\" width=\"720\" height=\"540\" src=\"https:\/\/meat-machine.com\/wp-content\/uploads\/2023\/01\/Chicken-Bone-Grinder-factory.webp\" alt=\"Usine de broyeur d&#039;os de poulet\" class=\"wp-image-1108\" title=\"\" srcset=\"https:\/\/meat-machine.com\/wp-content\/uploads\/2023\/01\/Chicken-Bone-Grinder-factory.webp 720w, https:\/\/meat-machine.com\/wp-content\/uploads\/2023\/01\/Chicken-Bone-Grinder-factory-300x225.webp 300w, https:\/\/meat-machine.com\/wp-content\/uploads\/2023\/01\/Chicken-Bone-Grinder-factory-16x12.webp 16w\" sizes=\"auto, (max-width: 720px) 100vw, 720px\" \/><figcaption class=\"wp-element-caption\">Usine de broyeur d'os de poulet<\/figcaption><\/figure>","protected":false},"excerpt":{"rendered":"<p>Le broyeur d'os de poulet est destin\u00e9 au traitement des os de volaille et de divers mat\u00e9riaux osseux d'animaux. <\/p>","protected":false},"author":1,"featured_media":279,"parent":0,"template":"","tags":[14],"product-type":[3],"class_list":["post-271","product","type-product","status-publish","has-post-thumbnail","hentry","tag-bone-grinding-machine","product-type-bone-grinder"],"_links":{"self":[{"href":"https:\/\/meat-machine.com\/fr\/wp-json\/wp\/v2\/product\/271","targetHints":{"allow":["GET"]}}],"collection":[{"href":"https:\/\/meat-machine.com\/fr\/wp-json\/wp\/v2\/product"}],"about":[{"href":"https:\/\/meat-machine.com\/fr\/wp-json\/wp\/v2\/types\/product"}],"author":[{"embeddable":true,"href":"https:\/\/meat-machine.com\/fr\/wp-json\/wp\/v2\/users\/1"}],"wp:featuredmedia":[{"embeddable":true,"href":"https:\/\/meat-machine.com\/fr\/wp-json\/wp\/v2\/media\/279"}],"wp:attachment":[{"href":"https:\/\/meat-machine.com\/fr\/wp-json\/wp\/v2\/media?parent=271"}],"wp:term":[{"taxonomy":"post_tag","embeddable":true,"href":"https:\/\/meat-machine.com\/fr\/wp-json\/wp\/v2\/tags?post=271"},{"taxonomy":"product-type","embeddable":true,"href":"https:\/\/meat-machine.com\/fr\/wp-json\/wp\/v2\/product-type?post=271"}],"curies":[{"name":"wp","href":"https:\/\/api.w.org\/{rel}","templated":true}]}}