{"id":259,"date":"2022-12-28T17:02:06","date_gmt":"2022-12-28T09:02:06","guid":{"rendered":"https:\/\/meat-machine.com\/?post_type=product&#038;p=259"},"modified":"2025-12-22T16:56:37","modified_gmt":"2025-12-22T08:56:37","slug":"machine-a-secher-le-poisson","status":"publish","type":"product","link":"https:\/\/meat-machine.com\/fr\/product\/fish-dryer-machine\/","title":{"rendered":"Machine \u00e0 s\u00e9cher le poisson | Machine de s\u00e9chage de poisson"},"content":{"rendered":"<div class=\"kk-star-ratings kksr-auto kksr-align-left kksr-valign-top\"     data-payload='{&quot;align&quot;:&quot;left&quot;,&quot;id&quot;:&quot;259&quot;,&quot;slug&quot;:&quot;default&quot;,&quot;valign&quot;:&quot;top&quot;,&quot;ignore&quot;:&quot;&quot;,&quot;reference&quot;:&quot;auto&quot;,&quot;class&quot;:&quot;&quot;,&quot;count&quot;:&quot;19&quot;,&quot;legendonly&quot;:&quot;&quot;,&quot;readonly&quot;:&quot;&quot;,&quot;score&quot;:&quot;4.8&quot;,&quot;starsonly&quot;:&quot;&quot;,&quot;best&quot;:&quot;5&quot;,&quot;gap&quot;:&quot;5&quot;,&quot;greet&quot;:&quot;Rate this product&quot;,&quot;legend&quot;:&quot;4.8\\\/5 - (19 votes)&quot;,&quot;size&quot;:&quot;24&quot;,&quot;title&quot;:&quot;Fish Dryer Machine | Fish Drying Machine&quot;,&quot;width&quot;:&quot;136.7&quot;,&quot;_legend&quot;:&quot;{score}\\\/{best} - ({count} {votes})&quot;,&quot;font_factor&quot;:&quot;1.25&quot;}'>              <div class=\"kksr-stars\">      <div class=\"kksr-stars-inactive\">             <div class=\"kksr-star\" data-star=\"1\" style=\"padding-right: 5px\">               <div class=\"kksr-icon\" style=\"width: 24px; height: 24px;\"><\/div>         <\/div>             <div class=\"kksr-star\" data-star=\"2\" style=\"padding-right: 5px\">               <div class=\"kksr-icon\" style=\"width: 24px; height: 24px;\"><\/div>         <\/div>             <div class=\"kksr-star\" data-star=\"3\" style=\"padding-right: 5px\">               <div class=\"kksr-icon\" style=\"width: 24px; height: 24px;\"><\/div>         <\/div>             <div class=\"kksr-star\" data-star=\"4\" style=\"padding-right: 5px\">               <div class=\"kksr-icon\" style=\"width: 24px; height: 24px;\"><\/div>         <\/div>             <div class=\"kksr-star\" data-star=\"5\" style=\"padding-right: 5px\">               <div class=\"kksr-icon\" style=\"width: 24px; height: 24px;\"><\/div>         <\/div>     <\/div>      <div class=\"kksr-stars-active\" style=\"width: 136.7px;\">             <div class=\"kksr-star\" style=\"padding-right: 5px\">               <div class=\"kksr-icon\" style=\"width: 24px; height: 24px;\"><\/div>         <\/div>             <div class=\"kksr-star\" style=\"padding-right: 5px\">               <div class=\"kksr-icon\" style=\"width: 24px; height: 24px;\"><\/div>         <\/div>             <div class=\"kksr-star\" style=\"padding-right: 5px\">               <div class=\"kksr-icon\" style=\"width: 24px; height: 24px;\"><\/div>         <\/div>             <div class=\"kksr-star\" style=\"padding-right: 5px\">               <div class=\"kksr-icon\" style=\"width: 24px; height: 24px;\"><\/div>         <\/div>             <div class=\"kksr-star\" style=\"padding-right: 5px\">               <div class=\"kksr-icon\" style=\"width: 24px; height: 24px;\"><\/div>         <\/div>     <\/div> <\/div>                   <div class=\"kksr-legend\" style=\"font-size: 19.2px;\">             4,8\/5 - (19 votes)    <\/div>     <\/div>  <p class=\"wp-block-paragraph translation-block\">Le <strong>S\u00e9choir \u00e0 poissons<\/strong> peut s\u00e9cher efficacement diff\u00e9rents types de poissons en contr\u00f4lant pr\u00e9cis\u00e9ment la temp\u00e9rature et l'humidit\u00e9, aidant \u00e0 prolonger la dur\u00e9e de conservation tout en maintenant la qualit\u00e9 du produit. Il adopte un syst\u00e8me de s\u00e9chage \u00e0 pompe \u00e0 chaleur avec d\u00e9shumidification automatique et circulation d'air chaud uniforme, offrant un s\u00e9chage propre, \u00e9conome en \u00e9nergie et stable. <\/p>    <p class=\"wp-block-paragraph translation-block\">La machine est disponible en <strong>trois mod\u00e8les<\/strong> pour r\u00e9pondre \u00e0 diff\u00e9rentes exigences de capacit\u00e9, \u00e9quip\u00e9e de <strong>6 \u00e0 16 ventilateurs<\/strong>, <strong>4 \u00e0 16 chariots<\/strong>, et <strong>48 \u00e0 192 plateaux de s\u00e9chage<\/strong>, avec une puissance moteur allant de <strong>3 kW \u00e0 11 kW<\/strong>. Avec sa configuration flexible et sa fiabilit\u00e9, le s\u00e9choir \u00e0 poissons convient aux petites, moyennes et grandes usines de transformation de poissons, ainsi qu'au s\u00e9chage d'autres mat\u00e9riaux alimentaires.<\/p>    <figure class=\"wp-block-embed is-type-video is-provider-youtube wp-block-embed-youtube wp-embed-aspect-16-9 wp-has-aspect-ratio\"><div class=\"wp-block-embed__wrapper\"> https:\/\/www.youtube.com\/shorts\/pglk7VhFJpc <\/div><figcaption class=\"wp-element-caption\">Vid\u00e9o de travail de la machine \u00e0 s\u00e9choir de poisson<\/figcaption><\/figure>    <h2 class=\"wp-block-heading\">Machine de s\u00e9chage des poissons \u00e0 vendre<\/h2>    <p class=\"wp-block-paragraph\">La machine \u00e0 s\u00e9cher des poissons fonctionne \u00e0 une temp\u00e9rature de s\u00e9chage optimale d'environ 30 \u00b0 C, garantissant que le processus de s\u00e9chage est progressif et m\u00eame. <\/p>    <p class=\"wp-block-paragraph\">Pour obtenir les meilleurs r\u00e9sultats, il est crucial de maintenir une bonne circulation de l'air et de contr\u00f4ler la vitesse de s\u00e9chage pour \u00e9viter la croissance bact\u00e9rienne et le s\u00e9chage in\u00e9gal.<\/p>    <div class=\"wp-block-media-text is-stacked-on-mobile\"><figure class=\"wp-block-media-text__media\"><img loading=\"lazy\" decoding=\"async\" width=\"720\" height=\"540\" src=\"https:\/\/meat-machine.com\/wp-content\/uploads\/2022\/12\/dried-fish.webp\" alt=\"poisson s\u00e9ch\u00e9\" class=\"wp-image-262 size-full\" title=\"\" srcset=\"https:\/\/meat-machine.com\/wp-content\/uploads\/2022\/12\/dried-fish.webp 720w, https:\/\/meat-machine.com\/wp-content\/uploads\/2022\/12\/dried-fish-300x225.webp 300w\" sizes=\"auto, (max-width: 720px) 100vw, 720px\" \/><\/figure><div class=\"wp-block-media-text__content\"> <ul class=\"wp-block-list\"> <li><strong>Maintenir une temp\u00e9rature de s\u00e9chage d'environ 30 \u00b0 C<\/strong> - \u00c9vitez la chaleur excessive pour \u00e9viter une perte de qualit\u00e9.<\/li>    <li><strong>Assurer une bonne circulation d'air<\/strong> - Un grand volume d'air circulant contribue \u00e0 inhiber la croissance bact\u00e9rienne et \u00e0 maintenir m\u00eame le s\u00e9chage.<\/li>    <li><strong>Contr\u00f4le la vitesse de s\u00e9chage<\/strong> - L'humidit\u00e9 doit \u00eatre d\u00e9charg\u00e9e progressivement pour pr\u00e9venir l'accumulation des eaux de surface.<\/li> <\/ul> <\/div><\/div>    <div class=\"wp-block-media-text has-media-on-the-right is-stacked-on-mobile\"><div class=\"wp-block-media-text__content\"> <ul class=\"wp-block-list\"> <li><strong>S\u00e9chage uniforme<\/strong> - Assurez-vous que la temp\u00e9rature du poisson est coh\u00e9rente et \u00e9liminez la vapeur d'eau dans le temps.<\/li>    <li><strong>V\u00e9rifiez la s\u00e9cheresse<\/strong> - La gueule de poisson et les branchies ne devraient plus lib\u00e9rer de l'eau lorsqu'ils sont press\u00e9s.<\/li> <\/ul> <\/div><figure class=\"wp-block-media-text__media\"><img loading=\"lazy\" decoding=\"async\" width=\"720\" height=\"540\" src=\"https:\/\/meat-machine.com\/wp-content\/uploads\/2022\/12\/dried-fish-2.webp\" alt=\"s\u00e9chage du poisson\" class=\"wp-image-260 size-full\" title=\"\" srcset=\"https:\/\/meat-machine.com\/wp-content\/uploads\/2022\/12\/dried-fish-2.webp 720w, https:\/\/meat-machine.com\/wp-content\/uploads\/2022\/12\/dried-fish-2-300x225.webp 300w\" sizes=\"auto, (max-width: 720px) 100vw, 720px\" \/><\/figure><\/div>    <p class=\"wp-block-paragraph translation-block\">Pour de meilleurs r\u00e9sultats, il est recommand\u00e9 d'utiliser du poisson dont les visc\u00e8res et les \u00e9cailles ont \u00e9t\u00e9 retir\u00e9s avant le s\u00e9chage. Taizy Meat Machinery propose des \u00e9quipements de support tels qu'une <strong><a href=\"https:\/\/meat-machine.com\/fr\/produit\/machine-automatique-de-detartrage-du-poisson\/\" data-type=\"link\" data-id=\"https:\/\/meat-machine.com\/product\/automatic-fish-descaling-machine\/\">machine automatique d'\u00e9caillage de poisson<\/a><\/strong> et une <strong><a href=\"https:\/\/meat-machine.com\/fr\/produit\/machine-a-desosser-le-poisson\/\" data-type=\"link\" data-id=\"https:\/\/meat-machine.com\/product\/fish-deboner-machine\/\">machine d\u00e9sar\u00eateuse de poisson<\/a><\/strong> pour rationaliser le traitement du poisson avant le s\u00e9chage.<\/p>    <h2 class=\"wp-block-heading\">Structure de la machine \u00e0 s\u00e9choir de poisson<\/h2>    <p class=\"wp-block-paragraph\">La machine \u00e0 s\u00e9cher \u00e0 poissons est con\u00e7ue avec une structure bien int\u00e9gr\u00e9e pour assurer des op\u00e9rations de s\u00e9chage efficaces et s\u00fbres. Il se compose de plusieurs composants cl\u00e9s, chacun jouant un r\u00f4le crucial dans le processus de s\u00e9chage. <\/p>    <p class=\"wp-block-paragraph translation-block\">Le moteur principal est construit avec une \u00e9tanch\u00e9it\u00e9 et une isolation thermique, garantissant l'efficacit\u00e9 \u00e9nerg\u00e9tique et la s\u00e9curit\u00e9 pendant le fonctionnement. La bo\u00eete de s\u00e9chage est \u00e9quip\u00e9e d'une plaque en <a href=\"https:\/\/en.wikipedia.org\/wiki\/Polycarbonate\" data-type=\"link\" data-id=\"https:\/\/en.wikipedia.org\/wiki\/Polycarbonate\" target=\"_blank\" rel=\"noopener\">polycarbonate<\/a> qui distribue uniform\u00e9ment la chaleur dans la chambre, offrant des conditions de s\u00e9chage constantes.<\/p>    <div class=\"wp-block-media-text is-stacked-on-mobile\"><figure class=\"wp-block-media-text__media\"><img loading=\"lazy\" decoding=\"async\" width=\"720\" height=\"540\" src=\"https:\/\/meat-machine.com\/wp-content\/uploads\/2022\/12\/structure-of-fish-dryer.webp\" alt=\"structure du s\u00e9choir \u00e0 poisson\" class=\"wp-image-265 size-full\" title=\"\" srcset=\"https:\/\/meat-machine.com\/wp-content\/uploads\/2022\/12\/structure-of-fish-dryer.webp 720w, https:\/\/meat-machine.com\/wp-content\/uploads\/2022\/12\/structure-of-fish-dryer-300x225.webp 300w\" sizes=\"auto, (max-width: 720px) 100vw, 720px\" \/><\/figure><div class=\"wp-block-media-text__content\"> <ul class=\"wp-block-list\"> <li><strong>Syst\u00e8me de chauffage de pompe \u00e0 chaleur<\/strong> - g\u00e9n\u00e8re de l'air chaud efficacement pour maintenir une temp\u00e9rature de s\u00e9chage optimale.<\/li>    <li><strong>Coffret de s\u00e9chage<\/strong> - Une chambre bien scell\u00e9e o\u00f9 le poisson est s\u00e9ch\u00e9 uniform\u00e9ment.<\/li>    <li><strong>Syst\u00e8me de d\u00e9shumidification automatique<\/strong> - supprime rapidement l'humidit\u00e9 pour acc\u00e9l\u00e9rer le processus de s\u00e9chage.<\/li>    <li><strong>Syst\u00e8me de contr\u00f4le de la temp\u00e9rature<\/strong> - r\u00e9gule pr\u00e9cis\u00e9ment la temp\u00e9rature de s\u00e9chage pour des r\u00e9sultats coh\u00e9rents.<\/li>    <li><strong>Syst\u00e8me de contr\u00f4le intelligent<\/strong> - permet aux utilisateurs de surveiller et de r\u00e9gler facilement les param\u00e8tres de s\u00e9chage.<\/li>    <li><strong>Moteur principal scell\u00e9 et isol\u00e9<\/strong> - Emp\u00eache la perte de chaleur et am\u00e9liore la s\u00e9curit\u00e9 pendant le fonctionnement.<\/li> <\/ul> <\/div><\/div>    <p class=\"wp-block-paragraph\">Cette conception bien structur\u00e9e garantit une efficacit\u00e9 de s\u00e9chage \u00e9lev\u00e9e tout en gardant les co\u00fbts op\u00e9rationnels bas, ce qui en fait une solution id\u00e9ale pour les entreprises de transformation des fruits de mer.<\/p>    <h2 class=\"wp-block-heading\">Comment fonctionne la s\u00e9cheuse de poisson?<\/h2>    <div class=\"wp-block-media-text has-media-on-the-right is-stacked-on-mobile\"><div class=\"wp-block-media-text__content\"> <ul class=\"wp-block-list\"> <li>La machine \u00e0 s\u00e9cher \u00e0 poisson utilise un <strong class=\"\">po\u00eale \u00e0 air chaud<\/strong> Pour chauffer l'air et g\u00e9n\u00e9rer de l'air chaud pour les mat\u00e9riaux de s\u00e9chage.<\/li>    <li>Il emploie un <strong class=\"\">Syst\u00e8me d'air chaud \u00e0 double circulation<\/strong> Pour \u00e9vaporer rapidement l'humidit\u00e9 du poisson, assurer un s\u00e9chage efficace.<\/li>    <li>La machine <strong class=\"\">syst\u00e8me thermostatique<\/strong> maintient la temp\u00e9rature de la bo\u00eete avec pr\u00e9cision, fournissant des conditions de s\u00e9chage stables.<\/li> <\/ul> <\/div><figure class=\"wp-block-media-text__media\"><img loading=\"lazy\" decoding=\"async\" width=\"720\" height=\"540\" src=\"https:\/\/meat-machine.com\/wp-content\/uploads\/2022\/12\/tray.webp\" alt=\"plateau\" class=\"wp-image-266 size-full\" title=\"\" srcset=\"https:\/\/meat-machine.com\/wp-content\/uploads\/2022\/12\/tray.webp 720w, https:\/\/meat-machine.com\/wp-content\/uploads\/2022\/12\/tray-300x225.webp 300w\" sizes=\"auto, (max-width: 720px) 100vw, 720px\" \/><\/figure><\/div>    <div class=\"wp-block-media-text is-stacked-on-mobile\"><figure class=\"wp-block-media-text__media\"><img loading=\"lazy\" decoding=\"async\" width=\"720\" height=\"540\" src=\"https:\/\/meat-machine.com\/wp-content\/uploads\/2022\/12\/fish-dehydrator-machine.webp\" alt=\"d\u00e9shydrateur de poisson\" class=\"wp-image-506 size-full\" title=\"\" srcset=\"https:\/\/meat-machine.com\/wp-content\/uploads\/2022\/12\/fish-dehydrator-machine.webp 720w, https:\/\/meat-machine.com\/wp-content\/uploads\/2022\/12\/fish-dehydrator-machine-300x225.webp 300w\" sizes=\"auto, (max-width: 720px) 100vw, 720px\" \/><\/figure><div class=\"wp-block-media-text__content\"> <ul class=\"wp-block-list\"> <li>Un <strong>syst\u00e8me de d\u00e9shumidification automatique<\/strong> D\u00e9crit rapidement l'eau \u00e9vapor\u00e9e tout en contr\u00f4lant avec pr\u00e9cision l'humidit\u00e9 de s\u00e9chage optimale de la machine.<\/li>    <li>Ces fonctionnalit\u00e9s fonctionnent ensemble pour acc\u00e9l\u00e9rer le processus de s\u00e9chage tout en assurant des r\u00e9sultats hygi\u00e9niques et coh\u00e9rents.<\/li> <\/ul> <\/div><\/div>    <h2 class=\"wp-block-heading\">Quels sont les avantages de la machine ?<\/h2>    <div class=\"wp-block-media-text has-media-on-the-right is-stacked-on-mobile\"><div class=\"wp-block-media-text__content\"> <ul class=\"wp-block-list\"> <li><strong>Syst\u00e8me de contr\u00f4le intelligent<\/strong> - Le panneau de configuration de l'\u00e9cran tactile PLC permet des param\u00e8tres pr\u00e9cis de temp\u00e9rature et de d\u00e9shumidification pour diff\u00e9rentes \u00e9tapes de s\u00e9chage, en garantissant des r\u00e9sultats de haute qualit\u00e9.<\/li>    <li><strong>\u00c9conomie d'\u00e9nergie<\/strong> - Le syst\u00e8me de s\u00e9chage de la pompe \u00e0 chaleur \u00e0 \u00e9nergie air fonctionne \u00e0 faible co\u00fbt, ne consommant que 30% de l'\u00e9nergie utilis\u00e9e par l'\u00e9quipement de chauffage \u00e9lectrique et 60% de celui utilis\u00e9 par les s\u00e9choirs de charbon.<\/li> <\/ul> <\/div><figure class=\"wp-block-media-text__media\"><img loading=\"lazy\" decoding=\"async\" width=\"720\" height=\"540\" src=\"https:\/\/meat-machine.com\/wp-content\/uploads\/2022\/12\/fish-dryer-machine.webp\" alt=\"Machine de s\u00e9chage de poisson \u00e0 vendre\" class=\"wp-image-505 size-full\" title=\"\" srcset=\"https:\/\/meat-machine.com\/wp-content\/uploads\/2022\/12\/fish-dryer-machine.webp 720w, https:\/\/meat-machine.com\/wp-content\/uploads\/2022\/12\/fish-dryer-machine-300x225.webp 300w\" sizes=\"auto, (max-width: 720px) 100vw, 720px\" \/><\/figure><\/div>    <div class=\"wp-block-media-text is-stacked-on-mobile\"><figure class=\"wp-block-media-text__media\"><img loading=\"lazy\" decoding=\"async\" width=\"720\" height=\"540\" src=\"https:\/\/meat-machine.com\/wp-content\/uploads\/2022\/12\/fish-dryer.webp\" alt=\"s\u00e8che-poisson\" class=\"wp-image-780 size-full\" title=\"\" srcset=\"https:\/\/meat-machine.com\/wp-content\/uploads\/2022\/12\/fish-dryer.webp 720w, https:\/\/meat-machine.com\/wp-content\/uploads\/2022\/12\/fish-dryer-300x225.webp 300w, https:\/\/meat-machine.com\/wp-content\/uploads\/2022\/12\/fish-dryer-16x12.webp 16w\" sizes=\"auto, (max-width: 720px) 100vw, 720px\" \/><\/figure><div class=\"wp-block-media-text__content\"> <ul class=\"wp-block-list\"> <li><strong>Efficacit\u00e9 de travail \u00e9lev\u00e9e<\/strong> - Contrairement au s\u00e9chage du soleil traditionnel, la machine \u00e0 s\u00e9cher \u00e0 poisson peut fonctionner en continu pendant 24 heures, am\u00e9liorant la productivit\u00e9.<\/li>    <li><strong>Haute qualit\u00e9<\/strong> - Construit avec des mat\u00e9riaux d'isolation thermique de haute qualit\u00e9, la machine offre une durabilit\u00e9, une s\u00e9curit\u00e9 et une longue dur\u00e9e de vie.<\/li>    <li><strong>Bonnes performances d'\u00e9tanch\u00e9it\u00e9<\/strong> - La machine dispose d'une excellente \u00e9tanch\u00e9it\u00e9 et d'une protection thermique, assurant un fonctionnement efficace et stable.<\/li> <\/ul> <\/div><\/div>    <h2 class=\"wp-block-heading\">Param\u00e8tres techniques de la machine \u00e0 s\u00e9chage des poissons<\/h2>    <figure class=\"wp-block-table\"><table><tbody><tr><td>Mod\u00e8le<\/td><td>\u00c9ventail (pi\u00e8ces)<\/td><td>Chariot (ensemble)<\/td><td>Plateaux (pi\u00e8ce)<\/td><td>Moteur (kw)<\/td><td>Taille de la machine (m)<\/td><\/tr><tr><td>TZ-320<\/td><td>6<\/td><td>4<\/td><td>48<\/td><td>3.0<\/td><td>3.2*2.5*2.2<\/td><\/tr><tr><td>TZ-580<\/td><td>8<\/td><td>10<\/td><td>120<\/td><td>7.0<\/td><td>5.8*2.5*2.2<\/td><\/tr><tr><td>TZ-980<\/td><td>16<\/td><td>16<\/td><td>192<\/td><td>11.0<\/td><td>9.8*2.5*2.2<\/td><\/tr><\/tbody><\/table><figcaption class=\"wp-element-caption\">3 types de machines de s\u00e9chage de poisson \u00e0 vendre<\/figcaption><\/figure>    <div class=\"wp-block-media-text has-media-on-the-right is-stacked-on-mobile\"><div class=\"wp-block-media-text__content\"> <p class=\"wp-block-paragraph translation-block\">Les trois mod\u00e8les de s\u00e9choirs \u00e0 poissons diff\u00e8rent par leur taille \u2014 <strong>3,2\u00d72,5\u00d72,2 m<\/strong>, <strong>5,8\u00d72,5\u00d72,2 m<\/strong>, et <strong>9,8\u00d72,5\u00d72,2 m<\/strong> \u2014 avec une capacit\u00e9 de production qui augmente en cons\u00e9quence. Les clients peuvent choisir le mod\u00e8le le plus adapt\u00e9 \u00e0 leurs besoins de traitement. <\/p>    <p class=\"wp-block-paragraph translation-block\">Nous proposons \u00e9galement <strong>des solutions personnalis\u00e9es<\/strong> pour r\u00e9pondre \u00e0 des exigences particuli\u00e8res. Si vous recherchez une machine de s\u00e9chage de poissons efficace, n'h\u00e9sitez pas \u00e0 nous contacter, et nous r\u00e9pondrons rapidement.<\/p> <\/div><figure class=\"wp-block-media-text__media\"><img loading=\"lazy\" decoding=\"async\" width=\"750\" height=\"710\" src=\"https:\/\/meat-machine.com\/wp-content\/uploads\/2022\/12\/factory-display.webp\" alt=\"affichage d&#039;usine\" class=\"wp-image-263 size-full\" title=\"\" srcset=\"https:\/\/meat-machine.com\/wp-content\/uploads\/2022\/12\/factory-display.webp 750w, https:\/\/meat-machine.com\/wp-content\/uploads\/2022\/12\/factory-display-300x284.webp 300w\" sizes=\"auto, (max-width: 750px) 100vw, 750px\" \/><\/figure><\/div>    <h2 class=\"wp-block-heading\">Combien de temps faut-il pour s\u00e9cher du poisson dans un s\u00e9choir \u00e0 poisson ?<\/h2>    <p class=\"wp-block-paragraph\">Le temps n\u00e9cessaire au s\u00e9chage du poisson peut \u00eatre affect\u00e9 par plusieurs facteurs, notamment la taille et l'\u00e9paisseur du poisson, la temp\u00e9rature et l'humidit\u00e9 de la machine \u00e0 s\u00e9cher le poisson, etc. En g\u00e9n\u00e9ral, le s\u00e9chage du poisson peut prendre de quelques heures \u00e0 une journ\u00e9e. <\/p>    <p class=\"wp-block-paragraph\">En r\u00e8gle g\u00e9n\u00e9rale, le processus de s\u00e9chage du poisson peut prendre de quelques heures \u00e0 une journ\u00e9e pour garantir que le poisson est compl\u00e8tement sec et qu'il ne reste plus d'humidit\u00e9 pour pr\u00e9server sa dur\u00e9e de conservation.<\/p>    <figure class=\"wp-block-gallery has-nested-images columns-default is-cropped wp-block-gallery-2 is-layout-flex wp-block-gallery-is-layout-flex\"> <figure class=\"wp-block-image size-full\"><img loading=\"lazy\" decoding=\"async\" width=\"720\" height=\"540\" data-id=\"782\" src=\"https:\/\/meat-machine.com\/wp-content\/uploads\/2022\/12\/fish-drying-machine-1.webp\" alt=\"machine de s\u00e9chage de poisson\" class=\"wp-image-782\" title=\"\" srcset=\"https:\/\/meat-machine.com\/wp-content\/uploads\/2022\/12\/fish-drying-machine-1.webp 720w, https:\/\/meat-machine.com\/wp-content\/uploads\/2022\/12\/fish-drying-machine-1-300x225.webp 300w, https:\/\/meat-machine.com\/wp-content\/uploads\/2022\/12\/fish-drying-machine-1-16x12.webp 16w\" sizes=\"auto, (max-width: 720px) 100vw, 720px\" \/><figcaption class=\"wp-element-caption\">Machine \u00e0 s\u00e9cher au poisson<\/figcaption><\/figure>    <figure class=\"wp-block-image size-full\"><img loading=\"lazy\" decoding=\"async\" width=\"720\" height=\"540\" data-id=\"504\" src=\"https:\/\/meat-machine.com\/wp-content\/uploads\/2022\/12\/finished-products.webp\" alt=\"produits finis\" class=\"wp-image-504\" title=\"\" srcset=\"https:\/\/meat-machine.com\/wp-content\/uploads\/2022\/12\/finished-products.webp 720w, https:\/\/meat-machine.com\/wp-content\/uploads\/2022\/12\/finished-products-300x225.webp 300w\" sizes=\"auto, (max-width: 720px) 100vw, 720px\" \/><figcaption class=\"wp-element-caption\">Produits finis<\/figcaption><\/figure> <\/figure>    <h2 class=\"wp-block-heading\">Champ d'application de la machine de s\u00e9chage de poisson<\/h2>    <div class=\"wp-block-media-text is-stacked-on-mobile\"><figure class=\"wp-block-media-text__media\"><img loading=\"lazy\" decoding=\"async\" width=\"720\" height=\"540\" src=\"https:\/\/meat-machine.com\/wp-content\/uploads\/2022\/12\/widely-application.webp\" alt=\"large application\" class=\"wp-image-268 size-full\" title=\"\" srcset=\"https:\/\/meat-machine.com\/wp-content\/uploads\/2022\/12\/widely-application.webp 720w, https:\/\/meat-machine.com\/wp-content\/uploads\/2022\/12\/widely-application-300x225.webp 300w\" sizes=\"auto, (max-width: 720px) 100vw, 720px\" \/><\/figure><div class=\"wp-block-media-text__content\"> <p class=\"wp-block-paragraph\">Notre \u00e9quipement de s\u00e9chage de poisson peut non seulement s\u00e9cher toutes sortes de poissons, mais \u00e9galement s\u00e9cher des fruits, des l\u00e9gumes, des fleurs, de la viande, des noix, des herbes et du charbon de barbecue.<\/p> <\/div><\/div>    <h2 class=\"wp-block-heading\">Pr\u00e9cautions d'utilisation d'un s\u00e9choir \u00e0 poisson<\/h2>    <div class=\"wp-block-media-text has-media-on-the-right is-stacked-on-mobile\"><div class=\"wp-block-media-text__content\"> <ol class=\"wp-block-list\"> <li>\u00c9vitez les temp\u00e9ratures \u00e9lev\u00e9es au stade de s\u00e9chage pr\u00e9coce pour \u00e9viter d'affecter la qualit\u00e9 et le stockage des poissons.<\/li>    <li>Contr\u00f4ler la vitesse de d\u00e9shydratation due \u00e0 une teneur \u00e9lev\u00e9e en eau et en huile chez les poissons.<\/li>    <li>Maintenir un bon volume d'air pour emp\u00eacher la vapeur d'eau de rester sur la surface du poisson.<\/li> <\/ol> <\/div><figure class=\"wp-block-media-text__media\"><img loading=\"lazy\" decoding=\"async\" width=\"720\" height=\"540\" src=\"https:\/\/meat-machine.com\/wp-content\/uploads\/2022\/12\/fish-drying-machine-for-sale.webp\" alt=\"machine \u00e0 s\u00e9cher le poisson \u00e0 vendre\" class=\"wp-image-781 size-full\" title=\"\" srcset=\"https:\/\/meat-machine.com\/wp-content\/uploads\/2022\/12\/fish-drying-machine-for-sale.webp 720w, https:\/\/meat-machine.com\/wp-content\/uploads\/2022\/12\/fish-drying-machine-for-sale-300x225.webp 300w, https:\/\/meat-machine.com\/wp-content\/uploads\/2022\/12\/fish-drying-machine-for-sale-16x12.webp 16w\" sizes=\"auto, (max-width: 720px) 100vw, 720px\" \/><\/figure><\/div>    <h2 class=\"wp-block-heading\">Conclusion<\/h2>    <p class=\"wp-block-paragraph\">La machine \u00e0 s\u00e9cher \u00e0 poisson est une solution efficace, \u00e9conomique et intelligente pour s\u00e9cher les poissons de haute qualit\u00e9 et de coh\u00e9rence. <\/p>    <p class=\"wp-block-paragraph\">Avec plusieurs mod\u00e8les disponibles pour r\u00e9pondre \u00e0 diff\u00e9rents besoins de production, nous proposons des solutions personnalis\u00e9es pour r\u00e9pondre \u00e0 vos besoins sp\u00e9cifiques. <\/p>    <p class=\"wp-block-paragraph\">Contactez-nous d\u00e8s aujourd'hui pour obtenir plus de d\u00e9tails et un devis comp\u00e9titif!<\/p>","protected":false},"excerpt":{"rendered":"<p>Le S\u00e9choir \u00e0 poissons peut s\u00e9cher efficacement diff\u00e9rents types de poissons en contr\u00f4lant pr\u00e9cis\u00e9ment la temp\u00e9rature et l'humidit\u00e9, aidant \u00e0 prolonger la dur\u00e9e de conservation tout en maintenant la qualit\u00e9 du produit.<\/p>","protected":false},"author":1,"featured_media":264,"parent":0,"template":"","tags":[19],"product-type":[25],"class_list":["post-259","product","type-product","status-publish","has-post-thumbnail","hentry","tag-fish-dryer-machine","product-type-fish-processing-machine"],"_links":{"self":[{"href":"https:\/\/meat-machine.com\/fr\/wp-json\/wp\/v2\/product\/259","targetHints":{"allow":["GET"]}}],"collection":[{"href":"https:\/\/meat-machine.com\/fr\/wp-json\/wp\/v2\/product"}],"about":[{"href":"https:\/\/meat-machine.com\/fr\/wp-json\/wp\/v2\/types\/product"}],"author":[{"embeddable":true,"href":"https:\/\/meat-machine.com\/fr\/wp-json\/wp\/v2\/users\/1"}],"wp:featuredmedia":[{"embeddable":true,"href":"https:\/\/meat-machine.com\/fr\/wp-json\/wp\/v2\/media\/264"}],"wp:attachment":[{"href":"https:\/\/meat-machine.com\/fr\/wp-json\/wp\/v2\/media?parent=259"}],"wp:term":[{"taxonomy":"post_tag","embeddable":true,"href":"https:\/\/meat-machine.com\/fr\/wp-json\/wp\/v2\/tags?post=259"},{"taxonomy":"product-type","embeddable":true,"href":"https:\/\/meat-machine.com\/fr\/wp-json\/wp\/v2\/product-type?post=259"}],"curies":[{"name":"wp","href":"https:\/\/api.w.org\/{rel}","templated":true}]}}