{"id":254,"date":"2022-12-14T14:34:09","date_gmt":"2022-12-14T06:34:09","guid":{"rendered":"https:\/\/meat-machine.com\/?post_type=product&#038;p=254"},"modified":"2025-07-14T17:42:04","modified_gmt":"2025-07-14T09:42:04","slug":"machine-de-decoupe-de-poisson-multifonctionnelle","status":"publish","type":"product","link":"https:\/\/meat-machine.com\/fr\/product\/multifunctional-fish-cutting-machine\/","title":{"rendered":"Machine de d\u00e9coupe de poisson multifonctionnelle"},"content":{"rendered":"<div class=\"kk-star-ratings kksr-auto kksr-align-left kksr-valign-top\"     data-payload='{&quot;align&quot;:&quot;left&quot;,&quot;id&quot;:&quot;254&quot;,&quot;slug&quot;:&quot;default&quot;,&quot;valign&quot;:&quot;top&quot;,&quot;ignore&quot;:&quot;&quot;,&quot;reference&quot;:&quot;auto&quot;,&quot;class&quot;:&quot;&quot;,&quot;count&quot;:&quot;19&quot;,&quot;legendonly&quot;:&quot;&quot;,&quot;readonly&quot;:&quot;&quot;,&quot;score&quot;:&quot;4.8&quot;,&quot;starsonly&quot;:&quot;&quot;,&quot;best&quot;:&quot;5&quot;,&quot;gap&quot;:&quot;5&quot;,&quot;greet&quot;:&quot;Rate this product&quot;,&quot;legend&quot;:&quot;4.8\\\/5 - (19 votes)&quot;,&quot;size&quot;:&quot;24&quot;,&quot;title&quot;:&quot;Multifunctional Fish Cutting Machine&quot;,&quot;width&quot;:&quot;136.7&quot;,&quot;_legend&quot;:&quot;{score}\\\/{best} - ({count} {votes})&quot;,&quot;font_factor&quot;:&quot;1.25&quot;}'>              <div class=\"kksr-stars\">      <div class=\"kksr-stars-inactive\">             <div class=\"kksr-star\" data-star=\"1\" style=\"padding-right: 5px\">               <div class=\"kksr-icon\" style=\"width: 24px; height: 24px;\"><\/div>         <\/div>             <div class=\"kksr-star\" data-star=\"2\" style=\"padding-right: 5px\">               <div class=\"kksr-icon\" style=\"width: 24px; height: 24px;\"><\/div>         <\/div>             <div class=\"kksr-star\" data-star=\"3\" style=\"padding-right: 5px\">               <div class=\"kksr-icon\" style=\"width: 24px; height: 24px;\"><\/div>         <\/div>             <div class=\"kksr-star\" data-star=\"4\" style=\"padding-right: 5px\">               <div class=\"kksr-icon\" style=\"width: 24px; height: 24px;\"><\/div>         <\/div>             <div class=\"kksr-star\" data-star=\"5\" style=\"padding-right: 5px\">               <div class=\"kksr-icon\" style=\"width: 24px; height: 24px;\"><\/div>         <\/div>     <\/div>      <div class=\"kksr-stars-active\" style=\"width: 136.7px;\">             <div class=\"kksr-star\" style=\"padding-right: 5px\">               <div class=\"kksr-icon\" style=\"width: 24px; height: 24px;\"><\/div>         <\/div>             <div class=\"kksr-star\" style=\"padding-right: 5px\">               <div class=\"kksr-icon\" style=\"width: 24px; height: 24px;\"><\/div>         <\/div>             <div class=\"kksr-star\" style=\"padding-right: 5px\">               <div class=\"kksr-icon\" style=\"width: 24px; height: 24px;\"><\/div>         <\/div>             <div class=\"kksr-star\" style=\"padding-right: 5px\">               <div class=\"kksr-icon\" style=\"width: 24px; height: 24px;\"><\/div>         <\/div>             <div class=\"kksr-star\" style=\"padding-right: 5px\">               <div class=\"kksr-icon\" style=\"width: 24px; height: 24px;\"><\/div>         <\/div>     <\/div> <\/div>                   <div class=\"kksr-legend\" style=\"font-size: 19.2px;\">             4,8\/5 - (19 votes)    <\/div>     <\/div>  <p class=\"wp-block-paragraph translation-block\">La <strong>machine \u00e0 d\u00e9couper le poisson<\/strong> peut <strong>d\u00e9couper et segmenter avec pr\u00e9cision diff\u00e9rents types de poisson<\/strong>. Elle offre des <strong>coupes constantes et propres<\/strong> avec des r\u00e9glages d'\u00e9paisseur r\u00e9glables, ce qui en fait une solution parfaite pour une utilisation dans <strong>les march\u00e9s de fruits de mer, les cuisines commerciales et les installations de transformation du poisson<\/strong>.<\/p>    <p class=\"wp-block-paragraph translation-block\">Disponible en deux mod\u00e8les, <strong>TZ-400<\/strong> et <strong>TZ-600<\/strong>, la machine offre une capacit\u00e9 de traitement de <strong>200\u2013400 kg\/h<\/strong> et <strong>400\u2013600 kg\/h<\/strong> respectivement. Elle est dot\u00e9e de lames en acier inoxydable tranchantes, d'une performance stable et d'un design facile \u00e0 nettoyer. <\/p>    <p class=\"wp-block-paragraph\">Cette machine \u00e0 d\u00e9couper le poisson est une solution fiable pour am\u00e9liorer la vitesse de traitement, garantir la coh\u00e9rence des produits et r\u00e9duire les co\u00fbts de main-d'\u0153uvre dans les environnements modernes de transformation du poisson.<\/p>    <figure class=\"wp-block-embed is-type-video is-provider-youtube wp-block-embed-youtube wp-embed-aspect-4-3 wp-has-aspect-ratio\"><div class=\"wp-block-embed__wrapper\"> <iframe loading=\"lazy\" title=\"D\u00e9coupeur de viande commercial en action | Tranches uniformes \u00e0 chaque fois #viande #d\u00e9coupeur #transformationalimentaire #poisson\" width=\"500\" height=\"375\" src=\"https:\/\/www.youtube.com\/embed\/MzMWaI8GUvk?feature=oembed\" frameborder=\"0\" allow=\"accelerometer; autoplay; clipboard-write; encrypted-media; gyroscope; picture-in-picture; web-share\" referrerpolicy=\"strict-origin-when-cross-origin\" allowfullscreen><\/iframe> <\/div><figcaption class=\"wp-element-caption\">Vid\u00e9o de fonctionnement de la machine \u00e0 d\u00e9couper le poisson<\/figcaption><\/figure>    <h2 class=\"wp-block-heading\">Structure de la machine \u00e0 d\u00e9couper le poisson<\/h2>    <p class=\"wp-block-paragraph translation-block\">La machine \u00e0 couper le poisson est principalement compos\u00e9e d'un <strong>ch\u00e2ssis principal<\/strong>, d'un <strong>moteur \u00e9lectrique<\/strong>, d'une <strong>courroie de transport<\/strong> et de <strong>lames de coupe<\/strong>. <\/p>    <p class=\"wp-block-paragraph translation-block\">Les lames sont fabriqu\u00e9es en <strong>acier alli\u00e9 \u00e0 haute r\u00e9sistance<\/strong>, connu pour sa <strong>s\u00fbret\u00e9, sa durabilit\u00e9 et son excellente r\u00e9sistance \u00e0 l'usure<\/strong>. Ce mat\u00e9riau garantit que les lames restent tranchantes et <strong>sans rouille m\u00eame apr\u00e8s un usage prolong\u00e9<\/strong>. <\/p>    <p class=\"wp-block-paragraph translation-block\">De plus, la machine prend en charge <strong>deux types de courroies de transport<\/strong>, permettant aux utilisateurs de choisir la meilleure configuration pour leurs besoins de traitement.<\/p>   <div class=\"wp-block-image\"> <figure class=\"aligncenter size-full\"><img loading=\"lazy\" decoding=\"async\" width=\"720\" height=\"540\" src=\"https:\/\/meat-machine.com\/wp-content\/uploads\/2022\/12\/automatic-fish-cutting-machine-1.webp\" alt=\"machine de d\u00e9coupe de poisson automatique\" class=\"wp-image-358\" title=\"\" srcset=\"https:\/\/meat-machine.com\/wp-content\/uploads\/2022\/12\/automatic-fish-cutting-machine-1.webp 720w, https:\/\/meat-machine.com\/wp-content\/uploads\/2022\/12\/automatic-fish-cutting-machine-1-300x225.webp 300w\" sizes=\"auto, (max-width: 720px) 100vw, 720px\" \/><figcaption class=\"wp-element-caption\">machine de d\u00e9coupe de poisson automatique<\/figcaption><\/figure> <\/div>   <h2 class=\"wp-block-heading\">Comment fonctionne la machine automatique de d\u00e9coupe de poisson ?<\/h2>    <p class=\"wp-block-paragraph\">La machine \u00e0 d\u00e9couper le poisson automatique fonctionne \u00e0 l'aide d'une lame rotative \u00e0 grande vitesse install\u00e9e \u00e0 l'int\u00e9rieur du corps de la machine. Lorsque les poissons sont introduits dans l'entr\u00e9e, la lame les d\u00e9coupe rapidement en morceaux uniformes avec des bords nets et un minimum de r\u00e9sidus. <\/p>    <p class=\"wp-block-paragraph\">La machine garantit une coupe pr\u00e9cise et coh\u00e9rente, am\u00e9liorant consid\u00e9rablement la vitesse de traitement et r\u00e9duisant le travail manuel. Une fois la coupe termin\u00e9e, les morceaux de poisson trait\u00e9s sont \u00e9vacu\u00e9s par la sortie. <\/p>    <p class=\"wp-block-paragraph translation-block\">Le principe de fonctionnement est similaire \u00e0 celui d'une <a href=\"https:\/\/meat-machine.com\/fr\/produit\/machine-automatique-de-decoupe-de-poulet\/\" data-type=\"link\" data-id=\"https:\/\/meat-machine.com\/product\/automatic-chicken-cutting-machine\/\">machine \u00e0 d\u00e9couper le poulet automatique<\/a>, s'appuyant sur un mouvement de lame continu et un flux de mat\u00e9riau guid\u00e9 pour obtenir des r\u00e9sultats de d\u00e9coupe efficaces et hygi\u00e9niques.<\/p>    <figure class=\"wp-block-image\"><img loading=\"lazy\" decoding=\"async\" width=\"720\" height=\"540\" src=\"https:\/\/meat-machine.com\/wp-content\/uploads\/2022\/12\/cutter-of-the-machine.webp\" alt=\"coupeur de la machine\" class=\"wp-image-354\" title=\"\" srcset=\"https:\/\/meat-machine.com\/wp-content\/uploads\/2022\/12\/cutter-of-the-machine.webp 720w, https:\/\/meat-machine.com\/wp-content\/uploads\/2022\/12\/cutter-of-the-machine-300x225.webp 300w\" sizes=\"auto, (max-width: 720px) 100vw, 720px\" \/><figcaption class=\"wp-element-caption\">Coupeur de la machine<\/figcaption><\/figure>    <h2 class=\"wp-block-heading\"> Param\u00e8tres techniques de la machine de d\u00e9coupe de viande de poisson<\/h2>    <figure class=\"wp-block-table\"><table><tbody><tr><td>Mod\u00e8le<\/td><td>TZ-400<\/td><td>TZ-600<\/td><\/tr><tr><td>Capacit\u00e9<\/td><td>200-400kg\/heure<\/td><td>400-600 kg\/heure<\/td><\/tr><tr><td>Dimension<\/td><td>520*350*800mm<\/td><td>710*660*1010mm<\/td><\/tr><tr><td>Pouvoir<\/td><td>1,5 kW<\/td><td>2,2 kW<\/td><\/tr><tr><td>Poids<\/td><td>70 kg<\/td><td>100 kg<\/td><\/tr><tr><td>Tension<\/td><td>220v<\/td><td>380v<\/td><\/tr><\/tbody><\/table><figcaption class=\"wp-element-caption\">Param\u00e8tres de la machine \u00e0 couper le poisson<\/figcaption><\/figure>    <p class=\"wp-block-paragraph\">\u00c0 l'heure actuelle, notre usine dispose de deux \u00e9quipements de d\u00e9coupe de poisson populaires \u00e0 vendre. La capacit\u00e9 est de 200 \u00e0 400 kg\/h et de 400 \u00e0 600 kg\/h. La puissance est respectivement de 1,5 kW et 2,2 kW. Si vous avez besoin de cette machine \u00e0 d\u00e9couper le poisson et la viande, n'h\u00e9sitez pas \u00e0 nous contacter.<\/p>   <div class=\"wp-block-image\"> <figure class=\"aligncenter size-full\"><img loading=\"lazy\" decoding=\"async\" width=\"720\" height=\"540\" src=\"https:\/\/meat-machine.com\/wp-content\/uploads\/2022\/12\/commercial-fish-cutter.webp\" alt=\"coupeur de poisson professionnel\" class=\"wp-image-353\" title=\"\" srcset=\"https:\/\/meat-machine.com\/wp-content\/uploads\/2022\/12\/commercial-fish-cutter.webp 720w, https:\/\/meat-machine.com\/wp-content\/uploads\/2022\/12\/commercial-fish-cutter-300x225.webp 300w\" sizes=\"auto, (max-width: 720px) 100vw, 720px\" \/><figcaption class=\"wp-element-caption\">coupeur de poisson professionnel<\/figcaption><\/figure> <\/div>   <h2 class=\"wp-block-heading\">Avantages de la machine \u00e0 couper le poisson automatique de Taizy<\/h2>    <div class=\"wp-block-media-text is-stacked-on-mobile\"><figure class=\"wp-block-media-text__media\"><img loading=\"lazy\" decoding=\"async\" width=\"720\" height=\"540\" src=\"https:\/\/meat-machine.com\/wp-content\/uploads\/2022\/12\/fish-cutting-equipment-for-sale-1.webp\" alt=\"\u00e9quipement de d\u00e9coupe de poisson \u00e0 vendre-1\" class=\"wp-image-359 size-full\" title=\"\" srcset=\"https:\/\/meat-machine.com\/wp-content\/uploads\/2022\/12\/fish-cutting-equipment-for-sale-1.webp 720w, https:\/\/meat-machine.com\/wp-content\/uploads\/2022\/12\/fish-cutting-equipment-for-sale-1-300x225.webp 300w\" sizes=\"auto, (max-width: 720px) 100vw, 720px\" \/><\/figure><div class=\"wp-block-media-text__content\"> <ul class=\"wp-block-list\"> <li>Coupe le poisson en tranches, filets ou bandes avec une grande pr\u00e9cision.<\/li>    <li>Fabriqu\u00e9 en acier inoxydable 304 de haute qualit\u00e9 pour la durabilit\u00e9 et la r\u00e9sistance \u00e0 l'usure.<\/li>    <li>Structure simple et facile \u00e0 utiliser, adapt\u00e9e \u00e0 tous les utilisateurs.<\/li>    <li>Niveau sonore de fonctionnement faible, cr\u00e9ant un environnement de travail plus silencieux.<\/li>    <li>Capable de couper divers types de poissons, y compris les poissons secs, frais et l\u00e9g\u00e8rement congel\u00e9s.<\/li>    <li>Produit des coupes nettes sans d\u00e9bris, garantissant des r\u00e9sultats de traitement propres.<\/li>    <li>Polyvalent pour une utilisation dans les usines de fruits de mer, les restaurants et les usines de transformation alimentaire.<\/li> <\/ul> <\/div><\/div>    <h2 class=\"wp-block-heading\">Quels mat\u00e9riaux bruts sont adapt\u00e9s \u00e0 la machine \u00e0 couper le poisson ?<\/h2>    <div class=\"wp-block-media-text has-media-on-the-right is-stacked-on-mobile\"><div class=\"wp-block-media-text__content\"> <ul class=\"wp-block-list\"> <li><strong>Diff\u00e9rents types de poisson<\/strong>: Convient pour couper du poisson-chat, du saumon, de la morue, du calmar, <a href=\"https:\/\/en.wikipedia.org\/wiki\/Catfish\" data-type=\"link\" data-id=\"https:\/\/en.wikipedia.org\/wiki\/Catfish\" target=\"_blank\" rel=\"noopener\">poisson-chat<\/a>, du poisson blanc, et plus encore.<\/li>    <li><strong>Diff\u00e9rents \u00e9tats du poisson<\/strong>: Peut traiter efficacement les poissons frais, secs et l\u00e9g\u00e8rement congel\u00e9s.<\/li>    <li><strong>Multiples types de viande<\/strong>: Applicable \u00e9galement pour couper le porc, le b\u0153uf, le mouton et des viandes similaires.<\/li> <\/ul> <\/div><figure class=\"wp-block-media-text__media\"><img loading=\"lazy\" decoding=\"async\" width=\"720\" height=\"540\" src=\"https:\/\/meat-machine.com\/wp-content\/uploads\/2022\/12\/fish-cubes.webp\" alt=\"cubes de poisson\" class=\"wp-image-355 size-full\" title=\"\" srcset=\"https:\/\/meat-machine.com\/wp-content\/uploads\/2022\/12\/fish-cubes.webp 720w, https:\/\/meat-machine.com\/wp-content\/uploads\/2022\/12\/fish-cubes-300x225.webp 300w\" sizes=\"auto, (max-width: 720px) 100vw, 720px\" \/><\/figure><\/div>    <h2 class=\"wp-block-heading\">FAQs sur les machines \u00e0 couper le poisson<\/h2>   <div id=\"rank-math-faq\" class=\"rank-math-block\"> <div class=\"rank-math-list\"> <div id=\"faq-question-1752481432320\" class=\"rank-math-list-item\"> <h3 class=\"rank-math-question\">Quels types de structures de machines \u00e0 d\u00e9couper le poisson sont disponibles ?<\/h3> <div class=\"rank-math-answer\">  <p class=\"translation-block\">Nous offrons <strong>deux types<\/strong> : <strong>type courroie de transport<\/strong> et <strong>type plaque \u00e0 cha\u00eene<\/strong>, adapt\u00e9s \u00e0 diff\u00e9rents besoins de traitement.<\/p>  <\/div> <\/div> <div id=\"faq-question-1752481448643\" class=\"rank-math-list-item\"> <h3 class=\"rank-math-question\">De quel mat\u00e9riau sont faites les lames ?<\/h3> <div class=\"rank-math-answer\">  <p class=\"translation-block\">Les lames sont fabriqu\u00e9es en <strong>acier \u00e0 haute teneur en mangan\u00e8se<\/strong>, connu pour sa durabilit\u00e9 et sa r\u00e9sistance \u00e0 l'usure.<\/p>  <\/div> <\/div> <div id=\"faq-question-1752481477500\" class=\"rank-math-list-item\"> <h3 class=\"rank-math-question\">Quelle est la largeur du tapis roulant ?<\/h3> <div class=\"rank-math-answer\">  <p class=\"translation-block\">La courroie mesure environ <strong>30 cm de large<\/strong>.<\/p>  <\/div> <\/div> <div id=\"faq-question-1752481497771\" class=\"rank-math-list-item\"> <h3 class=\"rank-math-question\">Quelle est l'\u00e9paisseur du tapis roulant ?<\/h3> <div class=\"rank-math-answer\">  <p class=\"translation-block\">L'\u00e9paisseur est d'environ <strong>2 cm<\/strong>, con\u00e7ue pour \u00eatre durable et de longue dur\u00e9e.<\/p>  <\/div> <\/div> <div id=\"faq-question-1752481510466\" class=\"rank-math-list-item\"> <h3 class=\"rank-math-question\">La taille de coupe peut-elle \u00eatre ajust\u00e9e ?<\/h3> <div class=\"rank-math-answer\">  <p class=\"translation-block\">Oui, <strong>la longueur de coupe est r\u00e9glable<\/strong> (entre <strong>20\u201350 mm<\/strong>), mais <strong>la largeur de coupe est fixe<\/strong>.<\/p>  <\/div> <\/div> <\/div> <\/div>   <figure class=\"wp-block-image size-full\"><img loading=\"lazy\" decoding=\"async\" width=\"720\" height=\"540\" src=\"https:\/\/meat-machine.com\/wp-content\/uploads\/2023\/10\/cutted-fish.webp\" alt=\"poisson coup\u00e9\" class=\"wp-image-477\" title=\"\" srcset=\"https:\/\/meat-machine.com\/wp-content\/uploads\/2023\/10\/cutted-fish.webp 720w, https:\/\/meat-machine.com\/wp-content\/uploads\/2023\/10\/cutted-fish-300x225.webp 300w\" sizes=\"auto, (max-width: 720px) 100vw, 720px\" \/><figcaption class=\"wp-element-caption\">Poisson coup\u00e9<\/figcaption><\/figure>    <h2 class=\"wp-block-heading\">Conclusion<\/h2>    <p class=\"wp-block-paragraph\">Avec son efficacit\u00e9 \u00e9lev\u00e9e, ses performances de coupe pr\u00e9cises et son design convivial, la machine \u00e0 couper le poisson est un outil essentiel pour le traitement moderne des fruits de mer. <\/p>    <p class=\"wp-block-paragraph\">Que vous g\u00e9riez un march\u00e9 aux poissons, un restaurant ou une usine de transformation \u00e0 grande \u00e9chelle, cette machine peut consid\u00e9rablement am\u00e9liorer la productivit\u00e9 et garantir une qualit\u00e9 de coupe constante. <\/p>    <p class=\"wp-block-paragraph translation-block\">Si vous cherchez \u00e0 am\u00e9liorer vos op\u00e9rations de transformation du poisson, cette machine est un choix fiable et \u00e9conomique. <strong>Contactez-nous d\u00e8s aujourd'hui pour plus de d\u00e9tails ou une solution personnalis\u00e9e.<\/strong><\/p>","protected":false},"excerpt":{"rendered":"<p>La machine \u00e0 d\u00e9couper le poisson peut trancher et segmenter avec pr\u00e9cision diff\u00e9rents types de poisson.<\/p>","protected":false},"author":1,"featured_media":360,"parent":0,"template":"","tags":[24],"product-type":[2],"class_list":["post-254","product","type-product","status-publish","has-post-thumbnail","hentry","tag-fish-cutting-machine","product-type-meat-cutting-machine"],"_links":{"self":[{"href":"https:\/\/meat-machine.com\/fr\/wp-json\/wp\/v2\/product\/254","targetHints":{"allow":["GET"]}}],"collection":[{"href":"https:\/\/meat-machine.com\/fr\/wp-json\/wp\/v2\/product"}],"about":[{"href":"https:\/\/meat-machine.com\/fr\/wp-json\/wp\/v2\/types\/product"}],"author":[{"embeddable":true,"href":"https:\/\/meat-machine.com\/fr\/wp-json\/wp\/v2\/users\/1"}],"wp:featuredmedia":[{"embeddable":true,"href":"https:\/\/meat-machine.com\/fr\/wp-json\/wp\/v2\/media\/360"}],"wp:attachment":[{"href":"https:\/\/meat-machine.com\/fr\/wp-json\/wp\/v2\/media?parent=254"}],"wp:term":[{"taxonomy":"post_tag","embeddable":true,"href":"https:\/\/meat-machine.com\/fr\/wp-json\/wp\/v2\/tags?post=254"},{"taxonomy":"product-type","embeddable":true,"href":"https:\/\/meat-machine.com\/fr\/wp-json\/wp\/v2\/product-type?post=254"}],"curies":[{"name":"wp","href":"https:\/\/api.w.org\/{rel}","templated":true}]}}