{"id":241,"date":"2022-12-08T15:24:09","date_gmt":"2022-12-08T07:24:09","guid":{"rendered":"https:\/\/meat-machine.com\/?post_type=product&#038;p=241"},"modified":"2023-02-07T15:13:05","modified_gmt":"2023-02-07T07:13:05","slug":"machine-automatique-de-detartrage-du-poisson","status":"publish","type":"product","link":"https:\/\/meat-machine.com\/fr\/product\/automatic-fish-descaling-machine\/","title":{"rendered":"Machine de d\u00e9tartrage automatique du poisson"},"content":{"rendered":"<div class=\"kk-star-ratings kksr-auto kksr-align-left kksr-valign-top\"     data-payload='{&quot;align&quot;:&quot;left&quot;,&quot;id&quot;:&quot;241&quot;,&quot;slug&quot;:&quot;default&quot;,&quot;valign&quot;:&quot;top&quot;,&quot;ignore&quot;:&quot;&quot;,&quot;reference&quot;:&quot;auto&quot;,&quot;class&quot;:&quot;&quot;,&quot;count&quot;:&quot;10&quot;,&quot;legendonly&quot;:&quot;&quot;,&quot;readonly&quot;:&quot;&quot;,&quot;score&quot;:&quot;4.5&quot;,&quot;starsonly&quot;:&quot;&quot;,&quot;best&quot;:&quot;5&quot;,&quot;gap&quot;:&quot;5&quot;,&quot;greet&quot;:&quot;Rate this product&quot;,&quot;legend&quot;:&quot;4.5\\\/5 - (10 votes)&quot;,&quot;size&quot;:&quot;24&quot;,&quot;title&quot;:&quot;Automatic Fish Descaling Machine&quot;,&quot;width&quot;:&quot;128&quot;,&quot;_legend&quot;:&quot;{score}\\\/{best} - ({count} {votes})&quot;,&quot;font_factor&quot;:&quot;1.25&quot;}'>              <div class=\"kksr-stars\">      <div class=\"kksr-stars-inactive\">             <div class=\"kksr-star\" data-star=\"1\" style=\"padding-right: 5px\">               <div class=\"kksr-icon\" style=\"width: 24px; height: 24px;\"><\/div>         <\/div>             <div class=\"kksr-star\" data-star=\"2\" style=\"padding-right: 5px\">               <div class=\"kksr-icon\" style=\"width: 24px; height: 24px;\"><\/div>         <\/div>             <div class=\"kksr-star\" data-star=\"3\" style=\"padding-right: 5px\">               <div class=\"kksr-icon\" style=\"width: 24px; height: 24px;\"><\/div>         <\/div>             <div class=\"kksr-star\" data-star=\"4\" style=\"padding-right: 5px\">               <div class=\"kksr-icon\" style=\"width: 24px; height: 24px;\"><\/div>         <\/div>             <div class=\"kksr-star\" data-star=\"5\" style=\"padding-right: 5px\">               <div class=\"kksr-icon\" style=\"width: 24px; height: 24px;\"><\/div>         <\/div>     <\/div>      <div class=\"kksr-stars-active\" style=\"width: 128px;\">             <div class=\"kksr-star\" style=\"padding-right: 5px\">               <div class=\"kksr-icon\" style=\"width: 24px; height: 24px;\"><\/div>         <\/div>             <div class=\"kksr-star\" style=\"padding-right: 5px\">               <div class=\"kksr-icon\" style=\"width: 24px; height: 24px;\"><\/div>         <\/div>             <div class=\"kksr-star\" style=\"padding-right: 5px\">               <div class=\"kksr-icon\" style=\"width: 24px; height: 24px;\"><\/div>         <\/div>             <div class=\"kksr-star\" style=\"padding-right: 5px\">               <div class=\"kksr-icon\" style=\"width: 24px; height: 24px;\"><\/div>         <\/div>             <div class=\"kksr-star\" style=\"padding-right: 5px\">               <div class=\"kksr-icon\" style=\"width: 24px; height: 24px;\"><\/div>         <\/div>     <\/div> <\/div>                   <div class=\"kksr-legend\" style=\"font-size: 19.2px;\">             4,5\/5 - (10 votes)    <\/div>     <\/div>  <p class=\"wp-block-paragraph translation-block\">La machine automatique d'\u00e9caillage de poisson est la machine qui retire automatiquement les \u00e9cailles de poisson. Dans <a href=\"https:\/\/meat-machine.com\/fr\/\">Taizy Meat Machinery Factory<\/a>, nous proposons 4 types diff\u00e9rents de machines d'\u00e9caillage de poisson. Ce sont des machines d'\u00e9caillage de poisson \u00e0 petite \u00e9chelle, des machines d'\u00e9caillage de poisson \u00e0 grande \u00e9chelle, des machines d'\u00e9caillage de poisson \u00e0 forte vente de Taizy, et des enl\u00e8ve-\u00e9cailles de poisson multifonction. Les 4 machines ont des capacit\u00e9s et des fonctions diff\u00e9rentes. Ensuite, nous allons pr\u00e9senter ces quatre machines en d\u00e9tail. <\/p>   <div class=\"wp-block-image\"> <figure class=\"aligncenter size-full\"><img loading=\"lazy\" decoding=\"async\" width=\"720\" height=\"540\" src=\"https:\/\/meat-machine.com\/wp-content\/uploads\/2022\/12\/commercial-fish-scaler-machine.webp\" alt=\"machine commerciale de d\u00e9tartreur de poisson\" class=\"wp-image-242\" title=\"\" srcset=\"https:\/\/meat-machine.com\/wp-content\/uploads\/2022\/12\/commercial-fish-scaler-machine.webp 720w, https:\/\/meat-machine.com\/wp-content\/uploads\/2022\/12\/commercial-fish-scaler-machine-300x225.webp 300w\" sizes=\"auto, (max-width: 720px) 100vw, 720px\" \/><figcaption class=\"wp-element-caption\">machine commerciale de d\u00e9tartreur de poisson<\/figcaption><\/figure> <\/div>   <h2 class=\"wp-block-heading\">Machine de d\u00e9tartrage automatique du poisson \u00e0 petite \u00e9chelle<\/h2>    <p class=\"wp-block-paragraph\">La machine \u00e0 \u00e9cailler le poisson \u00e0 petite \u00e9chelle peut d\u00e9tartrer les petits poissons. De nombreux clients choisissent cette machine pour la vente au d\u00e9tail. La machine utilise l'\u00e9meri \u00e0 l'int\u00e9rieur de la machine pour frotter constamment le poisson afin d'enlever les \u00e9cailles.<\/p>   <div class=\"wp-block-image\"> <figure class=\"aligncenter size-full\"><img loading=\"lazy\" decoding=\"async\" width=\"720\" height=\"540\" src=\"https:\/\/meat-machine.com\/wp-content\/uploads\/2022\/12\/small-scale-fish-scaler-machine.webp\" alt=\"machine \u00e0 \u00e9cailler le poisson \u00e0 petite \u00e9chelle\" class=\"wp-image-243\" title=\"\" srcset=\"https:\/\/meat-machine.com\/wp-content\/uploads\/2022\/12\/small-scale-fish-scaler-machine.webp 720w, https:\/\/meat-machine.com\/wp-content\/uploads\/2022\/12\/small-scale-fish-scaler-machine-300x225.webp 300w\" sizes=\"auto, (max-width: 720px) 100vw, 720px\" \/><figcaption class=\"wp-element-caption\">machine \u00e0 \u00e9cailler le poisson \u00e0 petite \u00e9chelle<\/figcaption><\/figure> <\/div>   <h3 class=\"wp-block-heading\">Param\u00e8tres de la machine<\/h3>    <figure class=\"wp-block-table\"><table><tbody><tr><td>Mod\u00e8le<\/td><td>TZ-J2<\/td><\/tr><tr><td>Capacit\u00e9<\/td><td>lot de 3 \u00e0 8 kg<\/td><\/tr><tr><td>Vitesse de traitement<\/td><td>15 secondes\/lot<\/td><\/tr><tr><td>Pouvoir<\/td><td>1,1 kW<\/td><\/tr><tr><td>Poids<\/td><td>52 kg<\/td><\/tr><tr><td>Dimension<\/td><td>53*53*73cm<\/td><\/tr><\/tbody><\/table><\/figure>    <h3 class=\"wp-block-heading\">Avantages de la machine \u00e0 \u00e9cailler le poisson \u00e0 petite \u00e9chelle<\/h3>    <ol class=\"wp-block-list\"> <li>La carrosserie et l'int\u00e9rieur sont en <a href=\"https:\/\/en.wikipedia.org\/wiki\/Stainless_steel\" target=\"_blank\" rel=\"noopener\">acier inoxydable<\/a>. Il pr\u00e9sente les avantages de durabilit\u00e9 et d\u2019hygi\u00e8ne.<\/li>    <li>Par rapport \u00e0 d'autres types de d\u00e9tartreurs de poisson, cette petite machine de d\u00e9tartrage automatique pr\u00e9sente des avantages en termes de prix.<\/li>    <li>L'effet d'\u00e9limination du phosphore de la machine est bon. Un seau d'\u00e9cailles de poisson peut \u00eatre retir\u00e9 en 15 secondes.<\/li>    <li>Petite surface au sol.<\/li>    <li>Convient aux familles et aux petites \u00e9choppes de poissons.<\/li> <\/ol>   <div class=\"wp-block-image\"> <figure class=\"aligncenter size-full\"><img loading=\"lazy\" decoding=\"async\" width=\"720\" height=\"540\" src=\"https:\/\/meat-machine.com\/wp-content\/uploads\/2022\/12\/small-fish-scaler-machine-for-sale.webp\" alt=\"petite machine \u00e0 \u00e9cailler le poisson \u00e0 vendre\" class=\"wp-image-244\" title=\"\" srcset=\"https:\/\/meat-machine.com\/wp-content\/uploads\/2022\/12\/small-fish-scaler-machine-for-sale.webp 720w, https:\/\/meat-machine.com\/wp-content\/uploads\/2022\/12\/small-fish-scaler-machine-for-sale-300x225.webp 300w\" sizes=\"auto, (max-width: 720px) 100vw, 720px\" \/><figcaption class=\"wp-element-caption\">petite machine \u00e0 \u00e9cailler le poisson \u00e0 vendre<\/figcaption><\/figure> <\/div>   <h2 class=\"wp-block-heading\">Machine d'\u00e9limination des \u00e9cailles de poisson \u00e0 grande \u00e9chelle<\/h2>    <p class=\"wp-block-paragraph\">Les grandes machines commerciales pour \u00e9cailler le poisson enl\u00e8vent les \u00e9cailles de divers types de poissons. La production est comprise entre 700 et 3 000 kg. Il existe de nombreux mod\u00e8les parmi lesquels les clients peuvent choisir. Cette machine de d\u00e9tartrage automatique de poisson \u00e0 grand rendement utilise le principe de friction du rouleau \u00e0 cheveux pour \u00e9liminer les \u00e9cailles de poisson. Le client peut remplacer le rouleau de laine appropri\u00e9 en fonction des diff\u00e9rents poissons. Parall\u00e8lement, nous pouvons \u00e9galement fournir des services personnalis\u00e9s.<\/p>   <div class=\"wp-block-image\"> <figure class=\"aligncenter size-full\"><img loading=\"lazy\" decoding=\"async\" width=\"720\" height=\"540\" src=\"https:\/\/meat-machine.com\/wp-content\/uploads\/2022\/12\/large-fish-descaling-machine.webp\" alt=\"grande machine \u00e0 d\u00e9tartrer le poisson\" class=\"wp-image-245\" title=\"\" srcset=\"https:\/\/meat-machine.com\/wp-content\/uploads\/2022\/12\/large-fish-descaling-machine.webp 720w, https:\/\/meat-machine.com\/wp-content\/uploads\/2022\/12\/large-fish-descaling-machine-300x225.webp 300w\" sizes=\"auto, (max-width: 720px) 100vw, 720px\" \/><figcaption class=\"wp-element-caption\">grande machine \u00e0 d\u00e9tartrer le poisson<\/figcaption><\/figure> <\/div>   <h3 class=\"wp-block-heading\">Param\u00e8tre technique<\/h3>    <figure class=\"wp-block-table\"><table><tbody><tr><td>Mod\u00e8le<\/td><td>Capacit\u00e9<\/td><td>Puissance du moteur<\/td><\/tr><tr><td>TZ-800<\/td><td>700kg\/h<\/td><td>1,1 kW<\/td><\/tr><tr><td>TZ-1000<\/td><td>1000kg\/heure<\/td><td>1,5 kW<\/td><\/tr><tr><td>TZ-1200<\/td><td>1200kg\/heure<\/td><td>1,5 kW<\/td><\/tr><tr><td>TZ-1500<\/td><td>1500kg\/heure<\/td><td>2,2 kW<\/td><\/tr><tr><td>TZ-1800<\/td><td>1800kg\/h<\/td><td>2,2 kW<\/td><\/tr><tr><td>TZ-2000<\/td><td>2000kg\/heure<\/td><td>3kw<\/td><\/tr><tr><td>TZ-2600<\/td><td>3000kg\/heure<\/td><td>4kw<\/td><\/tr><\/tbody><\/table><\/figure>    <h3 class=\"wp-block-heading\">Avantages de la machine commerciale de d\u00e9tartrage de poisson enti\u00e8rement automatique<\/h3>    <ol class=\"wp-block-list\"> <li>Cette machine de d\u00e9tartrage automatique du poisson a une grande capacit\u00e9 de production.<\/li>    <li>Large gamme d'applications. Il convient aux grands supermarch\u00e9s, restaurants et usines de transformation du poisson.<\/li>    <li>Avec diff\u00e9rents mod\u00e8les, les clients peuvent choisir leur propre machine d'\u00e9limination des \u00e9cailles de poisson \u00e0 grande \u00e9chelle en fonction de leurs besoins.<\/li>    <li>Le m\u00e9canisme de la brosse ne nuit pas au corps du poisson et le corps du poisson trait\u00e9 est complet.<\/li>    <li>La balanceuse \u00e0 poisson commerciale est \u00e9quip\u00e9e d'un dispositif de protection pour \u00e9viter la surchauffe ou les fuites \u00e9lectriques du moteur.<\/li> <\/ol>   <div class=\"wp-block-image\"> <figure class=\"aligncenter size-full\"><img loading=\"lazy\" decoding=\"async\" width=\"750\" height=\"750\" src=\"https:\/\/meat-machine.com\/wp-content\/uploads\/2022\/12\/large-commercial-fish-scaler-machine.webp\" alt=\"grande machine commerciale de d\u00e9tartreur de poisson\" class=\"wp-image-246\" title=\"\" srcset=\"https:\/\/meat-machine.com\/wp-content\/uploads\/2022\/12\/large-commercial-fish-scaler-machine.webp 750w, https:\/\/meat-machine.com\/wp-content\/uploads\/2022\/12\/large-commercial-fish-scaler-machine-300x300.webp 300w, https:\/\/meat-machine.com\/wp-content\/uploads\/2022\/12\/large-commercial-fish-scaler-machine-150x150.webp 150w\" sizes=\"auto, (max-width: 750px) 100vw, 750px\" \/><figcaption class=\"wp-element-caption\">grande machine commerciale de d\u00e9tartreur de poisson<\/figcaption><\/figure> <\/div>   <h2 class=\"wp-block-heading\">Taizy \u2013 machine de d\u00e9tartrage automatique, offre sp\u00e9ciale<\/h2>    <p class=\"wp-block-paragraph\">Le principe de fonctionnement de la machine \u00e0 d\u00e9tartrer le poisson en vente chaude Taizy est similaire \u00e0 celui de la grande. Les \u00e9cailles de poisson sont \u00e9limin\u00e9es par la brosse en rotation continue \u00e0 l'int\u00e9rieur de la machine. La diff\u00e9rence est que cette machine de d\u00e9tartrage automatique du poisson n\u00e9cessite une injection d'eau continue pendant le processus de travail. La fonction de l\u2019injection d\u2019eau est d\u2019\u00e9liminer les \u00e9cailles de poisson gratt\u00e9es. Apr\u00e8s le travail, le poisson propre sera d\u00e9charg\u00e9 de la sortie.<\/p>   <div class=\"wp-block-image\"> <figure class=\"aligncenter size-full\"><img loading=\"lazy\" decoding=\"async\" width=\"720\" height=\"540\" src=\"https:\/\/meat-machine.com\/wp-content\/uploads\/2022\/12\/automatic-fish-descaling-machine.webp\" alt=\"machine automatique de d\u00e9tartrage du poisson\" class=\"wp-image-247\" title=\"\" srcset=\"https:\/\/meat-machine.com\/wp-content\/uploads\/2022\/12\/automatic-fish-descaling-machine.webp 720w, https:\/\/meat-machine.com\/wp-content\/uploads\/2022\/12\/automatic-fish-descaling-machine-300x225.webp 300w\" sizes=\"auto, (max-width: 720px) 100vw, 720px\" \/><figcaption class=\"wp-element-caption\">machine automatique de d\u00e9tartrage du poisson<\/figcaption><\/figure> <\/div>   <h3 class=\"wp-block-heading\">Tableau des param\u00e8tres<\/h3>    <figure class=\"wp-block-table\"><table><tbody><tr><td>Mod\u00e8le<\/td><td>HA-500<\/td><td>HA-700<\/td><td>HA-1000<\/td><\/tr><tr><td>Tension nominale<\/td><td>220V\/380<\/td><td>220V\/380<\/td><td>220V\/380<\/td><\/tr><tr><td>Pouvoir<\/td><td>2,2 kW<\/td><td>2,2 kW<\/td><td>2,2 kW<\/td><\/tr><tr><td>Dimension externe (mm)<\/td><td>1050*550*700<\/td><td>1250*550*700mm<\/td><td>1250*650*700mm<\/td><\/tr><tr><td>Capacit\u00e9 (kg)<\/td><td>15kg\/lot<\/td><td>25kg\/lot<\/td><td>40kg\/lot<\/td><\/tr><tr><td>Poids (kg)<\/td><td>120<\/td><td>160<\/td><td>210 kg<\/td><\/tr><\/tbody><\/table><\/figure>    <h3 class=\"wp-block-heading\">Avantages de la machine<\/h3>    <ol class=\"wp-block-list\"> <li>Chaque lot de poisson peut \u00eatre transform\u00e9 en 35 secondes environ.<\/li>    <li>Cette machine automatique \u00e0 \u00e9cailles de poisson peut nettoyer les \u00e9cailles de poisson tout en \u00e9liminant les \u00e9cailles.<\/li>    <li>Il est en acier inoxydable.<\/li>    <li>Les clients peuvent r\u00e9gler le temps de d\u00e9tartrage en fonction des diff\u00e9rents types de poissons.<\/li> <\/ol>    <h2 class=\"wp-block-heading\">Machine de d\u00e9tartrage de poisson multifonctionnelle<\/h2>    <p class=\"wp-block-paragraph\">La machine de d\u00e9tartrage multifonctionnelle du poisson est une machine de d\u00e9tartrage multifonctionnelle enti\u00e8rement automatique qui peut \u00e0 la fois d\u00e9tartrer et \u00e9liminer les visc\u00e8res du poisson. Par rapport aux autres d\u00e9tartrages automatiques, cette machine ne peut traiter qu'un seul poisson \u00e0 la fois.<\/p>   <div class=\"wp-block-image\"> <figure class=\"aligncenter size-full\"><img loading=\"lazy\" decoding=\"async\" width=\"720\" height=\"540\" src=\"https:\/\/meat-machine.com\/wp-content\/uploads\/2022\/12\/taizy-descaling-fish-machine.webp\" alt=\"Machine \u00e0 d\u00e9tartrer le poisson Taizy\" class=\"wp-image-248\" title=\"\" srcset=\"https:\/\/meat-machine.com\/wp-content\/uploads\/2022\/12\/taizy-descaling-fish-machine.webp 720w, https:\/\/meat-machine.com\/wp-content\/uploads\/2022\/12\/taizy-descaling-fish-machine-300x225.webp 300w\" sizes=\"auto, (max-width: 720px) 100vw, 720px\" \/><figcaption class=\"wp-element-caption\">Machine \u00e0 d\u00e9tartrer le poisson Taizy<\/figcaption><\/figure> <\/div>   <h3 class=\"wp-block-heading\">Param\u00e8tre de la machine<\/h3>    <figure class=\"wp-block-table\"><table><tbody><tr><td>Nom<\/td><td>Capacit\u00e9<\/td><td>Poids<\/td><td>Taille<\/td><\/tr><tr><td>Machine \u00e0 \u00e9cailler le poisson multifonctionnelle<\/td><td>400-500 kg\/heure<\/td><td>140 kg<\/td><td>1000*500*700mm<\/td><\/tr><\/tbody><\/table><\/figure>    <h3 class=\"wp-block-heading\">Avantages de la machine<\/h3>    <ol class=\"wp-block-list\"> <li>Multifonction. Cette machine de d\u00e9tartrage multifonctionnelle peut non seulement d\u00e9tartrer, mais \u00e9galement ouvrir l'abdomen, enlever les visc\u00e8res et nettoyer.<\/li>    <li>Bon effet de traitement. Les machines ne font pas de mal aux poissons.<\/li>    <li>Le mat\u00e9riau en acier inoxydable r\u00e9pond \u00e0 la norme d'hygi\u00e8ne alimentaire.<\/li>    <li>Le syst\u00e8me de contr\u00f4le intelligent pr\u00e9sente l\u2019avantage d\u2019\u00eatre simple \u00e0 utiliser.<\/li> <\/ol>   <div class=\"wp-block-image\"> <figure class=\"aligncenter size-full\"><img loading=\"lazy\" decoding=\"async\" width=\"720\" height=\"540\" src=\"https:\/\/meat-machine.com\/wp-content\/uploads\/2022\/12\/descaling-fish-machine.webp\" alt=\"machine \u00e0 d\u00e9tartrer le poisson\" class=\"wp-image-249\" title=\"\" srcset=\"https:\/\/meat-machine.com\/wp-content\/uploads\/2022\/12\/descaling-fish-machine.webp 720w, https:\/\/meat-machine.com\/wp-content\/uploads\/2022\/12\/descaling-fish-machine-300x225.webp 300w\" sizes=\"auto, (max-width: 720px) 100vw, 720px\" \/><figcaption class=\"wp-element-caption\">machine \u00e0 d\u00e9tartrer le poisson<\/figcaption><\/figure> <\/div>   <h2 class=\"wp-block-heading\">Machine \u00e0 \u00e9cailler le poisson \u00e0 vendre<\/h2>    <p class=\"wp-block-paragraph\">Dans Taizy Meat Machinery Factory, nous avons 4 machines de d\u00e9tartrage automatique du poisson \u00e0 vendre. Chaque machine pr\u00e9sente des avantages, des rendements et des m\u00e9thodes de travail diff\u00e9rents. Nous fournissons des grands d\u00e9tartrants commerciaux et des petits d\u00e9tartrants. Si vous avez besoin d'une machine de d\u00e9tartrage automatique, n'h\u00e9sitez pas \u00e0 nous contacter.<\/p>    <h2 class=\"wp-block-heading\">Vid\u00e9o de la machine \u00e0 enlever les \u00e9cailles de poisson<\/h2>    <figure class=\"wp-block-embed is-type-video is-provider-youtube wp-block-embed-youtube wp-embed-aspect-16-9 wp-has-aspect-ratio\"><div class=\"wp-block-embed__wrapper\"> <iframe loading=\"lazy\" title=\"Comment d\u00e9tartrer rapidement un poisson ? | Machine d&#039;\u00e9limination des \u00e9cailles de poisson\" width=\"500\" height=\"281\" src=\"https:\/\/www.youtube.com\/embed\/3vg3LTY5RzA?feature=oembed\" frameborder=\"0\" allow=\"accelerometer; autoplay; clipboard-write; encrypted-media; gyroscope; picture-in-picture; web-share\" referrerpolicy=\"strict-origin-when-cross-origin\" allowfullscreen><\/iframe> <\/div><\/figure>    <h2 class=\"wp-block-heading\">5 raisons pour lesquelles les clients nous choisissent<\/h2>    <ol class=\"wp-block-list\"> <li>Diff\u00e9rents types de machines de d\u00e9tartrage automatiques sont disponibles parmi lesquels les clients peuvent choisir. Nous avons toujours des machines qui r\u00e9pondent aux besoins des clients. De plus, nous avons \u00e9galement un <a href=\"https:\/\/meat-machine.com\/fr\/produit\/machine-a-trancher-le-poisson\/\">machine \u00e0 filet de poisson<\/a> et un <a href=\"https:\/\/meat-machine.com\/fr\/produit\/machine-a-desosser-le-poisson\/\">machine \u00e0 d\u00e9sosser le poisson<\/a>.<\/li>    <li>La machine est de haute qualit\u00e9. Plus de 10 ans d'exp\u00e9rience dans la production de machines \u00e0 viande nous permettent de fabriquer des machines de haute qualit\u00e9 et abordables.<\/li> <\/ol>    <ol class=\"wp-block-list\" start=\"3\"> <li>Riche exp\u00e9rience d'exportation. Aujourd'hui, nos machines ont \u00e9t\u00e9 export\u00e9es dans plus de 20 pays et r\u00e9gions du monde.<\/li>    <li>Service aux patients. Des vendeurs enti\u00e8rement form\u00e9s peuvent r\u00e9soudre les probl\u00e8mes des clients avant et apr\u00e8s la vente.<\/li>    <li>Livraison rapide. L'usine source pr\u00e9sente les caract\u00e9ristiques d'une livraison rapide.<\/li> <\/ol>","protected":false},"excerpt":{"rendered":"<p>Automatic fish descaling machine is the machine that automatically removes fish scales. In Taizy Meat Machinery Factory, we provide 4 different types of fish descaling machines. They are small scale fish scaler machines, large scale fish scaler machines, Taizy hot sale descaling fish machines, and multi-function fish scale removers. The 4 machines have different capacities [&hellip;]<\/p>\n","protected":false},"author":1,"featured_media":242,"parent":0,"template":"","tags":[11],"product-type":[25],"class_list":["post-241","product","type-product","status-publish","has-post-thumbnail","hentry","tag-fish-descaling-machine","product-type-fish-processing-machine"],"_links":{"self":[{"href":"https:\/\/meat-machine.com\/fr\/wp-json\/wp\/v2\/product\/241","targetHints":{"allow":["GET"]}}],"collection":[{"href":"https:\/\/meat-machine.com\/fr\/wp-json\/wp\/v2\/product"}],"about":[{"href":"https:\/\/meat-machine.com\/fr\/wp-json\/wp\/v2\/types\/product"}],"author":[{"embeddable":true,"href":"https:\/\/meat-machine.com\/fr\/wp-json\/wp\/v2\/users\/1"}],"wp:featuredmedia":[{"embeddable":true,"href":"https:\/\/meat-machine.com\/fr\/wp-json\/wp\/v2\/media\/242"}],"wp:attachment":[{"href":"https:\/\/meat-machine.com\/fr\/wp-json\/wp\/v2\/media?parent=241"}],"wp:term":[{"taxonomy":"post_tag","embeddable":true,"href":"https:\/\/meat-machine.com\/fr\/wp-json\/wp\/v2\/tags?post=241"},{"taxonomy":"product-type","embeddable":true,"href":"https:\/\/meat-machine.com\/fr\/wp-json\/wp\/v2\/product-type?post=241"}],"curies":[{"name":"wp","href":"https:\/\/api.w.org\/{rel}","templated":true}]}}