{"id":226,"date":"2022-12-01T16:44:31","date_gmt":"2022-12-01T08:44:31","guid":{"rendered":"https:\/\/meat-machine.com\/?post_type=product&#038;p=226"},"modified":"2026-04-02T16:51:56","modified_gmt":"2026-04-02T08:51:56","slug":"machine-a-shish-kebab-automatique","status":"publish","type":"product","link":"https:\/\/meat-machine.com\/fr\/product\/automatic-shish-kebab-machine\/","title":{"rendered":"Machine automatique \u00e0 shish kebab | Machine \u00e0 kebab de viande \u00e9lectrique"},"content":{"rendered":"<div class=\"kk-star-ratings kksr-auto kksr-align-left kksr-valign-top\"     data-payload='{&quot;align&quot;:&quot;left&quot;,&quot;id&quot;:&quot;226&quot;,&quot;slug&quot;:&quot;default&quot;,&quot;valign&quot;:&quot;top&quot;,&quot;ignore&quot;:&quot;&quot;,&quot;reference&quot;:&quot;auto&quot;,&quot;class&quot;:&quot;&quot;,&quot;count&quot;:&quot;9&quot;,&quot;legendonly&quot;:&quot;&quot;,&quot;readonly&quot;:&quot;&quot;,&quot;score&quot;:&quot;4.6&quot;,&quot;starsonly&quot;:&quot;&quot;,&quot;best&quot;:&quot;5&quot;,&quot;gap&quot;:&quot;5&quot;,&quot;greet&quot;:&quot;Rate this product&quot;,&quot;legend&quot;:&quot;4.6\\\/5 - (9 votes)&quot;,&quot;size&quot;:&quot;24&quot;,&quot;title&quot;:&quot;Automatic Shish Kebab Machine | Electric Meat Kebab Maker&quot;,&quot;width&quot;:&quot;130.9&quot;,&quot;_legend&quot;:&quot;{score}\\\/{best} - ({count} {votes})&quot;,&quot;font_factor&quot;:&quot;1.25&quot;}'>              <div class=\"kksr-stars\">      <div class=\"kksr-stars-inactive\">             <div class=\"kksr-star\" data-star=\"1\" style=\"padding-right: 5px\">               <div class=\"kksr-icon\" style=\"width: 24px; height: 24px;\"><\/div>         <\/div>             <div class=\"kksr-star\" data-star=\"2\" style=\"padding-right: 5px\">               <div class=\"kksr-icon\" style=\"width: 24px; height: 24px;\"><\/div>         <\/div>             <div class=\"kksr-star\" data-star=\"3\" style=\"padding-right: 5px\">               <div class=\"kksr-icon\" style=\"width: 24px; height: 24px;\"><\/div>         <\/div>             <div class=\"kksr-star\" data-star=\"4\" style=\"padding-right: 5px\">               <div class=\"kksr-icon\" style=\"width: 24px; height: 24px;\"><\/div>         <\/div>             <div class=\"kksr-star\" data-star=\"5\" style=\"padding-right: 5px\">               <div class=\"kksr-icon\" style=\"width: 24px; height: 24px;\"><\/div>         <\/div>     <\/div>      <div class=\"kksr-stars-active\" style=\"width: 130.9px;\">             <div class=\"kksr-star\" style=\"padding-right: 5px\">               <div class=\"kksr-icon\" style=\"width: 24px; height: 24px;\"><\/div>         <\/div>             <div class=\"kksr-star\" style=\"padding-right: 5px\">               <div class=\"kksr-icon\" style=\"width: 24px; height: 24px;\"><\/div>         <\/div>             <div class=\"kksr-star\" style=\"padding-right: 5px\">               <div class=\"kksr-icon\" style=\"width: 24px; height: 24px;\"><\/div>         <\/div>             <div class=\"kksr-star\" style=\"padding-right: 5px\">               <div class=\"kksr-icon\" style=\"width: 24px; height: 24px;\"><\/div>         <\/div>             <div class=\"kksr-star\" style=\"padding-right: 5px\">               <div class=\"kksr-icon\" style=\"width: 24px; height: 24px;\"><\/div>         <\/div>     <\/div> <\/div>                   <div class=\"kksr-legend\" style=\"font-size: 19.2px;\">             4,6\/5 - (9 votes)    <\/div>     <\/div>  <p class=\"wp-block-paragraph translation-block\">La <strong>machine automatique \u00e0 kebabs<\/strong> peut automatiser la brochettage de la viande et d\u2019autres ingr\u00e9dients. Elle garantit une taille, un poids et une apparence uniformes pour chaque kebab. Avec une <strong>capacit\u00e9 de 1800\u20133500 brochettes par heure<\/strong> et une <strong>efficacit\u00e9 de 1,5 \u00e0 2,0 secondes par brochette<\/strong>, la machine augmente consid\u00e9rablement la vitesse de production tout en r\u00e9duisant les co\u00fbts de main-d'\u0153uvre. <\/p>    <p class=\"wp-block-paragraph\">Cette machine convient \u00e0 une large gamme de mati\u00e8res premi\u00e8res, y compris poulet, b\u0153uf, agneau, fruits de mer et l\u00e9gumes m\u00e9lang\u00e9s. Elle est largement utilis\u00e9e pour produire des kebabs, brochettes BBQ et satay avec une qualit\u00e9 uniforme et une apparence professionnelle. <\/p>    <p class=\"wp-block-paragraph\">En am\u00e9liorant la pr\u00e9cision et l\u2019efficacit\u00e9 du brochettage, la machine aide les entreprises \u00e0 maintenir des standards de produit constants, ce qui en fait un choix id\u00e9al pour les restaurants, services de restauration, usines de produits surgel\u00e9s et cuisines centrales souhaitant augmenter leur production.<\/p>    <figure class=\"wp-block-embed is-type-video is-provider-youtube wp-block-embed-youtube wp-embed-aspect-9-16 wp-has-aspect-ratio\"><div class=\"wp-block-embed__wrapper\"> <iframe loading=\"lazy\" title=\"Meat Skewer Machine Working Process | Fast &amp; Uniform Skewering #meat #food #skewers\" width=\"422\" height=\"750\" src=\"https:\/\/www.youtube.com\/embed\/j-KMBSLvi-k?feature=oembed\" frameborder=\"0\" allow=\"accelerometer; autoplay; clipboard-write; encrypted-media; gyroscope; picture-in-picture; web-share\" referrerpolicy=\"strict-origin-when-cross-origin\" allowfullscreen><\/iframe> <\/div><figcaption class=\"wp-element-caption\">Vid\u00e9o de fonctionnement de la machine automatique \u00e0 shish kebab<\/figcaption><\/figure>    <h2 class=\"wp-block-heading\">Quelle est la structure de la machine automatique \u00e0 shish kebab\u00a0?<\/h2>    <div class=\"wp-block-media-text is-stacked-on-mobile\"><figure class=\"wp-block-media-text__media\"><img loading=\"lazy\" decoding=\"async\" width=\"720\" height=\"540\" src=\"https:\/\/meat-machine.com\/wp-content\/uploads\/2022\/12\/machine-structure.webp\" alt=\"structure de la machine\" class=\"wp-image-231 size-full\" title=\"\" srcset=\"https:\/\/meat-machine.com\/wp-content\/uploads\/2022\/12\/machine-structure.webp 720w, https:\/\/meat-machine.com\/wp-content\/uploads\/2022\/12\/machine-structure-300x225.webp 300w\" sizes=\"auto, (max-width: 720px) 100vw, 720px\" \/><\/figure><div class=\"wp-block-media-text__content\"> <ul class=\"wp-block-list\"> <li>Indicateur d'alimentation \u00e9lectrique : affiche l\u2019\u00e9tat de fonctionnement de la machine pour une utilisation s\u00fbre et pratique.<\/li>    <li>Convoyeur : transporte les mati\u00e8res premi\u00e8res en douceur pour assurer une production continue. <\/li>    <li>Moule : fa\u00e7onne et positionne la viande de mani\u00e8re uniforme pour une brochettage pr\u00e9cis. <\/li>    <li>Capteur de d\u00e9tection de la brochette : d\u00e9tecte la position de la brochette pour assurer une insertion pr\u00e9cise et coh\u00e9rente. <\/li>    <li>Dispositif de brochette : ins\u00e8re automatiquement les brochettes dans la viande avec une grande pr\u00e9cision. <\/li> <\/ul> <\/div><\/div>    <div class=\"wp-block-media-text has-media-on-the-right is-stacked-on-mobile\"><div class=\"wp-block-media-text__content\"> <ul class=\"wp-block-list\"> <li>Dispositif anti-double brochette : emp\u00eache l\u2019alimentation simultan\u00e9e de plusieurs brochettes, am\u00e9liorant l\u2019efficacit\u00e9. <\/li>    <li>Seau \u00e0 brochettes : stocke et fournit des brochettes pour un fonctionnement ininterrompu. <\/li>    <li>S\u00e9parateur huile-eau : maintient la machine propre et respecte les normes d\u2019hygi\u00e8ne alimentaire. <\/li>    <li>Moteur de la bande transporteuse : fournit une puissance stable pour un transport fluide et efficace. <\/li>    <li>Bo\u00eetier arri\u00e8re : prot\u00e8ge les composants internes et assure un fonctionnement s\u00fbr de la machine.<\/li> <\/ul> <\/div><figure class=\"wp-block-media-text__media\"><img loading=\"lazy\" decoding=\"async\" width=\"720\" height=\"540\" src=\"https:\/\/meat-machine.com\/wp-content\/uploads\/2022\/12\/automatic-shish-kebab-machine-1.webp\" alt=\"machine \u00e0 shish kebab automatique\" class=\"wp-image-714 size-full\" title=\"\" srcset=\"https:\/\/meat-machine.com\/wp-content\/uploads\/2022\/12\/automatic-shish-kebab-machine-1.webp 720w, https:\/\/meat-machine.com\/wp-content\/uploads\/2022\/12\/automatic-shish-kebab-machine-1-300x225.webp 300w, https:\/\/meat-machine.com\/wp-content\/uploads\/2022\/12\/automatic-shish-kebab-machine-1-16x12.webp 16w\" sizes=\"auto, (max-width: 720px) 100vw, 720px\" \/><\/figure><\/div>    <h2 class=\"wp-block-heading\">Machine \u00e0 shish kebab \u00e0 vendre<\/h2>    <figure class=\"wp-block-table\"><table class=\"has-fixed-layout\"><thead><tr><th>Param\u00e8tre<\/th><th>Sp\u00e9cification<\/th><\/tr><\/thead><tbody><tr><td>Tension<\/td><td>415V \/ 50Hz, Triphas\u00e9<\/td><\/tr><tr><td>Capacit\u00e9 du mod\u00e8le<\/td><td>1800\u20133500 brochettes par heure<\/td><\/tr><tr><td>Longueur de la brochette en bambou<\/td><td>250 mm<\/td><\/tr><tr><td>Diam\u00e8tre de la brochette en bambou<\/td><td>5 mm<\/td><\/tr><tr><td>Longueur de la viande<\/td><td>210 mm<\/td><\/tr><tr><td>Poids par brochette<\/td><td>120 g<\/td><\/tr><tr><td>Exposition de l'extr\u00e9mit\u00e9 de la brochette<\/td><td>5 mm<\/td><\/tr><tr><td>Mat\u00e9riel<\/td><td>Acier inoxydable 304 (corps de la machine, roulements, cha\u00eenes, etc.)<\/td><\/tr><tr><td>Dimension de la machine<\/td><td>2000 \u00d7 2000 \u00d7 1100 mm<\/td><\/tr><tr><td>Poids<\/td><td>160 kg<\/td><\/tr><\/tbody><\/table><figcaption class=\"wp-element-caption\">param\u00e8tres de la machine \u00e0 brochettes BBQ<\/figcaption><\/figure>    <h2 class=\"wp-block-heading\">Principe de fonctionnement de la machine automatique \u00e0 shish kebab<\/h2>    <p class=\"wp-block-paragraph translation-block\">La <strong>Machine \u00e0 Shish Kebab Automatique<\/strong> fonctionne en utilisant une combinaison de principes pneumatiques et \u00e9lectriques pour enfiler de l'agneau :<\/p>    <ol class=\"wp-block-list\"> <li>Placer la viande dans le moule.<\/li>    <li>D\u00e9marrez la machine et la bande transporteuse pousse le moule vers l'avant.<\/li>    <li>Un capteur \u00e0 l'int\u00e9rieur de la machine d\u00e9tecte le mouvement et envoie une commande.<\/li>    <li>La pompe \u00e0 air s'active, entra\u00eenant le dispositif \u00e0 embrocher la viande.<\/li>    <li>Avant d'utiliser la machine, coupez la viande en morceaux avec un <a href=\"https:\/\/meat-machine.com\/fr\/produit\/machine-a-decouper-la-viande\/\" data-type=\"link\" data-id=\"https:\/\/meat-machine.com\/product\/meat-dicing-machine\/\">coupe-viande<\/a> pour des r\u00e9sultats optimaux.<\/li> <\/ol>    <figure class=\"wp-block-gallery aligncenter has-nested-images columns-default is-cropped wp-block-gallery-2 is-layout-flex wp-block-gallery-is-layout-flex\"> <figure class=\"wp-block-image size-full\"><img loading=\"lazy\" decoding=\"async\" width=\"720\" height=\"540\" data-id=\"232\" src=\"https:\/\/meat-machine.com\/wp-content\/uploads\/2022\/12\/meat-skewer-machine.webp\" alt=\"machine \u00e0 brochettes de viande\" class=\"wp-image-232\" title=\"\" srcset=\"https:\/\/meat-machine.com\/wp-content\/uploads\/2022\/12\/meat-skewer-machine.webp 720w, https:\/\/meat-machine.com\/wp-content\/uploads\/2022\/12\/meat-skewer-machine-300x225.webp 300w\" sizes=\"auto, (max-width: 720px) 100vw, 720px\" \/><figcaption class=\"wp-element-caption\">Machine \u00e0 brochettes de viande<\/figcaption><\/figure>    <figure class=\"wp-block-image size-full\"><img loading=\"lazy\" decoding=\"async\" width=\"720\" height=\"540\" data-id=\"713\" src=\"https:\/\/meat-machine.com\/wp-content\/uploads\/2022\/12\/bbq-meat-kebab-machine.webp\" alt=\"Machine \u00e0 kebab de viande pour barbecue\" class=\"wp-image-713\" title=\"\" srcset=\"https:\/\/meat-machine.com\/wp-content\/uploads\/2022\/12\/bbq-meat-kebab-machine.webp 720w, https:\/\/meat-machine.com\/wp-content\/uploads\/2022\/12\/bbq-meat-kebab-machine-300x225.webp 300w, https:\/\/meat-machine.com\/wp-content\/uploads\/2022\/12\/bbq-meat-kebab-machine-16x12.webp 16w\" sizes=\"auto, (max-width: 720px) 100vw, 720px\" \/><figcaption class=\"wp-element-caption\">Machine \u00e0 kebab de viande pour barbecue<\/figcaption><\/figure> <\/figure>    <h2 class=\"wp-block-heading\">Avantages de la machine \u00e0 brochettes BBQ<\/h2>    <p class=\"wp-block-paragraph translation-block\">Le <strong>Fabricant \u00c9lectrique de Shish Kebab<\/strong> offre un fonctionnement pr\u00e9cis et efficace, ce qui en fait un outil fiable pour diverses applications :<\/p>    <div class=\"wp-block-media-text is-stacked-on-mobile\"><figure class=\"wp-block-media-text__media\"><img loading=\"lazy\" decoding=\"async\" width=\"720\" height=\"540\" src=\"https:\/\/meat-machine.com\/wp-content\/uploads\/2022\/12\/shish-kebab-machine-for-sale.webp\" alt=\"machine \u00e0 shish kebab \u00e0 vendre\" class=\"wp-image-233 size-full\" title=\"\" srcset=\"https:\/\/meat-machine.com\/wp-content\/uploads\/2022\/12\/shish-kebab-machine-for-sale.webp 720w, https:\/\/meat-machine.com\/wp-content\/uploads\/2022\/12\/shish-kebab-machine-for-sale-300x225.webp 300w\" sizes=\"auto, (max-width: 720px) 100vw, 720px\" \/><\/figure><div class=\"wp-block-media-text__content\"> <ul class=\"wp-block-list\"> <li>Dispositif anti-double brochette. Emp\u00eache la double p\u00e9n\u00e9tration, garantissant un embrochage fluide et efficace.<\/li>    <li>Applications polyvalentes. Capable d'embrocher de l'agneau, d'autres viandes, de la courge sucr\u00e9e et une vari\u00e9t\u00e9 d'autres ingr\u00e9dients.<\/li>    <li>Mat\u00e9riaux haut de gamme. Construit en acier inoxydable de haute qualit\u00e9, avec des moules de qualit\u00e9 alimentaire <a href=\"https:\/\/en.wikipedia.org\/wiki\/PE\" data-type=\"link\" data-id=\"https:\/\/en.wikipedia.org\/wiki\/PE\" target=\"_blank\" rel=\"noopener\">PE<\/a> Mat\u00e9riau garantissant s\u00e9curit\u00e9 et hygi\u00e8ne.<\/li>    <li>Haute efficacit\u00e9. Produit pr\u00e8s de 3500 brochettes par heure, d\u00e9passant de plus de 10 fois la vitesse du brochettage manuel.<\/li> <\/ul> <\/div><\/div>    <h2 class=\"wp-block-heading\">Champ d'application de la machine automatique \u00e0 shish kebab<\/h2>    <p class=\"wp-block-paragraph\">La machine \u00e0 shish kebab automatique offre un large champ d'application, ce qui la rend adapt\u00e9e \u00e0 la production de divers produits \u00e0 brochettes. <\/p>    <p class=\"wp-block-paragraph\">Il s'agit notamment des brochettes de poulet, des brochettes de c\u00f4tes de viande, des brochettes de c\u0153ur de poulet, des brochettes de g\u00e9sier de poulet, des brochettes \u00e9pic\u00e9es, des brochettes de l\u00e9gumes, des brochettes de b\u0153uf, des brochettes de calamars, des brochettes d'algues, des brochettes de pain grill\u00e9, des brochettes d'aub\u00e9pine, des brochettes d'igname et des brochettes de fruits. <\/p>    <p class=\"wp-block-paragraph\">Sa polyvalence lui permet de r\u00e9pondre \u00e0 divers besoins culinaires, allant des viandes et fruits de mer aux l\u00e9gumes et desserts.<\/p>    <figure class=\"wp-block-gallery aligncenter has-nested-images columns-default is-cropped wp-block-gallery-3 is-layout-flex wp-block-gallery-is-layout-flex\"> <figure class=\"wp-block-image size-full\"><img loading=\"lazy\" decoding=\"async\" width=\"720\" height=\"540\" data-id=\"230\" src=\"https:\/\/meat-machine.com\/wp-content\/uploads\/2022\/12\/automatic-shish-kebab-machine.webp\" alt=\"machine \u00e0 shish kebab automatique\" class=\"wp-image-230\" title=\"\" srcset=\"https:\/\/meat-machine.com\/wp-content\/uploads\/2022\/12\/automatic-shish-kebab-machine.webp 720w, https:\/\/meat-machine.com\/wp-content\/uploads\/2022\/12\/automatic-shish-kebab-machine-300x225.webp 300w\" sizes=\"auto, (max-width: 720px) 100vw, 720px\" \/><figcaption class=\"wp-element-caption\">Machine automatique de shish kebab<\/figcaption><\/figure>    <figure class=\"wp-block-image size-full\"><img loading=\"lazy\" decoding=\"async\" width=\"720\" height=\"540\" data-id=\"229\" src=\"https:\/\/meat-machine.com\/wp-content\/uploads\/2022\/12\/Application-scope-of-the-shish-kebab-making-machine.webp\" alt=\"Champ d&#039;application de la machine de fabrication de shish kebab\" class=\"wp-image-229\" title=\"\" srcset=\"https:\/\/meat-machine.com\/wp-content\/uploads\/2022\/12\/Application-scope-of-the-shish-kebab-making-machine.webp 720w, https:\/\/meat-machine.com\/wp-content\/uploads\/2022\/12\/Application-scope-of-the-shish-kebab-making-machine-300x225.webp 300w\" sizes=\"auto, (max-width: 720px) 100vw, 720px\" \/><figcaption class=\"wp-element-caption\">Champ d\u2019application de la machine \u00e0 kebabs<\/figcaption><\/figure> <\/figure>    <h2 class=\"wp-block-heading\">Comment choisir un fabricant de machine \u00e0 brochettes de viande digne de confiance ?<\/h2>    <p class=\"wp-block-paragraph translation-block\">Chez <strong>Taizy Machinery<\/strong>, nous sommes fiers d'\u00eatre un fabricant fiable et digne de confiance de machines de haute qualit\u00e9. Voici pourquoi vous pouvez compter sur nous :<\/p>    <div class=\"wp-block-media-text is-stacked-on-mobile\"><figure class=\"wp-block-media-text__media\"><img loading=\"lazy\" decoding=\"async\" width=\"720\" height=\"540\" src=\"https:\/\/meat-machine.com\/wp-content\/uploads\/2022\/12\/meat-kebab-machine.webp\" alt=\"machine \u00e0 kebab de viande\" class=\"wp-image-711 size-full\" title=\"\" srcset=\"https:\/\/meat-machine.com\/wp-content\/uploads\/2022\/12\/meat-kebab-machine.webp 720w, https:\/\/meat-machine.com\/wp-content\/uploads\/2022\/12\/meat-kebab-machine-300x225.webp 300w, https:\/\/meat-machine.com\/wp-content\/uploads\/2022\/12\/meat-kebab-machine-16x12.webp 16w\" sizes=\"auto, (max-width: 720px) 100vw, 720px\" \/><\/figure><div class=\"wp-block-media-text__content\"> <ul class=\"wp-block-list\"> <li><strong>Qualifications de l\u2019entreprise :<\/strong> Taizy Machinery d\u00e9tient la certification CE, garantissant des normes de haute qualit\u00e9 et de s\u00e9curit\u00e9. <\/li>    <li><strong>Qualit\u00e9 de la machine :<\/strong> Nous fournissons des photos et vid\u00e9os d\u00e9taill\u00e9es pour garantir transparence et qualit\u00e9 de fabrication fiable. <\/li>    <li><strong>Service apr\u00e8s-vente :<\/strong> Support complet comprenant garantie et assistance technique pour un fonctionnement sans probl\u00e8me. <\/li>    <li><strong>Exp\u00e9rience d\u2019exportation :<\/strong> Exp\u00e9rience d\u2019exportation mondiale riche avec des solutions logistiques professionnelles et une livraison ponctuelle.<\/li> <\/ul> <\/div><\/div>    <p class=\"wp-block-paragraph translation-block\">Choisissez <strong>Taizy Machinery<\/strong> pour des solutions fiables et un service in\u00e9gal\u00e9. Laissez-nous vous aider \u00e0 atteindre vos objectifs commerciaux avec confiance !<\/p>    <h2 class=\"wp-block-heading\">Conclusion<\/h2>    <p class=\"wp-block-paragraph translation-block\">En r\u00e9sum\u00e9, les fonctionnalit\u00e9s avanc\u00e9es de la <strong>Machine \u00e0 Shish Kebab Automatique<\/strong>, ses mat\u00e9riaux de haute qualit\u00e9 et sa facilit\u00e9 d'utilisation en font un choix id\u00e9al pour les usines de brochettes de viande, les restaurants de barbecue et les entreprises de transformation alimentaire. <\/p>    <p class=\"wp-block-paragraph\">Avec cette machine, vous pouvez am\u00e9liorer consid\u00e9rablement la productivit\u00e9 tout en maintenant les normes de s\u00e9curit\u00e9 et d'hygi\u00e8ne. Contactez-nous d\u00e8s aujourd'hui pour en savoir plus sur les avantages que cette machine innovante peut apporter \u00e0 vos op\u00e9rations\u00a0!<\/p>","protected":false},"excerpt":{"rendered":"<p>La machine automatique \u00e0 kebabs peut automatiser la mise en broche de la viande et d'autres ingr\u00e9dients. <\/p>","protected":false},"author":1,"featured_media":228,"parent":0,"template":"","tags":[12],"product-type":[4],"class_list":["post-226","product","type-product","status-publish","has-post-thumbnail","hentry","tag-shish-kebab-machine","product-type-meat-grinder"],"_links":{"self":[{"href":"https:\/\/meat-machine.com\/fr\/wp-json\/wp\/v2\/product\/226","targetHints":{"allow":["GET"]}}],"collection":[{"href":"https:\/\/meat-machine.com\/fr\/wp-json\/wp\/v2\/product"}],"about":[{"href":"https:\/\/meat-machine.com\/fr\/wp-json\/wp\/v2\/types\/product"}],"author":[{"embeddable":true,"href":"https:\/\/meat-machine.com\/fr\/wp-json\/wp\/v2\/users\/1"}],"wp:featuredmedia":[{"embeddable":true,"href":"https:\/\/meat-machine.com\/fr\/wp-json\/wp\/v2\/media\/228"}],"wp:attachment":[{"href":"https:\/\/meat-machine.com\/fr\/wp-json\/wp\/v2\/media?parent=226"}],"wp:term":[{"taxonomy":"post_tag","embeddable":true,"href":"https:\/\/meat-machine.com\/fr\/wp-json\/wp\/v2\/tags?post=226"},{"taxonomy":"product-type","embeddable":true,"href":"https:\/\/meat-machine.com\/fr\/wp-json\/wp\/v2\/product-type?post=226"}],"curies":[{"name":"wp","href":"https:\/\/api.w.org\/{rel}","templated":true}]}}