{"id":217,"date":"2022-11-25T15:14:54","date_gmt":"2022-11-25T07:14:54","guid":{"rendered":"https:\/\/meat-machine.com\/?post_type=product&#038;p=217"},"modified":"2023-02-07T15:12:59","modified_gmt":"2023-02-07T07:12:59","slug":"machine-a-trancher-le-poisson","status":"publish","type":"product","link":"https:\/\/meat-machine.com\/fr\/product\/fish-slicer-machine\/","title":{"rendered":"Machine \u00e0 trancher le poisson | Machine \u00e0 fileter le poisson"},"content":{"rendered":"<div class=\"kk-star-ratings kksr-auto kksr-align-left kksr-valign-top\"     data-payload='{&quot;align&quot;:&quot;left&quot;,&quot;id&quot;:&quot;217&quot;,&quot;slug&quot;:&quot;default&quot;,&quot;valign&quot;:&quot;top&quot;,&quot;ignore&quot;:&quot;&quot;,&quot;reference&quot;:&quot;auto&quot;,&quot;class&quot;:&quot;&quot;,&quot;count&quot;:&quot;11&quot;,&quot;legendonly&quot;:&quot;&quot;,&quot;readonly&quot;:&quot;&quot;,&quot;score&quot;:&quot;4.7&quot;,&quot;starsonly&quot;:&quot;&quot;,&quot;best&quot;:&quot;5&quot;,&quot;gap&quot;:&quot;5&quot;,&quot;greet&quot;:&quot;Rate this product&quot;,&quot;legend&quot;:&quot;4.7\\\/5 - (11 votes)&quot;,&quot;size&quot;:&quot;24&quot;,&quot;title&quot;:&quot;Fish Slicer Machine | Fish Fillet Machine&quot;,&quot;width&quot;:&quot;133.8&quot;,&quot;_legend&quot;:&quot;{score}\\\/{best} - ({count} {votes})&quot;,&quot;font_factor&quot;:&quot;1.25&quot;}'>              <div class=\"kksr-stars\">      <div class=\"kksr-stars-inactive\">             <div class=\"kksr-star\" data-star=\"1\" style=\"padding-right: 5px\">               <div class=\"kksr-icon\" style=\"width: 24px; height: 24px;\"><\/div>         <\/div>             <div class=\"kksr-star\" data-star=\"2\" style=\"padding-right: 5px\">               <div class=\"kksr-icon\" style=\"width: 24px; height: 24px;\"><\/div>         <\/div>             <div class=\"kksr-star\" data-star=\"3\" style=\"padding-right: 5px\">               <div class=\"kksr-icon\" style=\"width: 24px; height: 24px;\"><\/div>         <\/div>             <div class=\"kksr-star\" data-star=\"4\" style=\"padding-right: 5px\">               <div class=\"kksr-icon\" style=\"width: 24px; height: 24px;\"><\/div>         <\/div>             <div class=\"kksr-star\" data-star=\"5\" style=\"padding-right: 5px\">               <div class=\"kksr-icon\" style=\"width: 24px; height: 24px;\"><\/div>         <\/div>     <\/div>      <div class=\"kksr-stars-active\" style=\"width: 133.8px;\">             <div class=\"kksr-star\" style=\"padding-right: 5px\">               <div class=\"kksr-icon\" style=\"width: 24px; height: 24px;\"><\/div>         <\/div>             <div class=\"kksr-star\" style=\"padding-right: 5px\">               <div class=\"kksr-icon\" style=\"width: 24px; height: 24px;\"><\/div>         <\/div>             <div class=\"kksr-star\" style=\"padding-right: 5px\">               <div class=\"kksr-icon\" style=\"width: 24px; height: 24px;\"><\/div>         <\/div>             <div class=\"kksr-star\" style=\"padding-right: 5px\">               <div class=\"kksr-icon\" style=\"width: 24px; height: 24px;\"><\/div>         <\/div>             <div class=\"kksr-star\" style=\"padding-right: 5px\">               <div class=\"kksr-icon\" style=\"width: 24px; height: 24px;\"><\/div>         <\/div>     <\/div> <\/div>                   <div class=\"kksr-legend\" style=\"font-size: 19.2px;\">             4,7\/5 - (11 votes)    <\/div>     <\/div>  <p class=\"wp-block-paragraph translation-block\">La trancheuse \u00e0 poisson est une machine courante de traitement du poisson chez <a href=\"https:\/\/meat-machine.com\/fr\/\">Taizy meat machinery<\/a>. Cette machine peut imiter la mani\u00e8re de tranchage artificielle pour couper le poisson entier en tranches d'\u00e9paisseur uniforme. L'\u00e9paisseur de la tranche de poisson peut \u00eatre ajust\u00e9e. L'\u00e9paisseur des filets peut varier de 1 mm \u00e0 40 mm. Nous pouvons personnaliser l'angle de coupe de la machine selon les besoins du client (15-45 degr\u00e9s). De plus, la trancheuse \u00e0 poisson Taizy peut trancher n'importe quel poisson. La semaine derni\u00e8re, notre client a achet\u00e9 une machine \u00e0 fileter pour couper du saumon. Par cons\u00e9quent, si vous souhaitez acheter une machine \u00e0 fileter le saumon, cette machine est un bon choix.<\/p>   <div class=\"wp-block-image\"> <figure class=\"aligncenter size-full\"><img loading=\"lazy\" decoding=\"async\" width=\"720\" height=\"640\" src=\"https:\/\/meat-machine.com\/wp-content\/uploads\/2022\/11\/fish-slicer-machine.webp\" alt=\"machine \u00e0 trancher le poisson\" class=\"wp-image-221\" title=\"\" srcset=\"https:\/\/meat-machine.com\/wp-content\/uploads\/2022\/11\/fish-slicer-machine.webp 720w, https:\/\/meat-machine.com\/wp-content\/uploads\/2022\/11\/fish-slicer-machine-300x267.webp 300w\" sizes=\"auto, (max-width: 720px) 100vw, 720px\" \/><figcaption class=\"wp-element-caption\">machine \u00e0 trancher le poisson<\/figcaption><\/figure> <\/div>   <h2 class=\"wp-block-heading\">Vid\u00e9o de travail de la trancheuse de poisson<\/h2>    <figure class=\"wp-block-embed is-type-video is-provider-youtube wp-block-embed-youtube wp-embed-aspect-16-9 wp-has-aspect-ratio\"><div class=\"wp-block-embed__wrapper\"> <iframe loading=\"lazy\" title=\"Meilleure machine \u00e0 trancher le poisson | Machine \u00e0 fileter le poisson \u00e0 vendre | Machine \u00e0 d\u00e9couper le poisson #Shorts\" width=\"500\" height=\"281\" src=\"https:\/\/www.youtube.com\/embed\/sXfbZ0-f8vc?feature=oembed\" frameborder=\"0\" allow=\"accelerometer; autoplay; clipboard-write; encrypted-media; gyroscope; picture-in-picture; web-share\" referrerpolicy=\"strict-origin-when-cross-origin\" allowfullscreen><\/iframe> <\/div><\/figure>    <h2 class=\"wp-block-heading\">Quel est le principe de fonctionnement de la machine \u00e0 fileter le poisson ?<\/h2>    <p class=\"wp-block-paragraph\">La machine commerciale \u00e0 fileter le poisson simule le principe du tranchage manuel et entra\u00eene le dispositif d'alimentation et l'ensemble de coupe sous l'action du moteur et de la bo\u00eete de vitesses. Le groupe de couteaux se compose de 50 \u00e0 80 couteaux dispos\u00e9s uniform\u00e9ment. Apr\u00e8s avoir mis le poisson dans la machine, appuyez sur le bouton de mont\u00e9e et le dispositif d'alimentation se d\u00e9placera vers la lame. Le poisson sera ensuite tranch\u00e9 en travers avec une lame de rasoir. C'est la raison pour laquelle la machine \u00e0 fileter le poisson enti\u00e8rement automatique coupe la chair du poisson en tranches de poisson en biais.<\/p>   <div class=\"wp-block-image\"> <figure class=\"aligncenter size-full\"><img loading=\"lazy\" decoding=\"async\" width=\"720\" height=\"540\" src=\"https:\/\/meat-machine.com\/wp-content\/uploads\/2022\/11\/fillets-of-different-thicknesses.webp\" alt=\"filets de diff\u00e9rentes \u00e9paisseurs\" class=\"wp-image-219\" title=\"\" srcset=\"https:\/\/meat-machine.com\/wp-content\/uploads\/2022\/11\/fillets-of-different-thicknesses.webp 720w, https:\/\/meat-machine.com\/wp-content\/uploads\/2022\/11\/fillets-of-different-thicknesses-300x225.webp 300w\" sizes=\"auto, (max-width: 720px) 100vw, 720px\" \/><figcaption class=\"wp-element-caption\">filets de diff\u00e9rentes \u00e9paisseurs<\/figcaption><\/figure> <\/div>   <h2 class=\"wp-block-heading\">Param\u00e8tre technique<\/h2>    <figure class=\"wp-block-table\"><table><tbody><tr><td>Nom<\/td><td>Machine \u00e0 trancher le poisson<\/td><\/tr><tr><td>Taille (mm)<\/td><td>1030*700*850<\/td><\/tr><tr><td>Tension (v)<\/td><td>220<\/td><\/tr><tr><td>Puissance (kW)<\/td><td>1.62<\/td><\/tr><tr><td>Poids (kg)<\/td><td>160<\/td><\/tr><tr><td>Capacit\u00e9 (kg\/h)<\/td><td>200kg\/h<\/td><\/tr><\/tbody><\/table><\/figure>    <p class=\"wp-block-paragraph translation-block\">Ce qui pr\u00e9c\u00e8de ne sont que les param\u00e8tres techniques d'une de nos trancheuses \u00e0 poisson. Chez Taizy Meat Machinery, nous avons une vari\u00e9t\u00e9 de trancheuses \u00e0 poisson \u00e0 choisir. L'\u00e9paisseur des tranches de poisson peut \u00eatre coup\u00e9e de 1 mm \u00e0 40 mm. Si les clients ont d'autres exigences d'\u00e9paisseur, nous pouvons \u00e9galement fournir des services personnalis\u00e9s. De plus, notre soci\u00e9t\u00e9 dispose \u00e9galement d'une <a href=\"https:\/\/meat-machine.com\/fr\/produit\/machine-a-desosser-le-poisson\/\">d\u00e9sar\u00eateuse \u00e0 poisson<\/a> pour vous permettre de retirer les ar\u00eates de poisson.<\/p>    <h2 class=\"wp-block-heading\">Avantages de la trancheuse de poisson<\/h2>    <ol class=\"wp-block-list\"> <li>Facile \u00e0 d\u00e9placer. Il y a des rouleaux au bas de la trancheuse automatique de poisson frais pour faciliter son d\u00e9placement.<\/li>    <li>Consolidation et haute efficacit\u00e9. La machine peut traiter du poisson comestible commun et l'efficacit\u00e9 est \u00e9quivalente \u00e0 20 personnes. De plus, la machine n\u2019endommagera pas le poisson et le poisson tranch\u00e9 conservera sa forme originale.<\/li>    <li>L'\u00e9paisseur du filet de poisson est r\u00e9glable. Cette machine peut ajuster l'\u00e9paisseur de la tranche, la vitesse de la tranche et l'angle de la tranche. La vitesse de d\u00e9placement du coupeur peut \u00eatre ajust\u00e9e entre 64 et 280 fois par minute.<\/li>    <li>Le poisson tranch\u00e9 est m\u00eame en \u00e9paisseur.<\/li>    <li>La trancheuse est en acier inoxydable de qualit\u00e9 alimentaire. Il a les caract\u00e9ristiques de ne pas laisser tomber facilement les scories et d'\u00eatre hygi\u00e9nique.<\/li>    <li>Facile \u00e0 nettoyer. La machine \u00e0 trancher le poisson est de structure simple, elle est donc facile \u00e0 nettoyer.<\/li> <\/ol>   <div class=\"wp-block-image\"> <figure class=\"aligncenter size-full\"><img loading=\"lazy\" decoding=\"async\" width=\"720\" height=\"540\" src=\"https:\/\/meat-machine.com\/wp-content\/uploads\/2022\/11\/slicing-effect-of-the-fish-filleter-machine.webp\" alt=\"effet de tranchage de la machine \u00e0 fileter le poisson\" class=\"wp-image-224\" title=\"\" srcset=\"https:\/\/meat-machine.com\/wp-content\/uploads\/2022\/11\/slicing-effect-of-the-fish-filleter-machine.webp 720w, https:\/\/meat-machine.com\/wp-content\/uploads\/2022\/11\/slicing-effect-of-the-fish-filleter-machine-300x225.webp 300w\" sizes=\"auto, (max-width: 720px) 100vw, 720px\" \/><figcaption class=\"wp-element-caption\">effet de tranchage de la machine \u00e0 fileter le poisson<\/figcaption><\/figure> <\/div>   <h2 class=\"wp-block-heading\">Champ d'application de la trancheuse de poisson<\/h2>    <p class=\"wp-block-paragraph translation-block\">La machine \u00e0 fileter le poisson peut fileter une grande vari\u00e9t\u00e9 de poissons frais, s\u00e9ch\u00e9s et micro-congel\u00e9s, tels que le saumon, la carpe herbivore, le poisson noir, le maquereau, la carpe, le saumon, le <a href=\"https:\/\/en.wikipedia.org\/wiki\/Guppy\" target=\"_blank\" rel=\"noopener\">guppy<\/a>, le tilapia, le bar, le barramundi, etc. La machine convient \u00e9galement pour trancher la pancetta, la pancetta de b\u0153uf, le foie de porc, le foie de b\u0153uf, le calmar et d'autres ingr\u00e9dients de viande tendre. Elle convient aux h\u00f4tels, restaurants, aux industries de transformation aquatique et \u00e0 d'autres secteurs de la restauration. Parall\u00e8lement, la trancheuse \u00e0 poisson est \u00e9galement couramment utilis\u00e9e dans les restaurants de hot pot, les magasins de poisson marin\u00e9, de poisson bouilli, les cantines, les h\u00f4tels et d'autres types d'entreprises de restauration.<\/p>   <div class=\"wp-block-image\"> <figure class=\"aligncenter size-full\"><img loading=\"lazy\" decoding=\"async\" width=\"750\" height=\"470\" src=\"https:\/\/meat-machine.com\/wp-content\/uploads\/2022\/11\/product-application.webp\" alt=\"application du produit\" class=\"wp-image-223\" title=\"\" srcset=\"https:\/\/meat-machine.com\/wp-content\/uploads\/2022\/11\/product-application.webp 750w, https:\/\/meat-machine.com\/wp-content\/uploads\/2022\/11\/product-application-300x188.webp 300w\" sizes=\"auto, (max-width: 750px) 100vw, 750px\" \/><figcaption class=\"wp-element-caption\">application du produit<\/figcaption><\/figure> <\/div>   <h2 class=\"wp-block-heading\">Comment nettoyer la machine \u00e0 fileter le poisson ?<\/h2>    <p class=\"wp-block-paragraph\">La machine doit \u00eatre nettoy\u00e9e apr\u00e8s chaque utilisation. Les zones \u00e0 nettoyer sont le bac \u00e0 poisson et la fente de la lame. Lors du nettoyage, il vous suffit de rincer les crevasses et la surface de la plaque et des lames avec de l'eau. Mais veillez \u00e0 ne pas utiliser d'objets durs pour cogner la machine \u00e0 filets de poisson, afin de ne pas endommager les pi\u00e8ces de la machine. Lors de l'utilisation de la machine, vous devez remplir r\u00e9guli\u00e8rement l'orifice de remplissage d'huile marqu\u00e9 avec le mot \u00ab huile \u00bb pour que la machine soit suffisamment lubrifi\u00e9e. La surface du porte-couteau trancheuse \u00e0 poisson et la machine peuvent \u00eatre essuy\u00e9es avec de l'huile de cuisson dilu\u00e9e. Si la machine \u00e0 trancher le poisson n'est pas utilis\u00e9e pendant une longue p\u00e9riode, elle doit \u00eatre recouverte d'un chiffon apr\u00e8s le nettoyage pour faciliter la prochaine utilisation.<\/p>","protected":false},"excerpt":{"rendered":"<p>Fish slicer machine is a common fish processing machine in Taizy meat machinery. This machine can imitate the way of artificial slicing to cut the whole piece of fish into slices with uniform thickness. The thickness of the fish slice can be adjusted. The thickness of the fillets can vary from 1mm to 40mm. We [&hellip;]<\/p>\n","protected":false},"author":1,"featured_media":220,"parent":0,"template":"","tags":[20],"product-type":[25],"class_list":["post-217","product","type-product","status-publish","has-post-thumbnail","hentry","tag-fish-slicer-machine","product-type-fish-processing-machine"],"_links":{"self":[{"href":"https:\/\/meat-machine.com\/fr\/wp-json\/wp\/v2\/product\/217","targetHints":{"allow":["GET"]}}],"collection":[{"href":"https:\/\/meat-machine.com\/fr\/wp-json\/wp\/v2\/product"}],"about":[{"href":"https:\/\/meat-machine.com\/fr\/wp-json\/wp\/v2\/types\/product"}],"author":[{"embeddable":true,"href":"https:\/\/meat-machine.com\/fr\/wp-json\/wp\/v2\/users\/1"}],"wp:featuredmedia":[{"embeddable":true,"href":"https:\/\/meat-machine.com\/fr\/wp-json\/wp\/v2\/media\/220"}],"wp:attachment":[{"href":"https:\/\/meat-machine.com\/fr\/wp-json\/wp\/v2\/media?parent=217"}],"wp:term":[{"taxonomy":"post_tag","embeddable":true,"href":"https:\/\/meat-machine.com\/fr\/wp-json\/wp\/v2\/tags?post=217"},{"taxonomy":"product-type","embeddable":true,"href":"https:\/\/meat-machine.com\/fr\/wp-json\/wp\/v2\/product-type?post=217"}],"curies":[{"name":"wp","href":"https:\/\/api.w.org\/{rel}","templated":true}]}}