{"id":1231,"date":"2026-04-27T16:09:49","date_gmt":"2026-04-27T08:09:49","guid":{"rendered":"https:\/\/meat-machine.com\/?post_type=product&#038;p=1231"},"modified":"2026-04-27T16:20:06","modified_gmt":"2026-04-27T08:20:06","slug":"meat-mixing-machine","status":"publish","type":"product","link":"https:\/\/meat-machine.com\/fr\/product\/meat-mixing-machine\/","title":{"rendered":"M\u00e9langeur de viande"},"content":{"rendered":"<div class=\"kk-star-ratings kksr-auto kksr-align-left kksr-valign-top\"     data-payload='{&quot;align&quot;:&quot;left&quot;,&quot;id&quot;:&quot;1231&quot;,&quot;slug&quot;:&quot;default&quot;,&quot;valign&quot;:&quot;top&quot;,&quot;ignore&quot;:&quot;&quot;,&quot;reference&quot;:&quot;auto&quot;,&quot;class&quot;:&quot;&quot;,&quot;count&quot;:&quot;30&quot;,&quot;legendonly&quot;:&quot;&quot;,&quot;readonly&quot;:&quot;&quot;,&quot;score&quot;:&quot;4.5&quot;,&quot;starsonly&quot;:&quot;&quot;,&quot;best&quot;:&quot;5&quot;,&quot;gap&quot;:&quot;5&quot;,&quot;greet&quot;:&quot;Rate this product&quot;,&quot;legend&quot;:&quot;4.5\\\/5 - (30 votes)&quot;,&quot;size&quot;:&quot;24&quot;,&quot;title&quot;:&quot;Meat mixing machine&quot;,&quot;width&quot;:&quot;128&quot;,&quot;_legend&quot;:&quot;{score}\\\/{best} - ({count} {votes})&quot;,&quot;font_factor&quot;:&quot;1.25&quot;}'>              <div class=\"kksr-stars\">      <div class=\"kksr-stars-inactive\">             <div class=\"kksr-star\" data-star=\"1\" style=\"padding-right: 5px\">               <div class=\"kksr-icon\" style=\"width: 24px; height: 24px;\"><\/div>         <\/div>             <div class=\"kksr-star\" data-star=\"2\" style=\"padding-right: 5px\">               <div class=\"kksr-icon\" style=\"width: 24px; height: 24px;\"><\/div>         <\/div>             <div class=\"kksr-star\" data-star=\"3\" style=\"padding-right: 5px\">               <div class=\"kksr-icon\" style=\"width: 24px; height: 24px;\"><\/div>         <\/div>             <div class=\"kksr-star\" data-star=\"4\" style=\"padding-right: 5px\">               <div class=\"kksr-icon\" style=\"width: 24px; height: 24px;\"><\/div>         <\/div>             <div class=\"kksr-star\" data-star=\"5\" style=\"padding-right: 5px\">               <div class=\"kksr-icon\" style=\"width: 24px; height: 24px;\"><\/div>         <\/div>     <\/div>      <div class=\"kksr-stars-active\" style=\"width: 128px;\">             <div class=\"kksr-star\" style=\"padding-right: 5px\">               <div class=\"kksr-icon\" style=\"width: 24px; height: 24px;\"><\/div>         <\/div>             <div class=\"kksr-star\" style=\"padding-right: 5px\">               <div class=\"kksr-icon\" style=\"width: 24px; height: 24px;\"><\/div>         <\/div>             <div class=\"kksr-star\" style=\"padding-right: 5px\">               <div class=\"kksr-icon\" style=\"width: 24px; height: 24px;\"><\/div>         <\/div>             <div class=\"kksr-star\" style=\"padding-right: 5px\">               <div class=\"kksr-icon\" style=\"width: 24px; height: 24px;\"><\/div>         <\/div>             <div class=\"kksr-star\" style=\"padding-right: 5px\">               <div class=\"kksr-icon\" style=\"width: 24px; height: 24px;\"><\/div>         <\/div>     <\/div> <\/div>                   <div class=\"kksr-legend\" style=\"font-size: 19.2px;\">             4,5\/5 - (30 votes)    <\/div>     <\/div>  <p class=\"wp-block-paragraph translation-block\">La <strong>Machine \u00e0 m\u00e9langer la viande<\/strong> est une machine de traitement alimentaire pratique pour m\u00e9langer uniform\u00e9ment et efficacement la viande hach\u00e9e et les ingr\u00e9dients finement coup\u00e9s. Elle est largement utilis\u00e9e dans les usines de transformation de viande, restaurants, fabriques de saucisses et lignes de production d\u2019aliments surgel\u00e9s. Avec une <strong>capacit\u00e9 de 15 \u00e0 90 kg par lot<\/strong>, elle peut r\u00e9pondre aux besoins de production de petits ateliers ainsi que d\u2019op\u00e9rations commerciales de taille moyenne.<\/p>    <p class=\"wp-block-paragraph\">\u00c9quip\u00e9e de pales de m\u00e9lange puissantes et d\u2019une structure en acier inoxydable, la machine peut rapidement m\u00e9langer la viande avec des assaisonnements, de la f\u00e9cule, des sauces et d\u2019autres additifs, assurant une meilleure texture, une absorption des saveurs et une coh\u00e9rence du produit. Facile \u00e0 utiliser, hygi\u00e9nique et adapt\u00e9e \u00e0 une utilisation commerciale continue.<\/p>    <p class=\"wp-block-paragraph\">Cette machine est principalement utilis\u00e9e pour traiter le porc, le b\u0153uf, le poulet, le poisson, l\u2019agneau et d\u2019autres viandes finement hach\u00e9es. Elle est id\u00e9ale pour la fabrication de saucisses, boulettes de viande, galettes, farces de dumplings, tartes \u00e0 la viande et divers produits carn\u00e9s pr\u00e9par\u00e9s. En am\u00e9liorant l\u2019efficacit\u00e9 du m\u00e9lange et en r\u00e9duisant le travail manuel, la machine \u00e0 m\u00e9langer la viande aide les entreprises \u00e0 augmenter leur capacit\u00e9 de production tout en maintenant une qualit\u00e9 de produit stable.<\/p>    <figure class=\"wp-block-embed is-type-video is-provider-youtube wp-block-embed-youtube wp-embed-aspect-9-16 wp-has-aspect-ratio\"><div class=\"wp-block-embed__wrapper\"> <iframe loading=\"lazy\" title=\"Machine \u00e0 m\u00e9langer la viande \u00e0 vendre | \u00c9quipement de m\u00e9lange de viande haute efficacit\u00e9 #viande #m\u00e9lange #traitementalimentaire\" width=\"422\" height=\"750\" src=\"https:\/\/www.youtube.com\/embed\/2ciKKQqU20M?feature=oembed\" frameborder=\"0\" allow=\"accelerometer; autoplay; clipboard-write; encrypted-media; gyroscope; picture-in-picture; web-share\" referrerpolicy=\"strict-origin-when-cross-origin\" allowfullscreen><\/iframe> <\/div><figcaption class=\"wp-element-caption\">Vid\u00e9o de fonctionnement de la machine \u00e0 m\u00e9langer la viande<\/figcaption><\/figure>    <h2 class=\"wp-block-heading\">Comment fonctionne la machine \u00e0 m\u00e9langeur de bol de viande ?<\/h2>    <p class=\"wp-block-paragraph translation-block\">La <strong>machine \u00e0 m\u00e9langer la viande<\/strong> peut combiner la viande hach\u00e9e avec divers ingr\u00e9dients par un processus contr\u00f4l\u00e9 de rotation et de brassage \u00e0 l\u2019int\u00e9rieur d\u2019un bol de m\u00e9lange. Lors du fonctionnement, les lames internes tournent et soul\u00e8vent le mat\u00e9riau \u00e0 plusieurs reprises, permettant \u00e0 la viande et aux additifs d\u2019\u00eatre enti\u00e8rement pli\u00e9s, press\u00e9s et m\u00e9lang\u00e9s sous diff\u00e9rents angles. Ce mouvement continu assure une r\u00e9partition plus uniforme de la graisse, des assaisonnements et de l\u2019humidit\u00e9 dans tout le m\u00e9lange.<\/p>    <p class=\"wp-block-paragraph translation-block\">Il est couramment utilis\u00e9 apr\u00e8s la mouture de la viande, pour pr\u00e9parer des mati\u00e8res premi\u00e8res pour des produits tels que <a href=\"https:\/\/meat-machine.com\/fr\/produit\/ligne-de-transformation-de-saucisses\/\" data-type=\"link\" data-id=\"https:\/\/meat-machine.com\/product\/sausage-processing-line\/\">saucisses<\/a>, farces, <a href=\"https:\/\/meat-machine.com\/fr\/produit\/meat-patty-making-machine-production-line\/\" data-type=\"link\" data-id=\"https:\/\/meat-machine.com\/product\/meat-patty-making-machine-production-line\/\">galettes<\/a>, et aliments surgel\u00e9s transform\u00e9s. Le r\u00e9sultat est un m\u00e9lange de viande plus stable, \u00e9lastique et coh\u00e9rent, am\u00e9liorant \u00e0 la fois l\u2019efficacit\u00e9 du traitement et la qualit\u00e9 finale du produit.<\/p>    <figure class=\"wp-block-gallery has-nested-images columns-default is-cropped wp-block-gallery-2 is-layout-flex wp-block-gallery-is-layout-flex\"> <figure class=\"wp-block-image size-full\"><img loading=\"lazy\" decoding=\"async\" width=\"720\" height=\"540\" data-id=\"1244\" src=\"https:\/\/meat-machine.com\/wp-content\/uploads\/2026\/04\/commercial-meat-mixer-1.webp\" alt=\"Machine \u00e0 m\u00e9langer la viande efficace\" class=\"wp-image-1244\" title=\"\" srcset=\"https:\/\/meat-machine.com\/wp-content\/uploads\/2026\/04\/commercial-meat-mixer-1.webp 720w, https:\/\/meat-machine.com\/wp-content\/uploads\/2026\/04\/commercial-meat-mixer-1-300x225.webp 300w, https:\/\/meat-machine.com\/wp-content\/uploads\/2026\/04\/commercial-meat-mixer-1-16x12.webp 16w\" sizes=\"auto, (max-width: 720px) 100vw, 720px\" \/><figcaption class=\"wp-element-caption\">M\u00e9langeur de viande commercial<\/figcaption><\/figure>    <figure class=\"wp-block-image size-large\"><img loading=\"lazy\" decoding=\"async\" width=\"720\" height=\"540\" data-id=\"1238\" src=\"https:\/\/meat-machine.com\/wp-content\/uploads\/2026\/04\/meat-1.webp\" alt=\"viande\" class=\"wp-image-1238\" title=\"\" srcset=\"https:\/\/meat-machine.com\/wp-content\/uploads\/2026\/04\/meat-1.webp 720w, https:\/\/meat-machine.com\/wp-content\/uploads\/2026\/04\/meat-1-300x225.webp 300w, https:\/\/meat-machine.com\/wp-content\/uploads\/2026\/04\/meat-1-16x12.webp 16w\" sizes=\"auto, (max-width: 720px) 100vw, 720px\" \/><figcaption class=\"wp-element-caption\">Viande<\/figcaption><\/figure> <\/figure>    <h2 class=\"wp-block-heading\">Avantages de la machine \u00e0 m\u00e9langer la viande<\/h2>    <div class=\"wp-block-media-text is-stacked-on-mobile\"><figure class=\"wp-block-media-text__media\"><img loading=\"lazy\" decoding=\"async\" width=\"540\" height=\"720\" src=\"https:\/\/meat-machine.com\/wp-content\/uploads\/2026\/04\/Meat-mixing-machine-for-sale.webp\" alt=\"Machine \u00e0 m\u00e9langer la viande efficace\" class=\"wp-image-1241 size-full\" title=\"\" srcset=\"https:\/\/meat-machine.com\/wp-content\/uploads\/2026\/04\/Meat-mixing-machine-for-sale.webp 540w, https:\/\/meat-machine.com\/wp-content\/uploads\/2026\/04\/Meat-mixing-machine-for-sale-225x300.webp 225w, https:\/\/meat-machine.com\/wp-content\/uploads\/2026\/04\/Meat-mixing-machine-for-sale-9x12.webp 9w\" sizes=\"auto, (max-width: 540px) 100vw, 540px\" \/><\/figure><div class=\"wp-block-media-text__content\"> <ul class=\"wp-block-list\"> <li>R\u00e9alise un m\u00e9lange uniforme et homog\u00e8ne de viande, de graisse, d\u2019\u00e9pices et de mat\u00e9riaux auxiliaires sans agr\u00e9gats in\u00e9gaux. <\/li>    <li>Am\u00e9liore consid\u00e9rablement l\u2019efficacit\u00e9 de la production et r\u00e9duit le travail manuel de m\u00e9lange ainsi que le co\u00fbt en temps. <\/li>    <li>Une structure de m\u00e9lange douce maintient l\u2019int\u00e9grit\u00e9 des fibres de viande, conservant la texture et le go\u00fbt originaux. <\/li>    <li>\u00c9quip\u00e9e d\u2019un corps en acier inoxydable de qualit\u00e9 alimentaire, r\u00e9sistant \u00e0 la corrosion, facile \u00e0 nettoyer et conforme aux normes d\u2019hygi\u00e8ne alimentaire. <\/li> <\/ul> <\/div><\/div>    <div class=\"wp-block-media-text has-media-on-the-right is-stacked-on-mobile\"><div class=\"wp-block-media-text__content\"> <ul class=\"wp-block-list\"> <li>Fonctionnement stable avec vitesse et temps de m\u00e9lange r\u00e9glables, adapt\u00e9 \u00e0 diff\u00e9rentes formules de produits carn\u00e9s. <\/li>    <li>Une performance de m\u00e9lange puissante permet une infiltration compl\u00e8te du mat\u00e9riau, am\u00e9liorant la coh\u00e9rence de la saveur du produit. <\/li>    <li>Faible consommation d'\u00e9nergie et faible bruit, adapt\u00e9 \u00e0 une op\u00e9ration commerciale continue \u00e0 long terme. <\/li>    <li>Structure compacte et raisonnable, facile \u00e0 d\u00e9placer et \u00e0 installer, \u00e9conomise de l\u2019espace dans l\u2019atelier. <\/li>    <li>Applicable pour les boulettes de viande, saucisses, farces de dumplings et diverses productions de viande transform\u00e9e.<\/li> <\/ul> <\/div><figure class=\"wp-block-media-text__media\"><img loading=\"lazy\" decoding=\"async\" width=\"540\" height=\"720\" src=\"https:\/\/meat-machine.com\/wp-content\/uploads\/2026\/04\/meat-bowl-mixer.webp\" alt=\"Prix de la machine \u00e0 m\u00e9langer la viande\" class=\"wp-image-1240 size-full\" title=\"\" srcset=\"https:\/\/meat-machine.com\/wp-content\/uploads\/2026\/04\/meat-bowl-mixer.webp 540w, https:\/\/meat-machine.com\/wp-content\/uploads\/2026\/04\/meat-bowl-mixer-225x300.webp 225w, https:\/\/meat-machine.com\/wp-content\/uploads\/2026\/04\/meat-bowl-mixer-9x12.webp 9w\" sizes=\"auto, (max-width: 540px) 100vw, 540px\" \/><\/figure><\/div>    <h2 class=\"wp-block-heading\">Param\u00e8tres de la m\u00e9langeuse \u00e0 viande<\/h2>    <figure class=\"wp-block-table\"><table class=\"has-fixed-layout\"><thead><tr><th>Mod\u00e8le<\/th><th>ZB20<\/th><th>ZB40<\/th><th>ZB80<\/th><th>ZB125<\/th><\/tr><\/thead><tbody><tr><td>Capacit\u00e9 (kg\/lot)<\/td><td>15<\/td><td>30<\/td><td>60<\/td><td>90<\/td><\/tr><tr><td>Puissance (kW)<\/td><td>4.1<\/td><td>5.5<\/td><td>14<\/td><td>13.98<\/td><\/tr><tr><td>Quantit\u00e9 de couteaux<\/td><td>3 (diam\u00e8tre du bol 550mm)<\/td><td>3 (diam\u00e8tre du bol 760mm, profondeur 117mm)<\/td><td>6 (diam\u00e8tre du bol 960mm, profondeur 160mm)<\/td><td>6<\/td><\/tr><tr><td>Vitesse de coupe (rpm)<\/td><td>1480 \/ 2960<\/td><td>1480 \/ 2960<\/td><td>1480 \/ 2960<\/td><td>1480 \/ 2960<\/td><\/tr><tr><td>Vitesse du bol (rpm)<\/td><td>9<\/td><td>7<\/td><td>7 \/ 16<\/td><td>7 \/ 16<\/td><\/tr><tr><td>Taille de la machine (mm)<\/td><td>780\u00d7600\u00d7850<\/td><td>1110\u00d7880\u00d71080<\/td><td>1820\u00d71380\u00d71260<\/td><td>2150\u00d71200\u00d71350<\/td><\/tr><tr><td>Poids total (kg)<\/td><td>200<\/td><td>385<\/td><td>720<\/td><td>980<\/td><\/tr><tr><td>Type de transmission<\/td><td>Double vitesse (\u00e9paisseur du bol 6mm)<\/td><td>Double vitesse<\/td><td>Double vitesse<\/td><td>Double vitesse<\/td><\/tr><\/tbody><\/table><figcaption class=\"wp-element-caption\">Param\u00e8tres de la machine \u00e0 couper la viande<\/figcaption><\/figure>    <figure class=\"wp-block-image size-full\"><img loading=\"lazy\" decoding=\"async\" width=\"720\" height=\"540\" src=\"https:\/\/meat-machine.com\/wp-content\/uploads\/2026\/04\/effective-meat-mixing-machine-1.webp\" alt=\"Viande produite\" class=\"wp-image-1245\" title=\"\" srcset=\"https:\/\/meat-machine.com\/wp-content\/uploads\/2026\/04\/effective-meat-mixing-machine-1.webp 720w, https:\/\/meat-machine.com\/wp-content\/uploads\/2026\/04\/effective-meat-mixing-machine-1-300x225.webp 300w, https:\/\/meat-machine.com\/wp-content\/uploads\/2026\/04\/effective-meat-mixing-machine-1-16x12.webp 16w\" sizes=\"auto, (max-width: 720px) 100vw, 720px\" \/><figcaption class=\"wp-element-caption\">Effective Meat Mixing Machine<\/figcaption><\/figure>    <h2 class=\"wp-block-heading\">M\u00e9langeur industriel de viande export\u00e9<\/h2>    <p class=\"wp-block-paragraph translation-block\">Une usine de transformation de viande en <strong>Serbie<\/strong> a achet\u00e9 notre m\u00e9langeur industriel. Auparavant, ils utilisaient un \u00e9quipement manuel et obsol\u00e8te, avec une faible efficacit\u00e9, un m\u00e9lange in\u00e9gal des ingr\u00e9dients et des co\u00fbts de main-d'\u0153uvre \u00e9lev\u00e9s. Apr\u00e8s avoir utilis\u00e9 notre m\u00e9langeur export\u00e9, les mat\u00e9riaux sont m\u00e9lang\u00e9s uniform\u00e9ment en peu de temps, garantissant un go\u00fbt et une qualit\u00e9 constants du produit. <\/p>    <p class=\"wp-block-paragraph\">La structure en acier inoxydable de qualit\u00e9 alimentaire est facile \u00e0 nettoyer et conforme aux normes de s\u00e9curit\u00e9 alimentaire. Elle r\u00e9duit efficacement l\u2019effort de travail, augmente la capacit\u00e9 de production quotidienne et offre de meilleurs b\u00e9n\u00e9fices \u00e9conomiques. Le client loue la performance stable de la machine et son rapport qualit\u00e9-prix.<\/p>    <figure class=\"wp-block-gallery has-nested-images columns-default is-cropped wp-block-gallery-3 is-layout-flex wp-block-gallery-is-layout-flex\"> <figure class=\"wp-block-image size-large\"><img loading=\"lazy\" decoding=\"async\" width=\"540\" height=\"720\" data-id=\"1242\" src=\"https:\/\/meat-machine.com\/wp-content\/uploads\/2026\/04\/meat-mixing-machine-price.webp\" alt=\"M\u00e9langeur de bol de viande\" class=\"wp-image-1242\" title=\"\" srcset=\"https:\/\/meat-machine.com\/wp-content\/uploads\/2026\/04\/meat-mixing-machine-price.webp 540w, https:\/\/meat-machine.com\/wp-content\/uploads\/2026\/04\/meat-mixing-machine-price-225x300.webp 225w, https:\/\/meat-machine.com\/wp-content\/uploads\/2026\/04\/meat-mixing-machine-price-9x12.webp 9w\" sizes=\"auto, (max-width: 540px) 100vw, 540px\" \/><figcaption class=\"wp-element-caption\">Prix de la machine \u00e0 m\u00e9langer la viande<\/figcaption><\/figure>    <figure class=\"wp-block-image size-large\"><img loading=\"lazy\" decoding=\"async\" width=\"720\" height=\"540\" data-id=\"1243\" src=\"https:\/\/meat-machine.com\/wp-content\/uploads\/2026\/04\/produced-meat.webp\" alt=\"M\u00e9langeur de viande commercial\" class=\"wp-image-1243\" title=\"\" srcset=\"https:\/\/meat-machine.com\/wp-content\/uploads\/2026\/04\/produced-meat.webp 720w, https:\/\/meat-machine.com\/wp-content\/uploads\/2026\/04\/produced-meat-300x225.webp 300w, https:\/\/meat-machine.com\/wp-content\/uploads\/2026\/04\/produced-meat-16x12.webp 16w\" sizes=\"auto, (max-width: 720px) 100vw, 720px\" \/><figcaption class=\"wp-element-caption\">Viande produite<\/figcaption><\/figure> <\/figure>    <h2 class=\"wp-block-heading\">Conclusion<\/h2>    <p class=\"wp-block-paragraph\">Id\u00e9al pour les petites usines et les grandes usines de transformation de viande, notre machine \u00e0 m\u00e9langer la viande offre une performance stable, un m\u00e9lange uniforme, un nettoyage facile et une op\u00e9ration \u00e9conome en \u00e9nergie. Elle vous aide \u00e0 am\u00e9liorer l\u2019efficacit\u00e9 de la production, \u00e0 stabiliser la qualit\u00e9 du produit et \u00e0 r\u00e9duire les co\u00fbts d\u2019exploitation. <\/p>    <p class=\"wp-block-paragraph\">Que vous ayez besoin de mod\u00e8les standard ou de solutions personnalis\u00e9es, nous pouvons r\u00e9pondre \u00e0 vos demandes. N\u2019h\u00e9sitez pas \u00e0 nous envoyer votre demande pour des param\u00e8tres d\u00e9taill\u00e9s, devis et solutions d\u2019usine.<\/p>","protected":false},"excerpt":{"rendered":"<p>The Meat Mixing Machine is a practical food processing machine for mixing minced meat and finely chopped ingredients evenly and efficiently.<\/p>","protected":false},"author":1,"featured_media":1236,"parent":0,"template":"","tags":[83],"product-type":[2],"class_list":["post-1231","product","type-product","status-publish","has-post-thumbnail","hentry","tag-meat-mixing-machine","product-type-meat-cutting-machine"],"_links":{"self":[{"href":"https:\/\/meat-machine.com\/fr\/wp-json\/wp\/v2\/product\/1231","targetHints":{"allow":["GET"]}}],"collection":[{"href":"https:\/\/meat-machine.com\/fr\/wp-json\/wp\/v2\/product"}],"about":[{"href":"https:\/\/meat-machine.com\/fr\/wp-json\/wp\/v2\/types\/product"}],"author":[{"embeddable":true,"href":"https:\/\/meat-machine.com\/fr\/wp-json\/wp\/v2\/users\/1"}],"wp:featuredmedia":[{"embeddable":true,"href":"https:\/\/meat-machine.com\/fr\/wp-json\/wp\/v2\/media\/1236"}],"wp:attachment":[{"href":"https:\/\/meat-machine.com\/fr\/wp-json\/wp\/v2\/media?parent=1231"}],"wp:term":[{"taxonomy":"post_tag","embeddable":true,"href":"https:\/\/meat-machine.com\/fr\/wp-json\/wp\/v2\/tags?post=1231"},{"taxonomy":"product-type","embeddable":true,"href":"https:\/\/meat-machine.com\/fr\/wp-json\/wp\/v2\/product-type?post=1231"}],"curies":[{"name":"wp","href":"https:\/\/api.w.org\/{rel}","templated":true}]}}