{"id":1209,"date":"2026-04-02T16:12:36","date_gmt":"2026-04-02T08:12:36","guid":{"rendered":"https:\/\/meat-machine.com\/?post_type=product&#038;p=1209"},"modified":"2026-04-02T17:04:48","modified_gmt":"2026-04-02T09:04:48","slug":"frozen-meat-crusher-machine","status":"publish","type":"product","link":"https:\/\/meat-machine.com\/fr\/product\/frozen-meat-crusher-machine\/","title":{"rendered":"Machine \u00e0 broyer la viande surgel\u00e9e"},"content":{"rendered":"<div class=\"kk-star-ratings kksr-auto kksr-align-left kksr-valign-top\"     data-payload='{&quot;align&quot;:&quot;left&quot;,&quot;id&quot;:&quot;1209&quot;,&quot;slug&quot;:&quot;default&quot;,&quot;valign&quot;:&quot;top&quot;,&quot;ignore&quot;:&quot;&quot;,&quot;reference&quot;:&quot;auto&quot;,&quot;class&quot;:&quot;&quot;,&quot;count&quot;:&quot;0&quot;,&quot;legendonly&quot;:&quot;&quot;,&quot;readonly&quot;:&quot;&quot;,&quot;score&quot;:&quot;0&quot;,&quot;starsonly&quot;:&quot;&quot;,&quot;best&quot;:&quot;5&quot;,&quot;gap&quot;:&quot;5&quot;,&quot;greet&quot;:&quot;Rate this product&quot;,&quot;legend&quot;:&quot;0\\\/5 - (0 vote)&quot;,&quot;size&quot;:&quot;24&quot;,&quot;title&quot;:&quot;Frozen meat crusher machine&quot;,&quot;width&quot;:&quot;0&quot;,&quot;_legend&quot;:&quot;{score}\\\/{best} - ({count} {votes})&quot;,&quot;font_factor&quot;:&quot;1.25&quot;}'>              <div class=\"kksr-stars\">      <div class=\"kksr-stars-inactive\">             <div class=\"kksr-star\" data-star=\"1\" style=\"padding-right: 5px\">               <div class=\"kksr-icon\" style=\"width: 24px; height: 24px;\"><\/div>         <\/div>             <div class=\"kksr-star\" data-star=\"2\" style=\"padding-right: 5px\">               <div class=\"kksr-icon\" style=\"width: 24px; height: 24px;\"><\/div>         <\/div>             <div class=\"kksr-star\" data-star=\"3\" style=\"padding-right: 5px\">               <div class=\"kksr-icon\" style=\"width: 24px; height: 24px;\"><\/div>         <\/div>             <div class=\"kksr-star\" data-star=\"4\" style=\"padding-right: 5px\">               <div class=\"kksr-icon\" style=\"width: 24px; height: 24px;\"><\/div>         <\/div>             <div class=\"kksr-star\" data-star=\"5\" style=\"padding-right: 5px\">               <div class=\"kksr-icon\" style=\"width: 24px; height: 24px;\"><\/div>         <\/div>     <\/div>      <div class=\"kksr-stars-active\" style=\"width: 0px;\">             <div class=\"kksr-star\" style=\"padding-right: 5px\">               <div class=\"kksr-icon\" style=\"width: 24px; height: 24px;\"><\/div>         <\/div>             <div class=\"kksr-star\" style=\"padding-right: 5px\">               <div class=\"kksr-icon\" style=\"width: 24px; height: 24px;\"><\/div>         <\/div>             <div class=\"kksr-star\" style=\"padding-right: 5px\">               <div class=\"kksr-icon\" style=\"width: 24px; height: 24px;\"><\/div>         <\/div>             <div class=\"kksr-star\" style=\"padding-right: 5px\">               <div class=\"kksr-icon\" style=\"width: 24px; height: 24px;\"><\/div>         <\/div>             <div class=\"kksr-star\" style=\"padding-right: 5px\">               <div class=\"kksr-icon\" style=\"width: 24px; height: 24px;\"><\/div>         <\/div>     <\/div> <\/div>                   <div class=\"kksr-legend\" style=\"font-size: 19.2px;\">             <span class=\"kksr-muted\">\u00c9valuez ce produit<\/span>     <\/div>     <\/div>  <p class=\"wp-block-paragraph translation-block\">La <strong>machine \u00e0 \u00e9craser la viande congel\u00e9e<\/strong> peut traiter <strong>la viande sans os \u00e0 -18\u00b0C \u00e0 -24\u00b0C<\/strong>, en la broyant ou en la coupant directement en blocs ou en tranches, avec une capacit\u00e9 de <strong>3 \u00e0 5 tonnes par heure<\/strong>. Elle peut manipuler de grands blocs de viande congel\u00e9e de b\u0153uf, porc, agneau, poulet, poisson et autres produits de viande congel\u00e9e, en les r\u00e9duisant en morceaux plus petits pour une transformation ult\u00e9rieure. <\/p>    <p class=\"wp-block-paragraph\">Fabriqu\u00e9e en acier inoxydable de qualit\u00e9 alimentaire, la machine garantit durabilit\u00e9, hygi\u00e8ne et facilit\u00e9 de nettoyage. Ses r\u00e9glages ajustables permettent aux op\u00e9rateurs de contr\u00f4ler l'\u00e9paisseur et la taille de la viande \u00e9cras\u00e9e, en faisant un outil polyvalent pour diff\u00e9rents besoins de transformation de la viande.<\/p>    <p class=\"wp-block-paragraph\">Cette machine est couramment utilis\u00e9e dans les usines de transformation de la viande, les abattoirs, les usines de produits alimentaires congel\u00e9s et les restaurants. Elle est parfaite pour produire des saucisses, des boulettes de viande, des galettes de burger ou pour manipuler la viande congel\u00e9e en g\u00e9n\u00e9ral, en maintenant efficacement la qualit\u00e9, en rationalisant les op\u00e9rations et en augmentant l'efficacit\u00e9 globale de la production.<\/p>    <figure class=\"wp-block-embed is-type-video is-provider-youtube wp-block-embed-youtube wp-embed-aspect-9-16 wp-has-aspect-ratio\"><div class=\"wp-block-embed__wrapper\"> <iframe loading=\"lazy\" title=\"Industrial Meat Crusher Machine | For Restaurants &amp; Meat Factories #meat #frozen #crusher #crushing\" width=\"422\" height=\"750\" src=\"https:\/\/www.youtube.com\/embed\/ylLOTxtzlt4?feature=oembed\" frameborder=\"0\" allow=\"accelerometer; autoplay; clipboard-write; encrypted-media; gyroscope; picture-in-picture; web-share\" referrerpolicy=\"strict-origin-when-cross-origin\" allowfullscreen><\/iframe> <\/div><figcaption class=\"wp-element-caption\">Vid\u00e9o de fonctionnement de la machine \u00e0 \u00e9craser la viande congel\u00e9e<\/figcaption><\/figure>    <h2 class=\"wp-block-heading\">Pourquoi faut-il couper la viande lorsqu'elle est congel\u00e9e ?<\/h2>    <p class=\"wp-block-paragraph translation-block\">Couper la viande \u00e0 l'\u00e9tat congel\u00e9 offre plusieurs avantages cl\u00e9s pour la transformation industrielle. Lorsqu'elle est congel\u00e9e, la viande devient plus ferme et plus facile \u00e0 manipuler, permettant aux machines de la couper en blocs ou tranches pr\u00e9cises et uniformes sans d\u00e9formation. Cela aide \u00e0 maintenir la <strong>texture, la structure et la qualit\u00e9 originales<\/strong> de la viande. <\/p>    <p class=\"wp-block-paragraph translation-block\">De plus, traiter la viande lorsqu'elle est congel\u00e9e <strong>r\u00e9duit la croissance bact\u00e9rienne<\/strong>, am\u00e9liore la s\u00e9curit\u00e9 alimentaire et minimise la perte d'humidit\u00e9 li\u00e9e \u00e0 la d\u00e9cong\u00e9lation. <\/p>    <figure class=\"wp-block-image size-full\"><img loading=\"lazy\" decoding=\"async\" width=\"720\" height=\"540\" src=\"https:\/\/meat-machine.com\/wp-content\/uploads\/2026\/04\/meat.webp\" alt=\"viande\" class=\"wp-image-1223\" title=\"\" srcset=\"https:\/\/meat-machine.com\/wp-content\/uploads\/2026\/04\/meat.webp 720w, https:\/\/meat-machine.com\/wp-content\/uploads\/2026\/04\/meat-300x225.webp 300w, https:\/\/meat-machine.com\/wp-content\/uploads\/2026\/04\/meat-16x12.webp 16w\" sizes=\"auto, (max-width: 720px) 100vw, 720px\" \/><figcaption class=\"wp-element-caption\">Viande<\/figcaption><\/figure>    <h2 class=\"wp-block-heading\">Comment fonctionne la machine \u00e0 couper la viande congel\u00e9e ?<\/h2>    <p class=\"wp-block-paragraph translation-block\">La machine \u00e0 \u00e9craser la viande congel\u00e9e fonctionne en combinant <strong>la puissance pneumatique et la technologie de coupe \u00e0 grande vitesse<\/strong> pour traiter efficacement les blocs de viande congel\u00e9e dure. La pression de vapeur entra\u00eene un syst\u00e8me de cylindre qui pousse la viande congel\u00e9e vers la chambre de broyage. <\/p>    <p class=\"wp-block-paragraph\">Au fur et \u00e0 mesure que le mat\u00e9riau avance, un ensemble de couteaux rotatifs tourne \u00e0 grande vitesse, appliquant une coupe continue et une force d'impact pour r\u00e9duire la viande en morceaux plus petits et uniformes. Ce processus d'alimentation et de coupe synchronis\u00e9 assure un fonctionnement fluide et une production constante sans besoin de d\u00e9cong\u00e9lation.<\/p>    <figure class=\"wp-block-image size-full\"><img loading=\"lazy\" decoding=\"async\" width=\"720\" height=\"540\" src=\"https:\/\/meat-machine.com\/wp-content\/uploads\/2026\/04\/frozen-meat-cutter.webp\" alt=\"Machine \u00e0 couper la viande congel\u00e9e\" class=\"wp-image-1216\" title=\"\" srcset=\"https:\/\/meat-machine.com\/wp-content\/uploads\/2026\/04\/frozen-meat-cutter.webp 720w, https:\/\/meat-machine.com\/wp-content\/uploads\/2026\/04\/frozen-meat-cutter-300x225.webp 300w, https:\/\/meat-machine.com\/wp-content\/uploads\/2026\/04\/frozen-meat-cutter-16x12.webp 16w\" sizes=\"auto, (max-width: 720px) 100vw, 720px\" \/><figcaption class=\"wp-element-caption\">Coupe viande congel\u00e9e<\/figcaption><\/figure>    <p class=\"wp-block-paragraph\">La structure de la machine est enti\u00e8rement soud\u00e9e pour renforcer la r\u00e9sistance globale et minimiser les vibrations pendant le fonctionnement. Cette conception robuste am\u00e9liore non seulement la stabilit\u00e9 mais r\u00e9duit \u00e9galement l'usure et le stress m\u00e9canique, ce qui entra\u00eene un taux de d\u00e9faillance plus faible et une dur\u00e9e de vie plus longue. <\/p>    <p class=\"wp-block-paragraph\">Avec sa performance stable et son m\u00e9canisme de broyage efficace, la machine \u00e0 \u00e9craser la viande congel\u00e9e est id\u00e9ale pour une transformation continue de la viande \u00e0 l'\u00e9chelle industrielle.<\/p>    <figure class=\"wp-block-image size-full\"><img loading=\"lazy\" decoding=\"async\" width=\"720\" height=\"540\" src=\"https:\/\/meat-machine.com\/wp-content\/uploads\/2026\/04\/Frozen-meat-crusher-machine-for-sale.webp\" alt=\"Coupe viande congel\u00e9e\" class=\"wp-image-1217\" title=\"\" srcset=\"https:\/\/meat-machine.com\/wp-content\/uploads\/2026\/04\/Frozen-meat-crusher-machine-for-sale.webp 720w, https:\/\/meat-machine.com\/wp-content\/uploads\/2026\/04\/Frozen-meat-crusher-machine-for-sale-300x225.webp 300w, https:\/\/meat-machine.com\/wp-content\/uploads\/2026\/04\/Frozen-meat-crusher-machine-for-sale-16x12.webp 16w\" sizes=\"auto, (max-width: 720px) 100vw, 720px\" \/><figcaption class=\"wp-element-caption\">Machine \u00e0 \u00e9craser la viande congel\u00e9e \u00e0 vendre<\/figcaption><\/figure>    <h2 class=\"wp-block-heading\">Avantages de la machine \u00e0 couper la viande congel\u00e9e<\/h2>    <div class=\"wp-block-media-text is-stacked-on-mobile\"><figure class=\"wp-block-media-text__media\"><img loading=\"lazy\" decoding=\"async\" width=\"720\" height=\"540\" src=\"https:\/\/meat-machine.com\/wp-content\/uploads\/2026\/04\/meat-chopper.webp\" alt=\"La ligne de production de machines \u00e0 galettes de viande est un syst\u00e8me automatis\u00e9 pour la transformation \u00e0 grande \u00e9chelle de galettes de viande.\" class=\"wp-image-1218 size-full\" title=\"\" srcset=\"https:\/\/meat-machine.com\/wp-content\/uploads\/2026\/04\/meat-chopper.webp 720w, https:\/\/meat-machine.com\/wp-content\/uploads\/2026\/04\/meat-chopper-300x225.webp 300w, https:\/\/meat-machine.com\/wp-content\/uploads\/2026\/04\/meat-chopper-16x12.webp 16w\" sizes=\"auto, (max-width: 720px) 100vw, 720px\" \/><\/figure><div class=\"wp-block-media-text__content\"> <ul class=\"wp-block-list\"> <li><strong>Traitement \u00e0 haute efficacit\u00e9 :<\/strong> Coupe rapidement les blocs de viande congel\u00e9e, am\u00e9liorant consid\u00e9rablement la vitesse et la rendement de la production. <\/li>    <li><strong>Pas besoin de d\u00e9cong\u00e9lation :<\/strong> Traite directement la viande \u00e0 -18\u00b0C \u00e0 -24\u00b0C, en pr\u00e9servant la fra\u00eecheur et en r\u00e9duisant la croissance bact\u00e9rienne. <\/li>    <li><strong>R\u00e9sultats de coupe uniformes :<\/strong> Produit des tranches, morceaux ou pi\u00e8ces coh\u00e9rents, garantissant une meilleure qualit\u00e9 pour la suite de la transformation. <\/li> <\/ul> <\/div><\/div>    <div class=\"wp-block-media-text has-media-on-the-right is-stacked-on-mobile\"><div class=\"wp-block-media-text__content\"> <ul class=\"wp-block-list\"> <li><strong>Construction durable :<\/strong> Fabriqu\u00e9 en acier inoxydable de qualit\u00e9 alimentaire, garantissant hygi\u00e8ne, r\u00e9sistance \u00e0 la corrosion et longue dur\u00e9e de vie. <\/li>    <li><strong>Performance stable :<\/strong> Une structure solide avec peu de vibrations garantit un fonctionnement fiable et continu. <\/li>    <li><strong>Application large :<\/strong> Convient pour le b\u0153uf, le porc, le poulet, le poisson et autres produits de viande congel\u00e9e. <\/li> <\/ul> <\/div><figure class=\"wp-block-media-text__media\"><img loading=\"lazy\" decoding=\"async\" width=\"720\" height=\"540\" src=\"https:\/\/meat-machine.com\/wp-content\/uploads\/2026\/04\/meat-chopping-machine.webp\" alt=\"Machine \u00e0 \u00e9craser la viande congel\u00e9e \u00e0 vendre\" class=\"wp-image-1219 size-full\" title=\"\" srcset=\"https:\/\/meat-machine.com\/wp-content\/uploads\/2026\/04\/meat-chopping-machine.webp 720w, https:\/\/meat-machine.com\/wp-content\/uploads\/2026\/04\/meat-chopping-machine-300x225.webp 300w, https:\/\/meat-machine.com\/wp-content\/uploads\/2026\/04\/meat-chopping-machine-16x12.webp 16w\" sizes=\"auto, (max-width: 720px) 100vw, 720px\" \/><\/figure><\/div>    <h2 class=\"wp-block-heading\">\u00c9quipements de support pour la machine \u00e0 \u00e9craser la viande congel\u00e9e<\/h2>    <p class=\"wp-block-paragraph translation-block\">La <strong>machine \u00e0 \u00e9craser la viande congel\u00e9e<\/strong> est g\u00e9n\u00e9ralement install\u00e9e \u00e0 l'<strong>'avant des lignes de transformation de la viande<\/strong>, telles que <a href=\"https:\/\/meat-machine.com\/fr\/produit\/meat-patty-making-machine-production-line\/\" data-type=\"link\" data-id=\"https:\/\/meat-machine.com\/product\/meat-patty-making-machine-production-line\/\">les lignes de production de galettes de burger<\/a> et <a href=\"https:\/\/meat-machine.com\/fr\/produit\/meatball-making-machine-processing-line\/\" data-type=\"link\" data-id=\"https:\/\/meat-machine.com\/product\/meatball-making-machine-processing-line\/\">les lignes de production de boulettes<\/a>, pour pr\u00e9parer les mati\u00e8res premi\u00e8res \u00e0 une transformation ult\u00e9rieure. Apr\u00e8s avoir broy\u00e9 les blocs de viande congel\u00e9e en morceaux plus petits et uniformes, le mat\u00e9riau peut \u00eatre transf\u00e9r\u00e9 en douceur vers des \u00e9quipements suivants comme des moulins \u00e0 viande, des coupe-boules, des m\u00e9langeurs et des machines de fa\u00e7onnage. <\/p>    <p class=\"wp-block-paragraph\">Dans une ligne de galettes de viande, la viande \u00e9cras\u00e9e est g\u00e9n\u00e9ralement achemin\u00e9e vers un moulin puis m\u00e9lang\u00e9e avec des assaisonnements avant d'\u00eatre fa\u00e7onn\u00e9e en galettes. Dans une ligne de production de boulettes, elle est encore raffin\u00e9e, m\u00e9lang\u00e9e et fa\u00e7onn\u00e9e en boules uniformes.<\/p>    <figure class=\"wp-block-gallery has-nested-images columns-default is-cropped wp-block-gallery-2 is-layout-flex wp-block-gallery-is-layout-flex\"> <figure class=\"wp-block-image size-large\"><img loading=\"lazy\" decoding=\"async\" width=\"720\" height=\"540\" data-id=\"1026\" src=\"https:\/\/meat-machine.com\/wp-content\/uploads\/2026\/02\/industrial-Meat-patty-making-machine-production-line.webp\" alt=\"Machine d\u2019emballage\" class=\"wp-image-1026\" title=\"\" srcset=\"https:\/\/meat-machine.com\/wp-content\/uploads\/2026\/02\/industrial-Meat-patty-making-machine-production-line.webp 720w, https:\/\/meat-machine.com\/wp-content\/uploads\/2026\/02\/industrial-Meat-patty-making-machine-production-line-300x225.webp 300w, https:\/\/meat-machine.com\/wp-content\/uploads\/2026\/02\/industrial-Meat-patty-making-machine-production-line-16x12.webp 16w\" sizes=\"auto, (max-width: 720px) 100vw, 720px\" \/><figcaption class=\"wp-element-caption\">Ligne de production de machines \u00e0 faire des galettes de viande industrielles<\/figcaption><\/figure>    <figure class=\"wp-block-image size-large\"><img loading=\"lazy\" decoding=\"async\" width=\"720\" height=\"540\" data-id=\"1038\" src=\"https:\/\/meat-machine.com\/wp-content\/uploads\/2026\/02\/Meatball-making-machine-processing-line.webp\" alt=\"Ligne de fabrication de boulettes de viande\" class=\"wp-image-1038\" title=\"\" srcset=\"https:\/\/meat-machine.com\/wp-content\/uploads\/2026\/02\/Meatball-making-machine-processing-line.webp 720w, https:\/\/meat-machine.com\/wp-content\/uploads\/2026\/02\/Meatball-making-machine-processing-line-300x225.webp 300w, https:\/\/meat-machine.com\/wp-content\/uploads\/2026\/02\/Meatball-making-machine-processing-line-16x12.webp 16w\" sizes=\"auto, (max-width: 720px) 100vw, 720px\" \/><figcaption class=\"wp-element-caption\">Ligne de production de machines \u00e0 faire des boulettes de viande<\/figcaption><\/figure> <\/figure>    <h2 class=\"wp-block-heading\">Param\u00e8tres de la machine \u00e0 broyer la viande surgel\u00e9e<\/h2>    <figure class=\"wp-block-table\"><table class=\"has-fixed-layout\"><thead><tr><th>Sp\u00e9cification<\/th><th>D\u00e9tails<\/th><\/tr><\/thead><tbody><tr><td>Tension<\/td><td>380V<\/td><\/tr><tr><td>Pouvoir<\/td><td>5,5 kW<\/td><\/tr><tr><td>Capacit\u00e9<\/td><td>3 \u00e0 5 tonnes par heure<\/td><\/tr><tr><td>Poids<\/td><td>600 kg<\/td><\/tr><tr><td>Dimensions de la machine<\/td><td>1750 \u00d7 945 \u00d7 1220 mm<\/td><\/tr><tr><td>Mat\u00e9riel<\/td><td>Acier inoxydable 304 tout sauf moteur et lames<\/td><\/tr><\/tbody><\/table><figcaption class=\"wp-element-caption\">param\u00e8tres de la machine \u00e0 hacher la viande<\/figcaption><\/figure>    <figure class=\"wp-block-image size-full\"><img loading=\"lazy\" decoding=\"async\" width=\"720\" height=\"540\" src=\"https:\/\/meat-machine.com\/wp-content\/uploads\/2026\/04\/frozen-meat-cutter-machine.webp\" alt=\"Machine \u00e0 hacher la viande\" class=\"wp-image-1220\" title=\"\" srcset=\"https:\/\/meat-machine.com\/wp-content\/uploads\/2026\/04\/frozen-meat-cutter-machine.webp 720w, https:\/\/meat-machine.com\/wp-content\/uploads\/2026\/04\/frozen-meat-cutter-machine-300x225.webp 300w, https:\/\/meat-machine.com\/wp-content\/uploads\/2026\/04\/frozen-meat-cutter-machine-16x12.webp 16w\" sizes=\"auto, (max-width: 720px) 100vw, 720px\" \/><figcaption class=\"wp-element-caption\">Machine \u00e0 couper la viande congel\u00e9e<\/figcaption><\/figure>    <h2 class=\"wp-block-heading\">Conclusion<\/h2>    <p class=\"wp-block-paragraph\"><br>Dans l'ensemble, la machine \u00e0 \u00e9craser la viande congel\u00e9e se distingue par ses performances de broyage pr\u00e9cises et son adaptabilit\u00e9 aux diff\u00e9rents besoins de transformation de la viande. Sa conception robuste assure un fonctionnement fluide et sans vibrations, tandis que le syst\u00e8me de coupe avanc\u00e9 permet une production coh\u00e9rente et uniforme adapt\u00e9e \u00e0 la production en aval. <\/p>    <p class=\"wp-block-paragraph\">En pr\u00e9parant efficacement la viande congel\u00e9e pour une transformation ult\u00e9rieure, cela am\u00e9liore l'efficacit\u00e9 du flux de travail, r\u00e9duit la manipulation manuelle et soutient des op\u00e9rations industrielles \u00e9volutives, en faisant une pierre angulaire fiable pour toute ligne de production de viande moderne.<\/p>","protected":false},"excerpt":{"rendered":"<p>La machine \u00e0 \u00e9craser la viande congel\u00e9e est un appareil industriel \u00e0 haute efficacit\u00e9 capable de traiter la viande congel\u00e9e sans os \u00e0 -18\u00b0C \u00e0 -24\u00b0C.<\/p>","protected":false},"author":1,"featured_media":1215,"parent":0,"template":"","tags":[82],"product-type":[2],"class_list":["post-1209","product","type-product","status-publish","has-post-thumbnail","hentry","tag-frozen-meat-crusher-machine","product-type-meat-cutting-machine"],"_links":{"self":[{"href":"https:\/\/meat-machine.com\/fr\/wp-json\/wp\/v2\/product\/1209","targetHints":{"allow":["GET"]}}],"collection":[{"href":"https:\/\/meat-machine.com\/fr\/wp-json\/wp\/v2\/product"}],"about":[{"href":"https:\/\/meat-machine.com\/fr\/wp-json\/wp\/v2\/types\/product"}],"author":[{"embeddable":true,"href":"https:\/\/meat-machine.com\/fr\/wp-json\/wp\/v2\/users\/1"}],"wp:featuredmedia":[{"embeddable":true,"href":"https:\/\/meat-machine.com\/fr\/wp-json\/wp\/v2\/media\/1215"}],"wp:attachment":[{"href":"https:\/\/meat-machine.com\/fr\/wp-json\/wp\/v2\/media?parent=1209"}],"wp:term":[{"taxonomy":"post_tag","embeddable":true,"href":"https:\/\/meat-machine.com\/fr\/wp-json\/wp\/v2\/tags?post=1209"},{"taxonomy":"product-type","embeddable":true,"href":"https:\/\/meat-machine.com\/fr\/wp-json\/wp\/v2\/product-type?post=1209"}],"curies":[{"name":"wp","href":"https:\/\/api.w.org\/{rel}","templated":true}]}}