{"id":114,"date":"2022-09-09T08:40:18","date_gmt":"2022-09-09T08:40:18","guid":{"rendered":"https:\/\/meat-machine.com\/?post_type=product&#038;p=114"},"modified":"2026-03-16T18:00:03","modified_gmt":"2026-03-16T10:00:03","slug":"fabricant-de-galettes-de-hamburger-commercial","status":"publish","type":"product","link":"https:\/\/meat-machine.com\/fr\/product\/commercial-burger-patty-maker\/","title":{"rendered":"Machine \u00e0 galettes de hamburger commerciale | Machine \u00e0 fabriquer des galettes"},"content":{"rendered":"<div class=\"kk-star-ratings kksr-auto kksr-align-left kksr-valign-top\"     data-payload='{&quot;align&quot;:&quot;left&quot;,&quot;id&quot;:&quot;114&quot;,&quot;slug&quot;:&quot;default&quot;,&quot;valign&quot;:&quot;top&quot;,&quot;ignore&quot;:&quot;&quot;,&quot;reference&quot;:&quot;auto&quot;,&quot;class&quot;:&quot;&quot;,&quot;count&quot;:&quot;12&quot;,&quot;legendonly&quot;:&quot;&quot;,&quot;readonly&quot;:&quot;&quot;,&quot;score&quot;:&quot;4.6&quot;,&quot;starsonly&quot;:&quot;&quot;,&quot;best&quot;:&quot;5&quot;,&quot;gap&quot;:&quot;5&quot;,&quot;greet&quot;:&quot;Rate this product&quot;,&quot;legend&quot;:&quot;4.6\\\/5 - (12 votes)&quot;,&quot;size&quot;:&quot;24&quot;,&quot;title&quot;:&quot;Commercial Burger Patty Maker | Patty Making Machine&quot;,&quot;width&quot;:&quot;130.9&quot;,&quot;_legend&quot;:&quot;{score}\\\/{best} - ({count} {votes})&quot;,&quot;font_factor&quot;:&quot;1.25&quot;}'>              <div class=\"kksr-stars\">      <div class=\"kksr-stars-inactive\">             <div class=\"kksr-star\" data-star=\"1\" style=\"padding-right: 5px\">               <div class=\"kksr-icon\" style=\"width: 24px; height: 24px;\"><\/div>         <\/div>             <div class=\"kksr-star\" data-star=\"2\" style=\"padding-right: 5px\">               <div class=\"kksr-icon\" style=\"width: 24px; height: 24px;\"><\/div>         <\/div>             <div class=\"kksr-star\" data-star=\"3\" style=\"padding-right: 5px\">               <div class=\"kksr-icon\" style=\"width: 24px; height: 24px;\"><\/div>         <\/div>             <div class=\"kksr-star\" data-star=\"4\" style=\"padding-right: 5px\">               <div class=\"kksr-icon\" style=\"width: 24px; height: 24px;\"><\/div>         <\/div>             <div class=\"kksr-star\" data-star=\"5\" style=\"padding-right: 5px\">               <div class=\"kksr-icon\" style=\"width: 24px; height: 24px;\"><\/div>         <\/div>     <\/div>      <div class=\"kksr-stars-active\" style=\"width: 130.9px;\">             <div class=\"kksr-star\" style=\"padding-right: 5px\">               <div class=\"kksr-icon\" style=\"width: 24px; height: 24px;\"><\/div>         <\/div>             <div class=\"kksr-star\" style=\"padding-right: 5px\">               <div class=\"kksr-icon\" style=\"width: 24px; height: 24px;\"><\/div>         <\/div>             <div class=\"kksr-star\" style=\"padding-right: 5px\">               <div class=\"kksr-icon\" style=\"width: 24px; height: 24px;\"><\/div>         <\/div>             <div class=\"kksr-star\" style=\"padding-right: 5px\">               <div class=\"kksr-icon\" style=\"width: 24px; height: 24px;\"><\/div>         <\/div>             <div class=\"kksr-star\" style=\"padding-right: 5px\">               <div class=\"kksr-icon\" style=\"width: 24px; height: 24px;\"><\/div>         <\/div>     <\/div> <\/div>                   <div class=\"kksr-legend\" style=\"font-size: 19.2px;\">             4,6\/5 - (12 votes)    <\/div>     <\/div>  <p class=\"wp-block-paragraph translation-block\">La <strong>machine commerciale \u00e0 galettes de burger<\/strong> peut produire efficacement des galettes de burger uniformes et bien form\u00e9es. Elle peut traiter une vari\u00e9t\u00e9 de mati\u00e8res premi\u00e8res telles que <strong>poisson, poulet, b\u0153uf et porc<\/strong>, ce qui la rend adapt\u00e9e \u00e0 diff\u00e9rents types de produits carn\u00e9s. En <strong>changeant diff\u00e9rents moules<\/strong>, la machine peut produire des galettes de diff\u00e9rentes tailles et formes pour r\u00e9pondre \u00e0 divers besoins de production.<\/p>    <p class=\"wp-block-paragraph translation-block\">\u00c9quip\u00e9e d'un <strong>syst\u00e8me automatique de fa\u00e7onnage et de lib\u00e9ration<\/strong>, la machine garantit que chaque galette a une forme, une \u00e9paisseur et un poids constants. Elle est largement utilis\u00e9e dans <strong>les usines de transformation alimentaire, les cha\u00eenes de restauration rapide, les cuisines centrales et les usines de produits carn\u00e9s<\/strong>.<\/p>    <p class=\"wp-block-paragraph translation-block\">Avec une <strong>capacit\u00e9 de 35 pi\u00e8ces\/min<\/strong>, ce machine \u00e0 galettes de burger am\u00e9liore consid\u00e9rablement la productivit\u00e9 tout en r\u00e9duisant la main-d'\u0153uvre. Sa performance stable, ses options de moules flexibles et sa facilit\u00e9 d'utilisation en font une solution id\u00e9ale pour une production continue et \u00e0 grande \u00e9chelle de galettes de burger.<\/p>    <figure class=\"wp-block-embed is-type-video is-provider-youtube wp-block-embed-youtube wp-embed-aspect-16-9 wp-has-aspect-ratio\"><div class=\"wp-block-embed__wrapper\"> <iframe loading=\"lazy\" title=\"Des galettes parfaites \u00e0 chaque fois : Comment fonctionne la machine \u00e0 galettes de hamburger #hamburger #viande\" width=\"422\" height=\"750\" src=\"https:\/\/www.youtube.com\/embed\/BF8NXTDPVVA?feature=oembed\" frameborder=\"0\" allow=\"accelerometer; autoplay; clipboard-write; encrypted-media; gyroscope; picture-in-picture; web-share\" referrerpolicy=\"strict-origin-when-cross-origin\" allowfullscreen><\/iframe> <\/div><figcaption class=\"wp-element-caption\">Vid\u00e9o de fonctionnement de la machine \u00e0 galettes de burger commerciale<\/figcaption><\/figure>    <h2 id=\"h-application-range-of-the-machine\" class=\"wp-block-heading\">Application du fabricant de galettes de hamburger commercial<\/h2>    <div class=\"wp-block-media-text is-stacked-on-mobile\"><figure class=\"wp-block-media-text__media\"><img loading=\"lazy\" decoding=\"async\" width=\"720\" height=\"540\" src=\"https:\/\/meat-machine.com\/wp-content\/uploads\/2022\/09\/beef-patty.webp\" alt=\"galette de boeuf\" class=\"wp-image-619 size-full\" title=\"\" srcset=\"https:\/\/meat-machine.com\/wp-content\/uploads\/2022\/09\/beef-patty.webp 720w, https:\/\/meat-machine.com\/wp-content\/uploads\/2022\/09\/beef-patty-300x225.webp 300w, https:\/\/meat-machine.com\/wp-content\/uploads\/2022\/09\/beef-patty-16x12.webp 16w\" sizes=\"auto, (max-width: 720px) 100vw, 720px\" \/><\/figure><div class=\"wp-block-media-text__content\"> <ul class=\"wp-block-list\"> <li>Mati\u00e8re premi\u00e8re : poulet, b\u0153uf, porc, mouton, etc.<\/li>    <li>Produits finis : nuggets de poulet colonel, nuggets de poulet mcleod's, galettes de hamburger, d\u00e9licieux steaks, c\u00f4telettes de poulet, c\u00f4telettes de viande, galettes de viande et toutes sortes de brochettes de viande.<\/li> <\/ul> <\/div><\/div>    <div class=\"wp-block-media-text has-media-on-the-right is-stacked-on-mobile\"><div class=\"wp-block-media-text__content\"> <ul class=\"wp-block-list\"> <li>Mati\u00e8re premi\u00e8re : poisson, crevettes, calamars, etc.<\/li>    <li>Produits finis : steak de poisson, galette de hamburger au go\u00fbt de poisson, tempura, kebab, Kanto bouilli, etc.<\/li> <\/ul> <\/div><figure class=\"wp-block-media-text__media\"><img loading=\"lazy\" decoding=\"async\" width=\"720\" height=\"540\" src=\"https:\/\/meat-machine.com\/wp-content\/uploads\/2022\/09\/pork-patty.webp\" alt=\"galette de porc\" class=\"wp-image-622 size-full\" title=\"\" srcset=\"https:\/\/meat-machine.com\/wp-content\/uploads\/2022\/09\/pork-patty.webp 720w, https:\/\/meat-machine.com\/wp-content\/uploads\/2022\/09\/pork-patty-300x225.webp 300w, https:\/\/meat-machine.com\/wp-content\/uploads\/2022\/09\/pork-patty-16x12.webp 16w\" sizes=\"auto, (max-width: 720px) 100vw, 720px\" \/><\/figure><\/div>    <div class=\"wp-block-media-text is-stacked-on-mobile\"><figure class=\"wp-block-media-text__media\"><img loading=\"lazy\" decoding=\"async\" width=\"720\" height=\"540\" src=\"https:\/\/meat-machine.com\/wp-content\/uploads\/2022\/09\/shrimp-patty.webp\" alt=\"galette de crevettes\" class=\"wp-image-623 size-full\" title=\"\" srcset=\"https:\/\/meat-machine.com\/wp-content\/uploads\/2022\/09\/shrimp-patty.webp 720w, https:\/\/meat-machine.com\/wp-content\/uploads\/2022\/09\/shrimp-patty-300x225.webp 300w, https:\/\/meat-machine.com\/wp-content\/uploads\/2022\/09\/shrimp-patty-16x12.webp 16w\" sizes=\"auto, (max-width: 720px) 100vw, 720px\" \/><\/figure><div class=\"wp-block-media-text__content\"> <ul class=\"wp-block-list\"> <li>Mati\u00e8re premi\u00e8re : m\u00e9lange de viande et de l\u00e9gumes, m\u00e9lange aquatique et de viande.<\/li>    <li>Produits finis : diff\u00e9rents types de hamburgers, Oden, etc.<\/li> <\/ul> <\/div><\/div>    <div class=\"wp-block-media-text has-media-on-the-right is-stacked-on-mobile\"><div class=\"wp-block-media-text__content\"> <ul class=\"wp-block-list\"> <li>Mati\u00e8re premi\u00e8re : pommes de terre, patates douces, potirons, carottes, haricots verts, etc.<\/li>    <li>Produits finis : galettes de pommes de terre, galettes de potiron, galettes de hamburger aux l\u00e9gumes.<\/li> <\/ul> <\/div><figure class=\"wp-block-media-text__media\"><img loading=\"lazy\" decoding=\"async\" width=\"720\" height=\"540\" src=\"https:\/\/meat-machine.com\/wp-content\/uploads\/2022\/09\/vegetable-patty.webp\" alt=\"galette de l\u00e9gumes\" class=\"wp-image-624 size-full\" title=\"\" srcset=\"https:\/\/meat-machine.com\/wp-content\/uploads\/2022\/09\/vegetable-patty.webp 720w, https:\/\/meat-machine.com\/wp-content\/uploads\/2022\/09\/vegetable-patty-300x225.webp 300w, https:\/\/meat-machine.com\/wp-content\/uploads\/2022\/09\/vegetable-patty-16x12.webp 16w\" sizes=\"auto, (max-width: 720px) 100vw, 720px\" \/><\/figure><\/div>    <p class=\"wp-block-paragraph\">En plus des ingr\u00e9dients ci-dessus, notre machine peut \u00e9galement r\u00e9aliser des galettes avec d'autres ingr\u00e9dients. Si vous avez des questions, veuillez nous contacter via la fen\u00eatre contextuelle situ\u00e9e dans le coin inf\u00e9rieur droit.<\/p>    <h2 id=\"h-design-of-commercial-hamburger-patty-maker\" class=\"wp-block-heading\">Machine \u00e0 galettes de hamburger commerciale \u00e0 vendre<\/h2>    <div class=\"wp-block-media-text is-stacked-on-mobile\"><figure class=\"wp-block-media-text__media\"><img loading=\"lazy\" decoding=\"async\" width=\"720\" height=\"540\" src=\"https:\/\/meat-machine.com\/wp-content\/uploads\/2022\/09\/the-machine-can-make-meat-patties-of-different-shapes.webp\" alt=\"la machine peut faire des galettes de viande de diff\u00e9rentes formes\" class=\"wp-image-143 size-full\" title=\"\" srcset=\"https:\/\/meat-machine.com\/wp-content\/uploads\/2022\/09\/the-machine-can-make-meat-patties-of-different-shapes.webp 720w, https:\/\/meat-machine.com\/wp-content\/uploads\/2022\/09\/the-machine-can-make-meat-patties-of-different-shapes-300x225.webp 300w\" sizes=\"auto, (max-width: 720px) 100vw, 720px\" \/><\/figure><div class=\"wp-block-media-text__content\"> <ul class=\"wp-block-list\"> <li><strong>Sortie personnalisable<\/strong> <ul class=\"wp-block-list\"> <li>En changeant les moules de formation, la machine peut produire des galettes de diff\u00e9rentes tailles, \u00e9paisseurs et formes.<\/li> <\/ul> <\/li>    <li><strong>Alimentation et formation synchronis\u00e9es<\/strong> <ul class=\"wp-block-list\"> <li>L'h\u00e9lice et le tambour de formation fonctionnent en synchronisation, garantissant un volume d'alimentation \u00e9lev\u00e9 et une pression de moulage uniforme.<\/li> <\/ul> <\/li> <\/ul> <\/div><\/div>    <div class=\"wp-block-media-text has-media-on-the-right is-stacked-on-mobile\"><div class=\"wp-block-media-text__content\"> <ul class=\"wp-block-list\"> <li><strong>Noyau de moule r\u00e9glable int\u00e9gr\u00e9<\/strong> <ul class=\"wp-block-list\"> <li>Le noyau du moule est con\u00e7u comme une unit\u00e9 unique et d\u00e9tachable, ce qui rend l'ajustement de l'\u00e9paisseur simple et pr\u00e9cis.<\/li> <\/ul> <\/li>    <li><strong>Remplacement rapide du moule<\/strong> <ul class=\"wp-block-list\"> <li>Les moules sont faciles \u00e0 changer, permettant une production flexible de galettes de diff\u00e9rentes formes avec un temps d'arr\u00eat minimal.<\/li> <\/ul> <\/li> <\/ul> <\/div><figure class=\"wp-block-media-text__media\"><img loading=\"lazy\" decoding=\"async\" width=\"720\" height=\"540\" src=\"https:\/\/meat-machine.com\/wp-content\/uploads\/2022\/09\/automatic-meat-patty-forming-machine.webp\" alt=\"machine automatique de fabrication de galettes\" class=\"wp-image-310 size-full\" title=\"\" srcset=\"https:\/\/meat-machine.com\/wp-content\/uploads\/2022\/09\/automatic-meat-patty-forming-machine.webp 720w, https:\/\/meat-machine.com\/wp-content\/uploads\/2022\/09\/automatic-meat-patty-forming-machine-300x225.webp 300w\" sizes=\"auto, (max-width: 720px) 100vw, 720px\" \/><\/figure><\/div>    <h2 id=\"h-advantages-of-commercial-burger-patty-maker\" class=\"wp-block-heading\">Caract\u00e9ristiques du fabricant de galettes de hamburger commercial<\/h2>    <div class=\"wp-block-media-text is-stacked-on-mobile\"><figure class=\"wp-block-media-text__media\"><img loading=\"lazy\" decoding=\"async\" width=\"720\" height=\"540\" src=\"https:\/\/meat-machine.com\/wp-content\/uploads\/2022\/09\/meat-patty-machine-moulds.webp\" alt=\"moules pour machine \u00e0 galettes de viande\" class=\"wp-image-1179 size-full\" title=\"\" srcset=\"https:\/\/meat-machine.com\/wp-content\/uploads\/2022\/09\/meat-patty-machine-moulds.webp 720w, https:\/\/meat-machine.com\/wp-content\/uploads\/2022\/09\/meat-patty-machine-moulds-300x225.webp 300w, https:\/\/meat-machine.com\/wp-content\/uploads\/2022\/09\/meat-patty-machine-moulds-16x12.webp 16w\" sizes=\"auto, (max-width: 720px) 100vw, 720px\" \/><\/figure><div class=\"wp-block-media-text__content\"> <ul class=\"wp-block-list\"> <li><strong>Construction de qualit\u00e9 alimentaire<\/strong> <ul class=\"wp-block-list\"> <li>La machine est enti\u00e8rement fabriqu\u00e9e en acier inoxydable de qualit\u00e9 alimentaire, enti\u00e8rement conforme aux normes d'hygi\u00e8ne et <a href=\"https:\/\/nl.wikipedia.org\/wiki\/HACCP\" data-type=\"link\" data-id=\"https:\/\/nl.wikipedia.org\/wiki\/HACCP\" target=\"_blank\" rel=\"noopener\">HACCP<\/a> normes.<\/li> <\/ul> <\/li>    <li><strong>Formes de galettes multiples<\/strong> <ul class=\"wp-block-list\"> <li>Elle peut former des galettes dans diff\u00e9rentes formes, y compris rondes, carr\u00e9es, triangulaires, en c\u0153ur et d'autres designs personnalis\u00e9s.<\/li> <\/ul> <\/li>    <li><strong>Taille de galette ajustable<\/strong> <ul class=\"wp-block-list\"> <li>La machine produit des galettes avec un <strong>diam\u00e8tre maximum de 120 mm<\/strong>, et le <strong>l'\u00e9paisseur peut \u00eatre ajust\u00e9e de 6 mm \u00e0 21 mm<\/strong> selon les exigences de production.<\/li> <\/ul> <\/li> <\/ul> <\/div><\/div>    <div class=\"wp-block-media-text has-media-on-the-right is-stacked-on-mobile\"><div class=\"wp-block-media-text__content\"> <ul class=\"wp-block-list\"> <li><strong>Compatibilit\u00e9 polyvalente des mati\u00e8res premi\u00e8res<\/strong> <ul class=\"wp-block-list\"> <li>Convient pour le traitement d'une vari\u00e9t\u00e9 d'ingr\u00e9dients tels que le b\u0153uf, le porc, le poulet, le poisson, les l\u00e9gumes et les m\u00e9langes \u00e0 base de plantes.<\/li> <\/ul> <\/li>    <li><strong>Conception de s\u00e9curit\u00e9 europ\u00e9enne<\/strong> <ul class=\"wp-block-list\"> <li>Con\u00e7ue avec un syst\u00e8me \u00e9lectrique conforme aux normes europ\u00e9ennes pour garantir un fonctionnement s\u00fbr.<\/li> <\/ul> <\/li>    <li><strong>Fonctionnement simple<\/strong> <ul class=\"wp-block-list\"> <li>Facile \u00e0 utiliser : il suffit de verser la mati\u00e8re premi\u00e8re pr\u00e9par\u00e9e dans le baril et de commencer \u00e0 former des galettes automatiquement.<\/li> <\/ul> <\/li> <\/ul> <\/div><figure class=\"wp-block-media-text__media\"><img loading=\"lazy\" decoding=\"async\" width=\"720\" height=\"540\" src=\"https:\/\/meat-machine.com\/wp-content\/uploads\/2024\/01\/hamburger-patty.webp\" alt=\"galette de hamburger\" class=\"wp-image-530 size-full\" title=\"\" srcset=\"https:\/\/meat-machine.com\/wp-content\/uploads\/2024\/01\/hamburger-patty.webp 720w, https:\/\/meat-machine.com\/wp-content\/uploads\/2024\/01\/hamburger-patty-300x225.webp 300w\" sizes=\"auto, (max-width: 720px) 100vw, 720px\" \/><\/figure><\/div>    <h2 class=\"wp-block-heading\">Comment fonctionne la machine commerciale \u00e0 galettes de burger ?<\/h2>    <div class=\"wp-block-media-text is-stacked-on-mobile\"><figure class=\"wp-block-media-text__media\"><img loading=\"lazy\" decoding=\"async\" width=\"540\" height=\"720\" src=\"https:\/\/meat-machine.com\/wp-content\/uploads\/2022\/09\/meat-patty-machine-working-process.webp\" alt=\"processus de fonctionnement de la machine \u00e0 galettes de viande\" class=\"wp-image-621 size-full\" title=\"\" srcset=\"https:\/\/meat-machine.com\/wp-content\/uploads\/2022\/09\/meat-patty-machine-working-process.webp 540w, https:\/\/meat-machine.com\/wp-content\/uploads\/2022\/09\/meat-patty-machine-working-process-225x300.webp 225w, https:\/\/meat-machine.com\/wp-content\/uploads\/2022\/09\/meat-patty-machine-working-process-9x12.webp 9w\" sizes=\"auto, (max-width: 540px) 100vw, 540px\" \/><\/figure><div class=\"wp-block-media-text__content\"> <ul class=\"wp-block-list\"> <li><strong>Alimentation en mat\u00e9riaux<\/strong> <ul class=\"wp-block-list\"> <li>La viande hach\u00e9e ou les ingr\u00e9dients m\u00e9lang\u00e9s sont plac\u00e9s dans le hopper. Le syst\u00e8me d'alimentation livre en continu le m\u00e9lange dans le moule de fa\u00e7onnage.<\/li> <\/ul> <\/li>    <li><strong>Fa\u00e7onnage des galettes<\/strong> <ul class=\"wp-block-list\"> <li>\u00c0 l'int\u00e9rieur de la machine, la plaque de fa\u00e7onnage presse le m\u00e9lange de viande dans une cavit\u00e9 de moule, lui donnant une forme ronde avec un diam\u00e8tre et une \u00e9paisseur constants.<\/li> <\/ul> <\/li>    <li><strong>Lib\u00e9ration Automatique<\/strong> <ul class=\"wp-block-list\"> <li>Apr\u00e8s le fa\u00e7onnage, la machine lib\u00e8re automatiquement les galettes du moule sans endommager leur forme.<\/li> <\/ul> <\/li>    <li><strong>Sortie par convoyeur<\/strong> <ul class=\"wp-block-list\"> <li>Les galettes fa\u00e7onn\u00e9es sont transf\u00e9r\u00e9es sur la bande transporteuse et transport\u00e9es en douceur vers l'\u00e9tape suivante du traitement, comme le rev\u00eatement, la friture, la cong\u00e9lation ou l'emballage.<\/li> <\/ul> <\/li>    <li><strong>Production Continue<\/strong> <ul class=\"wp-block-list\"> <li>La machine fonctionne en continu, produisant des galettes \u00e0 un <strong>capacit\u00e9 allant jusqu'\u00e0 35 pi\u00e8ces par minute<\/strong>, garantissant une haute efficacit\u00e9 et une qualit\u00e9 de produit uniforme.<\/li> <\/ul> <\/li> <\/ul> <\/div><\/div>    <h2 class=\"wp-block-heading\">Donn\u00e9es techniques de la machine automatique \u00e0 galettes de viande<\/h2>    <figure class=\"wp-block-table\"><table class=\"has-fixed-layout\"><thead><tr><th>Mod\u00e8le<\/th><th>TZ-100<\/th><\/tr><\/thead><tbody><tr><td>Dimension globale<\/td><td>860 \u00d7 600 \u00d7 1350 mm<\/td><\/tr><tr><td>Capacit\u00e9 du hopper \u00e0 viande<\/td><td>32 L<\/td><\/tr><tr><td>Diam\u00e8tre de la galette<\/td><td>28\u2013120 mm<\/td><\/tr><tr><td>\u00c9paisseur de la galette<\/td><td>6\u201321 mm (ajustable)<\/td><\/tr><tr><td>Pouvoir<\/td><td>0,75 kW<\/td><\/tr><tr><td>Largeur de la bande transporteuse<\/td><td>130 mm<\/td><\/tr><tr><td>Poids de la machine<\/td><td>100 kg<\/td><\/tr><tr><td>Capacit\u00e9<\/td><td>35 pi\u00e8ces\/min<\/td><\/tr><\/tbody><\/table><figcaption class=\"wp-element-caption\">param\u00e8tres de la machine \u00e0 galettes de viande<\/figcaption><\/figure>    <p class=\"wp-block-paragraph\">Ce qui pr\u00e9c\u00e8de sont les param\u00e8tres d'une machine de formage de galettes de viande avec un rendement de 35 pi\u00e8ces\/min. Cela signifie que 2\u00a0100 produits finis peuvent \u00eatre fabriqu\u00e9s par heure. Cela peut r\u00e9pondre aux besoins de production de la plupart des clients. <\/p>    <p class=\"wp-block-paragraph\">De plus, la puissance de cette machine est de 0,55kw. Le poids est de 100 kg. Si vous souhaitez en savoir plus sur cette machine, veuillez nous contacter.<\/p>    <figure class=\"wp-block-gallery aligncenter has-nested-images columns-default is-cropped wp-block-gallery-2 is-layout-flex wp-block-gallery-is-layout-flex\"> <figure class=\"wp-block-image size-full\"><img loading=\"lazy\" decoding=\"async\" width=\"720\" height=\"540\" data-id=\"311\" src=\"https:\/\/meat-machine.com\/wp-content\/uploads\/2022\/09\/commercial-burger-patty-maker-1.webp\" alt=\"fabricant de galettes de hamburger commercial\" class=\"wp-image-311\" title=\"\" srcset=\"https:\/\/meat-machine.com\/wp-content\/uploads\/2022\/09\/commercial-burger-patty-maker-1.webp 720w, https:\/\/meat-machine.com\/wp-content\/uploads\/2022\/09\/commercial-burger-patty-maker-1-300x225.webp 300w\" sizes=\"auto, (max-width: 720px) 100vw, 720px\" \/><figcaption class=\"wp-element-caption\">Machine \u00e0 galettes de burger commerciale<\/figcaption><\/figure>    <figure class=\"wp-block-image size-full\"><img loading=\"lazy\" decoding=\"async\" width=\"720\" height=\"540\" data-id=\"312\" src=\"https:\/\/meat-machine.com\/wp-content\/uploads\/2022\/09\/commercial-hamburger-patty-making-machine.webp\" alt=\"machine commerciale de fabrication de galettes de hamburger\" class=\"wp-image-312\" title=\"\" srcset=\"https:\/\/meat-machine.com\/wp-content\/uploads\/2022\/09\/commercial-hamburger-patty-making-machine.webp 720w, https:\/\/meat-machine.com\/wp-content\/uploads\/2022\/09\/commercial-hamburger-patty-making-machine-300x225.webp 300w\" sizes=\"auto, (max-width: 720px) 100vw, 720px\" \/><figcaption class=\"wp-element-caption\">Machine \u00e0 fabriquer des galettes de hamburger commerciales<\/figcaption><\/figure> <\/figure>    <h2 class=\"wp-block-heading\">Processus complet de production de galette de viande<\/h2>    <p class=\"wp-block-paragraph translation-block\">Si vous envisagez d'investir dans la production de galettes de viande, un <strong> seul machine commerciale \u00e0 galettes de burger ne suffit pas<\/strong>. Pour r\u00e9pondre \u00e0 ces besoins, nous proposons une <strong><a href=\"https:\/\/meat-machine.com\/fr\/produit\/meat-patty-making-machine-production-line\/\" data-type=\"link\" data-id=\"https:\/\/meat-machine.com\/product\/meat-patty-making-machine-production-line\/\"> ligne compl\u00e8te de traitement des galettes de viande<\/a><\/strong>, comprenant des machines telles que <strong>broyeurs de viande, m\u00e9langeurs de viande, machines de fa\u00e7onnage de galettes, machines \u00e0 enrober, machines \u00e0 paner, friteuses et machines d'emballage<\/strong>. <\/p>    <p class=\"wp-block-paragraph\">Ces machines fonctionnent ensemble pour assurer une production efficace, continue et une qualit\u00e9 de produit constante, ce qui les rend id\u00e9ales pour les usines de transformation alimentaire et les grands fabricants de produits carn\u00e9s.<\/p>    <figure class=\"wp-block-gallery aligncenter has-nested-images columns-default is-cropped wp-block-gallery-3 is-layout-flex wp-block-gallery-is-layout-flex\"> <figure class=\"wp-block-image size-full\"><img loading=\"lazy\" decoding=\"async\" width=\"720\" height=\"540\" data-id=\"1026\" src=\"https:\/\/meat-machine.com\/wp-content\/uploads\/2026\/02\/industrial-Meat-patty-making-machine-production-line.webp\" alt=\"Machine d\u2019emballage\" class=\"wp-image-1026\" title=\"\" srcset=\"https:\/\/meat-machine.com\/wp-content\/uploads\/2026\/02\/industrial-Meat-patty-making-machine-production-line.webp 720w, https:\/\/meat-machine.com\/wp-content\/uploads\/2026\/02\/industrial-Meat-patty-making-machine-production-line-300x225.webp 300w, https:\/\/meat-machine.com\/wp-content\/uploads\/2026\/02\/industrial-Meat-patty-making-machine-production-line-16x12.webp 16w\" sizes=\"auto, (max-width: 720px) 100vw, 720px\" \/><figcaption class=\"wp-element-caption\">Ligne de production de machines \u00e0 faire des galettes de viande industrielles<\/figcaption><\/figure>    <figure class=\"wp-block-image size-full\"><img loading=\"lazy\" decoding=\"async\" width=\"720\" height=\"540\" data-id=\"625\" src=\"https:\/\/meat-machine.com\/wp-content\/uploads\/2022\/09\/burger-patty-production-factory.webp\" alt=\"Usine de production de galettes de burger\" class=\"wp-image-625\" title=\"\" srcset=\"https:\/\/meat-machine.com\/wp-content\/uploads\/2022\/09\/burger-patty-production-factory.webp 720w, https:\/\/meat-machine.com\/wp-content\/uploads\/2022\/09\/burger-patty-production-factory-300x225.webp 300w, https:\/\/meat-machine.com\/wp-content\/uploads\/2022\/09\/burger-patty-production-factory-16x12.webp 16w\" sizes=\"auto, (max-width: 720px) 100vw, 720px\" \/><figcaption class=\"wp-element-caption\">Usine de production de galettes<\/figcaption><\/figure> <\/figure>    <h2 class=\"wp-block-heading\">Conclusion<\/h2>    <p class=\"wp-block-paragraph\">Si vous cherchez \u00e0 augmenter la capacit\u00e9 de production tout en maintenant la qualit\u00e9 du produit, cette machine \u00e0 galettes est un choix fiable et \u00e9conomique. <\/p>    <p class=\"wp-block-paragraph\">N'h\u00e9sitez pas \u00e0 nous contacter pour plus de d\u00e9tails ou pour demander un devis adapt\u00e9 \u00e0 vos besoins.<\/p>","protected":false},"excerpt":{"rendered":"<p>La machine \u00e0 galettes de burger commerciale peut produire efficacement des galettes uniformes et bien form\u00e9es. Elle peut traiter une vari\u00e9t\u00e9 de mat\u00e9riaux tels que le b\u0153uf, le poulet, le poisson et les m\u00e9langes \u00e0 base de plantes. <\/p>","protected":false},"author":1,"featured_media":313,"parent":0,"template":"","tags":[15],"product-type":[4],"class_list":["post-114","product","type-product","status-publish","has-post-thumbnail","hentry","tag-burger-patty-maker","product-type-meat-grinder"],"_links":{"self":[{"href":"https:\/\/meat-machine.com\/fr\/wp-json\/wp\/v2\/product\/114","targetHints":{"allow":["GET"]}}],"collection":[{"href":"https:\/\/meat-machine.com\/fr\/wp-json\/wp\/v2\/product"}],"about":[{"href":"https:\/\/meat-machine.com\/fr\/wp-json\/wp\/v2\/types\/product"}],"author":[{"embeddable":true,"href":"https:\/\/meat-machine.com\/fr\/wp-json\/wp\/v2\/users\/1"}],"wp:featuredmedia":[{"embeddable":true,"href":"https:\/\/meat-machine.com\/fr\/wp-json\/wp\/v2\/media\/313"}],"wp:attachment":[{"href":"https:\/\/meat-machine.com\/fr\/wp-json\/wp\/v2\/media?parent=114"}],"wp:term":[{"taxonomy":"post_tag","embeddable":true,"href":"https:\/\/meat-machine.com\/fr\/wp-json\/wp\/v2\/tags?post=114"},{"taxonomy":"product-type","embeddable":true,"href":"https:\/\/meat-machine.com\/fr\/wp-json\/wp\/v2\/product-type?post=114"}],"curies":[{"name":"wp","href":"https:\/\/api.w.org\/{rel}","templated":true}]}}