{"id":109,"date":"2022-09-08T10:38:58","date_gmt":"2022-09-08T10:38:58","guid":{"rendered":"https:\/\/meat-machine.com\/?post_type=product&#038;p=109"},"modified":"2026-03-17T17:54:44","modified_gmt":"2026-03-17T09:54:44","slug":"machine-a-fabriquer-des-boulettes-de-viande","status":"publish","type":"product","link":"https:\/\/meat-machine.com\/fr\/product\/meatball-making-machine\/","title":{"rendered":"Machine de fabrication de boulettes de viande"},"content":{"rendered":"<div class=\"kk-star-ratings kksr-auto kksr-align-left kksr-valign-top\"     data-payload='{&quot;align&quot;:&quot;left&quot;,&quot;id&quot;:&quot;109&quot;,&quot;slug&quot;:&quot;default&quot;,&quot;valign&quot;:&quot;top&quot;,&quot;ignore&quot;:&quot;&quot;,&quot;reference&quot;:&quot;auto&quot;,&quot;class&quot;:&quot;&quot;,&quot;count&quot;:&quot;26&quot;,&quot;legendonly&quot;:&quot;&quot;,&quot;readonly&quot;:&quot;&quot;,&quot;score&quot;:&quot;4.8&quot;,&quot;starsonly&quot;:&quot;&quot;,&quot;best&quot;:&quot;5&quot;,&quot;gap&quot;:&quot;5&quot;,&quot;greet&quot;:&quot;Rate this product&quot;,&quot;legend&quot;:&quot;4.8\\\/5 - (26 votes)&quot;,&quot;size&quot;:&quot;24&quot;,&quot;title&quot;:&quot;Meatball Making Machine&quot;,&quot;width&quot;:&quot;136.7&quot;,&quot;_legend&quot;:&quot;{score}\\\/{best} - ({count} {votes})&quot;,&quot;font_factor&quot;:&quot;1.25&quot;}'>              <div class=\"kksr-stars\">      <div class=\"kksr-stars-inactive\">             <div class=\"kksr-star\" data-star=\"1\" style=\"padding-right: 5px\">               <div class=\"kksr-icon\" style=\"width: 24px; height: 24px;\"><\/div>         <\/div>             <div class=\"kksr-star\" data-star=\"2\" style=\"padding-right: 5px\">               <div class=\"kksr-icon\" style=\"width: 24px; height: 24px;\"><\/div>         <\/div>             <div class=\"kksr-star\" data-star=\"3\" style=\"padding-right: 5px\">               <div class=\"kksr-icon\" style=\"width: 24px; height: 24px;\"><\/div>         <\/div>             <div class=\"kksr-star\" data-star=\"4\" style=\"padding-right: 5px\">               <div class=\"kksr-icon\" style=\"width: 24px; height: 24px;\"><\/div>         <\/div>             <div class=\"kksr-star\" data-star=\"5\" style=\"padding-right: 5px\">               <div class=\"kksr-icon\" style=\"width: 24px; height: 24px;\"><\/div>         <\/div>     <\/div>      <div class=\"kksr-stars-active\" style=\"width: 136.7px;\">             <div class=\"kksr-star\" style=\"padding-right: 5px\">               <div class=\"kksr-icon\" style=\"width: 24px; height: 24px;\"><\/div>         <\/div>             <div class=\"kksr-star\" style=\"padding-right: 5px\">               <div class=\"kksr-icon\" style=\"width: 24px; height: 24px;\"><\/div>         <\/div>             <div class=\"kksr-star\" style=\"padding-right: 5px\">               <div class=\"kksr-icon\" style=\"width: 24px; height: 24px;\"><\/div>         <\/div>             <div class=\"kksr-star\" style=\"padding-right: 5px\">               <div class=\"kksr-icon\" style=\"width: 24px; height: 24px;\"><\/div>         <\/div>             <div class=\"kksr-star\" style=\"padding-right: 5px\">               <div class=\"kksr-icon\" style=\"width: 24px; height: 24px;\"><\/div>         <\/div>     <\/div> <\/div>                   <div class=\"kksr-legend\" style=\"font-size: 19.2px;\">             4,8\/5 - (26 votes)    <\/div>     <\/div>  <p class=\"wp-block-paragraph translation-block\">La <strong>Machine \u00e0 fabriquer des boulettes<\/strong> peut former automatiquement des boulettes de viande uniformes et lisses \u00e0 partir de p\u00e2te de viande pr\u00e9par\u00e9e. Avec un syst\u00e8me de formation automatique, la machine peut produire en continu des boulettes de viande de taille uniforme, de forme ronde, et de poids stable. <\/p>    <p class=\"wp-block-paragraph translation-block\">La machine peut produire \u00e0 la fois <strong>des boulettes de viande solides et des boulettes farcies<\/strong>, r\u00e9pondant aux besoins de diff\u00e9rents produits alimentaires. Sa capacit\u00e9 de production peut atteindre <strong>500\u2013600 pi\u00e8ces\/min<\/strong>, am\u00e9liorant consid\u00e9rablement l'efficacit\u00e9 de la production pour un traitement \u00e0 grande \u00e9chelle.<\/p>    <p class=\"wp-block-paragraph translation-block\">La machine \u00e0 fabriquer des boulettes peut traiter une vari\u00e9t\u00e9 de mati\u00e8res premi\u00e8res, y compris <strong>p\u00e2te de b\u0153uf, p\u00e2te de porc, p\u00e2te de poulet, p\u00e2te de poisson, et mat\u00e9riaux de viande m\u00e9lang\u00e9s<\/strong>. Elle peut \u00e9galement g\u00e9rer des m\u00e9langes combin\u00e9s avec de la f\u00e9cule, des assaisonnements et d'autres ingr\u00e9dients, ce qui la rend adapt\u00e9e \u00e0 la production de boulettes de b\u0153uf, boulettes de porc, boulettes de poulet, boulettes de poisson, et autres produits alimentaires similaires.<\/p>    <p class=\"wp-block-paragraph\">Elle est largement utilis\u00e9e dans les usines de transformation alimentaire, cuisines centrales, restaurants, et usines de produits surgel\u00e9s pour am\u00e9liorer l'efficacit\u00e9 de la production et assurer une qualit\u00e9 constante du produit. <\/p>    <figure class=\"wp-block-embed is-type-video is-provider-youtube wp-block-embed-youtube wp-embed-aspect-9-16 wp-has-aspect-ratio\"><div class=\"wp-block-embed__wrapper\"> <iframe loading=\"lazy\" title=\"Machine \u00e0 fabriquer des boulettes commerciale | Production efficace de boulettes #boulettes #transformationalimentaire\" width=\"422\" height=\"750\" src=\"https:\/\/www.youtube.com\/embed\/66EHhpuL-2U?feature=oembed\" frameborder=\"0\" allow=\"accelerometer; autoplay; clipboard-write; encrypted-media; gyroscope; picture-in-picture; web-share\" referrerpolicy=\"strict-origin-when-cross-origin\" allowfullscreen><\/iframe> <\/div><figcaption class=\"wp-element-caption\">vid\u00e9o de fonctionnement de la machine \u00e0 fabriquer des boulettes de viande<\/figcaption><\/figure>    <h2 id=\"h-how-are-meatballs-made\" class=\"wp-block-heading\">Comment sont fabriqu\u00e9es les boulettes de viande ?<\/h2>    <div class=\"wp-block-media-text is-stacked-on-mobile\"><figure class=\"wp-block-media-text__media\"><img loading=\"lazy\" decoding=\"async\" width=\"720\" height=\"540\" src=\"https:\/\/meat-machine.com\/wp-content\/uploads\/2022\/09\/meat-ball-making-machine-for-sale.webp\" alt=\"Machine \u00e0 faire des boulettes de viande \u00e0 vendre\" class=\"wp-image-751 size-full\" title=\"\" srcset=\"https:\/\/meat-machine.com\/wp-content\/uploads\/2022\/09\/meat-ball-making-machine-for-sale.webp 720w, https:\/\/meat-machine.com\/wp-content\/uploads\/2022\/09\/meat-ball-making-machine-for-sale-300x225.webp 300w, https:\/\/meat-machine.com\/wp-content\/uploads\/2022\/09\/meat-ball-making-machine-for-sale-16x12.webp 16w\" sizes=\"auto, (max-width: 720px) 100vw, 720px\" \/><\/figure><div class=\"wp-block-media-text__content\"> <ul class=\"wp-block-list\"> <li>Nettoyez la viande.<br>Assurez-vous que la viande est soigneusement nettoy\u00e9e pour maintenir l\u2019hygi\u00e8ne.<\/li>    <li>Hachez la viande.<br>Utiliser une publicit\u00e9 <a href=\"https:\/\/meat-machine.com\/fr\/produit\/hachoir-a-viande-commercial\/\" data-type=\"link\" data-id=\"https:\/\/meat-machine.com\/product\/commercial-meat-mincer-machine\/\">hachoir \u00e0 viande<\/a> couper la viande en petits d\u00e9s.<\/li> <\/ul> <\/div><\/div>    <div class=\"wp-block-media-text has-media-on-the-right is-stacked-on-mobile\"><div class=\"wp-block-media-text__content\"> <ul class=\"wp-block-list\"> <li>Pr\u00e9parez une p\u00e2te de viande.<br>Transformez la viande coup\u00e9e en d\u00e9s en une p\u00e2te lisse \u00e0 l'aide d'un pulpeur \u00e0 viande.<\/li>    <li>Pr\u00e9parez la viande hach\u00e9e.<br>Transf\u00e9rez la p\u00e2te de viande dans un presse-pur\u00e9e, battez-la et mixez-la jusqu'\u00e0 obtenir une consistance finement hach\u00e9e.<\/li> <\/ul> <\/div><figure class=\"wp-block-media-text__media\"><img loading=\"lazy\" decoding=\"async\" width=\"720\" height=\"540\" src=\"https:\/\/meat-machine.com\/wp-content\/uploads\/2022\/09\/meatball.webp\" alt=\"boulette de viande\" class=\"wp-image-893 size-full\" title=\"\" srcset=\"https:\/\/meat-machine.com\/wp-content\/uploads\/2022\/09\/meatball.webp 720w, https:\/\/meat-machine.com\/wp-content\/uploads\/2022\/09\/meatball-300x225.webp 300w, https:\/\/meat-machine.com\/wp-content\/uploads\/2022\/09\/meatball-16x12.webp 16w\" sizes=\"auto, (max-width: 720px) 100vw, 720px\" \/><\/figure><\/div>    <div class=\"wp-block-media-text is-stacked-on-mobile\"><figure class=\"wp-block-media-text__media\"><img loading=\"lazy\" decoding=\"async\" width=\"720\" height=\"540\" src=\"https:\/\/meat-machine.com\/wp-content\/uploads\/2022\/09\/meat-ball-making-machine.webp\" alt=\"Machine \u00e0 faire des boulettes de viande\" class=\"wp-image-752 size-full\" title=\"\" srcset=\"https:\/\/meat-machine.com\/wp-content\/uploads\/2022\/09\/meat-ball-making-machine.webp 720w, https:\/\/meat-machine.com\/wp-content\/uploads\/2022\/09\/meat-ball-making-machine-300x225.webp 300w, https:\/\/meat-machine.com\/wp-content\/uploads\/2022\/09\/meat-ball-making-machine-16x12.webp 16w\" sizes=\"auto, (max-width: 720px) 100vw, 720px\" \/><\/figure><div class=\"wp-block-media-text__content\"> <ul class=\"wp-block-list\"> <li>Installez la machine \u00e0 boulettes de viande. <ul class=\"wp-block-list\"> <li>Allumez la machine \u00e0 fabriquer des boulettes de viande.<\/li>    <li>Connectez le tuyau d'alimentation en eau et ouvrez le tuyau d'eau sur la plaque coulissante pour permettre l'\u00e9vacuation de l'eau.<\/li> <\/ul> <\/li>    <li>Chargez la machine. <ul class=\"wp-block-list\"> <li>Placez la p\u00e2te de viande pr\u00e9par\u00e9e dans l'orifice d'alimentation de la machine \u00e0 boulettes de viande.<\/li> <\/ul> <\/li> <\/ul> <\/div><\/div>    <div class=\"wp-block-media-text has-media-on-the-right is-stacked-on-mobile\"><div class=\"wp-block-media-text__content\"> <ul class=\"wp-block-list\"> <li>R\u00e9cup\u00e9rez les boulettes de viande. <ul class=\"wp-block-list\"> <li>Placez un bassin d'eau ti\u00e8de \u00e0 la sortie de la machine.<\/li>    <li>Attendez que la machine prenne forme et rel\u00e2chez les boulettes de viande dans la bassine.<\/li> <\/ul> <\/li> <\/ul> <\/div><figure class=\"wp-block-media-text__media\"><img loading=\"lazy\" decoding=\"async\" width=\"720\" height=\"540\" src=\"https:\/\/meat-machine.com\/wp-content\/uploads\/2022\/09\/meatballs.webp\" alt=\"boulettes de viande\" class=\"wp-image-894 size-full\" title=\"\" srcset=\"https:\/\/meat-machine.com\/wp-content\/uploads\/2022\/09\/meatballs.webp 720w, https:\/\/meat-machine.com\/wp-content\/uploads\/2022\/09\/meatballs-300x225.webp 300w, https:\/\/meat-machine.com\/wp-content\/uploads\/2022\/09\/meatballs-16x12.webp 16w\" sizes=\"auto, (max-width: 720px) 100vw, 720px\" \/><\/figure><\/div>    <p class=\"wp-block-paragraph\">Ce processus garantit une production efficace et hygi\u00e9nique de boulettes de viande de haute qualit\u00e9.<\/p>    <h2 id=\"h-what-are-the-characteristics-of-the-commercial-meatball-making-machine\" class=\"wp-block-heading\">Quelles sont les caract\u00e9ristiques de la machine commerciale de fabrication de boulettes de viande\u00a0?<\/h2>    <div class=\"wp-block-media-text is-stacked-on-mobile\"><figure class=\"wp-block-media-text__media\"><img loading=\"lazy\" decoding=\"async\" width=\"980\" height=\"562\" src=\"https:\/\/meat-machine.com\/wp-content\/uploads\/2022\/09\/application-of-meatball-maker-machine.webp\" alt=\"application de la machine \u00e0 fabriquer des boulettes de viande\" class=\"wp-image-111 size-full\" title=\"\" srcset=\"https:\/\/meat-machine.com\/wp-content\/uploads\/2022\/09\/application-of-meatball-maker-machine.webp 980w, https:\/\/meat-machine.com\/wp-content\/uploads\/2022\/09\/application-of-meatball-maker-machine-300x172.webp 300w, https:\/\/meat-machine.com\/wp-content\/uploads\/2022\/09\/application-of-meatball-maker-machine-768x440.webp 768w\" sizes=\"auto, (max-width: 980px) 100vw, 980px\" \/><\/figure><div class=\"wp-block-media-text__content\"> <ul class=\"wp-block-list\"> <li>Haute efficacit\u00e9 de travail. Produit 500-600 boulettes par minute, augmentant consid\u00e9rablement la productivit\u00e9.<\/li>    <li>Large gamme d'applications. Capable de faire diff\u00e9rents types de boulettes de viande et <a href=\"https:\/\/en.wikipedia.org\/wiki\/Seafood\" data-type=\"link\" data-id=\"https:\/\/en.wikipedia.org\/wiki\/Seafood\" target=\"_blank\" rel=\"noopener\">fruit de mer<\/a> des balles.<\/li>    <li>Taille des boulettes de viande r\u00e9glable. Le diam\u00e8tre des boulettes de viande peut \u00eatre personnalis\u00e9 pour r\u00e9pondre \u00e0 des besoins sp\u00e9cifiques.<\/li> <\/ul> <\/div><\/div>    <div class=\"wp-block-media-text has-media-on-the-right is-stacked-on-mobile\"><div class=\"wp-block-media-text__content\"> <ul class=\"wp-block-list\"> <li>Boulettes de viande uniformes et de haute qualit\u00e9. Produit des boulettes de viande de taille uniforme avec un bon go\u00fbt et une bonne \u00e9lasticit\u00e9, r\u00e9sistantes \u00e0 la rupture m\u00eame apr\u00e8s une \u00e9bullition prolong\u00e9e.<\/li>    <li>Construction durable en acier inoxydable. Fabriqu\u00e9 en acier inoxydable de qualit\u00e9 alimentaire, garantissant s\u00e9curit\u00e9, durabilit\u00e9 et longue dur\u00e9e de vie.<\/li> <\/ul> <\/div><figure class=\"wp-block-media-text__media\"><img loading=\"lazy\" decoding=\"async\" width=\"540\" height=\"720\" src=\"https:\/\/meat-machine.com\/wp-content\/uploads\/2022\/09\/Meatball-Making-Machine-moulds.webp\" alt=\"Meatball Making Machine moulds\" class=\"wp-image-1186 size-full\" title=\"\" srcset=\"https:\/\/meat-machine.com\/wp-content\/uploads\/2022\/09\/Meatball-Making-Machine-moulds.webp 540w, https:\/\/meat-machine.com\/wp-content\/uploads\/2022\/09\/Meatball-Making-Machine-moulds-225x300.webp 225w, https:\/\/meat-machine.com\/wp-content\/uploads\/2022\/09\/Meatball-Making-Machine-moulds-9x12.webp 9w\" sizes=\"auto, (max-width: 540px) 100vw, 540px\" \/><\/figure><\/div>    <div class=\"wp-block-media-text is-stacked-on-mobile\"><figure class=\"wp-block-media-text__media\"><img loading=\"lazy\" decoding=\"async\" width=\"540\" height=\"720\" src=\"https:\/\/meat-machine.com\/wp-content\/uploads\/2022\/09\/meatball-forming-machine-for-sale.webp\" alt=\"Machine \u00e0 former des boulettes en vente\" class=\"wp-image-1181 size-full\" title=\"\" srcset=\"https:\/\/meat-machine.com\/wp-content\/uploads\/2022\/09\/meatball-forming-machine-for-sale.webp 540w, https:\/\/meat-machine.com\/wp-content\/uploads\/2022\/09\/meatball-forming-machine-for-sale-225x300.webp 225w, https:\/\/meat-machine.com\/wp-content\/uploads\/2022\/09\/meatball-forming-machine-for-sale-9x12.webp 9w\" sizes=\"auto, (max-width: 540px) 100vw, 540px\" \/><\/figure><div class=\"wp-block-media-text__content\"> <ul class=\"wp-block-list\"> <li>Vitesse r\u00e9glable. La vitesse de sortie des boulettes de viande peut \u00eatre modifi\u00e9e pour un meilleur contr\u00f4le.<\/li>    <li>Conception compacte et flexible. Occupe un minimum d'espace, lui permettant d'\u00eatre plac\u00e9 de mani\u00e8re flexible dans diff\u00e9rents environnements de travail.<\/li> <\/ul> <\/div><\/div>    <h2 class=\"wp-block-heading\">Param\u00e8tres de la machine \u00e0 fabriquer des boulettes de viande<\/h2>    <figure class=\"wp-block-table\"><table class=\"has-fixed-layout\"><thead><tr><th>Param\u00e8tre<\/th><th>Sp\u00e9cification<\/th><\/tr><\/thead><tbody><tr><td>Mod\u00e8le<\/td><td>TZ-1<\/td><\/tr><tr><td>Tension<\/td><td>380V 50Hz Triphas\u00e9<\/td><\/tr><tr><td>Capacit\u00e9<\/td><td>500\u2013600 pcs\/min<\/td><\/tr><tr><td>Taille<\/td><td>1050 \u00d7 600 \u00d7 1800 mm<\/td><\/tr><tr><td>Poids<\/td><td>160 kg<\/td><\/tr><\/tbody><\/table><figcaption class=\"wp-element-caption\">param\u00e8tres de la machine \u00e0 fabriquer des boulettes<\/figcaption><\/figure>    <h2 class=\"wp-block-heading\">\u00c9quipement de support de la machine \u00e0 former des boulettes<\/h2>    <p class=\"wp-block-paragraph translation-block\">La <strong>machine \u00e0 former des boulettes<\/strong> peut \u00eatre utilis\u00e9e avec des \u00e9quipements de support pour cr\u00e9er un processus de production plus efficace et automatis\u00e9. Apr\u00e8s la formation des boulettes, elles peuvent \u00eatre directement transf\u00e9r\u00e9es \u00e0 une <strong>machine \u00e0 \u00e9bullition \u00e0 temp\u00e9rature constante<\/strong> pour la cuisson ou \u00e0 une <strong>machine \u00e0 frire profonde<\/strong> pour la friture, selon les exigences du produit final. <\/p>    <p class=\"wp-block-paragraph\">La machine \u00e0 \u00e9bullition \u00e0 temp\u00e9rature constante garantit que les boulettes sont cuites uniform\u00e9ment et maintiennent une surface lisse et une bonne texture, tandis que la machine \u00e0 frire est adapt\u00e9e pour produire des boulettes croustillantes frites avec une saveur riche. <\/p>    <p class=\"wp-block-paragraph\">En combinant la machine \u00e0 former des boulettes avec ces machines de support, les utilisateurs peuvent construire une ligne de traitement continue de boulettes, am\u00e9liorant consid\u00e9rablement l'efficacit\u00e9 de la production et la qualit\u00e9 du produit.<\/p>    <figure class=\"wp-block-gallery has-nested-images columns-default is-cropped wp-block-gallery-2 is-layout-flex wp-block-gallery-is-layout-flex\"> <figure class=\"wp-block-image size-large\"><img loading=\"lazy\" decoding=\"async\" width=\"540\" height=\"720\" data-id=\"1183\" src=\"https:\/\/meat-machine.com\/wp-content\/uploads\/2022\/09\/commercial-meatball-molding-machine.webp\" alt=\"Machine de moulage de boulettes commerciale\" class=\"wp-image-1183\" title=\"\" srcset=\"https:\/\/meat-machine.com\/wp-content\/uploads\/2022\/09\/commercial-meatball-molding-machine.webp 540w, https:\/\/meat-machine.com\/wp-content\/uploads\/2022\/09\/commercial-meatball-molding-machine-225x300.webp 225w, https:\/\/meat-machine.com\/wp-content\/uploads\/2022\/09\/commercial-meatball-molding-machine-9x12.webp 9w\" sizes=\"auto, (max-width: 540px) 100vw, 540px\" \/><figcaption class=\"wp-element-caption\">Machine de moulage de boulettes commerciale<\/figcaption><\/figure>    <figure class=\"wp-block-image size-large\"><img loading=\"lazy\" decoding=\"async\" width=\"720\" height=\"540\" data-id=\"1044\" src=\"https:\/\/meat-machine.com\/wp-content\/uploads\/2026\/02\/frying-machine-1.webp\" alt=\"machine \u00e0 frire\" class=\"wp-image-1044\" title=\"\" srcset=\"https:\/\/meat-machine.com\/wp-content\/uploads\/2026\/02\/frying-machine-1.webp 720w, https:\/\/meat-machine.com\/wp-content\/uploads\/2026\/02\/frying-machine-1-300x225.webp 300w, https:\/\/meat-machine.com\/wp-content\/uploads\/2026\/02\/frying-machine-1-16x12.webp 16w\" sizes=\"auto, (max-width: 720px) 100vw, 720px\" \/><figcaption class=\"wp-element-caption\">Machine \u00e0 frire<\/figcaption><\/figure> <\/figure>    <h2 id=\"h-meatball-making-machine-for-sale\" class=\"wp-block-heading\">Machine de fabrication de boulettes de viande \u00e0 vendre<\/h2>    <p class=\"wp-block-paragraph\">Taizy propose une large gamme de machines de formage de boulettes de viande, disponibles en diff\u00e9rents mod\u00e8les avec des rendements et des tailles personnalisables. <\/p>    <p class=\"wp-block-paragraph\">En tant que fabricant chinois de confiance avec plus de 10 ans d'exp\u00e9rience, nous fournissons des machines de haute qualit\u00e9 \u00e0 des prix comp\u00e9titifs, soutenues par un service apr\u00e8s-vente fiable. <\/p>    <p class=\"wp-block-paragraph\">Si vous recherchez un fournisseur de machines \u00e0 boulettes de viande fiable, contactez-nous d\u00e8s aujourd'hui !<\/p>   <div class=\"wp-block-image\"> <figure class=\"aligncenter size-full\"><img loading=\"lazy\" decoding=\"async\" width=\"980\" height=\"375\" src=\"https:\/\/meat-machine.com\/wp-content\/uploads\/2022\/09\/meatball-forming-machine-details.webp\" alt=\"d\u00e9tails de la machine de formage de boulettes de viande\" class=\"wp-image-113\" title=\"\" srcset=\"https:\/\/meat-machine.com\/wp-content\/uploads\/2022\/09\/meatball-forming-machine-details.webp 980w, https:\/\/meat-machine.com\/wp-content\/uploads\/2022\/09\/meatball-forming-machine-details-300x115.webp 300w, https:\/\/meat-machine.com\/wp-content\/uploads\/2022\/09\/meatball-forming-machine-details-768x294.webp 768w\" sizes=\"auto, (max-width: 980px) 100vw, 980px\" \/><figcaption class=\"wp-element-caption\">d\u00e9tails de la machine de formage de boulettes de viande<\/figcaption><\/figure> <\/div>   <h2 id=\"h-meatball-forming-machine-price\" class=\"wp-block-heading\">Prix \u200b\u200bde la machine \u00e0 former les boulettes de viande<\/h2>    <div class=\"wp-block-media-text is-stacked-on-mobile\"><figure class=\"wp-block-media-text__media\"><img loading=\"lazy\" decoding=\"async\" width=\"540\" height=\"720\" src=\"https:\/\/meat-machine.com\/wp-content\/uploads\/2022\/09\/meatball-making-machine-price-1.webp\" alt=\"prix de la machine \u00e0 faire des boulettes de viande\" class=\"wp-image-1182 size-full\" title=\"\" srcset=\"https:\/\/meat-machine.com\/wp-content\/uploads\/2022\/09\/meatball-making-machine-price-1.webp 540w, https:\/\/meat-machine.com\/wp-content\/uploads\/2022\/09\/meatball-making-machine-price-1-225x300.webp 225w, https:\/\/meat-machine.com\/wp-content\/uploads\/2022\/09\/meatball-making-machine-price-1-9x12.webp 9w\" sizes=\"auto, (max-width: 540px) 100vw, 540px\" \/><\/figure><div class=\"wp-block-media-text__content\"> <p class=\"wp-block-paragraph\">Le prix d\u2019une machine commerciale de fabrication de boulettes de viande d\u00e9pend de divers facteurs, tels que le rendement, la distance et les taux d\u2019imposition. Les prix en ligne sont souvent des estimations et non le co\u00fbt r\u00e9el.<\/p>    <p class=\"wp-block-paragraph\">Pour obtenir des prix pr\u00e9cis, vous devez nous contacter directement pour discuter des d\u00e9tails de la machine et recevoir un devis pr\u00e9cis.<\/p> <\/div><\/div>    <h2 id=\"h-precautions-for-use-of-commercial-meatball-forming-equipment\" class=\"wp-block-heading\">Pr\u00e9cautions d'utilisation de la machine commerciale de fabrication de boulettes de viande<\/h2>    <div class=\"wp-block-media-text has-media-on-the-right is-stacked-on-mobile\"><div class=\"wp-block-media-text__content\"> <ul class=\"wp-block-list\"> <li>Placez la machine sur une surface stable et assurez-vous que les connexions d'alimentation et de terre sont appropri\u00e9es.<\/li>    <li>Nettoyez la machine avant et apr\u00e8s utilisation.<\/li>    <li>Effectuez un test \u00e0 vide pour confirmer le fonctionnement normal avant de d\u00e9marrer.<\/li>    <li>Passez la viande dans un hachoir avant de l'introduire dans la machine.<\/li>    <li>Utilisez de l'eau ti\u00e8de \u00e0 la sortie pour r\u00e9cup\u00e9rer les boulettes de viande.<\/li>    <li>Ajustez le poids, le remplissage et la vitesse selon vos besoins.<\/li> <\/ul> <\/div><figure class=\"wp-block-media-text__media\"><img loading=\"lazy\" decoding=\"async\" width=\"540\" height=\"720\" src=\"https:\/\/meat-machine.com\/wp-content\/uploads\/2026\/02\/meatball-making-machine-price.webp\" alt=\"prix de la machine \u00e0 faire des boulettes de viande\" class=\"wp-image-1048 size-full\" title=\"\" srcset=\"https:\/\/meat-machine.com\/wp-content\/uploads\/2026\/02\/meatball-making-machine-price.webp 540w, https:\/\/meat-machine.com\/wp-content\/uploads\/2026\/02\/meatball-making-machine-price-225x300.webp 225w, https:\/\/meat-machine.com\/wp-content\/uploads\/2026\/02\/meatball-making-machine-price-9x12.webp 9w\" sizes=\"auto, (max-width: 540px) 100vw, 540px\" \/><\/figure><\/div>    <h2 class=\"wp-block-heading\">Conclusion<\/h2>    <p class=\"wp-block-paragraph translation-block\">Si vous recherchez une solution efficace pour produire des boulettes de haute qualit\u00e9, notre <strong>Machine \u00e0 fabriquer des boulettes<\/strong> est un excellent choix. <\/p>    <p class=\"wp-block-paragraph\">N'h\u00e9sitez pas \u00e0 nous contacter pour plus de d\u00e9tails, vid\u00e9os de la machine, et devis personnalis\u00e9. Notre \u00e9quipe vous aidera \u00e0 choisir l'\u00e9quipement le plus adapt\u00e9 \u00e0 votre ligne de production.<\/p>","protected":false},"excerpt":{"rendered":"<p>La machine de fabrication de boulettes de viande peut produire une vari\u00e9t\u00e9 de boulettes de viande, notamment des boulettes de b\u0153uf, de porc, de poulet, de mouton, de crevettes et de poisson. <\/p>","protected":false},"author":1,"featured_media":112,"parent":0,"template":"","tags":[23],"product-type":[4],"class_list":["post-109","product","type-product","status-publish","has-post-thumbnail","hentry","tag-meatball-making-machine","product-type-meat-grinder"],"_links":{"self":[{"href":"https:\/\/meat-machine.com\/fr\/wp-json\/wp\/v2\/product\/109","targetHints":{"allow":["GET"]}}],"collection":[{"href":"https:\/\/meat-machine.com\/fr\/wp-json\/wp\/v2\/product"}],"about":[{"href":"https:\/\/meat-machine.com\/fr\/wp-json\/wp\/v2\/types\/product"}],"author":[{"embeddable":true,"href":"https:\/\/meat-machine.com\/fr\/wp-json\/wp\/v2\/users\/1"}],"wp:featuredmedia":[{"embeddable":true,"href":"https:\/\/meat-machine.com\/fr\/wp-json\/wp\/v2\/media\/112"}],"wp:attachment":[{"href":"https:\/\/meat-machine.com\/fr\/wp-json\/wp\/v2\/media?parent=109"}],"wp:term":[{"taxonomy":"post_tag","embeddable":true,"href":"https:\/\/meat-machine.com\/fr\/wp-json\/wp\/v2\/tags?post=109"},{"taxonomy":"product-type","embeddable":true,"href":"https:\/\/meat-machine.com\/fr\/wp-json\/wp\/v2\/product-type?post=109"}],"curies":[{"name":"wp","href":"https:\/\/api.w.org\/{rel}","templated":true}]}}