{"id":1052,"date":"2026-02-26T15:53:58","date_gmt":"2026-02-26T07:53:58","guid":{"rendered":"https:\/\/meat-machine.com\/?post_type=product&#038;p=1052"},"modified":"2026-02-26T15:53:59","modified_gmt":"2026-02-26T07:53:59","slug":"meat-bowl-chopper-and-mixer-machine","status":"publish","type":"product","link":"https:\/\/meat-machine.com\/fr\/product\/meat-bowl-chopper-and-mixer-machine\/","title":{"rendered":"Machine hachoir et m\u00e9langeur pour bol de viande"},"content":{"rendered":"<div class=\"kk-star-ratings kksr-auto kksr-align-left kksr-valign-top\"     data-payload='{&quot;align&quot;:&quot;left&quot;,&quot;id&quot;:&quot;1052&quot;,&quot;slug&quot;:&quot;default&quot;,&quot;valign&quot;:&quot;top&quot;,&quot;ignore&quot;:&quot;&quot;,&quot;reference&quot;:&quot;auto&quot;,&quot;class&quot;:&quot;&quot;,&quot;count&quot;:&quot;0&quot;,&quot;legendonly&quot;:&quot;&quot;,&quot;readonly&quot;:&quot;&quot;,&quot;score&quot;:&quot;0&quot;,&quot;starsonly&quot;:&quot;&quot;,&quot;best&quot;:&quot;5&quot;,&quot;gap&quot;:&quot;5&quot;,&quot;greet&quot;:&quot;Rate this product&quot;,&quot;legend&quot;:&quot;0\\\/5 - (0 vote)&quot;,&quot;size&quot;:&quot;24&quot;,&quot;title&quot;:&quot;Meat bowl chopper and mixer machine&quot;,&quot;width&quot;:&quot;0&quot;,&quot;_legend&quot;:&quot;{score}\\\/{best} - ({count} {votes})&quot;,&quot;font_factor&quot;:&quot;1.25&quot;}'>              <div class=\"kksr-stars\">      <div class=\"kksr-stars-inactive\">             <div class=\"kksr-star\" data-star=\"1\" style=\"padding-right: 5px\">               <div class=\"kksr-icon\" style=\"width: 24px; height: 24px;\"><\/div>         <\/div>             <div class=\"kksr-star\" data-star=\"2\" style=\"padding-right: 5px\">               <div class=\"kksr-icon\" style=\"width: 24px; height: 24px;\"><\/div>         <\/div>             <div class=\"kksr-star\" data-star=\"3\" style=\"padding-right: 5px\">               <div class=\"kksr-icon\" style=\"width: 24px; height: 24px;\"><\/div>         <\/div>             <div class=\"kksr-star\" data-star=\"4\" style=\"padding-right: 5px\">               <div class=\"kksr-icon\" style=\"width: 24px; height: 24px;\"><\/div>         <\/div>             <div class=\"kksr-star\" data-star=\"5\" style=\"padding-right: 5px\">               <div class=\"kksr-icon\" style=\"width: 24px; height: 24px;\"><\/div>         <\/div>     <\/div>      <div class=\"kksr-stars-active\" style=\"width: 0px;\">             <div class=\"kksr-star\" style=\"padding-right: 5px\">               <div class=\"kksr-icon\" style=\"width: 24px; height: 24px;\"><\/div>         <\/div>             <div class=\"kksr-star\" style=\"padding-right: 5px\">               <div class=\"kksr-icon\" style=\"width: 24px; height: 24px;\"><\/div>         <\/div>             <div class=\"kksr-star\" style=\"padding-right: 5px\">               <div class=\"kksr-icon\" style=\"width: 24px; height: 24px;\"><\/div>         <\/div>             <div class=\"kksr-star\" style=\"padding-right: 5px\">               <div class=\"kksr-icon\" style=\"width: 24px; height: 24px;\"><\/div>         <\/div>             <div class=\"kksr-star\" style=\"padding-right: 5px\">               <div class=\"kksr-icon\" style=\"width: 24px; height: 24px;\"><\/div>         <\/div>     <\/div> <\/div>                   <div class=\"kksr-legend\" style=\"font-size: 19.2px;\">             <span class=\"kksr-muted\">\u00c9valuez ce produit<\/span>     <\/div>     <\/div>  <p class=\"wp-block-paragraph translation-block\">La  machine \u00e0 hacher et m\u00e9langer la viande  est une machine de transformation alimentaire qui int\u00e8gre la coupe \u00e0 haute vitesse et le m\u00e9lange uniforme en une seule unit\u00e9. Elle est principalement utilis\u00e9e pour transformer la viande et les assaisonnements en viande hach\u00e9e fine, homog\u00e8ne ou en p\u00e2te. <\/p>    <p class=\"wp-block-paragraph\">En combinant un bol tournant avec des couteaux \u00e0 haute vitesse, la machine r\u00e9alise la coupe, le m\u00e9lange, et l'\u00e9mulsification en peu de temps. Elle est largement utilis\u00e9e dans la production industrielle de saucisses, boulettes de viande, galettes de viande, et autres produits carn\u00e9s, et constitue un \u00e9quipement cl\u00e9 pour am\u00e9liorer l'efficacit\u00e9 et la qualit\u00e9 du produit.<\/p>    <figure class=\"wp-block-embed is-type-video is-provider-youtube wp-block-embed-youtube wp-embed-aspect-9-16 wp-has-aspect-ratio\"><div class=\"wp-block-embed__wrapper\"> <iframe loading=\"lazy\" title=\"Meat Bowl Mixer Machine | Efficient Mixing for Sausage &amp; Meat Processing #meat #mixer #foodmachine\" width=\"422\" height=\"750\" src=\"https:\/\/www.youtube.com\/embed\/vVYxtUePktA?feature=oembed\" frameborder=\"0\" allow=\"accelerometer; autoplay; clipboard-write; encrypted-media; gyroscope; picture-in-picture; web-share\" referrerpolicy=\"strict-origin-when-cross-origin\" allowfullscreen><\/iframe> <\/div><figcaption class=\"wp-element-caption\">Vid\u00e9o de fonctionnement de la machine \u00e0 hacher et m\u00e9langer la viande<\/figcaption><\/figure>    <h2 class=\"wp-block-heading\">Machine \u00e0 hacher et m\u00e9langer la viande pour une transformation alimentaire \u00e0 haute efficacit\u00e9<\/h2>    <p class=\"wp-block-paragraph translation-block\">La <strong>Machine \u00e0 hacher et m\u00e9langer la viande<\/strong> dispose d'une transmission par turbine et engrenage \u00e0 vis sans fin pour un fonctionnement fluide et fiable. Son bol et tous les composants en contact avec la nourriture sont en acier inoxydable, garantissant une utilisation durable et un nettoyage facile. Le syst\u00e8me d'engrenages de pr\u00e9cision, fabriqu\u00e9 en alliage d'aluminium de qualit\u00e9 et en engrenages en cuivre, assure une performance stable.<\/p>    <p class=\"wp-block-paragraph\">Cette machine excelle dans la coupe et le m\u00e9lange de viande, viande hach\u00e9e, l\u00e9gumes, et autres ingr\u00e9dients principaux tout en incorporant de l'eau, de la glace, des \u00e9pices, et autres additifs. Sa capacit\u00e9 \u00e0 \u00e9mulsifier cr\u00e9e un m\u00e9lange uniforme et lisse qui am\u00e9liore la texture, la densit\u00e9, et l'\u00e9lasticit\u00e9 des produits comme les saucisses. <\/p>    <p class=\"wp-block-paragraph\">La vitesse r\u00e9glable des couteaux haut et bas combin\u00e9e \u00e0 un contr\u00f4le de rotation du bol sans \u00e9tape lui permet d'effectuer la coupe, le m\u00e9lange, et l'\u00e9mulsification en un seul processus efficace, id\u00e9al pour la production industrielle de viande et d'aliments.<\/p>    <figure class=\"wp-block-gallery has-nested-images columns-default is-cropped wp-block-gallery-2 is-layout-flex wp-block-gallery-is-layout-flex\"> <figure class=\"wp-block-image size-large\"><img loading=\"lazy\" decoding=\"async\" width=\"720\" height=\"540\" data-id=\"1056\" src=\"https:\/\/meat-machine.com\/wp-content\/uploads\/2026\/02\/Meat-bowl-chopper-and-mixer-machine-blades.webp\" alt=\"M\u00e9langeur de viande\" class=\"wp-image-1056\" title=\"\" srcset=\"https:\/\/meat-machine.com\/wp-content\/uploads\/2026\/02\/Meat-bowl-chopper-and-mixer-machine-blades.webp 720w, https:\/\/meat-machine.com\/wp-content\/uploads\/2026\/02\/Meat-bowl-chopper-and-mixer-machine-blades-300x225.webp 300w, https:\/\/meat-machine.com\/wp-content\/uploads\/2026\/02\/Meat-bowl-chopper-and-mixer-machine-blades-16x12.webp 16w\" sizes=\"auto, (max-width: 720px) 100vw, 720px\" \/><figcaption class=\"wp-element-caption\">Lames de la machine \u00e0 hacher et m\u00e9langer la viande<\/figcaption><\/figure>    <figure class=\"wp-block-image size-large\"><img loading=\"lazy\" decoding=\"async\" width=\"720\" height=\"540\" data-id=\"1057\" src=\"https:\/\/meat-machine.com\/wp-content\/uploads\/2026\/02\/meat-chopping-machine-details.webp\" alt=\"D\u00e9tails de la machine \u00e0 couper la viande\" class=\"wp-image-1057\" title=\"\" srcset=\"https:\/\/meat-machine.com\/wp-content\/uploads\/2026\/02\/meat-chopping-machine-details.webp 720w, https:\/\/meat-machine.com\/wp-content\/uploads\/2026\/02\/meat-chopping-machine-details-300x225.webp 300w, https:\/\/meat-machine.com\/wp-content\/uploads\/2026\/02\/meat-chopping-machine-details-16x12.webp 16w\" sizes=\"auto, (max-width: 720px) 100vw, 720px\" \/><figcaption class=\"wp-element-caption\">D\u00e9tails de la machine \u00e0 couper la viande<\/figcaption><\/figure> <\/figure>    <h2 class=\"wp-block-heading\">Structure et processus de fonctionnement de la machine \u00e0 hacher et m\u00e9langer la viande<\/h2>    <p class=\"wp-block-paragraph translation-block\"><br>La <strong>machine \u00e0 hacher et m\u00e9langer la viande<\/strong> fonctionne gr\u00e2ce \u00e0 une combinaison d'un bol tournant, d'un arbre \u00e0 couteaux \u00e0 haute vitesse, d'un cadre robuste, et d'un syst\u00e8me de contr\u00f4le \u00e9lectrique qui synchronise l'ensemble du processus. <\/p>    <p class=\"wp-block-paragraph\">Le bol tourne \u00e0 une vitesse contr\u00f4l\u00e9e basse via un r\u00e9ducteur, cr\u00e9ant un mouvement en spirale qui alimente en continu les mati\u00e8res premi\u00e8res \u00e0 l'ensemble de couteaux. Par ailleurs, l'arbre \u00e0 coupe, aliment\u00e9 par un moteur \u00e0 deux vitesses ou \u00e0 fr\u00e9quence variable, fait tourner les couteaux \u00e0 haute vitesse, hachant et m\u00e9langeant efficacement les ingr\u00e9dients. <\/p>    <figure class=\"wp-block-image size-full\"><img loading=\"lazy\" decoding=\"async\" width=\"720\" height=\"540\" src=\"https:\/\/meat-machine.com\/wp-content\/uploads\/2026\/02\/Meat-bowl-chopper-and-mixer-machine-exported.webp\" alt=\"d\u00e9tails de la machine \u00e0 couper la viande\" class=\"wp-image-1058\" title=\"\" srcset=\"https:\/\/meat-machine.com\/wp-content\/uploads\/2026\/02\/Meat-bowl-chopper-and-mixer-machine-exported.webp 720w, https:\/\/meat-machine.com\/wp-content\/uploads\/2026\/02\/Meat-bowl-chopper-and-mixer-machine-exported-300x225.webp 300w, https:\/\/meat-machine.com\/wp-content\/uploads\/2026\/02\/Meat-bowl-chopper-and-mixer-machine-exported-16x12.webp 16w\" sizes=\"auto, (max-width: 720px) 100vw, 720px\" \/><figcaption class=\"wp-element-caption\">Machine \u00e0 hacher et m\u00e9langer la viande export\u00e9e<\/figcaption><\/figure>    <p class=\"wp-block-paragraph\">Ce mouvement assure non seulement une texture uniforme mais \u00e9limine aussi l'air emprisonn\u00e9 dans le m\u00e9lange, am\u00e9liorant sa coh\u00e9rence. La coupe \u00e0 haute vitesse r\u00e9duit la s\u00e9paration du liquide, pr\u00e9serve l'humidit\u00e9, et augmente l'\u00e9lasticit\u00e9 et la finesse de la viande et autres ingr\u00e9dients. <\/p>    <p class=\"wp-block-paragraph\">La machine est polyvalente, capable de traiter la viande, les l\u00e9gumes, et divers additifs, produisant des produits finement hach\u00e9s et bien m\u00e9lang\u00e9s, adapt\u00e9s pour les saucisses, boulettes de viande, et autres aliments transform\u00e9s.<\/p>    <figure class=\"wp-block-image size-full\"><img loading=\"lazy\" decoding=\"async\" width=\"720\" height=\"540\" src=\"https:\/\/meat-machine.com\/wp-content\/uploads\/2026\/02\/Meat-bowl-chopper-and-mixer-machine-price.webp\" alt=\"Machine \u00e0 hacher et m\u00e9langer la viande export\u00e9e\" class=\"wp-image-1059\" title=\"\" srcset=\"https:\/\/meat-machine.com\/wp-content\/uploads\/2026\/02\/Meat-bowl-chopper-and-mixer-machine-price.webp 720w, https:\/\/meat-machine.com\/wp-content\/uploads\/2026\/02\/Meat-bowl-chopper-and-mixer-machine-price-300x225.webp 300w, https:\/\/meat-machine.com\/wp-content\/uploads\/2026\/02\/Meat-bowl-chopper-and-mixer-machine-price-16x12.webp 16w\" sizes=\"auto, (max-width: 720px) 100vw, 720px\" \/><figcaption class=\"wp-element-caption\">Prix de la machine \u00e0 hacher et m\u00e9langer la viande<\/figcaption><\/figure>    <h2 class=\"wp-block-heading\">Avantages de la machine \u00e0 couper la viande<\/h2>    <div class=\"wp-block-media-text is-stacked-on-mobile\"><figure class=\"wp-block-media-text__media\"><img loading=\"lazy\" decoding=\"async\" width=\"720\" height=\"540\" src=\"https:\/\/meat-machine.com\/wp-content\/uploads\/2026\/02\/meat-bowl-mixing-machine.webp\" alt=\"Prix de la machine \u00e0 hacher et m\u00e9langer la viande\" class=\"wp-image-1060 size-full\" title=\"\" srcset=\"https:\/\/meat-machine.com\/wp-content\/uploads\/2026\/02\/meat-bowl-mixing-machine.webp 720w, https:\/\/meat-machine.com\/wp-content\/uploads\/2026\/02\/meat-bowl-mixing-machine-300x225.webp 300w, https:\/\/meat-machine.com\/wp-content\/uploads\/2026\/02\/meat-bowl-mixing-machine-16x12.webp 16w\" sizes=\"auto, (max-width: 720px) 100vw, 720px\" \/><\/figure><div class=\"wp-block-media-text__content\"> <ul class=\"wp-block-list\"> <li><strong>Vitesse de lame r\u00e9glable :<\/strong> Le moteur \u00e0 fr\u00e9quence contr\u00f4l\u00e9e permet une vitesse de lame de 126 \u00e0 3800 rpm pour une coupe pr\u00e9cise, stable, et efficace.<\/li>    <li><strong>Construction de haute qualit\u00e9 :<\/strong> Fabriqu\u00e9 \u00e0 partir de mat\u00e9riaux import\u00e9s de haute qualit\u00e9, tous les composants en acier inoxydable avec un rebord de bol anti-d\u00e9bordement pour \u00e9viter les d\u00e9versements.<\/li>    <li><strong>Bol \u00e0 coupe \u00e0 deux vitesses :<\/strong> Peut \u00eatre associ\u00e9 au couteau pour une coupe et un m\u00e9lange optimaux, r\u00e9duisant le temps de traitement et maintenant la temp\u00e9rature du mat\u00e9riau basse.<\/li> <\/ul> <\/div><\/div>    <div class=\"wp-block-media-text has-media-on-the-right is-stacked-on-mobile\"><div class=\"wp-block-media-text__content\"> <ul class=\"wp-block-list\"> <li><strong>Coupe de pr\u00e9cision :<\/strong> Les \u00e9carts de lame inf\u00e9rieurs \u00e0 1,5 mm garantissent une coupe uniforme et coh\u00e9rente m\u00eame \u00e0 haute vitesse.<\/li>    <li><strong>Fonctionnement silencieux et stable :<\/strong> Con\u00e7ue pour un fonctionnement fluide et silencieux lors du traitement \u00e0 haute vitesse.<\/li>    <li><strong>D\u00e9charge pratique :<\/strong> \u00c9quip\u00e9 d'un syst\u00e8me de d\u00e9charge pour un vidage facile et propre des mat\u00e9riaux.<\/li>    <li><strong>Application polyvalente :<\/strong> Convient pour le traitement en profondeur de la viande, des fruits de mer, des l\u00e9gumes, des fruits, et des assaisonnements tout en pr\u00e9servant la couleur et la qualit\u00e9 naturelles.<\/li> <\/ul> <\/div><figure class=\"wp-block-media-text__media\"><img loading=\"lazy\" decoding=\"async\" width=\"720\" height=\"540\" src=\"https:\/\/meat-machine.com\/wp-content\/uploads\/2026\/02\/meat-chopper-1.webp\" alt=\"La ligne de production de machines \u00e0 galettes de viande est un syst\u00e8me automatis\u00e9 pour la transformation \u00e0 grande \u00e9chelle de galettes de viande.\" class=\"wp-image-1061 size-full\" title=\"\" srcset=\"https:\/\/meat-machine.com\/wp-content\/uploads\/2026\/02\/meat-chopper-1.webp 720w, https:\/\/meat-machine.com\/wp-content\/uploads\/2026\/02\/meat-chopper-1-300x225.webp 300w, https:\/\/meat-machine.com\/wp-content\/uploads\/2026\/02\/meat-chopper-1-16x12.webp 16w\" sizes=\"auto, (max-width: 720px) 100vw, 720px\" \/><\/figure><\/div>    <h2 class=\"wp-block-heading\">Param\u00e8tres de la machine \u00e0 hacher la viande<\/h2>    <figure class=\"wp-block-table\"><table class=\"has-fixed-layout\"><thead><tr><th>Mod\u00e8le<\/th><th>SL-20<\/th><th>SL-40<\/th><th>SL-80<\/th><th>SL-125<\/th><th>SL-200<\/th><\/tr><\/thead><tbody><tr><td><strong>Capacit\u00e9 de traitement par lot (kg\/lot)<\/strong><\/td><td>10\u201315<\/td><td>20\u201330<\/td><td>40\u201350<\/td><td>70\u201380<\/td><td>100\u2013140<\/td><\/tr><tr><td><strong>Capacit\u00e9 du bol (L)<\/strong><\/td><td>20<\/td><td>40<\/td><td>80<\/td><td>125<\/td><td>200<\/td><\/tr><tr><td><strong>Puissance install\u00e9e (kW)<\/strong><\/td><td>2.55<\/td><td>6.25<\/td><td>23<\/td><td>27<\/td><td>63<\/td><\/tr><tr><td><strong>Nombre de couteaux de coupe<\/strong><\/td><td>3<\/td><td>3<\/td><td>6<\/td><td>6<\/td><td>6<\/td><\/tr><tr><td><strong>Vitesse de rotation du bol (rpm)<\/strong><\/td><td>16<\/td><td>12<\/td><td>8 \/ 12<\/td><td>8 \/ 12<\/td><td>8 \/ 12 \/ 16<\/td><\/tr><tr><td><strong>Vitesse de coupe (rpm)<\/strong><\/td><td>1650 \/ 3300<\/td><td>1800 \/ 3600<\/td><td>126 \/ 1800 \/ 3600<\/td><td>126 \/ 1800 \/ 3600<\/td><td>200 \/ 1900 \/ 3800<\/td><\/tr><tr><td><strong>Dimensions globales (mm)<\/strong><\/td><td>770 \u00d7 650 \u00d7 980<\/td><td>1245 \u00d7 810 \u00d7 1094<\/td><td>2300 \u00d7 1020 \u00d7 1195<\/td><td>2400 \u00d7 1420 \u00d7 1300<\/td><td>2580 \u00d7 2400 \u00d7 1960<\/td><\/tr><tr><td><strong>Poids de la machine (kg)<\/strong><\/td><td>215<\/td><td>480<\/td><td>1100<\/td><td>1300<\/td><td>3800<\/td><\/tr><tr><td><strong>Alimentation \u00e9lectrique<\/strong><\/td><td>380V<\/td><td>380V<\/td><td>380V<\/td><td>380V<\/td><td>380V<\/td><\/tr><\/tbody><\/table><figcaption class=\"wp-element-caption\">Param\u00e8tres de la machine \u00e0 hacher et m\u00e9langer la viande<\/figcaption><\/figure>    <figure class=\"wp-block-gallery has-nested-images columns-default is-cropped wp-block-gallery-3 is-layout-flex wp-block-gallery-is-layout-flex\"> <figure class=\"wp-block-image size-large\"><img loading=\"lazy\" decoding=\"async\" width=\"720\" height=\"540\" data-id=\"1062\" src=\"https:\/\/meat-machine.com\/wp-content\/uploads\/2026\/02\/final-products.webp\" alt=\"Machine \u00e0 m\u00e9langer la viande dans le bol\" class=\"wp-image-1062\" title=\"\" srcset=\"https:\/\/meat-machine.com\/wp-content\/uploads\/2026\/02\/final-products.webp 720w, https:\/\/meat-machine.com\/wp-content\/uploads\/2026\/02\/final-products-300x225.webp 300w, https:\/\/meat-machine.com\/wp-content\/uploads\/2026\/02\/final-products-16x12.webp 16w\" sizes=\"auto, (max-width: 720px) 100vw, 720px\" \/><figcaption class=\"wp-element-caption\">Produits finaux<\/figcaption><\/figure>    <figure class=\"wp-block-image size-large\"><img loading=\"lazy\" decoding=\"async\" width=\"720\" height=\"540\" data-id=\"1063\" src=\"https:\/\/meat-machine.com\/wp-content\/uploads\/2026\/02\/meat-mixer.webp\" alt=\"produits finaux\" class=\"wp-image-1063\" title=\"\" srcset=\"https:\/\/meat-machine.com\/wp-content\/uploads\/2026\/02\/meat-mixer.webp 720w, https:\/\/meat-machine.com\/wp-content\/uploads\/2026\/02\/meat-mixer-300x225.webp 300w, https:\/\/meat-machine.com\/wp-content\/uploads\/2026\/02\/meat-mixer-16x12.webp 16w\" sizes=\"auto, (max-width: 720px) 100vw, 720px\" \/><figcaption class=\"wp-element-caption\">M\u00e9langeur de viande<\/figcaption><\/figure>    <figure class=\"wp-block-image size-large\"><img loading=\"lazy\" decoding=\"async\" width=\"720\" height=\"540\" data-id=\"1064\" src=\"https:\/\/meat-machine.com\/wp-content\/uploads\/2026\/02\/meat.webp\" alt=\"viande\" class=\"wp-image-1064\" title=\"\" srcset=\"https:\/\/meat-machine.com\/wp-content\/uploads\/2026\/02\/meat.webp 720w, https:\/\/meat-machine.com\/wp-content\/uploads\/2026\/02\/meat-300x225.webp 300w, https:\/\/meat-machine.com\/wp-content\/uploads\/2026\/02\/meat-16x12.webp 16w\" sizes=\"auto, (max-width: 720px) 100vw, 720px\" \/><figcaption class=\"wp-element-caption\">Viande<\/figcaption><\/figure> <\/figure>    <h2 class=\"wp-block-heading\">Conclusion<\/h2>    <p class=\"wp-block-paragraph translation-block\">La <strong>Machine \u00e0 hacher et m\u00e9langer la viande<\/strong> est parfaite pour la production industrielle de <a href=\"https:\/\/meat-machine.com\/fr\/produit\/ligne-de-transformation-de-saucisses\/\" data-type=\"link\" data-id=\"https:\/\/meat-machine.com\/product\/sausage-processing-line\/\">saucisses<\/a>, <a href=\"https:\/\/meat-machine.com\/fr\/produit\/meatball-making-machine-processing-line\/\" data-type=\"link\" data-id=\"https:\/\/meat-machine.com\/product\/meatball-making-machine-processing-line\/\">boulettes de viande<\/a>, <a href=\"https:\/\/meat-machine.com\/fr\/produit\/meat-patty-making-machine-production-line\/\" data-type=\"link\" data-id=\"https:\/\/meat-machine.com\/product\/meat-patty-making-machine-production-line\/\">galettes<\/a>, et autres aliments transform\u00e9s, cette machine r\u00e9duit le temps de traitement, pr\u00e9serve la qualit\u00e9 des ingr\u00e9dients, et simplifie l'utilisation. <\/p>    <figure class=\"wp-block-gallery has-nested-images columns-default is-cropped wp-block-gallery-4 is-layout-flex wp-block-gallery-is-layout-flex\"> <figure class=\"wp-block-image size-large\"><img loading=\"lazy\" decoding=\"async\" width=\"720\" height=\"540\" data-id=\"1038\" src=\"https:\/\/meat-machine.com\/wp-content\/uploads\/2026\/02\/Meatball-making-machine-processing-line.webp\" alt=\"Ligne de fabrication de boulettes de viande\" class=\"wp-image-1038\" title=\"\" srcset=\"https:\/\/meat-machine.com\/wp-content\/uploads\/2026\/02\/Meatball-making-machine-processing-line.webp 720w, https:\/\/meat-machine.com\/wp-content\/uploads\/2026\/02\/Meatball-making-machine-processing-line-300x225.webp 300w, https:\/\/meat-machine.com\/wp-content\/uploads\/2026\/02\/Meatball-making-machine-processing-line-16x12.webp 16w\" sizes=\"auto, (max-width: 720px) 100vw, 720px\" \/><figcaption class=\"wp-element-caption\">Ligne de production de machines \u00e0 faire des boulettes de viande<\/figcaption><\/figure>    <figure class=\"wp-block-image size-large\"><img loading=\"lazy\" decoding=\"async\" width=\"720\" height=\"540\" data-id=\"1026\" src=\"https:\/\/meat-machine.com\/wp-content\/uploads\/2026\/02\/industrial-Meat-patty-making-machine-production-line.webp\" alt=\"Machine d\u2019emballage\" class=\"wp-image-1026\" title=\"\" srcset=\"https:\/\/meat-machine.com\/wp-content\/uploads\/2026\/02\/industrial-Meat-patty-making-machine-production-line.webp 720w, https:\/\/meat-machine.com\/wp-content\/uploads\/2026\/02\/industrial-Meat-patty-making-machine-production-line-300x225.webp 300w, https:\/\/meat-machine.com\/wp-content\/uploads\/2026\/02\/industrial-Meat-patty-making-machine-production-line-16x12.webp 16w\" sizes=\"auto, (max-width: 720px) 100vw, 720px\" \/><figcaption class=\"wp-element-caption\">Ligne de production de machines \u00e0 faire des galettes de viande industrielles<\/figcaption><\/figure>    <figure class=\"wp-block-image size-large\"><img loading=\"lazy\" decoding=\"async\" width=\"720\" height=\"540\" data-id=\"459\" src=\"https:\/\/meat-machine.com\/wp-content\/uploads\/2023\/08\/sausage-production-line.webp\" alt=\"\u00e9quipement de fabrication de saucisses\" class=\"wp-image-459\" title=\"\" srcset=\"https:\/\/meat-machine.com\/wp-content\/uploads\/2023\/08\/sausage-production-line.webp 720w, https:\/\/meat-machine.com\/wp-content\/uploads\/2023\/08\/sausage-production-line-300x225.webp 300w\" sizes=\"auto, (max-width: 720px) 100vw, 720px\" \/><figcaption class=\"wp-element-caption\">\u00c9quipement de fabrication de saucisses<\/figcaption><\/figure> <\/figure>    <p class=\"wp-block-paragraph translation-block\"><strong>Contactez-nous d\u00e8s aujourd'hui pour un devis et d\u00e9couvrez comment cette machine peut am\u00e9liorer votre ligne de production.<\/strong><br><br><\/p>","protected":false},"excerpt":{"rendered":"<p>La machine hachoir et m\u00e9langeur de bol \u00e0 viande est une machine de transformation alimentaire qui int\u00e8gre un hachage \u00e0 haute vitesse et un m\u00e9lange uniforme en une seule unit\u00e9.<\/p>","protected":false},"author":1,"featured_media":1055,"parent":0,"template":"","tags":[79],"product-type":[4],"class_list":["post-1052","product","type-product","status-publish","has-post-thumbnail","hentry","tag-meat-bowl-chopper-and-mixer-machine","product-type-meat-grinder"],"_links":{"self":[{"href":"https:\/\/meat-machine.com\/fr\/wp-json\/wp\/v2\/product\/1052","targetHints":{"allow":["GET"]}}],"collection":[{"href":"https:\/\/meat-machine.com\/fr\/wp-json\/wp\/v2\/product"}],"about":[{"href":"https:\/\/meat-machine.com\/fr\/wp-json\/wp\/v2\/types\/product"}],"author":[{"embeddable":true,"href":"https:\/\/meat-machine.com\/fr\/wp-json\/wp\/v2\/users\/1"}],"wp:featuredmedia":[{"embeddable":true,"href":"https:\/\/meat-machine.com\/fr\/wp-json\/wp\/v2\/media\/1055"}],"wp:attachment":[{"href":"https:\/\/meat-machine.com\/fr\/wp-json\/wp\/v2\/media?parent=1052"}],"wp:term":[{"taxonomy":"post_tag","embeddable":true,"href":"https:\/\/meat-machine.com\/fr\/wp-json\/wp\/v2\/tags?post=1052"},{"taxonomy":"product-type","embeddable":true,"href":"https:\/\/meat-machine.com\/fr\/wp-json\/wp\/v2\/product-type?post=1052"}],"curies":[{"name":"wp","href":"https:\/\/api.w.org\/{rel}","templated":true}]}}