{"id":101,"date":"2022-09-08T09:03:47","date_gmt":"2022-09-08T09:03:47","guid":{"rendered":"https:\/\/meat-machine.com\/?post_type=product&#038;p=101"},"modified":"2024-12-16T16:44:22","modified_gmt":"2024-12-16T08:44:22","slug":"machine-a-desosser-le-poisson","status":"publish","type":"product","link":"https:\/\/meat-machine.com\/fr\/product\/fish-deboner-machine\/","title":{"rendered":"Machine \u00e0 d\u00e9sosser le poisson | Machine de s\u00e9parateur d'os de viande de poisson"},"content":{"rendered":"<div class=\"kk-star-ratings kksr-auto kksr-align-left kksr-valign-top\"     data-payload='{&quot;align&quot;:&quot;left&quot;,&quot;id&quot;:&quot;101&quot;,&quot;slug&quot;:&quot;default&quot;,&quot;valign&quot;:&quot;top&quot;,&quot;ignore&quot;:&quot;&quot;,&quot;reference&quot;:&quot;auto&quot;,&quot;class&quot;:&quot;&quot;,&quot;count&quot;:&quot;7&quot;,&quot;legendonly&quot;:&quot;&quot;,&quot;readonly&quot;:&quot;&quot;,&quot;score&quot;:&quot;4.7&quot;,&quot;starsonly&quot;:&quot;&quot;,&quot;best&quot;:&quot;5&quot;,&quot;gap&quot;:&quot;5&quot;,&quot;greet&quot;:&quot;Rate this product&quot;,&quot;legend&quot;:&quot;4.7\\\/5 - (7 votes)&quot;,&quot;size&quot;:&quot;24&quot;,&quot;title&quot;:&quot;Fish Deboner Machine | Fish Meat Bone Separator Machine&quot;,&quot;width&quot;:&quot;133.8&quot;,&quot;_legend&quot;:&quot;{score}\\\/{best} - ({count} {votes})&quot;,&quot;font_factor&quot;:&quot;1.25&quot;}'>              <div class=\"kksr-stars\">      <div class=\"kksr-stars-inactive\">             <div class=\"kksr-star\" data-star=\"1\" style=\"padding-right: 5px\">               <div class=\"kksr-icon\" style=\"width: 24px; height: 24px;\"><\/div>         <\/div>             <div class=\"kksr-star\" data-star=\"2\" style=\"padding-right: 5px\">               <div class=\"kksr-icon\" style=\"width: 24px; height: 24px;\"><\/div>         <\/div>             <div class=\"kksr-star\" data-star=\"3\" style=\"padding-right: 5px\">               <div class=\"kksr-icon\" style=\"width: 24px; height: 24px;\"><\/div>         <\/div>             <div class=\"kksr-star\" data-star=\"4\" style=\"padding-right: 5px\">               <div class=\"kksr-icon\" style=\"width: 24px; height: 24px;\"><\/div>         <\/div>             <div class=\"kksr-star\" data-star=\"5\" style=\"padding-right: 5px\">               <div class=\"kksr-icon\" style=\"width: 24px; height: 24px;\"><\/div>         <\/div>     <\/div>      <div class=\"kksr-stars-active\" style=\"width: 133.8px;\">             <div class=\"kksr-star\" style=\"padding-right: 5px\">               <div class=\"kksr-icon\" style=\"width: 24px; height: 24px;\"><\/div>         <\/div>             <div class=\"kksr-star\" style=\"padding-right: 5px\">               <div class=\"kksr-icon\" style=\"width: 24px; height: 24px;\"><\/div>         <\/div>             <div class=\"kksr-star\" style=\"padding-right: 5px\">               <div class=\"kksr-icon\" style=\"width: 24px; height: 24px;\"><\/div>         <\/div>             <div class=\"kksr-star\" style=\"padding-right: 5px\">               <div class=\"kksr-icon\" style=\"width: 24px; height: 24px;\"><\/div>         <\/div>             <div class=\"kksr-star\" style=\"padding-right: 5px\">               <div class=\"kksr-icon\" style=\"width: 24px; height: 24px;\"><\/div>         <\/div>     <\/div> <\/div>                   <div class=\"kksr-legend\" style=\"font-size: 19.2px;\">             4,7\/5 - (7 votes)    <\/div>     <\/div>  <p class=\"wp-block-paragraph\">La machine \u00e0 d\u00e9sosser le poisson peut extraire efficacement la chair du poisson, en la s\u00e9parant des os et de la peau. Cette machine polyvalente sert \u00e0 la fois de s\u00e9parateur de viande et de hachoir, permettant une extraction propre de la chair de poisson. Il peut traiter tous les types de poisson, ce qui le rend id\u00e9al pour produire des produits comme des boulettes de poisson et d'autres articles \u00e0 base de poisson.<\/p>    <p class=\"wp-block-paragraph\">Avec des capacit\u00e9s allant de 180 kg\/h \u00e0 1\u00a0500 kg\/h, la machine \u00e0 d\u00e9sosser le poisson convient aussi bien aux besoins de production \u00e0 petite qu'\u00e0 grande \u00e9chelle. Il est largement utilis\u00e9 dans les usines de transformation des aliments, les restaurants, les h\u00f4tels et autres industries alimentaires o\u00f9 une viande de poisson de haute qualit\u00e9 est requise. <\/p>    <figure class=\"wp-block-embed is-type-video is-provider-youtube wp-block-embed-youtube wp-embed-aspect-16-9 wp-has-aspect-ratio\"><div class=\"wp-block-embed__wrapper\"> <iframe loading=\"lazy\" title=\"Machine de s\u00e9paration des os de viande de poisson | Comment fonctionne la machine \u00e0 d\u00e9sosser le poisson\u00a0?\" width=\"500\" height=\"281\" src=\"https:\/\/www.youtube.com\/embed\/1CjSzOEuwnU?feature=oembed\" frameborder=\"0\" allow=\"accelerometer; autoplay; clipboard-write; encrypted-media; gyroscope; picture-in-picture; web-share\" referrerpolicy=\"strict-origin-when-cross-origin\" allowfullscreen><\/iframe> <\/div><figcaption class=\"wp-element-caption\">Vid\u00e9o de travail de la machine \u00e0 d\u00e9sosser le poisson<\/figcaption><\/figure>    <h2 class=\"wp-block-heading\" id=\"h-characteristics-of-automatic-fish-deboner-machine\">Caract\u00e9ristiques de la d\u00e9sosseur automatique de poisson<\/h2>    <ul class=\"wp-block-list\"> <li>Construit en acier inoxydable 304 de qualit\u00e9 alimentaire pour plus de durabilit\u00e9 et de s\u00e9curit\u00e9.<\/li>    <li>Permet d'obtenir jusqu'\u00e0 95% de collecte de viande de poisson en s\u00e9parant efficacement les os, la peau et les c\u00f4tes.<\/li>    <li>Convient aux poissons d'eau douce et marins, traitant directement les petits poissons et les plus gros poissons apr\u00e8s segmentation.<\/li>    <li>Prend en charge la production de boulettes de poisson, de raviolis, de tofu et d'autres produits \u00e0 base de poisson.<\/li>    <li>Compact, efficace et rentable, am\u00e9liorant la valeur du poisson \u00e0 faible co\u00fbt tout en \u00e9conomisant de la main d'\u0153uvre.<\/li> <\/ul>   <div class=\"wp-block-image\"> <figure class=\"aligncenter size-full\"><img loading=\"lazy\" decoding=\"async\" width=\"800\" height=\"500\" src=\"https:\/\/meat-machine.com\/wp-content\/uploads\/2022\/09\/application-scope-of-fish-deboning-machine.webp\" alt=\"champ d&#039;application de la machine \u00e0 d\u00e9sosser le poisson\" class=\"wp-image-103\" title=\"\" srcset=\"https:\/\/meat-machine.com\/wp-content\/uploads\/2022\/09\/application-scope-of-fish-deboning-machine.webp 800w, https:\/\/meat-machine.com\/wp-content\/uploads\/2022\/09\/application-scope-of-fish-deboning-machine-300x188.webp 300w, https:\/\/meat-machine.com\/wp-content\/uploads\/2022\/09\/application-scope-of-fish-deboning-machine-768x480.webp 768w\" sizes=\"auto, (max-width: 800px) 100vw, 800px\" \/><figcaption class=\"wp-element-caption\">champ d'application de la machine \u00e0 d\u00e9sosser le poisson<\/figcaption><\/figure> <\/div>   <h2 class=\"wp-block-heading\">Structure de la machine \u00e0 d\u00e9sosser le poisson<\/h2>    <p class=\"wp-block-paragraph translation-block\">Le <strong>d\u0092osseuse \u00e0 poisson<\/strong> pr\u00e9sente une structure robuste et efficace con\u00e7ue pour rationaliser la s\u00e9paration de la chair et des ar\u00e8tes de poisson. Ses composants cl\u00e9s comprennent :<\/p>    <div class=\"wp-block-media-text is-stacked-on-mobile\"><figure class=\"wp-block-media-text__media\"><img loading=\"lazy\" decoding=\"async\" width=\"720\" height=\"540\" src=\"https:\/\/meat-machine.com\/wp-content\/uploads\/2022\/09\/automatic-fish-deboner-machine.webp\" alt=\"Machine automatique \u00e0 d\u00e9sosser le poisson\" class=\"wp-image-700 size-full\" title=\"\" srcset=\"https:\/\/meat-machine.com\/wp-content\/uploads\/2022\/09\/automatic-fish-deboner-machine.webp 720w, https:\/\/meat-machine.com\/wp-content\/uploads\/2022\/09\/automatic-fish-deboner-machine-300x225.webp 300w, https:\/\/meat-machine.com\/wp-content\/uploads\/2022\/09\/automatic-fish-deboner-machine-16x12.webp 16w\" sizes=\"auto, (max-width: 720px) 100vw, 720px\" \/><\/figure><div class=\"wp-block-media-text__content\"> <ul class=\"wp-block-list\"> <li><strong>Moteur et dispositif de transmission<\/strong>Ces \u00e9l\u00e9ments contr\u00f4lent le fonctionnement de la machine, garantissant une performance fluide.<\/li>    <li><strong>Rouleau avec grattoir int\u00e9rieur<\/strong>. Le rouleau fait partie int\u00e9grante de la s\u00e9paration des ar\u00eates de poisson de la viande. Des trous de tamis uniform\u00e9ment r\u00e9partis sur le tambour permettent \u00e0 la chair du poisson de passer \u00e0 travers tandis que les ar\u00eates restent \u00e0 l'ext\u00e9rieur. Le grattoir int\u00e9rieur d\u00e9tache la viande de la paroi int\u00e9rieure du rouleau pour une collecte efficace.<\/li> <\/ul> <\/div><\/div>    <div class=\"wp-block-media-text has-media-on-the-right is-stacked-on-mobile\"><div class=\"wp-block-media-text__content\"> <ul class=\"wp-block-list\"> <li><strong>Tapis collecteur de viande<\/strong>. Fonctionne avec le rouleau pour exercer une pression, presser le poisson et permettre la s\u00e9paration de la viande et des os.<\/li>    <li><strong>Dispositif de r\u00e9glage automatique<\/strong>. Ajuste automatiquement la pression et r\u00e9initialise l'\u00e9cart pendant le fonctionnement, garantissant une qualit\u00e9 de s\u00e9paration constante.<\/li>    <li><strong>Grattoirs (int\u00e9rieurs et ext\u00e9rieurs)<\/strong>. Le grattoir int\u00e9rieur retire la viande du tambour, tandis que le grattoir ext\u00e9rieur \u00e9limine les os et la peau de la surface du rouleau.<\/li> <\/ul> <\/div><figure class=\"wp-block-media-text__media\"><img loading=\"lazy\" decoding=\"async\" width=\"720\" height=\"540\" src=\"https:\/\/meat-machine.com\/wp-content\/uploads\/2022\/09\/fish-deboner-machine-for-sale.webp\" alt=\"Machine \u00e0 d\u00e9sar\u00eater le poisson \u00e0 vendre\" class=\"wp-image-701 size-full\" title=\"\" srcset=\"https:\/\/meat-machine.com\/wp-content\/uploads\/2022\/09\/fish-deboner-machine-for-sale.webp 720w, https:\/\/meat-machine.com\/wp-content\/uploads\/2022\/09\/fish-deboner-machine-for-sale-300x225.webp 300w, https:\/\/meat-machine.com\/wp-content\/uploads\/2022\/09\/fish-deboner-machine-for-sale-16x12.webp 16w\" sizes=\"auto, (max-width: 720px) 100vw, 720px\" \/><\/figure><\/div>    <div class=\"wp-block-media-text is-stacked-on-mobile\"><figure class=\"wp-block-media-text__media\"><img loading=\"lazy\" decoding=\"async\" width=\"720\" height=\"540\" src=\"https:\/\/meat-machine.com\/wp-content\/uploads\/2022\/09\/fish-deboner-machine-1.webp\" alt=\"machine \u00e0 d\u00e9sosser le poisson\" class=\"wp-image-702 size-full\" title=\"\" srcset=\"https:\/\/meat-machine.com\/wp-content\/uploads\/2022\/09\/fish-deboner-machine-1.webp 720w, https:\/\/meat-machine.com\/wp-content\/uploads\/2022\/09\/fish-deboner-machine-1-300x225.webp 300w, https:\/\/meat-machine.com\/wp-content\/uploads\/2022\/09\/fish-deboner-machine-1-16x12.webp 16w\" sizes=\"auto, (max-width: 720px) 100vw, 720px\" \/><\/figure><div class=\"wp-block-media-text__content\"> <ul class=\"wp-block-list\"> <li><strong>Poign\u00e9es de r\u00e9glage de l'\u00e9cartement et de la ceinture<\/strong>Ces \u00e9l\u00e9ments permettent un r\u00e9glage pr\u00e9cis de l'\u00e9cart entre le rouleau et la courroie et ajustent la tension de la courroie pour une performance optimale.<\/li>    <li><strong>Entr\u00e9e et sorties<\/strong>. L'entr\u00e9e guide le poisson dans la machine, tandis que les sorties s\u00e9par\u00e9es traitent la viande hach\u00e9e et les ar\u00eates de poisson.<\/li>    <li><strong>Tambour \u00e0 viande<\/strong>. Collecte et traite efficacement la chair de poisson s\u00e9par\u00e9e.<\/li> <\/ul> <\/div><\/div>    <p class=\"wp-block-paragraph\">Cette structure compl\u00e8te permet \u00e0 la d\u00e9sosseur de poisson d'offrir une efficacit\u00e9 et une pr\u00e9cision \u00e9lev\u00e9es, ce qui la rend indispensable dans les op\u00e9rations de transformation du poisson.<\/p>    <h2 class=\"wp-block-heading\" id=\"h-what-is-the-working-principle-of-the-fish-meat-bone-separator-machine\">Quel est le principe de fonctionnement de la machine de s\u00e9paration des os et de la viande de poisson\u00a0?<\/h2>    <div class=\"wp-block-media-text is-stacked-on-mobile\"><figure class=\"wp-block-media-text__media\"><img loading=\"lazy\" decoding=\"async\" width=\"720\" height=\"540\" src=\"https:\/\/meat-machine.com\/wp-content\/uploads\/2022\/09\/fish-bones-and-skins-come-out-of-the-machine.webp\" alt=\"des ar\u00eates et des peaux de poisson sortent de la machine\" class=\"wp-image-104 size-full\" title=\"\" srcset=\"https:\/\/meat-machine.com\/wp-content\/uploads\/2022\/09\/fish-bones-and-skins-come-out-of-the-machine.webp 720w, https:\/\/meat-machine.com\/wp-content\/uploads\/2022\/09\/fish-bones-and-skins-come-out-of-the-machine-300x225.webp 300w\" sizes=\"auto, (max-width: 720px) 100vw, 720px\" \/><\/figure><div class=\"wp-block-media-text__content\"> <ul class=\"wp-block-list\"> <li>Le <strong>machine de s\u00e9parateur d'os de viande de poisson<\/strong> comprend un baril de viande et une ceinture en caoutchouc pour presser.<\/li>    <li>Pendant le fonctionnement, le baril de viande roulant et la courroie en caoutchouc pressent le poisson pour extraire la viande dans le baril.<\/li>    <li>La peau et les ar\u00eates du poisson restent \u00e0 l'ext\u00e9rieur du f\u00fbt \u00e0 viande et sont retir\u00e9es \u00e0 l'aide d'un grattoir.<\/li>    <li>La chair de poisson transform\u00e9e est \u00e9vacu\u00e9e par un point de vente s\u00e9par\u00e9.<\/li> <\/ul> <\/div><\/div>    <h2 class=\"wp-block-heading\" id=\"h-how-to-use-the-fish-deboner-machine-correctly\">Comment utiliser correctement la machine \u00e0 d\u00e9sosser le poisson ?<\/h2>    <ul class=\"wp-block-list\"> <li>Pour les petits poissons, vous pouvez les nourrir directement dans le <strong>machine \u00e0 d\u00e9sosser le poisson<\/strong> sans pr\u00e9paration.<\/li>    <li>Pour les gros poissons, retirez les visc\u00e8res et les \u00e9cailles avant de les transformer ; l'utilisation d'un d\u00e9tartreur et d'un coupe-viande est recommand\u00e9e.<\/li>    <li>Avant de l'utiliser, inspectez la machine pour d\u00e9celer tout probl\u00e8me et laissez-la inutilis\u00e9e pendant 30 secondes pour garantir son bon fonctionnement.<\/li>    <li>\u00c9vitez de placer les mains ou des objets durs dans l\u2019ouverture d\u2019alimentation pendant le fonctionnement.<\/li>    <li>Une fois le travail termin\u00e9, coupez imm\u00e9diatement l\u2019alimentation et nettoyez tout r\u00e9sidu de poisson restant \u00e0 l\u2019int\u00e9rieur de la machine.<\/li> <\/ul>   <div class=\"wp-block-image\"> <figure class=\"aligncenter size-full\"><img loading=\"lazy\" decoding=\"async\" width=\"720\" height=\"540\" src=\"https:\/\/meat-machine.com\/wp-content\/uploads\/2022\/09\/fish-meat-bone-separator.webp\" alt=\"s\u00e9parateur d&#039;os de viande de poisson\" class=\"wp-image-108\" title=\"\" srcset=\"https:\/\/meat-machine.com\/wp-content\/uploads\/2022\/09\/fish-meat-bone-separator.webp 720w, https:\/\/meat-machine.com\/wp-content\/uploads\/2022\/09\/fish-meat-bone-separator-300x225.webp 300w\" sizes=\"auto, (max-width: 720px) 100vw, 720px\" \/><figcaption class=\"wp-element-caption\">s\u00e9parateur d'os de viande de poisson<\/figcaption><\/figure> <\/div>   <h2 class=\"wp-block-heading\">Param\u00e8tres de la machine de s\u00e9paration des os de viande de poisson<\/h2>    <figure class=\"wp-block-table\"><table class=\"has-fixed-layout\"><tbody><tr><td>Mod\u00e8le<\/td><td>Dimensions (mm)<\/td><td>Capacit\u00e9 (kg\/h)<\/td><td>Puissance (kW)<\/td><td>\u00c9paisseur de la courroie (mm)<\/td><td>Longueur de la ceinture (mm)<\/td><td>Diam\u00e8tre du canon (mm)<\/td><td>\u00c9paisseur du canon (mm)<\/td><td>\u00c9paisseur des trous (mm)<\/td><td>poids (kg)<\/td><\/tr><tr><td>TZ-F150<\/td><td>850*680*900<\/td><td>180<\/td><td>2.2<\/td><td>20<\/td><td>1195<\/td><td>162<\/td><td>8<\/td><td>2.7<\/td><td>220<\/td><\/tr><tr><td>TZ-F200<\/td><td>900*880*950<\/td><td>280<\/td><td>2.2<\/td><td>20<\/td><td>1450<\/td><td>219<\/td><td>8<\/td><td>2.7<\/td><td>260<\/td><\/tr><tr><td>TZ-F300<\/td><td>1150*870*1060<\/td><td>360<\/td><td>2.2<\/td><td>20<\/td><td>1450<\/td><td>219<\/td><td>8<\/td><td>2.7<\/td><td>320<\/td><\/tr><tr><td>TZ-F350<\/td><td>1300*1000*1050<\/td><td>1500<\/td><td>2.2<\/td><td>20<\/td><td>2500<\/td><td>300<\/td><td>12<\/td><td>4\/4.5\/5\/6<\/td><td>750<\/td><\/tr><\/tbody><\/table><\/figure>   <div class=\"wp-block-image\"> <figure class=\"aligncenter size-full\"><img loading=\"lazy\" decoding=\"async\" width=\"720\" height=\"540\" src=\"https:\/\/meat-machine.com\/wp-content\/uploads\/2022\/09\/fish-deboner-machine.webp\" alt=\"machine \u00e0 d\u00e9sosser le poisson\" class=\"wp-image-106\" title=\"\" srcset=\"https:\/\/meat-machine.com\/wp-content\/uploads\/2022\/09\/fish-deboner-machine.webp 720w, https:\/\/meat-machine.com\/wp-content\/uploads\/2022\/09\/fish-deboner-machine-300x225.webp 300w\" sizes=\"auto, (max-width: 720px) 100vw, 720px\" \/><figcaption class=\"wp-element-caption\">machine \u00e0 d\u00e9sosser le poisson<\/figcaption><\/figure> <\/div>   <h2 class=\"wp-block-heading\" id=\"h-faq\">FAQ sur le s\u00e9parateur d'os de viande de poisson<\/h2>   <div id=\"rank-math-faq\" class=\"rank-math-block\"> <div class=\"rank-math-list\"> <div id=\"faq-question-1734332979439\" class=\"rank-math-list-item\"> <h3 class=\"rank-math-question\">La machine peut-elle enlever les ar\u00eates de poisson ?<\/h3> <div class=\"rank-math-answer\">  <p>Oui, le diam\u00e8tre du maillage peut aller jusqu\u2019\u00e0 3 mm, \u00e9liminant ainsi efficacement les ar\u00eates de poisson.<\/p>  <\/div> <\/div> <div id=\"faq-question-1734332997476\" class=\"rank-math-list-item\"> <h3 class=\"rank-math-question\">La machine est-elle enti\u00e8rement en acier inoxydable ?<\/h3> <div class=\"rank-math-answer\">  <p>La plupart des pi\u00e8ces sont en acier inoxydable, \u00e0 l'exception du ch\u00e2ssis et de l'engrenage du moteur, qui sont en fonte.<\/p>  <\/div> <\/div> <div id=\"faq-question-1734333042417\" class=\"rank-math-list-item\"> <h3 class=\"rank-math-question\">La taille des mailles peut-elle \u00eatre ajust\u00e9e ?<\/h3> <div class=\"rank-math-answer\">  <p>La taille des mailles est r\u00e9glable jusqu'\u00e0 un maximum de 5 mm.<\/p>  <\/div> <\/div> <div id=\"faq-question-1734333056183\" class=\"rank-math-list-item\"> <h3 class=\"rank-math-question\">Les gros poissons doivent-ils \u00eatre pr\u00e9par\u00e9s avant la transformation ?<\/h3> <div class=\"rank-math-answer\">  <p>Oui, les gros poissons doivent \u00eatre \u00e9visc\u00e9r\u00e9s et \u00e9caill\u00e9s. Cependant, les petits poissons peuvent \u00eatre transform\u00e9s directement sans pr\u00e9paration.<\/p>  <\/div> <\/div> <div id=\"faq-question-1734333087423\" class=\"rank-math-list-item\"> <h3 class=\"rank-math-question\">La machine peut-elle traiter des morceaux de poisson au lieu de la viande hach\u00e9e ?<\/h3> <div class=\"rank-math-answer\">  <p>Non, le diam\u00e8tre maximum des mailles est de 5 mm, con\u00e7u pour la viande de poisson hach\u00e9e, pas pour les morceaux plus gros.<\/p>  <\/div> <\/div> <\/div> <\/div>  <div class=\"wp-block-image\"> <figure class=\"aligncenter size-full\"><img loading=\"lazy\" decoding=\"async\" width=\"720\" height=\"540\" src=\"https:\/\/meat-machine.com\/wp-content\/uploads\/2022\/09\/brand-new-fish-deboner-machine-shipped-to-India.webp\" alt=\"toute nouvelle machine \u00e0 d\u00e9sosser le poisson exp\u00e9di\u00e9e en Inde\" class=\"wp-image-301\" title=\"\" srcset=\"https:\/\/meat-machine.com\/wp-content\/uploads\/2022\/09\/brand-new-fish-deboner-machine-shipped-to-India.webp 720w, https:\/\/meat-machine.com\/wp-content\/uploads\/2022\/09\/brand-new-fish-deboner-machine-shipped-to-India-300x225.webp 300w\" sizes=\"auto, (max-width: 720px) 100vw, 720px\" \/><figcaption class=\"wp-element-caption\">toute nouvelle machine \u00e0 d\u00e9sosser le poisson exp\u00e9di\u00e9e en Inde<\/figcaption><\/figure> <\/div>   <h2 class=\"wp-block-heading\">Conclusion<\/h2>    <p class=\"wp-block-paragraph translation-block\">Que vous produisiez des boulettes de <a href=\"https:\/\/en.wikipedia.org\/wiki\/Fish\" data-type=\"link\" data-id=\"https:\/\/en.wikipedia.org\/wiki\/Fish\" target=\"_blank\" rel=\"noopener\">poisson<\/a>, de la p\u00e2te de poisson ou d'autres produits \u00e0 base de poisson, cette machine est un excellent ajout \u00e0 votre ligne de transformation.<\/p>    <p class=\"wp-block-paragraph translation-block\">En plus de la d\u0092osseuse \u00e0 poisson, nous fournissons \u00e9galement une gamme d'autres <a href=\"https:\/\/meat-machine.com\/fr\/produits\/hachoir-a-viande\/\" data-type=\"link\" data-id=\"https:\/\/meat-machine.com\/products\/meat-grinder\/\">\u00e9quipements de transformation du poisson<\/a>. Pour plus de d\u00e9tails ou pour demander un devis, n'h\u00e9sitez pas \u00e0 nous contacter d\u00e8s aujourd'hui !<\/p>","protected":false},"excerpt":{"rendered":"<p>La machine \u00e0 d\u00e9sosser le poisson peut extraire efficacement la chair du poisson, en la s\u00e9parant des os et de la peau. <\/p>","protected":false},"author":1,"featured_media":107,"parent":0,"template":"","tags":[34,18],"product-type":[25],"class_list":["post-101","product","type-product","status-publish","has-post-thumbnail","hentry","tag-fish","tag-fish-deboner-machine","product-type-fish-processing-machine"],"_links":{"self":[{"href":"https:\/\/meat-machine.com\/fr\/wp-json\/wp\/v2\/product\/101","targetHints":{"allow":["GET"]}}],"collection":[{"href":"https:\/\/meat-machine.com\/fr\/wp-json\/wp\/v2\/product"}],"about":[{"href":"https:\/\/meat-machine.com\/fr\/wp-json\/wp\/v2\/types\/product"}],"author":[{"embeddable":true,"href":"https:\/\/meat-machine.com\/fr\/wp-json\/wp\/v2\/users\/1"}],"wp:featuredmedia":[{"embeddable":true,"href":"https:\/\/meat-machine.com\/fr\/wp-json\/wp\/v2\/media\/107"}],"wp:attachment":[{"href":"https:\/\/meat-machine.com\/fr\/wp-json\/wp\/v2\/media?parent=101"}],"wp:term":[{"taxonomy":"post_tag","embeddable":true,"href":"https:\/\/meat-machine.com\/fr\/wp-json\/wp\/v2\/tags?post=101"},{"taxonomy":"product-type","embeddable":true,"href":"https:\/\/meat-machine.com\/fr\/wp-json\/wp\/v2\/product-type?post=101"}],"curies":[{"name":"wp","href":"https:\/\/api.w.org\/{rel}","templated":true}]}}