{"id":33,"date":"2022-09-06T10:32:08","date_gmt":"2022-09-06T10:32:08","guid":{"rendered":"https:\/\/meat-machine.com\/?page_id=33"},"modified":"2022-09-13T02:57:11","modified_gmt":"2022-09-13T02:57:11","slug":"a-propos-de-nous","status":"publish","type":"page","link":"https:\/\/meat-machine.com\/fr\/about-us\/","title":{"rendered":"\u00c0 propos de nous"},"content":{"rendered":"<p class=\"wp-block-paragraph\">Nous sommes une entreprise sp\u00e9cialis\u00e9e dans la production et la fabrication de machines \u00e0 viande. Plus de 10 ans d'exp\u00e9rience dans la production de machines alimentaires nous permettent de produire des machines de production alimentaire de haute qualit\u00e9 pour nos clients et de fournir \u00e0 nos clients des services personnalis\u00e9s uniques.<\/p>    <h2 class=\"wp-block-heading\" id=\"h-what-machines-do-we-have\">De quelles machines disposons-nous ?<\/h2>    <p class=\"wp-block-paragraph translation-block\">Chez <a href=\"https:\/\/meat-machine.com\/fr\/\">Taizy Machinery<\/a>, notre \u00e9quipement de transformation de la viande comprend des <a href=\"https:\/\/meat-machine.com\/fr\/produit\/machine-automatique-de-decoupe-de-poulet\/\">coupeurs de viande automatiques<\/a>, des <a href=\"https:\/\/meat-machine.com\/fr\/produit\/trancheuse-a-viande-congelee-commerciale\/\">trancheuses de viande pour viande congel\u00e9e<\/a>, des <a href=\"https:\/\/meat-machine.com\/fr\/produit\/machine-a-decouper-la-viande\/\">d\u00e9coupeurs de viande congel\u00e9e<\/a>, des <a href=\"https:\/\/meat-machine.com\/fr\/produit\/broyeur-dos\/\">broyeurs d'os<\/a>, des <a href=\"https:\/\/meat-machine.com\/fr\/produit\/separateur-dos-de-viande\/\">machines s\u00e9paratrices de viande et d'os<\/a>, des <a href=\"https:\/\/meat-machine.com\/fr\/produit\/machine-a-desosser-le-poisson\/\">machines \u00e0 d\u00e9sar\u00eater le poisson<\/a>, des <a href=\"https:\/\/meat-machine.com\/fr\/produit\/machine-a-fabriquer-des-boulettes-de-viande\/\">machines \u00e0 boulettes de viande<\/a>, des <a href=\"https:\/\/meat-machine.com\/fr\/produit\/fabricant-de-galettes-de-hamburger-commercial\/\">machines \u00e0 galettes<\/a>, des <a href=\"https:\/\/meat-machine.com\/fr\/produit\/hachoir-a-viande-commercial\/\">broyeurs de viande industriels<\/a>, etc. De plus, nous avons \u00e9galement des fumeurs commerciaux, des machines \u00e0 p\u00e9trir en rouleau \u00e0 vendre. Par cons\u00e9quent, notre entreprise dispose d'une large vari\u00e9t\u00e9 d'\u00e9quipements de production de viande. Si vous avez des besoins en machines \u00e0 viande, n'h\u00e9sitez pas \u00e0 nous contacter.<\/p>    <h2 class=\"wp-block-heading\" id=\"h-rich-experience-in-machinery-export\">Riche exp\u00e9rience dans l'exportation de machines<\/h2>    <p class=\"wp-block-paragraph\">Nos machines ont \u00e9t\u00e9 export\u00e9es aux \u00c9tats-Unis, au Canada, en France, au Nigeria, en Tanzanie, en Arabie Saoudite, en Malaisie, en Cor\u00e9e du Sud, au Br\u00e9sil, au P\u00e9rou, au Mexique, en Suisse et dans de nombreux autres pays. Nous avons donc une riche exp\u00e9rience dans l\u2019exportation de machines.<\/p>    <figure class=\"wp-block-image size-full\"><img loading=\"lazy\" decoding=\"async\" width=\"1024\" height=\"620\" src=\"https:\/\/meat-machine.com\/wp-content\/uploads\/2022\/09\/people-from-many-countries-have-chosen-us.webp\" alt=\"des gens de nombreux pays nous ont choisis\" class=\"wp-image-153\" title=\"\" srcset=\"https:\/\/meat-machine.com\/wp-content\/uploads\/2022\/09\/people-from-many-countries-have-chosen-us.webp 1024w, https:\/\/meat-machine.com\/wp-content\/uploads\/2022\/09\/people-from-many-countries-have-chosen-us-300x182.webp 300w, https:\/\/meat-machine.com\/wp-content\/uploads\/2022\/09\/people-from-many-countries-have-chosen-us-768x465.webp 768w\" sizes=\"auto, (max-width: 1024px) 100vw, 1024px\" \/><figcaption>Des personnes de nombreux pays nous ont choisis<\/figcaption><\/figure>","protected":false},"excerpt":{"rendered":"<p>We are a company specializing in the production and manufacture of meat machinery. More than 10 years of food machinery production experience allows us to produce high-quality food production machines for customers and provide customers with unique customized services. What machines do we have? At Taizy Machinery, our meat processing machinery includes automatic meat cutters, [&hellip;]<\/p>\n","protected":false},"author":1,"featured_media":0,"parent":0,"menu_order":0,"comment_status":"closed","ping_status":"closed","template":"","meta":{"_crdt_document":"","footnotes":""},"class_list":["post-33","page","type-page","status-publish","hentry"],"_links":{"self":[{"href":"https:\/\/meat-machine.com\/fr\/wp-json\/wp\/v2\/pages\/33","targetHints":{"allow":["GET"]}}],"collection":[{"href":"https:\/\/meat-machine.com\/fr\/wp-json\/wp\/v2\/pages"}],"about":[{"href":"https:\/\/meat-machine.com\/fr\/wp-json\/wp\/v2\/types\/page"}],"author":[{"embeddable":true,"href":"https:\/\/meat-machine.com\/fr\/wp-json\/wp\/v2\/users\/1"}],"replies":[{"embeddable":true,"href":"https:\/\/meat-machine.com\/fr\/wp-json\/wp\/v2\/comments?post=33"}],"version-history":[{"count":0,"href":"https:\/\/meat-machine.com\/fr\/wp-json\/wp\/v2\/pages\/33\/revisions"}],"wp:attachment":[{"href":"https:\/\/meat-machine.com\/fr\/wp-json\/wp\/v2\/media?parent=33"}],"curies":[{"name":"wp","href":"https:\/\/api.w.org\/{rel}","templated":true}]}}