{"id":22,"date":"2022-09-05T09:48:36","date_gmt":"2022-09-05T09:48:36","guid":{"rendered":"https:\/\/meat-machine.com\/?page_id=22"},"modified":"2024-11-29T16:35:21","modified_gmt":"2024-11-29T08:35:21","slug":"contactez-nous","status":"publish","type":"page","link":"https:\/\/meat-machine.com\/fr\/contact-us\/","title":{"rendered":"Contactez-nous"},"content":{"rendered":"<h3 class=\"wp-block-heading\" id=\"h-get-in-touch-with-us\">Prenez contact avec nous<\/h3>    <div class=\"wp-block-columns is-layout-flex wp-container-core-columns-is-layout-8f761849 wp-block-columns-is-layout-flex\"> <div class=\"wp-block-column is-layout-flow wp-block-column-is-layout-flow\"> <h3 class=\"wp-block-heading\" id=\"h-visit-us\">Rendez nous visite<\/h3>    <p class=\"wp-block-paragraph\">No.1394 East Hanghai Road, zone de d\u00e9veloppement \u00e9conomique et technologique, Zhengzhou, Chine<\/p>    <p class=\"wp-block-paragraph\"><\/p>    <h3 class=\"wp-block-heading\" id=\"h-call-us\">Appelez-nous<\/h3>    <p class=\"wp-block-paragraph\">+86 17329326135<\/p>    <p class=\"wp-block-paragraph\"><\/p>    <h3 class=\"wp-block-heading\" id=\"h-mail-us\">Envoyez-nous un mail<\/h3>    <p class=\"wp-block-paragraph\">info@meat-machine.com<\/p> <\/div> <\/div>    <iframe src=\"https:\/\/www.google.com\/maps\/embed?pb=!1m18!1m12!1m3!1d3279.4228507465396!2d113.76858131549582!3d34.71973438970583!2m3!1f0!2f0!3f0!3m2!1i1024!2i768!4f13.1!3m3!1m2!1s0x35d75d5169ef9047%3A0x516c0e10e656ba80!2sZhengshang%20Jingkai%20Plaza!5e0!3m2!1sen!2sus!4v1663041084603!5m2!1sen!2sus\"  style=\"border:0;width:100%;\" allowfullscreen=\"\" loading=\"lazy\" referrerpolicy=\"no-referrer-when-downgrade\"><\/iframe>","protected":false},"excerpt":{"rendered":"<p>Contactez-nous Visitez-nous No.1394 East Hanghai Road, Zone de d\u00e9veloppement \u00e9conomique et technologique, Zhengzhou, Chine Appelez-nous +86 17329326135 \u00c9crivez-nous info@meat-machine.com<\/p>","protected":false},"author":1,"featured_media":0,"parent":0,"menu_order":0,"comment_status":"closed","ping_status":"closed","template":"","meta":{"_crdt_document":"","footnotes":""},"class_list":["post-22","page","type-page","status-publish","hentry"],"_links":{"self":[{"href":"https:\/\/meat-machine.com\/fr\/wp-json\/wp\/v2\/pages\/22","targetHints":{"allow":["GET"]}}],"collection":[{"href":"https:\/\/meat-machine.com\/fr\/wp-json\/wp\/v2\/pages"}],"about":[{"href":"https:\/\/meat-machine.com\/fr\/wp-json\/wp\/v2\/types\/page"}],"author":[{"embeddable":true,"href":"https:\/\/meat-machine.com\/fr\/wp-json\/wp\/v2\/users\/1"}],"replies":[{"embeddable":true,"href":"https:\/\/meat-machine.com\/fr\/wp-json\/wp\/v2\/comments?post=22"}],"version-history":[{"count":0,"href":"https:\/\/meat-machine.com\/fr\/wp-json\/wp\/v2\/pages\/22\/revisions"}],"wp:attachment":[{"href":"https:\/\/meat-machine.com\/fr\/wp-json\/wp\/v2\/media?parent=22"}],"curies":[{"name":"wp","href":"https:\/\/api.w.org\/{rel}","templated":true}]}}