{"id":88,"date":"2022-09-08T07:20:45","date_gmt":"2022-09-08T07:20:45","guid":{"rendered":"https:\/\/meat-machine.com\/?post_type=product&#038;p=88"},"modified":"2026-04-02T16:52:26","modified_gmt":"2026-04-02T08:52:26","slug":"maquina-picadora-de-carne-comercial","status":"publish","type":"product","link":"https:\/\/meat-machine.com\/es\/product\/commercial-meat-mincer-machine\/","title":{"rendered":"M\u00e1quina picadora de carne comercial"},"content":{"rendered":"<div class=\"kk-star-ratings kksr-auto kksr-align-left kksr-valign-top\"     data-payload='{&quot;align&quot;:&quot;left&quot;,&quot;id&quot;:&quot;88&quot;,&quot;slug&quot;:&quot;default&quot;,&quot;valign&quot;:&quot;top&quot;,&quot;ignore&quot;:&quot;&quot;,&quot;reference&quot;:&quot;auto&quot;,&quot;class&quot;:&quot;&quot;,&quot;count&quot;:&quot;14&quot;,&quot;legendonly&quot;:&quot;&quot;,&quot;readonly&quot;:&quot;&quot;,&quot;score&quot;:&quot;4.5&quot;,&quot;starsonly&quot;:&quot;&quot;,&quot;best&quot;:&quot;5&quot;,&quot;gap&quot;:&quot;5&quot;,&quot;greet&quot;:&quot;Rate this product&quot;,&quot;legend&quot;:&quot;4.5\\\/5 - (14 votos)&quot;,&quot;size&quot;:&quot;24&quot;,&quot;title&quot;:&quot;Commercial Meat Mincer Machine&quot;,&quot;width&quot;:&quot;128&quot;,&quot;_legend&quot;:&quot;{score}\\\/{best} - ({count} {votes})&quot;,&quot;font_factor&quot;:&quot;1.25&quot;}'>              <div class=\"kksr-stars\">      <div class=\"kksr-stars-inactive\">             <div class=\"kksr-star\" data-star=\"1\" style=\"padding-right: 5px\">               <div class=\"kksr-icon\" style=\"width: 24px; height: 24px;\"><\/div>         <\/div>             <div class=\"kksr-star\" data-star=\"2\" style=\"padding-right: 5px\">               <div class=\"kksr-icon\" style=\"width: 24px; height: 24px;\"><\/div>         <\/div>             <div class=\"kksr-star\" data-star=\"3\" style=\"padding-right: 5px\">               <div class=\"kksr-icon\" style=\"width: 24px; height: 24px;\"><\/div>         <\/div>             <div class=\"kksr-star\" data-star=\"4\" style=\"padding-right: 5px\">               <div class=\"kksr-icon\" style=\"width: 24px; height: 24px;\"><\/div>         <\/div>             <div class=\"kksr-star\" data-star=\"5\" style=\"padding-right: 5px\">               <div class=\"kksr-icon\" style=\"width: 24px; height: 24px;\"><\/div>         <\/div>     <\/div>      <div class=\"kksr-stars-active\" style=\"width: 128px;\">             <div class=\"kksr-star\" style=\"padding-right: 5px\">               <div class=\"kksr-icon\" style=\"width: 24px; height: 24px;\"><\/div>         <\/div>             <div class=\"kksr-star\" style=\"padding-right: 5px\">               <div class=\"kksr-icon\" style=\"width: 24px; height: 24px;\"><\/div>         <\/div>             <div class=\"kksr-star\" style=\"padding-right: 5px\">               <div class=\"kksr-icon\" style=\"width: 24px; height: 24px;\"><\/div>         <\/div>             <div class=\"kksr-star\" style=\"padding-right: 5px\">               <div class=\"kksr-icon\" style=\"width: 24px; height: 24px;\"><\/div>         <\/div>             <div class=\"kksr-star\" style=\"padding-right: 5px\">               <div class=\"kksr-icon\" style=\"width: 24px; height: 24px;\"><\/div>         <\/div>     <\/div> <\/div>                   <div class=\"kksr-legend\" style=\"font-size: 19.2px;\">             4,5\/5 - (14 votos)    <\/div>     <\/div>  <p class=\"wp-block-paragraph\">La m\u00e1quina picadora de carne comercial puede moler grandes cantidades de carne de manera eficiente para aplicaciones de procesamiento de alimentos. Puede procesar carne congelada en carne picada uniforme, que luego puede usarse para la producci\u00f3n adicional de productos como salchichas, alb\u00f3ndigas, hamburguesas, rellenos de dumplings y otros alimentos procesados.<\/p>    <p class=\"wp-block-paragraph\">El picador de carne comercial es adecuado para una variedad de materias primas, incluyendo cerdo, res, pollo, cordero, pescado y otras carnes sin hueso. Se pueden instalar diferentes placas de orificios para producir varios tama\u00f1os de molienda seg\u00fan los requisitos del producto final. <\/p>    <p class=\"wp-block-paragraph translation-block\">La capacidad de la m\u00e1quina generalmente var\u00eda desde <strong>500 kg\/h hasta 50,000 kg\/h<\/strong>. Es ampliamente utilizada en carnicer\u00edas, plantas de procesamiento de carne, f\u00e1bricas de alimentos y cocinas centrales donde se requiere una textura de carne constante y alta productividad.<\/p>    <figure class=\"wp-block-embed is-type-video is-provider-youtube wp-block-embed-youtube wp-embed-aspect-9-16 wp-has-aspect-ratio\"><div class=\"wp-block-embed__wrapper\"> <iframe loading=\"lazy\" title=\"Video de funcionamiento de la m\u00e1quina picadora de carne autom\u00e1tica | Picadora de carne potente #carne #procesamientodealimentos #picadora\" width=\"422\" height=\"750\" src=\"https:\/\/www.youtube.com\/embed\/PiKyUP9N3R0?feature=oembed\" frameborder=\"0\" allow=\"accelerometer; autoplay; clipboard-write; encrypted-media; gyroscope; picture-in-picture; web-share\" referrerpolicy=\"strict-origin-when-cross-origin\" allowfullscreen><\/iframe> <\/div><figcaption class=\"wp-element-caption\">Video de funcionamiento de la m\u00e1quina picadora de carne comercial<\/figcaption><\/figure>    <h2 id=\"h-working-principle-of-commercial-meat-mincer-machine\" class=\"wp-block-heading\">\u00bfC\u00f3mo funciona la m\u00e1quina picadora de carne comercial?<\/h2>    <ul class=\"wp-block-list\"> <li>La m\u00e1quina comienza a funcionar cuando se enciende el motor, impulsando los componentes internos para iniciar el proceso de picado.<\/li>    <li>La carne congelada se coloca en la entrada de alimentaci\u00f3n para ingresar al sistema de molienda.<\/li>    <li>Un transportador de tornillo rotatorio empuja continuamente la carne hacia la unidad de corte.<\/li>    <li>El cambio en el tono del tornillo comprime la carne y genera presi\u00f3n durante el proceso de alimentaci\u00f3n.<\/li>    <li>La carne comprimida se corta en peque\u00f1os trozos mediante la cuchilla rotatoria.<\/li>    <li>La carne picada se fuerza a trav\u00e9s de la placa perforada para formar carne molida de manera uniforme.<\/li>    <li>La carne picada terminada se descarga por la salida y se recoge para su procesamiento adicional, como <a href=\"https:\/\/meat-machine.com\/es\/producto\/maquina-para-hacer-albondigas\/\" data-type=\"link\" data-id=\"https:\/\/meat-machine.com\/product\/meatball-making-machine\/\">alb\u00f3ndigas<\/a> o <a href=\"https:\/\/meat-machine.com\/es\/producto\/fabricante-de-hamburguesas-comercial\/\" data-type=\"link\" data-id=\"https:\/\/meat-machine.com\/product\/commercial-burger-patty-maker\/\">hamburguesas<\/a>.<\/li> <\/ul>    <figure class=\"wp-block-gallery has-nested-images columns-default is-cropped wp-block-gallery-2 is-layout-flex wp-block-gallery-is-layout-flex\"> <figure class=\"wp-block-image size-full\"><img loading=\"lazy\" decoding=\"async\" width=\"720\" height=\"540\" data-id=\"1146\" src=\"https:\/\/meat-machine.com\/wp-content\/uploads\/2022\/09\/Commercial-Meat-Mincer-Machine-Structure.webp\" alt=\"Estructura de la m\u00e1quina picadora de carne comercial\" class=\"wp-image-1146\" title=\"\" srcset=\"https:\/\/meat-machine.com\/wp-content\/uploads\/2022\/09\/Commercial-Meat-Mincer-Machine-Structure.webp 720w, https:\/\/meat-machine.com\/wp-content\/uploads\/2022\/09\/Commercial-Meat-Mincer-Machine-Structure-300x225.webp 300w, https:\/\/meat-machine.com\/wp-content\/uploads\/2022\/09\/Commercial-Meat-Mincer-Machine-Structure-16x12.webp 16w\" sizes=\"auto, (max-width: 720px) 100vw, 720px\" \/><figcaption class=\"wp-element-caption\">Estructura de la m\u00e1quina picadora de carne comercial<\/figcaption><\/figure>    <figure class=\"wp-block-image size-full\"><img loading=\"lazy\" decoding=\"async\" width=\"720\" height=\"540\" data-id=\"1145\" src=\"https:\/\/meat-machine.com\/wp-content\/uploads\/2022\/09\/Commercial-Meat-Mincer-Machine-1.webp\" alt=\"M\u00e1quina picadora de carne comercial\" class=\"wp-image-1145\" title=\"\" srcset=\"https:\/\/meat-machine.com\/wp-content\/uploads\/2022\/09\/Commercial-Meat-Mincer-Machine-1.webp 720w, https:\/\/meat-machine.com\/wp-content\/uploads\/2022\/09\/Commercial-Meat-Mincer-Machine-1-300x225.webp 300w, https:\/\/meat-machine.com\/wp-content\/uploads\/2022\/09\/Commercial-Meat-Mincer-Machine-1-16x12.webp 16w\" sizes=\"auto, (max-width: 720px) 100vw, 720px\" \/><figcaption class=\"wp-element-caption\">M\u00e1quina picadora de carne comercial<\/figcaption><\/figure> <\/figure>    <h2 id=\"h-characteristics-of-industrial-meat-grinder-machine\" class=\"wp-block-heading\">Caracter\u00edsticas de la m\u00e1quina de picar carne congelada<\/h2>    <div class=\"wp-block-media-text has-media-on-the-right is-stacked-on-mobile\"><div class=\"wp-block-media-text__content\"> <ul class=\"wp-block-list\"> <li>Equipado con un <strong>motor de baja velocidad y alto torque (alrededor de 80 r\/min)<\/strong> que permite que la m\u00e1quina muela carne congelada sin sobrecalentar las fibras de la carne.<\/li>    <li>El <strong>gran tolva de alimentaci\u00f3n de acero inoxidable<\/strong> est\u00e1 dise\u00f1ado para acomodar bloques de carne congelada pre-rota y guiar el material directamente al transportador de tornillo.<\/li>    <li>Usa un <strong>tornillo espiral de alta resistencia (tolva)<\/strong> con un tono que cambia gradualmente para comprimir y empujar la carne congelada de manera eficiente.<\/li>    <li>El <strong>el sistema de corte combina una cuchilla rotatoria y una placa perforada<\/strong>, permitiendo que la carne se corte y extruya simult\u00e1neamente.<\/li> <\/ul> <\/div><figure class=\"wp-block-media-text__media\"><img loading=\"lazy\" decoding=\"async\" width=\"720\" height=\"540\" src=\"https:\/\/meat-machine.com\/wp-content\/uploads\/2022\/09\/finished-product.webp\" alt=\"producto terminado\" class=\"wp-image-96 size-full\" title=\"\" srcset=\"https:\/\/meat-machine.com\/wp-content\/uploads\/2022\/09\/finished-product.webp 720w, https:\/\/meat-machine.com\/wp-content\/uploads\/2022\/09\/finished-product-300x225.webp 300w\" sizes=\"auto, (max-width: 720px) 100vw, 720px\" \/><\/figure><\/div>    <div class=\"wp-block-media-text is-stacked-on-mobile\"><figure class=\"wp-block-media-text__media\"><img loading=\"lazy\" decoding=\"async\" width=\"720\" height=\"540\" src=\"https:\/\/meat-machine.com\/wp-content\/uploads\/2022\/09\/Commercial-Meat-Mincer-Machine-details.webp\" alt=\"Detalles de la m\u00e1quina picadora de carne comercial\" class=\"wp-image-1147 size-full\" title=\"\" srcset=\"https:\/\/meat-machine.com\/wp-content\/uploads\/2022\/09\/Commercial-Meat-Mincer-Machine-details.webp 720w, https:\/\/meat-machine.com\/wp-content\/uploads\/2022\/09\/Commercial-Meat-Mincer-Machine-details-300x225.webp 300w, https:\/\/meat-machine.com\/wp-content\/uploads\/2022\/09\/Commercial-Meat-Mincer-Machine-details-16x12.webp 16w\" sizes=\"auto, (max-width: 720px) 100vw, 720px\" \/><\/figure><div class=\"wp-block-media-text__content\"> <ul class=\"wp-block-list\"> <li><strong>M\u00faltiples tama\u00f1os de placas de orificios (personalizables de 4 a 15 mm)<\/strong> puede ser instalado para producir diferentes tama\u00f1os de part\u00edculas de carne picada.<\/li>    <li>El <strong>toda la estructura en contacto con alimentos est\u00e1 hecha de acero inoxidable<\/strong>, asegurando resistencia a la corrosi\u00f3n y f\u00e1cil limpieza en entornos de procesamiento de carne.<\/li>    <li>El <strong>sistema de transmisi\u00f3n y caja de engranajes reforzada<\/strong> est\u00e1n dise\u00f1ados para soportar la resistencia generada durante el molido de carne congelada.<\/li>    <li>La m\u00e1quina soporta <strong>operaci\u00f3n industrial continua<\/strong>, haci\u00e9ndola adecuada para l\u00edneas de procesamiento de carne a gran escala.<\/li> <\/ul> <\/div><\/div>    <h2 class=\"wp-block-heading\">Par\u00e1metros de la m\u00e1quina picadora de carne<\/h2>    <figure class=\"wp-block-table\"><table class=\"has-fixed-layout\"><thead><tr><th>Modelo<\/th><th>100<\/th><th>120<\/th><th>130<\/th><th>160<\/th><th>200<\/th><th>250<\/th><\/tr><\/thead><tbody><tr><td>Fuerza<\/td><td>5.5 kW<\/td><td>7.5 kW<\/td><td>11 kW<\/td><td>14 kW<\/td><td>30 kW<\/td><td>37 kW<\/td><\/tr><tr><td>Voltaje<\/td><td>380 V<\/td><td>380 V<\/td><td>380 V<\/td><td>380 V<\/td><td>380 V<\/td><td>380 V<\/td><\/tr><tr><td>Capacidad<\/td><td>500 kg\/h<\/td><td>1000 kg\/h<\/td><td>1500 kg\/h<\/td><td>2\u20133 t\/h<\/td><td>3\u20134 t\/h<\/td><td>4\u20135 t\/h<\/td><\/tr><tr><td>Tama\u00f1o de la m\u00e1quina<\/td><td>900 \u00d7 570 \u00d7 1030 mm<\/td><td>1150 \u00d7 630 \u00d7 1180 mm<\/td><td>1220 \u00d7 770 \u00d7 1200 mm<\/td><td>1220 \u00d7 770 \u00d7 1200 mm<\/td><td>1560 \u00d7 850 \u00d7 1400 mm<\/td><td>1720 \u00d7 1200 \u00d7 1580 mm<\/td><\/tr><tr><td>Tama\u00f1o de la entrada de alimentaci\u00f3n<\/td><td>460 \u00d7 440 \u00d7 400 mm<\/td><td>630 \u00d7 520 \u00d7 430 mm<\/td><td>\u2014<\/td><td>710 \u00d7 660 \u00d7 480 mm<\/td><td>\u2014<\/td><td>\u2014<\/td><\/tr><tr><td>Placa de orificio<\/td><td>6 \/ 8 \/ 10 mm<\/td><td>6 \/ 8 \/ 10 mm<\/td><td>6 \/ 8 \/ 10 mm<\/td><td>6 \/ 8 \/ 10 mm<\/td><td>6 \/ 8 \/ 10 mm<\/td><td>\u2014<\/td><\/tr><\/tbody><\/table><figcaption class=\"wp-element-caption\">par\u00e1metros de la picadora de carne<\/figcaption><\/figure>    <figure class=\"wp-block-gallery has-nested-images columns-default is-cropped wp-block-gallery-3 is-layout-flex wp-block-gallery-is-layout-flex\"> <figure class=\"wp-block-image size-large\"><img loading=\"lazy\" decoding=\"async\" width=\"720\" height=\"540\" data-id=\"722\" src=\"https:\/\/meat-machine.com\/wp-content\/uploads\/2022\/09\/frozen-meat.webp\" alt=\"carne congelada\" class=\"wp-image-722\" title=\"\" srcset=\"https:\/\/meat-machine.com\/wp-content\/uploads\/2022\/09\/frozen-meat.webp 720w, https:\/\/meat-machine.com\/wp-content\/uploads\/2022\/09\/frozen-meat-300x225.webp 300w, https:\/\/meat-machine.com\/wp-content\/uploads\/2022\/09\/frozen-meat-16x12.webp 16w\" sizes=\"auto, (max-width: 720px) 100vw, 720px\" \/><figcaption class=\"wp-element-caption\">Carne<\/figcaption><\/figure>    <figure class=\"wp-block-image size-large\"><img loading=\"lazy\" decoding=\"async\" width=\"540\" height=\"720\" data-id=\"1150\" src=\"https:\/\/meat-machine.com\/wp-content\/uploads\/2022\/09\/meat-grinding-machine-1.webp\" alt=\"maquina para picar carne\" class=\"wp-image-1150\" title=\"\" srcset=\"https:\/\/meat-machine.com\/wp-content\/uploads\/2022\/09\/meat-grinding-machine-1.webp 540w, https:\/\/meat-machine.com\/wp-content\/uploads\/2022\/09\/meat-grinding-machine-1-225x300.webp 225w, https:\/\/meat-machine.com\/wp-content\/uploads\/2022\/09\/meat-grinding-machine-1-9x12.webp 9w\" sizes=\"auto, (max-width: 540px) 100vw, 540px\" \/><figcaption class=\"wp-element-caption\">M\u00e1quina de molienda de carne<\/figcaption><\/figure> <\/figure>    <h2 id=\"h-how-to-use-a-meat-mincer-machine\" class=\"wp-block-heading\">\u00bfC\u00f3mo limpiar una m\u00e1quina picadora de carne comercial?<\/h2>    <div class=\"wp-block-media-text is-stacked-on-mobile\"><figure class=\"wp-block-media-text__media\"><img loading=\"lazy\" decoding=\"async\" width=\"540\" height=\"720\" src=\"https:\/\/meat-machine.com\/wp-content\/uploads\/2022\/09\/meat-grinder-effective.webp\" alt=\"molino de carne efectivo\" class=\"wp-image-1148 size-full\" title=\"\" srcset=\"https:\/\/meat-machine.com\/wp-content\/uploads\/2022\/09\/meat-grinder-effective.webp 540w, https:\/\/meat-machine.com\/wp-content\/uploads\/2022\/09\/meat-grinder-effective-225x300.webp 225w, https:\/\/meat-machine.com\/wp-content\/uploads\/2022\/09\/meat-grinder-effective-9x12.webp 9w\" sizes=\"auto, (max-width: 540px) 100vw, 540px\" \/><\/figure><div class=\"wp-block-media-text__content\"> <ul class=\"wp-block-list\"> <li><strong>Retire el molinillo.<\/strong> Separe la picadora de carne de la m\u00e1quina, asegur\u00e1ndose de trabajar en la direcci\u00f3n opuesta.<\/li>    <li><strong>Limpiar la cavidad.<\/strong> Retire la espuma de carne y los trozos de carne sobrantes de la cavidad de la m\u00e1quina.<\/li>    <li><strong>Remojar en detergente.<\/strong> Remoje las piezas de la m\u00e1quina en agua tibia con detergente para aflojar cualquier residuo restante.<\/li> <\/ul> <\/div><\/div>    <div class=\"wp-block-media-text has-media-on-the-right is-stacked-on-mobile\"><div class=\"wp-block-media-text__content\"> <ul class=\"wp-block-list\"> <li><strong>Frote las piezas.<\/strong> Utilice un cepillo para limpiar todos los componentes a fondo.<\/li>    <li><strong>Enjuague con agua.<\/strong> Enjuague las piezas dos veces con agua del grifo para eliminar cualquier detergente y residuo.<\/li>    <li><strong>Secar las piezas.<\/strong> Coloque los componentes limpios en un \u00e1rea fresca y ventilada para que se sequen por completo.<\/li> <\/ul> <\/div><figure class=\"wp-block-media-text__media\"><img loading=\"lazy\" decoding=\"async\" width=\"540\" height=\"720\" src=\"https:\/\/meat-machine.com\/wp-content\/uploads\/2022\/09\/meat-grinder-2.webp\" alt=\"picadora de carne\" class=\"wp-image-1149 size-full\" title=\"\" srcset=\"https:\/\/meat-machine.com\/wp-content\/uploads\/2022\/09\/meat-grinder-2.webp 540w, https:\/\/meat-machine.com\/wp-content\/uploads\/2022\/09\/meat-grinder-2-225x300.webp 225w, https:\/\/meat-machine.com\/wp-content\/uploads\/2022\/09\/meat-grinder-2-9x12.webp 9w\" sizes=\"auto, (max-width: 540px) 100vw, 540px\" \/><\/figure><\/div>    <h2 class=\"wp-block-heading\">Consejos para usar la m\u00e1quina picadora de carne<\/h2>    <div class=\"wp-block-media-text is-stacked-on-mobile\"><figure class=\"wp-block-media-text__media\"><img loading=\"lazy\" decoding=\"async\" width=\"720\" height=\"540\" src=\"https:\/\/meat-machine.com\/wp-content\/uploads\/2022\/09\/Commercial-Meat-Mincer-Machine-sale.webp\" alt=\"Venta de m\u00e1quina picadora de carne comercial\" class=\"wp-image-1144 size-full\" title=\"\" srcset=\"https:\/\/meat-machine.com\/wp-content\/uploads\/2022\/09\/Commercial-Meat-Mincer-Machine-sale.webp 720w, https:\/\/meat-machine.com\/wp-content\/uploads\/2022\/09\/Commercial-Meat-Mincer-Machine-sale-300x225.webp 300w, https:\/\/meat-machine.com\/wp-content\/uploads\/2022\/09\/Commercial-Meat-Mincer-Machine-sale-16x12.webp 16w\" sizes=\"auto, (max-width: 720px) 100vw, 720px\" \/><\/figure><div class=\"wp-block-media-text__content\"> <ul class=\"wp-block-list\"> <li><strong>Congelar adecuadamente<\/strong> en el compartimento del congelador para una congelaci\u00f3n uniforme.<\/li>    <li><strong>Usar carne a -5\u00b0C a -18\u00b0C<\/strong> para obtener los mejores resultados de molienda y prevenir que se pegue.<\/li>    <li><strong>Pre-machacar trozos grandes<\/strong> con un triturador de carne si es necesario.<\/li>    <li><strong>Congelar la carne en trozos peque\u00f1os<\/strong> para un procesamiento m\u00e1s suave.<\/li> <\/ul> <\/div><\/div>    <h2 class=\"wp-block-heading\">Equipo complementario para la picadora de carne<\/h2>    <p class=\"wp-block-paragraph\">Para lograr una mayor eficiencia y un mejor aprovechamiento de la materia prima, la picadora de carne puede usarse en combinaci\u00f3n con nuestro separador de carne y huesos y la m\u00e1quina de triturar huesos. <\/p>    <p class=\"wp-block-paragraph translation-block\">El <a href=\"https:\/\/meat-machine.com\/es\/producto\/separador-de-huesos-de-carne\/\" data-type=\"link\" data-id=\"https:\/\/meat-machine.com\/product\/meat-bone-separator\/\">separador de carne y huesos<\/a> primero separa la carne residual de los huesos de los animales, maximizando la recuperaci\u00f3n de carne, mientras que la <a href=\"https:\/\/meat-machine.com\/es\/producto\/maquina-trituradora-de-huesos\/\" data-type=\"link\" data-id=\"https:\/\/meat-machine.com\/product\/bone-crushing-machine\/\">m\u00e1quina de triturar huesos<\/a> procesa huesos duros en part\u00edculas m\u00e1s peque\u00f1as aptas para su uso posterior. <\/p>    <p class=\"wp-block-paragraph\">Cuando se integra con la picadora de carne, este equipo complementario forma una l\u00ednea de procesamiento completa y eficiente, reduciendo residuos, mejorando la calidad del producto y ampliando las posibilidades de aplicaci\u00f3n en el procesamiento de carne y subproductos.<\/p>    <figure class=\"wp-block-gallery has-nested-images columns-default is-cropped wp-block-gallery-4 is-layout-flex wp-block-gallery-is-layout-flex\"> <figure class=\"wp-block-image size-full\"><img loading=\"lazy\" decoding=\"async\" width=\"720\" height=\"540\" data-id=\"764\" src=\"https:\/\/meat-machine.com\/wp-content\/uploads\/2022\/09\/bone-crusher-machine.webp\" alt=\"maquina trituradora de huesos\" class=\"wp-image-764\" title=\"\" srcset=\"https:\/\/meat-machine.com\/wp-content\/uploads\/2022\/09\/bone-crusher-machine.webp 720w, https:\/\/meat-machine.com\/wp-content\/uploads\/2022\/09\/bone-crusher-machine-300x225.webp 300w, https:\/\/meat-machine.com\/wp-content\/uploads\/2022\/09\/bone-crusher-machine-16x12.webp 16w\" sizes=\"auto, (max-width: 720px) 100vw, 720px\" \/><figcaption class=\"wp-element-caption\">M\u00e1quina trituradora de huesos<\/figcaption><\/figure>    <figure class=\"wp-block-image size-full\"><img loading=\"lazy\" decoding=\"async\" width=\"540\" height=\"720\" data-id=\"1132\" src=\"https:\/\/meat-machine.com\/wp-content\/uploads\/2023\/05\/bone-meat-separating-machine.webp\" alt=\"m\u00e1quina de separaci\u00f3n de carne y hueso\" class=\"wp-image-1132\" title=\"\" srcset=\"https:\/\/meat-machine.com\/wp-content\/uploads\/2023\/05\/bone-meat-separating-machine.webp 540w, https:\/\/meat-machine.com\/wp-content\/uploads\/2023\/05\/bone-meat-separating-machine-225x300.webp 225w, https:\/\/meat-machine.com\/wp-content\/uploads\/2023\/05\/bone-meat-separating-machine-9x12.webp 9w\" sizes=\"auto, (max-width: 540px) 100vw, 540px\" \/><figcaption class=\"wp-element-caption\">M\u00e1quina separadora de carne y hueso<\/figcaption><\/figure> <\/figure>    <p class=\"wp-block-paragraph translation-block\">La <strong>m\u00e1quina picadora de carne comercial<\/strong> tambi\u00e9n puede integrarse en varias l\u00edneas de procesamiento de carne, como <strong><a href=\"https:\/\/meat-machine.com\/es\/producto\/linea-de-procesamiento-de-salchichas\/\" data-type=\"link\" data-id=\"https:\/\/meat-machine.com\/product\/sausage-processing-line\/\">l\u00edneas de producci\u00f3n de salchichas<\/a> y <a href=\"https:\/\/meat-machine.com\/es\/producto\/meat-patty-making-machine-production-line\/\" data-type=\"link\" data-id=\"https:\/\/meat-machine.com\/product\/meat-patty-making-machine-production-line\/\">l\u00edneas de procesamiento de hamburguesas<\/a><\/strong>. En estos sistemas, la m\u00e1quina se usa para moler carne congelada en carne picada uniforme antes de la siguiente etapa de procesamiento. <\/p>    <p class=\"wp-block-paragraph\">La carne procesada puede ser transferida autom\u00e1ticamente a equipos como mezcladores, llenadoras o m\u00e1quinas formadoras para su producci\u00f3n adicional. <\/p>    <p class=\"wp-block-paragraph\">Al trabajar como parte de una l\u00ednea de procesamiento completa, el picador de carne ayuda a mejorar la eficiencia de producci\u00f3n, mantener una textura de carne consistente y apoyar la fabricaci\u00f3n continua de productos c\u00e1rnicos a gran escala.<\/p>    <figure class=\"wp-block-gallery has-nested-images columns-default is-cropped wp-block-gallery-5 is-layout-flex wp-block-gallery-is-layout-flex\"> <figure class=\"wp-block-image size-large\"><img loading=\"lazy\" decoding=\"async\" width=\"720\" height=\"540\" data-id=\"459\" src=\"https:\/\/meat-machine.com\/wp-content\/uploads\/2023\/08\/sausage-production-line.webp\" alt=\"equipo para hacer salchichas\" class=\"wp-image-459\" title=\"\" srcset=\"https:\/\/meat-machine.com\/wp-content\/uploads\/2023\/08\/sausage-production-line.webp 720w, https:\/\/meat-machine.com\/wp-content\/uploads\/2023\/08\/sausage-production-line-300x225.webp 300w\" sizes=\"auto, (max-width: 720px) 100vw, 720px\" \/><figcaption class=\"wp-element-caption\">Equipo para hacer embutidos<\/figcaption><\/figure>    <figure class=\"wp-block-image size-large\"><img loading=\"lazy\" decoding=\"async\" width=\"720\" height=\"540\" data-id=\"1017\" src=\"https:\/\/meat-machine.com\/wp-content\/uploads\/2026\/02\/Meat-patty-making-machine-production-line.webp\" alt=\"L\u00ednea de producci\u00f3n de m\u00e1quinas para hacer hamburguesas\" class=\"wp-image-1017\" title=\"\" srcset=\"https:\/\/meat-machine.com\/wp-content\/uploads\/2026\/02\/Meat-patty-making-machine-production-line.webp 720w, https:\/\/meat-machine.com\/wp-content\/uploads\/2026\/02\/Meat-patty-making-machine-production-line-300x225.webp 300w, https:\/\/meat-machine.com\/wp-content\/uploads\/2026\/02\/Meat-patty-making-machine-production-line-16x12.webp 16w\" sizes=\"auto, (max-width: 720px) 100vw, 720px\" \/><figcaption><\/figcaption><\/figure> <\/figure>    <h2 class=\"wp-block-heading\">Conclusi\u00f3n<\/h2>    <p class=\"wp-block-paragraph\">Si est\u00e1 buscando una soluci\u00f3n de alto rendimiento y rentable para sus necesidades de molienda de carne, le invitamos a ponerse en contacto con nosotros para obtener un presupuesto personalizado. \u00a1Perm\u00edtanos ayudarle a mejorar su producci\u00f3n con nuestras m\u00e1quinas picadoras de carne de alta calidad!<\/p>","protected":false},"excerpt":{"rendered":"<p>La m\u00e1quina picadora de carne comercial puede moler grandes cantidades de carne de manera eficiente para aplicaciones de procesamiento de alimentos. <\/p>","protected":false},"author":1,"featured_media":1155,"parent":0,"template":"","tags":[17],"product-type":[2],"class_list":["post-88","product","type-product","status-publish","has-post-thumbnail","hentry","tag-meat-mincer-machine","product-type-meat-cutting-machine"],"_links":{"self":[{"href":"https:\/\/meat-machine.com\/es\/wp-json\/wp\/v2\/product\/88","targetHints":{"allow":["GET"]}}],"collection":[{"href":"https:\/\/meat-machine.com\/es\/wp-json\/wp\/v2\/product"}],"about":[{"href":"https:\/\/meat-machine.com\/es\/wp-json\/wp\/v2\/types\/product"}],"author":[{"embeddable":true,"href":"https:\/\/meat-machine.com\/es\/wp-json\/wp\/v2\/users\/1"}],"wp:featuredmedia":[{"embeddable":true,"href":"https:\/\/meat-machine.com\/es\/wp-json\/wp\/v2\/media\/1155"}],"wp:attachment":[{"href":"https:\/\/meat-machine.com\/es\/wp-json\/wp\/v2\/media?parent=88"}],"wp:term":[{"taxonomy":"post_tag","embeddable":true,"href":"https:\/\/meat-machine.com\/es\/wp-json\/wp\/v2\/tags?post=88"},{"taxonomy":"product-type","embeddable":true,"href":"https:\/\/meat-machine.com\/es\/wp-json\/wp\/v2\/product-type?post=88"}],"curies":[{"name":"wp","href":"https:\/\/api.w.org\/{rel}","templated":true}]}}