{"id":631,"date":"2024-07-24T15:05:18","date_gmt":"2024-07-24T07:05:18","guid":{"rendered":"https:\/\/meat-machine.com\/?post_type=product&#038;p=631"},"modified":"2026-02-28T14:36:24","modified_gmt":"2026-02-28T06:36:24","slug":"maquina-trituradora-de-huesos","status":"publish","type":"product","link":"https:\/\/meat-machine.com\/es\/product\/bone-crushing-machine\/","title":{"rendered":"M\u00e1quina trituradora y trituradora de huesos"},"content":{"rendered":"<div class=\"kk-star-ratings kksr-auto kksr-align-left kksr-valign-top\"     data-payload='{&quot;align&quot;:&quot;left&quot;,&quot;id&quot;:&quot;631&quot;,&quot;slug&quot;:&quot;default&quot;,&quot;valign&quot;:&quot;top&quot;,&quot;ignore&quot;:&quot;&quot;,&quot;reference&quot;:&quot;auto&quot;,&quot;class&quot;:&quot;&quot;,&quot;count&quot;:&quot;30&quot;,&quot;legendonly&quot;:&quot;&quot;,&quot;readonly&quot;:&quot;&quot;,&quot;score&quot;:&quot;4.6&quot;,&quot;starsonly&quot;:&quot;&quot;,&quot;best&quot;:&quot;5&quot;,&quot;gap&quot;:&quot;5&quot;,&quot;greet&quot;:&quot;Rate this product&quot;,&quot;legend&quot;:&quot;4.6\\\/5 - (30 votos)&quot;,&quot;size&quot;:&quot;24&quot;,&quot;title&quot;:&quot;Bone crusher and grinder machine&quot;,&quot;width&quot;:&quot;130.9&quot;,&quot;_legend&quot;:&quot;{score}\\\/{best} - ({count} {votes})&quot;,&quot;font_factor&quot;:&quot;1.25&quot;}'>              <div class=\"kksr-stars\">      <div class=\"kksr-stars-inactive\">             <div class=\"kksr-star\" data-star=\"1\" style=\"padding-right: 5px\">               <div class=\"kksr-icon\" style=\"width: 24px; height: 24px;\"><\/div>         <\/div>             <div class=\"kksr-star\" data-star=\"2\" style=\"padding-right: 5px\">               <div class=\"kksr-icon\" style=\"width: 24px; height: 24px;\"><\/div>         <\/div>             <div class=\"kksr-star\" data-star=\"3\" style=\"padding-right: 5px\">               <div class=\"kksr-icon\" style=\"width: 24px; height: 24px;\"><\/div>         <\/div>             <div class=\"kksr-star\" data-star=\"4\" style=\"padding-right: 5px\">               <div class=\"kksr-icon\" style=\"width: 24px; height: 24px;\"><\/div>         <\/div>             <div class=\"kksr-star\" data-star=\"5\" style=\"padding-right: 5px\">               <div class=\"kksr-icon\" style=\"width: 24px; height: 24px;\"><\/div>         <\/div>     <\/div>      <div class=\"kksr-stars-active\" style=\"width: 130.9px;\">             <div class=\"kksr-star\" style=\"padding-right: 5px\">               <div class=\"kksr-icon\" style=\"width: 24px; height: 24px;\"><\/div>         <\/div>             <div class=\"kksr-star\" style=\"padding-right: 5px\">               <div class=\"kksr-icon\" style=\"width: 24px; height: 24px;\"><\/div>         <\/div>             <div class=\"kksr-star\" style=\"padding-right: 5px\">               <div class=\"kksr-icon\" style=\"width: 24px; height: 24px;\"><\/div>         <\/div>             <div class=\"kksr-star\" style=\"padding-right: 5px\">               <div class=\"kksr-icon\" style=\"width: 24px; height: 24px;\"><\/div>         <\/div>             <div class=\"kksr-star\" style=\"padding-right: 5px\">               <div class=\"kksr-icon\" style=\"width: 24px; height: 24px;\"><\/div>         <\/div>     <\/div> <\/div>                   <div class=\"kksr-legend\" style=\"font-size: 19.2px;\">             4,6\/5 - (30 votos)    <\/div>     <\/div>  <p class=\"wp-block-paragraph translation-block\">La <strong>m\u00e1quina trituradora y molinillo de huesos<\/strong> con una capacidad de <strong>200\u2013400 kg\/h<\/strong> puede triturar y moler eficientemente huesos de animales en <strong>peque\u00f1as part\u00edculas<\/strong>, lo que la hace adecuada para el procesamiento de huesos h\u00famedos. Al procesar <strong>huesos frescos (h\u00famedos)<\/strong>, el tama\u00f1o final de las part\u00edculas suele ser de <strong>3\u20134 mm<\/strong>, con resultados uniformes y estables.<\/p>    <p class=\"wp-block-paragraph\">Esta m\u00e1quina integra funciones de trituraci\u00f3n y molienda en una sola unidad, garantizando alta eficiencia, producci\u00f3n constante y menor intensidad laboral. Funciona de manera suave y soporta producci\u00f3n continua para necesidades de procesamiento peque\u00f1as a medianas.<\/p>    <p class=\"wp-block-paragraph\">La m\u00e1quina se utiliza ampliamente en industrias de procesamiento de alimentos, producci\u00f3n de alimentos para mascotas, fabricaci\u00f3n de piensos para animales, procesamiento de fertilizantes y reciclaje de huesos. Los materiales adecuados incluyen huesos de cerdo, vaca, pollo, pescado y otros huesos de animales. Construida con acero inoxidable, cumple con las normas de higiene, es f\u00e1cil de limpiar y ofrece un rendimiento confiable a largo plazo.<\/p>    <figure class=\"wp-block-embed is-type-video is-provider-youtube wp-block-embed-youtube wp-embed-aspect-9-16 wp-has-aspect-ratio\"><div class=\"wp-block-embed__wrapper\"> <iframe loading=\"lazy\" title=\"Proceso de trabajo de la m\u00e1quina trituradora y molinillo de huesos | Trituraci\u00f3n potente de huesos #huesos #trituradora #molinillo\" width=\"422\" height=\"750\" src=\"https:\/\/www.youtube.com\/embed\/FAYbi7X99Ls?feature=oembed\" frameborder=\"0\" allow=\"accelerometer; autoplay; clipboard-write; encrypted-media; gyroscope; picture-in-picture; web-share\" referrerpolicy=\"strict-origin-when-cross-origin\" allowfullscreen><\/iframe> <\/div><figcaption class=\"wp-element-caption\">Video de funcionamiento de la m\u00e1quina trituradora y molinera de huesos<\/figcaption><\/figure>    <h2 class=\"wp-block-heading\">Ventajas de la m\u00e1quina trituradora y molinera de huesos<\/h2>    <ol class=\"wp-block-list\"> <li><strong>Construcci\u00f3n de acero inoxidable<\/strong>. Fabricado en acero inoxidable 304 apto para uso alimentario para mayor resistencia y durabilidad.<\/li>    <li><strong>Pantalla reemplazable<\/strong>. Permite m\u00faltiples tama\u00f1os de part\u00edculas, con un tama\u00f1o m\u00ednimo de trituraci\u00f3n de 3 mm.<\/li>    <li><strong>Cuchillas de alta calidad<\/strong>. Las hojas SKD-11 ofrecen resistencia al desgaste y una larga vida \u00fatil.<\/li>    <li><strong>Tornillo transportador<\/strong>. Evita atascos de material para un funcionamiento suave.<\/li>    <li><strong>Protecci\u00f3n contra sobrecarga<\/strong>. Equipado con un dispositivo de protecci\u00f3n contra sobrecargas para un funcionamiento seguro de la m\u00e1quina.<\/li>    <li><strong>Amplia gama de aplicaciones<\/strong>. Capaz de moler varios huesos de aves y animales.<\/li> <\/ol>    <figure class=\"wp-block-gallery has-nested-images columns-default is-cropped wp-block-gallery-2 is-layout-flex wp-block-gallery-is-layout-flex\"> <figure class=\"wp-block-image size-large\"><img loading=\"lazy\" decoding=\"async\" width=\"540\" height=\"720\" data-id=\"643\" src=\"https:\/\/meat-machine.com\/wp-content\/uploads\/2024\/07\/screen.webp\" alt=\"pantalla\" class=\"wp-image-643\" title=\"\" srcset=\"https:\/\/meat-machine.com\/wp-content\/uploads\/2024\/07\/screen.webp 540w, https:\/\/meat-machine.com\/wp-content\/uploads\/2024\/07\/screen-225x300.webp 225w, https:\/\/meat-machine.com\/wp-content\/uploads\/2024\/07\/screen-9x12.webp 9w\" sizes=\"auto, (max-width: 540px) 100vw, 540px\" \/><figcaption class=\"wp-element-caption\">Pantalla<\/figcaption><\/figure>    <figure class=\"wp-block-image size-large\"><img loading=\"lazy\" decoding=\"async\" width=\"540\" height=\"720\" data-id=\"644\" src=\"https:\/\/meat-machine.com\/wp-content\/uploads\/2024\/07\/screw-conveyor-shaft.webp\" alt=\"eje del transportador de tornillo\" class=\"wp-image-644\" title=\"\" srcset=\"https:\/\/meat-machine.com\/wp-content\/uploads\/2024\/07\/screw-conveyor-shaft.webp 540w, https:\/\/meat-machine.com\/wp-content\/uploads\/2024\/07\/screw-conveyor-shaft-225x300.webp 225w, https:\/\/meat-machine.com\/wp-content\/uploads\/2024\/07\/screw-conveyor-shaft-9x12.webp 9w\" sizes=\"auto, (max-width: 540px) 100vw, 540px\" \/><figcaption class=\"wp-element-caption\">Eje transportador de tornillo<\/figcaption><\/figure>    <figure class=\"wp-block-image size-large\"><img loading=\"lazy\" decoding=\"async\" width=\"540\" height=\"720\" data-id=\"633\" src=\"https:\/\/meat-machine.com\/wp-content\/uploads\/2024\/07\/blades.webp\" alt=\"cuchillas\" class=\"wp-image-633\" title=\"\" srcset=\"https:\/\/meat-machine.com\/wp-content\/uploads\/2024\/07\/blades.webp 540w, https:\/\/meat-machine.com\/wp-content\/uploads\/2024\/07\/blades-225x300.webp 225w, https:\/\/meat-machine.com\/wp-content\/uploads\/2024\/07\/blades-9x12.webp 9w\" sizes=\"auto, (max-width: 540px) 100vw, 540px\" \/><figcaption class=\"wp-element-caption\">Cuchillas<\/figcaption><\/figure> <\/figure>    <h2 class=\"wp-block-heading\">Aplicaciones de la m\u00e1quina trituradora y trituradora de huesos de animales.<\/h2>    <p class=\"wp-block-paragraph translation-block\">La <strong>m\u00e1quina trituradora y molinillo de huesos de animales de Taizy<\/strong> est\u00e1 dise\u00f1ada para procesar una amplia variedad de huesos de animales y aves de corral. Es una herramienta vers\u00e1til que puede procesar los siguientes <a href=\"https:\/\/en.wikipedia.org\/wiki\/Bone\" data-type=\"link\" data-id=\"https:\/\/en.wikipedia.org\/wiki\/Bone\" target=\"_blank\" rel=\"noopener\">huesos<\/a>:<\/p>    <ul class=\"wp-block-list\"> <li>Huesos de pollo, huesos de pato, huesos de vaca, huesos de pescado, huesos de oveja, huesos de cerdo, huesos de pavo, huesos de conejo, huesos de ciervo, huesos de otros animales y aves<\/li> <\/ul>    <p class=\"wp-block-paragraph\">Esta m\u00e1quina se utiliza ampliamente en diversas industrias gracias a su capacidad para triturar de manera eficiente diferentes tipos de huesos. Las aplicaciones clave incluyen:<\/p>    <div class=\"wp-block-media-text is-stacked-on-mobile\"><figure class=\"wp-block-media-text__media\"><img loading=\"lazy\" decoding=\"async\" width=\"720\" height=\"540\" src=\"https:\/\/meat-machine.com\/wp-content\/uploads\/2023\/01\/poultry-bones-and-livestock-bones.webp\" alt=\"huesos de aves y huesos de ganado\" class=\"wp-image-277 size-full\" title=\"\" srcset=\"https:\/\/meat-machine.com\/wp-content\/uploads\/2023\/01\/poultry-bones-and-livestock-bones.webp 720w, https:\/\/meat-machine.com\/wp-content\/uploads\/2023\/01\/poultry-bones-and-livestock-bones-300x225.webp 300w\" sizes=\"auto, (max-width: 720px) 100vw, 720px\" \/><\/figure><div class=\"wp-block-media-text__content\"> <ul class=\"wp-block-list\"> <li><strong>Plantas procesadoras de carne<\/strong>. La m\u00e1quina es esencial para procesar los huesos sobrantes de la producci\u00f3n de carne.<\/li>    <li><strong>Plantas de fabricaci\u00f3n de alimentos para mascotas.<\/strong>. Se utiliza para producir harina de huesos para la producci\u00f3n de alimentos para mascotas.<\/li>    <li><strong>Plantas de fabricaci\u00f3n de harina de huesos.<\/strong>. Ideal para crear polvo fino de huesos utilizado en fertilizantes.<\/li> <\/ul> <\/div><\/div>    <p class=\"wp-block-paragraph\">Si no est\u00e1 seguro de si sus materias primas son compatibles con la m\u00e1quina trituradora y trituradora de huesos de animales Taizy, no dude en comunicarse con nosotros a trav\u00e9s del formulario de contacto en la esquina inferior derecha. \u00a1Estamos felices de poder ayudarte!<\/p>    <h2 class=\"wp-block-heading\">\u00bfC\u00f3mo funciona la m\u00e1quina trituradora y trituradora de huesos de animales?<\/h2>    <p class=\"wp-block-paragraph translation-block\">La <strong>m\u00e1quina trituradora y molinillo de huesos<\/strong> est\u00e1 dise\u00f1ada para procesar huesos de manera eficiente en part\u00edculas finas. A continuaci\u00f3n, se detalla un desglose paso a paso de su funcionamiento:<\/p>    <div class=\"wp-block-media-text has-media-on-the-right is-stacked-on-mobile\"><div class=\"wp-block-media-text__content\"> <ul class=\"wp-block-list\"> <li>Los huesos se introducen en la m\u00e1quina a trav\u00e9s de un embudo de alimentaci\u00f3n designado.<\/li>    <li>Dentro del sistema de trituraci\u00f3n primaria, las cuchillas de alta velocidad trituran huesos grandes en trozos m\u00e1s peque\u00f1os.<\/li>    <li>Los peque\u00f1os trozos luego ingresan al sistema de trituraci\u00f3n fina para ser molidos a\u00fan m\u00e1s en part\u00edculas de 3\u20134 mm.<\/li>    <li>Las part\u00edculas de hueso que cumplen con el requisito de tama\u00f1o se descargan a trav\u00e9s de la salida.<\/li>    <li>Las part\u00edculas de tama\u00f1o excesivo se devuelven autom\u00e1ticamente al triturador fino y se reprocesan hasta alcanzar el tama\u00f1o deseado.<\/li> <\/ul> <\/div><figure class=\"wp-block-media-text__media\"><img loading=\"lazy\" decoding=\"async\" width=\"720\" height=\"540\" src=\"https:\/\/meat-machine.com\/wp-content\/uploads\/2024\/07\/working-process.webp\" alt=\"proceso de trabajo de la maquina trituradora de huesos animales\" class=\"wp-image-645 size-full\" title=\"\" srcset=\"https:\/\/meat-machine.com\/wp-content\/uploads\/2024\/07\/working-process.webp 720w, https:\/\/meat-machine.com\/wp-content\/uploads\/2024\/07\/working-process-300x225.webp 300w, https:\/\/meat-machine.com\/wp-content\/uploads\/2024\/07\/working-process-16x12.webp 16w\" sizes=\"auto, (max-width: 720px) 100vw, 720px\" \/><\/figure><\/div>    <p class=\"wp-block-paragraph\">Este sistema garantiza un control preciso del tama\u00f1o de las part\u00edculas, lo que convierte a la m\u00e1quina trituradora y trituradora de huesos en una herramienta confiable para industrias que requieren part\u00edculas de hueso finamente molidas.<\/p>    <h2 class=\"wp-block-heading\">La estructura de la m\u00e1quina trituradora y trituradora de huesos.<\/h2>    <p class=\"wp-block-paragraph\">Las m\u00e1quinas trituradoras de huesos constan principalmente de una entrada, una cuchilla trituradora, una espiral de molienda, una malla de tamiz, un motor, una cubierta y una salida.<\/p>   <div class=\"wp-block-image\"> <figure class=\"aligncenter size-full\"><img loading=\"lazy\" decoding=\"async\" width=\"720\" height=\"540\" src=\"https:\/\/meat-machine.com\/wp-content\/uploads\/2024\/07\/machine-structure.webp\" alt=\"estructura de la m\u00e1quina\" class=\"wp-image-641\" title=\"\" srcset=\"https:\/\/meat-machine.com\/wp-content\/uploads\/2024\/07\/machine-structure.webp 720w, https:\/\/meat-machine.com\/wp-content\/uploads\/2024\/07\/machine-structure-300x225.webp 300w, https:\/\/meat-machine.com\/wp-content\/uploads\/2024\/07\/machine-structure-16x12.webp 16w\" sizes=\"auto, (max-width: 720px) 100vw, 720px\" \/><figcaption class=\"wp-element-caption\">estructura de la m\u00e1quina<\/figcaption><\/figure> <\/div>   <h2 class=\"wp-block-heading\">Datos t\u00e9cnicos de la m\u00e1quina trituradora y trituradora de huesos<\/h2>    <figure class=\"wp-block-table\"><table class=\"has-fixed-layout\"><thead><tr><th>Art\u00edculo<\/th><th>Especificaci\u00f3n<\/th><\/tr><\/thead><tbody><tr><td>Dimensiones generales<\/td><td>1200 \u00d7 1000 \u00d7 1470 mm<\/td><\/tr><tr><td>Potencia de trituraci\u00f3n<\/td><td>5.5 kW<\/td><\/tr><tr><td>Potencia de molido<\/td><td>7.5 kW<\/td><\/tr><tr><td>Capacidad<\/td><td>200\u2013400 kg\/h<\/td><\/tr><tr><td>Material<\/td><td>Acero inoxidable 304<\/td><\/tr><tr><td>Peso<\/td><td>540 kg<\/td><\/tr><\/tbody><\/table><figcaption class=\"wp-element-caption\">Par\u00e1metros de la m\u00e1quina trituradora y trituradora de huesos<\/figcaption><\/figure>    <div class=\"wp-block-media-text is-stacked-on-mobile\"><figure class=\"wp-block-media-text__media\"><img loading=\"lazy\" decoding=\"async\" width=\"720\" height=\"540\" src=\"https:\/\/meat-machine.com\/wp-content\/uploads\/2022\/09\/commercial-bone-grinder-for-sale.webp\" alt=\"maquina trituradora y trituradora de huesos para la venta\" class=\"wp-image-74 size-full\" title=\"\" srcset=\"https:\/\/meat-machine.com\/wp-content\/uploads\/2022\/09\/commercial-bone-grinder-for-sale.webp 720w, https:\/\/meat-machine.com\/wp-content\/uploads\/2022\/09\/commercial-bone-grinder-for-sale-300x225.webp 300w\" sizes=\"auto, (max-width: 720px) 100vw, 720px\" \/><\/figure><div class=\"wp-block-media-text__content\"> <p class=\"wp-block-paragraph\">Nuestra m\u00e1quina trituradora de huesos puede procesar de 200 a 400 kg de materia prima por hora. Ya sea una planta de procesamiento de carne peque\u00f1a o grande, esta m\u00e1quina puede satisfacer muy bien la demanda de producci\u00f3n.<\/p>    <p class=\"wp-block-paragraph translation-block\">Adem\u00e1s de este nuevo modelo de m\u00e1quina, tambi\u00e9n tenemos un modelo antiguo de <a href=\"https:\/\/meat-machine.com\/es\/producto\/molinillo-de-huesos\/\">m\u00e1quina trituradora de huesos<\/a> a la venta. La m\u00e1quina modelo antiguo puede moler huesos en part\u00edculas de 10 mm.<\/p> <\/div><\/div>    <h2 class=\"wp-block-heading\">Precio de la m\u00e1quina trituradora y trituradora de huesos<\/h2>    <p class=\"wp-block-paragraph\">El precio de una m\u00e1quina trituradora y molinera de huesos var\u00eda ampliamente, generalmente oscilando entre unos pocos miles y decenas de miles de d\u00f3lares, dependiendo de factores como el tipo de modelo, la capacidad y los materiales de construcci\u00f3n. <\/p>    <p class=\"wp-block-paragraph\">Los modelos b\u00e1sicos son m\u00e1s asequibles y adecuados para operaciones a peque\u00f1a escala, como el procesamiento de alimentos para mascotas, mientras que las m\u00e1quinas de gama alta est\u00e1n dise\u00f1adas para su uso a escala industrial, con mayor durabilidad y producci\u00f3n. <\/p>    <p class=\"wp-block-paragraph\">Al seleccionar una m\u00e1quina, es importante considerar la escala de producci\u00f3n, el presupuesto y los requisitos de rendimiento. Para obtener precios precisos y soluciones personalizadas, no dude en contactarnos para un presupuesto a medida.<\/p>    <figure class=\"wp-block-gallery has-nested-images columns-default is-cropped wp-block-gallery-3 is-layout-flex wp-block-gallery-is-layout-flex\"> <figure class=\"wp-block-image size-large\"><img loading=\"lazy\" decoding=\"async\" width=\"720\" height=\"540\" data-id=\"637\" src=\"https:\/\/meat-machine.com\/wp-content\/uploads\/2024\/07\/bone-crushing-machine.webp\" alt=\"trituradora de huesos industrial para la venta\" class=\"wp-image-637\" title=\"\" srcset=\"https:\/\/meat-machine.com\/wp-content\/uploads\/2024\/07\/bone-crushing-machine.webp 720w, https:\/\/meat-machine.com\/wp-content\/uploads\/2024\/07\/bone-crushing-machine-300x225.webp 300w, https:\/\/meat-machine.com\/wp-content\/uploads\/2024\/07\/bone-crushing-machine-16x12.webp 16w\" sizes=\"auto, (max-width: 720px) 100vw, 720px\" \/><figcaption class=\"wp-element-caption\">M\u00e1quina industrial de trituraci\u00f3n de huesos en venta<\/figcaption><\/figure>    <figure class=\"wp-block-image size-large\"><img loading=\"lazy\" decoding=\"async\" width=\"720\" height=\"540\" data-id=\"639\" src=\"https:\/\/meat-machine.com\/wp-content\/uploads\/2024\/07\/discharge-port.webp\" alt=\"puerto de descarga\" class=\"wp-image-639\" title=\"\" srcset=\"https:\/\/meat-machine.com\/wp-content\/uploads\/2024\/07\/discharge-port.webp 720w, https:\/\/meat-machine.com\/wp-content\/uploads\/2024\/07\/discharge-port-300x225.webp 300w, https:\/\/meat-machine.com\/wp-content\/uploads\/2024\/07\/discharge-port-16x12.webp 16w\" sizes=\"auto, (max-width: 720px) 100vw, 720px\" \/><figcaption><\/figcaption><\/figure> <\/figure>    <h2 class=\"wp-block-heading\">M\u00e1quina trituradora de huesos Taizy vendida a Australia<\/h2>    <p class=\"wp-block-paragraph\">En marzo de 2024, entregamos con \u00e9xito una m\u00e1quina trituradora de huesos a una empresa de fabricaci\u00f3n de alimentos para mascotas en Australia. Esta empresa se especializa en la producci\u00f3n de alimentos para mascotas de alta calidad, especialmente piensos nutritivos ricos en harina de huesos y calcio.<\/p>    <p class=\"wp-block-paragraph\">Compraron nuestra m\u00e1quina trituradora de huesos principalmente para triturar huesos de cerdo, vaca y pollo. El cliente espera que el producto terminado tenga un tama\u00f1o final de 3 mil\u00edmetros. Se utiliza como ingrediente importante en la comida para mascotas.<\/p>    <p class=\"wp-block-paragraph\">El material, el precio y el efecto de trabajo de nuestra m\u00e1quina satisfacen muy bien las necesidades del cliente. La m\u00e1quina ya est\u00e1 funcionando en la f\u00e1brica del cliente.<\/p>    <figure class=\"wp-block-gallery has-nested-images columns-default is-cropped wp-block-gallery-4 is-layout-flex wp-block-gallery-is-layout-flex\"> <figure class=\"wp-block-image size-large\"><img loading=\"lazy\" decoding=\"async\" width=\"720\" height=\"540\" data-id=\"642\" src=\"https:\/\/meat-machine.com\/wp-content\/uploads\/2024\/07\/packing-picture.webp\" alt=\"imagen de embalaje\" class=\"wp-image-642\" title=\"\" srcset=\"https:\/\/meat-machine.com\/wp-content\/uploads\/2024\/07\/packing-picture.webp 720w, https:\/\/meat-machine.com\/wp-content\/uploads\/2024\/07\/packing-picture-300x225.webp 300w, https:\/\/meat-machine.com\/wp-content\/uploads\/2024\/07\/packing-picture-16x12.webp 16w\" sizes=\"auto, (max-width: 720px) 100vw, 720px\" \/><figcaption class=\"wp-element-caption\">Imagen de embalaje<\/figcaption><\/figure>    <figure class=\"wp-block-image size-large\"><img loading=\"lazy\" decoding=\"async\" width=\"720\" height=\"540\" data-id=\"635\" src=\"https:\/\/meat-machine.com\/wp-content\/uploads\/2024\/07\/bone-crusher-shipped-to-Australia.webp\" alt=\"picadora de huesos enviada a Australia\" class=\"wp-image-635\" title=\"\" srcset=\"https:\/\/meat-machine.com\/wp-content\/uploads\/2024\/07\/bone-crusher-shipped-to-Australia.webp 720w, https:\/\/meat-machine.com\/wp-content\/uploads\/2024\/07\/bone-crusher-shipped-to-Australia-300x225.webp 300w, https:\/\/meat-machine.com\/wp-content\/uploads\/2024\/07\/bone-crusher-shipped-to-Australia-16x12.webp 16w\" sizes=\"auto, (max-width: 720px) 100vw, 720px\" \/><figcaption class=\"wp-element-caption\">Trituradora de huesos enviada a Australia<\/figcaption><\/figure> <\/figure>    <h2 class=\"wp-block-heading\">\u00a1Cont\u00e1ctenos para conocer los \u00faltimos precios!<\/h2>    <p class=\"wp-block-paragraph\">En Taizy Machinery, tenemos una amplia gama de m\u00e1quinas trituradoras de huesos a la venta. Si est\u00e1 buscando un pulverizador de huesos de alta calidad, no dude en ponerse en contacto con nosotros. <\/p>    <p class=\"wp-block-paragraph\">No dude en contactarnos a trav\u00e9s de la ventana emergente en la esquina inferior derecha. Nuestro personal se comunicar\u00e1 con usted la primera vez y le enviar\u00e1 la \u00faltima oferta.<\/p>","protected":false},"excerpt":{"rendered":"<p>La m\u00e1quina trituradora y molinillo de huesos con una capacidad de 200\u2013400 kg\/h puede triturar y moler eficientemente huesos de animales en peque\u00f1as part\u00edculas, lo que la hace adecuada para el procesamiento de huesos h\u00famedos.<\/p>","protected":false},"author":1,"featured_media":646,"parent":0,"template":"","tags":[41,13],"product-type":[3],"class_list":["post-631","product","type-product","status-publish","has-post-thumbnail","hentry","tag-bone","tag-bone-crushing-machine","product-type-bone-grinder"],"_links":{"self":[{"href":"https:\/\/meat-machine.com\/es\/wp-json\/wp\/v2\/product\/631","targetHints":{"allow":["GET"]}}],"collection":[{"href":"https:\/\/meat-machine.com\/es\/wp-json\/wp\/v2\/product"}],"about":[{"href":"https:\/\/meat-machine.com\/es\/wp-json\/wp\/v2\/types\/product"}],"author":[{"embeddable":true,"href":"https:\/\/meat-machine.com\/es\/wp-json\/wp\/v2\/users\/1"}],"wp:featuredmedia":[{"embeddable":true,"href":"https:\/\/meat-machine.com\/es\/wp-json\/wp\/v2\/media\/646"}],"wp:attachment":[{"href":"https:\/\/meat-machine.com\/es\/wp-json\/wp\/v2\/media?parent=631"}],"wp:term":[{"taxonomy":"post_tag","embeddable":true,"href":"https:\/\/meat-machine.com\/es\/wp-json\/wp\/v2\/tags?post=631"},{"taxonomy":"product-type","embeddable":true,"href":"https:\/\/meat-machine.com\/es\/wp-json\/wp\/v2\/product-type?post=631"}],"curies":[{"name":"wp","href":"https:\/\/api.w.org\/{rel}","templated":true}]}}