{"id":59,"date":"2022-09-07T07:13:04","date_gmt":"2022-09-07T07:13:04","guid":{"rendered":"https:\/\/meat-machine.com\/?post_type=product&#038;p=59"},"modified":"2026-03-20T17:06:19","modified_gmt":"2026-03-20T09:06:19","slug":"maquina-para-cortar-carne","status":"publish","type":"product","link":"https:\/\/meat-machine.com\/es\/product\/meat-dicing-machine\/","title":{"rendered":"M\u00e1quina para cortar carne en cubitos | M\u00e1quina cortadora de carne comercial"},"content":{"rendered":"<div class=\"kk-star-ratings kksr-auto kksr-align-left kksr-valign-top\"     data-payload='{&quot;align&quot;:&quot;left&quot;,&quot;id&quot;:&quot;59&quot;,&quot;slug&quot;:&quot;default&quot;,&quot;valign&quot;:&quot;top&quot;,&quot;ignore&quot;:&quot;&quot;,&quot;reference&quot;:&quot;auto&quot;,&quot;class&quot;:&quot;&quot;,&quot;count&quot;:&quot;23&quot;,&quot;legendonly&quot;:&quot;&quot;,&quot;readonly&quot;:&quot;&quot;,&quot;score&quot;:&quot;4.3&quot;,&quot;starsonly&quot;:&quot;&quot;,&quot;best&quot;:&quot;5&quot;,&quot;gap&quot;:&quot;5&quot;,&quot;greet&quot;:&quot;Rate this product&quot;,&quot;legend&quot;:&quot;4.3\\\/5 - (23 votos)&quot;,&quot;size&quot;:&quot;24&quot;,&quot;title&quot;:&quot;Meat Dicing Machine | Commercial Meat Dicer Machine&quot;,&quot;width&quot;:&quot;122.2&quot;,&quot;_legend&quot;:&quot;{score}\\\/{best} - ({count} {votes})&quot;,&quot;font_factor&quot;:&quot;1.25&quot;}'>              <div class=\"kksr-stars\">      <div class=\"kksr-stars-inactive\">             <div class=\"kksr-star\" data-star=\"1\" style=\"padding-right: 5px\">               <div class=\"kksr-icon\" style=\"width: 24px; height: 24px;\"><\/div>         <\/div>             <div class=\"kksr-star\" data-star=\"2\" style=\"padding-right: 5px\">               <div class=\"kksr-icon\" style=\"width: 24px; height: 24px;\"><\/div>         <\/div>             <div class=\"kksr-star\" data-star=\"3\" style=\"padding-right: 5px\">               <div class=\"kksr-icon\" style=\"width: 24px; height: 24px;\"><\/div>         <\/div>             <div class=\"kksr-star\" data-star=\"4\" style=\"padding-right: 5px\">               <div class=\"kksr-icon\" style=\"width: 24px; height: 24px;\"><\/div>         <\/div>             <div class=\"kksr-star\" data-star=\"5\" style=\"padding-right: 5px\">               <div class=\"kksr-icon\" style=\"width: 24px; height: 24px;\"><\/div>         <\/div>     <\/div>      <div class=\"kksr-stars-active\" style=\"width: 122.2px;\">             <div class=\"kksr-star\" style=\"padding-right: 5px\">               <div class=\"kksr-icon\" style=\"width: 24px; height: 24px;\"><\/div>         <\/div>             <div class=\"kksr-star\" style=\"padding-right: 5px\">               <div class=\"kksr-icon\" style=\"width: 24px; height: 24px;\"><\/div>         <\/div>             <div class=\"kksr-star\" style=\"padding-right: 5px\">               <div class=\"kksr-icon\" style=\"width: 24px; height: 24px;\"><\/div>         <\/div>             <div class=\"kksr-star\" style=\"padding-right: 5px\">               <div class=\"kksr-icon\" style=\"width: 24px; height: 24px;\"><\/div>         <\/div>             <div class=\"kksr-star\" style=\"padding-right: 5px\">               <div class=\"kksr-icon\" style=\"width: 24px; height: 24px;\"><\/div>         <\/div>     <\/div> <\/div>                   <div class=\"kksr-legend\" style=\"font-size: 19.2px;\">             4,3\/5 - (23 votos)    <\/div>     <\/div>  <p class=\"wp-block-paragraph translation-block\">La <strong>M\u00e1quina de Cortar Carne<\/strong> es capaz de procesar carne fresca y congelada, ofreciendo resultados consistentes y uniformes para una amplia gama de aplicaciones.<\/p>    <p class=\"wp-block-paragraph\">Esta m\u00e1quina vers\u00e1til puede cortar carne en cubos, tiras, rebanadas y hebras, satisfaciendo diferentes requisitos de procesamiento. Soporta tama\u00f1os de materia prima desde 8.5 cm hasta 12 cm, y el tama\u00f1o de corte es ajustable entre 5\u201330 mm, garantizando flexibilidad para varias especificaciones de productos.<\/p>    <p class=\"wp-block-paragraph translation-block\">Con una capacidad de producci\u00f3n de <strong>400\u20131200 kg\/h<\/strong>, la m\u00e1quina mejora significativamente la productividad mientras reduce los costos laborales. Construida con acero inoxidable de grado alimenticio, es duradera, higi\u00e9nica y f\u00e1cil de limpiar. El dise\u00f1o de puerta de seguridad equipada mejora a\u00fan m\u00e1s la protecci\u00f3n del operador durante la operaci\u00f3n.<\/p>    <p class=\"wp-block-paragraph\">Adecuada para procesar carne de cerdo, res, cordero, pollo, pato, fiambre, as\u00ed como ciertos vegetales y frutas, esta m\u00e1quina de cortar carne ofrece un rendimiento excelente y multifuncionalidad, siendo una opci\u00f3n ideal para operaciones modernas de procesamiento de alimentos.<\/p>    <figure class=\"wp-block-embed is-type-video is-provider-youtube wp-block-embed-youtube wp-embed-aspect-9-16 wp-has-aspect-ratio\"><div class=\"wp-block-embed__wrapper\"> <iframe loading=\"lazy\" title=\"Meat Cube Cutting Machine for Beef, Chicken &amp; Pork #meat #cutter #chicken #pork #beef\" width=\"422\" height=\"750\" src=\"https:\/\/www.youtube.com\/embed\/Q3hVgoJI4BM?feature=oembed\" frameborder=\"0\" allow=\"accelerometer; autoplay; clipboard-write; encrypted-media; gyroscope; picture-in-picture; web-share\" referrerpolicy=\"strict-origin-when-cross-origin\" allowfullscreen><\/iframe> <\/div><figcaption class=\"wp-element-caption\">video de funcionamiento de la m\u00e1quina de cortar carne<\/figcaption><\/figure>    <h2 class=\"wp-block-heading\">Aplicaciones de la m\u00e1quina de cortar carne<\/h2>    <div class=\"wp-block-media-text is-stacked-on-mobile\"><figure class=\"wp-block-media-text__media\"><img loading=\"lazy\" decoding=\"async\" width=\"720\" height=\"540\" src=\"https:\/\/meat-machine.com\/wp-content\/uploads\/2022\/09\/meat.webp\" alt=\"carne\" class=\"wp-image-610 size-full\" title=\"\" srcset=\"https:\/\/meat-machine.com\/wp-content\/uploads\/2022\/09\/meat.webp 720w, https:\/\/meat-machine.com\/wp-content\/uploads\/2022\/09\/meat-300x225.webp 300w, https:\/\/meat-machine.com\/wp-content\/uploads\/2022\/09\/meat-16x12.webp 16w\" sizes=\"auto, (max-width: 720px) 100vw, 720px\" \/><\/figure><div class=\"wp-block-media-text__content\"> <p class=\"wp-block-paragraph\">La picadora de carne es ideal para procesar carne congelada, cocida y fresca como cerdo, ternera, cordero, pollo, pato y carne de charcuter\u00eda. <\/p>    <p class=\"wp-block-paragraph\">Tambi\u00e9n puede procesar verduras y frutas, ofreciendo un uso vers\u00e1til en el procesamiento de alimentos. <\/p>    <p class=\"wp-block-paragraph\">Ya sea como picadora comercial de pollo o de ternera, proporciona una soluci\u00f3n eficiente y fiable.<\/p> <\/div><\/div>    <h2 id=\"h-how-does-the-meat-cube-dicer-work\" class=\"wp-block-heading\">\u00bfC\u00f3mo funciona la cortadora de cubitos de carne?<\/h2>    <div class=\"wp-block-media-text has-media-on-the-right is-stacked-on-mobile\"><div class=\"wp-block-media-text__content\"> <ul class=\"wp-block-list\"> <li>Coloque la carne en la m\u00e1quina para su procesamiento.<\/li>    <li>La m\u00e1quina usa <strong>alta velocidad <a href=\"https:\/\/en.wikipedia.org\/wiki\/Centrifugal_force\" data-type=\"link\" data-id=\"https:\/\/en.wikipedia.org\/wiki\/Centrifugal_force\" target=\"_blank\" rel=\"noopener\">fuerza centr\u00edfuga<\/a><\/strong> junto con cuchillas afiladas para cortar la carne en tiras.<\/li>    <li>A <strong>cuchilla de corte transversal<\/strong> luego corta las tiras en cubos uniformes.<\/li>    <li>Este proceso asegura que los cubos de carne finales sean <strong>consistentes en tama\u00f1o y cortados ordenadamente<\/strong>.<\/li> <\/ul> <\/div><figure class=\"wp-block-media-text__media\"><img loading=\"lazy\" decoding=\"async\" width=\"720\" height=\"540\" src=\"https:\/\/meat-machine.com\/wp-content\/uploads\/2022\/09\/meat-cube-dicer-for-sale.jpg\" alt=\"Se vende cortadora de cubitos de carne.\" class=\"wp-image-64 size-full\" title=\"\" srcset=\"https:\/\/meat-machine.com\/wp-content\/uploads\/2022\/09\/meat-cube-dicer-for-sale.jpg 720w, https:\/\/meat-machine.com\/wp-content\/uploads\/2022\/09\/meat-cube-dicer-for-sale-300x225.jpg 300w\" sizes=\"auto, (max-width: 720px) 100vw, 720px\" \/><\/figure><\/div>    <h2 id=\"h-characteristics-of-meat-dicing-machine\" class=\"wp-block-heading\">Caracter\u00edsticas de la picadora de carne<\/h2>    <div class=\"wp-block-media-text is-stacked-on-mobile\"><figure class=\"wp-block-media-text__media\"><img loading=\"lazy\" decoding=\"async\" width=\"720\" height=\"540\" src=\"https:\/\/meat-machine.com\/wp-content\/uploads\/2022\/09\/machine-for-making-meat-cubes.webp\" alt=\"m\u00e1quina para hacer cubos de carne\" class=\"wp-image-608 size-full\" title=\"\" srcset=\"https:\/\/meat-machine.com\/wp-content\/uploads\/2022\/09\/machine-for-making-meat-cubes.webp 720w, https:\/\/meat-machine.com\/wp-content\/uploads\/2022\/09\/machine-for-making-meat-cubes-300x225.webp 300w, https:\/\/meat-machine.com\/wp-content\/uploads\/2022\/09\/machine-for-making-meat-cubes-16x12.webp 16w\" sizes=\"auto, (max-width: 720px) 100vw, 720px\" \/><\/figure><div class=\"wp-block-media-text__content\"> <ul class=\"wp-block-list\"> <li>La m\u00e1quina est\u00e1 completamente construida con <strong>acero inoxidable de grado alimentario<\/strong>, garantizando durabilidad, resistencia a la corrosi\u00f3n y altos est\u00e1ndares de higiene.<\/li>    <li>Puede procesar <strong>carne congelada a temperaturas tan bajas como -6\u00b0C<\/strong>, preservando eficazmente la calidad del producto durante el corte.<\/li>    <li>El <strong>el tama\u00f1o de corte puede ajustarse f\u00e1cilmente cambiando el conjunto de cuchillas<\/strong>, permitiendo una producci\u00f3n flexible para diferentes especificaciones.<\/li>    <li>Capaz de cortar carne en <strong>cubos, tiras, hebras y gr\u00e1nulos<\/strong>, satisfaciendo diversas necesidades de procesamiento.<\/li> <\/ul> <\/div><\/div>    <div class=\"wp-block-media-text has-media-on-the-right is-stacked-on-mobile\"><div class=\"wp-block-media-text__content\"> <ul class=\"wp-block-list\"> <li>Los productos terminados presentan <strong>tama\u00f1o uniforme, superficies de corte limpias y sin pegamento<\/strong>, garantizando una excelente apariencia del producto.<\/li>    <li>Los componentes clave est\u00e1n dise\u00f1ados para <strong>f\u00e1cil desensamblaje<\/strong>, haciendo que la limpieza y el mantenimiento sean simples y eficientes.<\/li>    <li>Equipado con un <strong>sistema de protecci\u00f3n de seguridad<\/strong>, la m\u00e1quina no operar\u00e1 cuando la puerta de salida est\u00e9 abierta, garantizando la seguridad del operador.<\/li> <\/ul> <\/div><figure class=\"wp-block-media-text__media\"><img loading=\"lazy\" decoding=\"async\" width=\"720\" height=\"540\" src=\"https:\/\/meat-machine.com\/wp-content\/uploads\/2022\/09\/meat-dicer.webp\" alt=\"cortadora de carne\" class=\"wp-image-609 size-full\" title=\"\" srcset=\"https:\/\/meat-machine.com\/wp-content\/uploads\/2022\/09\/meat-dicer.webp 720w, https:\/\/meat-machine.com\/wp-content\/uploads\/2022\/09\/meat-dicer-300x225.webp 300w, https:\/\/meat-machine.com\/wp-content\/uploads\/2022\/09\/meat-dicer-16x12.webp 16w\" sizes=\"auto, (max-width: 720px) 100vw, 720px\" \/><\/figure><\/div>    <h2 class=\"wp-block-heading\">Par\u00e1metros t\u00e9cnicos de la m\u00e1quina cortadora de carne comercial.<\/h2>    <figure class=\"wp-block-table\"><table class=\"has-fixed-layout\"><thead><tr><th>Modelo<\/th><th>TP-400<\/th><th>TP-600<\/th><\/tr><\/thead><tbody><tr><td>Peso neto<\/td><td>290 kg<\/td><td>380 kg<\/td><\/tr><tr><td>Voltaje<\/td><td>220V 2P \/ 380V 3P<\/td><td>380V<\/td><\/tr><tr><td>Capacidad de producci\u00f3n<\/td><td>400\u20131000 kg\/h<\/td><td>700\u20131200 kg\/h<\/td><\/tr><tr><td>Potencia Total<\/td><td>2.5 kW<\/td><td>3.7 kW<\/td><\/tr><tr><td>Dimensiones (L\u00d7An\u00d7Al)<\/td><td>1440\u00d7780\u00d7960 mm<\/td><td>1790\u00d7920\u00d71000 mm<\/td><\/tr><tr><td>Tama\u00f1o del tolva (L\u00d7An\u00d7Al)<\/td><td>85\u00d785\u00d7400 mm<\/td><td>120\u00d7120\u00d7600 mm<\/td><\/tr><tr><td>Opciones de Material<\/td><td>SUS304 \/ 201<\/td><td>SUS304 \/ 201<\/td><\/tr><tr><td>Opciones de tama\u00f1o de corte<\/td><td>3\/4\/5\/6\/7\/8\/9\/12\/14\/17\/21\/28 mm<\/td><td>5\/6\/7\/8\/9\/10\/11\/12\/13\/15\/17\/20\/24\/30\/40 mm<\/td><\/tr><\/tbody><\/table><figcaption class=\"wp-element-caption\">par\u00e1metros de la m\u00e1quina de cortar carne<\/figcaption><\/figure>   <div class=\"wp-block-image\"> <figure class=\"aligncenter size-full\"><img loading=\"lazy\" decoding=\"async\" width=\"720\" height=\"540\" src=\"https:\/\/meat-machine.com\/wp-content\/uploads\/2022\/09\/Meat-Dicing-Machine-factory.webp\" alt=\"F\u00e1brica de M\u00e1quina de Cortar Carne\" class=\"wp-image-1197\" title=\"\" srcset=\"https:\/\/meat-machine.com\/wp-content\/uploads\/2022\/09\/Meat-Dicing-Machine-factory.webp 720w, https:\/\/meat-machine.com\/wp-content\/uploads\/2022\/09\/Meat-Dicing-Machine-factory-300x225.webp 300w, https:\/\/meat-machine.com\/wp-content\/uploads\/2022\/09\/Meat-Dicing-Machine-factory-16x12.webp 16w\" sizes=\"auto, (max-width: 720px) 100vw, 720px\" \/><figcaption class=\"wp-element-caption\">F\u00e1brica de M\u00e1quina de Cortar Carne<\/figcaption><\/figure> <\/div>   <h2 class=\"wp-block-heading\">\u00bfC\u00f3mo mantener una cortadora de carne en cubitos?<\/h2>    <p class=\"wp-block-paragraph\">Para garantizar el rendimiento y la longevidad de su cortadora de carne, resulta crucial mantener su m\u00e1quina. A continuaci\u00f3n se ofrecen algunos consejos para el mantenimiento de su m\u00e1quina cortadora de carne.<\/p>    <div class=\"wp-block-media-text is-stacked-on-mobile\"><figure class=\"wp-block-media-text__media\"><img loading=\"lazy\" decoding=\"async\" width=\"720\" height=\"540\" src=\"https:\/\/meat-machine.com\/wp-content\/uploads\/2022\/09\/frozen-meat-cutting-machine.webp\" alt=\"maquina cortadora de carne congelada\" class=\"wp-image-607 size-full\" title=\"\" srcset=\"https:\/\/meat-machine.com\/wp-content\/uploads\/2022\/09\/frozen-meat-cutting-machine.webp 720w, https:\/\/meat-machine.com\/wp-content\/uploads\/2022\/09\/frozen-meat-cutting-machine-300x225.webp 300w, https:\/\/meat-machine.com\/wp-content\/uploads\/2022\/09\/frozen-meat-cutting-machine-16x12.webp 16w\" sizes=\"auto, (max-width: 720px) 100vw, 720px\" \/><\/figure><div class=\"wp-block-media-text__content\"> <ul class=\"wp-block-list\"> <li><strong>Limpieza<\/strong>: desensamblar la m\u00e1quina y lavar a fondo con agua tibia y detergente para eliminar residuos de comida.<\/li>    <li><strong>Desinfecci\u00f3n<\/strong>: aplicar regularmente un desinfectante de grado alimentario para prevenir el crecimiento bacteriano.<\/li>    <li><strong>Lubricante<\/strong>: aplicar lubricante de grado alimentario en las partes apropiadas para garantizar un funcionamiento suave.<\/li>    <li><strong>Inspecci\u00f3n regular<\/strong>: revisar las cuchillas, las piezas de transmisi\u00f3n y los cables en busca de desgaste o da\u00f1o, y reemplazarlos si es necesario.<\/li>    <li><strong>Apretar los tornillos<\/strong>: inspeccionar los tornillos regularmente, especialmente en \u00e1reas cr\u00edticas de seguridad, y apretarlos si est\u00e1n sueltos.<\/li> <\/ul> <\/div><\/div>    <h2 class=\"wp-block-heading\">\u00bfCu\u00e1l es el precio de la m\u00e1quina de cortar carne?<\/h2>    <p class=\"wp-block-paragraph\">El precio de una m\u00e1quina cortadora de carne congelada se ve afectado por muchos factores, como la producci\u00f3n, la distancia y los servicios personalizados. Como todos sabemos, el precio de las m\u00e1quinas de alta producci\u00f3n es m\u00e1s alto que el de las m\u00e1quinas de baja producci\u00f3n. <\/p>    <p class=\"wp-block-paragraph\">El flete, como uno de los factores que afectan el precio de la m\u00e1quina, tambi\u00e9n es un factor que los compradores deben considerar. Cuanto m\u00e1s lejos est\u00e9 el pa\u00eds importador del pa\u00eds exportador, m\u00e1s caro ser\u00e1 el precio. <\/p>    <p class=\"wp-block-paragraph\">Si desea conocer el precio exacto de la m\u00e1quina, cont\u00e1ctenos a trav\u00e9s de la ventana emergente en la esquina inferior derecha. Nos pondremos en contacto con usted tan pronto como sea posible.<\/p>   <div class=\"wp-block-image\"> <figure class=\"aligncenter size-full\"><img loading=\"lazy\" decoding=\"async\" width=\"980\" height=\"375\" src=\"https:\/\/meat-machine.com\/wp-content\/uploads\/2022\/09\/application-of-frozen-meat-dicing-machine.jpg\" alt=\"m\u00e1quina cortadora de carne congelada\" class=\"wp-image-61\" title=\"\" srcset=\"https:\/\/meat-machine.com\/wp-content\/uploads\/2022\/09\/application-of-frozen-meat-dicing-machine.jpg 980w, https:\/\/meat-machine.com\/wp-content\/uploads\/2022\/09\/application-of-frozen-meat-dicing-machine-300x115.jpg 300w, https:\/\/meat-machine.com\/wp-content\/uploads\/2022\/09\/application-of-frozen-meat-dicing-machine-768x294.jpg 768w\" sizes=\"auto, (max-width: 980px) 100vw, 980px\" \/><figcaption class=\"wp-element-caption\">m\u00e1quina cortadora de carne congelada<\/figcaption><\/figure> <\/div>   <h2 class=\"wp-block-heading\">Un caso de \u00e9xito de la m\u00e1quina cortadora de carne comercial<\/h2>    <p class=\"wp-block-paragraph\">Un cliente de Indonesia tiene una planta procesadora de carne en su \u00e1rea local. A medida que el negocio crece, quiere comprar una m\u00e1quina cortadora de carne para ayudar en la producci\u00f3n. <\/p>    <p class=\"wp-block-paragraph\">Encontr\u00f3 tres fabricantes de m\u00e1quinas c\u00e1rnicas a trav\u00e9s de Google. Despu\u00e9s de un largo per\u00edodo de comparaci\u00f3n y comprensi\u00f3n, decidi\u00f3 comprar la m\u00e1quina a nuestra empresa. Porque el material, la posventa y la capacidad de producci\u00f3n de nuestra m\u00e1quina satisfacen sus necesidades. <\/p>    <p class=\"wp-block-paragraph\">La m\u00e1quina fue enviada a Qingdao en noviembre de 2025. En diciembre de 2025, recibimos comentarios de los clientes. El cliente est\u00e1 muy satisfecho con el rendimiento de esta m\u00e1quina.<\/p>    <figure class=\"wp-block-gallery has-nested-images columns-default is-cropped wp-block-gallery-2 is-layout-flex wp-block-gallery-is-layout-flex\"> <figure class=\"wp-block-image size-large\"><img loading=\"lazy\" decoding=\"async\" width=\"720\" height=\"540\" data-id=\"536\" src=\"https:\/\/meat-machine.com\/wp-content\/uploads\/2024\/01\/shipment-picture-1.webp\" alt=\"m\u00e1quina de picado de carne enviada a Indonesia\" class=\"wp-image-536\" title=\"\" srcset=\"https:\/\/meat-machine.com\/wp-content\/uploads\/2024\/01\/shipment-picture-1.webp 720w, https:\/\/meat-machine.com\/wp-content\/uploads\/2024\/01\/shipment-picture-1-300x225.webp 300w\" sizes=\"auto, (max-width: 720px) 100vw, 720px\" \/><figcaption class=\"wp-element-caption\">M\u00e1quina cortadora de carne enviada a Indonesia<\/figcaption><\/figure>    <figure class=\"wp-block-image size-large\"><img loading=\"lazy\" decoding=\"async\" width=\"720\" height=\"540\" data-id=\"537\" src=\"https:\/\/meat-machine.com\/wp-content\/uploads\/2024\/01\/shipment-picture-2-1.webp\" alt=\"imagen de embalaje\" class=\"wp-image-537\" title=\"\" srcset=\"https:\/\/meat-machine.com\/wp-content\/uploads\/2024\/01\/shipment-picture-2-1.webp 720w, https:\/\/meat-machine.com\/wp-content\/uploads\/2024\/01\/shipment-picture-2-1-300x225.webp 300w\" sizes=\"auto, (max-width: 720px) 100vw, 720px\" \/><figcaption class=\"wp-element-caption\">Imagen de embalaje<\/figcaption><\/figure> <\/figure>    <h2 class=\"wp-block-heading\">Conclusi\u00f3n<\/h2>    <p class=\"wp-block-paragraph translation-block\"><strong>Cont\u00e1ctenos ahora<\/strong> para obtener el mejor <em>precio de la M\u00e1quina de Cortar Carne<\/em>, especificaciones detalladas y soluciones personalizadas seg\u00fan sus requisitos de producci\u00f3n. Nuestro equipo experimentado brindar\u00e1 soporte profesional desde la selecci\u00f3n de la m\u00e1quina hasta la instalaci\u00f3n y el servicio postventa.<\/p>    <p class=\"wp-block-paragraph translation-block\">Tambi\u00e9n ofrecemos una gama completa de <strong><a href=\"https:\/\/meat-machine.com\/es\/productos\/picadora-de-carne\/\" data-type=\"link\" data-id=\"https:\/\/meat-machine.com\/products\/meat-grinder\/\">equipos de procesamiento de carne<\/a><\/strong>. Bienvenido a consultar nuestra l\u00ednea completa de productos para construir una soluci\u00f3n de procesamiento de carne eficiente y rentable.<\/p>    <figure class=\"wp-block-gallery has-nested-images columns-default is-cropped wp-block-gallery-3 is-layout-flex wp-block-gallery-is-layout-flex\"> <figure class=\"wp-block-image size-large\"><img loading=\"lazy\" decoding=\"async\" width=\"720\" height=\"540\" data-id=\"1200\" src=\"https:\/\/meat-machine.com\/wp-content\/uploads\/2022\/09\/Meat-Dicing-Machine-supplier.webp\" alt=\"F\u00e1brica de M\u00e1quina de Cortar Carne\" class=\"wp-image-1200\" title=\"\" srcset=\"https:\/\/meat-machine.com\/wp-content\/uploads\/2022\/09\/Meat-Dicing-Machine-supplier.webp 720w, https:\/\/meat-machine.com\/wp-content\/uploads\/2022\/09\/Meat-Dicing-Machine-supplier-300x225.webp 300w, https:\/\/meat-machine.com\/wp-content\/uploads\/2022\/09\/Meat-Dicing-Machine-supplier-16x12.webp 16w\" sizes=\"auto, (max-width: 720px) 100vw, 720px\" \/><figcaption class=\"wp-element-caption\">Proveedor de M\u00e1quina de Cortar Carne<\/figcaption><\/figure>    <figure class=\"wp-block-image size-large\"><img loading=\"lazy\" decoding=\"async\" width=\"720\" height=\"540\" data-id=\"1199\" src=\"https:\/\/meat-machine.com\/wp-content\/uploads\/2022\/09\/meat-cube.webp\" alt=\"meat cube\" class=\"wp-image-1199\" title=\"\" srcset=\"https:\/\/meat-machine.com\/wp-content\/uploads\/2022\/09\/meat-cube.webp 720w, https:\/\/meat-machine.com\/wp-content\/uploads\/2022\/09\/meat-cube-300x225.webp 300w, https:\/\/meat-machine.com\/wp-content\/uploads\/2022\/09\/meat-cube-16x12.webp 16w\" sizes=\"auto, (max-width: 720px) 100vw, 720px\" \/><figcaption class=\"wp-element-caption\">Cubos de Carne<\/figcaption><\/figure> <\/figure>","protected":false},"excerpt":{"rendered":"<p>La m\u00e1quina de picar carne es capaz de procesar carne fresca y congelada, ofreciendo resultados consistentes y uniformes para una amplia gama de aplicaciones.<\/p>","protected":false},"author":1,"featured_media":62,"parent":0,"template":"","tags":[31,22],"product-type":[2],"class_list":["post-59","product","type-product","status-publish","has-post-thumbnail","hentry","tag-making-meat-cube","tag-meat-dicing-machine","product-type-meat-cutting-machine"],"_links":{"self":[{"href":"https:\/\/meat-machine.com\/es\/wp-json\/wp\/v2\/product\/59","targetHints":{"allow":["GET"]}}],"collection":[{"href":"https:\/\/meat-machine.com\/es\/wp-json\/wp\/v2\/product"}],"about":[{"href":"https:\/\/meat-machine.com\/es\/wp-json\/wp\/v2\/types\/product"}],"author":[{"embeddable":true,"href":"https:\/\/meat-machine.com\/es\/wp-json\/wp\/v2\/users\/1"}],"wp:featuredmedia":[{"embeddable":true,"href":"https:\/\/meat-machine.com\/es\/wp-json\/wp\/v2\/media\/62"}],"wp:attachment":[{"href":"https:\/\/meat-machine.com\/es\/wp-json\/wp\/v2\/media?parent=59"}],"wp:term":[{"taxonomy":"post_tag","embeddable":true,"href":"https:\/\/meat-machine.com\/es\/wp-json\/wp\/v2\/tags?post=59"},{"taxonomy":"product-type","embeddable":true,"href":"https:\/\/meat-machine.com\/es\/wp-json\/wp\/v2\/product-type?post=59"}],"curies":[{"name":"wp","href":"https:\/\/api.w.org\/{rel}","templated":true}]}}