{"id":510,"date":"2024-01-23T16:05:49","date_gmt":"2024-01-23T08:05:49","guid":{"rendered":"https:\/\/meat-machine.com\/?post_type=product&#038;p=510"},"modified":"2025-08-08T18:27:34","modified_gmt":"2025-08-08T10:27:34","slug":"linea-de-produccion-de-hamburguesas","status":"publish","type":"product","link":"https:\/\/meat-machine.com\/es\/product\/burger-patty-production-line\/","title":{"rendered":"L\u00ednea de producci\u00f3n de hamburguesas para hacer hamburguesas de carne y hamburguesas vegetarianas"},"content":{"rendered":"<div class=\"kk-star-ratings kksr-auto kksr-align-left kksr-valign-top\"     data-payload='{&quot;align&quot;:&quot;left&quot;,&quot;id&quot;:&quot;510&quot;,&quot;slug&quot;:&quot;default&quot;,&quot;valign&quot;:&quot;top&quot;,&quot;ignore&quot;:&quot;&quot;,&quot;reference&quot;:&quot;auto&quot;,&quot;class&quot;:&quot;&quot;,&quot;count&quot;:&quot;26&quot;,&quot;legendonly&quot;:&quot;&quot;,&quot;readonly&quot;:&quot;&quot;,&quot;score&quot;:&quot;4.8&quot;,&quot;starsonly&quot;:&quot;&quot;,&quot;best&quot;:&quot;5&quot;,&quot;gap&quot;:&quot;5&quot;,&quot;greet&quot;:&quot;Rate this product&quot;,&quot;legend&quot;:&quot;4.8\\\/5 - (26 votos)&quot;,&quot;size&quot;:&quot;24&quot;,&quot;title&quot;:&quot;Burger Patty Production Line for Making Meat Patties, Vegetarian Patties&quot;,&quot;width&quot;:&quot;136.7&quot;,&quot;_legend&quot;:&quot;{score}\\\/{best} - ({count} {votes})&quot;,&quot;font_factor&quot;:&quot;1.25&quot;}'>              <div class=\"kksr-stars\">      <div class=\"kksr-stars-inactive\">             <div class=\"kksr-star\" data-star=\"1\" style=\"padding-right: 5px\">               <div class=\"kksr-icon\" style=\"width: 24px; height: 24px;\"><\/div>         <\/div>             <div class=\"kksr-star\" data-star=\"2\" style=\"padding-right: 5px\">               <div class=\"kksr-icon\" style=\"width: 24px; height: 24px;\"><\/div>         <\/div>             <div class=\"kksr-star\" data-star=\"3\" style=\"padding-right: 5px\">               <div class=\"kksr-icon\" style=\"width: 24px; height: 24px;\"><\/div>         <\/div>             <div class=\"kksr-star\" data-star=\"4\" style=\"padding-right: 5px\">               <div class=\"kksr-icon\" style=\"width: 24px; height: 24px;\"><\/div>         <\/div>             <div class=\"kksr-star\" data-star=\"5\" style=\"padding-right: 5px\">               <div class=\"kksr-icon\" style=\"width: 24px; height: 24px;\"><\/div>         <\/div>     <\/div>      <div class=\"kksr-stars-active\" style=\"width: 136.7px;\">             <div class=\"kksr-star\" style=\"padding-right: 5px\">               <div class=\"kksr-icon\" style=\"width: 24px; height: 24px;\"><\/div>         <\/div>             <div class=\"kksr-star\" style=\"padding-right: 5px\">               <div class=\"kksr-icon\" style=\"width: 24px; height: 24px;\"><\/div>         <\/div>             <div class=\"kksr-star\" style=\"padding-right: 5px\">               <div class=\"kksr-icon\" style=\"width: 24px; height: 24px;\"><\/div>         <\/div>             <div class=\"kksr-star\" style=\"padding-right: 5px\">               <div class=\"kksr-icon\" style=\"width: 24px; height: 24px;\"><\/div>         <\/div>             <div class=\"kksr-star\" style=\"padding-right: 5px\">               <div class=\"kksr-icon\" style=\"width: 24px; height: 24px;\"><\/div>         <\/div>     <\/div> <\/div>                   <div class=\"kksr-legend\" style=\"font-size: 19.2px;\">             4,8\/5 - (26 votos)    <\/div>     <\/div>  <p class=\"wp-block-paragraph\">La L\u00ednea de Producci\u00f3n de Hamburguesas es un sistema de producci\u00f3n altamente eficiente y automatizado dise\u00f1ado para la fabricaci\u00f3n a gran escala de hamburguesas de carne y a base de plantas. <\/p>    <p class=\"wp-block-paragraph\">Esta l\u00ednea de producci\u00f3n incluye t\u00edpicamente procesos como el picado de carne, formado, rebozado (por ejemplo, con masa, pan rallado), fritura, eliminaci\u00f3n de aceite y envasado, lo que permite una operaci\u00f3n integral optimizada que mejora significativamente la eficiencia de producci\u00f3n y la consistencia del producto. <\/p>    <p class=\"wp-block-paragraph\">El equipo suele estar fabricado en acero inoxidable de grado alimenticio, cumpliendo con los est\u00e1ndares de higiene, y permite un control preciso sobre el tama\u00f1o, la forma y el grosor de las hamburguesas. Puede procesar una variedad de materias primas como ternera, pollo, pescado, verduras y productos de soja para satisfacer tanto al mercado de la carne como al vegetariano.<\/p>    <figure class=\"wp-block-embed is-type-video is-provider-youtube wp-block-embed-youtube wp-embed-aspect-16-9 wp-has-aspect-ratio\"><div class=\"wp-block-embed__wrapper\"> <iframe loading=\"lazy\" title=\"M\u00e1quina autom\u00e1tica para hacer hamburguesas para producci\u00f3n de comida r\u00e1pida #hamburguesa #carne #procesamientodealimentos\" width=\"500\" height=\"281\" src=\"https:\/\/www.youtube.com\/embed\/bq-CJ3gIBmE?feature=oembed\" frameborder=\"0\" allow=\"accelerometer; autoplay; clipboard-write; encrypted-media; gyroscope; picture-in-picture; web-share\" referrerpolicy=\"strict-origin-when-cross-origin\" allowfullscreen><\/iframe> <\/div><figcaption class=\"wp-element-caption\">video del proceso de fabricaci\u00f3n de hamburguesas<\/figcaption><\/figure>    <h2 class=\"wp-block-heading\">M\u00e1quinas para hacer hamburguesas.<\/h2>    <div class=\"wp-block-media-text is-stacked-on-mobile\"><figure class=\"wp-block-media-text__media\"><img loading=\"lazy\" decoding=\"async\" width=\"720\" height=\"540\" src=\"https:\/\/meat-machine.com\/wp-content\/uploads\/2024\/01\/commercial-meat-chopper-machine.webp\" alt=\"m\u00e1quina picadora de carne comercial\" class=\"wp-image-520 size-full\" title=\"\" srcset=\"https:\/\/meat-machine.com\/wp-content\/uploads\/2024\/01\/commercial-meat-chopper-machine.webp 720w, https:\/\/meat-machine.com\/wp-content\/uploads\/2024\/01\/commercial-meat-chopper-machine-300x225.webp 300w\" sizes=\"auto, (max-width: 720px) 100vw, 720px\" \/><\/figure><div class=\"wp-block-media-text__content\"> <p class=\"wp-block-paragraph translation-block\"><strong>M\u00e1quina picadora de carne comercial<\/strong><\/p>    <p class=\"wp-block-paragraph\">Pica r\u00e1pidamente la carne cruda hasta darle forma picada y la mezcla con ingredientes y agua, asegurando una distribuci\u00f3n uniforme para una textura de hamburguesa consistente.<\/p> <\/div><\/div>    <div class=\"wp-block-media-text has-media-on-the-right is-stacked-on-mobile\"><div class=\"wp-block-media-text__content\"> <p class=\"wp-block-paragraph translation-block\"><strong>M\u00e1quina formadora de hamburguesas<\/strong><\/p>    <p class=\"wp-block-paragraph translation-block\">La <a href=\"https:\/\/meat-machine.com\/es\/producto\/fabricante-de-hamburguesas-comercial\/\" data-type=\"link\" data-id=\"https:\/\/meat-machine.com\/product\/commercial-burger-patty-maker\/\">m\u00e1quina formadora de hamburguesas<\/a> puede dar forma de manera r\u00e1pida y eficiente a la carne picada mezclada en hamburguesas uniformes con tama\u00f1o y forma consistentes. <\/p>    <p class=\"wp-block-paragraph\">Su proceso automatizado mejora la velocidad de producci\u00f3n y permite un control preciso sobre el tama\u00f1o, grosor y forma de las hamburguesas para satisfacer las diferentes necesidades de los clientes.<\/p> <\/div><figure class=\"wp-block-media-text__media\"><img loading=\"lazy\" decoding=\"async\" width=\"720\" height=\"540\" src=\"https:\/\/meat-machine.com\/wp-content\/uploads\/2022\/09\/automatic-meat-patty-forming-machine.webp\" alt=\"m\u00e1quina autom\u00e1tica para hacer hamburguesas\" class=\"wp-image-310 size-full\" title=\"\" srcset=\"https:\/\/meat-machine.com\/wp-content\/uploads\/2022\/09\/automatic-meat-patty-forming-machine.webp 720w, https:\/\/meat-machine.com\/wp-content\/uploads\/2022\/09\/automatic-meat-patty-forming-machine-300x225.webp 300w\" sizes=\"auto, (max-width: 720px) 100vw, 720px\" \/><\/figure><\/div>    <div class=\"wp-block-media-text is-stacked-on-mobile\"><figure class=\"wp-block-media-text__media\"><img loading=\"lazy\" decoding=\"async\" width=\"720\" height=\"540\" src=\"https:\/\/meat-machine.com\/wp-content\/uploads\/2024\/01\/starching-machien-and-crumb-breading-machine.webp\" alt=\"M\u00e1quina almidonadora y empanadora de migas.\" class=\"wp-image-527 size-full\" title=\"\" srcset=\"https:\/\/meat-machine.com\/wp-content\/uploads\/2024\/01\/starching-machien-and-crumb-breading-machine.webp 720w, https:\/\/meat-machine.com\/wp-content\/uploads\/2024\/01\/starching-machien-and-crumb-breading-machine-300x225.webp 300w\" sizes=\"auto, (max-width: 720px) 100vw, 720px\" \/><\/figure><div class=\"wp-block-media-text__content\"> <p class=\"wp-block-paragraph translation-block\"><strong>M\u00e1quina de almidonado<\/strong><\/p>    <p class=\"wp-block-paragraph\">La m\u00e1quina de almidonado puede a\u00f1adir diferentes sabores. Reboza uniformemente las hamburguesas con l\u00edquido o masa aromatizada, mejorando el sabor. <\/p>    <p class=\"wp-block-paragraph\">Equipada con un dispositivo de viento para eliminar el exceso de rebozado, permite ajustar recetas y cantidades de rebozado para personalizar sabores para diversos mercados y preferencias de los consumidores.<\/p> <\/div><\/div>    <div class=\"wp-block-media-text has-media-on-the-right is-stacked-on-mobile\"><div class=\"wp-block-media-text__content\"> <p class=\"wp-block-paragraph translation-block\"><strong>M\u00e1quina empanadora<\/strong><\/p>    <p class=\"wp-block-paragraph\">Las m\u00e1quinas empanadoras cubren las hamburguesas con pan rallado, mejorando su apariencia, textura y sabor. <\/p>    <p class=\"wp-block-paragraph\">Este paso es crucial para hacer el producto m\u00e1s atractivo en los mercados de comida r\u00e1pida y restaurantes.<\/p> <\/div><figure class=\"wp-block-media-text__media\"><img loading=\"lazy\" decoding=\"async\" width=\"720\" height=\"540\" src=\"https:\/\/meat-machine.com\/wp-content\/uploads\/2024\/01\/Crumb-breading-machine.webp\" alt=\"M\u00e1quina empanadora de migas\" class=\"wp-image-857 size-full\" title=\"\" srcset=\"https:\/\/meat-machine.com\/wp-content\/uploads\/2024\/01\/Crumb-breading-machine.webp 720w, https:\/\/meat-machine.com\/wp-content\/uploads\/2024\/01\/Crumb-breading-machine-300x225.webp 300w, https:\/\/meat-machine.com\/wp-content\/uploads\/2024\/01\/Crumb-breading-machine-16x12.webp 16w\" sizes=\"auto, (max-width: 720px) 100vw, 720px\" \/><\/figure><\/div>    <div class=\"wp-block-media-text is-stacked-on-mobile\"><figure class=\"wp-block-media-text__media\"><img loading=\"lazy\" decoding=\"async\" width=\"720\" height=\"540\" src=\"https:\/\/meat-machine.com\/wp-content\/uploads\/2024\/01\/frying-machine.webp\" alt=\"freidora\" class=\"wp-image-523 size-full\" title=\"\" srcset=\"https:\/\/meat-machine.com\/wp-content\/uploads\/2024\/01\/frying-machine.webp 720w, https:\/\/meat-machine.com\/wp-content\/uploads\/2024\/01\/frying-machine-300x225.webp 300w\" sizes=\"auto, (max-width: 720px) 100vw, 720px\" \/><\/figure><div class=\"wp-block-media-text__content\"> <p class=\"wp-block-paragraph translation-block\"><strong>M\u00e1quina freidora<\/strong><\/p>    <p class=\"wp-block-paragraph\">Las m\u00e1quinas freidoras cocinan las hamburguesas hasta el punto deseado, creando una capa exterior crujiente mientras mantienen el interior h\u00famedo y jugoso. <\/p> <\/div><\/div>    <div class=\"wp-block-media-text has-media-on-the-right is-stacked-on-mobile\"><div class=\"wp-block-media-text__content\"> <p class=\"wp-block-paragraph translation-block\"><strong>M\u00e1quina desgrasadora vibratoria<\/strong><\/p>    <p class=\"wp-block-paragraph\">La desgrasadora vibratoria elimina el exceso de grasa de la superficie de las hamburguesas fritas mediante vibraci\u00f3n. <\/p>    <p class=\"wp-block-paragraph\">Al eliminar el exceso de grasa, se asegura que el producto final no quede demasiado grasoso debido al exceso de grasa.<\/p> <\/div><figure class=\"wp-block-media-text__media\"><img loading=\"lazy\" decoding=\"async\" width=\"720\" height=\"540\" src=\"https:\/\/meat-machine.com\/wp-content\/uploads\/2024\/01\/vibratory-degreasing-machine.webp\" alt=\"maquina desengrasadora vibratoria\" class=\"wp-image-529 size-full\" title=\"\" srcset=\"https:\/\/meat-machine.com\/wp-content\/uploads\/2024\/01\/vibratory-degreasing-machine.webp 720w, https:\/\/meat-machine.com\/wp-content\/uploads\/2024\/01\/vibratory-degreasing-machine-300x225.webp 300w\" sizes=\"auto, (max-width: 720px) 100vw, 720px\" \/><\/figure><\/div>    <div class=\"wp-block-media-text is-stacked-on-mobile\"><figure class=\"wp-block-media-text__media\"><img loading=\"lazy\" decoding=\"async\" width=\"720\" height=\"540\" src=\"https:\/\/meat-machine.com\/wp-content\/uploads\/2024\/01\/vacuum-meat-packaging-machine.webp\" alt=\"m\u00e1quina de envasado de carne al vac\u00edo\" class=\"wp-image-528 size-full\" title=\"\" srcset=\"https:\/\/meat-machine.com\/wp-content\/uploads\/2024\/01\/vacuum-meat-packaging-machine.webp 720w, https:\/\/meat-machine.com\/wp-content\/uploads\/2024\/01\/vacuum-meat-packaging-machine-300x225.webp 300w\" sizes=\"auto, (max-width: 720px) 100vw, 720px\" \/><\/figure><div class=\"wp-block-media-text__content\"> <p class=\"wp-block-paragraph translation-block\"><strong>M\u00e1quina envasadora al vac\u00edo para carne<\/strong><\/p>    <p class=\"wp-block-paragraph translation-block\">La <a href=\"https:\/\/meat-machine.com\/es\/producto\/maquina-de-envasado-al-vacio-de-carne\/\">m\u00e1quina envasadora al vac\u00edo<\/a> es el paso final en la l\u00ednea de producci\u00f3n de hamburguesas. Extiende la vida \u00fatil al eliminar el aire del empaque. <\/p>    <p class=\"wp-block-paragraph\">Taizy Meat Machinery ofrece m\u00e1quinas envasadoras al vac\u00edo de c\u00e1mara simple y de c\u00e1mara doble.<\/p> <\/div><\/div>    <h2 class=\"wp-block-heading\">Beneficios de la l\u00ednea de producci\u00f3n de hamburguesas<\/h2>    <div class=\"wp-block-media-text has-media-on-the-right is-stacked-on-mobile\"><div class=\"wp-block-media-text__content\"> <ol class=\"wp-block-list\"> <li>La l\u00ednea de producci\u00f3n ofrece un alto grado de automatizaci\u00f3n para una operaci\u00f3n eficiente y consistente.<\/li>    <li>Las m\u00e1quinas y los moldes se pueden personalizar para satisfacer las necesidades espec\u00edficas del cliente.<\/li>    <li>Todo el equipo est\u00e1 fabricado en acero inoxidable de grado alimenticio para garantizar la seguridad e higiene.<\/li>    <li>La l\u00ednea incluye m\u00faltiples m\u00f3dulos funcionales, lo que permite una producci\u00f3n de hamburguesas vers\u00e1til e integral.<\/li>    <li>El dise\u00f1o sencillo del equipo permite una f\u00e1cil limpieza y mantenimiento.<\/li> <\/ol> <\/div><figure class=\"wp-block-media-text__media\"><img loading=\"lazy\" decoding=\"async\" width=\"720\" height=\"540\" src=\"https:\/\/meat-machine.com\/wp-content\/uploads\/2024\/01\/burger-patty-production-line.webp\" alt=\"L\u00ednea de producci\u00f3n de hamburguesas.\" class=\"wp-image-519 size-full\" title=\"\" srcset=\"https:\/\/meat-machine.com\/wp-content\/uploads\/2024\/01\/burger-patty-production-line.webp 720w, https:\/\/meat-machine.com\/wp-content\/uploads\/2024\/01\/burger-patty-production-line-300x225.webp 300w\" sizes=\"auto, (max-width: 720px) 100vw, 720px\" \/><\/figure><\/div>    <h2 class=\"wp-block-heading\">Aplicaci\u00f3n de la l\u00ednea de producci\u00f3n de hamburguesas.<\/h2>    <p class=\"wp-block-paragraph\">La l\u00ednea de producci\u00f3n de hamburguesas puede producir diferentes formas de productos cambiando diferentes moldes. Puede utilizar estas m\u00e1quinas para hacer hamburguesas para producir hamburguesas, nuggets de pollo, hamburguesas de pescado, hamburguesas vegetarianas, hamburguesas de patatas, hamburguesas de verduras, hamburguesas de calabaza, hamburguesas de calamar, chuletas, etc., en varias formas.<\/p>    <div class=\"wp-block-media-text is-stacked-on-mobile\"><figure class=\"wp-block-media-text__media\"><img loading=\"lazy\" decoding=\"async\" width=\"720\" height=\"540\" src=\"https:\/\/meat-machine.com\/wp-content\/uploads\/2024\/01\/finished-products.webp\" alt=\"productos terminados\" class=\"wp-image-521 size-full\" title=\"\" srcset=\"https:\/\/meat-machine.com\/wp-content\/uploads\/2024\/01\/finished-products.webp 720w, https:\/\/meat-machine.com\/wp-content\/uploads\/2024\/01\/finished-products-300x225.webp 300w\" sizes=\"auto, (max-width: 720px) 100vw, 720px\" \/><\/figure><div class=\"wp-block-media-text__content\"> <ul class=\"wp-block-list\"> <li>Come pollo, <a href=\"https:\/\/en.wikipedia.org\/wiki\/Beef\" target=\"_blank\" rel=\"noopener\">carne de res<\/a>, cordero, cerdo, etc.<\/li>    <li>Productos acu\u00e1ticos: pescado, camar\u00f3n, calamar, salm\u00f3n, jurel, etc.<\/li>    <li>Verduras: patata, boniato, calabaza, zanahoria, jud\u00eda verde, jud\u00eda roja, haba, soja, anacardo, etc.<\/li>    <li>Adem\u00e1s, nuestra l\u00ednea de producci\u00f3n de hamburguesas de carne tambi\u00e9n puede fabricar otros tipos de hamburguesas.<\/li> <\/ul> <\/div><\/div>    <h2 class=\"wp-block-heading\">Par\u00e1metros del equipo de fabricaci\u00f3n de hamburguesas<\/h2>    <figure class=\"wp-block-table\"><table><tbody><tr><td>Nombre de la m\u00e1quina<\/td><td>Capacidad<\/td><td>Fuerza<\/td><td>Voltaje<\/td><td>Material<\/td><\/tr><tr><td>maquina picadora de carne<\/td><td>20 kg\/lote<\/td><td>5,5 kw<\/td><td>380V 50Hz<\/td><td>304ss<\/td><\/tr><tr><td>M\u00e1quina para hacer hamburguesas comercial<\/td><td>2100 piezas\/hora<\/td><td>0,55 kw<\/td><td>220v,50hz<\/td><td>304ss<\/td><\/tr><tr><td>maquina almidonadora<\/td><td>\/<\/td><td>0,62 kw<\/td><td>380V, 50Hz<\/td><td>304ss<\/td><\/tr><tr><td>freidora de hamburguesas<\/td><td>\/<\/td><td>36kw<\/td><td>480v 60hz<\/td><td>304ss<\/td><\/tr><tr><td>Filtro de aceite vibratorio<\/td><td>\/<\/td><td>\/<\/td><td>480v 60hz<\/td><td>304ss<\/td><\/tr><tr><td>M\u00e1quina envasadora al vac\u00edo de carne<\/td><td>\/<\/td><td>2,25 kw<\/td><td>380V, 50Hz<\/td><td>304ss<\/td><\/tr><\/tbody><\/table><figcaption class=\"wp-element-caption\">par\u00e1metros de la l\u00ednea de producci\u00f3n de hamburguesas<\/figcaption><\/figure>    <p class=\"wp-block-paragraph\">Cada equipo para hacer hamburguesas tiene par\u00e1metros espec\u00edficos correspondientes. Seg\u00fan la tabla anterior, puede obtener informaci\u00f3n sobre esta l\u00ednea de producci\u00f3n de hamburguesas. Si desea saber m\u00e1s sobre la l\u00ednea de producci\u00f3n de hamburguesas de carne, cont\u00e1ctenos a trav\u00e9s de la ventana emergente en la esquina inferior derecha.<\/p>   <div class=\"wp-block-image\"> <figure class=\"aligncenter size-full\"><img loading=\"lazy\" decoding=\"async\" width=\"720\" height=\"540\" src=\"https:\/\/meat-machine.com\/wp-content\/uploads\/2022\/09\/the-machine-can-make-meat-patties-of-different-shapes.webp\" alt=\"maquina para hacer hamburguesas\" class=\"wp-image-143\" title=\"\" srcset=\"https:\/\/meat-machine.com\/wp-content\/uploads\/2022\/09\/the-machine-can-make-meat-patties-of-different-shapes.webp 720w, https:\/\/meat-machine.com\/wp-content\/uploads\/2022\/09\/the-machine-can-make-meat-patties-of-different-shapes-300x225.webp 300w\" sizes=\"auto, (max-width: 720px) 100vw, 720px\" \/><figcaption class=\"wp-element-caption\">maquina para hacer hamburguesas<\/figcaption><\/figure> <\/div>   <h2 class=\"wp-block-heading\">\u00bfCu\u00e1l es el precio de la l\u00ednea de producci\u00f3n de hamburguesas?<\/h2>    <p class=\"wp-block-paragraph\">El precio de la l\u00ednea de producci\u00f3n de hamburguesas depende de factores como el tama\u00f1o, la configuraci\u00f3n, la tecnolog\u00eda, los materiales, la distancia y los impuestos. Debido a estas variables, no podemos proporcionar un precio espec\u00edfico aqu\u00ed. <\/p>    <p class=\"wp-block-paragraph\">Para obtener un presupuesto detallado y un plan personalizado, cont\u00e1ctenos utilizando la informaci\u00f3n en la esquina inferior derecha. Adaptaremos la oferta a sus necesidades y escala de producci\u00f3n.<\/p>   <div class=\"wp-block-image\"> <figure class=\"aligncenter size-full\"><img loading=\"lazy\" decoding=\"async\" width=\"720\" height=\"540\" src=\"https:\/\/meat-machine.com\/wp-content\/uploads\/2024\/01\/hamburger-patty.webp\" alt=\"hamburguesa\" class=\"wp-image-530\" title=\"\" srcset=\"https:\/\/meat-machine.com\/wp-content\/uploads\/2024\/01\/hamburger-patty.webp 720w, https:\/\/meat-machine.com\/wp-content\/uploads\/2024\/01\/hamburger-patty-300x225.webp 300w\" sizes=\"auto, (max-width: 720px) 100vw, 720px\" \/><figcaption class=\"wp-element-caption\">hamburguesa<\/figcaption><\/figure> <\/div>   <h2 class=\"wp-block-heading\">Conclusi\u00f3n<\/h2>    <p class=\"wp-block-paragraph\">La L\u00ednea de Producci\u00f3n de Hamburguesas integra m\u00e1quinas avanzadas, desde el picado de carne y formado de hamburguesas hasta el almidonado, empanado, fritura y envasado al vac\u00edo, garantizando una producci\u00f3n eficiente, consistente y de alta calidad. <\/p>    <p class=\"wp-block-paragraph\">Con configuraciones personalizables y procesos automatizados, esta l\u00ednea de producci\u00f3n satisface diversas demandas del mercado, ayudando a los fabricantes a ofrecer hamburguesas deliciosas y visualmente atractivas que satisfacen a los consumidores y potencian el \u00e9xito empresarial.<\/p>","protected":false},"excerpt":{"rendered":"<p>La L\u00ednea de Producci\u00f3n de Hamburguesas es un sistema de producci\u00f3n altamente eficiente y automatizado dise\u00f1ado para la fabricaci\u00f3n a gran escala de hamburguesas de carne y a base de plantas. <\/p>","protected":false},"author":1,"featured_media":519,"parent":0,"template":"","tags":[54],"product-type":[4],"class_list":["post-510","product","type-product","status-publish","has-post-thumbnail","hentry","tag-burger-patty-production-line","product-type-meat-grinder"],"_links":{"self":[{"href":"https:\/\/meat-machine.com\/es\/wp-json\/wp\/v2\/product\/510","targetHints":{"allow":["GET"]}}],"collection":[{"href":"https:\/\/meat-machine.com\/es\/wp-json\/wp\/v2\/product"}],"about":[{"href":"https:\/\/meat-machine.com\/es\/wp-json\/wp\/v2\/types\/product"}],"author":[{"embeddable":true,"href":"https:\/\/meat-machine.com\/es\/wp-json\/wp\/v2\/users\/1"}],"wp:featuredmedia":[{"embeddable":true,"href":"https:\/\/meat-machine.com\/es\/wp-json\/wp\/v2\/media\/519"}],"wp:attachment":[{"href":"https:\/\/meat-machine.com\/es\/wp-json\/wp\/v2\/media?parent=510"}],"wp:term":[{"taxonomy":"post_tag","embeddable":true,"href":"https:\/\/meat-machine.com\/es\/wp-json\/wp\/v2\/tags?post=510"},{"taxonomy":"product-type","embeddable":true,"href":"https:\/\/meat-machine.com\/es\/wp-json\/wp\/v2\/product-type?post=510"}],"curies":[{"name":"wp","href":"https:\/\/api.w.org\/{rel}","templated":true}]}}