{"id":48,"date":"2022-09-07T05:54:14","date_gmt":"2022-09-07T05:54:14","guid":{"rendered":"https:\/\/meat-machine.com\/?post_type=product&#038;p=48"},"modified":"2026-04-16T16:08:54","modified_gmt":"2026-04-16T08:08:54","slug":"cortadora-de-carne-congelada-comercial","status":"publish","type":"product","link":"https:\/\/meat-machine.com\/es\/product\/commercial-frozen-meat-slicer\/","title":{"rendered":"Slante de carne congelada comercial"},"content":{"rendered":"<div class=\"kk-star-ratings kksr-auto kksr-align-left kksr-valign-top\"     data-payload='{&quot;align&quot;:&quot;left&quot;,&quot;id&quot;:&quot;48&quot;,&quot;slug&quot;:&quot;default&quot;,&quot;valign&quot;:&quot;top&quot;,&quot;ignore&quot;:&quot;&quot;,&quot;reference&quot;:&quot;auto&quot;,&quot;class&quot;:&quot;&quot;,&quot;count&quot;:&quot;7&quot;,&quot;legendonly&quot;:&quot;&quot;,&quot;readonly&quot;:&quot;&quot;,&quot;score&quot;:&quot;4.8&quot;,&quot;starsonly&quot;:&quot;&quot;,&quot;best&quot;:&quot;5&quot;,&quot;gap&quot;:&quot;5&quot;,&quot;greet&quot;:&quot;Rate this product&quot;,&quot;legend&quot;:&quot;4.8\\\/5 - (7 votos)&quot;,&quot;size&quot;:&quot;24&quot;,&quot;title&quot;:&quot;Commercial frozen meat slicer&quot;,&quot;width&quot;:&quot;136.7&quot;,&quot;_legend&quot;:&quot;{score}\\\/{best} - ({count} {votes})&quot;,&quot;font_factor&quot;:&quot;1.25&quot;}'>              <div class=\"kksr-stars\">      <div class=\"kksr-stars-inactive\">             <div class=\"kksr-star\" data-star=\"1\" style=\"padding-right: 5px\">               <div class=\"kksr-icon\" style=\"width: 24px; height: 24px;\"><\/div>         <\/div>             <div class=\"kksr-star\" data-star=\"2\" style=\"padding-right: 5px\">               <div class=\"kksr-icon\" style=\"width: 24px; height: 24px;\"><\/div>         <\/div>             <div class=\"kksr-star\" data-star=\"3\" style=\"padding-right: 5px\">               <div class=\"kksr-icon\" style=\"width: 24px; height: 24px;\"><\/div>         <\/div>             <div class=\"kksr-star\" data-star=\"4\" style=\"padding-right: 5px\">               <div class=\"kksr-icon\" style=\"width: 24px; height: 24px;\"><\/div>         <\/div>             <div class=\"kksr-star\" data-star=\"5\" style=\"padding-right: 5px\">               <div class=\"kksr-icon\" style=\"width: 24px; height: 24px;\"><\/div>         <\/div>     <\/div>      <div class=\"kksr-stars-active\" style=\"width: 136.7px;\">             <div class=\"kksr-star\" style=\"padding-right: 5px\">               <div class=\"kksr-icon\" style=\"width: 24px; height: 24px;\"><\/div>         <\/div>             <div class=\"kksr-star\" style=\"padding-right: 5px\">               <div class=\"kksr-icon\" style=\"width: 24px; height: 24px;\"><\/div>         <\/div>             <div class=\"kksr-star\" style=\"padding-right: 5px\">               <div class=\"kksr-icon\" style=\"width: 24px; height: 24px;\"><\/div>         <\/div>             <div class=\"kksr-star\" style=\"padding-right: 5px\">               <div class=\"kksr-icon\" style=\"width: 24px; height: 24px;\"><\/div>         <\/div>             <div class=\"kksr-star\" style=\"padding-right: 5px\">               <div class=\"kksr-icon\" style=\"width: 24px; height: 24px;\"><\/div>         <\/div>     <\/div> <\/div>                   <div class=\"kksr-legend\" style=\"font-size: 19.2px;\">             4,8\/5 - (7 votos)    <\/div>     <\/div>  <p class=\"wp-block-paragraph\">La cortadora de carne congelada comercial puede cortar 1, 2, 4 o 8 rollos de bloques de carne congelada (-8\u00b0C a 1\u00b0C) directamente sin descongelar, ahorrando tiempo y preservando la textura de la carne. Con grosor ajustable (0,2\u201320 mm), una capacidad de 25\u2013500 kg\/h, construcci\u00f3n en acero inoxidable SUS304 y caracter\u00edsticas de seguridad, garantiza un corte uniforme, limpio y seguro.<\/p>    <p class=\"wp-block-paragraph\">Su funci\u00f3n principal es mejorar la eficiencia (reemplazando a 5\u201310 trabajadores), garantizar una calidad uniforme y reducir costos, mientras preserva la frescura de la carne evitando la descongelaci\u00f3n. Se aplica a carnes congeladas sin hueso (ternera, cordero, cerdo, aves, mariscos) y embutidos curados, pero no a carnes con hueso. Es ampliamente utilizado en restaurantes, cocinas centrales, plantas de procesamiento de carne y supermercados.<\/p>    <figure class=\"wp-block-embed is-type-video is-provider-youtube wp-block-embed-youtube wp-embed-aspect-16-9 wp-has-aspect-ratio\"><div class=\"wp-block-embed__wrapper\"> <iframe loading=\"lazy\" title=\"Desde el bloque a la porci\u00f3n: c\u00f3mo funciona nuestra cortadora de carne congelada #Meat #Sicing #FoodProcessing\" width=\"422\" height=\"750\" src=\"https:\/\/www.youtube.com\/embed\/hPnMCka8QnM?feature=oembed\" frameborder=\"0\" allow=\"accelerometer; autoplay; clipboard-write; encrypted-media; gyroscope; picture-in-picture; web-share\" referrerpolicy=\"strict-origin-when-cross-origin\" allowfullscreen><\/iframe> <\/div><figcaption class=\"wp-element-caption\">Video de trabajo de ardor de carne congelada comercial<\/figcaption><\/figure>    <h2 id=\"h-what-are-the-models-of-taizy-commercial-frozen-meat-slicer\" class=\"wp-block-heading\">Cortadora de carne congelada comercial en venta<\/h2>    <p class=\"wp-block-paragraph\">En la estaci\u00f3n de procesamiento de carne Taizy, ofrecemos cuatro tipos distintos de cortadoras de carne congelada comerciales, cada una con diferentes capacidades, tama\u00f1o y peso para satisfacer diversas necesidades de los clientes.<\/p>    <p class=\"wp-block-paragraph\">Para clientes con peque\u00f1os restaurantes o demandas de producci\u00f3n bajas, recomendamos nuestra cortadora de un solo rollo controlada electr\u00f3nicamente, que tiene una capacidad de 25-50 kg\/h. Si tiene requisitos de producci\u00f3n m\u00e1s altos, las otras tres cortadoras son m\u00e1s adecuadas, con capacidades de 50-300 kg\/h, 250-300 kg\/h y 450-500 kg\/h respectivamente.<\/p>    <p class=\"wp-block-paragraph translation-block\">Adem\u00e1s de cortadoras autom\u00e1ticas de carne congelada, tambi\u00e9n ofrecemos <a href=\"https:\/\/meat-machine.com\/es\/producto\/maquina-automatica-de-corte-de-pollo\/\" data-type=\"link\" data-id=\"https:\/\/meat-machine.com\/product\/automatic-chicken-cutting-machine\/\">m\u00e1quinas de corte de carne<\/a> y <a href=\"https:\/\/meat-machine.com\/es\/producto\/maquina-para-cortar-carne\/\" data-type=\"link\" data-id=\"https:\/\/meat-machine.com\/product\/meat-dicing-machine\/\">picadoras de carne congelada<\/a> para vender y satisfacer sus diversas necesidades de procesamiento de carne.<\/p>    <figure class=\"wp-block-gallery aligncenter has-nested-images columns-default is-cropped wp-block-gallery-2 is-layout-flex wp-block-gallery-is-layout-flex\"> <figure class=\"wp-block-image size-full\"><img loading=\"lazy\" decoding=\"async\" width=\"540\" height=\"720\" data-id=\"1229\" src=\"https:\/\/meat-machine.com\/wp-content\/uploads\/2022\/09\/Commercial-frozen-meat-slicer-factory.webp\" alt=\"F\u00e1brica de cortadoras de carne congelada comerciales\" class=\"wp-image-1229\" title=\"\" srcset=\"https:\/\/meat-machine.com\/wp-content\/uploads\/2022\/09\/Commercial-frozen-meat-slicer-factory.webp 540w, https:\/\/meat-machine.com\/wp-content\/uploads\/2022\/09\/Commercial-frozen-meat-slicer-factory-225x300.webp 225w, https:\/\/meat-machine.com\/wp-content\/uploads\/2022\/09\/Commercial-frozen-meat-slicer-factory-9x12.webp 9w\" sizes=\"auto, (max-width: 540px) 100vw, 540px\" \/><figcaption class=\"wp-element-caption\">F\u00e1brica de cortadoras de carne congelada comerciales<\/figcaption><\/figure>    <figure class=\"wp-block-image size-full\"><img loading=\"lazy\" decoding=\"async\" width=\"720\" height=\"540\" data-id=\"56\" src=\"https:\/\/meat-machine.com\/wp-content\/uploads\/2022\/09\/meat-slicing-machine-for-frozen-mutton.webp\" alt=\"M\u00e1quina cortadora de carne para cordero congelado.\" class=\"wp-image-56\" title=\"\" srcset=\"https:\/\/meat-machine.com\/wp-content\/uploads\/2022\/09\/meat-slicing-machine-for-frozen-mutton.webp 720w, https:\/\/meat-machine.com\/wp-content\/uploads\/2022\/09\/meat-slicing-machine-for-frozen-mutton-300x225.webp 300w\" sizes=\"auto, (max-width: 720px) 100vw, 720px\" \/><figcaption class=\"wp-element-caption\">M\u00e1quina de cortar carne para cordero congelado<\/figcaption><\/figure> <\/figure>    <h2 id=\"h-what-are-the-characteristics-of-the-best-commercial-frozen-meat-slicer\" class=\"wp-block-heading\">Caracter\u00edsticas comerciales de carne congelada de carne congelada<\/h2>    <div class=\"wp-block-media-text is-stacked-on-mobile\"><figure class=\"wp-block-media-text__media\"><img loading=\"lazy\" decoding=\"async\" width=\"720\" height=\"540\" src=\"https:\/\/meat-machine.com\/wp-content\/uploads\/2022\/09\/four-rolls-meat-slicer.webp\" alt=\"cortadora de carne de cuatro rollos\" class=\"wp-image-55 size-full\" title=\"\" srcset=\"https:\/\/meat-machine.com\/wp-content\/uploads\/2022\/09\/four-rolls-meat-slicer.webp 720w, https:\/\/meat-machine.com\/wp-content\/uploads\/2022\/09\/four-rolls-meat-slicer-300x225.webp 300w\" sizes=\"auto, (max-width: 720px) 100vw, 720px\" \/><\/figure><div class=\"wp-block-media-text__content\"> <ul class=\"wp-block-list\"> <li><strong>Corte uniforme<\/strong>Asegura un grosor constante para rebanadas o rollos.<\/li>    <li><strong>Materiales de grado alimentario<\/strong>: 304 <a href=\"https:\/\/en.wikipedia.org\/wiki\/Stainless_steel\" data-type=\"link\" data-id=\"https:\/\/en.wikipedia.org\/wiki\/Stainless_steel\" target=\"_blank\" rel=\"noopener\">acero inoxidable<\/a> Para partes en contacto con alimentos, acero inoxidable 201 para el cuerpo de la m\u00e1quina.<\/li>    <li><strong>M\u00faltiples modelos<\/strong>: Cuatro modelos disponibles para satisfacer diferentes requisitos de capacidad.<\/li>    <li><strong>F\u00e1cil de limpiar<\/strong>: Dise\u00f1o de cuchilla antiadherente; el peine y el cortador son f\u00e1ciles de quitar y limpiar.<\/li> <\/ul> <\/div><\/div>    <div class=\"wp-block-media-text has-media-on-the-right is-stacked-on-mobile\"><div class=\"wp-block-media-text__content\"> <ul class=\"wp-block-list\"> <li><strong>Rodadura eficiente<\/strong>: Rodadura autom\u00e1tica y suave con m\u00ednimo desperdicio de material.<\/li>    <li><strong>Bajo nivel de ruido y estabilidad<\/strong>: Operaci\u00f3n silenciosa con rendimiento estable de la m\u00e1quina.<\/li>    <li><strong>Sistema fiable<\/strong>: Conducci\u00f3n hidr\u00e1ulica completa con baja tasa de fallos y f\u00e1cil mantenimiento.<\/li>    <li><strong>Bandeja de carne segura<\/strong>: Bandeja en forma de U antideslizante que asegura una posici\u00f3n estable de la carne.<\/li> <\/ul> <\/div><figure class=\"wp-block-media-text__media\"><img loading=\"lazy\" decoding=\"async\" width=\"750\" height=\"750\" src=\"https:\/\/meat-machine.com\/wp-content\/uploads\/2022\/09\/commercial-frozen-meat-slicer-for-sale.webp\" alt=\"Cortadora de carne congelada comercial a la venta\" class=\"wp-image-53 size-full\" title=\"\" srcset=\"https:\/\/meat-machine.com\/wp-content\/uploads\/2022\/09\/commercial-frozen-meat-slicer-for-sale.webp 750w, https:\/\/meat-machine.com\/wp-content\/uploads\/2022\/09\/commercial-frozen-meat-slicer-for-sale-300x300.webp 300w, https:\/\/meat-machine.com\/wp-content\/uploads\/2022\/09\/commercial-frozen-meat-slicer-for-sale-150x150.webp 150w\" sizes=\"auto, (max-width: 750px) 100vw, 750px\" \/><\/figure><\/div>    <h2 class=\"wp-block-heading\">\u00bfC\u00f3mo funciona la m\u00e1quina de la cortadora de carne congelada?<\/h2>    <div class=\"wp-block-media-text is-stacked-on-mobile\"><figure class=\"wp-block-media-text__media\"><img loading=\"lazy\" decoding=\"async\" width=\"720\" height=\"540\" src=\"https:\/\/meat-machine.com\/wp-content\/uploads\/2025\/04\/Frozen-meat-slicing-machine-details.webp\" alt=\"Detalles de la m\u00e1quina de corte de carne congelada\" class=\"wp-image-788 size-full\" title=\"\" srcset=\"https:\/\/meat-machine.com\/wp-content\/uploads\/2025\/04\/Frozen-meat-slicing-machine-details.webp 720w, https:\/\/meat-machine.com\/wp-content\/uploads\/2025\/04\/Frozen-meat-slicing-machine-details-300x225.webp 300w, https:\/\/meat-machine.com\/wp-content\/uploads\/2025\/04\/Frozen-meat-slicing-machine-details-16x12.webp 16w\" sizes=\"auto, (max-width: 720px) 100vw, 720px\" \/><\/figure><div class=\"wp-block-media-text__content\"> <ul class=\"wp-block-list\"> <li><strong>Alimentaci\u00f3n autom\u00e1tica de carne<\/strong>: Un sistema de doble gu\u00eda empuja y presiona la carne congelada hacia adelante mientras controla el grosor de la rebanada.<\/li>    <li><strong>Corte sincronizado<\/strong>: La cortadora y la cinta transportadora operan simult\u00e1neamente para lograr un corte continuo y preciso.<\/li>    <li><strong>Finalizaci\u00f3n autom\u00e1tica<\/strong>: Una vez finalizado el corte, la cuchilla se detiene y el mecanismo de empuje vuelve autom\u00e1ticamente.<\/li> <\/ul> <\/div><\/div>    <h2 id=\"h-how-to-use-an-industrial-frozen-meat-slicer-correctly\" class=\"wp-block-heading\">\u00bfC\u00f3mo utilizar correctamente una cortadora industrial de carne congelada?<\/h2>    <div class=\"wp-block-media-text has-media-on-the-right is-stacked-on-mobile\"><div class=\"wp-block-media-text__content\"> <ul class=\"wp-block-list\"> <li><strong>Inspecci\u00f3n de potencia<\/strong>: Verifique que el cable de alimentaci\u00f3n, el enchufe y la toma de corriente est\u00e9n seguros antes de poner en marcha la m\u00e1quina.<\/li>    <li><strong>Conexi\u00f3n a tierra<\/strong>: Aseg\u00farese de que la m\u00e1quina est\u00e9 correctamente conectada a tierra para garantizar un funcionamiento seguro.<\/li>    <li><strong>Ajuste de grosor<\/strong>: Configure el grosor de corte requerido con anticipaci\u00f3n seg\u00fan las necesidades de procesamiento.<\/li>    <li><strong>Carga adecuada de carne<\/strong>: Coloque la carne congelada sin hueso de forma plana y segura en la tabla de cortar.<\/li>    <li><strong>Mantenimiento de la cuchilla<\/strong>: Detenga la m\u00e1quina y afile la cuchilla cuando la eficiencia de corte disminuya.<\/li> <\/ul> <\/div><figure class=\"wp-block-media-text__media\"><img loading=\"lazy\" decoding=\"async\" width=\"720\" height=\"540\" src=\"https:\/\/meat-machine.com\/wp-content\/uploads\/2025\/04\/Frozen-meat-slicing-machine-price.webp\" alt=\"Precio de la m\u00e1quina de corte de carne congelada\" class=\"wp-image-791 size-full\" title=\"\" srcset=\"https:\/\/meat-machine.com\/wp-content\/uploads\/2025\/04\/Frozen-meat-slicing-machine-price.webp 720w, https:\/\/meat-machine.com\/wp-content\/uploads\/2025\/04\/Frozen-meat-slicing-machine-price-300x225.webp 300w, https:\/\/meat-machine.com\/wp-content\/uploads\/2025\/04\/Frozen-meat-slicing-machine-price-16x12.webp 16w\" sizes=\"auto, (max-width: 720px) 100vw, 720px\" \/><\/figure><\/div>    <h2 id=\"h-machine-parameters\" class=\"wp-block-heading\">Par\u00e1metros de la m\u00e1quina de la cortadora de carne congelada comercial<\/h2>    <figure class=\"wp-block-table\"><table><tbody><tr><td>Nombre<\/td><td>Potencia (kW)<\/td><td>Voltaje (V)<\/td><td>Producci\u00f3n (kg\/h)<\/td><td>Grosor de la rebanada (mm)<\/td><td>Peso de la m\u00e1quina (kg)<\/td><td>Tama\u00f1o de la m\u00e1quina (mm)<\/td><\/tr><tr><td>Cortadora de un rollo<\/td><td>0.45<\/td><td>220<\/td><td>25-50<\/td><td>0.2-5<\/td><td>50<\/td><td>650*350*400<\/td><\/tr><tr><td>CNC DOS ROLLA CORTADOR<\/td><td>2.2<\/td><td>220<\/td><td>50-300<\/td><td>0.2-6<\/td><td>200<\/td><td>1200*560*1200<\/td><\/tr><tr><td>Cortadora CNC de cuatro rollos<\/td><td>1.5-3.5<\/td><td>220\/380<\/td><td>250-300<\/td><td>0.2-20<\/td><td>300<\/td><td>1450*660*1300<\/td><\/tr><tr><td>Cortadora CNC de ocho rollos<\/td><td>3.5<\/td><td>380<\/td><td>450-500<\/td><td>0.2-20<\/td><td>400<\/td><td>1450*1010*1450<\/td><\/tr><\/tbody><\/table><\/figure>    <figure class=\"wp-block-gallery aligncenter has-nested-images columns-default is-cropped wp-block-gallery-3 is-layout-flex wp-block-gallery-is-layout-flex\"> <figure class=\"wp-block-image size-full\"><img loading=\"lazy\" decoding=\"async\" width=\"540\" height=\"720\" data-id=\"1230\" src=\"https:\/\/meat-machine.com\/wp-content\/uploads\/2022\/09\/Commercial-frozen-meat-slicer-price.webp\" alt=\"Precio de la cortadora de carne congelada comercial\" class=\"wp-image-1230\" title=\"\" srcset=\"https:\/\/meat-machine.com\/wp-content\/uploads\/2022\/09\/Commercial-frozen-meat-slicer-price.webp 540w, https:\/\/meat-machine.com\/wp-content\/uploads\/2022\/09\/Commercial-frozen-meat-slicer-price-225x300.webp 225w, https:\/\/meat-machine.com\/wp-content\/uploads\/2022\/09\/Commercial-frozen-meat-slicer-price-9x12.webp 9w\" sizes=\"auto, (max-width: 540px) 100vw, 540px\" \/><figcaption class=\"wp-element-caption\">Precio de la cortadora de carne congelada comercial<\/figcaption><\/figure>    <figure class=\"wp-block-image size-full\"><img loading=\"lazy\" decoding=\"async\" width=\"800\" height=\"600\" data-id=\"57\" src=\"https:\/\/meat-machine.com\/wp-content\/uploads\/2022\/09\/picture-of-shipment.webp\" alt=\"imagen del env\u00edo\" class=\"wp-image-57\" title=\"\" srcset=\"https:\/\/meat-machine.com\/wp-content\/uploads\/2022\/09\/picture-of-shipment.webp 800w, https:\/\/meat-machine.com\/wp-content\/uploads\/2022\/09\/picture-of-shipment-300x225.webp 300w, https:\/\/meat-machine.com\/wp-content\/uploads\/2022\/09\/picture-of-shipment-768x576.webp 768w\" sizes=\"auto, (max-width: 800px) 100vw, 800px\" \/><figcaption class=\"wp-element-caption\">Imagen del env\u00edo<\/figcaption><\/figure> <\/figure>    <h2 id=\"h-can-you-slice-frozen-meat-with-a-meat-slicer\" class=\"wp-block-heading\">\u00bfPuedes cortar carne congelada con una cortadora de carne?<\/h2>    <p class=\"wp-block-paragraph\">Las cortadoras de carne dom\u00e9sticas ordinarias no son adecuadas para cortar carne congelada porque la carne congelada es demasiado dura y puede da\u00f1ar f\u00e1cilmente la cuchilla. Adem\u00e1s, las cortadoras dom\u00e9sticas est\u00e1n dise\u00f1adas principalmente para carne fresca y no para productos congelados. <\/p>    <p class=\"wp-block-paragraph\">Para cortar carne congelada de manera segura y eficiente, se debe usar una cortadora de carne congelada comercial. Incluso con una cortadora especializada, la carne debe estar ligeramente descongelada a m\u00e1s de \u20136 \u00b0C antes de cortar para garantizar un rendimiento adecuado y proteger la m\u00e1quina.<\/p>    <p class=\"wp-block-paragraph translation-block\">En resumen, si busca una cortadora de carne congelada industrial, cortadora de cordero o m\u00e1quina para cortar carne de res congelada, por favor cont\u00e1ctenos. En julio de este a\u00f1o, un cliente estadounidense orden\u00f3 esta <a href=\"https:\/\/meat-machine.com\/es\/info\/clientes-estadounidenses-compraron-cortadora-de-carne-congelada-comercial\/\" data-type=\"link\" data-id=\"https:\/\/meat-machine.com\/Info\/american-customers-bought-commercial-frozen-meat-cutter\/\">m\u00e1quina de corte de carne<\/a> para cortar cordero. Nuestra m\u00e1quina es la mejor cortadora de alimentos para carne congelada. Y haremos todo lo posible para ayudarle.<\/p>    <figure class=\"wp-block-gallery aligncenter has-nested-images columns-default is-cropped wp-block-gallery-4 is-layout-flex wp-block-gallery-is-layout-flex\"> <figure class=\"wp-block-image size-full\"><img loading=\"lazy\" decoding=\"async\" width=\"750\" height=\"668\" data-id=\"52\" src=\"https:\/\/meat-machine.com\/wp-content\/uploads\/2022\/09\/application-of-the-slicing-machine.webp\" alt=\"aplicaci\u00f3n de la m\u00e1quina cortadora\" class=\"wp-image-52\" title=\"\" srcset=\"https:\/\/meat-machine.com\/wp-content\/uploads\/2022\/09\/application-of-the-slicing-machine.webp 750w, https:\/\/meat-machine.com\/wp-content\/uploads\/2022\/09\/application-of-the-slicing-machine-300x267.webp 300w\" sizes=\"auto, (max-width: 750px) 100vw, 750px\" \/><figcaption class=\"wp-element-caption\">Aplicaci\u00f3n de la m\u00e1quina de corte<\/figcaption><\/figure>    <figure class=\"wp-block-image size-full\"><img loading=\"lazy\" decoding=\"async\" width=\"720\" height=\"540\" data-id=\"790\" src=\"https:\/\/meat-machine.com\/wp-content\/uploads\/2025\/04\/Frozen-meat-slicing-machine-for-sale.webp\" alt=\"M\u00e1quina comercial de cortar carne congelada\" class=\"wp-image-790\" title=\"\" srcset=\"https:\/\/meat-machine.com\/wp-content\/uploads\/2025\/04\/Frozen-meat-slicing-machine-for-sale.webp 720w, https:\/\/meat-machine.com\/wp-content\/uploads\/2025\/04\/Frozen-meat-slicing-machine-for-sale-300x225.webp 300w, https:\/\/meat-machine.com\/wp-content\/uploads\/2025\/04\/Frozen-meat-slicing-machine-for-sale-16x12.webp 16w\" sizes=\"auto, (max-width: 720px) 100vw, 720px\" \/><figcaption class=\"wp-element-caption\">M\u00e1quina comercial de cortar carne congelada<\/figcaption><\/figure> <\/figure>    <h2 class=\"wp-block-heading\">Conclusi\u00f3n<\/h2>    <p class=\"wp-block-paragraph\">En resumen, nuestras cortadoras de carne congelada comerciales est\u00e1n dise\u00f1adas con versatilidad, eficiencia y practicidad en mente\u2014disponibles en cuatro tipos con diferentes capacidades (25-50 kg\/h a 450-500 kg\/h), grosor de corte ajustable (0,2-20 mm) y la capacidad de manejar carne a -8\u00b0C a 1\u00b0C, adapt\u00e1ndose perfectamente a peque\u00f1os restaurantes, plantas de procesamiento a gran escala y diversos escenarios de procesamiento de carne. <\/p>    <p class=\"wp-block-paragraph\">No dudes en contactarnos para obtener par\u00e1metros detallados del producto, cotizaci\u00f3n y asesoramiento\u2014\u00a1estamos comprometidos a ofrecerte soluciones de procesamiento de carne rentables y un servicio postventa profesional!<\/p>","protected":false},"excerpt":{"rendered":"<p>La cortadora de carne congelada comercial puede cortar 1, 2, 4 o 8 rollos de bloques de carne congelada (-8\u00b0C a 1\u00b0C) directamente sin descongelar, ahorrando tiempo y preservando la textura de la carne.<\/p>","protected":false},"author":1,"featured_media":362,"parent":0,"template":"","tags":[16],"product-type":[2],"class_list":["post-48","product","type-product","status-publish","has-post-thumbnail","hentry","tag-frozen-meat-slicer","product-type-meat-cutting-machine"],"_links":{"self":[{"href":"https:\/\/meat-machine.com\/es\/wp-json\/wp\/v2\/product\/48","targetHints":{"allow":["GET"]}}],"collection":[{"href":"https:\/\/meat-machine.com\/es\/wp-json\/wp\/v2\/product"}],"about":[{"href":"https:\/\/meat-machine.com\/es\/wp-json\/wp\/v2\/types\/product"}],"author":[{"embeddable":true,"href":"https:\/\/meat-machine.com\/es\/wp-json\/wp\/v2\/users\/1"}],"wp:featuredmedia":[{"embeddable":true,"href":"https:\/\/meat-machine.com\/es\/wp-json\/wp\/v2\/media\/362"}],"wp:attachment":[{"href":"https:\/\/meat-machine.com\/es\/wp-json\/wp\/v2\/media?parent=48"}],"wp:term":[{"taxonomy":"post_tag","embeddable":true,"href":"https:\/\/meat-machine.com\/es\/wp-json\/wp\/v2\/tags?post=48"},{"taxonomy":"product-type","embeddable":true,"href":"https:\/\/meat-machine.com\/es\/wp-json\/wp\/v2\/product-type?post=48"}],"curies":[{"name":"wp","href":"https:\/\/api.w.org\/{rel}","templated":true}]}}