{"id":441,"date":"2023-07-05T15:51:05","date_gmt":"2023-07-05T07:51:05","guid":{"rendered":"https:\/\/meat-machine.com\/?post_type=product&#038;p=441"},"modified":"2023-07-05T15:51:07","modified_gmt":"2023-07-05T07:51:07","slug":"maquina-para-quitar-plumas-de-pollo","status":"publish","type":"product","link":"https:\/\/meat-machine.com\/es\/product\/chicken-feather-removal-machine\/","title":{"rendered":"M\u00e1quina para quitar plumas de pollo | Desplumadora autom\u00e1tica de pollos"},"content":{"rendered":"<div class=\"kk-star-ratings kksr-auto kksr-align-left kksr-valign-top\"     data-payload='{&quot;align&quot;:&quot;left&quot;,&quot;id&quot;:&quot;441&quot;,&quot;slug&quot;:&quot;default&quot;,&quot;valign&quot;:&quot;top&quot;,&quot;ignore&quot;:&quot;&quot;,&quot;reference&quot;:&quot;auto&quot;,&quot;class&quot;:&quot;&quot;,&quot;count&quot;:&quot;6&quot;,&quot;legendonly&quot;:&quot;&quot;,&quot;readonly&quot;:&quot;&quot;,&quot;score&quot;:&quot;4.7&quot;,&quot;starsonly&quot;:&quot;&quot;,&quot;best&quot;:&quot;5&quot;,&quot;gap&quot;:&quot;5&quot;,&quot;greet&quot;:&quot;Rate this product&quot;,&quot;legend&quot;:&quot;4.7\\\/5 - (6 votos)&quot;,&quot;size&quot;:&quot;24&quot;,&quot;title&quot;:&quot;Chicken Feather Removal Machine | Automatic Chicken Plucker&quot;,&quot;width&quot;:&quot;133.8&quot;,&quot;_legend&quot;:&quot;{score}\\\/{best} - ({count} {votes})&quot;,&quot;font_factor&quot;:&quot;1.25&quot;}'>              <div class=\"kksr-stars\">      <div class=\"kksr-stars-inactive\">             <div class=\"kksr-star\" data-star=\"1\" style=\"padding-right: 5px\">               <div class=\"kksr-icon\" style=\"width: 24px; height: 24px;\"><\/div>         <\/div>             <div class=\"kksr-star\" data-star=\"2\" style=\"padding-right: 5px\">               <div class=\"kksr-icon\" style=\"width: 24px; height: 24px;\"><\/div>         <\/div>             <div class=\"kksr-star\" data-star=\"3\" style=\"padding-right: 5px\">               <div class=\"kksr-icon\" style=\"width: 24px; height: 24px;\"><\/div>         <\/div>             <div class=\"kksr-star\" data-star=\"4\" style=\"padding-right: 5px\">               <div class=\"kksr-icon\" style=\"width: 24px; height: 24px;\"><\/div>         <\/div>             <div class=\"kksr-star\" data-star=\"5\" style=\"padding-right: 5px\">               <div class=\"kksr-icon\" style=\"width: 24px; height: 24px;\"><\/div>         <\/div>     <\/div>      <div class=\"kksr-stars-active\" style=\"width: 133.8px;\">             <div class=\"kksr-star\" style=\"padding-right: 5px\">               <div class=\"kksr-icon\" style=\"width: 24px; height: 24px;\"><\/div>         <\/div>             <div class=\"kksr-star\" style=\"padding-right: 5px\">               <div class=\"kksr-icon\" style=\"width: 24px; height: 24px;\"><\/div>         <\/div>             <div class=\"kksr-star\" style=\"padding-right: 5px\">               <div class=\"kksr-icon\" style=\"width: 24px; height: 24px;\"><\/div>         <\/div>             <div class=\"kksr-star\" style=\"padding-right: 5px\">               <div class=\"kksr-icon\" style=\"width: 24px; height: 24px;\"><\/div>         <\/div>             <div class=\"kksr-star\" style=\"padding-right: 5px\">               <div class=\"kksr-icon\" style=\"width: 24px; height: 24px;\"><\/div>         <\/div>     <\/div> <\/div>                   <div class=\"kksr-legend\" style=\"font-size: 19.2px;\">             4,7\/5 - (6 votos)    <\/div>     <\/div>  <p class=\"wp-block-paragraph translation-block\">Una m\u00e1quina desplumadora de pollos es un dispositivo que se utiliza para quitar las plumas de los pollos, en particular de los pollos de granja. Se utiliza com\u00fanmente en la cr\u00eda de aves de corral y en las industrias de <a href=\"https:\/\/meat-machine.com\/es\/\">procesamiento de carne<\/a>.<\/p>    <h2 class=\"wp-block-heading\">\u00bfC\u00f3mo funciona una m\u00e1quina para quitar plumas de pollo?<\/h2>    <p class=\"wp-block-paragraph\">Mucha gente quiere saber c\u00f3mo se quitan las plumas de las gallinas, y a continuaci\u00f3n te lo explicamos.<br>Una m\u00e1quina de eliminaci\u00f3n de plumas de pollo utiliza procesos mec\u00e1nicos y tecnol\u00f3gicos avanzados para eliminar las plumas de los pollos de forma r\u00e1pida y eficiente. Emplea equipos especializados, como tambores giratorios o dedos de goma, para arrancar suavemente las plumas de las aves, asegurando un da\u00f1o m\u00ednimo a la piel. Esta m\u00e1quina puede manejar un gran volumen de pollos, mejorando as\u00ed la eficiencia del procesamiento.<\/p>   <div class=\"wp-block-image\"> <figure class=\"aligncenter size-full\"><img loading=\"lazy\" decoding=\"async\" width=\"720\" height=\"540\" src=\"https:\/\/meat-machine.com\/wp-content\/uploads\/2023\/07\/chicken-feather-removal-machine.webp\" alt=\"maquina para quitar plumas de pollo\" class=\"wp-image-444\" title=\"\" srcset=\"https:\/\/meat-machine.com\/wp-content\/uploads\/2023\/07\/chicken-feather-removal-machine.webp 720w, https:\/\/meat-machine.com\/wp-content\/uploads\/2023\/07\/chicken-feather-removal-machine-300x225.webp 300w\" sizes=\"auto, (max-width: 720px) 100vw, 720px\" \/><figcaption class=\"wp-element-caption\">maquina para quitar plumas de pollo<\/figcaption><\/figure> <\/div>   <h2 class=\"wp-block-heading\">Caracter\u00edsticas clave de una m\u00e1quina desplumadora de plumas de pollo<\/h2>    <ol class=\"wp-block-list\"> <li>Operaci\u00f3n automatizada: La m\u00e1quina est\u00e1 dise\u00f1ada para funcionar de forma aut\u00f3noma, reduciendo la necesidad de intervenci\u00f3n manual y ahorrando costos de mano de obra.<\/li>    <li>Configuraciones ajustables: Los usuarios pueden personalizar la configuraci\u00f3n de la m\u00e1quina para adaptarse a diferentes tama\u00f1os de pollo y tipos de plumas, mejorando la flexibilidad y versatilidad.<\/li>    <li>Mantenimiento sencillo: estas m\u00e1quinas est\u00e1n dise\u00f1adas con funciones f\u00e1ciles de usar para una limpieza, mantenimiento y resoluci\u00f3n de problemas convenientes.<\/li>    <li>Est\u00e1ndares de higiene: Las m\u00e1quinas desplumadoras de plumas de pollo de alta calidad est\u00e1n fabricadas con materiales aptos para uso alimentario y dise\u00f1adas para cumplir con estrictos est\u00e1ndares sanitarios.<\/li>    <li>Rentabilidad: invertir en una m\u00e1quina desplumadora de plumas de pollo puede generar ahorros de costos a largo plazo al reducir los requisitos de mano de obra y aumentar la eficiencia general.<\/li> <\/ol>   <div class=\"wp-block-image\"> <figure class=\"aligncenter size-full\"><img loading=\"lazy\" decoding=\"async\" width=\"720\" height=\"540\" src=\"https:\/\/meat-machine.com\/wp-content\/uploads\/2023\/07\/inner-structure-of-automatic-chicken-plucker.webp\" alt=\"Estructura interna de la desplumadora autom\u00e1tica de pollos.\" class=\"wp-image-448\" title=\"\" srcset=\"https:\/\/meat-machine.com\/wp-content\/uploads\/2023\/07\/inner-structure-of-automatic-chicken-plucker.webp 720w, https:\/\/meat-machine.com\/wp-content\/uploads\/2023\/07\/inner-structure-of-automatic-chicken-plucker-300x225.webp 300w\" sizes=\"auto, (max-width: 720px) 100vw, 720px\" \/><figcaption class=\"wp-element-caption\">Estructura interna de la desplumadora autom\u00e1tica de pollos.<\/figcaption><\/figure> <\/div>   <h2 class=\"wp-block-heading\">M\u00e1quina desplumadora de pollos a la venta<\/h2>    <figure class=\"wp-block-table\"><table><tbody><tr><td>Modelo<\/td><td>Capacidad<\/td><td>Fuerza<\/td><td>Tama\u00f1o<\/td><td>Peso<\/td><\/tr><tr><td>TZ-500<\/td><td>1-2 piezas\/lote<\/td><td>0,75 kw<\/td><td>700x620x850mm<\/td><td>80<\/td><\/tr><tr><td>TZ-600<\/td><td>2-3 piezas\/lote<\/td><td>0,75 kw<\/td><td>800x720x900mm<\/td><td>95<\/td><\/tr><\/tbody><\/table><\/figure>    <p class=\"wp-block-paragraph\">Adem\u00e1s, tambi\u00e9n tenemos a la venta una m\u00e1quina desplumadora de pollos grande, y su producci\u00f3n es de 10 unidades por lote. Si necesita esta m\u00e1quina, no dude en contactarnos.<\/p>   <div class=\"wp-block-image\"> <figure class=\"aligncenter size-full\"><img loading=\"lazy\" decoding=\"async\" width=\"720\" height=\"540\" src=\"https:\/\/meat-machine.com\/wp-content\/uploads\/2023\/07\/chicken-plucking-machine-for-sale.webp\" alt=\"Vendo maquina desplumadora de pollos\" class=\"wp-image-446\" title=\"\" srcset=\"https:\/\/meat-machine.com\/wp-content\/uploads\/2023\/07\/chicken-plucking-machine-for-sale.webp 720w, https:\/\/meat-machine.com\/wp-content\/uploads\/2023\/07\/chicken-plucking-machine-for-sale-300x225.webp 300w\" sizes=\"auto, (max-width: 720px) 100vw, 720px\" \/><figcaption class=\"wp-element-caption\">Vendo maquina desplumadora de pollos<\/figcaption><\/figure> <\/div>   <h2 class=\"wp-block-heading\">Tipos de m\u00e1quinas para quitar plumas de pollo<\/h2>    <p class=\"wp-block-paragraph\">Hay diferentes tipos de m\u00e1quinas quitaplumas de pollo disponibles, cada una con sus caracter\u00edsticas y aplicaciones \u00fanicas. Los tipos comunes incluyen:<\/p>    <ul class=\"wp-block-list\"> <li>M\u00e1quinas de cuchillas giratorias: utilice cuchillas giratorias para eliminar r\u00e1pidamente las plumas.<\/li>    <li>M\u00e1quinas para desplumar las plumas con dedos: utilice dedos de goma para arrancar suavemente las plumas.<\/li>    <li>M\u00e1quinas de escaldado y desplumado: combine el escaldado y el desplumado mec\u00e1nico para una eliminaci\u00f3n eficiente de las plumas.<\/li> <\/ul>    <p class=\"wp-block-paragraph\">Nuestra m\u00e1quina es la segunda que no da\u00f1ar\u00e1 al pollo y mantendr\u00e1 la integridad del pollo.<\/p>   <div class=\"wp-block-image\"> <figure class=\"aligncenter size-full\"><img loading=\"lazy\" decoding=\"async\" width=\"720\" height=\"540\" src=\"https:\/\/meat-machine.com\/wp-content\/uploads\/2023\/07\/automatic-chicken-plucker-machine.webp\" alt=\"m\u00e1quina desplumadora de pollos autom\u00e1tica\" class=\"wp-image-443\" title=\"\" srcset=\"https:\/\/meat-machine.com\/wp-content\/uploads\/2023\/07\/automatic-chicken-plucker-machine.webp 720w, https:\/\/meat-machine.com\/wp-content\/uploads\/2023\/07\/automatic-chicken-plucker-machine-300x225.webp 300w\" sizes=\"auto, (max-width: 720px) 100vw, 720px\" \/><figcaption class=\"wp-element-caption\">m\u00e1quina desplumadora de pollos autom\u00e1tica<\/figcaption><\/figure> <\/div>   <h2 class=\"wp-block-heading\">Aplicaciones de la m\u00e1quina desplumadora autom\u00e1tica de pollos<\/h2>    <p class=\"wp-block-paragraph\">La m\u00e1quina desplumadora de pollos autom\u00e1tica tiene una amplia gama de aplicaciones en la industria av\u00edcola. Algunas \u00e1reas clave donde se utilizan estas m\u00e1quinas incluyen:<\/p>    <ul class=\"wp-block-list\"> <li>Plantas de procesamiento de aves: La m\u00e1quina desplumadora autom\u00e1tica de pollos se utiliza ampliamente en plantas de procesamiento de aves para la eliminaci\u00f3n de plumas a gran escala. Estas m\u00e1quinas garantizan un procesamiento eficiente e higi\u00e9nico de los pollos, ahorrando tiempo y mano de obra en comparaci\u00f3n con los m\u00e9todos de desplumado manual.<\/li>    <li>Mataderos de pollos: La eliminaci\u00f3n de plumas es una parte integral del proceso de sacrificio de pollos. Las m\u00e1quinas quitaplumas permiten un desplumado r\u00e1pido y eficaz, lo que contribuye a agilizar las operaciones y satisfacer las demandas del procesamiento de gran volumen.<\/li>    <li>Granjas av\u00edcolas: La m\u00e1quina desplumadora autom\u00e1tica de pollos se adopta cada vez m\u00e1s en las granjas av\u00edcolas, especialmente en aquellas con un n\u00famero significativo de pollos. Las granjas pueden procesar sus pollos in situ, garantizando la frescura y reduciendo los costos de transporte.<\/li>    <li>Instalaciones de procesamiento de alimentos: la m\u00e1quina desplumadora de pollos autom\u00e1tica desempe\u00f1a un papel vital en las instalaciones de procesamiento de alimentos que se especializan en productos de pollo. Estas m\u00e1quinas ayudan a mantener la calidad del producto al garantizar una eliminaci\u00f3n completa de las plumas, lo que da como resultado una carne de ave limpia y presentable.<\/li> <\/ul>   <div class=\"wp-block-image\"> <figure class=\"aligncenter size-full\"><img loading=\"lazy\" decoding=\"async\" width=\"720\" height=\"540\" src=\"https:\/\/meat-machine.com\/wp-content\/uploads\/2023\/07\/application-of-the-machine.webp\" alt=\"aplicaci\u00f3n de la m\u00e1quina\" class=\"wp-image-442\" title=\"\" srcset=\"https:\/\/meat-machine.com\/wp-content\/uploads\/2023\/07\/application-of-the-machine.webp 720w, https:\/\/meat-machine.com\/wp-content\/uploads\/2023\/07\/application-of-the-machine-300x225.webp 300w\" sizes=\"auto, (max-width: 720px) 100vw, 720px\" \/><figcaption class=\"wp-element-caption\">aplicaci\u00f3n de la m\u00e1quina<\/figcaption><\/figure> <\/div>   <h2 class=\"wp-block-heading\">\u00bfPor qu\u00e9 utilizar una desplumadora de pollos para quitar las plumas de pollo?<\/h2>    <p class=\"wp-block-paragraph\">En el procesamiento de aves, el tiempo es esencial. Con una m\u00e1quina de eliminaci\u00f3n de plumas de pollo, el tiempo de procesamiento se reduce significativamente, lo que permite un rendimiento m\u00e1s r\u00e1pido y una mayor eficiencia. Adem\u00e1s, la naturaleza automatizada de la m\u00e1quina elimina la variabilidad asociada con la eliminaci\u00f3n manual de plumas, lo que garantiza resultados consistentes y una calidad uniforme del producto.<\/p>    <p class=\"wp-block-paragraph\">Las m\u00e1quinas quitaplumas de pollo priorizan la seguridad del operador. Cuentan con mecanismos de seguridad para prevenir accidentes, como botones de parada de emergencia y fundas protectoras. Adem\u00e1s, las consideraciones de dise\u00f1o ergon\u00f3mico mejoran la comodidad del operador durante el funcionamiento prolongado de la m\u00e1quina.<\/p>   <div class=\"wp-block-image\"> <figure class=\"aligncenter size-full\"><img loading=\"lazy\" decoding=\"async\" width=\"720\" height=\"540\" src=\"https:\/\/meat-machine.com\/wp-content\/uploads\/2023\/07\/customized-chicken-feather-plucking-machine.webp\" alt=\"M\u00e1quina desplumadora de plumas de pollo personalizada\" class=\"wp-image-447\" title=\"\" srcset=\"https:\/\/meat-machine.com\/wp-content\/uploads\/2023\/07\/customized-chicken-feather-plucking-machine.webp 720w, https:\/\/meat-machine.com\/wp-content\/uploads\/2023\/07\/customized-chicken-feather-plucking-machine-300x225.webp 300w\" sizes=\"auto, (max-width: 720px) 100vw, 720px\" \/><figcaption class=\"wp-element-caption\">M\u00e1quina desplumadora de plumas de pollo personalizada<\/figcaption><\/figure> <\/div>   <h2 class=\"wp-block-heading\">\u00bfD\u00f3nde comprar una m\u00e1quina para quitar plumas de pollo?<\/h2>    <ul class=\"wp-block-list\"> <li>Fabricantes de equipos para aves de corral: muchos fabricantes se especializan en la producci\u00f3n de equipos para el procesamiento de aves de corral, como la maquinaria para carne Taizy. Ofrecemos una amplia gama de equipos de procesamiento de pollo, como <a href=\"https:\/\/meat-machine.com\/es\/producto\/maquina-automatica-de-corte-de-pollo\/\">M\u00e1quina cortadora de pollo<\/a>, <a href=\"https:\/\/meat-machine.com\/es\/producto\/linea-de-procesamiento-de-patas-de-pollo\/\">M\u00e1quina procesadora de patas de pollo<\/a>arena <a href=\"https:\/\/meat-machine.com\/es\/producto\/maquina-ahumadora-de-carne\/\">M\u00e1quina ahumadora para pollo<\/a>, etc.<\/li>    <li>Minoristas de equipos industriales en l\u00ednea: numerosos minoristas en l\u00ednea se especializan en la venta de equipos y maquinaria industriales. Sitios web como <a href=\"https:\/\/en.wikipedia.org\/wiki\/Alibaba_Group\" target=\"_blank\" rel=\"noopener\">Alibaba<\/a>, Amazon y eBay suelen tener una amplia gama de m\u00e1quinas quitaplumas de pollo disponibles para su compra. Puede explorar sus listados, comparar precios y leer opiniones de clientes para tomar una decisi\u00f3n informada.<\/li>    <li>Empresas de suministros agr\u00edcolas: las empresas de suministros agr\u00edcolas locales o regionales pueden tener equipos de procesamiento de aves, incluidas m\u00e1quinas para quitar plumas de pollo. Estas empresas satisfacen las necesidades de los agricultores, los procesadores av\u00edcolas y las instalaciones de procesamiento de alimentos. Puede buscar este tipo de empresas en su \u00e1rea y contactarlas para consultar sobre la disponibilidad de m\u00e1quinas quitaplumas de pollo.<\/li> <\/ul>","protected":false},"excerpt":{"rendered":"<p>A chicken feather removal machine is a device used to remove feathers from chickens, particularly poultry chickens. It is commonly used in poultry farming and meat processing industries. How Does a Chicken Feather Removal Machine Work? Many people want to know how are chicken feathers removed, and then we will explain to you.A chicken feather [&hellip;]<\/p>\n","protected":false},"author":1,"featured_media":445,"parent":0,"template":"","tags":[30],"product-type":[4],"class_list":["post-441","product","type-product","status-publish","has-post-thumbnail","hentry","tag-chicken-feather-removal-machine","product-type-meat-grinder"],"_links":{"self":[{"href":"https:\/\/meat-machine.com\/es\/wp-json\/wp\/v2\/product\/441","targetHints":{"allow":["GET"]}}],"collection":[{"href":"https:\/\/meat-machine.com\/es\/wp-json\/wp\/v2\/product"}],"about":[{"href":"https:\/\/meat-machine.com\/es\/wp-json\/wp\/v2\/types\/product"}],"author":[{"embeddable":true,"href":"https:\/\/meat-machine.com\/es\/wp-json\/wp\/v2\/users\/1"}],"wp:featuredmedia":[{"embeddable":true,"href":"https:\/\/meat-machine.com\/es\/wp-json\/wp\/v2\/media\/445"}],"wp:attachment":[{"href":"https:\/\/meat-machine.com\/es\/wp-json\/wp\/v2\/media?parent=441"}],"wp:term":[{"taxonomy":"post_tag","embeddable":true,"href":"https:\/\/meat-machine.com\/es\/wp-json\/wp\/v2\/tags?post=441"},{"taxonomy":"product-type","embeddable":true,"href":"https:\/\/meat-machine.com\/es\/wp-json\/wp\/v2\/product-type?post=441"}],"curies":[{"name":"wp","href":"https:\/\/api.w.org\/{rel}","templated":true}]}}