{"id":421,"date":"2023-06-16T15:06:48","date_gmt":"2023-06-16T07:06:48","guid":{"rendered":"https:\/\/meat-machine.com\/?post_type=product&#038;p=421"},"modified":"2023-06-16T15:06:51","modified_gmt":"2023-06-16T07:06:51","slug":"maquina-de-mezclado-de-carne","status":"publish","type":"product","link":"https:\/\/meat-machine.com\/es\/product\/meat-tumbler-machine\/","title":{"rendered":"M\u00e1quina volteadora de carne | M\u00e1quina comercial de vaso al vac\u00edo"},"content":{"rendered":"<div class=\"kk-star-ratings kksr-auto kksr-align-left kksr-valign-top\"     data-payload='{&quot;align&quot;:&quot;left&quot;,&quot;id&quot;:&quot;421&quot;,&quot;slug&quot;:&quot;default&quot;,&quot;valign&quot;:&quot;top&quot;,&quot;ignore&quot;:&quot;&quot;,&quot;reference&quot;:&quot;auto&quot;,&quot;class&quot;:&quot;&quot;,&quot;count&quot;:&quot;29&quot;,&quot;legendonly&quot;:&quot;&quot;,&quot;readonly&quot;:&quot;&quot;,&quot;score&quot;:&quot;4.8&quot;,&quot;starsonly&quot;:&quot;&quot;,&quot;best&quot;:&quot;5&quot;,&quot;gap&quot;:&quot;5&quot;,&quot;greet&quot;:&quot;Rate this product&quot;,&quot;legend&quot;:&quot;4.8\\\/5 - (29 votos)&quot;,&quot;size&quot;:&quot;24&quot;,&quot;title&quot;:&quot;Meat Tumbler Machine | Commercial Vacuum Tumbler Machine&quot;,&quot;width&quot;:&quot;136.7&quot;,&quot;_legend&quot;:&quot;{score}\\\/{best} - ({count} {votes})&quot;,&quot;font_factor&quot;:&quot;1.25&quot;}'>              <div class=\"kksr-stars\">      <div class=\"kksr-stars-inactive\">             <div class=\"kksr-star\" data-star=\"1\" style=\"padding-right: 5px\">               <div class=\"kksr-icon\" style=\"width: 24px; height: 24px;\"><\/div>         <\/div>             <div class=\"kksr-star\" data-star=\"2\" style=\"padding-right: 5px\">               <div class=\"kksr-icon\" style=\"width: 24px; height: 24px;\"><\/div>         <\/div>             <div class=\"kksr-star\" data-star=\"3\" style=\"padding-right: 5px\">               <div class=\"kksr-icon\" style=\"width: 24px; height: 24px;\"><\/div>         <\/div>             <div class=\"kksr-star\" data-star=\"4\" style=\"padding-right: 5px\">               <div class=\"kksr-icon\" style=\"width: 24px; height: 24px;\"><\/div>         <\/div>             <div class=\"kksr-star\" data-star=\"5\" style=\"padding-right: 5px\">               <div class=\"kksr-icon\" style=\"width: 24px; height: 24px;\"><\/div>         <\/div>     <\/div>      <div class=\"kksr-stars-active\" style=\"width: 136.7px;\">             <div class=\"kksr-star\" style=\"padding-right: 5px\">               <div class=\"kksr-icon\" style=\"width: 24px; height: 24px;\"><\/div>         <\/div>             <div class=\"kksr-star\" style=\"padding-right: 5px\">               <div class=\"kksr-icon\" style=\"width: 24px; height: 24px;\"><\/div>         <\/div>             <div class=\"kksr-star\" style=\"padding-right: 5px\">               <div class=\"kksr-icon\" style=\"width: 24px; height: 24px;\"><\/div>         <\/div>             <div class=\"kksr-star\" style=\"padding-right: 5px\">               <div class=\"kksr-icon\" style=\"width: 24px; height: 24px;\"><\/div>         <\/div>             <div class=\"kksr-star\" style=\"padding-right: 5px\">               <div class=\"kksr-icon\" style=\"width: 24px; height: 24px;\"><\/div>         <\/div>     <\/div> <\/div>                   <div class=\"kksr-legend\" style=\"font-size: 19.2px;\">             4,8\/5 - (29 votos)    <\/div>     <\/div>  <p class=\"wp-block-paragraph\">Una m\u00e1quina volteadora de carne, tambi\u00e9n conocida como m\u00e1quina volteadora al vac\u00edo o marinadora volteadora de carne, es un dispositivo utilizado en la industria alimentaria para mejorar el sabor, la textura y la ternura de la carne. Se utiliza com\u00fanmente en instalaciones procesadoras de carne, carnicer\u00edas y restaurantes.<\/p>    <p class=\"wp-block-paragraph\">La m\u00e1quina consta de un gran tambor o barril giratorio donde se coloca la carne. El tambor est\u00e1 sellado y una bomba de vac\u00edo crea un vac\u00edo en el interior, eliminando el aire. El vac\u00edo ayuda a aumentar la penetraci\u00f3n de adobos o condimentos en la carne, lo que mejora el sabor y la jugosidad.<\/p>   <div class=\"wp-block-image\"> <figure class=\"aligncenter size-full\"><img loading=\"lazy\" decoding=\"async\" width=\"720\" height=\"540\" src=\"https:\/\/meat-machine.com\/wp-content\/uploads\/2023\/06\/vacuum-tumbler-machine.webp\" alt=\"m\u00e1quina de vaso de vac\u00edo\" class=\"wp-image-429\" title=\"\" srcset=\"https:\/\/meat-machine.com\/wp-content\/uploads\/2023\/06\/vacuum-tumbler-machine.webp 720w, https:\/\/meat-machine.com\/wp-content\/uploads\/2023\/06\/vacuum-tumbler-machine-300x225.webp 300w\" sizes=\"auto, (max-width: 720px) 100vw, 720px\" \/><figcaption class=\"wp-element-caption\">m\u00e1quina de vaso de vac\u00edo<\/figcaption><\/figure> <\/div>   <h2 class=\"wp-block-heading\">\u00bfC\u00f3mo funciona una m\u00e1quina volcadora de carne?<\/h2>    <p class=\"wp-block-paragraph translation-block\">Las m\u00e1quinas de tambor para carne, como las fabricadas por <a href=\"https:\/\/meat-machine.com\/es\/\">Taizy Meat Machinery<\/a>, emplean un proceso innovador para marinar y ablandar la carne. La m\u00e1quina cuenta con un gran tambor giratorio con palas internas que masajean suavemente la carne mientras se encuentra bajo condiciones de vac\u00edo. Esta acci\u00f3n de tambor ayuda a que la marinada penetre profundamente en las fibras de la carne, lo que resulta en un sabor mejorado, una mayor ternura y un tiempo de procesamiento reducido.<\/p>   <div class=\"wp-block-image\"> <figure class=\"aligncenter size-full\"><img loading=\"lazy\" decoding=\"async\" width=\"720\" height=\"540\" src=\"https:\/\/meat-machine.com\/wp-content\/uploads\/2023\/06\/working-process-of-vacuum-tumber-machine.webp\" alt=\"proceso de trabajo de la m\u00e1quina de tambor al vac\u00edo\" class=\"wp-image-430\" title=\"\" srcset=\"https:\/\/meat-machine.com\/wp-content\/uploads\/2023\/06\/working-process-of-vacuum-tumber-machine.webp 720w, https:\/\/meat-machine.com\/wp-content\/uploads\/2023\/06\/working-process-of-vacuum-tumber-machine-300x225.webp 300w\" sizes=\"auto, (max-width: 720px) 100vw, 720px\" \/><figcaption class=\"wp-element-caption\">proceso de trabajo de la m\u00e1quina de tambor al vac\u00edo<\/figcaption><\/figure> <\/div>   <h2 class=\"wp-block-heading\">Los par\u00e1metros de la m\u00e1quina secadora al vac\u00edo comercial<\/h2>    <figure class=\"wp-block-table\"><table><tbody><tr><td>Modelo<\/td><td>Dimensiones (mm)<\/td><td>Longitud del cuerpo (mm)<\/td><td>Di\u00e1metros del cuerpo (mm)<\/td><td>Potencia (kilovatios)<\/td><\/tr><tr><td>TZ-100L<\/td><td>1130*712*1100<\/td><td>600<\/td><td>600<\/td><td>1.5<\/td><\/tr><tr><td>TZ-200L<\/td><td>1450*800*1450<\/td><td>620<\/td><td>900<\/td><td>2.25<\/td><\/tr><tr><td>TZ-500L<\/td><td>2000*1000*1550<\/td><td>1000<\/td><td>1000<\/td><td>2.95<\/td><\/tr><tr><td>TZ-800L<\/td><td>2600*1200*1800<\/td><td>1240<\/td><td>1200<\/td><td>4.5<\/td><\/tr><tr><td>TZ-1000L<\/td><td>3100*1350*1950<\/td><td>1500<\/td><td>1200<\/td><td>5.5<\/td><\/tr><\/tbody><\/table><\/figure>    <p class=\"wp-block-paragraph\">Adem\u00e1s de estos modelos de m\u00e1quinas, tambi\u00e9n disponemos de TZ-50, TZ-300, TZ-600 y TZ-1200. Si necesita esta m\u00e1quina, no dude en contactarnos.<\/p>   <div class=\"wp-block-image\"> <figure class=\"aligncenter size-full\"><img loading=\"lazy\" decoding=\"async\" width=\"720\" height=\"540\" src=\"https:\/\/meat-machine.com\/wp-content\/uploads\/2023\/06\/meat-vacuum-tumbler-manufacturers.webp\" alt=\"fabricantes de vasos al vac\u00edo para carne\" class=\"wp-image-427\" title=\"\" srcset=\"https:\/\/meat-machine.com\/wp-content\/uploads\/2023\/06\/meat-vacuum-tumbler-manufacturers.webp 720w, https:\/\/meat-machine.com\/wp-content\/uploads\/2023\/06\/meat-vacuum-tumbler-manufacturers-300x225.webp 300w\" sizes=\"auto, (max-width: 720px) 100vw, 720px\" \/><figcaption class=\"wp-element-caption\">fabricantes de vasos al vac\u00edo para carne<\/figcaption><\/figure> <\/div>   <h2 class=\"wp-block-heading\">Aplicaciones de la m\u00e1quina secadora al vac\u00edo comercial<\/h2>    <p class=\"wp-block-paragraph translation-block\">La versatilidad de las m\u00e1quinas de tambor de carne comerciales las convierte en activos valiosos en varios sectores de la industria c\u00e1rnica. Ya sea que usted sea una peque\u00f1a carnicer\u00eda, un procesador de carne a gran escala o un propietario de restaurante, estas m\u00e1quinas pueden mejorar significativamente sus operaciones de procesamiento de carne. Las m\u00e1quinas de tambor al vac\u00edo comerciales se utilizan ampliamente para marinar diferentes tipos de carne, incluyendo carne de res, <a href=\"https:\/\/en.wikipedia.org\/wiki\/Pork\" target=\"_blank\" rel=\"noopener\">cerdo<\/a>, aves de corral y mariscos. Adem\u00e1s, son fundamentales para mejorar la textura y apariencia de los productos c\u00e1rnicos procesados, como salchichas, jam\u00f3n y tocino. <\/p>   <div class=\"wp-block-image\"> <figure class=\"aligncenter size-full\"><img loading=\"lazy\" decoding=\"async\" width=\"720\" height=\"540\" src=\"https:\/\/meat-machine.com\/wp-content\/uploads\/2023\/06\/finished-products.webp\" alt=\"productos terminados\" class=\"wp-image-424\" title=\"\" srcset=\"https:\/\/meat-machine.com\/wp-content\/uploads\/2023\/06\/finished-products.webp 720w, https:\/\/meat-machine.com\/wp-content\/uploads\/2023\/06\/finished-products-300x225.webp 300w\" sizes=\"auto, (max-width: 720px) 100vw, 720px\" \/><figcaption class=\"wp-element-caption\">productos terminados<\/figcaption><\/figure> <\/div>   <h2 class=\"wp-block-heading\">Ventajas de la m\u00e1quina volcadora de carne<\/h2>    <p class=\"wp-block-paragraph\">Invertir en una m\u00e1quina secadora al vac\u00edo comercial ofrece varias ventajas para los procesadores de carne.<\/p>    <ol class=\"wp-block-list\"> <li>En primer lugar, el proceso de volteo mejora el perfil de sabor de la carne al garantizar que la marinada se distribuya uniformemente por todo el producto. Esto da como resultado un sabor y una ternura constantes, que satisfacen incluso los paladares m\u00e1s exigentes.<\/li>    <li>En segundo lugar, el ambiente de vac\u00edo dentro del vaso acelera el proceso de marinado, lo que reduce el tiempo total de procesamiento y aumenta la eficiencia de la producci\u00f3n.<\/li>    <li>Adem\u00e1s, la acci\u00f3n mec\u00e1nica del tambor promueve una mejor extracci\u00f3n de prote\u00ednas, lo que resulta en una mejor retenci\u00f3n de agua y jugosidad de la carne.<\/li>    <li>Por \u00faltimo, el uso de una m\u00e1quina secadora de carne comercial ayuda a reducir la necesidad de aditivos excesivos, ya que la acci\u00f3n de rotaci\u00f3n maximiza la efectividad de la marinada con una cantidad reducida.<\/li> <\/ol>   <div class=\"wp-block-image\"> <figure class=\"aligncenter size-full\"><img loading=\"lazy\" decoding=\"async\" width=\"720\" height=\"540\" src=\"https:\/\/meat-machine.com\/wp-content\/uploads\/2023\/06\/meat-tumbler-marinator.webp\" alt=\"marinador de carne\" class=\"wp-image-426\" title=\"\" srcset=\"https:\/\/meat-machine.com\/wp-content\/uploads\/2023\/06\/meat-tumbler-marinator.webp 720w, https:\/\/meat-machine.com\/wp-content\/uploads\/2023\/06\/meat-tumbler-marinator-300x225.webp 300w\" sizes=\"auto, (max-width: 720px) 100vw, 720px\" \/><figcaption class=\"wp-element-caption\">marinador de carne<\/figcaption><\/figure> <\/div>   <h2 class=\"wp-block-heading\">D\u00f3nde comprar una m\u00e1quina secadora de carne al vac\u00edo<\/h2>    <p class=\"wp-block-paragraph\">Cuando se trata de comprar un vaso al vac\u00edo comercial, es esencial elegir un fabricante confiable y de buena reputaci\u00f3n. Taizy Meat Machinery es un fabricante de maquinaria c\u00e1rnica profesional y reconocido con presencia global. Con m\u00e1s de 10 a\u00f1os de experiencia, Taizy ha exportado sus m\u00e1quinas a m\u00e1s de 20 pa\u00edses y regiones de todo el mundo. <\/p>    <p class=\"wp-block-paragraph translation-block\">La empresa ofrece una amplia gama de m\u00e1quinas de tambor de carne al vac\u00edo de alta calidad, incluidos los modelos populares para aplicaciones comerciales. Adem\u00e1s, tenemos muchas m\u00e1quinas de procesamiento de carne como <a href=\"https:\/\/meat-machine.com\/es\/producto\/maquina-ahumadora-de-carne\/\">m\u00e1quinas para ahumar carne<\/a>, <a href=\"https:\/\/meat-machine.com\/es\/producto\/maquina-picadora-de-carne-comercial\/\">m\u00e1quinas picadoras de carne<\/a> y <a href=\"https:\/\/meat-machine.com\/es\/producto\/maquina-automatica-de-corte-de-pollo\/\">m\u00e1quinas de corte de carne<\/a> a la venta.<\/p>    <div class=\"wp-block-columns is-layout-flex wp-container-core-columns-is-layout-8f761849 wp-block-columns-is-layout-flex\"> <div class=\"wp-block-column is-layout-flow wp-block-column-is-layout-flow\"> <figure class=\"wp-block-image size-full\"><img loading=\"lazy\" decoding=\"async\" width=\"720\" height=\"540\" src=\"https:\/\/meat-machine.com\/wp-content\/uploads\/2022\/09\/meat-cutting-equipment.webp\" alt=\"equipo de corte de carne\" class=\"wp-image-44\" title=\"\" srcset=\"https:\/\/meat-machine.com\/wp-content\/uploads\/2022\/09\/meat-cutting-equipment.webp 720w, https:\/\/meat-machine.com\/wp-content\/uploads\/2022\/09\/meat-cutting-equipment-300x225.webp 300w\" sizes=\"auto, (max-width: 720px) 100vw, 720px\" \/><figcaption class=\"wp-element-caption\">Equipo de corte de carne<\/figcaption><\/figure> <\/div>    <div class=\"wp-block-column is-layout-flow wp-block-column-is-layout-flow\"> <figure class=\"wp-block-image size-full\"><img loading=\"lazy\" decoding=\"async\" width=\"720\" height=\"540\" src=\"https:\/\/meat-machine.com\/wp-content\/uploads\/2023\/03\/meat-smoker-machine-for-sale.webp\" alt=\"Vendo m\u00e1quina ahumadora de carne\" class=\"wp-image-375\" title=\"\" srcset=\"https:\/\/meat-machine.com\/wp-content\/uploads\/2023\/03\/meat-smoker-machine-for-sale.webp 720w, https:\/\/meat-machine.com\/wp-content\/uploads\/2023\/03\/meat-smoker-machine-for-sale-300x225.webp 300w\" sizes=\"auto, (max-width: 720px) 100vw, 720px\" \/><figcaption class=\"wp-element-caption\">M\u00e1quina ahumadora de carne a la venta<\/figcaption><\/figure> <\/div> <\/div>    <p class=\"wp-block-paragraph\">El marinador de carne comercial desempe\u00f1a un papel vital en la industria procesadora de carne, ya que proporciona una soluci\u00f3n eficiente y eficaz para marinar y ablandar la carne. Su capacidad para realzar el sabor, reducir el tiempo de procesamiento y mejorar la calidad general del producto los hace indispensables para los procesadores de carne tanto a peque\u00f1a como a gran escala. Si est\u00e1 buscando invertir en una m\u00e1quina volteadora de carne, considere a Taizy Meat Machinery como su socio de confianza. Haremos todo lo posible para ayudarle.<\/p>","protected":false},"excerpt":{"rendered":"<p>A meat tumbler machine, also known as a vacuum tumbler machine or meat tumbler marinator, is a device used in the food industry to enhance the flavor, texture, and tenderness of the meat. It is commonly used in meat processing facilities, butcher shops, and restaurants. The machine consists of a large rotating drum or barrel [&hellip;]<\/p>\n","protected":false},"author":1,"featured_media":423,"parent":0,"template":"","tags":[29],"product-type":[4],"class_list":["post-421","product","type-product","status-publish","has-post-thumbnail","hentry","tag-meat-tumbler-machine","product-type-meat-grinder"],"_links":{"self":[{"href":"https:\/\/meat-machine.com\/es\/wp-json\/wp\/v2\/product\/421","targetHints":{"allow":["GET"]}}],"collection":[{"href":"https:\/\/meat-machine.com\/es\/wp-json\/wp\/v2\/product"}],"about":[{"href":"https:\/\/meat-machine.com\/es\/wp-json\/wp\/v2\/types\/product"}],"author":[{"embeddable":true,"href":"https:\/\/meat-machine.com\/es\/wp-json\/wp\/v2\/users\/1"}],"wp:featuredmedia":[{"embeddable":true,"href":"https:\/\/meat-machine.com\/es\/wp-json\/wp\/v2\/media\/423"}],"wp:attachment":[{"href":"https:\/\/meat-machine.com\/es\/wp-json\/wp\/v2\/media?parent=421"}],"wp:term":[{"taxonomy":"post_tag","embeddable":true,"href":"https:\/\/meat-machine.com\/es\/wp-json\/wp\/v2\/tags?post=421"},{"taxonomy":"product-type","embeddable":true,"href":"https:\/\/meat-machine.com\/es\/wp-json\/wp\/v2\/product-type?post=421"}],"curies":[{"name":"wp","href":"https:\/\/api.w.org\/{rel}","templated":true}]}}