{"id":399,"date":"2023-04-07T11:41:27","date_gmt":"2023-04-07T03:41:27","guid":{"rendered":"https:\/\/meat-machine.com\/?post_type=product&#038;p=399"},"modified":"2025-06-24T18:29:58","modified_gmt":"2025-06-24T10:29:58","slug":"maquina-clasificadora-de-huevos","status":"publish","type":"product","link":"https:\/\/meat-machine.com\/es\/product\/egg-grader-machine\/","title":{"rendered":"M\u00e1quina clasificadora de huevos | Sistema eficiente de clasificaci\u00f3n de huevos"},"content":{"rendered":"<div class=\"kk-star-ratings kksr-auto kksr-align-left kksr-valign-top\"     data-payload='{&quot;align&quot;:&quot;left&quot;,&quot;id&quot;:&quot;399&quot;,&quot;slug&quot;:&quot;default&quot;,&quot;valign&quot;:&quot;top&quot;,&quot;ignore&quot;:&quot;&quot;,&quot;reference&quot;:&quot;auto&quot;,&quot;class&quot;:&quot;&quot;,&quot;count&quot;:&quot;14&quot;,&quot;legendonly&quot;:&quot;&quot;,&quot;readonly&quot;:&quot;&quot;,&quot;score&quot;:&quot;4.7&quot;,&quot;starsonly&quot;:&quot;&quot;,&quot;best&quot;:&quot;5&quot;,&quot;gap&quot;:&quot;5&quot;,&quot;greet&quot;:&quot;Rate this product&quot;,&quot;legend&quot;:&quot;4.7\\\/5 - (14 votos)&quot;,&quot;size&quot;:&quot;24&quot;,&quot;title&quot;:&quot;Egg Grader Machine | Efficient Egg Grading System&quot;,&quot;width&quot;:&quot;133.8&quot;,&quot;_legend&quot;:&quot;{score}\\\/{best} - ({count} {votes})&quot;,&quot;font_factor&quot;:&quot;1.25&quot;}'>              <div class=\"kksr-stars\">      <div class=\"kksr-stars-inactive\">             <div class=\"kksr-star\" data-star=\"1\" style=\"padding-right: 5px\">               <div class=\"kksr-icon\" style=\"width: 24px; height: 24px;\"><\/div>         <\/div>             <div class=\"kksr-star\" data-star=\"2\" style=\"padding-right: 5px\">               <div class=\"kksr-icon\" style=\"width: 24px; height: 24px;\"><\/div>         <\/div>             <div class=\"kksr-star\" data-star=\"3\" style=\"padding-right: 5px\">               <div class=\"kksr-icon\" style=\"width: 24px; height: 24px;\"><\/div>         <\/div>             <div class=\"kksr-star\" data-star=\"4\" style=\"padding-right: 5px\">               <div class=\"kksr-icon\" style=\"width: 24px; height: 24px;\"><\/div>         <\/div>             <div class=\"kksr-star\" data-star=\"5\" style=\"padding-right: 5px\">               <div class=\"kksr-icon\" style=\"width: 24px; height: 24px;\"><\/div>         <\/div>     <\/div>      <div class=\"kksr-stars-active\" style=\"width: 133.8px;\">             <div class=\"kksr-star\" style=\"padding-right: 5px\">               <div class=\"kksr-icon\" style=\"width: 24px; height: 24px;\"><\/div>         <\/div>             <div class=\"kksr-star\" style=\"padding-right: 5px\">               <div class=\"kksr-icon\" style=\"width: 24px; height: 24px;\"><\/div>         <\/div>             <div class=\"kksr-star\" style=\"padding-right: 5px\">               <div class=\"kksr-icon\" style=\"width: 24px; height: 24px;\"><\/div>         <\/div>             <div class=\"kksr-star\" style=\"padding-right: 5px\">               <div class=\"kksr-icon\" style=\"width: 24px; height: 24px;\"><\/div>         <\/div>             <div class=\"kksr-star\" style=\"padding-right: 5px\">               <div class=\"kksr-icon\" style=\"width: 24px; height: 24px;\"><\/div>         <\/div>     <\/div> <\/div>                   <div class=\"kksr-legend\" style=\"font-size: 19.2px;\">             4,7\/5 - (14 votos)    <\/div>     <\/div>  <p class=\"wp-block-paragraph\">La m\u00e1quina clasificadora de huevos es un dispositivo de alta eficiencia dise\u00f1ado para clasificar autom\u00e1ticamente los huevos frescos por peso con una precisi\u00f3n notable. Capaz de clasificar de 3,700 a 5,400 huevos por hora, esta m\u00e1quina aumenta significativamente la productividad de las granjas av\u00edcolas, plantas de procesamiento de huevos y instalaciones de envasado de alimentos. <\/p>    <p class=\"wp-block-paragraph\">Soporta m\u00faltiples grados de peso\u2014t\u00edpicamente de 5 a 7 niveles\u2014asegurando una calidad de producto consistente para la distribuci\u00f3n comercial. Construido con una estructura de acero inoxidable y con una baja tasa de rotura de huevos (&lt;0.3%), el clasificador de huevos ofrece tanto durabilidad como un manejo delicado, lo que lo convierte en una opci\u00f3n ideal para las empresas que buscan mejorar la velocidad y uniformidad de la clasificaci\u00f3n de huevos.<\/p>    <figure class=\"wp-block-embed is-type-video is-provider-youtube wp-block-embed-youtube wp-embed-aspect-16-9 wp-has-aspect-ratio\"><div class=\"wp-block-embed__wrapper\"> <iframe loading=\"lazy\" title=\"Aumente su velocidad de clasificaci\u00f3n de huevos con nuestra m\u00e1quina clasificadora de \u00faltima generaci\u00f3n #egg #grading #foodmachine\" width=\"500\" height=\"281\" src=\"https:\/\/www.youtube.com\/embed\/TC5W5L2YfeM?feature=oembed\" frameborder=\"0\" allow=\"accelerometer; autoplay; clipboard-write; encrypted-media; gyroscope; picture-in-picture; web-share\" referrerpolicy=\"strict-origin-when-cross-origin\" allowfullscreen><\/iframe> <\/div><figcaption class=\"wp-element-caption\">Video de trabajo de la m\u00e1quina clasificadora de huevos.<\/figcaption><\/figure>    <h2 class=\"wp-block-heading\"> Beneficios de la m\u00e1quina clasificadora de huevos<\/h2>    <div class=\"wp-block-media-text is-stacked-on-mobile\"><figure class=\"wp-block-media-text__media\"><img loading=\"lazy\" decoding=\"async\" width=\"720\" height=\"540\" src=\"https:\/\/meat-machine.com\/wp-content\/uploads\/2023\/04\/egg-optical-inspection.webp\" alt=\"inspecci\u00f3n \u00f3ptica de huevos\" class=\"wp-image-597 size-full\" title=\"\" srcset=\"https:\/\/meat-machine.com\/wp-content\/uploads\/2023\/04\/egg-optical-inspection.webp 720w, https:\/\/meat-machine.com\/wp-content\/uploads\/2023\/04\/egg-optical-inspection-300x225.webp 300w, https:\/\/meat-machine.com\/wp-content\/uploads\/2023\/04\/egg-optical-inspection-16x12.webp 16w\" sizes=\"auto, (max-width: 720px) 100vw, 720px\" \/><\/figure><div class=\"wp-block-media-text__content\"> <ul class=\"wp-block-list\"> <li><strong>Alta eficiencia<\/strong>. Con una capacidad que oscila entre 3700 y 5400 huevos por hora, la m\u00e1quina mejora significativamente la velocidad y eficiencia de la clasificaci\u00f3n de huevos.<\/li>    <li><strong>Precisi\u00f3n excepcional<\/strong>. Equipada con b\u00e1sculas electr\u00f3nicas y sistemas controlados por computadora, la clasificadora minimiza los errores que se observan com\u00fanmente en la clasificaci\u00f3n manual.<\/li> <\/ul> <\/div><\/div>    <div class=\"wp-block-media-text has-media-on-the-right is-stacked-on-mobile\"><div class=\"wp-block-media-text__content\"> <ul class=\"wp-block-list\"> <li><strong>Calidad del producto mejorada<\/strong>. La funci\u00f3n de inspecci\u00f3n luminosa incorporada detecta huevos rotos y defectuosos, garantizando que solo se clasifiquen huevos de alta calidad.<\/li>    <li><strong>Rotura m\u00ednima<\/strong>. La m\u00e1quina est\u00e1 dise\u00f1ada para un manejo suave, logrando una tasa de rotura cercana a cero.<\/li>    <li><strong>Aplicaciones vers\u00e1tiles<\/strong>. Adecuado para clasificar varios tipos de huevos, incluidos huevos de pato, ganso, codorniz y otros huevos especiales.<\/li> <\/ul> <\/div><figure class=\"wp-block-media-text__media\"><img loading=\"lazy\" decoding=\"async\" width=\"720\" height=\"540\" src=\"https:\/\/meat-machine.com\/wp-content\/uploads\/2023\/04\/hot-sale-egg-grading-equipment.webp\" alt=\"Venta caliente de equipos de clasificaci\u00f3n de huevos.\" class=\"wp-image-403 size-full\" title=\"\" srcset=\"https:\/\/meat-machine.com\/wp-content\/uploads\/2023\/04\/hot-sale-egg-grading-equipment.webp 720w, https:\/\/meat-machine.com\/wp-content\/uploads\/2023\/04\/hot-sale-egg-grading-equipment-300x225.webp 300w\" sizes=\"auto, (max-width: 720px) 100vw, 720px\" \/><\/figure><\/div>    <h2 class=\"wp-block-heading\">Par\u00e1metros t\u00e9cnicos del equipo de clasificaci\u00f3n de huevos.<\/h2>    <figure class=\"wp-block-table\"><table class=\"has-fixed-layout\"><tbody><tr><td>Modelo<\/td><td>TZ-3700<\/td><td>TZ-4000<\/td><td>TZ-5400<\/td><\/tr><tr><td>Capacidad (piezas\/h)<\/td><td>3700<\/td><td>4000<\/td><td>5400<\/td><\/tr><tr><td>Potencia (kilovatios)<\/td><td>5<\/td><td>7<\/td><td>5<\/td><\/tr><tr><td>Tama\u00f1o (mm)<\/td><td>1400x1600x1000<\/td><td>1700x1450x1000<\/td><td>1800x1600x1000<\/td><\/tr><tr><td>Los grados<\/td><td>7<\/td><td>7<\/td><td>5<\/td><\/tr><tr><td>Voltaje(v)<\/td><td>220<\/td><td>220<\/td><td>220<\/td><\/tr><\/tbody><\/table><figcaption class=\"wp-element-caption\">Par\u00e1metros de la m\u00e1quina clasificadora de bandejas de huevos<\/figcaption><\/figure>    <p class=\"wp-block-paragraph translation-block\">Como se puede ver en la tabla, tenemos m\u00e1quinas de clasificaci\u00f3n de huevos a gran escala y <a href=\"https:\/\/meat-machine.com\/es\/info\/clasificador-de-huevos-taizy-en-venta-en-irlanda\/\">m\u00e1quinas de clasificaci\u00f3n de huevos a peque\u00f1a escala en venta<\/a>. En Taizy Machinery, la capacidad de nuestro clasificador de huevos es de 3,700 a 5,400 huevos\/h.<\/p>    <p class=\"wp-block-paragraph\">El tama\u00f1o y el peso son diferentes para los diferentes modelos. Si desea saber m\u00e1s sobre esta m\u00e1quina, cont\u00e1ctenos.<\/p>   <div class=\"wp-block-image\"> <figure class=\"aligncenter size-full\"><img loading=\"lazy\" decoding=\"async\" width=\"720\" height=\"540\" src=\"https:\/\/meat-machine.com\/wp-content\/uploads\/2023\/04\/our-factory-1.webp\" alt=\"diferentes modelos de m\u00e1quinas de clasificaci\u00f3n de huevos en venta\" class=\"wp-image-599\" title=\"\" srcset=\"https:\/\/meat-machine.com\/wp-content\/uploads\/2023\/04\/our-factory-1.webp 720w, https:\/\/meat-machine.com\/wp-content\/uploads\/2023\/04\/our-factory-1-300x225.webp 300w, https:\/\/meat-machine.com\/wp-content\/uploads\/2023\/04\/our-factory-1-16x12.webp 16w\" sizes=\"auto, (max-width: 720px) 100vw, 720px\" \/><figcaption class=\"wp-element-caption\">Se venden diferentes modelos de clasificadoras de huevos.<\/figcaption><\/figure> <\/div>   <h2 class=\"wp-block-heading\">M\u00e1quina clasificadora de huevos a peque\u00f1a escala<\/h2>    <div class=\"wp-block-media-text is-stacked-on-mobile\"><figure class=\"wp-block-media-text__media\"><img loading=\"lazy\" decoding=\"async\" width=\"720\" height=\"540\" src=\"https:\/\/meat-machine.com\/wp-content\/uploads\/2023\/04\/small-scale-egg-grading-machine.webp\" alt=\"clasificadora de huevos a peque\u00f1a escala\" class=\"wp-image-408 size-full\" title=\"\" srcset=\"https:\/\/meat-machine.com\/wp-content\/uploads\/2023\/04\/small-scale-egg-grading-machine.webp 720w, https:\/\/meat-machine.com\/wp-content\/uploads\/2023\/04\/small-scale-egg-grading-machine-300x225.webp 300w\" sizes=\"auto, (max-width: 720px) 100vw, 720px\" \/><\/figure><div class=\"wp-block-media-text__content\"> <ul class=\"wp-block-list\"> <li><strong>Capacidad de procesamiento<\/strong>. Maneja hasta 3,700 huevos por hora, ideal para operaciones a peque\u00f1a escala.<\/li>    <li><strong>Aplicaciones adecuadas<\/strong>. Perfecto para peque\u00f1as explotaciones y explotaciones familiares.<\/li>    <li><strong>Requisitos laborales<\/strong>. Menos automatizaci\u00f3n significa que se necesita m\u00e1s participaci\u00f3n manual.<\/li>    <li><strong>Opci\u00f3n rentable<\/strong>. Una gran opci\u00f3n para aquellos con un presupuesto limitado.<\/li>    <li><strong>Dise\u00f1o compacto<\/strong>. Dise\u00f1ado para satisfacer las necesidades de entornos de producci\u00f3n de menor escala.<\/li> <\/ul> <\/div><\/div>    <h2 class=\"wp-block-heading\">M\u00e1quina clasificadora de huevos a gran escala<\/h2>    <div class=\"wp-block-media-text has-media-on-the-right is-stacked-on-mobile\"><div class=\"wp-block-media-text__content\"> <ul class=\"wp-block-list\"> <li><strong>Alta capacidad<\/strong>. Capaz de clasificar hasta 5,400 huevos por hora, adecuado para operaciones a gran escala.<\/li>    <li><strong>Recomendado para grandes producciones.<\/strong>. Para capacidades superiores a 10.000 huevos por hora, se recomienda una l\u00ednea completa de procesamiento de huevos.<\/li>    <li><strong>Procesamiento integral<\/strong>. Incluye funciones como limpieza de huevos, clasificaci\u00f3n, inspecci\u00f3n \u00f3ptica y pulverizaci\u00f3n de aceite.<\/li> <\/ul> <\/div><figure class=\"wp-block-media-text__media\"><img loading=\"lazy\" decoding=\"async\" width=\"720\" height=\"540\" src=\"https:\/\/meat-machine.com\/wp-content\/uploads\/2023\/04\/large-scale-egg-grader-machine.webp\" alt=\"m\u00e1quina clasificadora de huevos a gran escala\" class=\"wp-image-404 size-full\" title=\"\" srcset=\"https:\/\/meat-machine.com\/wp-content\/uploads\/2023\/04\/large-scale-egg-grader-machine.webp 720w, https:\/\/meat-machine.com\/wp-content\/uploads\/2023\/04\/large-scale-egg-grader-machine-300x225.webp 300w\" sizes=\"auto, (max-width: 720px) 100vw, 720px\" \/><\/figure><\/div>    <div class=\"wp-block-media-text is-stacked-on-mobile\"><figure class=\"wp-block-media-text__media\"><img loading=\"lazy\" decoding=\"async\" width=\"720\" height=\"540\" src=\"https:\/\/meat-machine.com\/wp-content\/uploads\/2023\/04\/egg-grading-machine-for-sale.webp\" alt=\"m\u00e1quina de clasificaci\u00f3n de huevos en venta\" class=\"wp-image-820 size-full\" title=\"\" srcset=\"https:\/\/meat-machine.com\/wp-content\/uploads\/2023\/04\/egg-grading-machine-for-sale.webp 720w, https:\/\/meat-machine.com\/wp-content\/uploads\/2023\/04\/egg-grading-machine-for-sale-300x225.webp 300w, https:\/\/meat-machine.com\/wp-content\/uploads\/2023\/04\/egg-grading-machine-for-sale-16x12.webp 16w\" sizes=\"auto, (max-width: 720px) 100vw, 720px\" \/><\/figure><div class=\"wp-block-media-text__content\"> <ul class=\"wp-block-list\"> <li><strong>Eficiencia mejorada<\/strong>. Dise\u00f1ado para agilizar la producci\u00f3n de huevos a gran escala con alta automatizaci\u00f3n.<\/li>    <li><strong>\u00d3ptimo para uso comercial<\/strong>. Ideal para plantas procesadoras de huevos y grandes granjas av\u00edcolas.<\/li> <\/ul> <\/div><\/div>    <h2 class=\"wp-block-heading\">\u00bfC\u00f3mo funciona una m\u00e1quina clasificadora de huevos?<\/h2>    <div class=\"wp-block-media-text has-media-on-the-right is-stacked-on-mobile\"><div class=\"wp-block-media-text__content\"> <ul class=\"wp-block-list\"> <li><strong>Colocaci\u00f3n de huevos<\/strong>. Los huevos se colocan en la cinta transportadora para comenzar el proceso de clasificaci\u00f3n.<\/li>    <li><strong>Peso<\/strong>. La cinta transportadora transfiere los huevos a una balanza electr\u00f3nica, que mide con precisi\u00f3n su peso.<\/li>    <li><strong>Transmisi\u00f3n de datos<\/strong>. Los datos de peso se env\u00edan al sistema de control por computadora.<\/li> <\/ul> <\/div><figure class=\"wp-block-media-text__media\"><img loading=\"lazy\" decoding=\"async\" width=\"720\" height=\"540\" src=\"https:\/\/meat-machine.com\/wp-content\/uploads\/2023\/04\/working-process.webp\" alt=\"proceso de trabajo\" class=\"wp-image-409 size-full\" title=\"\" srcset=\"https:\/\/meat-machine.com\/wp-content\/uploads\/2023\/04\/working-process.webp 720w, https:\/\/meat-machine.com\/wp-content\/uploads\/2023\/04\/working-process-300x225.webp 300w\" sizes=\"auto, (max-width: 720px) 100vw, 720px\" \/><\/figure><\/div>    <div class=\"wp-block-media-text is-stacked-on-mobile\"><figure class=\"wp-block-media-text__media\"><img loading=\"lazy\" decoding=\"async\" width=\"720\" height=\"540\" src=\"https:\/\/meat-machine.com\/wp-content\/uploads\/2023\/04\/egg-grading-machine.webp\" alt=\"clasificadora de huevos\" class=\"wp-image-822 size-full\" title=\"\" srcset=\"https:\/\/meat-machine.com\/wp-content\/uploads\/2023\/04\/egg-grading-machine.webp 720w, https:\/\/meat-machine.com\/wp-content\/uploads\/2023\/04\/egg-grading-machine-300x225.webp 300w, https:\/\/meat-machine.com\/wp-content\/uploads\/2023\/04\/egg-grading-machine-16x12.webp 16w\" sizes=\"auto, (max-width: 720px) 100vw, 720px\" \/><\/figure><div class=\"wp-block-media-text__content\"> <ul class=\"wp-block-list\"> <li><strong>Calificaci\u00f3n<\/strong>. El sistema de control por computadora clasifica los huevos en 5, 6 o 7 grados seg\u00fan est\u00e1ndares de peso preestablecidos.<\/li>    <li><strong>Distribuci\u00f3n de salida<\/strong>. Los huevos clasificados se dirigen a diferentes canales de salida para su posterior procesamiento, como la codificaci\u00f3n y el envasado de huevos.<\/li> <\/ul> <\/div><\/div>    <h2 class=\"wp-block-heading\">\u00bfPor qu\u00e9 clasificamos los huevos?<\/h2>    <div class=\"wp-block-media-text has-media-on-the-right is-stacked-on-mobile\"><div class=\"wp-block-media-text__content\"> <ul class=\"wp-block-list\"> <li><strong>Satisfacer la demanda del mercado<\/strong>. La clasificaci\u00f3n garantiza que los huevos cumplan con requisitos espec\u00edficos de tama\u00f1o y peso, satisfaciendo diversas necesidades del mercado y mejorando su valor de venta.<\/li>    <li><strong>Estandarizaci\u00f3n<\/strong>. La producci\u00f3n de huevos estandarizados genera confianza en los consumidores y fortalece la reputaci\u00f3n de la marca.<\/li> <\/ul> <\/div><figure class=\"wp-block-media-text__media\"><img loading=\"lazy\" decoding=\"async\" width=\"720\" height=\"540\" src=\"https:\/\/meat-machine.com\/wp-content\/uploads\/2023\/04\/eggs.webp\" alt=\"huevos clasificados\" class=\"wp-image-412 size-full\" title=\"\" srcset=\"https:\/\/meat-machine.com\/wp-content\/uploads\/2023\/04\/eggs.webp 720w, https:\/\/meat-machine.com\/wp-content\/uploads\/2023\/04\/eggs-300x225.webp 300w\" sizes=\"auto, (max-width: 720px) 100vw, 720px\" \/><\/figure><\/div>    <div class=\"wp-block-media-text is-stacked-on-mobile\"><figure class=\"wp-block-media-text__media\"><img loading=\"lazy\" decoding=\"async\" width=\"720\" height=\"540\" src=\"https:\/\/meat-machine.com\/wp-content\/uploads\/2023\/04\/egg-grading-machine-price.webp\" alt=\"precio de la m\u00e1quina de clasificaci\u00f3n de huevos\" class=\"wp-image-821 size-full\" title=\"\" srcset=\"https:\/\/meat-machine.com\/wp-content\/uploads\/2023\/04\/egg-grading-machine-price.webp 720w, https:\/\/meat-machine.com\/wp-content\/uploads\/2023\/04\/egg-grading-machine-price-300x225.webp 300w, https:\/\/meat-machine.com\/wp-content\/uploads\/2023\/04\/egg-grading-machine-price-16x12.webp 16w\" sizes=\"auto, (max-width: 720px) 100vw, 720px\" \/><\/figure><div class=\"wp-block-media-text__content\"> <ul class=\"wp-block-list\"> <li><strong>Estrategia de precios optimizada<\/strong>. La calificaci\u00f3n permite estrategias de precios personalizadas, maximizando las ventas y el potencial de ganancias.<\/li>    <li><strong>Mejores est\u00e1ndares de higiene<\/strong>. El proceso de clasificaci\u00f3n a menudo incluye limpieza y desinfecci\u00f3n, garantizando la seguridad alimentaria y cumpliendo con los requisitos de higiene.<\/li> <\/ul> <\/div><\/div>    <h2 class=\"wp-block-heading\">Los diferentes tipos de m\u00e1quinas clasificadoras de huevos del mercado<\/h2>    <p class=\"wp-block-paragraph\">Hay varios tipos de clasificadoras de huevos disponibles en el mercado, como peso, forma, color y en general. Los diferentes tipos de m\u00e1quinas clasificadoras de huevos pueden clasificar los huevos seg\u00fan diferentes medidas. <\/p>    <p class=\"wp-block-paragraph\">Puede elegir la m\u00e1quina adecuada seg\u00fan sus necesidades. Taizy Machinery ofrece m\u00e1quinas clasificadoras de huevos que clasifican los huevos seg\u00fan su peso.<\/p>   <div class=\"wp-block-image\"> <figure class=\"aligncenter size-full\"><img loading=\"lazy\" decoding=\"async\" width=\"720\" height=\"540\" src=\"https:\/\/meat-machine.com\/wp-content\/uploads\/2023\/04\/egg-grader-machine.webp\" alt=\"m\u00e1quina clasificadora de huevos\" class=\"wp-image-596\" title=\"\" srcset=\"https:\/\/meat-machine.com\/wp-content\/uploads\/2023\/04\/egg-grader-machine.webp 720w, https:\/\/meat-machine.com\/wp-content\/uploads\/2023\/04\/egg-grader-machine-300x225.webp 300w, https:\/\/meat-machine.com\/wp-content\/uploads\/2023\/04\/egg-grader-machine-16x12.webp 16w\" sizes=\"auto, (max-width: 720px) 100vw, 720px\" \/><figcaption class=\"wp-element-caption\">m\u00e1quina clasificadora de huevos<\/figcaption><\/figure> <\/div>   <h2 class=\"wp-block-heading\">Preguntas frecuentes sobre la m\u00e1quina clasificadora de huevos<\/h2>   <div id=\"rank-math-faq\" class=\"rank-math-block\"> <div class=\"rank-math-list\"> <div id=\"faq-question-1721201005731\" class=\"rank-math-list-item\"> <h3 class=\"rank-math-question\">\u00bfQu\u00e9 mantenimiento requiere una m\u00e1quina clasificadora de huevos?<\/h3> <div class=\"rank-math-answer\">  <p>Esto incluye limpiar los sensores y transportadores, verificar si hay piezas desgastadas, lubricar los componentes m\u00f3viles y garantizar que el software est\u00e9 actualizado.<\/p>  <\/div> <\/div> <div id=\"faq-question-1721201021839\" class=\"rank-math-list-item\"> <h3 class=\"rank-math-question\">\u00bfPuede el equipo de clasificaci\u00f3n de huevos detectar y eliminar huevos defectuosos?<\/h3> <div class=\"rank-math-answer\">  <p>S\u00ed, nuestras m\u00e1quinas clasificadoras de huevos cuentan con sensores y sistemas de inspecci\u00f3n que pueden detectar defectos como grietas u otras anomal\u00edas.<\/p>  <\/div> <\/div> <div id=\"faq-question-1721201035612\" class=\"rank-math-list-item\"> <h3 class=\"rank-math-question\">\u00bfHay alguna caracter\u00edstica de seguridad en la m\u00e1quina?<\/h3> <div class=\"rank-math-answer\">  <p>S\u00ed, las m\u00e1quinas clasificadoras de huevos incluyen caracter\u00edsticas de seguridad como botones de parada de emergencia, cubiertas protectoras y sensores para prevenir accidentes.<\/p>  <\/div> <\/div> <\/div> <\/div>  <div class=\"wp-block-image\"> <figure class=\"aligncenter size-full\"><img loading=\"lazy\" decoding=\"async\" width=\"720\" height=\"540\" src=\"https:\/\/meat-machine.com\/wp-content\/uploads\/2023\/04\/applications-of-egg-grader-machine.webp\" alt=\"Aplicaciones de la m\u00e1quina clasificadora de huevos.\" class=\"wp-image-401\" title=\"\" srcset=\"https:\/\/meat-machine.com\/wp-content\/uploads\/2023\/04\/applications-of-egg-grader-machine.webp 720w, https:\/\/meat-machine.com\/wp-content\/uploads\/2023\/04\/applications-of-egg-grader-machine-300x225.webp 300w\" sizes=\"auto, (max-width: 720px) 100vw, 720px\" \/><figcaption class=\"wp-element-caption\">Aplicaciones de la m\u00e1quina clasificadora de huevos.<\/figcaption><\/figure> <\/div>   <h2 class=\"wp-block-heading\">Conclusi\u00f3n<\/h2>    <p class=\"wp-block-paragraph translation-block\">En conclusi\u00f3n, la <a href=\"https:\/\/en.wikipedia.org\/wiki\/Egg\" data-type=\"link\" data-id=\"https:\/\/en.wikipedia.org\/wiki\/Egg\" target=\"_blank\" rel=\"noopener\">m\u00e1quina clasificadora de huevos<\/a> ofrece una eficiencia, precisi\u00f3n y versatilidad excepcionales, convirti\u00e9ndola en la soluci\u00f3n ideal para una amplia gama de industrias, desde granjas av\u00edcolas hasta instalaciones de procesamiento de alimentos. <\/p>    <p class=\"wp-block-paragraph\">Con opciones de clasificaci\u00f3n personalizables, tecnolog\u00eda avanzada y un dise\u00f1o robusto, garantiza una calidad constante y una productividad mejorada. <\/p>    <p class=\"wp-block-paragraph\">Cont\u00e1ctenos hoy para obtener m\u00e1s informaci\u00f3n, una cotizaci\u00f3n personalizada y saber c\u00f3mo podemos ayudarlo a mejorar sus capacidades de procesamiento de \u00f3vulos.<\/p>","protected":false},"excerpt":{"rendered":"<p>La M\u00e1quina Clasificadora de Huevos es un dispositivo de alta eficiencia dise\u00f1ado para clasificar autom\u00e1ticamente huevos frescos por peso con una precisi\u00f3n notable. <\/p>","protected":false},"author":1,"featured_media":402,"parent":0,"template":"","tags":[45,46,40],"product-type":[28],"class_list":["post-399","product","type-product","status-publish","has-post-thumbnail","hentry","tag-egg-grader-machine","tag-egg-grading-system","tag-eggs","product-type-egg-processing-machine"],"_links":{"self":[{"href":"https:\/\/meat-machine.com\/es\/wp-json\/wp\/v2\/product\/399","targetHints":{"allow":["GET"]}}],"collection":[{"href":"https:\/\/meat-machine.com\/es\/wp-json\/wp\/v2\/product"}],"about":[{"href":"https:\/\/meat-machine.com\/es\/wp-json\/wp\/v2\/types\/product"}],"author":[{"embeddable":true,"href":"https:\/\/meat-machine.com\/es\/wp-json\/wp\/v2\/users\/1"}],"wp:featuredmedia":[{"embeddable":true,"href":"https:\/\/meat-machine.com\/es\/wp-json\/wp\/v2\/media\/402"}],"wp:attachment":[{"href":"https:\/\/meat-machine.com\/es\/wp-json\/wp\/v2\/media?parent=399"}],"wp:term":[{"taxonomy":"post_tag","embeddable":true,"href":"https:\/\/meat-machine.com\/es\/wp-json\/wp\/v2\/tags?post=399"},{"taxonomy":"product-type","embeddable":true,"href":"https:\/\/meat-machine.com\/es\/wp-json\/wp\/v2\/product-type?post=399"}],"curies":[{"name":"wp","href":"https:\/\/api.w.org\/{rel}","templated":true}]}}