{"id":389,"date":"2023-03-29T16:46:02","date_gmt":"2023-03-29T08:46:02","guid":{"rendered":"https:\/\/meat-machine.com\/?post_type=product&#038;p=389"},"modified":"2025-07-30T18:26:50","modified_gmt":"2025-07-30T10:26:50","slug":"maquina-de-envasado-al-vacio-de-carne","status":"publish","type":"product","link":"https:\/\/meat-machine.com\/es\/product\/meat-vacuum-packaging-machine\/","title":{"rendered":"M\u00e1quina de envasado al vac\u00edo de carne"},"content":{"rendered":"<div class=\"kk-star-ratings kksr-auto kksr-align-left kksr-valign-top\"     data-payload='{&quot;align&quot;:&quot;left&quot;,&quot;id&quot;:&quot;389&quot;,&quot;slug&quot;:&quot;default&quot;,&quot;valign&quot;:&quot;top&quot;,&quot;ignore&quot;:&quot;&quot;,&quot;reference&quot;:&quot;auto&quot;,&quot;class&quot;:&quot;&quot;,&quot;count&quot;:&quot;15&quot;,&quot;legendonly&quot;:&quot;&quot;,&quot;readonly&quot;:&quot;&quot;,&quot;score&quot;:&quot;4.8&quot;,&quot;starsonly&quot;:&quot;&quot;,&quot;best&quot;:&quot;5&quot;,&quot;gap&quot;:&quot;5&quot;,&quot;greet&quot;:&quot;Rate this product&quot;,&quot;legend&quot;:&quot;4.8\\\/5 - (15 votos)&quot;,&quot;size&quot;:&quot;24&quot;,&quot;title&quot;:&quot;Meat Vacuum Packaging Machine&quot;,&quot;width&quot;:&quot;136.7&quot;,&quot;_legend&quot;:&quot;{score}\\\/{best} - ({count} {votes})&quot;,&quot;font_factor&quot;:&quot;1.25&quot;}'>              <div class=\"kksr-stars\">      <div class=\"kksr-stars-inactive\">             <div class=\"kksr-star\" data-star=\"1\" style=\"padding-right: 5px\">               <div class=\"kksr-icon\" style=\"width: 24px; height: 24px;\"><\/div>         <\/div>             <div class=\"kksr-star\" data-star=\"2\" style=\"padding-right: 5px\">               <div class=\"kksr-icon\" style=\"width: 24px; height: 24px;\"><\/div>         <\/div>             <div class=\"kksr-star\" data-star=\"3\" style=\"padding-right: 5px\">               <div class=\"kksr-icon\" style=\"width: 24px; height: 24px;\"><\/div>         <\/div>             <div class=\"kksr-star\" data-star=\"4\" style=\"padding-right: 5px\">               <div class=\"kksr-icon\" style=\"width: 24px; height: 24px;\"><\/div>         <\/div>             <div class=\"kksr-star\" data-star=\"5\" style=\"padding-right: 5px\">               <div class=\"kksr-icon\" style=\"width: 24px; height: 24px;\"><\/div>         <\/div>     <\/div>      <div class=\"kksr-stars-active\" style=\"width: 136.7px;\">             <div class=\"kksr-star\" style=\"padding-right: 5px\">               <div class=\"kksr-icon\" style=\"width: 24px; height: 24px;\"><\/div>         <\/div>             <div class=\"kksr-star\" style=\"padding-right: 5px\">               <div class=\"kksr-icon\" style=\"width: 24px; height: 24px;\"><\/div>         <\/div>             <div class=\"kksr-star\" style=\"padding-right: 5px\">               <div class=\"kksr-icon\" style=\"width: 24px; height: 24px;\"><\/div>         <\/div>             <div class=\"kksr-star\" style=\"padding-right: 5px\">               <div class=\"kksr-icon\" style=\"width: 24px; height: 24px;\"><\/div>         <\/div>             <div class=\"kksr-star\" style=\"padding-right: 5px\">               <div class=\"kksr-icon\" style=\"width: 24px; height: 24px;\"><\/div>         <\/div>     <\/div> <\/div>                   <div class=\"kksr-legend\" style=\"font-size: 19.2px;\">             4,8\/5 - (15 votos)    <\/div>     <\/div>  <p class=\"wp-block-paragraph\">La m\u00e1quina de envasado al vac\u00edo de carne est\u00e1 dise\u00f1ada para sellar de manera eficiente varios tipos de productos c\u00e1rnicos en bolsas selladas al vac\u00edo, extendiendo la vida \u00fatil mientras mantiene la frescura, el sabor y la higiene. <\/p>    <p class=\"wp-block-paragraph\">Ideal para plantas de procesamiento de carne, carnicer\u00edas y instalaciones de envasado de alimentos, esta m\u00e1quina ayuda a prevenir la oxidaci\u00f3n, el deterioro y la contaminaci\u00f3n. <\/p>    <p class=\"wp-block-paragraph translation-block\">Con una capacidad de <strong>2\u20134 ciclos por minuto<\/strong>, garantiza un rendimiento r\u00e1pido y fiable tanto para aplicaciones a peque\u00f1a escala como industriales.<\/p>    <figure class=\"wp-block-embed is-type-video is-provider-youtube wp-block-embed-youtube wp-embed-aspect-16-9 wp-has-aspect-ratio\"><div class=\"wp-block-embed__wrapper\"> <iframe loading=\"lazy\" title=\"C\u00f3mo funciona una m\u00e1quina de envasado al vac\u00edo - \u00a1Demostraci\u00f3n completa! #vac\u00edo #envasado #verduras #carne #fruta\" width=\"500\" height=\"281\" src=\"https:\/\/www.youtube.com\/embed\/Wl9ABLGhC2E?feature=oembed\" frameborder=\"0\" allow=\"accelerometer; autoplay; clipboard-write; encrypted-media; gyroscope; picture-in-picture; web-share\" referrerpolicy=\"strict-origin-when-cross-origin\" allowfullscreen><\/iframe> <\/div><figcaption class=\"wp-element-caption\">Video de trabajo de la m\u00e1quina de envasado al vac\u00edo de carne<\/figcaption><\/figure>    <h2 class=\"wp-block-heading\">\u00bfCu\u00e1l fue el mejor sistema de envasado para carne?<\/h2>    <p class=\"wp-block-paragraph translation-block\">Cuando se trata de preservar la calidad de la carne y extender su vida \u00fatil, <strong>el envasado al vac\u00edo<\/strong> destaca como el m\u00e9todo m\u00e1s eficaz. Aqu\u00ed se explica por qu\u00e9:<\/p>    <div class=\"wp-block-media-text is-stacked-on-mobile\"><figure class=\"wp-block-media-text__media\"><img loading=\"lazy\" decoding=\"async\" width=\"720\" height=\"540\" src=\"https:\/\/meat-machine.com\/wp-content\/uploads\/2023\/03\/vacuum-packed-food.webp\" alt=\"comida envasada al vacio\" class=\"wp-image-394 size-full\" title=\"\" srcset=\"https:\/\/meat-machine.com\/wp-content\/uploads\/2023\/03\/vacuum-packed-food.webp 720w, https:\/\/meat-machine.com\/wp-content\/uploads\/2023\/03\/vacuum-packed-food-300x225.webp 300w\" sizes=\"auto, (max-width: 720px) 100vw, 720px\" \/><\/figure><div class=\"wp-block-media-text__content\"> <ul class=\"wp-block-list\"> <li><strong>Eficiencia de eliminaci\u00f3n de aire<\/strong>: el envasado al vac\u00edo elimina completamente el aire de las bolsas de envasado de carne, previniendo la exposici\u00f3n al ox\u00edgeno.<\/li>    <li><strong>Previene la oxidaci\u00f3n<\/strong>: al eliminar el ox\u00edgeno, reduce el riesgo de decoloraci\u00f3n y rancidez de la carne.<\/li>    <li><strong>Inhibe el crecimiento bacteriano<\/strong>: el entorno al vac\u00edo ralentiza significativamente el crecimiento de bacterias que causan deterioro.<\/li>    <li><strong>Extiende la vida \u00fatil<\/strong>: la carne se mantiene m\u00e1s fresca durante m\u00e1s tiempo en comparaci\u00f3n con los m\u00e9todos de envasado tradicionales.<\/li>    <li><strong>Mejora el almacenamiento y el transporte<\/strong>: la carne envasada al vac\u00edo ocupa menos espacio y es m\u00e1s f\u00e1cil de almacenar o enviar.<\/li> <\/ul> <\/div><\/div>    <p class=\"wp-block-paragraph translation-block\">Si planea producir carne envasada al vac\u00edo, recomendamos encarecidamente usar una <strong>m\u00e1quina de envasado al vac\u00edo de carne<\/strong>. De hecho, el mes pasado, un cliente de <strong>Malasia<\/strong>, que fabrica <a href=\"https:\/\/meat-machine.com\/es\/producto\/cortadora-de-carne-congelada-comercial\/\" data-type=\"link\" data-id=\"https:\/\/meat-machine.com\/product\/commercial-frozen-meat-slicer\/\">cortadoras de carne<\/a> y <a href=\"https:\/\/meat-machine.com\/es\/producto\/maquina-para-cortar-carne\/\" data-type=\"link\" data-id=\"https:\/\/meat-machine.com\/product\/meat-dicing-machine\/\">carne picada<\/a>, adquiri\u00f3 esta m\u00e1quina para mejorar su proceso de envasado.<\/p>    <h2 class=\"wp-block-heading\">Par\u00e1metros de la m\u00e1quina de envasado al vac\u00edo de carne<\/h2>    <figure class=\"wp-block-table\"><table><tbody><tr><td>Modelo<\/td><td>M\u00e1quina de envasado al vac\u00edo de c\u00e1mara \u00fanica<\/td><td>Envasadora al vac\u00edo de doble c\u00e1mara<\/td><\/tr><tr><td>Potencia de la bomba de vac\u00edo<\/td><td>0,9 kw<\/td><td>1,5 kw<\/td><\/tr><tr><td>poder de sellado<\/td><td>0,6 kw<\/td><td>1,17 kw<\/td><\/tr><tr><td>Voltaje<\/td><td>220v\/50hz<\/td><td>380v\/50hz<\/td><\/tr><tr><td>Material<\/td><td>acero inoxidable 302<\/td><td>acero inoxidable 302<\/td><\/tr><tr><td>N\u00famero de tiras de sellado<\/td><td>1<\/td><td>3<\/td><\/tr><tr><td>Presi\u00f3n absoluta<\/td><td>0,1pa<\/td><td>0,1pa<\/td><\/tr><tr><td>Material de la cubierta<\/td><td>Vidrio org\u00e1nico<\/td><td>Vidrio org\u00e1nico<\/td><\/tr><tr><td>Tama\u00f1o de la m\u00e1quina<\/td><td>650x580x960mm<\/td><td>1260x605x960mm<\/td><\/tr><tr><td>Peso de la m\u00e1quina<\/td><td>80kg<\/td><td>150 kilos<\/td><\/tr><\/tbody><\/table><figcaption class=\"wp-element-caption\">par\u00e1metros de la m\u00e1quina de envasado de carne<\/figcaption><\/figure>    <p class=\"wp-block-paragraph translation-block\">Los par\u00e1metros anteriores corresponden a las dos m\u00e1quinas de envasado al vac\u00edo de carne m\u00e1s vendidas en Taizy <a href=\"https:\/\/meat-machine.com\/es\/\">Meat Machinery Factory<\/a>. Una es una m\u00e1quina de envasado al vac\u00edo de una sola c\u00e1mara y la otra es una m\u00e1quina de envasado al vac\u00edo de dos c\u00e1maras. <\/p>    <p class=\"wp-block-paragraph translation-block\">La m\u00e1quina est\u00e1 hecha de <a href=\"https:\/\/en.wikipedia.org\/wiki\/SAE_304_stainless_steel\" target=\"_blank\" rel=\"noopener\">acero inoxidable 304<\/a>, que es f\u00e1cil de limpiar y tiene una larga vida \u00fatil. Los pesos de las m\u00e1quinas son 80 kg y 150 kg, respectivamente. Las tensiones son 220V\/50HZ y 380V\/50HZ, respectivamente.<\/p>   <div class=\"wp-block-image\"> <figure class=\"aligncenter size-full\"><img loading=\"lazy\" decoding=\"async\" width=\"720\" height=\"540\" src=\"https:\/\/meat-machine.com\/wp-content\/uploads\/2023\/03\/meat-packing-machine.webp\" alt=\"maquina empacadora de carne\" class=\"wp-image-391\" title=\"\" srcset=\"https:\/\/meat-machine.com\/wp-content\/uploads\/2023\/03\/meat-packing-machine.webp 720w, https:\/\/meat-machine.com\/wp-content\/uploads\/2023\/03\/meat-packing-machine-300x225.webp 300w\" sizes=\"auto, (max-width: 720px) 100vw, 720px\" \/><figcaption class=\"wp-element-caption\">maquina empacadora de carne<\/figcaption><\/figure> <\/div>   <h2 class=\"wp-block-heading\">La funci\u00f3n de la m\u00e1quina envasadora de carne.<\/h2>    <p class=\"wp-block-paragraph translation-block\">La <strong>m\u00e1quina de envasado al vac\u00edo de carne<\/strong> est\u00e1 dise\u00f1ada para eliminar el aire de las bolsas de envasado de carne y sellarlas de forma segura. Al crear un entorno de vac\u00edo, esta m\u00e1quina ayuda a preservar la frescura y la calidad de los productos c\u00e1rnicos. Desempe\u00f1a un papel vital en las l\u00edneas modernas de procesamiento y envasado de carne. La m\u00e1quina ofrece varias funciones clave:<\/p>    <div class=\"wp-block-media-text has-media-on-the-right is-stacked-on-mobile\"><div class=\"wp-block-media-text__content\"> <ul class=\"wp-block-list\"> <li><strong>Mejora de la seguridad alimentaria<\/strong>: el sellado herm\u00e9tico ayuda a prevenir la contaminaci\u00f3n por bacterias y contaminantes externos.<\/li>    <li><strong>Presentaci\u00f3n de producto mejorada<\/strong>: un envasado limpio y uniforme mejora la apariencia y el atractivo del producto.<\/li>    <li><strong>Embalaje rentable<\/strong>: minimiza el desperdicio y reduce el deterioro, lo que a su vez disminuye los costos generales.<\/li>    <li><strong>Versatilidad<\/strong>: adecuada para varios tipos de carne y otros productos alimenticios, as\u00ed como para productos no alimentarios.<\/li> <\/ul> <\/div><figure class=\"wp-block-media-text__media\"><img loading=\"lazy\" decoding=\"async\" width=\"720\" height=\"540\" src=\"https:\/\/meat-machine.com\/wp-content\/uploads\/2023\/03\/widely-application.webp\" alt=\"Amplia aplicaci\u00f3n\" class=\"wp-image-395 size-full\" title=\"\" srcset=\"https:\/\/meat-machine.com\/wp-content\/uploads\/2023\/03\/widely-application.webp 720w, https:\/\/meat-machine.com\/wp-content\/uploads\/2023\/03\/widely-application-300x225.webp 300w\" sizes=\"auto, (max-width: 720px) 100vw, 720px\" \/><\/figure><\/div>    <p class=\"wp-block-paragraph\">Este equipo es ideal para procesadores de carne que buscan mejorar la vida \u00fatil, la higiene y la eficiencia log\u00edstica.<\/p>    <h2 class=\"wp-block-heading\">\u00bfC\u00f3mo utilizar una envasadora al vac\u00edo de carne?<\/h2>    <div class=\"wp-block-media-text is-stacked-on-mobile\"><figure class=\"wp-block-media-text__media\"><img loading=\"lazy\" decoding=\"async\" width=\"720\" height=\"540\" src=\"https:\/\/meat-machine.com\/wp-content\/uploads\/2023\/03\/meat-vacuum-packaging-machine.webp\" alt=\"m\u00e1quina de envasado al vac\u00edo de carne\" class=\"wp-image-392 size-full\" title=\"\" srcset=\"https:\/\/meat-machine.com\/wp-content\/uploads\/2023\/03\/meat-vacuum-packaging-machine.webp 720w, https:\/\/meat-machine.com\/wp-content\/uploads\/2023\/03\/meat-vacuum-packaging-machine-300x225.webp 300w\" sizes=\"auto, (max-width: 720px) 100vw, 720px\" \/><\/figure><div class=\"wp-block-media-text__content\"> <ul class=\"wp-block-list\"> <li><strong>Conectar la alimentaci\u00f3n<\/strong> <ul class=\"wp-block-list\"> <li>Comience encendiendo la m\u00e1quina de envasado al vac\u00edo de carne.<\/li> <\/ul> <\/li>    <li><strong>Preparar la carne<\/strong> <ul class=\"wp-block-list\"> <li>Coloque los productos c\u00e1rnicos en las bolsas de envasado al vac\u00edo designadas, asegur\u00e1ndose de que la abertura de la bolsa est\u00e9 limpia y correctamente posicionada.<\/li> <\/ul> <\/li>    <li><strong>Colocar la bolsa en la c\u00e1mara de vac\u00edo<\/strong> <ul class=\"wp-block-list\"> <li>Coloque el extremo abierto de la bolsa de envasado dentro de la c\u00e1mara de vac\u00edo, aline\u00e1ndolo con la barra de sellado.<\/li> <\/ul> <\/li> <\/ul> <\/div><\/div>    <div class=\"wp-block-media-text has-media-on-the-right is-stacked-on-mobile\"><div class=\"wp-block-media-text__content\"> <ul class=\"wp-block-list\"> <li><strong>Cerrar la tapa de la c\u00e1mara<\/strong> <ul class=\"wp-block-list\"> <li>Baje la tapa de la c\u00e1mara de vac\u00edo. Una vez cerrada, la luz indicadora de succi\u00f3n en el panel de control se encender\u00e1, indicando que el proceso de vac\u00edo ha comenzado.<\/li> <\/ul> <\/li>    <li><strong>Espera a que se realice el vac\u00edo y el sellado<\/strong> <ul class=\"wp-block-list\"> <li>Cuando se haya extra\u00eddo completamente el aire, la luz de succi\u00f3n se apagar\u00e1 y el indicador de sellado por calor se encender\u00e1 autom\u00e1ticamente. La m\u00e1quina sellar\u00e1 la bolsa de forma herm\u00e9tica.<\/li> <\/ul> <\/li>    <li><strong>Embalaje completo<\/strong> <ul class=\"wp-block-list\"> <li>Despu\u00e9s de que se complete el sellado, la tapa se levantar\u00e1 y el proceso de envasado al vac\u00edo estar\u00e1 completo. Su producto c\u00e1rnico ahora est\u00e1 sellado de forma segura y listo para su almacenamiento o transporte.<\/li> <\/ul> <\/li> <\/ul> <\/div><figure class=\"wp-block-media-text__media\"><img loading=\"lazy\" decoding=\"async\" width=\"720\" height=\"540\" src=\"https:\/\/meat-machine.com\/wp-content\/uploads\/2023\/03\/control-panel.webp\" alt=\"Panel de control\" class=\"wp-image-390 size-full\" title=\"\" srcset=\"https:\/\/meat-machine.com\/wp-content\/uploads\/2023\/03\/control-panel.webp 720w, https:\/\/meat-machine.com\/wp-content\/uploads\/2023\/03\/control-panel-300x225.webp 300w\" sizes=\"auto, (max-width: 720px) 100vw, 720px\" \/><\/figure><\/div>    <h2 class=\"wp-block-heading\">\u00bfCu\u00e1nto cuesta una envasadora autom\u00e1tica de carne?<\/h2>    <p class=\"wp-block-paragraph\">El precio de una m\u00e1quina autom\u00e1tica de envasado de carne puede variar ampliamente, normalmente oscilando entre varios cientos y varios miles de d\u00f3lares, seg\u00fan los datos del mercado. Las m\u00e1quinas de envasado al vac\u00edo de carne de nuestra empresa tampoco tienen un precio fijo, ya que el costo final depende de varios factores, incluyendo:<\/p>    <div class=\"wp-block-media-text is-stacked-on-mobile\"><figure class=\"wp-block-media-text__media\"><img loading=\"lazy\" decoding=\"async\" width=\"720\" height=\"540\" src=\"https:\/\/meat-machine.com\/wp-content\/uploads\/2023\/03\/single-chamber-meat-vacuum-packing-machine.webp\" alt=\"M\u00e1quina envasadora al vac\u00edo de carne de una sola c\u00e1mara a la venta\" class=\"wp-image-393 size-full\" title=\"\" srcset=\"https:\/\/meat-machine.com\/wp-content\/uploads\/2023\/03\/single-chamber-meat-vacuum-packing-machine.webp 720w, https:\/\/meat-machine.com\/wp-content\/uploads\/2023\/03\/single-chamber-meat-vacuum-packing-machine-300x225.webp 300w\" sizes=\"auto, (max-width: 720px) 100vw, 720px\" \/><\/figure><div class=\"wp-block-media-text__content\"> <ul class=\"wp-block-list\"> <li>El <strong>tipo de m\u00e1quina<\/strong> (c\u00e1mara simple, c\u00e1mara doble, de sobremesa, etc.).<\/li>    <li>El <strong>requisitos de capacidad y producci\u00f3n<\/strong>.<\/li>    <li><strong>Funciones adicionales<\/strong> como el envasado a gas o sistemas de cintas transportadoras autom\u00e1ticas.<\/li>    <li>El <strong>materiales utilizados<\/strong> (por ejemplo, grado de acero inoxidable).<\/li>    <li>El <strong>pa\u00eds de destino<\/strong> y necesidades de env\u00edo o personalizaci\u00f3n relacionadas.<\/li> <\/ul> <\/div><\/div>    <p class=\"wp-block-paragraph\">Debido a estas variables, le recomendamos que se ponga en contacto con nosotros directamente con sus requisitos espec\u00edficos. Nuestro equipo le proporcionar\u00e1 un presupuesto personalizado y responder\u00e1 r\u00e1pidamente a su consulta.<\/p>    <h2 class=\"wp-block-heading\">Rango de aplicaci\u00f3n de la m\u00e1quina de envasado al vac\u00edo de carne.<\/h2>    <p class=\"wp-block-paragraph\">Las m\u00e1quinas de envasado al vac\u00edo de carne no se limitan a productos c\u00e1rnicos. Tambi\u00e9n son adecuadas para frutas, verduras, alimentos cocidos, productos de soja, encurtidos, hierbas medicinales, productos farmac\u00e9uticos, productos qu\u00edmicos, mariscos, frutas en conserva, electr\u00f3nica e instrumentos de precisi\u00f3n. <\/p>    <p class=\"wp-block-paragraph\">Con aplicaciones tan amplias, esta m\u00e1quina es ideal para diversas industrias. Si est\u00e1s interesado en iniciar un negocio de envasado de carne o alimentos, no dudes en contactarnos.<\/p>    <figure class=\"wp-block-image size-full\"><img loading=\"lazy\" decoding=\"async\" width=\"720\" height=\"540\" src=\"https:\/\/meat-machine.com\/wp-content\/uploads\/2022\/09\/frozen-meat.webp\" alt=\"carne\" class=\"wp-image-722\" title=\"\" srcset=\"https:\/\/meat-machine.com\/wp-content\/uploads\/2022\/09\/frozen-meat.webp 720w, https:\/\/meat-machine.com\/wp-content\/uploads\/2022\/09\/frozen-meat-300x225.webp 300w, https:\/\/meat-machine.com\/wp-content\/uploads\/2022\/09\/frozen-meat-16x12.webp 16w\" sizes=\"auto, (max-width: 720px) 100vw, 720px\" \/><figcaption class=\"wp-element-caption\">Carne<\/figcaption><\/figure>    <h2 class=\"wp-block-heading\">Conclusi\u00f3n<\/h2>    <p class=\"wp-block-paragraph\">Si buscas una soluci\u00f3n de envasado al vac\u00edo eficiente, duradera y vers\u00e1til, nuestra M\u00e1quina de Envasado al Vac\u00edo de Carne es la elecci\u00f3n perfecta. <\/p>    <p class=\"wp-block-paragraph\">Para m\u00e1s detalles o para obtener un presupuesto, no dudes en contactarnos. Estamos aqu\u00ed para ofrecerte un servicio profesional y soluciones personalizadas.<\/p>","protected":false},"excerpt":{"rendered":"<p>La m\u00e1quina de envasado al vac\u00edo de carne est\u00e1 dise\u00f1ada para sellar de manera eficiente varios tipos de productos c\u00e1rnicos en bolsas selladas al vac\u00edo, extendiendo la vida \u00fatil mientras mantiene la frescura, el sabor y la higiene. <\/p>","protected":false},"author":1,"featured_media":391,"parent":0,"template":"","tags":[53],"product-type":[4],"class_list":["post-389","product","type-product","status-publish","has-post-thumbnail","hentry","tag-meat-vacuum-packaging-machine","product-type-meat-grinder"],"_links":{"self":[{"href":"https:\/\/meat-machine.com\/es\/wp-json\/wp\/v2\/product\/389","targetHints":{"allow":["GET"]}}],"collection":[{"href":"https:\/\/meat-machine.com\/es\/wp-json\/wp\/v2\/product"}],"about":[{"href":"https:\/\/meat-machine.com\/es\/wp-json\/wp\/v2\/types\/product"}],"author":[{"embeddable":true,"href":"https:\/\/meat-machine.com\/es\/wp-json\/wp\/v2\/users\/1"}],"wp:featuredmedia":[{"embeddable":true,"href":"https:\/\/meat-machine.com\/es\/wp-json\/wp\/v2\/media\/391"}],"wp:attachment":[{"href":"https:\/\/meat-machine.com\/es\/wp-json\/wp\/v2\/media?parent=389"}],"wp:term":[{"taxonomy":"post_tag","embeddable":true,"href":"https:\/\/meat-machine.com\/es\/wp-json\/wp\/v2\/tags?post=389"},{"taxonomy":"product-type","embeddable":true,"href":"https:\/\/meat-machine.com\/es\/wp-json\/wp\/v2\/product-type?post=389"}],"curies":[{"name":"wp","href":"https:\/\/api.w.org\/{rel}","templated":true}]}}