{"id":381,"date":"2023-03-22T13:36:28","date_gmt":"2023-03-22T05:36:28","guid":{"rendered":"https:\/\/meat-machine.com\/?post_type=product&#038;p=381"},"modified":"2023-03-22T13:36:30","modified_gmt":"2023-03-22T05:36:30","slug":"maquina-peladora-de-piel-de-patas-de-pollo","status":"publish","type":"product","link":"https:\/\/meat-machine.com\/es\/product\/chicken-feet-skin-peeling-machine\/","title":{"rendered":"Peladora de piel de patas de pollo para pelar patas de pollo"},"content":{"rendered":"<div class=\"kk-star-ratings kksr-auto kksr-align-left kksr-valign-top\"     data-payload='{&quot;align&quot;:&quot;left&quot;,&quot;id&quot;:&quot;381&quot;,&quot;slug&quot;:&quot;default&quot;,&quot;valign&quot;:&quot;top&quot;,&quot;ignore&quot;:&quot;&quot;,&quot;reference&quot;:&quot;auto&quot;,&quot;class&quot;:&quot;&quot;,&quot;count&quot;:&quot;18&quot;,&quot;legendonly&quot;:&quot;&quot;,&quot;readonly&quot;:&quot;&quot;,&quot;score&quot;:&quot;4.7&quot;,&quot;starsonly&quot;:&quot;&quot;,&quot;best&quot;:&quot;5&quot;,&quot;gap&quot;:&quot;5&quot;,&quot;greet&quot;:&quot;Rate this product&quot;,&quot;legend&quot;:&quot;4.7\\\/5 - (18 votos)&quot;,&quot;size&quot;:&quot;24&quot;,&quot;title&quot;:&quot;Chicken Feet Skin Peeling Machine for Peeling Chicken Feet&quot;,&quot;width&quot;:&quot;133.8&quot;,&quot;_legend&quot;:&quot;{score}\\\/{best} - ({count} {votes})&quot;,&quot;font_factor&quot;:&quot;1.25&quot;}'>              <div class=\"kksr-stars\">      <div class=\"kksr-stars-inactive\">             <div class=\"kksr-star\" data-star=\"1\" style=\"padding-right: 5px\">               <div class=\"kksr-icon\" style=\"width: 24px; height: 24px;\"><\/div>         <\/div>             <div class=\"kksr-star\" data-star=\"2\" style=\"padding-right: 5px\">               <div class=\"kksr-icon\" style=\"width: 24px; height: 24px;\"><\/div>         <\/div>             <div class=\"kksr-star\" data-star=\"3\" style=\"padding-right: 5px\">               <div class=\"kksr-icon\" style=\"width: 24px; height: 24px;\"><\/div>         <\/div>             <div class=\"kksr-star\" data-star=\"4\" style=\"padding-right: 5px\">               <div class=\"kksr-icon\" style=\"width: 24px; height: 24px;\"><\/div>         <\/div>             <div class=\"kksr-star\" data-star=\"5\" style=\"padding-right: 5px\">               <div class=\"kksr-icon\" style=\"width: 24px; height: 24px;\"><\/div>         <\/div>     <\/div>      <div class=\"kksr-stars-active\" style=\"width: 133.8px;\">             <div class=\"kksr-star\" style=\"padding-right: 5px\">               <div class=\"kksr-icon\" style=\"width: 24px; height: 24px;\"><\/div>         <\/div>             <div class=\"kksr-star\" style=\"padding-right: 5px\">               <div class=\"kksr-icon\" style=\"width: 24px; height: 24px;\"><\/div>         <\/div>             <div class=\"kksr-star\" style=\"padding-right: 5px\">               <div class=\"kksr-icon\" style=\"width: 24px; height: 24px;\"><\/div>         <\/div>             <div class=\"kksr-star\" style=\"padding-right: 5px\">               <div class=\"kksr-icon\" style=\"width: 24px; height: 24px;\"><\/div>         <\/div>             <div class=\"kksr-star\" style=\"padding-right: 5px\">               <div class=\"kksr-icon\" style=\"width: 24px; height: 24px;\"><\/div>         <\/div>     <\/div> <\/div>                   <div class=\"kksr-legend\" style=\"font-size: 19.2px;\">             4,7\/5 - (18 votos)    <\/div>     <\/div>  <p class=\"wp-block-paragraph\">Las patas de pollo son un manjar popular en muchas culturas del mundo. Sin embargo, el proceso de pelar las garras de pollo requiere mucho tiempo y es tedioso. <\/p>    <p class=\"wp-block-paragraph\">Por lo tanto, la m\u00e1quina peladora de piel de patas de pollo se ha convertido en una maquinaria esencial para el procesamiento de alimentos. Puede ayudarle a pelar las garras de pollo de forma r\u00e1pida, sencilla y eficiente.<\/p>   <div class=\"wp-block-image\"> <figure class=\"aligncenter size-full\"><img loading=\"lazy\" decoding=\"async\" width=\"720\" height=\"540\" src=\"https:\/\/meat-machine.com\/wp-content\/uploads\/2023\/03\/chicken-feet-skin-peeling-machine.webp\" alt=\"M\u00e1quina peladora de piel de patas de pollo\" class=\"wp-image-384\" title=\"\" srcset=\"https:\/\/meat-machine.com\/wp-content\/uploads\/2023\/03\/chicken-feet-skin-peeling-machine.webp 720w, https:\/\/meat-machine.com\/wp-content\/uploads\/2023\/03\/chicken-feet-skin-peeling-machine-300x225.webp 300w\" sizes=\"auto, (max-width: 720px) 100vw, 720px\" \/><figcaption class=\"wp-element-caption\">M\u00e1quina peladora de piel de patas de pollo<\/figcaption><\/figure> <\/div>   <h2 class=\"wp-block-heading\">\u00bfQu\u00e9 hace una peladora de patas de pollo?<\/h2>    <p class=\"wp-block-paragraph\">La m\u00e1quina para quitar la piel de patas de pollo es un tipo de equipo av\u00edcola para pelar patas de pollo de forma r\u00e1pida y eficiente. El principio de funcionamiento de la m\u00e1quina es impulsar la rotaci\u00f3n del disco agitador inferior a trav\u00e9s del reductor para que las patas del pollo entren en el cilindro para la rotaci\u00f3n del tornillo. El uso final del principio de fricci\u00f3n mutua para completar el trabajo de eliminaci\u00f3n de la piel de las patas de pollo. Con la m\u00e1quina peladora de patas de pollo comercial se puede quitar r\u00e1pidamente la piel del pollo, conservando al mismo tiempo la integridad de la carne.<\/p>    <p class=\"wp-block-paragraph translation-block\">En general, la m\u00e1quina peladora de piel de patas de pollo es un equipo esencial que puede mejorar la eficiencia y la calidad del procesamiento de las garras de pollo. Tambi\u00e9n es la m\u00e1quina principal en la <a href=\"https:\/\/meat-machine.com\/es\/producto\/linea-de-procesamiento-de-patas-de-pollo\/\">l\u00ednea de procesamiento de patas de pollo<\/a>.<\/p>   <div class=\"wp-block-image\"> <figure class=\"aligncenter size-full\"><img loading=\"lazy\" decoding=\"async\" width=\"720\" height=\"540\" src=\"https:\/\/meat-machine.com\/wp-content\/uploads\/2023\/03\/chicken-feet.webp\" alt=\"patas de pollo\" class=\"wp-image-385\" title=\"\" srcset=\"https:\/\/meat-machine.com\/wp-content\/uploads\/2023\/03\/chicken-feet.webp 720w, https:\/\/meat-machine.com\/wp-content\/uploads\/2023\/03\/chicken-feet-300x225.webp 300w\" sizes=\"auto, (max-width: 720px) 100vw, 720px\" \/><figcaption class=\"wp-element-caption\">patas de pollo<\/figcaption><\/figure> <\/div>   <h2 class=\"wp-block-heading\">Par\u00e1metros de la m\u00e1quina peladora autom\u00e1tica de piel de patas de pollo<\/h2>    <figure class=\"wp-block-table\"><table><tbody><tr><td>Modelo<\/td><td>TZ-C7000<\/td><\/tr><tr><td>Capacidad<\/td><td>2 t\/h<\/td><\/tr><tr><td>Fuerza de motor<\/td><td>2,2 kw\/380v<\/td><\/tr><tr><td>Consumo de agua<\/td><td>7-8t\/d\u00eda<\/td><\/tr><tr><td>Peso<\/td><td>600 kilos<\/td><\/tr><tr><td>Longitud<\/td><td>3,5 m<\/td><\/tr><\/tbody><\/table><\/figure>    <h2 class=\"wp-block-heading\">Ventajas de la peladora comercial de patas de pollo<\/h2>    <ol class=\"wp-block-list\"> <li>Un pelador de patas de pollo es la mejor manera de pelar patas de pollo. Puede ayudarle a ahorrar tiempo y permitir a los usuarios pelar m\u00e1s patas de pollo en menos tiempo.<\/li>    <li>En el proceso de pelado de patas de pollo, la m\u00e1quina puede garantizar la integridad de las patas de pollo y no las da\u00f1ar\u00e1.<\/li>    <li>F\u00e1cil de operar. La m\u00e1quina peladora de piel de patas de pollo es muy simple de usar, una persona tambi\u00e9n puede operar esta m\u00e1quina muy bien.<\/li>    <li><a href=\"https:\/\/en.wikipedia.org\/wiki\/Stainless_steel\" target=\"_blank\" rel=\"noopener\">Acero inoxidable<\/a> material.<\/li>    <li>El alto grado de automatizaci\u00f3n.<\/li> <\/ol>   <div class=\"wp-block-image\"> <figure class=\"aligncenter size-full\"><img loading=\"lazy\" decoding=\"async\" width=\"720\" height=\"540\" src=\"https:\/\/meat-machine.com\/wp-content\/uploads\/2023\/03\/commercial-chicken-feet-peeling-machine.webp\" alt=\"peladora comercial de patas de pollo\" class=\"wp-image-386\" title=\"\" srcset=\"https:\/\/meat-machine.com\/wp-content\/uploads\/2023\/03\/commercial-chicken-feet-peeling-machine.webp 720w, https:\/\/meat-machine.com\/wp-content\/uploads\/2023\/03\/commercial-chicken-feet-peeling-machine-300x225.webp 300w\" sizes=\"auto, (max-width: 720px) 100vw, 720px\" \/><figcaption class=\"wp-element-caption\">peladora comercial de patas de pollo<\/figcaption><\/figure> <\/div>   <h2 class=\"wp-block-heading\">\u00bfC\u00f3mo comprar una m\u00e1quina peladora de patas de pollo adecuada?<\/h2>    <p class=\"wp-block-paragraph\">Antes de comprar un pelador de patas de pollo, debe considerar la cantidad de patas de pollo que desea procesar, el nivel de automatizaci\u00f3n que desea y su presupuesto. Siempre y cuando tengas en cuenta estos factores claramente compra una m\u00e1quina que cumpla con tus requisitos.<\/p>   <div class=\"wp-block-image\"> <figure class=\"aligncenter size-full\"><img loading=\"lazy\" decoding=\"async\" width=\"720\" height=\"540\" src=\"https:\/\/meat-machine.com\/wp-content\/uploads\/2023\/03\/chicken-feet-processing.webp\" alt=\"procesamiento de patas de pollo\" class=\"wp-image-383\" title=\"\" srcset=\"https:\/\/meat-machine.com\/wp-content\/uploads\/2023\/03\/chicken-feet-processing.webp 720w, https:\/\/meat-machine.com\/wp-content\/uploads\/2023\/03\/chicken-feet-processing-300x225.webp 300w\" sizes=\"auto, (max-width: 720px) 100vw, 720px\" \/><figcaption class=\"wp-element-caption\">procesamiento de patas de pollo<\/figcaption><\/figure> <\/div>   <h2 class=\"wp-block-heading\">Tipos de peladoras de piel de patas de pollo<\/h2>    <p class=\"wp-block-paragraph\">Actualmente, existen en el mercado varios tipos diferentes de m\u00e1quinas peladoras de patas de pollo. Algunas m\u00e1quinas est\u00e1n dise\u00f1adas para uso dom\u00e9stico, mientras que otro tipo de m\u00e1quina est\u00e1 dise\u00f1ada para entornos comerciales, como plantas de procesamiento de alimentos. Es decir, tenemos la m\u00e1quina peladora de patas de pollo comercial. Si necesita una m\u00e1quina peladora de piel de patas de pollo comercial, no dude en contactarnos y nos comunicaremos con usted lo antes posible.<\/p>","protected":false},"excerpt":{"rendered":"<p>Chicken feet are a popular delicacy in many cultures around the world. However, the process of skinning chicken claws is both time-consuming and tedious. Therefore, the chicken feet skin peeling machine has become an essential food processing machinery. It can help you skin chicken claws quickly, easily, and efficiently. What does a chicken feet peeling [&hellip;]<\/p>\n","protected":false},"author":1,"featured_media":382,"parent":0,"template":"","tags":[26],"product-type":[4],"class_list":["post-381","product","type-product","status-publish","has-post-thumbnail","hentry","tag-chicken-feet-processing","product-type-meat-grinder"],"_links":{"self":[{"href":"https:\/\/meat-machine.com\/es\/wp-json\/wp\/v2\/product\/381","targetHints":{"allow":["GET"]}}],"collection":[{"href":"https:\/\/meat-machine.com\/es\/wp-json\/wp\/v2\/product"}],"about":[{"href":"https:\/\/meat-machine.com\/es\/wp-json\/wp\/v2\/types\/product"}],"author":[{"embeddable":true,"href":"https:\/\/meat-machine.com\/es\/wp-json\/wp\/v2\/users\/1"}],"wp:featuredmedia":[{"embeddable":true,"href":"https:\/\/meat-machine.com\/es\/wp-json\/wp\/v2\/media\/382"}],"wp:attachment":[{"href":"https:\/\/meat-machine.com\/es\/wp-json\/wp\/v2\/media?parent=381"}],"wp:term":[{"taxonomy":"post_tag","embeddable":true,"href":"https:\/\/meat-machine.com\/es\/wp-json\/wp\/v2\/tags?post=381"},{"taxonomy":"product-type","embeddable":true,"href":"https:\/\/meat-machine.com\/es\/wp-json\/wp\/v2\/product-type?post=381"}],"curies":[{"name":"wp","href":"https:\/\/api.w.org\/{rel}","templated":true}]}}