{"id":37,"date":"2022-09-07T02:05:42","date_gmt":"2022-09-07T02:05:42","guid":{"rendered":"https:\/\/meat-machine.com\/?post_type=product&#038;p=37"},"modified":"2026-03-11T17:56:40","modified_gmt":"2026-03-11T09:56:40","slug":"maquina-automatica-de-corte-de-pollo","status":"publish","type":"product","link":"https:\/\/meat-machine.com\/es\/product\/automatic-chicken-cutting-machine\/","title":{"rendered":"Cortadora autom\u00e1tica de pollo"},"content":{"rendered":"<div class=\"kk-star-ratings kksr-auto kksr-align-left kksr-valign-top\"     data-payload='{&quot;align&quot;:&quot;left&quot;,&quot;id&quot;:&quot;37&quot;,&quot;slug&quot;:&quot;default&quot;,&quot;valign&quot;:&quot;top&quot;,&quot;ignore&quot;:&quot;&quot;,&quot;reference&quot;:&quot;auto&quot;,&quot;class&quot;:&quot;&quot;,&quot;count&quot;:&quot;14&quot;,&quot;legendonly&quot;:&quot;&quot;,&quot;readonly&quot;:&quot;&quot;,&quot;score&quot;:&quot;4.9&quot;,&quot;starsonly&quot;:&quot;&quot;,&quot;best&quot;:&quot;5&quot;,&quot;gap&quot;:&quot;5&quot;,&quot;greet&quot;:&quot;Rate this product&quot;,&quot;legend&quot;:&quot;4.9\\\/5 - (14 votos)&quot;,&quot;size&quot;:&quot;24&quot;,&quot;title&quot;:&quot;Automatic Chicken Cutting Machine&quot;,&quot;width&quot;:&quot;139.6&quot;,&quot;_legend&quot;:&quot;{score}\\\/{best} - ({count} {votes})&quot;,&quot;font_factor&quot;:&quot;1.25&quot;}'>              <div class=\"kksr-stars\">      <div class=\"kksr-stars-inactive\">             <div class=\"kksr-star\" data-star=\"1\" style=\"padding-right: 5px\">               <div class=\"kksr-icon\" style=\"width: 24px; height: 24px;\"><\/div>         <\/div>             <div class=\"kksr-star\" data-star=\"2\" style=\"padding-right: 5px\">               <div class=\"kksr-icon\" style=\"width: 24px; height: 24px;\"><\/div>         <\/div>             <div class=\"kksr-star\" data-star=\"3\" style=\"padding-right: 5px\">               <div class=\"kksr-icon\" style=\"width: 24px; height: 24px;\"><\/div>         <\/div>             <div class=\"kksr-star\" data-star=\"4\" style=\"padding-right: 5px\">               <div class=\"kksr-icon\" style=\"width: 24px; height: 24px;\"><\/div>         <\/div>             <div class=\"kksr-star\" data-star=\"5\" style=\"padding-right: 5px\">               <div class=\"kksr-icon\" style=\"width: 24px; height: 24px;\"><\/div>         <\/div>     <\/div>      <div class=\"kksr-stars-active\" style=\"width: 139.6px;\">             <div class=\"kksr-star\" style=\"padding-right: 5px\">               <div class=\"kksr-icon\" style=\"width: 24px; height: 24px;\"><\/div>         <\/div>             <div class=\"kksr-star\" style=\"padding-right: 5px\">               <div class=\"kksr-icon\" style=\"width: 24px; height: 24px;\"><\/div>         <\/div>             <div class=\"kksr-star\" style=\"padding-right: 5px\">               <div class=\"kksr-icon\" style=\"width: 24px; height: 24px;\"><\/div>         <\/div>             <div class=\"kksr-star\" style=\"padding-right: 5px\">               <div class=\"kksr-icon\" style=\"width: 24px; height: 24px;\"><\/div>         <\/div>             <div class=\"kksr-star\" style=\"padding-right: 5px\">               <div class=\"kksr-icon\" style=\"width: 24px; height: 24px;\"><\/div>         <\/div>     <\/div> <\/div>                   <div class=\"kksr-legend\" style=\"font-size: 19.2px;\">             4,9\/5 - (14 votos)    <\/div>     <\/div>  <p class=\"wp-block-paragraph translation-block\">La <strong>m\u00e1quina cortadora de pollo<\/strong> puede procesar eficientemente una variedad de carnes, como pollo, pato, pescado, carne de res y cerdo. Al simular m\u00e9todos de corte manual, la m\u00e1quina produce piezas ordenadas y uniformes sin triturar la carne en picadillo, garantizando resultados de corte de alta calidad.<\/p>    <p class=\"wp-block-paragraph translation-block\">Con una <strong>capacidad de procesamiento de 600 kg\/h<\/strong>, la <strong>m\u00e1quina cortadora de pollo<\/strong> puede manejar carne fresca y ligeramente congelada de manera eficiente. La longitud de corte es ajustable de <strong>15 a 50 mm<\/strong>, permitiendo a los usuarios obtener diferentes tama\u00f1os de porciones de carne seg\u00fan sus necesidades de procesamiento. <\/p>    <p class=\"wp-block-paragraph translation-block\">Gracias a su alta eficiencia y flexibilidad, esta m\u00e1quina se usa ampliamente en <strong>plantas de procesamiento de alimentos, mataderos, grandes comedores, supermercados y restaurantes<\/strong>.<\/p>    <figure class=\"wp-block-embed is-type-video is-provider-youtube wp-block-embed-youtube wp-embed-aspect-4-3 wp-has-aspect-ratio\"><div class=\"wp-block-embed__wrapper\"> <iframe loading=\"lazy\" title=\"Equipo Profesional de Corte de Pollo | Rese\u00f1a de Cortadora de Carne #pollo #carne #procesamientodealimentos #cortadora\" width=\"422\" height=\"750\" src=\"https:\/\/www.youtube.com\/embed\/yGESe0FLSCo?feature=oembed\" frameborder=\"0\" allow=\"accelerometer; autoplay; clipboard-write; encrypted-media; gyroscope; picture-in-picture; web-share\" referrerpolicy=\"strict-origin-when-cross-origin\" allowfullscreen><\/iframe> <\/div><figcaption class=\"wp-element-caption\">video de funcionamiento de la m\u00e1quina cortadora de pollo<\/figcaption><\/figure>    <h2 id=\"h-video-of-automatic-chicken-cutting-machine\" class=\"wp-block-heading\">Aplicaci\u00f3n de la m\u00e1quina cortadora autom\u00e1tica de pollo.<\/h2>    <p class=\"wp-block-paragraph translation-block\">La <strong>m\u00e1quina autom\u00e1tica de corte de pollo<\/strong> es adecuada para cortar una amplia variedad de carnes, incluyendo pollo fresco, pollo congelado y pollo entero. Tambi\u00e9n puede procesar otros tipos de carne congelada, lo que la convierte en una soluci\u00f3n vers\u00e1til para operaciones de procesamiento de carne.<\/p>    <p class=\"wp-block-paragraph translation-block\">Gracias a su alta eficiencia y flexibilidad, esta m\u00e1quina se usa ampliamente en <strong>plantas de procesamiento de alimentos, f\u00e1bricas de procesamiento de carne, restaurantes y grandes comedores colectivos<\/strong>. Adem\u00e1s de m\u00e1quinas cortadoras de pollo, tambi\u00e9n ofrecemos <strong><a href=\"https:\/\/meat-machine.com\/es\/producto\/maquina-para-cortar-carne\/\" data-type=\"link\" data-id=\"https:\/\/meat-machine.com\/product\/meat-dicing-machine\/\">m\u00e1quinas de cubos de carne<\/a><\/strong> para satisfacer diferentes necesidades de procesamiento de carne.<\/p>    <figure class=\"wp-block-image size-full\"><img loading=\"lazy\" decoding=\"async\" width=\"720\" height=\"540\" src=\"https:\/\/meat-machine.com\/wp-content\/uploads\/2022\/09\/Chicken-Cutting-Machine-1.webp\" alt=\"M\u00e1quina cortadora de pollo\" class=\"wp-image-1172\" title=\"\" srcset=\"https:\/\/meat-machine.com\/wp-content\/uploads\/2022\/09\/Chicken-Cutting-Machine-1.webp 720w, https:\/\/meat-machine.com\/wp-content\/uploads\/2022\/09\/Chicken-Cutting-Machine-1-300x225.webp 300w, https:\/\/meat-machine.com\/wp-content\/uploads\/2022\/09\/Chicken-Cutting-Machine-1-16x12.webp 16w\" sizes=\"auto, (max-width: 720px) 100vw, 720px\" \/><figcaption class=\"wp-element-caption\">M\u00e1quina cortadora de pollo<\/figcaption><\/figure>    <h2 class=\"wp-block-heading\">Estructura de la m\u00e1quina cortadora de carne<\/h2>    <p class=\"wp-block-paragraph translation-block\">La <strong>m\u00e1quina cortadora de carne<\/strong> est\u00e1 dise\u00f1ada con una estructura estable y duradera para garantizar cortes precisos y eficientes durante su operaci\u00f3n. Sus componentes principales incluyen:<\/p>    <div class=\"wp-block-media-text is-stacked-on-mobile\"><figure class=\"wp-block-media-text__media\"><img loading=\"lazy\" decoding=\"async\" width=\"720\" height=\"540\" src=\"https:\/\/meat-machine.com\/wp-content\/uploads\/2022\/09\/Automatic-Chicken-Cutting-Machine-details.webp\" alt=\"Detalles de la m\u00e1quina cortadora de pollo autom\u00e1tica\" class=\"wp-image-805 size-full\" title=\"\" srcset=\"https:\/\/meat-machine.com\/wp-content\/uploads\/2022\/09\/Automatic-Chicken-Cutting-Machine-details.webp 720w, https:\/\/meat-machine.com\/wp-content\/uploads\/2022\/09\/Automatic-Chicken-Cutting-Machine-details-300x225.webp 300w, https:\/\/meat-machine.com\/wp-content\/uploads\/2022\/09\/Automatic-Chicken-Cutting-Machine-details-16x12.webp 16w\" sizes=\"auto, (max-width: 720px) 100vw, 720px\" \/><\/figure><div class=\"wp-block-media-text__content\"> <ul class=\"wp-block-list\"> <li><strong>Marco resistente<\/strong> \u2013 La estructura robusta de la m\u00e1quina soporta toda la estructura, proporcionando estabilidad y asegurando un funcionamiento suave durante cortes continuos a alta velocidad.<\/li>    <li><strong>Sistema de cinta transportadora<\/strong> \u2013 La cinta transportadora transporta la carne de manera constante hacia el \u00e1rea de corte, permitiendo un procesamiento continuo y eficiente.<\/li>    <li><strong>Tabla de corte resistente al desgaste<\/strong> \u2013 Este componente soporta contacto constante con las cuchillas, evitando deformaciones y asegurando una larga vida \u00fatil.<\/li>    <li><strong>Mecanismo de transmisi\u00f3n por engranajes<\/strong> \u2013 El sistema de engranajes impulsa las cuchillas de corte con potencia estable y velocidad constante, garantizando cortes precisos y uniformes.<\/li>    <li><strong>Sistema de rodillos de alimentaci\u00f3n<\/strong> \u2013 Los rodillos ayudan a alimentar la carne de manera uniforme en la secci\u00f3n de corte, garantizando un funcionamiento suave y resultados de corte consistentes.<\/li> <\/ul> <\/div><\/div>    <p class=\"wp-block-paragraph translation-block\">Juntos, estos componentes forman una estructura confiable de <strong>m\u00e1quina cortadora de carne<\/strong>, que ofrece un rendimiento estable y un procesamiento uniforme de la carne.<\/p>    <h2 class=\"wp-block-heading\">\u00bfC\u00f3mo funciona la m\u00e1quina cortadora de pollo?<\/h2>    <div class=\"wp-block-media-text has-media-on-the-right is-stacked-on-mobile\"><div class=\"wp-block-media-text__content\"> <ul class=\"wp-block-list\"> <li><strong>Carga:<\/strong> Coloque pollos enteros o congelados en la bandeja de alimentaci\u00f3n o en la cinta transportadora de la m\u00e1quina.<\/li>    <li><strong>Posicionamiento:<\/strong> La m\u00e1quina alinea autom\u00e1ticamente el pollo para un corte preciso.<\/li>    <li><strong>Corte:<\/strong> Las cuchillas o sierras afiladas dividen el pollo en varias partes.<\/li>    <li><strong>Descarga:<\/strong> Las piezas cortadas se recogen en una bandeja o cinta transportadora, listas para envasar o procesar m\u00e1s.<\/li> <\/ul> <\/div><figure class=\"wp-block-media-text__media\"><img loading=\"lazy\" decoding=\"async\" width=\"540\" height=\"720\" src=\"https:\/\/meat-machine.com\/wp-content\/uploads\/2022\/09\/meat-cutter.webp\" alt=\"cortadora de carne\" class=\"wp-image-1173 size-full\" title=\"\" srcset=\"https:\/\/meat-machine.com\/wp-content\/uploads\/2022\/09\/meat-cutter.webp 540w, https:\/\/meat-machine.com\/wp-content\/uploads\/2022\/09\/meat-cutter-225x300.webp 225w, https:\/\/meat-machine.com\/wp-content\/uploads\/2022\/09\/meat-cutter-9x12.webp 9w\" sizes=\"auto, (max-width: 540px) 100vw, 540px\" \/><\/figure><\/div>    <h2 id=\"h-what-are-the-characteristics-of-meat-cutting-equipment\" class=\"wp-block-heading\">Ventajas de la cortadora de carne de pollo<\/h2>    <div class=\"wp-block-media-text is-stacked-on-mobile\"><figure class=\"wp-block-media-text__media\"><img loading=\"lazy\" decoding=\"async\" width=\"720\" height=\"540\" src=\"https:\/\/meat-machine.com\/wp-content\/uploads\/2022\/09\/commercial-chicken-cutter.webp\" alt=\"cortadora de pollo comercial\" class=\"wp-image-1174 size-full\" title=\"\" srcset=\"https:\/\/meat-machine.com\/wp-content\/uploads\/2022\/09\/commercial-chicken-cutter.webp 720w, https:\/\/meat-machine.com\/wp-content\/uploads\/2022\/09\/commercial-chicken-cutter-300x225.webp 300w, https:\/\/meat-machine.com\/wp-content\/uploads\/2022\/09\/commercial-chicken-cutter-16x12.webp 16w\" sizes=\"auto, (max-width: 720px) 100vw, 720px\" \/><\/figure><div class=\"wp-block-media-text__content\"> <ul class=\"wp-block-list\"> <li><strong>Operaci\u00f3n totalmente autom\u00e1tica<\/strong> \u2013 La m\u00e1quina funciona autom\u00e1ticamente, mejorando la eficiencia del corte y reduciendo el trabajo manual.<\/li>    <li><strong>Estructura de acero inoxidable de grado alimentario<\/strong> \u2013 Fabricado con acero inoxidable de alta calidad, garantizando higiene, durabilidad y f\u00e1cil limpieza.<\/li>    <li><strong>Grosor de corte ajustable<\/strong> \u2013 La m\u00e1quina est\u00e1 equipada con una tabla de corte ajustable, que permite a los usuarios controlar f\u00e1cilmente el tama\u00f1o del corte seg\u00fan las necesidades de procesamiento.<\/li> <\/ul> <\/div><\/div>    <div class=\"wp-block-media-text has-media-on-the-right is-stacked-on-mobile\"><div class=\"wp-block-media-text__content\"> <ul class=\"wp-block-list\"> <li><strong>Amplia aplicaci\u00f3n para aves<\/strong> \u2013 Adecuado para cortar pollo, pato, ganso y otras carnes frescas de ave.<\/li>    <li><strong>Sistema de transporte duradero<\/strong> \u2013 El dise\u00f1o de la cinta transportadora garantiza una alimentaci\u00f3n estable y un rendimiento duradero.<\/li>    <li><strong>Dise\u00f1o de seguridad mejorado<\/strong> \u2013 Equipada con funciones de seguridad protectoras para garantizar una operaci\u00f3n m\u00e1s segura durante el proceso de corte.<\/li> <\/ul> <\/div><figure class=\"wp-block-media-text__media\"><img loading=\"lazy\" decoding=\"async\" width=\"720\" height=\"540\" src=\"https:\/\/meat-machine.com\/wp-content\/uploads\/2022\/09\/Automatic-Chicken-Cutting-Machine-price.webp\" alt=\"Precio de la m\u00e1quina cortadora de pollo autom\u00e1tica\" class=\"wp-image-807 size-full\" title=\"\" srcset=\"https:\/\/meat-machine.com\/wp-content\/uploads\/2022\/09\/Automatic-Chicken-Cutting-Machine-price.webp 720w, https:\/\/meat-machine.com\/wp-content\/uploads\/2022\/09\/Automatic-Chicken-Cutting-Machine-price-300x225.webp 300w, https:\/\/meat-machine.com\/wp-content\/uploads\/2022\/09\/Automatic-Chicken-Cutting-Machine-price-16x12.webp 16w\" sizes=\"auto, (max-width: 720px) 100vw, 720px\" \/><\/figure><\/div>    <h2 id=\"h-automatic-chicken-cutting-machine-price-in-china\" class=\"wp-block-heading\">\u00bfCu\u00e1l es el precio de la m\u00e1quina autom\u00e1tica de corte de pollo?<\/h2>    <p class=\"wp-block-paragraph\">El precio de una m\u00e1quina autom\u00e1tica de corte de pollo var\u00eda seg\u00fan el modelo, capacidad y caracter\u00edsticas opcionales. En general, los modelos m\u00e1s peque\u00f1os o b\u00e1sicos son m\u00e1s asequibles, mientras que las m\u00e1quinas industriales de alta capacidad tienen un costo mayor. <\/p>    <p class=\"wp-block-paragraph\">Para una cotizaci\u00f3n precisa, se recomienda solicitar un presupuesto adaptado a sus requisitos espec\u00edficos, asegurando que obtenga el mejor valor por su inversi\u00f3n.<\/p>    <figure class=\"wp-block-image size-full\"><img loading=\"lazy\" decoding=\"async\" width=\"540\" height=\"720\" src=\"https:\/\/meat-machine.com\/wp-content\/uploads\/2022\/09\/Chicken-Cutting-Machine-for-sale-1.webp\" alt=\"M\u00e1quina cortadora de pollo en venta\" class=\"wp-image-1175\" title=\"\" srcset=\"https:\/\/meat-machine.com\/wp-content\/uploads\/2022\/09\/Chicken-Cutting-Machine-for-sale-1.webp 540w, https:\/\/meat-machine.com\/wp-content\/uploads\/2022\/09\/Chicken-Cutting-Machine-for-sale-1-225x300.webp 225w, https:\/\/meat-machine.com\/wp-content\/uploads\/2022\/09\/Chicken-Cutting-Machine-for-sale-1-9x12.webp 9w\" sizes=\"auto, (max-width: 540px) 100vw, 540px\" \/><figcaption class=\"wp-element-caption\">M\u00e1quina cortadora de pollo en venta<\/figcaption><\/figure>    <h2 class=\"wp-block-heading\">Par\u00e1metros de la m\u00e1quina cortadora de pollo<\/h2>    <figure class=\"wp-block-table\"><table class=\"has-fixed-layout\"><thead><tr><th>Par\u00e1metro<\/th><th>Especificaci\u00f3n<\/th><\/tr><\/thead><tbody><tr><td>Voltaje<\/td><td>220 V<\/td><\/tr><tr><td>Fuerza<\/td><td>Tres fases 1.5 kW \/ Dos fases 3.5 kW<\/td><\/tr><tr><td>Capacidad<\/td><td>600 kg\/h<\/td><\/tr><tr><td>Tama\u00f1o de corte<\/td><td>Personalizable<\/td><\/tr><tr><td>Peso neto<\/td><td>260 kg<\/td><\/tr><tr><td>Dimensiones de la m\u00e1quina<\/td><td>1300 \u00d7 700 \u00d7 850 mm<\/td><\/tr><\/tbody><\/table><figcaption class=\"wp-element-caption\">par\u00e1metros de cortadora de pollo<\/figcaption><\/figure>    <h2 class=\"wp-block-heading\">Caso de cliente de la m\u00e1quina cortadora de carne<\/h2>    <p class=\"wp-block-paragraph translation-block\">Una empresa de procesamiento av\u00edcola en <strong>Brasil<\/strong> compr\u00f3 recientemente nuestra M\u00e1quina Autom\u00e1tica de Corte de Pollo para optimizar su producci\u00f3n diaria de pollos enteros. Antes de usar nuestra m\u00e1quina, la empresa depend\u00eda del corte manual, que era lento, laborioso y resultaba en tama\u00f1os de porci\u00f3n inconsistentes. <\/p>    <p class=\"wp-block-paragraph translation-block\">Despu\u00e9s de instalar la m\u00e1quina, pudieron procesar hasta <strong>800\u20131,000 pollos por hora<\/strong>, incluyendo aves frescas y congeladas, con cortes uniformes en cada ocasi\u00f3n. La automatizaci\u00f3n redujo significativamente <strong>los costos laborales<\/strong>, minimiz\u00f3 el desperdicio de productos y mejor\u00f3 la eficiencia general. <\/p>    <p class=\"wp-block-paragraph translation-block\">El cliente tambi\u00e9n elogi\u00f3 a nuestro equipo por proporcionar <strong>orientaci\u00f3n de instalaci\u00f3n en sitio, capacitaci\u00f3n para operadores y soporte postventa receptivo<\/strong>, lo que garantiz\u00f3 una integraci\u00f3n sin problemas en su l\u00ednea de producci\u00f3n.<\/p>    <figure class=\"wp-block-image size-full\"><img loading=\"lazy\" decoding=\"async\" width=\"540\" height=\"720\" src=\"https:\/\/meat-machine.com\/wp-content\/uploads\/2022\/09\/meat-cutting-machine.webp\" alt=\"m\u00e1quina cortadora de carne\" class=\"wp-image-1176\" title=\"\" srcset=\"https:\/\/meat-machine.com\/wp-content\/uploads\/2022\/09\/meat-cutting-machine.webp 540w, https:\/\/meat-machine.com\/wp-content\/uploads\/2022\/09\/meat-cutting-machine-225x300.webp 225w, https:\/\/meat-machine.com\/wp-content\/uploads\/2022\/09\/meat-cutting-machine-9x12.webp 9w\" sizes=\"auto, (max-width: 540px) 100vw, 540px\" \/><figcaption class=\"wp-element-caption\">M\u00e1quina cortadora de carne<\/figcaption><\/figure>    <h2 class=\"wp-block-heading\">Conclusi\u00f3n<\/h2>    <p class=\"wp-block-paragraph translation-block\">Invertir en nuestra <strong>m\u00e1quina autom\u00e1tica de corte de pollo<\/strong> significa elegir eficiencia, precisi\u00f3n y fiabilidad para sus operaciones de procesamiento de aves. Ya sea para aumentar la producci\u00f3n, reducir costos laborales o garantizar cortes consistentes, esta m\u00e1quina ofrece un rendimiento excelente y valor a largo plazo.<\/p>    <p class=\"wp-block-paragraph translation-block\">Adem\u00e1s de la m\u00e1quina cortadora de pollo, tambi\u00e9n ofrecemos una <strong><a href=\"https:\/\/meat-machine.com\/es\/producto\/maquina-cortadora-de-pescado-multifuncional\/\" data-type=\"link\" data-id=\"https:\/\/meat-machine.com\/product\/multifunctional-fish-cutting-machine\/\">m\u00e1quina cortadora de pescado<\/a><\/strong> dise\u00f1ada para porcionar pescado de forma r\u00e1pida y precisa, adecuada para plantas de procesamiento de mariscos y f\u00e1bricas de alimentos. Los clientes pueden seleccionar el equipo m\u00e1s adecuado seg\u00fan sus necesidades de procesamiento.<\/p>    <p class=\"wp-block-paragraph translation-block\"><strong>Cont\u00e1ctenos hoy para obtener una cotizaci\u00f3n personalizada y llevar su l\u00ednea de producci\u00f3n al siguiente nivel.<\/strong><\/p>","protected":false},"excerpt":{"rendered":"<p>La m\u00e1quina cortadora de pollo puede procesar eficientemente una variedad de carnes, como pollo, pato, pescado, carne de res y cerdo.<\/p>","protected":false},"author":1,"featured_media":44,"parent":0,"template":"","tags":[10],"product-type":[2],"class_list":["post-37","product","type-product","status-publish","has-post-thumbnail","hentry","tag-meat-cutting-machine","product-type-meat-cutting-machine"],"_links":{"self":[{"href":"https:\/\/meat-machine.com\/es\/wp-json\/wp\/v2\/product\/37","targetHints":{"allow":["GET"]}}],"collection":[{"href":"https:\/\/meat-machine.com\/es\/wp-json\/wp\/v2\/product"}],"about":[{"href":"https:\/\/meat-machine.com\/es\/wp-json\/wp\/v2\/types\/product"}],"author":[{"embeddable":true,"href":"https:\/\/meat-machine.com\/es\/wp-json\/wp\/v2\/users\/1"}],"wp:featuredmedia":[{"embeddable":true,"href":"https:\/\/meat-machine.com\/es\/wp-json\/wp\/v2\/media\/44"}],"wp:attachment":[{"href":"https:\/\/meat-machine.com\/es\/wp-json\/wp\/v2\/media?parent=37"}],"wp:term":[{"taxonomy":"post_tag","embeddable":true,"href":"https:\/\/meat-machine.com\/es\/wp-json\/wp\/v2\/tags?post=37"},{"taxonomy":"product-type","embeddable":true,"href":"https:\/\/meat-machine.com\/es\/wp-json\/wp\/v2\/product-type?post=37"}],"curies":[{"name":"wp","href":"https:\/\/api.w.org\/{rel}","templated":true}]}}