{"id":363,"date":"2023-03-07T16:55:57","date_gmt":"2023-03-07T08:55:57","guid":{"rendered":"https:\/\/meat-machine.com\/?post_type=product&#038;p=363"},"modified":"2026-03-10T17:15:19","modified_gmt":"2026-03-10T09:15:19","slug":"maquina-ahumadora-de-carne","status":"publish","type":"product","link":"https:\/\/meat-machine.com\/es\/product\/meat-smoker-machine\/","title":{"rendered":"M\u00e1quina ahumadora de carne para ahumar pollo, pescado y salchichas"},"content":{"rendered":"<div class=\"kk-star-ratings kksr-auto kksr-align-left kksr-valign-top\"     data-payload='{&quot;align&quot;:&quot;left&quot;,&quot;id&quot;:&quot;363&quot;,&quot;slug&quot;:&quot;default&quot;,&quot;valign&quot;:&quot;top&quot;,&quot;ignore&quot;:&quot;&quot;,&quot;reference&quot;:&quot;auto&quot;,&quot;class&quot;:&quot;&quot;,&quot;count&quot;:&quot;12&quot;,&quot;legendonly&quot;:&quot;&quot;,&quot;readonly&quot;:&quot;&quot;,&quot;score&quot;:&quot;4.8&quot;,&quot;starsonly&quot;:&quot;&quot;,&quot;best&quot;:&quot;5&quot;,&quot;gap&quot;:&quot;5&quot;,&quot;greet&quot;:&quot;Rate this product&quot;,&quot;legend&quot;:&quot;4.8\\\/5 - (12 votos)&quot;,&quot;size&quot;:&quot;24&quot;,&quot;title&quot;:&quot;Meat Smoker Machine for Smoking Chicken, Fish and Sausage&quot;,&quot;width&quot;:&quot;136.7&quot;,&quot;_legend&quot;:&quot;{score}\\\/{best} - ({count} {votes})&quot;,&quot;font_factor&quot;:&quot;1.25&quot;}'>              <div class=\"kksr-stars\">      <div class=\"kksr-stars-inactive\">             <div class=\"kksr-star\" data-star=\"1\" style=\"padding-right: 5px\">               <div class=\"kksr-icon\" style=\"width: 24px; height: 24px;\"><\/div>         <\/div>             <div class=\"kksr-star\" data-star=\"2\" style=\"padding-right: 5px\">               <div class=\"kksr-icon\" style=\"width: 24px; height: 24px;\"><\/div>         <\/div>             <div class=\"kksr-star\" data-star=\"3\" style=\"padding-right: 5px\">               <div class=\"kksr-icon\" style=\"width: 24px; height: 24px;\"><\/div>         <\/div>             <div class=\"kksr-star\" data-star=\"4\" style=\"padding-right: 5px\">               <div class=\"kksr-icon\" style=\"width: 24px; height: 24px;\"><\/div>         <\/div>             <div class=\"kksr-star\" data-star=\"5\" style=\"padding-right: 5px\">               <div class=\"kksr-icon\" style=\"width: 24px; height: 24px;\"><\/div>         <\/div>     <\/div>      <div class=\"kksr-stars-active\" style=\"width: 136.7px;\">             <div class=\"kksr-star\" style=\"padding-right: 5px\">               <div class=\"kksr-icon\" style=\"width: 24px; height: 24px;\"><\/div>         <\/div>             <div class=\"kksr-star\" style=\"padding-right: 5px\">               <div class=\"kksr-icon\" style=\"width: 24px; height: 24px;\"><\/div>         <\/div>             <div class=\"kksr-star\" style=\"padding-right: 5px\">               <div class=\"kksr-icon\" style=\"width: 24px; height: 24px;\"><\/div>         <\/div>             <div class=\"kksr-star\" style=\"padding-right: 5px\">               <div class=\"kksr-icon\" style=\"width: 24px; height: 24px;\"><\/div>         <\/div>             <div class=\"kksr-star\" style=\"padding-right: 5px\">               <div class=\"kksr-icon\" style=\"width: 24px; height: 24px;\"><\/div>         <\/div>     <\/div> <\/div>                   <div class=\"kksr-legend\" style=\"font-size: 19.2px;\">             4,8\/5 - (12 votos)    <\/div>     <\/div>  <p class=\"wp-block-paragraph translation-block\">La <strong>M\u00e1quina Ahumadora de Carne<\/strong> se utiliza para ahumar salchicha, jam\u00f3n, aves, pescado y otros productos c\u00e1rnicos, mejorando su sabor con un aroma ahumado rico durante el procesamiento.<\/p>    <p class=\"wp-block-paragraph translation-block\">Esta <strong>M\u00e1quina Ahumadora de Carne<\/strong> es totalmente autom\u00e1tica e integra funciones como secado, horneado, ahumado, coloreado y extracci\u00f3n. Se usa ampliamente en plantas de procesamiento de carne y l\u00edneas de producci\u00f3n de salchichas. Adem\u00e1s de carne ahumada, la m\u00e1quina tambi\u00e9n puede procesar tocino ahumado, salchichas, pescado ahumado e incluso queso ahumado.<\/p>    <p class=\"wp-block-paragraph translation-block\">La <strong>M\u00e1quina Ahumadora de Carne<\/strong> soporta tanto ahumado en fr\u00edo como en caliente. El ahumado en fr\u00edo se realiza t\u00edpicamente a <strong>10\u201330\u00b0C<\/strong>, mientras que el ahumado en caliente var\u00eda de <strong>10\u2013100\u00b0C<\/strong>, dependiendo de los requisitos del producto. Se pueden usar diferentes maderas, incluyendo nogal, mesquite, manzano y cerezo, para crear sabores ahumados distintivos.<\/p>    <figure class=\"wp-block-embed is-type-video is-provider-youtube wp-block-embed-youtube wp-embed-aspect-9-16 wp-has-aspect-ratio\"><div class=\"wp-block-embed__wrapper\"> <iframe loading=\"lazy\" title=\"Horno Comercial de Ahumado de Carne | Perfecto para Salchichas y Carne Ahumada #carne #ahumador\" width=\"422\" height=\"750\" src=\"https:\/\/www.youtube.com\/embed\/nMbKB-s3k-E?feature=oembed\" frameborder=\"0\" allow=\"accelerometer; autoplay; clipboard-write; encrypted-media; gyroscope; picture-in-picture; web-share\" referrerpolicy=\"strict-origin-when-cross-origin\" allowfullscreen><\/iframe> <\/div><figcaption class=\"wp-element-caption\">Video de funcionamiento de la m\u00e1quina ahumadora de carne<\/figcaption><\/figure>    <h2 class=\"wp-block-heading\">M\u00e1quina ahumadora de pollo en venta<\/h2>    <p class=\"wp-block-paragraph translation-block\">Nuestra <strong>m\u00e1quina ahumadora de pollo en venta<\/strong> es para ahumar y cocinar al vapor una variedad de productos alimenticios como pollo, salchichas, jam\u00f3n, salchichas secas, barbacoa y pescado. La m\u00e1quina es f\u00e1cil de operar, confiable en rendimiento y adecuada para plantas de procesamiento de carne y f\u00e1bricas de alimentos.<\/p>    <p class=\"wp-block-paragraph\">Esta m\u00e1quina ahumadora de pollo adopta control el\u00e9ctrico manual con un alto nivel de automatizaci\u00f3n. Integra m\u00faltiples funciones incluyendo calefacci\u00f3n el\u00e9ctrica o por vapor (vaporizaci\u00f3n), circulaci\u00f3n de aire caliente para secar o hornear, ahumar y extracci\u00f3n. Estas funciones pueden combinarse de forma flexible seg\u00fan diferentes requisitos de procesamiento. <\/p>    <p class=\"wp-block-paragraph\">La m\u00e1quina presenta una estructura de acero inoxidable de doble capa con materiales de aislamiento gruesos para reducir el consumo de energ\u00eda. Adem\u00e1s, los par\u00e1metros de procesamiento como tiempo y temperatura pueden configurarse libremente para garantizar un control preciso. El sistema tambi\u00e9n est\u00e1 equipado con dos o cuatro sondas de temperatura y una funci\u00f3n de alarma autom\u00e1tica para garantizar una operaci\u00f3n segura y estable durante la producci\u00f3n.<\/p>    <figure class=\"wp-block-gallery has-nested-images columns-default is-cropped wp-block-gallery-2 is-layout-flex wp-block-gallery-is-layout-flex\"> <figure class=\"wp-block-image size-large\"><img loading=\"lazy\" decoding=\"async\" width=\"720\" height=\"540\" data-id=\"1157\" src=\"https:\/\/meat-machine.com\/wp-content\/uploads\/2023\/03\/cheese.webp\" alt=\"cheese\" class=\"wp-image-1157\" title=\"\" srcset=\"https:\/\/meat-machine.com\/wp-content\/uploads\/2023\/03\/cheese.webp 720w, https:\/\/meat-machine.com\/wp-content\/uploads\/2023\/03\/cheese-300x225.webp 300w, https:\/\/meat-machine.com\/wp-content\/uploads\/2023\/03\/cheese-16x12.webp 16w\" sizes=\"auto, (max-width: 720px) 100vw, 720px\" \/><figcaption class=\"wp-element-caption\">Queso<\/figcaption><\/figure>    <figure class=\"wp-block-image size-large\"><img loading=\"lazy\" decoding=\"async\" width=\"540\" height=\"720\" data-id=\"1158\" src=\"https:\/\/meat-machine.com\/wp-content\/uploads\/2023\/03\/food-smoking-machine.webp\" alt=\"m\u00e1quina de ahumar alimentos\" class=\"wp-image-1158\" title=\"\" srcset=\"https:\/\/meat-machine.com\/wp-content\/uploads\/2023\/03\/food-smoking-machine.webp 540w, https:\/\/meat-machine.com\/wp-content\/uploads\/2023\/03\/food-smoking-machine-225x300.webp 225w, https:\/\/meat-machine.com\/wp-content\/uploads\/2023\/03\/food-smoking-machine-9x12.webp 9w\" sizes=\"auto, (max-width: 540px) 100vw, 540px\" \/><figcaption class=\"wp-element-caption\">M\u00e1quina de Ahumar Alimentos<\/figcaption><\/figure> <\/figure>    <h2 class=\"wp-block-heading\">Estructura de la m\u00e1quina ahumadora de carne<\/h2>    <div class=\"wp-block-media-text is-stacked-on-mobile\"><figure class=\"wp-block-media-text__media\"><img loading=\"lazy\" decoding=\"async\" width=\"720\" height=\"540\" src=\"https:\/\/meat-machine.com\/wp-content\/uploads\/2023\/03\/Meat-Smoker-Machine-structure.webp\" alt=\"Estructura de la M\u00e1quina Ahumadora de Carne\" class=\"wp-image-1159 size-full\" title=\"\" srcset=\"https:\/\/meat-machine.com\/wp-content\/uploads\/2023\/03\/Meat-Smoker-Machine-structure.webp 720w, https:\/\/meat-machine.com\/wp-content\/uploads\/2023\/03\/Meat-Smoker-Machine-structure-300x225.webp 300w, https:\/\/meat-machine.com\/wp-content\/uploads\/2023\/03\/Meat-Smoker-Machine-structure-16x12.webp 16w\" sizes=\"auto, (max-width: 720px) 100vw, 720px\" \/><\/figure><div class=\"wp-block-media-text__content\"> <ul class=\"wp-block-list\"> <li><strong>Motor<\/strong>: Proporciona energ\u00eda para la m\u00e1quina y asegura un funcionamiento estable durante el proceso de ahumado.<\/li>    <li><strong>Tuber\u00eda de entrega de humo<\/strong>: Transfiere el humo del generador de humo a la c\u00e1mara de ahumado.<\/li>    <li><strong>Caja de Control PLC<\/strong>: Permite control autom\u00e1tico de temperatura, tiempo y funciones de ahumado para operaci\u00f3n conveniente.<\/li>    <li><strong>Generador de Humo Externo<\/strong>: Produce humo que da a la carne y otros alimentos su caracter\u00edstico sabor ahumado.<\/li>    <li><strong>Ventana de visualizaci\u00f3n<\/strong>: Permite a los operadores observar el proceso de ahumado dentro de la c\u00e1mara.<\/li>    <li><strong>Mango<\/strong>: Facilita abrir y cerrar la puerta de la c\u00e1mara de ahumado.<\/li> <\/ul> <\/div><\/div>    <h2 class=\"wp-block-heading\">\u00bfC\u00f3mo funciona la m\u00e1quina ahumadora de alimentos?<\/h2>    <div class=\"wp-block-media-text has-media-on-the-right is-stacked-on-mobile\"><div class=\"wp-block-media-text__content\"> <ul class=\"wp-block-list\"> <li><strong>Alimentaci\u00f3n de Madera en Polvo<\/strong>: La madera en polvo se alimenta en la c\u00e1mara de humo externa a trav\u00e9s de la tolva, y la velocidad de alimentaci\u00f3n se controla mediante el motor de agitaci\u00f3n.<\/li>    <li><strong>Generaci\u00f3n de humo<\/strong>: El tubo de calefacci\u00f3n el\u00e9ctrica en forma de U calienta la madera en polvo para generar humo para el proceso de ahumado.<\/li>    <li><strong>Circulaci\u00f3n de Humo<\/strong>: El humo generado entra en la c\u00e1mara de ahumado a trav\u00e9s de peque\u00f1os agujeros y circula dentro de la m\u00e1quina.<\/li>    <li><strong>Distribuci\u00f3n de Ventiladores<\/strong>: Un ventilador de flujo axial impulsa el humo de arriba hacia abajo, asegurando que la comida se caliente y ahume de manera uniforme.<\/li>    <li><strong>Monitoreo de Temperatura<\/strong>: Una sonda de temperatura incorporada monitorea la temperatura interna para mantener condiciones de ahumado estables.<\/li> <\/ul> <\/div><figure class=\"wp-block-media-text__media\"><img loading=\"lazy\" decoding=\"async\" width=\"540\" height=\"720\" src=\"https:\/\/meat-machine.com\/wp-content\/uploads\/2023\/03\/commercial-meat-smoker.webp\" alt=\"ahumador de carne comercial\" class=\"wp-image-1160 size-full\" title=\"\" srcset=\"https:\/\/meat-machine.com\/wp-content\/uploads\/2023\/03\/commercial-meat-smoker.webp 540w, https:\/\/meat-machine.com\/wp-content\/uploads\/2023\/03\/commercial-meat-smoker-225x300.webp 225w, https:\/\/meat-machine.com\/wp-content\/uploads\/2023\/03\/commercial-meat-smoker-9x12.webp 9w\" sizes=\"auto, (max-width: 540px) 100vw, 540px\" \/><\/figure><\/div>    <h2 class=\"wp-block-heading\">Par\u00e1metros t\u00e9cnicos de la m\u00e1quina para ahumar carne.<\/h2>    <figure class=\"wp-block-table\"><table class=\"has-fixed-layout\"><tbody><tr><td>Modelo<\/td><td>Capacidad(kg\/lote)<\/td><td>Potencia (kilovatios)<\/td><td>Peso (kg)<\/td><td>Tama\u00f1o (mm)<\/td><\/tr><tr><td>TZ-30<\/td><td>30<\/td><td>16.5<\/td><td>350<\/td><td>2000*1100*1500<\/td><\/tr><tr><td>TZ-50<\/td><td>50<\/td><td>16.5<\/td><td>450<\/td><td>2100*1150*1715<\/td><\/tr><tr><td>TZ-100<\/td><td>100<\/td><td>18<\/td><td>500<\/td><td>2100*1200*2020<\/td><\/tr><tr><td>TZ-150<\/td><td>150<\/td><td>18<\/td><td>550<\/td><td>2320*1220*2510<\/td><\/tr><tr><td>TZ-200<\/td><td>200<\/td><td>19<\/td><td>600<\/td><td>2310*1370*2500<\/td><\/tr><tr><td>TZ-250<\/td><td>300<\/td><td>19<\/td><td>700<\/td><td>2350*1500*3000<\/td><\/tr><tr><td>TZ-500<\/td><td>500<\/td><td>35<\/td><td>1200<\/td><td>2420*2200*3000<\/td><\/tr><tr><td>TZ-1000<\/td><td>1000<\/td><td>67<\/td><td>2400<\/td><td>2500*4400*3000<\/td><\/tr><\/tbody><\/table><figcaption class=\"wp-element-caption\">par\u00e1metros de la m\u00e1quina ahumadora de carne<\/figcaption><\/figure>    <figure class=\"wp-block-gallery has-nested-images columns-default is-cropped wp-block-gallery-3 is-layout-flex wp-block-gallery-is-layout-flex\"> <figure class=\"wp-block-image size-large\"><img loading=\"lazy\" decoding=\"async\" width=\"540\" height=\"720\" data-id=\"1161\" src=\"https:\/\/meat-machine.com\/wp-content\/uploads\/2023\/03\/chicken-smoker.webp\" alt=\"ahumador de pollo\" class=\"wp-image-1161\" title=\"\" srcset=\"https:\/\/meat-machine.com\/wp-content\/uploads\/2023\/03\/chicken-smoker.webp 540w, https:\/\/meat-machine.com\/wp-content\/uploads\/2023\/03\/chicken-smoker-225x300.webp 225w, https:\/\/meat-machine.com\/wp-content\/uploads\/2023\/03\/chicken-smoker-9x12.webp 9w\" sizes=\"auto, (max-width: 540px) 100vw, 540px\" \/><figcaption class=\"wp-element-caption\">Ahumador de Pollo<\/figcaption><\/figure>    <figure class=\"wp-block-image size-large\"><img loading=\"lazy\" decoding=\"async\" width=\"540\" height=\"720\" data-id=\"1162\" src=\"https:\/\/meat-machine.com\/wp-content\/uploads\/2023\/03\/food-smoker.webp\" alt=\"ahumador de alimentos\" class=\"wp-image-1162\" title=\"\" srcset=\"https:\/\/meat-machine.com\/wp-content\/uploads\/2023\/03\/food-smoker.webp 540w, https:\/\/meat-machine.com\/wp-content\/uploads\/2023\/03\/food-smoker-225x300.webp 225w, https:\/\/meat-machine.com\/wp-content\/uploads\/2023\/03\/food-smoker-9x12.webp 9w\" sizes=\"auto, (max-width: 540px) 100vw, 540px\" \/><figcaption class=\"wp-element-caption\">Ahumador de alimentos<\/figcaption><\/figure> <\/figure>    <h2 class=\"wp-block-heading\">Ventajas de la m\u00e1quina ahumadora de carne<\/h2>    <ul class=\"wp-block-list\"> <li><strong>Control Preciso de Temperatura<\/strong>: La v\u00e1lvula de vapor piloto controla con precisi\u00f3n el flujo de vapor, asegurando un funcionamiento estable y manteniendo la diferencia de temperatura dentro de la c\u00e1mara en <strong>1\u00b0C<\/strong>.<\/li>    <li><strong>Sistema de Calentamiento Uniforme<\/strong>: Aspas de ventilador equilibradas din\u00e1micamente que funcionan a <strong>3000 rpm<\/strong> proporciona un flujo de aire fuerte con una velocidad de viento de <strong>25 m\/s<\/strong>, asegurando una distribuci\u00f3n uniforme de la temperatura en toda la c\u00e1mara.<\/li>    <li><strong>Generaci\u00f3n de Humo Estable<\/strong>: La m\u00e1quina utiliza un <strong>generador de humo de part\u00edculas de madera<\/strong>, que produce humo estable, permite un r\u00e1pido coloreado de los alimentos y asegura que el humo limpio entre en la c\u00e1mara.<\/li>    <li><strong>F\u00e1cil de limpiar y mantener<\/strong>: Equipado con un <strong>bomba de tuber\u00eda de alta presi\u00f3n<\/strong> y boquillas en m\u00faltiples \u00e1ngulos, el sistema limpia eficazmente las bobinas y los tubos de humo, manteniendo la higiene y un funcionamiento eficiente.<\/li> <\/ul>    <div class=\"wp-block-columns is-layout-flex wp-container-core-columns-is-layout-8f761849 wp-block-columns-is-layout-flex\"> <div class=\"wp-block-column is-layout-flow wp-block-column-is-layout-flow\"> <figure class=\"wp-block-image size-full\"><img loading=\"lazy\" decoding=\"async\" width=\"720\" height=\"540\" src=\"https:\/\/meat-machine.com\/wp-content\/uploads\/2023\/03\/sausage.webp\" alt=\"embutido\" class=\"wp-image-371\" title=\"\" srcset=\"https:\/\/meat-machine.com\/wp-content\/uploads\/2023\/03\/sausage.webp 720w, https:\/\/meat-machine.com\/wp-content\/uploads\/2023\/03\/sausage-300x225.webp 300w\" sizes=\"auto, (max-width: 720px) 100vw, 720px\" \/><figcaption class=\"wp-element-caption\">Embutido<\/figcaption><\/figure> <\/div>    <div class=\"wp-block-column is-layout-flow wp-block-column-is-layout-flow\"> <figure class=\"wp-block-image size-full\"><img loading=\"lazy\" decoding=\"async\" width=\"720\" height=\"540\" src=\"https:\/\/meat-machine.com\/wp-content\/uploads\/2023\/03\/pork.webp\" alt=\"cerdo\" class=\"wp-image-370\" title=\"\" srcset=\"https:\/\/meat-machine.com\/wp-content\/uploads\/2023\/03\/pork.webp 720w, https:\/\/meat-machine.com\/wp-content\/uploads\/2023\/03\/pork-300x225.webp 300w\" sizes=\"auto, (max-width: 720px) 100vw, 720px\" \/><figcaption class=\"wp-element-caption\">Cerdo<\/figcaption><\/figure> <\/div> <\/div>    <h2 class=\"wp-block-heading\">\u00bfC\u00f3mo limpiar un ahumador de carne?<\/h2>    <div class=\"wp-block-media-text is-stacked-on-mobile\"><figure class=\"wp-block-media-text__media\"><img loading=\"lazy\" decoding=\"async\" width=\"540\" height=\"720\" src=\"https:\/\/meat-machine.com\/wp-content\/uploads\/2023\/03\/Meat-Smoker-Machine-price.webp\" alt=\"Precio de la M\u00e1quina Ahumadora de Carne\" class=\"wp-image-1163 size-full\" title=\"\" srcset=\"https:\/\/meat-machine.com\/wp-content\/uploads\/2023\/03\/Meat-Smoker-Machine-price.webp 540w, https:\/\/meat-machine.com\/wp-content\/uploads\/2023\/03\/Meat-Smoker-Machine-price-225x300.webp 225w, https:\/\/meat-machine.com\/wp-content\/uploads\/2023\/03\/Meat-Smoker-Machine-price-9x12.webp 9w\" sizes=\"auto, (max-width: 540px) 100vw, 540px\" \/><\/figure><div class=\"wp-block-media-text__content\"> <ul class=\"wp-block-list\"> <li><strong>Frecuencia de Limpieza<\/strong> <ul class=\"wp-block-list\"> <li>Limpie la ahumadora despu\u00e9s de cada uso para mantener la higiene y el rendimiento.<\/li> <\/ul> <\/li>    <li><strong>\u00c1reas de Limpieza<\/strong> <ul class=\"wp-block-list\"> <li>Conc\u00e9ntrese en el tubo de humo y en el interior de la c\u00e1mara de ahumado. Con suficiente presi\u00f3n de bomba, todas las partes pueden abrirse simult\u00e1neamente. Una placa de cubierta en el tubo de humo permite acceso manual para eliminar suciedad persistente si es necesario.<\/li> <\/ul> <\/li>    <li><strong>Soluci\u00f3n de Limpieza<\/strong> <ul class=\"wp-block-list\"> <li>Utilice una soluci\u00f3n de soda c\u00e1ustica al 3\u20135%. Enjuague a fondo con agua limpia para eliminar cualquier residuo alcalino o restos.<\/li> <\/ul> <\/li> <\/ul> <\/div><\/div>    <ul class=\"wp-block-list\"> <li><strong>Pasos de Limpieza<\/strong> <ul class=\"wp-block-list\"> <li>Caliente el ahumador a 70\u201380\u00b0C. Roc\u00ede la soluci\u00f3n de limpieza usando una bomba de agua y d\u00e9jela remojar durante 2\u20133 minutos.<\/li>    <li>Vierta agua limpia en el cubo de limpieza y enjuague bien el ahumador. Repita el enjuague seg\u00fan sea necesario.<\/li> <\/ul> <\/li>    <li><strong>Precauciones de Seguridad<\/strong> <ul class=\"wp-block-list\"> <li>Evite salpicar agua en la caja de control o en la computadora.<\/li>    <li>Los operadores deben usar equipo de protecci\u00f3n durante la limpieza.<\/li> <\/ul> <\/li> <\/ul>    <figure class=\"wp-block-gallery has-nested-images columns-default is-cropped wp-block-gallery-4 is-layout-flex wp-block-gallery-is-layout-flex\"> <figure class=\"wp-block-image size-full\"><img loading=\"lazy\" decoding=\"async\" width=\"540\" height=\"720\" data-id=\"1164\" src=\"https:\/\/meat-machine.com\/wp-content\/uploads\/2023\/03\/Meat-Smoker-Machine-1.webp\" alt=\"M\u00e1quina Ahumadora de Carne\" class=\"wp-image-1164\" title=\"\" srcset=\"https:\/\/meat-machine.com\/wp-content\/uploads\/2023\/03\/Meat-Smoker-Machine-1.webp 540w, https:\/\/meat-machine.com\/wp-content\/uploads\/2023\/03\/Meat-Smoker-Machine-1-225x300.webp 225w, https:\/\/meat-machine.com\/wp-content\/uploads\/2023\/03\/Meat-Smoker-Machine-1-9x12.webp 9w\" sizes=\"auto, (max-width: 540px) 100vw, 540px\" \/><figcaption class=\"wp-element-caption\">M\u00e1quina Ahumadora de Carne<\/figcaption><\/figure>    <figure class=\"wp-block-image size-full\"><img loading=\"lazy\" decoding=\"async\" width=\"540\" height=\"720\" data-id=\"1165\" src=\"https:\/\/meat-machine.com\/wp-content\/uploads\/2023\/03\/meat-smoking-machine.webp\" alt=\"maquina para fumar carne\" class=\"wp-image-1165\" title=\"\" srcset=\"https:\/\/meat-machine.com\/wp-content\/uploads\/2023\/03\/meat-smoking-machine.webp 540w, https:\/\/meat-machine.com\/wp-content\/uploads\/2023\/03\/meat-smoking-machine-225x300.webp 225w, https:\/\/meat-machine.com\/wp-content\/uploads\/2023\/03\/meat-smoking-machine-9x12.webp 9w\" sizes=\"auto, (max-width: 540px) 100vw, 540px\" \/><figcaption class=\"wp-element-caption\">M\u00e1quina de Ahumar Carne<\/figcaption><\/figure> <\/figure>    <h2 class=\"wp-block-heading\">Conclusi\u00f3n<\/h2>    <p class=\"wp-block-paragraph translation-block\">Nuestra <strong>m\u00e1quina ahumadora de carne<\/strong> ofrece resultados de ahumado consistentes, f\u00e1cil limpieza y rendimiento confiable. Cont\u00e1ctanos hoy para una cotizaci\u00f3n y d\u00e9janos ayudarte a elegir el modelo adecuado para tus necesidades. <\/p>    <p class=\"wp-block-paragraph translation-block\">Tambi\u00e9n ofrecemos una amplia gama de otras m\u00e1quinas de procesamiento de alimentos, desde <a href=\"https:\/\/meat-machine.com\/es\/productos\/picadora-de-carne\/\" data-type=\"link\" data-id=\"https:\/\/meat-machine.com\/products\/meat-grinder\/\">molinos de carne<\/a> hasta <a href=\"https:\/\/meat-machine.com\/es\/producto\/linea-de-procesamiento-de-salchichas\/\" data-type=\"link\" data-id=\"https:\/\/meat-machine.com\/product\/sausage-processing-line\/\">m\u00e1quinas de embutido<\/a>\u2014explora nuestra l\u00ednea completa y encuentra la soluci\u00f3n perfecta para tu l\u00ednea de producci\u00f3n.<\/p>","protected":false},"excerpt":{"rendered":"<p>La M\u00e1quina Ahumadora de Carne se utiliza para ahumar salchicha, jam\u00f3n, aves, pescado y otros productos c\u00e1rnicos, mejorando su sabor con un aroma ahumado rico durante el procesamiento.<\/p>","protected":false},"author":1,"featured_media":375,"parent":0,"template":"","tags":[27],"product-type":[4],"class_list":["post-363","product","type-product","status-publish","has-post-thumbnail","hentry","tag-smoke-oven","product-type-meat-grinder"],"_links":{"self":[{"href":"https:\/\/meat-machine.com\/es\/wp-json\/wp\/v2\/product\/363","targetHints":{"allow":["GET"]}}],"collection":[{"href":"https:\/\/meat-machine.com\/es\/wp-json\/wp\/v2\/product"}],"about":[{"href":"https:\/\/meat-machine.com\/es\/wp-json\/wp\/v2\/types\/product"}],"author":[{"embeddable":true,"href":"https:\/\/meat-machine.com\/es\/wp-json\/wp\/v2\/users\/1"}],"wp:featuredmedia":[{"embeddable":true,"href":"https:\/\/meat-machine.com\/es\/wp-json\/wp\/v2\/media\/375"}],"wp:attachment":[{"href":"https:\/\/meat-machine.com\/es\/wp-json\/wp\/v2\/media?parent=363"}],"wp:term":[{"taxonomy":"post_tag","embeddable":true,"href":"https:\/\/meat-machine.com\/es\/wp-json\/wp\/v2\/tags?post=363"},{"taxonomy":"product-type","embeddable":true,"href":"https:\/\/meat-machine.com\/es\/wp-json\/wp\/v2\/product-type?post=363"}],"curies":[{"name":"wp","href":"https:\/\/api.w.org\/{rel}","templated":true}]}}