{"id":283,"date":"2023-01-16T17:55:26","date_gmt":"2023-01-16T09:55:26","guid":{"rendered":"https:\/\/meat-machine.com\/?post_type=product&#038;p=283"},"modified":"2026-03-04T16:48:42","modified_gmt":"2026-03-04T08:48:42","slug":"maquina-de-sierra-de-huesos-comercial","status":"publish","type":"product","link":"https:\/\/meat-machine.com\/es\/product\/commercial-bone-saw-machine\/","title":{"rendered":"M\u00e1quina de sierra para huesos comercial | Sierra de cinta comercial para carne"},"content":{"rendered":"<div class=\"kk-star-ratings kksr-auto kksr-align-left kksr-valign-top\"     data-payload='{&quot;align&quot;:&quot;left&quot;,&quot;id&quot;:&quot;283&quot;,&quot;slug&quot;:&quot;default&quot;,&quot;valign&quot;:&quot;top&quot;,&quot;ignore&quot;:&quot;&quot;,&quot;reference&quot;:&quot;auto&quot;,&quot;class&quot;:&quot;&quot;,&quot;count&quot;:&quot;15&quot;,&quot;legendonly&quot;:&quot;&quot;,&quot;readonly&quot;:&quot;&quot;,&quot;score&quot;:&quot;4.7&quot;,&quot;starsonly&quot;:&quot;&quot;,&quot;best&quot;:&quot;5&quot;,&quot;gap&quot;:&quot;5&quot;,&quot;greet&quot;:&quot;Rate this product&quot;,&quot;legend&quot;:&quot;4.7\\\/5 - (15 votos)&quot;,&quot;size&quot;:&quot;24&quot;,&quot;title&quot;:&quot;Commercial Bone Saw Machine | Commercial Meat Band Saw&quot;,&quot;width&quot;:&quot;133.8&quot;,&quot;_legend&quot;:&quot;{score}\\\/{best} - ({count} {votes})&quot;,&quot;font_factor&quot;:&quot;1.25&quot;}'>              <div class=\"kksr-stars\">      <div class=\"kksr-stars-inactive\">             <div class=\"kksr-star\" data-star=\"1\" style=\"padding-right: 5px\">               <div class=\"kksr-icon\" style=\"width: 24px; height: 24px;\"><\/div>         <\/div>             <div class=\"kksr-star\" data-star=\"2\" style=\"padding-right: 5px\">               <div class=\"kksr-icon\" style=\"width: 24px; height: 24px;\"><\/div>         <\/div>             <div class=\"kksr-star\" data-star=\"3\" style=\"padding-right: 5px\">               <div class=\"kksr-icon\" style=\"width: 24px; height: 24px;\"><\/div>         <\/div>             <div class=\"kksr-star\" data-star=\"4\" style=\"padding-right: 5px\">               <div class=\"kksr-icon\" style=\"width: 24px; height: 24px;\"><\/div>         <\/div>             <div class=\"kksr-star\" data-star=\"5\" style=\"padding-right: 5px\">               <div class=\"kksr-icon\" style=\"width: 24px; height: 24px;\"><\/div>         <\/div>     <\/div>      <div class=\"kksr-stars-active\" style=\"width: 133.8px;\">             <div class=\"kksr-star\" style=\"padding-right: 5px\">               <div class=\"kksr-icon\" style=\"width: 24px; height: 24px;\"><\/div>         <\/div>             <div class=\"kksr-star\" style=\"padding-right: 5px\">               <div class=\"kksr-icon\" style=\"width: 24px; height: 24px;\"><\/div>         <\/div>             <div class=\"kksr-star\" style=\"padding-right: 5px\">               <div class=\"kksr-icon\" style=\"width: 24px; height: 24px;\"><\/div>         <\/div>             <div class=\"kksr-star\" style=\"padding-right: 5px\">               <div class=\"kksr-icon\" style=\"width: 24px; height: 24px;\"><\/div>         <\/div>             <div class=\"kksr-star\" style=\"padding-right: 5px\">               <div class=\"kksr-icon\" style=\"width: 24px; height: 24px;\"><\/div>         <\/div>     <\/div> <\/div>                   <div class=\"kksr-legend\" style=\"font-size: 19.2px;\">             4,7\/5 - (15 votos)    <\/div>     <\/div>  <p class=\"wp-block-paragraph\">La m\u00e1quina comercial de sierra de huesos puede cortar r\u00e1pida y precisamente diversos productos c\u00e1rnicos con hueso y carne congelada. <\/p>    <p class=\"wp-block-paragraph\">Equipada con un sistema de sierra de banda de alta velocidad, la m\u00e1quina funciona de manera suave y ofrece superficies de corte limpias y uniformes, mejorando significativamente la eficiencia del procesamiento y reduciendo los costos laborales. <\/p>    <p class=\"wp-block-paragraph\">Con un rango ajustable de ancho de corte de 0\u2013580 mm, puede cumplir con diferentes requisitos de tama\u00f1o y se usa ampliamente en plantas de procesamiento de alimentos, cocinas centrales y talleres de corte de carne.<\/p>    <figure class=\"wp-block-embed is-type-video is-provider-youtube wp-block-embed-youtube wp-embed-aspect-9-16 wp-has-aspect-ratio\"><div class=\"wp-block-embed__wrapper\"> <iframe loading=\"lazy\" title=\"M\u00e1quina industrial de sierra de huesos para planta de procesamiento de carne #huesos #procesamientodealimentos #m\u00e1quinadealimentos\" width=\"422\" height=\"750\" src=\"https:\/\/www.youtube.com\/embed\/LKkPTC52Qh4?feature=oembed\" frameborder=\"0\" allow=\"accelerometer; autoplay; clipboard-write; encrypted-media; gyroscope; picture-in-picture; web-share\" referrerpolicy=\"strict-origin-when-cross-origin\" allowfullscreen><\/iframe> <\/div><figcaption class=\"wp-element-caption\">Video de funcionamiento de la m\u00e1quina de sierra de huesos<\/figcaption><\/figure>    <h2 class=\"wp-block-heading\">Aplicaciones de la sierra de huesos el\u00e9ctrica<\/h2>    <p class=\"wp-block-paragraph\">La sierra de huesos el\u00e9ctrica es muy vers\u00e1til y adecuada para una amplia gama de tareas de procesamiento de carne. Puede cortar eficientemente huesos peque\u00f1os a medianos, costillas, carne fresca, carne congelada y pescado congelado. <\/p>    <p class=\"wp-block-paragraph\">Esta versatilidad la hace ideal para su uso en plantas de procesamiento de carne, mataderos, f\u00e1bricas de alimentos y cocinas o restaurantes de gran escala. <\/p>    <p class=\"wp-block-paragraph translation-block\">Adem\u00e1s de la sierra de huesos, tambi\u00e9n ofrecemos m\u00e1quinas especializadas <a href=\"https:\/\/meat-machine.com\/es\/producto\/maquina-para-cortar-carne\/\" data-type=\"link\" data-id=\"https:\/\/meat-machine.com\/product\/meat-dicing-machine\/\">de corte de carne<\/a> y <a href=\"https:\/\/meat-machine.com\/es\/producto\/molinillo-de-huesos\/\" data-type=\"link\" data-id=\"https:\/\/meat-machine.com\/product\/bone-grinder\/\">de trituraci\u00f3n de huesos<\/a> para apoyar soluciones completas de procesamiento de carne.<\/p>   <div class=\"wp-block-image\"> <figure class=\"aligncenter size-full\"><img loading=\"lazy\" decoding=\"async\" width=\"720\" height=\"540\" src=\"https:\/\/meat-machine.com\/wp-content\/uploads\/2023\/01\/application.webp\" alt=\"solicitud\" class=\"wp-image-284\" title=\"\" srcset=\"https:\/\/meat-machine.com\/wp-content\/uploads\/2023\/01\/application.webp 720w, https:\/\/meat-machine.com\/wp-content\/uploads\/2023\/01\/application-300x225.webp 300w\" sizes=\"auto, (max-width: 720px) 100vw, 720px\" \/><figcaption class=\"wp-element-caption\">solicitud<\/figcaption><\/figure> <\/div>   <h2 class=\"wp-block-heading\">Estructura de la sierra de huesos<\/h2>    <div class=\"wp-block-media-text is-stacked-on-mobile\"><figure class=\"wp-block-media-text__media\"><img loading=\"lazy\" decoding=\"async\" width=\"720\" height=\"540\" src=\"https:\/\/meat-machine.com\/wp-content\/uploads\/2023\/01\/bone-saw-machine.webp\" alt=\"m\u00e1quina de sierra para huesos\" class=\"wp-image-285 size-full\" title=\"\" srcset=\"https:\/\/meat-machine.com\/wp-content\/uploads\/2023\/01\/bone-saw-machine.webp 720w, https:\/\/meat-machine.com\/wp-content\/uploads\/2023\/01\/bone-saw-machine-300x225.webp 300w\" sizes=\"auto, (max-width: 720px) 100vw, 720px\" \/><\/figure><div class=\"wp-block-media-text__content\"> <p class=\"wp-block-paragraph\">La sierra de huesos tiene un dise\u00f1o estructural compacto y pr\u00e1ctico, compuesto principalmente por un motor potente, una hoja de sierra afilada, una mesa de trabajo controlada el\u00e9ctricamente, una superficie de operaci\u00f3n plana y un marco de soporte resistente. <\/p>    <p class=\"wp-block-paragraph\">El motor proporciona potencia estable para impulsar la hoja de sierra de manera eficiente, mientras que la mesa de trabajo ajustable asegura una colocaci\u00f3n precisa del material. Su marco reforzado mejora la estabilidad general durante el funcionamiento. <\/p> <\/div><\/div>    <h2 class=\"wp-block-heading\">\u00bfC\u00f3mo utilizar la m\u00e1quina de sierra para huesos?<\/h2>    <ul class=\"wp-block-list\"> <li><strong>Ajusta la posici\u00f3n de la rueda motriz<\/strong> \u2013 Afloja el tornillo de fijaci\u00f3n en el casquillo del pasador y mueve el pasador de localizaci\u00f3n deslizante para alinear correctamente la rueda motriz.<\/li>    <li><strong>Configura el \u00e1ngulo de pitch del eje motriz<\/strong> \u2013 Ajusta el perno exterior de la cubierta para lograr el \u00e1ngulo de pitch correcto para un funcionamiento suave.<\/li>    <li><strong>Verifica la tensi\u00f3n de la hoja de sierra<\/strong> \u2013 Aseg\u00farate de que la hoja de sierra est\u00e9 bien ajustada para evitar deslizamientos durante el corte.<\/li>    <li><strong>Enciende el motor<\/strong> \u2013 Enciende la m\u00e1quina para comenzar a operar.<\/li>    <li><strong>Coloca el material en la mesa de trabajo<\/strong> \u2013 Coloca los huesos u otros ingredientes en la bandeja removible.<\/li>    <li><strong>Alimenta el material a trav\u00e9s de la sierra<\/strong> \u2013 Empuja lentamente el material hacia adelante hasta que pase por la hoja de sierra.<\/li>    <li><strong>Recoge los trozos cortados<\/strong> \u2013 Los huesos y la carne se cortan al tama\u00f1o deseado y est\u00e1n listos para un procesamiento adicional.<\/li> <\/ul>   <div class=\"wp-block-image\"> <figure class=\"aligncenter size-full\"><img loading=\"lazy\" decoding=\"async\" width=\"720\" height=\"540\" src=\"https:\/\/meat-machine.com\/wp-content\/uploads\/2023\/01\/commercial-meat-band-saw.webp\" alt=\"M\u00e1quina comercial de sierra de huesos\" class=\"wp-image-286\" title=\"\" srcset=\"https:\/\/meat-machine.com\/wp-content\/uploads\/2023\/01\/commercial-meat-band-saw.webp 720w, https:\/\/meat-machine.com\/wp-content\/uploads\/2023\/01\/commercial-meat-band-saw-300x225.webp 300w\" sizes=\"auto, (max-width: 720px) 100vw, 720px\" \/><figcaption class=\"wp-element-caption\">M\u00e1quina comercial de sierra de huesos<\/figcaption><\/figure> <\/div>   <h2 class=\"wp-block-heading\">Ventajas de la sierra para huesos comercial<\/h2>    <div class=\"wp-block-media-text has-media-on-the-right is-stacked-on-mobile\"><div class=\"wp-block-media-text__content\"> <ul class=\"wp-block-list\"> <li><strong>Construcci\u00f3n en acero inoxidable de grado alimentario<\/strong> \u2013 Todas las partes en contacto con los ingredientes est\u00e1n hechas de acero inoxidable, cumpliendo con las normas de higiene alimentaria y garantizando durabilidad.<\/li>    <li><strong>Alta estabilidad y precisi\u00f3n<\/strong> \u2013 La mesa de trabajo plana y reforzada evita movimientos durante el corte, incluso al procesar huesos grandes, asegurando resultados precisos.<\/li> <\/ul> <\/div><figure class=\"wp-block-media-text__media\"><img loading=\"lazy\" decoding=\"async\" width=\"720\" height=\"540\" src=\"https:\/\/meat-machine.com\/wp-content\/uploads\/2023\/01\/bone-saw-machine-for-sale.webp\" alt=\"Venta de m\u00e1quina de sierra para huesos\" class=\"wp-image-290 size-full\" title=\"\" srcset=\"https:\/\/meat-machine.com\/wp-content\/uploads\/2023\/01\/bone-saw-machine-for-sale.webp 720w, https:\/\/meat-machine.com\/wp-content\/uploads\/2023\/01\/bone-saw-machine-for-sale-300x225.webp 300w\" sizes=\"auto, (max-width: 720px) 100vw, 720px\" \/><\/figure><\/div>    <div class=\"wp-block-media-text is-stacked-on-mobile\"><figure class=\"wp-block-media-text__media\"><img loading=\"lazy\" decoding=\"async\" width=\"540\" height=\"720\" src=\"https:\/\/meat-machine.com\/wp-content\/uploads\/2023\/01\/Bone-Saw-Machine-price.webp\" alt=\"Precio de la sierra de huesos\" class=\"wp-image-1118 size-full\" title=\"\" srcset=\"https:\/\/meat-machine.com\/wp-content\/uploads\/2023\/01\/Bone-Saw-Machine-price.webp 540w, https:\/\/meat-machine.com\/wp-content\/uploads\/2023\/01\/Bone-Saw-Machine-price-225x300.webp 225w, https:\/\/meat-machine.com\/wp-content\/uploads\/2023\/01\/Bone-Saw-Machine-price-9x12.webp 9w\" sizes=\"auto, (max-width: 540px) 100vw, 540px\" \/><\/figure><div class=\"wp-block-media-text__content\"> <ul class=\"wp-block-list\"> <li><strong>Dise\u00f1o de seguridad mejorado<\/strong> \u2013 La palanca de seguridad integrada y los dispositivos de protecci\u00f3n proporcionan una operaci\u00f3n m\u00e1s segura y confiable.<\/li>    <li><strong>Sistema ajustable de banda de sierra<\/strong> \u2013 El dispositivo de tensi\u00f3n de presi\u00f3n de la banda de sierra permite una f\u00e1cil instalaci\u00f3n y ajuste preciso de la banda para un rendimiento \u00f3ptimo.<\/li>    <li><strong>F\u00e1cil de limpiar y mantener<\/strong> \u2013 La estructura sencilla y el dise\u00f1o de superficie lisa hacen que la m\u00e1quina sea f\u00e1cil de limpiar y mantener.<\/li> <\/ul> <\/div><\/div>    <h2 class=\"wp-block-heading\">Instrucciones de seguridad para sierras de cinta comerciales para carne<\/h2>    <ul class=\"wp-block-list\"> <li><strong>Usa equipo de protecci\u00f3n<\/strong> \u2013 Los operadores siempre deben usar guantes de seguridad para evitar lesiones por la hoja de sierra durante el manejo.<\/li>    <li><strong>Usa el empujador de carne<\/strong> \u2013 Siempre usa la varilla empujadora de carne proporcionada para alimentar la carne en la sierra; nunca empujes la carne con las manos para evitar accidentes.<\/li>    <li><strong>Apaga la m\u00e1quina durante el mantenimiento<\/strong> \u2013 Si la m\u00e1quina se atasca o muestra alguna anomal\u00eda, desconecta inmediatamente la alimentaci\u00f3n antes de realizar mantenimiento. Nunca intentes repararla con la m\u00e1quina encendida para evitar lesiones.<\/li>    <li><strong>Mant\u00e9n pr\u00e1cticas seguras de operaci\u00f3n<\/strong> \u2013 Mant\u00e9n una distancia segura, conc\u00e9ntrate mientras operas y nunca cortes carne cruda y cocida juntas para evitar contaminaci\u00f3n cruzada y riesgos microbianos.<\/li> <\/ul>    <figure class=\"wp-block-image size-full\"><img loading=\"lazy\" decoding=\"async\" width=\"540\" height=\"720\" src=\"https:\/\/meat-machine.com\/wp-content\/uploads\/2023\/01\/industrial-Bone-Saw-Machine.webp\" alt=\"M\u00e1quina de sierra de huesos industrial\" class=\"wp-image-1119\" title=\"\" srcset=\"https:\/\/meat-machine.com\/wp-content\/uploads\/2023\/01\/industrial-Bone-Saw-Machine.webp 540w, https:\/\/meat-machine.com\/wp-content\/uploads\/2023\/01\/industrial-Bone-Saw-Machine-225x300.webp 225w, https:\/\/meat-machine.com\/wp-content\/uploads\/2023\/01\/industrial-Bone-Saw-Machine-9x12.webp 9w\" sizes=\"auto, (max-width: 540px) 100vw, 540px\" \/><figcaption class=\"wp-element-caption\">M\u00e1quina de sierra de huesos industrial<\/figcaption><\/figure>    <h2 class=\"wp-block-heading\">Par\u00e1metros de la m\u00e1quina de sierra de huesos comercial<\/h2>    <figure class=\"wp-block-table\"><table class=\"has-fixed-layout\"><thead><tr><th>Modelo<\/th><th>TZ-210<\/th><th>TZ-320<\/th><th>TZ-350<\/th><th>TZ-430<\/th><th>TZ-500<\/th><th>TZ-600<\/th><\/tr><\/thead><tbody><tr><td>Voltaje<\/td><td>220V 50Hz Monof\u00e1sico<\/td><td>220\/380V<\/td><td>220\/380V 50Hz<\/td><td>220V\/380V 50\/60Hz<\/td><td>380V<\/td><td>380V<\/td><\/tr><tr><td>Fuerza<\/td><td>1.1kW<\/td><td>1.1kW<\/td><td>1.5kW<\/td><td>3kW<\/td><td>2.2kW<\/td><td>3kW<\/td><\/tr><tr><td>Di\u00e1metro de la polea<\/td><td>\u2014<\/td><td>250mm<\/td><td>350mm<\/td><td>400mm<\/td><td>400mm<\/td><td>260mm (cuatro ruedas)<\/td><\/tr><tr><td>Longitud de la hoja de sierra<\/td><td>1650mm<\/td><td>2040mm<\/td><td>2420mm<\/td><td>3150mm<\/td><td>3370mm<\/td><td>3400mm<\/td><\/tr><tr><td>Tama\u00f1o de la mesa de trabajo<\/td><td>600\u00d7415mm<\/td><td>590\u00d7480\u00d7300mm<\/td><td>760\u00d7640mm<\/td><td>840\u00d7750mm<\/td><td>880\u00d7760mm<\/td><td>1000\u00d71056mm<\/td><\/tr><tr><td>Altura de corte<\/td><td>225mm<\/td><td>10\u2013200mm<\/td><td>350mm<\/td><td>430mm<\/td><td>565mm<\/td><td>0\u2013600mm<\/td><\/tr><tr><td>Ancho de corte<\/td><td>189mm<\/td><td>\u2014<\/td><td>265mm<\/td><td>0\u2013360mm ajustable<\/td><td>370mm<\/td><td>0\u2013580mm<\/td><\/tr><tr><td>Tama\u00f1o de la m\u00e1quina<\/td><td>620\u00d7505\u00d7945mm<\/td><td>600\u00d7675\u00d71170mm<\/td><td>850\u00d7670\u00d71660mm<\/td><td>900\u00d7980\u00d71850mm<\/td><td>1080\u00d7970\u00d71935mm<\/td><td>985\u00d71215\u00d71745mm<\/td><\/tr><tr><td>Peso neto<\/td><td>52 kilos<\/td><td>85kg<\/td><td>98kg<\/td><td>161kg<\/td><td>186kg<\/td><td>200kg<\/td><\/tr><tr><td>Tama\u00f1o de embalaje<\/td><td>700\u00d7570\u00d71080mm<\/td><td>680\u00d7620\u00d71180mm<\/td><td>960\u00d7960\u00d71860mm<\/td><td>\u2014<\/td><td>1140\u00d71002\u00d72000mm<\/td><td>1025\u00d71255\u00d71900mm<\/td><\/tr><\/tbody><\/table><figcaption class=\"wp-element-caption\">par\u00e1metros de la sierra de huesos<\/figcaption><\/figure>    <figure class=\"wp-block-image size-full\"><img loading=\"lazy\" decoding=\"async\" width=\"720\" height=\"540\" src=\"https:\/\/meat-machine.com\/wp-content\/uploads\/2023\/01\/Bone-Saw-Machine-1.webp\" alt=\"M\u00e1quina de sierra de huesos\" class=\"wp-image-1120\" title=\"\" srcset=\"https:\/\/meat-machine.com\/wp-content\/uploads\/2023\/01\/Bone-Saw-Machine-1.webp 720w, https:\/\/meat-machine.com\/wp-content\/uploads\/2023\/01\/Bone-Saw-Machine-1-300x225.webp 300w, https:\/\/meat-machine.com\/wp-content\/uploads\/2023\/01\/Bone-Saw-Machine-1-16x12.webp 16w\" sizes=\"auto, (max-width: 720px) 100vw, 720px\" \/><figcaption class=\"wp-element-caption\">M\u00e1quina de sierra de huesos<\/figcaption><\/figure>    <h2 class=\"wp-block-heading\">Conclusi\u00f3n<\/h2>    <p class=\"wp-block-paragraph\">En resumen, la m\u00e1quina comercial de sierra de huesos puede cortar carne con hueso, carne congelada y pescado con precisi\u00f3n y seguridad. Su construcci\u00f3n duradera en acero inoxidable, ancho de corte ajustable y dise\u00f1o f\u00e1cil de usar la hacen ideal para plantas de procesamiento de carne, mataderos, f\u00e1bricas de alimentos y cocinas grandes. <\/p>    <p class=\"wp-block-paragraph\">Cont\u00e1ctanos hoy para obtener m\u00e1s informaci\u00f3n y solicitar una cotizaci\u00f3n para tus necesidades de procesamiento de carne.<\/p>","protected":false},"excerpt":{"rendered":"<p>La m\u00e1quina comercial de sierra de huesos puede cortar r\u00e1pida y precisamente diversos productos c\u00e1rnicos con hueso y carne congelada. <\/p>","protected":false},"author":1,"featured_media":288,"parent":0,"template":"","tags":[80],"product-type":[3],"class_list":["post-283","product","type-product","status-publish","has-post-thumbnail","hentry","tag-commercial-bone-saw-machine","product-type-bone-grinder"],"_links":{"self":[{"href":"https:\/\/meat-machine.com\/es\/wp-json\/wp\/v2\/product\/283","targetHints":{"allow":["GET"]}}],"collection":[{"href":"https:\/\/meat-machine.com\/es\/wp-json\/wp\/v2\/product"}],"about":[{"href":"https:\/\/meat-machine.com\/es\/wp-json\/wp\/v2\/types\/product"}],"author":[{"embeddable":true,"href":"https:\/\/meat-machine.com\/es\/wp-json\/wp\/v2\/users\/1"}],"wp:featuredmedia":[{"embeddable":true,"href":"https:\/\/meat-machine.com\/es\/wp-json\/wp\/v2\/media\/288"}],"wp:attachment":[{"href":"https:\/\/meat-machine.com\/es\/wp-json\/wp\/v2\/media?parent=283"}],"wp:term":[{"taxonomy":"post_tag","embeddable":true,"href":"https:\/\/meat-machine.com\/es\/wp-json\/wp\/v2\/tags?post=283"},{"taxonomy":"product-type","embeddable":true,"href":"https:\/\/meat-machine.com\/es\/wp-json\/wp\/v2\/product-type?post=283"}],"curies":[{"name":"wp","href":"https:\/\/api.w.org\/{rel}","templated":true}]}}