{"id":271,"date":"2023-01-05T15:23:39","date_gmt":"2023-01-05T07:23:39","guid":{"rendered":"https:\/\/meat-machine.com\/?post_type=product&#038;p=271"},"modified":"2026-03-03T18:00:31","modified_gmt":"2026-03-03T10:00:31","slug":"trituradora-de-huesos-de-pollo","status":"publish","type":"product","link":"https:\/\/meat-machine.com\/es\/product\/chicken-bone-grinder\/","title":{"rendered":"Molinillo de huesos de pollo | M\u00e1quina trituradora de huesos"},"content":{"rendered":"<div class=\"kk-star-ratings kksr-auto kksr-align-left kksr-valign-top\"     data-payload='{&quot;align&quot;:&quot;left&quot;,&quot;id&quot;:&quot;271&quot;,&quot;slug&quot;:&quot;default&quot;,&quot;valign&quot;:&quot;top&quot;,&quot;ignore&quot;:&quot;&quot;,&quot;reference&quot;:&quot;auto&quot;,&quot;class&quot;:&quot;&quot;,&quot;count&quot;:&quot;18&quot;,&quot;legendonly&quot;:&quot;&quot;,&quot;readonly&quot;:&quot;&quot;,&quot;score&quot;:&quot;4.7&quot;,&quot;starsonly&quot;:&quot;&quot;,&quot;best&quot;:&quot;5&quot;,&quot;gap&quot;:&quot;5&quot;,&quot;greet&quot;:&quot;Rate this product&quot;,&quot;legend&quot;:&quot;4.7\\\/5 - (18 votos)&quot;,&quot;size&quot;:&quot;24&quot;,&quot;title&quot;:&quot;Chicken Bone Grinder | Bone Grinding Machine&quot;,&quot;width&quot;:&quot;133.8&quot;,&quot;_legend&quot;:&quot;{score}\\\/{best} - ({count} {votes})&quot;,&quot;font_factor&quot;:&quot;1.25&quot;}'>              <div class=\"kksr-stars\">      <div class=\"kksr-stars-inactive\">             <div class=\"kksr-star\" data-star=\"1\" style=\"padding-right: 5px\">               <div class=\"kksr-icon\" style=\"width: 24px; height: 24px;\"><\/div>         <\/div>             <div class=\"kksr-star\" data-star=\"2\" style=\"padding-right: 5px\">               <div class=\"kksr-icon\" style=\"width: 24px; height: 24px;\"><\/div>         <\/div>             <div class=\"kksr-star\" data-star=\"3\" style=\"padding-right: 5px\">               <div class=\"kksr-icon\" style=\"width: 24px; height: 24px;\"><\/div>         <\/div>             <div class=\"kksr-star\" data-star=\"4\" style=\"padding-right: 5px\">               <div class=\"kksr-icon\" style=\"width: 24px; height: 24px;\"><\/div>         <\/div>             <div class=\"kksr-star\" data-star=\"5\" style=\"padding-right: 5px\">               <div class=\"kksr-icon\" style=\"width: 24px; height: 24px;\"><\/div>         <\/div>     <\/div>      <div class=\"kksr-stars-active\" style=\"width: 133.8px;\">             <div class=\"kksr-star\" style=\"padding-right: 5px\">               <div class=\"kksr-icon\" style=\"width: 24px; height: 24px;\"><\/div>         <\/div>             <div class=\"kksr-star\" style=\"padding-right: 5px\">               <div class=\"kksr-icon\" style=\"width: 24px; height: 24px;\"><\/div>         <\/div>             <div class=\"kksr-star\" style=\"padding-right: 5px\">               <div class=\"kksr-icon\" style=\"width: 24px; height: 24px;\"><\/div>         <\/div>             <div class=\"kksr-star\" style=\"padding-right: 5px\">               <div class=\"kksr-icon\" style=\"width: 24px; height: 24px;\"><\/div>         <\/div>             <div class=\"kksr-star\" style=\"padding-right: 5px\">               <div class=\"kksr-icon\" style=\"width: 24px; height: 24px;\"><\/div>         <\/div>     <\/div> <\/div>                   <div class=\"kksr-legend\" style=\"font-size: 19.2px;\">             4,7\/5 - (18 votos)    <\/div>     <\/div>  <p class=\"wp-block-paragraph translation-block\">El <strong>Molinillo de huesos de pollo<\/strong> est\u00e1 dise\u00f1ado para procesar huesos de aves y diversos materiales \u00f3seos de animales. Se aplica ampliamente en plantas de procesamiento de carne, l\u00edneas de producci\u00f3n de polvo de huesos, instalaciones de fabricaci\u00f3n de alimentos para mascotas y industrias de alimentaci\u00f3n animal, donde la reducci\u00f3n eficiente del tama\u00f1o de los huesos es esencial.<\/p>    <p class=\"wp-block-paragraph\">Su prop\u00f3sito principal es maximizar la utilizaci\u00f3n de recursos \u00f3seos mientras reduce los desaf\u00edos en la eliminaci\u00f3n de residuos. Al triturar los huesos en part\u00edculas m\u00e1s peque\u00f1as y uniformes, la m\u00e1quina mejora significativamente la eficiencia del procesamiento posterior. Los materiales procesados son m\u00e1s f\u00e1ciles de manejar en etapas posteriores de molienda, mezcla o prensado, ayudando a acortar el tiempo de producci\u00f3n total, reducir costos laborales y apoyar operaciones a gran escala continuas.<\/p>    <p class=\"wp-block-paragraph translation-block\">La m\u00e1quina es adecuada para una amplia gama de materias primas, incluyendo huesos de pollo, huesos de pato, huesos de ganso, marcos de pollo, patas de pollo y huesos de piernas de pollo. Con un rango de capacidad amplio de <strong>30\u201320.000 kg\/h<\/strong>, el Picador de Huesos de Pollo puede satisfacer las necesidades de talleres a peque\u00f1a escala as\u00ed como de grandes l\u00edneas de producci\u00f3n industrial.<\/p>    <figure class=\"wp-block-embed is-type-video is-provider-youtube wp-block-embed-youtube wp-embed-aspect-9-16 wp-has-aspect-ratio\"><div class=\"wp-block-embed__wrapper\"> <iframe loading=\"lazy\" title=\"Molinillo industrial de pasta de huesos para plantas de procesamiento de carne #huesos #molino #procesamientodealimentos #carne\" width=\"422\" height=\"750\" src=\"https:\/\/www.youtube.com\/embed\/PkMWdw9DV10?feature=oembed\" frameborder=\"0\" allow=\"accelerometer; autoplay; clipboard-write; encrypted-media; gyroscope; picture-in-picture; web-share\" referrerpolicy=\"strict-origin-when-cross-origin\" allowfullscreen><\/iframe> <\/div><figcaption class=\"wp-element-caption\">Video de funcionamiento del molinillo de huesos de pollo<\/figcaption><\/figure>    <h2 class=\"wp-block-heading\">\u00c1mbito de aplicaci\u00f3n de la m\u00e1quina de pasta de huesos<\/h2>    <div class=\"wp-block-media-text is-stacked-on-mobile\"><figure class=\"wp-block-media-text__media\"><img loading=\"lazy\" decoding=\"async\" width=\"720\" height=\"540\" src=\"https:\/\/meat-machine.com\/wp-content\/uploads\/2023\/01\/poultry-bones-and-livestock-bones.webp\" alt=\"huesos de aves y huesos de ganado\" class=\"wp-image-277 size-full\" title=\"\" srcset=\"https:\/\/meat-machine.com\/wp-content\/uploads\/2023\/01\/poultry-bones-and-livestock-bones.webp 720w, https:\/\/meat-machine.com\/wp-content\/uploads\/2023\/01\/poultry-bones-and-livestock-bones-300x225.webp 300w\" sizes=\"auto, (max-width: 720px) 100vw, 720px\" \/><\/figure><div class=\"wp-block-media-text__content\"> <p class=\"wp-block-paragraph translation-block\">El <strong>Molinillo de huesos de pollo<\/strong> puede procesar huesos de aves (pollo, pato) y de ganado (cerdo, vaca, oveja), as\u00ed como moler carne. <\/p>    <p class=\"wp-block-paragraph\">Se usa ampliamente en embutidos, jam\u00f3n, fiambres, alb\u00f3ndigas, comida para mascotas, alimentos congelados, ingredientes para catering, caldo de huesos, condroitina, pegamento de huesos, polvo de huesos, alimentos ricos en calcio, productos de salud y biofarmac\u00e9uticos, lo que lo convierte en un molinillo vers\u00e1til y multifuncional.<\/p> <\/div><\/div>    <h2 class=\"wp-block-heading\">Estructura del molinillo de huesos de pollo<\/h2>    <div class=\"wp-block-media-text has-media-on-the-right is-stacked-on-mobile\"><div class=\"wp-block-media-text__content\"> <p class=\"wp-block-paragraph translation-block\">El <strong>Molinillo de huesos de pollo<\/strong> presenta una estructura compacta y duradera, incluyendo una entrada de alimentaci\u00f3n, estator, rotor, manija ajustable, sistema de enfriamiento, puerto de inyecci\u00f3n de agua, motor, salida de descarga y protecci\u00f3n.<\/p> <\/div><figure class=\"wp-block-media-text__media\"><img loading=\"lazy\" decoding=\"async\" width=\"720\" height=\"540\" src=\"https:\/\/meat-machine.com\/wp-content\/uploads\/2023\/01\/chicken-bone-grinding-machine-structure.webp\" alt=\"estructura de la m\u00e1quina trituradora de huesos de pollo\" class=\"wp-image-275 size-full\" title=\"\" srcset=\"https:\/\/meat-machine.com\/wp-content\/uploads\/2023\/01\/chicken-bone-grinding-machine-structure.webp 720w, https:\/\/meat-machine.com\/wp-content\/uploads\/2023\/01\/chicken-bone-grinding-machine-structure-300x225.webp 300w\" sizes=\"auto, (max-width: 720px) 100vw, 720px\" \/><\/figure><\/div>    <p class=\"wp-block-paragraph\">Los materiales ingresan por la entrada y son triturados por el rotor y el estator de alta velocidad. La manija ajustable controla el tama\u00f1o de las part\u00edculas, mientras que el sistema de enfriamiento y el puerto de inyecci\u00f3n de agua previenen el sobrecalentamiento durante la operaci\u00f3n continua.<\/p>    <p class=\"wp-block-paragraph\">Todos los componentes principales est\u00e1n hechos de acero inoxidable, garantizando una fuerte resistencia al desgaste, resistencia a la corrosi\u00f3n y larga vida \u00fatil.<\/p>    <figure class=\"wp-block-image size-full\"><img loading=\"lazy\" decoding=\"async\" width=\"720\" height=\"540\" src=\"https:\/\/meat-machine.com\/wp-content\/uploads\/2023\/01\/bone-paste-grinding-machine.webp\" alt=\"m\u00e1quina de molienda de pasta de huesos\" class=\"wp-image-1107\" title=\"\" srcset=\"https:\/\/meat-machine.com\/wp-content\/uploads\/2023\/01\/bone-paste-grinding-machine.webp 720w, https:\/\/meat-machine.com\/wp-content\/uploads\/2023\/01\/bone-paste-grinding-machine-300x225.webp 300w, https:\/\/meat-machine.com\/wp-content\/uploads\/2023\/01\/bone-paste-grinding-machine-16x12.webp 16w\" sizes=\"auto, (max-width: 720px) 100vw, 720px\" \/><figcaption class=\"wp-element-caption\">M\u00e1quina de molienda de pasta de huesos<\/figcaption><\/figure>    <h2 class=\"wp-block-heading\">\u00bfC\u00f3mo funciona la trituradora de huesos de pollo?<\/h2>    <div class=\"wp-block-media-text has-media-on-the-right is-stacked-on-mobile\"><div class=\"wp-block-media-text__content\"> <ul class=\"wp-block-list\"> <li>Los huesos crudos de pollo ingresan a la c\u00e1mara de molienda a trav\u00e9s de la entrada de alimentaci\u00f3n.<\/li>    <li>El rotor gira a alta velocidad mientras interact\u00faa con el estator de forma diferente.<\/li>    <li>Los materiales pasan a trav\u00e9s del espacio anular ajustable entre el rotor y el estator.<\/li>    <li>Las fuerzas de corte, fricci\u00f3n, impacto y vibraci\u00f3n de alta frecuencia trituran, emulsifican y mezclan el material.<\/li>    <li>La fuerza centr\u00edfuga y la presi\u00f3n del aire ayudan a mover el material a trav\u00e9s de la zona de molienda.<\/li>    <li>El material finamente procesado se descarga a trav\u00e9s de la salida con un tama\u00f1o de part\u00edcula uniforme.<\/li> <\/ul> <\/div><figure class=\"wp-block-media-text__media\"><img loading=\"lazy\" decoding=\"async\" width=\"720\" height=\"540\" src=\"https:\/\/meat-machine.com\/wp-content\/uploads\/2023\/01\/Chicken-Bone-Grinder.webp\" alt=\"Molinillo de huesos de pollo\" class=\"wp-image-1105 size-full\" title=\"\" srcset=\"https:\/\/meat-machine.com\/wp-content\/uploads\/2023\/01\/Chicken-Bone-Grinder.webp 720w, https:\/\/meat-machine.com\/wp-content\/uploads\/2023\/01\/Chicken-Bone-Grinder-300x225.webp 300w, https:\/\/meat-machine.com\/wp-content\/uploads\/2023\/01\/Chicken-Bone-Grinder-16x12.webp 16w\" sizes=\"auto, (max-width: 720px) 100vw, 720px\" \/><\/figure><\/div>    <h2 class=\"wp-block-heading\">Par\u00e1metros de la m\u00e1quina de pasta de huesos<\/h2>    <figure class=\"wp-block-table\"><table class=\"has-fixed-layout\"><tbody><tr><td>Modelo<\/td><td>Fino de procesamiento (malla)<\/td><td>Capacidad (kg\/h)<\/td><td>Potencia (kilovatios)<\/td><td>Peso (kg)<\/td><td>Tama\u00f1o (mm)<\/td><\/tr><tr><td>TZ-50<\/td><td>30-50<\/td><td>30-50<\/td><td>1.5<\/td><td>50<\/td><td>530*260*580<\/td><\/tr><tr><td>TZ-80<\/td><td>50-100<\/td><td>50-100<\/td><td>4<\/td><td>150<\/td><td>600*410*930<\/td><\/tr><tr><td>TZ-110<\/td><td>100-200<\/td><td>100-300<\/td><td>7.5<\/td><td>175<\/td><td>700*430*1000<\/td><\/tr><tr><td>TZ-130<\/td><td>100-200<\/td><td>300-500<\/td><td>11<\/td><td>285<\/td><td>990*440*1000<\/td><\/tr><tr><td>TZ-160<\/td><td>100-200<\/td><td>500-800<\/td><td>15<\/td><td>300<\/td><td>1000*460*1050<\/td><\/tr><tr><td>TZ-180<\/td><td>100-200<\/td><td>800-1000<\/td><td>18.5<\/td><td>375<\/td><td>1000*490*1100<\/td><\/tr><tr><td>TZ-210<\/td><td>100-200<\/td><td>1000-8000<\/td><td>30<\/td><td>700<\/td><td>1260*600*1230<\/td><\/tr><tr><td>TZ-240<\/td><td>100-200<\/td><td>2000-15000<\/td><td>45<\/td><td>920<\/td><td>1330*630*1280<\/td><\/tr><tr><td>TZ-300<\/td><td>60-200<\/td><td>6000-20000<\/td><td>75<\/td><td>1300<\/td><td>1440*680*1420<\/td><\/tr><\/tbody><\/table><figcaption class=\"wp-element-caption\">Video de funcionamiento del molinillo de huesos de pollo<\/figcaption><\/figure>    <h2 class=\"wp-block-heading\">\u00bfCu\u00e1les son las ventajas de la picadora de huesos de pollo?<\/h2>    <div class=\"wp-block-media-text is-stacked-on-mobile\"><figure class=\"wp-block-media-text__media\"><img loading=\"lazy\" decoding=\"async\" width=\"720\" height=\"540\" src=\"https:\/\/meat-machine.com\/wp-content\/uploads\/2023\/01\/Chicken-Bone-Grinder-details.webp\" alt=\"Detalles del molinillo de huesos de pollo\" class=\"wp-image-1106 size-full\" title=\"\" srcset=\"https:\/\/meat-machine.com\/wp-content\/uploads\/2023\/01\/Chicken-Bone-Grinder-details.webp 720w, https:\/\/meat-machine.com\/wp-content\/uploads\/2023\/01\/Chicken-Bone-Grinder-details-300x225.webp 300w, https:\/\/meat-machine.com\/wp-content\/uploads\/2023\/01\/Chicken-Bone-Grinder-details-16x12.webp 16w\" sizes=\"auto, (max-width: 720px) 100vw, 720px\" \/><\/figure><div class=\"wp-block-media-text__content\"> <ul class=\"wp-block-list\"> <li><strong>Duradero y seguro<\/strong> \u2013 Hecho de acero inoxidable resistente a la corrosi\u00f3n y no t\u00f3xico, garantizando una larga vida \u00fatil y operaci\u00f3n higi\u00e9nica.<\/li>    <li><strong>Molienda de precisi\u00f3n<\/strong> \u2013 El estator y el rotor est\u00e1n bien procesados, con un espacio ajustable controlado por un dial para una calidad de producto constante.<\/li>    <li><strong>Amplia adaptabilidad<\/strong> \u2013 Soporta diferentes tipos de motores y ajustes de velocidad para manejar diversos materiales y requisitos de procesamiento.<\/li> <\/ul> <\/div><\/div>    <div class=\"wp-block-media-text has-media-on-the-right is-stacked-on-mobile\"><div class=\"wp-block-media-text__content\"> <ul class=\"wp-block-list\"> <li><strong>Aplicaciones vers\u00e1tiles<\/strong> \u2013 Apto para alimentos, medicamentos, productos qu\u00edmicos, cosm\u00e9ticos y pl\u00e1sticos ligeros industriales.<\/li>    <li><strong>Operaci\u00f3n f\u00e1cil y segura<\/strong> \u2013 Dise\u00f1ado solo para procesamiento h\u00famedo; cuenta con medidas de seguridad como controles de impurezas, tama\u00f1o adecuado del material y operaci\u00f3n controlada del rotor para prevenir da\u00f1os.<\/li> <\/ul> <\/div><figure class=\"wp-block-media-text__media\"><img loading=\"lazy\" decoding=\"async\" width=\"720\" height=\"540\" src=\"https:\/\/meat-machine.com\/wp-content\/uploads\/2023\/01\/bone-grinder-machine.webp\" alt=\"m\u00e1quina trituradora de huesos\" class=\"wp-image-272 size-full\" title=\"\" srcset=\"https:\/\/meat-machine.com\/wp-content\/uploads\/2023\/01\/bone-grinder-machine.webp 720w, https:\/\/meat-machine.com\/wp-content\/uploads\/2023\/01\/bone-grinder-machine-300x225.webp 300w\" sizes=\"auto, (max-width: 720px) 100vw, 720px\" \/><\/figure><\/div>    <h2 class=\"wp-block-heading\">Conclusi\u00f3n<\/h2>    <p class=\"wp-block-paragraph\">Como fabricante profesional de maquinaria para carne, tenemos una amplia experiencia en producci\u00f3n y exportaci\u00f3n, sirviendo a clientes en m\u00e1s de 20 pa\u00edses.<\/p>    <p class=\"wp-block-paragraph translation-block\">Adem\u00e1s del picador de huesos de pollo, tambi\u00e9n ofrecemos una gama de <a href=\"https:\/\/meat-machine.com\/es\/producto\/\" data-type=\"link\" data-id=\"https:\/\/meat-machine.com\/product\/\">m\u00e1quinas de procesamiento de carne<\/a>, todas dise\u00f1adas para mejorar la eficiencia y la calidad del producto. Si busca equipos confiables y de alta calidad, estamos listos para ofrecer soporte y soluciones profesionales, y le invitamos a explorar nuestra gama completa de productos.<\/p>    <figure class=\"wp-block-image size-full\"><img loading=\"lazy\" decoding=\"async\" width=\"720\" height=\"540\" src=\"https:\/\/meat-machine.com\/wp-content\/uploads\/2023\/01\/Chicken-Bone-Grinder-factory.webp\" alt=\"F\u00e1brica de molinillos de huesos de pollo\" class=\"wp-image-1108\" title=\"\" srcset=\"https:\/\/meat-machine.com\/wp-content\/uploads\/2023\/01\/Chicken-Bone-Grinder-factory.webp 720w, https:\/\/meat-machine.com\/wp-content\/uploads\/2023\/01\/Chicken-Bone-Grinder-factory-300x225.webp 300w, https:\/\/meat-machine.com\/wp-content\/uploads\/2023\/01\/Chicken-Bone-Grinder-factory-16x12.webp 16w\" sizes=\"auto, (max-width: 720px) 100vw, 720px\" \/><figcaption class=\"wp-element-caption\">F\u00e1brica de molinillos de huesos de pollo<\/figcaption><\/figure>","protected":false},"excerpt":{"rendered":"<p>El molinillo de huesos de pollo est\u00e1 dise\u00f1ado para procesar huesos de aves y diversos materiales \u00f3seos de animales. <\/p>","protected":false},"author":1,"featured_media":279,"parent":0,"template":"","tags":[14],"product-type":[3],"class_list":["post-271","product","type-product","status-publish","has-post-thumbnail","hentry","tag-bone-grinding-machine","product-type-bone-grinder"],"_links":{"self":[{"href":"https:\/\/meat-machine.com\/es\/wp-json\/wp\/v2\/product\/271","targetHints":{"allow":["GET"]}}],"collection":[{"href":"https:\/\/meat-machine.com\/es\/wp-json\/wp\/v2\/product"}],"about":[{"href":"https:\/\/meat-machine.com\/es\/wp-json\/wp\/v2\/types\/product"}],"author":[{"embeddable":true,"href":"https:\/\/meat-machine.com\/es\/wp-json\/wp\/v2\/users\/1"}],"wp:featuredmedia":[{"embeddable":true,"href":"https:\/\/meat-machine.com\/es\/wp-json\/wp\/v2\/media\/279"}],"wp:attachment":[{"href":"https:\/\/meat-machine.com\/es\/wp-json\/wp\/v2\/media?parent=271"}],"wp:term":[{"taxonomy":"post_tag","embeddable":true,"href":"https:\/\/meat-machine.com\/es\/wp-json\/wp\/v2\/tags?post=271"},{"taxonomy":"product-type","embeddable":true,"href":"https:\/\/meat-machine.com\/es\/wp-json\/wp\/v2\/product-type?post=271"}],"curies":[{"name":"wp","href":"https:\/\/api.w.org\/{rel}","templated":true}]}}