{"id":259,"date":"2022-12-28T17:02:06","date_gmt":"2022-12-28T09:02:06","guid":{"rendered":"https:\/\/meat-machine.com\/?post_type=product&#038;p=259"},"modified":"2025-12-22T16:56:37","modified_gmt":"2025-12-22T08:56:37","slug":"maquina-secadora-de-pescado","status":"publish","type":"product","link":"https:\/\/meat-machine.com\/es\/product\/fish-dryer-machine\/","title":{"rendered":"M\u00e1quina secadora de pescado | Secadora de pescado"},"content":{"rendered":"<div class=\"kk-star-ratings kksr-auto kksr-align-left kksr-valign-top\"     data-payload='{&quot;align&quot;:&quot;left&quot;,&quot;id&quot;:&quot;259&quot;,&quot;slug&quot;:&quot;default&quot;,&quot;valign&quot;:&quot;top&quot;,&quot;ignore&quot;:&quot;&quot;,&quot;reference&quot;:&quot;auto&quot;,&quot;class&quot;:&quot;&quot;,&quot;count&quot;:&quot;19&quot;,&quot;legendonly&quot;:&quot;&quot;,&quot;readonly&quot;:&quot;&quot;,&quot;score&quot;:&quot;4.8&quot;,&quot;starsonly&quot;:&quot;&quot;,&quot;best&quot;:&quot;5&quot;,&quot;gap&quot;:&quot;5&quot;,&quot;greet&quot;:&quot;Rate this product&quot;,&quot;legend&quot;:&quot;4.8\\\/5 - (19 votos)&quot;,&quot;size&quot;:&quot;24&quot;,&quot;title&quot;:&quot;Fish Dryer Machine | Fish Drying Machine&quot;,&quot;width&quot;:&quot;136.7&quot;,&quot;_legend&quot;:&quot;{score}\\\/{best} - ({count} {votes})&quot;,&quot;font_factor&quot;:&quot;1.25&quot;}'>              <div class=\"kksr-stars\">      <div class=\"kksr-stars-inactive\">             <div class=\"kksr-star\" data-star=\"1\" style=\"padding-right: 5px\">               <div class=\"kksr-icon\" style=\"width: 24px; height: 24px;\"><\/div>         <\/div>             <div class=\"kksr-star\" data-star=\"2\" style=\"padding-right: 5px\">               <div class=\"kksr-icon\" style=\"width: 24px; height: 24px;\"><\/div>         <\/div>             <div class=\"kksr-star\" data-star=\"3\" style=\"padding-right: 5px\">               <div class=\"kksr-icon\" style=\"width: 24px; height: 24px;\"><\/div>         <\/div>             <div class=\"kksr-star\" data-star=\"4\" style=\"padding-right: 5px\">               <div class=\"kksr-icon\" style=\"width: 24px; height: 24px;\"><\/div>         <\/div>             <div class=\"kksr-star\" data-star=\"5\" style=\"padding-right: 5px\">               <div class=\"kksr-icon\" style=\"width: 24px; height: 24px;\"><\/div>         <\/div>     <\/div>      <div class=\"kksr-stars-active\" style=\"width: 136.7px;\">             <div class=\"kksr-star\" style=\"padding-right: 5px\">               <div class=\"kksr-icon\" style=\"width: 24px; height: 24px;\"><\/div>         <\/div>             <div class=\"kksr-star\" style=\"padding-right: 5px\">               <div class=\"kksr-icon\" style=\"width: 24px; height: 24px;\"><\/div>         <\/div>             <div class=\"kksr-star\" style=\"padding-right: 5px\">               <div class=\"kksr-icon\" style=\"width: 24px; height: 24px;\"><\/div>         <\/div>             <div class=\"kksr-star\" style=\"padding-right: 5px\">               <div class=\"kksr-icon\" style=\"width: 24px; height: 24px;\"><\/div>         <\/div>             <div class=\"kksr-star\" style=\"padding-right: 5px\">               <div class=\"kksr-icon\" style=\"width: 24px; height: 24px;\"><\/div>         <\/div>     <\/div> <\/div>                   <div class=\"kksr-legend\" style=\"font-size: 19.2px;\">             4,8\/5 - (19 votos)    <\/div>     <\/div>  <p class=\"wp-block-paragraph translation-block\">La <strong>M\u00e1quina Secadora de Pescado<\/strong> puede secar de manera eficiente diferentes tipos de pescado controlando con precisi\u00f3n la temperatura y la humedad, ayudando a prolongar la vida \u00fatil mientras se mantiene la calidad del producto. Adopta un sistema de secado por bomba de calor con deshumidificaci\u00f3n autom\u00e1tica y circulaci\u00f3n de aire caliente uniforme, ofreciendo un rendimiento de secado limpio, eficiente en energ\u00eda y estable. <\/p>    <p class=\"wp-block-paragraph translation-block\">La m\u00e1quina est\u00e1 disponible en <strong>tres modelos<\/strong> para satisfacer diferentes requisitos de capacidad, equipada con <strong>de 6 a 16 ventiladores<\/strong>, <strong>de 4 a 16 carros<\/strong>, y <strong>de 48 a 192 bandejas de secado<\/strong>, con potencia de motor que var\u00eda desde <strong>3 kW hasta 11 kW<\/strong>. Con su configuraci\u00f3n flexible y operaci\u00f3n confiable, la secadora de pescado es adecuada para plantas de procesamiento de pescado peque\u00f1as, medianas y grandes, as\u00ed como para secar otros materiales alimenticios.<\/p>    <figure class=\"wp-block-embed is-type-video is-provider-youtube wp-block-embed-youtube wp-embed-aspect-16-9 wp-has-aspect-ratio\"><div class=\"wp-block-embed__wrapper\"> https:\/\/www.youtube.com\/shorts\/pglk7VhFJpc <\/div><figcaption class=\"wp-element-caption\">Video de trabajo de la m\u00e1quina de secador de pescado<\/figcaption><\/figure>    <h2 class=\"wp-block-heading\">M\u00e1quina de secado de pescado en venta<\/h2>    <p class=\"wp-block-paragraph\">La m\u00e1quina de secado de peces funciona a una temperatura de secado \u00f3ptima de alrededor de 30 \u00b0 C, asegurando que el proceso de secado sea gradual e par. <\/p>    <p class=\"wp-block-paragraph\">Para lograr los mejores resultados, es crucial mantener una circulaci\u00f3n de aire adecuada y controlar la velocidad de secado para evitar el crecimiento bacteriano y el secado desigual.<\/p>    <div class=\"wp-block-media-text is-stacked-on-mobile\"><figure class=\"wp-block-media-text__media\"><img loading=\"lazy\" decoding=\"async\" width=\"720\" height=\"540\" src=\"https:\/\/meat-machine.com\/wp-content\/uploads\/2022\/12\/dried-fish.webp\" alt=\"pescado seco\" class=\"wp-image-262 size-full\" title=\"\" srcset=\"https:\/\/meat-machine.com\/wp-content\/uploads\/2022\/12\/dried-fish.webp 720w, https:\/\/meat-machine.com\/wp-content\/uploads\/2022\/12\/dried-fish-300x225.webp 300w\" sizes=\"auto, (max-width: 720px) 100vw, 720px\" \/><\/figure><div class=\"wp-block-media-text__content\"> <ul class=\"wp-block-list\"> <li><strong>Mantener una temperatura de secado de alrededor de 30 \u00b0 C<\/strong> - Evite el calor excesivo para evitar la p\u00e9rdida de calidad.<\/li>    <li><strong>Asegure una circulaci\u00f3n de aire adecuada<\/strong> - Un gran volumen de aire circulante ayuda a inhibir el crecimiento bacteriano y mantener un secado uniforme.<\/li>    <li><strong>Velocidad de secado de control<\/strong> - La humedad debe descargarse gradualmente para evitar la acumulaci\u00f3n de agua superficial.<\/li> <\/ul> <\/div><\/div>    <div class=\"wp-block-media-text has-media-on-the-right is-stacked-on-mobile\"><div class=\"wp-block-media-text__content\"> <ul class=\"wp-block-list\"> <li><strong>Secado por uniforme<\/strong> - Aseg\u00farese de que la temperatura del pescado sea consistente y elimine el vapor de agua a tiempo.<\/li>    <li><strong>Verifique la sequedad<\/strong> - Las fauces y las branquias ya no deben liberar agua cuando se aprieta.<\/li> <\/ul> <\/div><figure class=\"wp-block-media-text__media\"><img loading=\"lazy\" decoding=\"async\" width=\"720\" height=\"540\" src=\"https:\/\/meat-machine.com\/wp-content\/uploads\/2022\/12\/dried-fish-2.webp\" alt=\"secado de pescado\" class=\"wp-image-260 size-full\" title=\"\" srcset=\"https:\/\/meat-machine.com\/wp-content\/uploads\/2022\/12\/dried-fish-2.webp 720w, https:\/\/meat-machine.com\/wp-content\/uploads\/2022\/12\/dried-fish-2-300x225.webp 300w\" sizes=\"auto, (max-width: 720px) 100vw, 720px\" \/><\/figure><\/div>    <p class=\"wp-block-paragraph translation-block\">Para obtener mejores resultados, se recomienda utilizar pescado al que se le hayan quitado las v\u00edsceras y las escamas antes de secarlo. Taizy Meat Machinery ofrece equipos de apoyo como una <strong><a href=\"https:\/\/meat-machine.com\/es\/producto\/descalcificadora-automatica-de-pescado\/\" data-type=\"link\" data-id=\"https:\/\/meat-machine.com\/product\/automatic-fish-descaling-machine\/\">m\u00e1quina autom\u00e1tica desescamadora de pescado<\/a><\/strong> y una <strong><a href=\"https:\/\/meat-machine.com\/es\/producto\/maquina-deshuesadora-de-pescado\/\" data-type=\"link\" data-id=\"https:\/\/meat-machine.com\/product\/fish-deboner-machine\/\">m\u00e1quina deshuesadora de pescado<\/a><\/strong> para agilizar el procesamiento del pescado antes del secado.<\/p>    <h2 class=\"wp-block-heading\">Estructura de la m\u00e1quina de secador de pescado<\/h2>    <p class=\"wp-block-paragraph\">La m\u00e1quina de secador de pescado est\u00e1 dise\u00f1ada con una estructura bien integrada para garantizar operaciones de secado eficientes y seguras. Consiste en m\u00faltiples componentes clave, cada uno de los cuales juega un papel crucial en el proceso de secado. <\/p>    <p class=\"wp-block-paragraph translation-block\">El motor principal est\u00e1 construido con sellado y aislamiento t\u00e9rmico, lo que garantiza la eficiencia energ\u00e9tica y la seguridad durante el funcionamiento. La caja de secado est\u00e1 equipada con una placa de <a href=\"https:\/\/en.wikipedia.org\/wiki\/Polycarbonate\" data-type=\"link\" data-id=\"https:\/\/en.wikipedia.org\/wiki\/Polycarbonate\" target=\"_blank\" rel=\"noopener\">policarbonato<\/a> que distribuye el calor de manera uniforme por toda la c\u00e1mara, proporcionando condiciones de secado consistentes.<\/p>    <div class=\"wp-block-media-text is-stacked-on-mobile\"><figure class=\"wp-block-media-text__media\"><img loading=\"lazy\" decoding=\"async\" width=\"720\" height=\"540\" src=\"https:\/\/meat-machine.com\/wp-content\/uploads\/2022\/12\/structure-of-fish-dryer.webp\" alt=\"Estructura de la deshidratadora de pescado\" class=\"wp-image-265 size-full\" title=\"\" srcset=\"https:\/\/meat-machine.com\/wp-content\/uploads\/2022\/12\/structure-of-fish-dryer.webp 720w, https:\/\/meat-machine.com\/wp-content\/uploads\/2022\/12\/structure-of-fish-dryer-300x225.webp 300w\" sizes=\"auto, (max-width: 720px) 100vw, 720px\" \/><\/figure><div class=\"wp-block-media-text__content\"> <ul class=\"wp-block-list\"> <li><strong>Sistema de calefacci\u00f3n de bomba de calor<\/strong> - genera aire caliente de manera eficiente para mantener una temperatura de secado \u00f3ptima.<\/li>    <li><strong>Caja de secado<\/strong> -Una c\u00e1mara bien sellada donde el pez se seca de manera uniforme.<\/li>    <li><strong>Sistema de deshumidificaci\u00f3n autom\u00e1tica<\/strong> - Elimina la humedad r\u00e1pidamente para acelerar el proceso de secado.<\/li>    <li><strong>Sistema de control de temperatura<\/strong> - Regula con precisi\u00f3n la temperatura de secado para obtener resultados consistentes.<\/li>    <li><strong>Sistema de control inteligente<\/strong> - Permite a los usuarios monitorear y ajustar f\u00e1cilmente la configuraci\u00f3n de secado.<\/li>    <li><strong>Motor principal sellado y aislado<\/strong> - previene la p\u00e9rdida de calor y mejora la seguridad durante la operaci\u00f3n.<\/li> <\/ul> <\/div><\/div>    <p class=\"wp-block-paragraph\">Este dise\u00f1o bien estructurado garantiza una alta eficiencia de secado al tiempo que mantiene bajos los costos operativos, por lo que es una soluci\u00f3n ideal para las empresas de procesamiento de mariscos.<\/p>    <h2 class=\"wp-block-heading\">\u00bfC\u00f3mo funciona el secador de pescado?<\/h2>    <div class=\"wp-block-media-text has-media-on-the-right is-stacked-on-mobile\"><div class=\"wp-block-media-text__content\"> <ul class=\"wp-block-list\"> <li>La m\u00e1quina de secador de pescado usa una <strong class=\"\">estufa de aire caliente<\/strong> calentar el aire y generar aire caliente para materiales de secado.<\/li>    <li>Emplea un <strong class=\"\">Sistema de aire caliente de doble circulaci\u00f3n<\/strong> Para evaporar r\u00e1pidamente la humedad del pez, asegurando un secado eficiente.<\/li>    <li>La m\u00e1quina <strong class=\"\">sistema termost\u00e1tico<\/strong> Mantiene la temperatura de la caja con precisi\u00f3n, proporcionando condiciones de secado estable.<\/li> <\/ul> <\/div><figure class=\"wp-block-media-text__media\"><img loading=\"lazy\" decoding=\"async\" width=\"720\" height=\"540\" src=\"https:\/\/meat-machine.com\/wp-content\/uploads\/2022\/12\/tray.webp\" alt=\"bandeja\" class=\"wp-image-266 size-full\" title=\"\" srcset=\"https:\/\/meat-machine.com\/wp-content\/uploads\/2022\/12\/tray.webp 720w, https:\/\/meat-machine.com\/wp-content\/uploads\/2022\/12\/tray-300x225.webp 300w\" sizes=\"auto, (max-width: 720px) 100vw, 720px\" \/><\/figure><\/div>    <div class=\"wp-block-media-text is-stacked-on-mobile\"><figure class=\"wp-block-media-text__media\"><img loading=\"lazy\" decoding=\"async\" width=\"720\" height=\"540\" src=\"https:\/\/meat-machine.com\/wp-content\/uploads\/2022\/12\/fish-dehydrator-machine.webp\" alt=\"m\u00e1quina deshidratadora de pescado\" class=\"wp-image-506 size-full\" title=\"\" srcset=\"https:\/\/meat-machine.com\/wp-content\/uploads\/2022\/12\/fish-dehydrator-machine.webp 720w, https:\/\/meat-machine.com\/wp-content\/uploads\/2022\/12\/fish-dehydrator-machine-300x225.webp 300w\" sizes=\"auto, (max-width: 720px) 100vw, 720px\" \/><\/figure><div class=\"wp-block-media-text__content\"> <ul class=\"wp-block-list\"> <li>Un <strong>Sistema de deshumidificaci\u00f3n autom\u00e1tica<\/strong> descarga r\u00e1pidamente el agua evaporada mientras controla con precisi\u00f3n la humedad \u00f3ptima de secado de la m\u00e1quina.<\/li>    <li>Estas caracter\u00edsticas trabajan juntas para acelerar el proceso de secado al tiempo que garantiza resultados higi\u00e9nicos y consistentes.<\/li> <\/ul> <\/div><\/div>    <h2 class=\"wp-block-heading\">\u00bfCu\u00e1les son las ventajas de la m\u00e1quina?<\/h2>    <div class=\"wp-block-media-text has-media-on-the-right is-stacked-on-mobile\"><div class=\"wp-block-media-text__content\"> <ul class=\"wp-block-list\"> <li><strong>Sistema de control inteligente<\/strong> -El panel de control de la pantalla t\u00e1ctil PLC permite configuraciones precisas de temperatura y deshumidificaci\u00f3n para diferentes etapas de secado, asegurando resultados de alta calidad.<\/li>    <li><strong>Ahorro de energ\u00eda<\/strong> -El sistema de secado de la bomba de calor de energ\u00eda de aire funciona a un bajo costo, consumiendo solo 30% de la energ\u00eda utilizada por los equipos de calefacci\u00f3n el\u00e9ctricos y 60% de los utilizados por los secadores de carb\u00f3n.<\/li> <\/ul> <\/div><figure class=\"wp-block-media-text__media\"><img loading=\"lazy\" decoding=\"async\" width=\"720\" height=\"540\" src=\"https:\/\/meat-machine.com\/wp-content\/uploads\/2022\/12\/fish-dryer-machine.webp\" alt=\"M\u00e1quina secadora de pescado a la venta.\" class=\"wp-image-505 size-full\" title=\"\" srcset=\"https:\/\/meat-machine.com\/wp-content\/uploads\/2022\/12\/fish-dryer-machine.webp 720w, https:\/\/meat-machine.com\/wp-content\/uploads\/2022\/12\/fish-dryer-machine-300x225.webp 300w\" sizes=\"auto, (max-width: 720px) 100vw, 720px\" \/><\/figure><\/div>    <div class=\"wp-block-media-text is-stacked-on-mobile\"><figure class=\"wp-block-media-text__media\"><img loading=\"lazy\" decoding=\"async\" width=\"720\" height=\"540\" src=\"https:\/\/meat-machine.com\/wp-content\/uploads\/2022\/12\/fish-dryer.webp\" alt=\"secador de pescado\" class=\"wp-image-780 size-full\" title=\"\" srcset=\"https:\/\/meat-machine.com\/wp-content\/uploads\/2022\/12\/fish-dryer.webp 720w, https:\/\/meat-machine.com\/wp-content\/uploads\/2022\/12\/fish-dryer-300x225.webp 300w, https:\/\/meat-machine.com\/wp-content\/uploads\/2022\/12\/fish-dryer-16x12.webp 16w\" sizes=\"auto, (max-width: 720px) 100vw, 720px\" \/><\/figure><div class=\"wp-block-media-text__content\"> <ul class=\"wp-block-list\"> <li><strong>Alta eficiencia de trabajo<\/strong> - A diferencia del secado solar tradicional, la m\u00e1quina de secador de pescado puede funcionar continuamente durante 24 horas, mejorando la productividad.<\/li>    <li><strong>Alta calidad<\/strong> -Construido con materiales de aislamiento t\u00e9rmico de alta calidad, la m\u00e1quina ofrece durabilidad, seguridad y una larga vida \u00fatil.<\/li>    <li><strong>Buen rendimiento de sellado<\/strong> - La m\u00e1quina presenta un excelente sellado y protecci\u00f3n t\u00e9rmica, asegurando un funcionamiento eficiente y estable.<\/li> <\/ul> <\/div><\/div>    <h2 class=\"wp-block-heading\">Par\u00e1metros t\u00e9cnicos de la m\u00e1quina de secado de pescado<\/h2>    <figure class=\"wp-block-table\"><table><tbody><tr><td>Modelo<\/td><td>Abanico (piezas)<\/td><td>Carro (juego)<\/td><td>Bandejas (pieza)<\/td><td>Motor (kilovatios)<\/td><td>Tama\u00f1o de la m\u00e1quina (m)<\/td><\/tr><tr><td>TZ-320<\/td><td>6<\/td><td>4<\/td><td>48<\/td><td>3.0<\/td><td>3.2*2.5*2.2<\/td><\/tr><tr><td>TZ-580<\/td><td>8<\/td><td>10<\/td><td>120<\/td><td>7.0<\/td><td>5.8*2.5*2.2<\/td><\/tr><tr><td>TZ-980<\/td><td>16<\/td><td>16<\/td><td>192<\/td><td>11.0<\/td><td>9.8*2.5*2.2<\/td><\/tr><\/tbody><\/table><figcaption class=\"wp-element-caption\">3 tipos de m\u00e1quinas secadoras de pescado a la venta<\/figcaption><\/figure>    <div class=\"wp-block-media-text has-media-on-the-right is-stacked-on-mobile\"><div class=\"wp-block-media-text__content\"> <p class=\"wp-block-paragraph translation-block\">Los tres modelos de secadora de pescado difieren en tama\u00f1o\u2014<strong>3.2\u00d72.5\u00d72.2 m<\/strong>, <strong>5.8\u00d72.5\u00d72.2 m<\/strong>, y <strong>9.8\u00d72.5\u00d72.2 m<\/strong>\u2014con una capacidad de producci\u00f3n que aumenta en consecuencia. Los clientes pueden elegir el modelo m\u00e1s adecuado seg\u00fan sus necesidades de procesamiento. <\/p>    <p class=\"wp-block-paragraph translation-block\">Tambi\u00e9n ofrecemos <strong>soluciones personalizadas<\/strong> para satisfacer requisitos especiales. Si busca una m\u00e1quina secadora de pescado eficiente, no dude en contactarnos y responderemos r\u00e1pidamente.<\/p> <\/div><figure class=\"wp-block-media-text__media\"><img loading=\"lazy\" decoding=\"async\" width=\"750\" height=\"710\" src=\"https:\/\/meat-machine.com\/wp-content\/uploads\/2022\/12\/factory-display.webp\" alt=\"pantalla de f\u00e1brica\" class=\"wp-image-263 size-full\" title=\"\" srcset=\"https:\/\/meat-machine.com\/wp-content\/uploads\/2022\/12\/factory-display.webp 750w, https:\/\/meat-machine.com\/wp-content\/uploads\/2022\/12\/factory-display-300x284.webp 300w\" sizes=\"auto, (max-width: 750px) 100vw, 750px\" \/><\/figure><\/div>    <h2 class=\"wp-block-heading\">\u00bfCu\u00e1nto tiempo se tarda en secar pescado en una secadora de pescado?<\/h2>    <p class=\"wp-block-paragraph\">El tiempo que lleva secar el pescado puede verse afectado por varios factores, incluido el tama\u00f1o y el grosor del pescado, la temperatura y la humedad de la secadora de pescado, entre otros. En general, secar pescado puede llevar desde unas pocas horas hasta un d\u00eda. <\/p>    <p class=\"wp-block-paragraph\">Por lo general, el proceso de secado del pescado puede tardar desde unas pocas horas hasta un d\u00eda para garantizar que est\u00e9 completamente seco y que no quede humedad para preservar su vida \u00fatil.<\/p>    <figure class=\"wp-block-gallery has-nested-images columns-default is-cropped wp-block-gallery-2 is-layout-flex wp-block-gallery-is-layout-flex\"> <figure class=\"wp-block-image size-full\"><img loading=\"lazy\" decoding=\"async\" width=\"720\" height=\"540\" data-id=\"782\" src=\"https:\/\/meat-machine.com\/wp-content\/uploads\/2022\/12\/fish-drying-machine-1.webp\" alt=\"m\u00e1quina para secar pescado\" class=\"wp-image-782\" title=\"\" srcset=\"https:\/\/meat-machine.com\/wp-content\/uploads\/2022\/12\/fish-drying-machine-1.webp 720w, https:\/\/meat-machine.com\/wp-content\/uploads\/2022\/12\/fish-drying-machine-1-300x225.webp 300w, https:\/\/meat-machine.com\/wp-content\/uploads\/2022\/12\/fish-drying-machine-1-16x12.webp 16w\" sizes=\"auto, (max-width: 720px) 100vw, 720px\" \/><figcaption class=\"wp-element-caption\">M\u00e1quina de secado de pescado<\/figcaption><\/figure>    <figure class=\"wp-block-image size-full\"><img loading=\"lazy\" decoding=\"async\" width=\"720\" height=\"540\" data-id=\"504\" src=\"https:\/\/meat-machine.com\/wp-content\/uploads\/2022\/12\/finished-products.webp\" alt=\"productos terminados\" class=\"wp-image-504\" title=\"\" srcset=\"https:\/\/meat-machine.com\/wp-content\/uploads\/2022\/12\/finished-products.webp 720w, https:\/\/meat-machine.com\/wp-content\/uploads\/2022\/12\/finished-products-300x225.webp 300w\" sizes=\"auto, (max-width: 720px) 100vw, 720px\" \/><figcaption class=\"wp-element-caption\">Productos terminados<\/figcaption><\/figure> <\/figure>    <h2 class=\"wp-block-heading\">\u00c1mbito de aplicaci\u00f3n de la secadora de pescado.<\/h2>    <div class=\"wp-block-media-text is-stacked-on-mobile\"><figure class=\"wp-block-media-text__media\"><img loading=\"lazy\" decoding=\"async\" width=\"720\" height=\"540\" src=\"https:\/\/meat-machine.com\/wp-content\/uploads\/2022\/12\/widely-application.webp\" alt=\"aplicaci\u00f3n amplia\" class=\"wp-image-268 size-full\" title=\"\" srcset=\"https:\/\/meat-machine.com\/wp-content\/uploads\/2022\/12\/widely-application.webp 720w, https:\/\/meat-machine.com\/wp-content\/uploads\/2022\/12\/widely-application-300x225.webp 300w\" sizes=\"auto, (max-width: 720px) 100vw, 720px\" \/><\/figure><div class=\"wp-block-media-text__content\"> <p class=\"wp-block-paragraph\">Nuestro equipo de secado de pescado no solo puede secar todo tipo de pescado, sino tambi\u00e9n frutas, verduras, flores, carne, nueces, hierbas y carb\u00f3n para barbacoa.<\/p> <\/div><\/div>    <h2 class=\"wp-block-heading\">Precauciones al utilizar una secadora de pescado<\/h2>    <div class=\"wp-block-media-text has-media-on-the-right is-stacked-on-mobile\"><div class=\"wp-block-media-text__content\"> <ol class=\"wp-block-list\"> <li>Evite las altas temperaturas en la etapa de secado temprano para evitar afectar la calidad y el almacenamiento de los peces.<\/li>    <li>Controle la velocidad de deshidrataci\u00f3n debido al alto contenido de agua y aceite en el pescado.<\/li>    <li>Mantenga el volumen de aire adecuado para evitar que el vapor de agua permanezca en la superficie de los peces.<\/li> <\/ol> <\/div><figure class=\"wp-block-media-text__media\"><img loading=\"lazy\" decoding=\"async\" width=\"720\" height=\"540\" src=\"https:\/\/meat-machine.com\/wp-content\/uploads\/2022\/12\/fish-drying-machine-for-sale.webp\" alt=\"m\u00e1quina para secar pescado en venta\" class=\"wp-image-781 size-full\" title=\"\" srcset=\"https:\/\/meat-machine.com\/wp-content\/uploads\/2022\/12\/fish-drying-machine-for-sale.webp 720w, https:\/\/meat-machine.com\/wp-content\/uploads\/2022\/12\/fish-drying-machine-for-sale-300x225.webp 300w, https:\/\/meat-machine.com\/wp-content\/uploads\/2022\/12\/fish-drying-machine-for-sale-16x12.webp 16w\" sizes=\"auto, (max-width: 720px) 100vw, 720px\" \/><\/figure><\/div>    <h2 class=\"wp-block-heading\">Conclusi\u00f3n<\/h2>    <p class=\"wp-block-paragraph\">La m\u00e1quina de secador de pescado es una soluci\u00f3n eficiente, de ahorro de energ\u00eda e inteligente para secar peces con alta calidad y consistencia. <\/p>    <p class=\"wp-block-paragraph\">Con m\u00faltiples modelos disponibles para satisfacer diferentes necesidades de producci\u00f3n, ofrecemos soluciones personalizadas para adaptarse a sus requisitos espec\u00edficos. <\/p>    <p class=\"wp-block-paragraph\">\u00a1Cont\u00e1ctenos hoy para obtener m\u00e1s detalles y una cita competitiva!<\/p>","protected":false},"excerpt":{"rendered":"<p>La M\u00e1quina Secadora de Pescado puede secar de manera eficiente diferentes tipos de pescado controlando con precisi\u00f3n la temperatura y la humedad, ayudando a prolongar la vida \u00fatil mientras se mantiene la calidad del producto.<\/p>","protected":false},"author":1,"featured_media":264,"parent":0,"template":"","tags":[19],"product-type":[25],"class_list":["post-259","product","type-product","status-publish","has-post-thumbnail","hentry","tag-fish-dryer-machine","product-type-fish-processing-machine"],"_links":{"self":[{"href":"https:\/\/meat-machine.com\/es\/wp-json\/wp\/v2\/product\/259","targetHints":{"allow":["GET"]}}],"collection":[{"href":"https:\/\/meat-machine.com\/es\/wp-json\/wp\/v2\/product"}],"about":[{"href":"https:\/\/meat-machine.com\/es\/wp-json\/wp\/v2\/types\/product"}],"author":[{"embeddable":true,"href":"https:\/\/meat-machine.com\/es\/wp-json\/wp\/v2\/users\/1"}],"wp:featuredmedia":[{"embeddable":true,"href":"https:\/\/meat-machine.com\/es\/wp-json\/wp\/v2\/media\/264"}],"wp:attachment":[{"href":"https:\/\/meat-machine.com\/es\/wp-json\/wp\/v2\/media?parent=259"}],"wp:term":[{"taxonomy":"post_tag","embeddable":true,"href":"https:\/\/meat-machine.com\/es\/wp-json\/wp\/v2\/tags?post=259"},{"taxonomy":"product-type","embeddable":true,"href":"https:\/\/meat-machine.com\/es\/wp-json\/wp\/v2\/product-type?post=259"}],"curies":[{"name":"wp","href":"https:\/\/api.w.org\/{rel}","templated":true}]}}