{"id":254,"date":"2022-12-14T14:34:09","date_gmt":"2022-12-14T06:34:09","guid":{"rendered":"https:\/\/meat-machine.com\/?post_type=product&#038;p=254"},"modified":"2025-07-14T17:42:04","modified_gmt":"2025-07-14T09:42:04","slug":"maquina-cortadora-de-pescado-multifuncional","status":"publish","type":"product","link":"https:\/\/meat-machine.com\/es\/product\/multifunctional-fish-cutting-machine\/","title":{"rendered":"Cortadora de pescado multifuncional"},"content":{"rendered":"<div class=\"kk-star-ratings kksr-auto kksr-align-left kksr-valign-top\"     data-payload='{&quot;align&quot;:&quot;left&quot;,&quot;id&quot;:&quot;254&quot;,&quot;slug&quot;:&quot;default&quot;,&quot;valign&quot;:&quot;top&quot;,&quot;ignore&quot;:&quot;&quot;,&quot;reference&quot;:&quot;auto&quot;,&quot;class&quot;:&quot;&quot;,&quot;count&quot;:&quot;19&quot;,&quot;legendonly&quot;:&quot;&quot;,&quot;readonly&quot;:&quot;&quot;,&quot;score&quot;:&quot;4.8&quot;,&quot;starsonly&quot;:&quot;&quot;,&quot;best&quot;:&quot;5&quot;,&quot;gap&quot;:&quot;5&quot;,&quot;greet&quot;:&quot;Rate this product&quot;,&quot;legend&quot;:&quot;4.8\\\/5 - (19 votos)&quot;,&quot;size&quot;:&quot;24&quot;,&quot;title&quot;:&quot;Multifunctional Fish Cutting Machine&quot;,&quot;width&quot;:&quot;136.7&quot;,&quot;_legend&quot;:&quot;{score}\\\/{best} - ({count} {votes})&quot;,&quot;font_factor&quot;:&quot;1.25&quot;}'>              <div class=\"kksr-stars\">      <div class=\"kksr-stars-inactive\">             <div class=\"kksr-star\" data-star=\"1\" style=\"padding-right: 5px\">               <div class=\"kksr-icon\" style=\"width: 24px; height: 24px;\"><\/div>         <\/div>             <div class=\"kksr-star\" data-star=\"2\" style=\"padding-right: 5px\">               <div class=\"kksr-icon\" style=\"width: 24px; height: 24px;\"><\/div>         <\/div>             <div class=\"kksr-star\" data-star=\"3\" style=\"padding-right: 5px\">               <div class=\"kksr-icon\" style=\"width: 24px; height: 24px;\"><\/div>         <\/div>             <div class=\"kksr-star\" data-star=\"4\" style=\"padding-right: 5px\">               <div class=\"kksr-icon\" style=\"width: 24px; height: 24px;\"><\/div>         <\/div>             <div class=\"kksr-star\" data-star=\"5\" style=\"padding-right: 5px\">               <div class=\"kksr-icon\" style=\"width: 24px; height: 24px;\"><\/div>         <\/div>     <\/div>      <div class=\"kksr-stars-active\" style=\"width: 136.7px;\">             <div class=\"kksr-star\" style=\"padding-right: 5px\">               <div class=\"kksr-icon\" style=\"width: 24px; height: 24px;\"><\/div>         <\/div>             <div class=\"kksr-star\" style=\"padding-right: 5px\">               <div class=\"kksr-icon\" style=\"width: 24px; height: 24px;\"><\/div>         <\/div>             <div class=\"kksr-star\" style=\"padding-right: 5px\">               <div class=\"kksr-icon\" style=\"width: 24px; height: 24px;\"><\/div>         <\/div>             <div class=\"kksr-star\" style=\"padding-right: 5px\">               <div class=\"kksr-icon\" style=\"width: 24px; height: 24px;\"><\/div>         <\/div>             <div class=\"kksr-star\" style=\"padding-right: 5px\">               <div class=\"kksr-icon\" style=\"width: 24px; height: 24px;\"><\/div>         <\/div>     <\/div> <\/div>                   <div class=\"kksr-legend\" style=\"font-size: 19.2px;\">             4,8\/5 - (19 votos)    <\/div>     <\/div>  <p class=\"wp-block-paragraph translation-block\">La <strong>m\u00e1quina cortadora de pescado<\/strong> puede <strong>rebanar y segmentar con precisi\u00f3n diferentes tipos de pescado<\/strong>. Ofrece <strong>cortes consistentes y limpios<\/strong> con ajustes de grosor personalizables, lo que la convierte en una soluci\u00f3n perfecta para su uso en <strong>mercados de mariscos, cocinas comerciales e instalaciones de procesamiento de pescado<\/strong>.<\/p>    <p class=\"wp-block-paragraph translation-block\">Disponible en dos modelos, <strong>TZ-400<\/strong> y <strong>TZ-600<\/strong>, la m\u00e1quina ofrece una capacidad de procesamiento de <strong>200\u2013400 kg\/h<\/strong> y <strong>400\u2013600 kg\/h<\/strong> respectivamente. Cuenta con cuchillas afiladas de acero inoxidable, un rendimiento estable y un dise\u00f1o f\u00e1cil de limpiar. <\/p>    <p class=\"wp-block-paragraph\">Esta m\u00e1quina de corte de pescado es una soluci\u00f3n confiable para aumentar la velocidad de procesamiento, garantizar la consistencia del producto y reducir los costos laborales en los entornos modernos de procesamiento de pescado.<\/p>    <figure class=\"wp-block-embed is-type-video is-provider-youtube wp-block-embed-youtube wp-embed-aspect-4-3 wp-has-aspect-ratio\"><div class=\"wp-block-embed__wrapper\"> <iframe loading=\"lazy\" title=\"Cortadora de carne comercial en acci\u00f3n | Rebanadas uniformes cada vez #carne #cortadora #procesamientodealimentos #pescado\" width=\"500\" height=\"375\" src=\"https:\/\/www.youtube.com\/embed\/MzMWaI8GUvk?feature=oembed\" frameborder=\"0\" allow=\"accelerometer; autoplay; clipboard-write; encrypted-media; gyroscope; picture-in-picture; web-share\" referrerpolicy=\"strict-origin-when-cross-origin\" allowfullscreen><\/iframe> <\/div><figcaption class=\"wp-element-caption\">Video de trabajo de la m\u00e1quina de corte de pescado<\/figcaption><\/figure>    <h2 class=\"wp-block-heading\">Estructura de la m\u00e1quina de corte de pescado<\/h2>    <p class=\"wp-block-paragraph translation-block\">La m\u00e1quina cortadora de pescado se compone principalmente de un <strong>marco principal<\/strong>, un <strong>motor el\u00e9ctrico<\/strong>, una <strong>cinta transportadora<\/strong> y <strong>cuchillas de corte<\/strong>. <\/p>    <p class=\"wp-block-paragraph translation-block\">Las cuchillas est\u00e1n hechas de <strong>acero de aleaci\u00f3n de alta resistencia<\/strong>, conocido por su <strong>seguridad, durabilidad y excelente resistencia al desgaste<\/strong>. Este material garantiza que las cuchillas permanezcan afiladas y <strong>libres de \u00f3xido incluso despu\u00e9s de un uso prolongado<\/strong>. <\/p>    <p class=\"wp-block-paragraph translation-block\">Adem\u00e1s, la m\u00e1quina admite <strong>dos tipos de cintas transportadoras<\/strong>, lo que permite a los usuarios elegir la mejor configuraci\u00f3n para sus necesidades de procesamiento.<\/p>   <div class=\"wp-block-image\"> <figure class=\"aligncenter size-full\"><img loading=\"lazy\" decoding=\"async\" width=\"720\" height=\"540\" src=\"https:\/\/meat-machine.com\/wp-content\/uploads\/2022\/12\/automatic-fish-cutting-machine-1.webp\" alt=\"cortadora autom\u00e1tica de pescado\" class=\"wp-image-358\" title=\"\" srcset=\"https:\/\/meat-machine.com\/wp-content\/uploads\/2022\/12\/automatic-fish-cutting-machine-1.webp 720w, https:\/\/meat-machine.com\/wp-content\/uploads\/2022\/12\/automatic-fish-cutting-machine-1-300x225.webp 300w\" sizes=\"auto, (max-width: 720px) 100vw, 720px\" \/><figcaption class=\"wp-element-caption\">cortadora autom\u00e1tica de pescado<\/figcaption><\/figure> <\/div>   <h2 class=\"wp-block-heading\">\u00bfC\u00f3mo funciona la m\u00e1quina cortadora de pescado autom\u00e1tica?<\/h2>    <p class=\"wp-block-paragraph\">La m\u00e1quina cortadora de pescado autom\u00e1tica funciona con una cuchilla rotativa de alta velocidad instalada dentro del cuerpo de la m\u00e1quina. Cuando los peces se introducen en la entrada, la cuchilla los corta r\u00e1pidamente en piezas uniformes con bordes limpios y residuos m\u00ednimos. <\/p>    <p class=\"wp-block-paragraph\">La m\u00e1quina garantiza un corte preciso y consistente, mejorando significativamente la velocidad de procesamiento y reduciendo el trabajo manual. Una vez que el corte est\u00e1 completo, los trozos de pescado procesados se descargan a trav\u00e9s de la salida. <\/p>    <p class=\"wp-block-paragraph translation-block\">El principio de funcionamiento es similar al de una <a href=\"https:\/\/meat-machine.com\/es\/producto\/maquina-automatica-de-corte-de-pollo\/\" data-type=\"link\" data-id=\"https:\/\/meat-machine.com\/product\/automatic-chicken-cutting-machine\/\">m\u00e1quina cortadora autom\u00e1tica de pollo<\/a>, y se basa en el movimiento continuo de la cuchilla y el flujo guiado del material para lograr resultados de corte eficientes e higi\u00e9nicos.<\/p>    <figure class=\"wp-block-image\"><img loading=\"lazy\" decoding=\"async\" width=\"720\" height=\"540\" src=\"https:\/\/meat-machine.com\/wp-content\/uploads\/2022\/12\/cutter-of-the-machine.webp\" alt=\"cortador de la maquina\" class=\"wp-image-354\" title=\"\" srcset=\"https:\/\/meat-machine.com\/wp-content\/uploads\/2022\/12\/cutter-of-the-machine.webp 720w, https:\/\/meat-machine.com\/wp-content\/uploads\/2022\/12\/cutter-of-the-machine-300x225.webp 300w\" sizes=\"auto, (max-width: 720px) 100vw, 720px\" \/><figcaption class=\"wp-element-caption\">Cortador de la m\u00e1quina<\/figcaption><\/figure>    <h2 class=\"wp-block-heading\"> Par\u00e1metros t\u00e9cnicos de la m\u00e1quina cortadora de carne de pescado.<\/h2>    <figure class=\"wp-block-table\"><table><tbody><tr><td>Modelo<\/td><td>TZ-400<\/td><td>TZ-600<\/td><\/tr><tr><td>Capacidad<\/td><td>200-400kg\/hora<\/td><td>400-600kg\/hora<\/td><\/tr><tr><td>Dimensi\u00f3n<\/td><td>520*350*800mm<\/td><td>710*660*1010mm<\/td><\/tr><tr><td>Fuerza<\/td><td>1,5 kw<\/td><td>2,2 kw<\/td><\/tr><tr><td>Peso<\/td><td>70kg<\/td><td>100 kilos<\/td><\/tr><tr><td>Voltaje<\/td><td>220v<\/td><td>380v<\/td><\/tr><\/tbody><\/table><figcaption class=\"wp-element-caption\">Par\u00e1metros de la m\u00e1quina de corte de pescado<\/figcaption><\/figure>    <p class=\"wp-block-paragraph\">En la actualidad, nuestra f\u00e1brica tiene a la venta dos populares equipos de corte de pescado. La capacidad es de 200-400 kg\/h y 400-600 kg\/h. La potencia es de 1,5 kw y 2,2 kw respectivamente. Si necesita esta m\u00e1quina cortadora de pescado y carne, no dude en contactarnos.<\/p>   <div class=\"wp-block-image\"> <figure class=\"aligncenter size-full\"><img loading=\"lazy\" decoding=\"async\" width=\"720\" height=\"540\" src=\"https:\/\/meat-machine.com\/wp-content\/uploads\/2022\/12\/commercial-fish-cutter.webp\" alt=\"cortador de pescado comercial\" class=\"wp-image-353\" title=\"\" srcset=\"https:\/\/meat-machine.com\/wp-content\/uploads\/2022\/12\/commercial-fish-cutter.webp 720w, https:\/\/meat-machine.com\/wp-content\/uploads\/2022\/12\/commercial-fish-cutter-300x225.webp 300w\" sizes=\"auto, (max-width: 720px) 100vw, 720px\" \/><figcaption class=\"wp-element-caption\">cortador de pescado comercial<\/figcaption><\/figure> <\/div>   <h2 class=\"wp-block-heading\">Ventajas de la m\u00e1quina cortadora de pescado autom\u00e1tica de Taizy<\/h2>    <div class=\"wp-block-media-text is-stacked-on-mobile\"><figure class=\"wp-block-media-text__media\"><img loading=\"lazy\" decoding=\"async\" width=\"720\" height=\"540\" src=\"https:\/\/meat-machine.com\/wp-content\/uploads\/2022\/12\/fish-cutting-equipment-for-sale-1.webp\" alt=\"equipo de corte de pescado en venta-1\" class=\"wp-image-359 size-full\" title=\"\" srcset=\"https:\/\/meat-machine.com\/wp-content\/uploads\/2022\/12\/fish-cutting-equipment-for-sale-1.webp 720w, https:\/\/meat-machine.com\/wp-content\/uploads\/2022\/12\/fish-cutting-equipment-for-sale-1-300x225.webp 300w\" sizes=\"auto, (max-width: 720px) 100vw, 720px\" \/><\/figure><div class=\"wp-block-media-text__content\"> <ul class=\"wp-block-list\"> <li>Corta el pescado en rodajas, filetes o tiras con alta precisi\u00f3n.<\/li>    <li>Hecho de acero inoxidable 304 de alta calidad para durabilidad y resistencia al desgaste.<\/li>    <li>Estructura simple y f\u00e1cil de operar, adecuada para todos los usuarios.<\/li>    <li>Bajo nivel de ruido operativo, creando un ambiente de trabajo m\u00e1s silencioso.<\/li>    <li>Capaz de cortar varios tipos de pescado, incluyendo pescado seco, fresco y ligeramente congelado.<\/li>    <li>Produce cortes suaves sin residuos, asegurando resultados de procesamiento limpios.<\/li>    <li>Vers\u00e1til para su uso en f\u00e1bricas de mariscos, restaurantes y plantas de procesamiento de alimentos.<\/li> <\/ul> <\/div><\/div>    <h2 class=\"wp-block-heading\">\u00bfQu\u00e9 materias primas son adecuadas para la m\u00e1quina de corte de pescado?<\/h2>    <div class=\"wp-block-media-text has-media-on-the-right is-stacked-on-mobile\"><div class=\"wp-block-media-text__content\"> <ul class=\"wp-block-list\"> <li><strong>Varios tipos de pescado<\/strong>Apropiado para cortar carpa, salm\u00f3n, bacalao, calamar, <a href=\"https:\/\/en.wikipedia.org\/wiki\/Catfish\" data-type=\"link\" data-id=\"https:\/\/en.wikipedia.org\/wiki\/Catfish\" target=\"_blank\" rel=\"noopener\">bagre<\/a>, pescado blanco, y m\u00e1s.<\/li>    <li><strong>Diferentes estados del pescado<\/strong>Puede procesar pescado fresco, seco y ligeramente congelado de manera eficiente.<\/li>    <li><strong>M\u00faltiples tipos de carne<\/strong>Tambi\u00e9n es aplicable para cortar cerdo, res, cordero y carnes similares.<\/li> <\/ul> <\/div><figure class=\"wp-block-media-text__media\"><img loading=\"lazy\" decoding=\"async\" width=\"720\" height=\"540\" src=\"https:\/\/meat-machine.com\/wp-content\/uploads\/2022\/12\/fish-cubes.webp\" alt=\"cubitos de pescado\" class=\"wp-image-355 size-full\" title=\"\" srcset=\"https:\/\/meat-machine.com\/wp-content\/uploads\/2022\/12\/fish-cubes.webp 720w, https:\/\/meat-machine.com\/wp-content\/uploads\/2022\/12\/fish-cubes-300x225.webp 300w\" sizes=\"auto, (max-width: 720px) 100vw, 720px\" \/><\/figure><\/div>    <h2 class=\"wp-block-heading\">Preguntas frecuentes sobre la m\u00e1quina cortadora de pescado<\/h2>   <div id=\"rank-math-faq\" class=\"rank-math-block\"> <div class=\"rank-math-list\"> <div id=\"faq-question-1752481432320\" class=\"rank-math-list-item\"> <h3 class=\"rank-math-question\">\u00bfQu\u00e9 tipos de estructuras de m\u00e1quinas cortadoras de pescado est\u00e1n disponibles?<\/h3> <div class=\"rank-math-answer\">  <p class=\"translation-block\">Ofrecemos <strong>dos tipos<\/strong>: <strong>tipo de cinta transportadora<\/strong> y <strong>tipo de placa de cadena<\/strong>, adecuados para diferentes necesidades de procesamiento.<\/p>  <\/div> <\/div> <div id=\"faq-question-1752481448643\" class=\"rank-math-list-item\"> <h3 class=\"rank-math-question\">\u00bfDe qu\u00e9 material est\u00e1n hechas las cuchillas?<\/h3> <div class=\"rank-math-answer\">  <p class=\"translation-block\">Las cuchillas est\u00e1n hechas de <strong>acero de alto manganeso<\/strong>, conocido por su durabilidad y resistencia al desgaste.<\/p>  <\/div> <\/div> <div id=\"faq-question-1752481477500\" class=\"rank-math-list-item\"> <h3 class=\"rank-math-question\">\u00bfCu\u00e1l es el ancho de la cinta transportadora?<\/h3> <div class=\"rank-math-answer\">  <p class=\"translation-block\">La cinta tiene aproximadamente <strong>30 cm de ancho<\/strong>.<\/p>  <\/div> <\/div> <div id=\"faq-question-1752481497771\" class=\"rank-math-list-item\"> <h3 class=\"rank-math-question\">\u00bfCu\u00e1l es el grosor de la cinta transportadora?<\/h3> <div class=\"rank-math-answer\">  <p class=\"translation-block\">El grosor es de aproximadamente <strong>2 cm<\/strong>, dise\u00f1ado para ser duradero y de larga duraci\u00f3n.<\/p>  <\/div> <\/div> <div id=\"faq-question-1752481510466\" class=\"rank-math-list-item\"> <h3 class=\"rank-math-question\">\u00bfSe puede ajustar el tama\u00f1o de corte?<\/h3> <div class=\"rank-math-answer\">  <p class=\"translation-block\">S\u00ed, la <strong>longitud de corte es ajustable<\/strong> (entre <strong>20\u201350 mm<\/strong>), pero el <strong>ancho de corte es fijo<\/strong>.<\/p>  <\/div> <\/div> <\/div> <\/div>   <figure class=\"wp-block-image size-full\"><img loading=\"lazy\" decoding=\"async\" width=\"720\" height=\"540\" src=\"https:\/\/meat-machine.com\/wp-content\/uploads\/2023\/10\/cutted-fish.webp\" alt=\"pescado cortado\" class=\"wp-image-477\" title=\"\" srcset=\"https:\/\/meat-machine.com\/wp-content\/uploads\/2023\/10\/cutted-fish.webp 720w, https:\/\/meat-machine.com\/wp-content\/uploads\/2023\/10\/cutted-fish-300x225.webp 300w\" sizes=\"auto, (max-width: 720px) 100vw, 720px\" \/><figcaption class=\"wp-element-caption\">Pescado Cortado<\/figcaption><\/figure>    <h2 class=\"wp-block-heading\">Conclusi\u00f3n<\/h2>    <p class=\"wp-block-paragraph\">Con su alta eficiencia, rendimiento de corte preciso y dise\u00f1o f\u00e1cil de usar, la m\u00e1quina de corte de pescado es una herramienta esencial para el procesamiento moderno de mariscos. <\/p>    <p class=\"wp-block-paragraph\">Ya sea que administres un mercado de pescado, un restaurante o una planta de procesamiento a gran escala, esta m\u00e1quina puede mejorar significativamente la productividad y garantizar una calidad de corte consistente. <\/p>    <p class=\"wp-block-paragraph translation-block\">Si est\u00e1 buscando mejorar sus operaciones de procesamiento de pescado, esta m\u00e1quina es una opci\u00f3n fiable y rentable. <strong>Cont\u00e1ctenos hoy mismo para obtener m\u00e1s detalles o una soluci\u00f3n personalizada.<\/strong><\/p>","protected":false},"excerpt":{"rendered":"<p>La m\u00e1quina de cortar pescado puede cortar y segmentar con precisi\u00f3n diferentes tipos de pescado.<\/p>","protected":false},"author":1,"featured_media":360,"parent":0,"template":"","tags":[24],"product-type":[2],"class_list":["post-254","product","type-product","status-publish","has-post-thumbnail","hentry","tag-fish-cutting-machine","product-type-meat-cutting-machine"],"_links":{"self":[{"href":"https:\/\/meat-machine.com\/es\/wp-json\/wp\/v2\/product\/254","targetHints":{"allow":["GET"]}}],"collection":[{"href":"https:\/\/meat-machine.com\/es\/wp-json\/wp\/v2\/product"}],"about":[{"href":"https:\/\/meat-machine.com\/es\/wp-json\/wp\/v2\/types\/product"}],"author":[{"embeddable":true,"href":"https:\/\/meat-machine.com\/es\/wp-json\/wp\/v2\/users\/1"}],"wp:featuredmedia":[{"embeddable":true,"href":"https:\/\/meat-machine.com\/es\/wp-json\/wp\/v2\/media\/360"}],"wp:attachment":[{"href":"https:\/\/meat-machine.com\/es\/wp-json\/wp\/v2\/media?parent=254"}],"wp:term":[{"taxonomy":"post_tag","embeddable":true,"href":"https:\/\/meat-machine.com\/es\/wp-json\/wp\/v2\/tags?post=254"},{"taxonomy":"product-type","embeddable":true,"href":"https:\/\/meat-machine.com\/es\/wp-json\/wp\/v2\/product-type?post=254"}],"curies":[{"name":"wp","href":"https:\/\/api.w.org\/{rel}","templated":true}]}}