{"id":241,"date":"2022-12-08T15:24:09","date_gmt":"2022-12-08T07:24:09","guid":{"rendered":"https:\/\/meat-machine.com\/?post_type=product&#038;p=241"},"modified":"2023-02-07T15:13:05","modified_gmt":"2023-02-07T07:13:05","slug":"descalcificadora-automatica-de-pescado","status":"publish","type":"product","link":"https:\/\/meat-machine.com\/es\/product\/automatic-fish-descaling-machine\/","title":{"rendered":"M\u00e1quina autom\u00e1tica de descalcificaci\u00f3n de pescado"},"content":{"rendered":"<div class=\"kk-star-ratings kksr-auto kksr-align-left kksr-valign-top\"     data-payload='{&quot;align&quot;:&quot;left&quot;,&quot;id&quot;:&quot;241&quot;,&quot;slug&quot;:&quot;default&quot;,&quot;valign&quot;:&quot;top&quot;,&quot;ignore&quot;:&quot;&quot;,&quot;reference&quot;:&quot;auto&quot;,&quot;class&quot;:&quot;&quot;,&quot;count&quot;:&quot;10&quot;,&quot;legendonly&quot;:&quot;&quot;,&quot;readonly&quot;:&quot;&quot;,&quot;score&quot;:&quot;4.5&quot;,&quot;starsonly&quot;:&quot;&quot;,&quot;best&quot;:&quot;5&quot;,&quot;gap&quot;:&quot;5&quot;,&quot;greet&quot;:&quot;Rate this product&quot;,&quot;legend&quot;:&quot;4.5\\\/5 - (10 votos)&quot;,&quot;size&quot;:&quot;24&quot;,&quot;title&quot;:&quot;Automatic Fish Descaling Machine&quot;,&quot;width&quot;:&quot;128&quot;,&quot;_legend&quot;:&quot;{score}\\\/{best} - ({count} {votes})&quot;,&quot;font_factor&quot;:&quot;1.25&quot;}'>              <div class=\"kksr-stars\">      <div class=\"kksr-stars-inactive\">             <div class=\"kksr-star\" data-star=\"1\" style=\"padding-right: 5px\">               <div class=\"kksr-icon\" style=\"width: 24px; height: 24px;\"><\/div>         <\/div>             <div class=\"kksr-star\" data-star=\"2\" style=\"padding-right: 5px\">               <div class=\"kksr-icon\" style=\"width: 24px; height: 24px;\"><\/div>         <\/div>             <div class=\"kksr-star\" data-star=\"3\" style=\"padding-right: 5px\">               <div class=\"kksr-icon\" style=\"width: 24px; height: 24px;\"><\/div>         <\/div>             <div class=\"kksr-star\" data-star=\"4\" style=\"padding-right: 5px\">               <div class=\"kksr-icon\" style=\"width: 24px; height: 24px;\"><\/div>         <\/div>             <div class=\"kksr-star\" data-star=\"5\" style=\"padding-right: 5px\">               <div class=\"kksr-icon\" style=\"width: 24px; height: 24px;\"><\/div>         <\/div>     <\/div>      <div class=\"kksr-stars-active\" style=\"width: 128px;\">             <div class=\"kksr-star\" style=\"padding-right: 5px\">               <div class=\"kksr-icon\" style=\"width: 24px; height: 24px;\"><\/div>         <\/div>             <div class=\"kksr-star\" style=\"padding-right: 5px\">               <div class=\"kksr-icon\" style=\"width: 24px; height: 24px;\"><\/div>         <\/div>             <div class=\"kksr-star\" style=\"padding-right: 5px\">               <div class=\"kksr-icon\" style=\"width: 24px; height: 24px;\"><\/div>         <\/div>             <div class=\"kksr-star\" style=\"padding-right: 5px\">               <div class=\"kksr-icon\" style=\"width: 24px; height: 24px;\"><\/div>         <\/div>             <div class=\"kksr-star\" style=\"padding-right: 5px\">               <div class=\"kksr-icon\" style=\"width: 24px; height: 24px;\"><\/div>         <\/div>     <\/div> <\/div>                   <div class=\"kksr-legend\" style=\"font-size: 19.2px;\">             4,5\/5 - (10 votos)    <\/div>     <\/div>  <p class=\"wp-block-paragraph translation-block\">La m\u00e1quina autom\u00e1tica de desescamado de pescado es la m\u00e1quina que elimina autom\u00e1ticamente las escamas del pescado. En <a href=\"https:\/\/meat-machine.com\/es\/\">Taizy Meat Machinery Factory<\/a>, ofrecemos 4 tipos diferentes de m\u00e1quinas desescamadoras de pescado. Son m\u00e1quinas desescamadoras de pescado de peque\u00f1a escala, m\u00e1quinas desescamadoras de pescado de gran escala, m\u00e1quinas de desescamado de pescado en caliente de Taizy y removedores de escamas de pescado multifuncionales. Las 4 m\u00e1quinas tienen diferentes capacidades y funciones. A continuaci\u00f3n, presentaremos estas cuatro m\u00e1quinas en detalle. <\/p>   <div class=\"wp-block-image\"> <figure class=\"aligncenter size-full\"><img loading=\"lazy\" decoding=\"async\" width=\"720\" height=\"540\" src=\"https:\/\/meat-machine.com\/wp-content\/uploads\/2022\/12\/commercial-fish-scaler-machine.webp\" alt=\"m\u00e1quina escaladora de pescado comercial\" class=\"wp-image-242\" title=\"\" srcset=\"https:\/\/meat-machine.com\/wp-content\/uploads\/2022\/12\/commercial-fish-scaler-machine.webp 720w, https:\/\/meat-machine.com\/wp-content\/uploads\/2022\/12\/commercial-fish-scaler-machine-300x225.webp 300w\" sizes=\"auto, (max-width: 720px) 100vw, 720px\" \/><figcaption class=\"wp-element-caption\">m\u00e1quina escaladora de pescado comercial<\/figcaption><\/figure> <\/div>   <h2 class=\"wp-block-heading\">M\u00e1quina descalcificadora de pescado autom\u00e1tica a peque\u00f1a escala<\/h2>    <p class=\"wp-block-paragraph\">La m\u00e1quina escaladora de pescado a peque\u00f1a escala puede descalcificar peces peque\u00f1os. Muchos clientes eligen esta m\u00e1quina para el comercio minorista. La m\u00e1quina utiliza la esmeril dentro de la m\u00e1quina para frotar constantemente el pescado y quitarle las escamas.<\/p>   <div class=\"wp-block-image\"> <figure class=\"aligncenter size-full\"><img loading=\"lazy\" decoding=\"async\" width=\"720\" height=\"540\" src=\"https:\/\/meat-machine.com\/wp-content\/uploads\/2022\/12\/small-scale-fish-scaler-machine.webp\" alt=\"m\u00e1quina escaladora de pescado a peque\u00f1a escala\" class=\"wp-image-243\" title=\"\" srcset=\"https:\/\/meat-machine.com\/wp-content\/uploads\/2022\/12\/small-scale-fish-scaler-machine.webp 720w, https:\/\/meat-machine.com\/wp-content\/uploads\/2022\/12\/small-scale-fish-scaler-machine-300x225.webp 300w\" sizes=\"auto, (max-width: 720px) 100vw, 720px\" \/><figcaption class=\"wp-element-caption\">m\u00e1quina escaladora de pescado a peque\u00f1a escala<\/figcaption><\/figure> <\/div>   <h3 class=\"wp-block-heading\">Par\u00e1metros de la m\u00e1quina<\/h3>    <figure class=\"wp-block-table\"><table><tbody><tr><td>Modelo<\/td><td>TZ-J2<\/td><\/tr><tr><td>Capacidad<\/td><td>lote de 3-8 kg<\/td><\/tr><tr><td>Velocidad de procesamiento<\/td><td>15 segundos\/lote<\/td><\/tr><tr><td>Fuerza<\/td><td>1,1 kw<\/td><\/tr><tr><td>Peso<\/td><td>52 kilos<\/td><\/tr><tr><td>Dimensi\u00f3n<\/td><td>53*53*73cm<\/td><\/tr><\/tbody><\/table><\/figure>    <h3 class=\"wp-block-heading\">Ventajas de la m\u00e1quina escaladora de pescado a peque\u00f1a escala.<\/h3>    <ol class=\"wp-block-list\"> <li>La carrocer\u00eda y el interior est\u00e1n hechos de <a href=\"https:\/\/en.wikipedia.org\/wiki\/Stainless_steel\" target=\"_blank\" rel=\"noopener\">acero inoxidable<\/a>. Tiene las ventajas de durabilidad e higiene.<\/li>    <li>En comparaci\u00f3n con otros tipos de descalcificadores de pescado, esta peque\u00f1a m\u00e1quina autom\u00e1tica para descalcificar pescado tiene ventajas de precio.<\/li>    <li>El efecto de eliminaci\u00f3n de f\u00f3sforo de la m\u00e1quina es bueno. Un cubo de escamas de pescado se puede quitar en 15 segundos.<\/li>    <li>Espacio reducido.<\/li>    <li>Apto para familias y peque\u00f1os puestos de pescado.<\/li> <\/ol>   <div class=\"wp-block-image\"> <figure class=\"aligncenter size-full\"><img loading=\"lazy\" decoding=\"async\" width=\"720\" height=\"540\" src=\"https:\/\/meat-machine.com\/wp-content\/uploads\/2022\/12\/small-fish-scaler-machine-for-sale.webp\" alt=\"M\u00e1quina escaladora de pescado peque\u00f1a a la venta\" class=\"wp-image-244\" title=\"\" srcset=\"https:\/\/meat-machine.com\/wp-content\/uploads\/2022\/12\/small-fish-scaler-machine-for-sale.webp 720w, https:\/\/meat-machine.com\/wp-content\/uploads\/2022\/12\/small-fish-scaler-machine-for-sale-300x225.webp 300w\" sizes=\"auto, (max-width: 720px) 100vw, 720px\" \/><figcaption class=\"wp-element-caption\">M\u00e1quina escaladora de pescado peque\u00f1a a la venta<\/figcaption><\/figure> <\/div>   <h2 class=\"wp-block-heading\">M\u00e1quina quitaescamas de pescado a gran escala<\/h2>    <p class=\"wp-block-paragraph\">La gran m\u00e1quina descamadora de pescado comercial elimina las escamas de varios tipos de pescado. La producci\u00f3n est\u00e1 entre 700 y 3000 kg. Hay muchos modelos para que los clientes elijan. Esta m\u00e1quina desincrustadora de pescado autom\u00e1tica de gran rendimiento utiliza el principio de fricci\u00f3n del rodillo para eliminar las escamas de pescado. El cliente puede sustituir el rodillo de lana adecuado seg\u00fan los diferentes peces. Al mismo tiempo, tambi\u00e9n podemos ofrecer servicios personalizados.<\/p>   <div class=\"wp-block-image\"> <figure class=\"aligncenter size-full\"><img loading=\"lazy\" decoding=\"async\" width=\"720\" height=\"540\" src=\"https:\/\/meat-machine.com\/wp-content\/uploads\/2022\/12\/large-fish-descaling-machine.webp\" alt=\"m\u00e1quina descalcificadora de pescado grande\" class=\"wp-image-245\" title=\"\" srcset=\"https:\/\/meat-machine.com\/wp-content\/uploads\/2022\/12\/large-fish-descaling-machine.webp 720w, https:\/\/meat-machine.com\/wp-content\/uploads\/2022\/12\/large-fish-descaling-machine-300x225.webp 300w\" sizes=\"auto, (max-width: 720px) 100vw, 720px\" \/><figcaption class=\"wp-element-caption\">m\u00e1quina descalcificadora de pescado grande<\/figcaption><\/figure> <\/div>   <h3 class=\"wp-block-heading\">Par\u00e1metro t\u00e9cnico<\/h3>    <figure class=\"wp-block-table\"><table><tbody><tr><td>Modelo<\/td><td>Capacidad<\/td><td>Fuerza de motor<\/td><\/tr><tr><td>TZ-800<\/td><td>700kg\/hora<\/td><td>1,1 kw<\/td><\/tr><tr><td>TZ-1000<\/td><td>1000kg\/hora<\/td><td>1,5 kw<\/td><\/tr><tr><td>TZ-1200<\/td><td>1200kg\/hora<\/td><td>1,5 kw<\/td><\/tr><tr><td>TZ-1500<\/td><td>1500kg\/h<\/td><td>2,2 kw<\/td><\/tr><tr><td>TZ-1800<\/td><td>1800kg\/h<\/td><td>2,2 kw<\/td><\/tr><tr><td>TZ-2000<\/td><td>2000kg\/h<\/td><td>3kW<\/td><\/tr><tr><td>TZ-2600<\/td><td>3000kg\/h<\/td><td>4kW<\/td><\/tr><\/tbody><\/table><\/figure>    <h3 class=\"wp-block-heading\">Ventajas de la m\u00e1quina descalcificadora de pescado comercial totalmente autom\u00e1tica<\/h3>    <ol class=\"wp-block-list\"> <li>Esta descalcificadora autom\u00e1tica de pescado tiene una gran capacidad de producci\u00f3n.<\/li>    <li>Amplia gama de aplicaciones. Es adecuado para grandes supermercados, restaurantes y plantas procesadoras de pescado.<\/li>    <li>Con varios modelos, los clientes pueden elegir su propia m\u00e1quina quitaescamas de pescado a gran escala seg\u00fan sus necesidades.<\/li>    <li>El mecanismo del cepillo no da\u00f1a el cuerpo del pez y el cuerpo del pez tratado est\u00e1 completo.<\/li>    <li>La m\u00e1quina descamaci\u00f3n de pescado comercial est\u00e1 equipada con un dispositivo protector para evitar el sobrecalentamiento o fugas el\u00e9ctricas del motor.<\/li> <\/ol>   <div class=\"wp-block-image\"> <figure class=\"aligncenter size-full\"><img loading=\"lazy\" decoding=\"async\" width=\"750\" height=\"750\" src=\"https:\/\/meat-machine.com\/wp-content\/uploads\/2022\/12\/large-commercial-fish-scaler-machine.webp\" alt=\"M\u00e1quina escaladora de pescado comercial grande\" class=\"wp-image-246\" title=\"\" srcset=\"https:\/\/meat-machine.com\/wp-content\/uploads\/2022\/12\/large-commercial-fish-scaler-machine.webp 750w, https:\/\/meat-machine.com\/wp-content\/uploads\/2022\/12\/large-commercial-fish-scaler-machine-300x300.webp 300w, https:\/\/meat-machine.com\/wp-content\/uploads\/2022\/12\/large-commercial-fish-scaler-machine-150x150.webp 150w\" sizes=\"auto, (max-width: 750px) 100vw, 750px\" \/><figcaption class=\"wp-element-caption\">M\u00e1quina escaladora de pescado comercial grande<\/figcaption><\/figure> <\/div>   <h2 class=\"wp-block-heading\">M\u00e1quina descalcificadora autom\u00e1tica Taizy de gran oferta<\/h2>    <p class=\"wp-block-paragraph\">El principio de funcionamiento de la m\u00e1quina descalcificadora de pescado Taizy es similar al de la m\u00e1quina grande. Las escamas de pescado se eliminan mediante el cepillo que gira continuamente dentro de la m\u00e1quina. La diferencia es que esta m\u00e1quina autom\u00e1tica para descalcificar pescado necesita una inyecci\u00f3n continua de agua durante el proceso de trabajo. La funci\u00f3n de la inyecci\u00f3n de agua es eliminar las escamas de pescado raspadas. Despu\u00e9s del trabajo, se descargar\u00e1 pescado limpio por la salida.<\/p>   <div class=\"wp-block-image\"> <figure class=\"aligncenter size-full\"><img loading=\"lazy\" decoding=\"async\" width=\"720\" height=\"540\" src=\"https:\/\/meat-machine.com\/wp-content\/uploads\/2022\/12\/automatic-fish-descaling-machine.webp\" alt=\"descalcificadora autom\u00e1tica de pescado\" class=\"wp-image-247\" title=\"\" srcset=\"https:\/\/meat-machine.com\/wp-content\/uploads\/2022\/12\/automatic-fish-descaling-machine.webp 720w, https:\/\/meat-machine.com\/wp-content\/uploads\/2022\/12\/automatic-fish-descaling-machine-300x225.webp 300w\" sizes=\"auto, (max-width: 720px) 100vw, 720px\" \/><figcaption class=\"wp-element-caption\">descalcificadora autom\u00e1tica de pescado<\/figcaption><\/figure> <\/div>   <h3 class=\"wp-block-heading\">tabla de par\u00e1metros<\/h3>    <figure class=\"wp-block-table\"><table><tbody><tr><td>Modelo<\/td><td>HA-500<\/td><td>HA-700<\/td><td>HA-1000<\/td><\/tr><tr><td>Voltaje nominal<\/td><td>220V\/380<\/td><td>220V\/380<\/td><td>220V\/380<\/td><\/tr><tr><td>Fuerza<\/td><td>2,2 kw<\/td><td>2,2 kw<\/td><td>2,2 kw<\/td><\/tr><tr><td>Dimensi\u00f3n externa (mm)<\/td><td>1050*550*700<\/td><td>1250*550*700mm<\/td><td>1250*650*700mm<\/td><\/tr><tr><td>Capacidad (kg)<\/td><td>15 kg\/lote<\/td><td>25 kg\/lote<\/td><td>40 kg\/lote<\/td><\/tr><tr><td>Peso (kg)<\/td><td>120<\/td><td>160<\/td><td>210 kilos<\/td><\/tr><\/tbody><\/table><\/figure>    <h3 class=\"wp-block-heading\">Ventajas de la m\u00e1quina<\/h3>    <ol class=\"wp-block-list\"> <li>Cada lote de pescado se puede procesar en unos 35 segundos.<\/li>    <li>Esta m\u00e1quina autom\u00e1tica de escamas de pescado puede limpiar las escamas de pescado mientras las retira.<\/li>    <li>Est\u00e1 hecho de acero inoxidable.<\/li>    <li>Los clientes pueden configurar el tiempo de descalcificaci\u00f3n seg\u00fan los diferentes tipos de pescado.<\/li> <\/ol>    <h2 class=\"wp-block-heading\">M\u00e1quina descalcificadora de pescado multifuncional<\/h2>    <p class=\"wp-block-paragraph\">La m\u00e1quina descalcificadora de pescado multifuncional es una m\u00e1quina descalcificadora multifuncional completamente autom\u00e1tica que puede descalcificar y eliminar las v\u00edsceras del pescado. En comparaci\u00f3n con otras m\u00e1quinas descalcificadoras autom\u00e1ticas, esta m\u00e1quina solo puede manipular un pescado a la vez.<\/p>   <div class=\"wp-block-image\"> <figure class=\"aligncenter size-full\"><img loading=\"lazy\" decoding=\"async\" width=\"720\" height=\"540\" src=\"https:\/\/meat-machine.com\/wp-content\/uploads\/2022\/12\/taizy-descaling-fish-machine.webp\" alt=\"m\u00e1quina descalcificadora de pescado taizy\" class=\"wp-image-248\" title=\"\" srcset=\"https:\/\/meat-machine.com\/wp-content\/uploads\/2022\/12\/taizy-descaling-fish-machine.webp 720w, https:\/\/meat-machine.com\/wp-content\/uploads\/2022\/12\/taizy-descaling-fish-machine-300x225.webp 300w\" sizes=\"auto, (max-width: 720px) 100vw, 720px\" \/><figcaption class=\"wp-element-caption\">m\u00e1quina descalcificadora de pescado taizy<\/figcaption><\/figure> <\/div>   <h3 class=\"wp-block-heading\">Par\u00e1metro de la m\u00e1quina<\/h3>    <figure class=\"wp-block-table\"><table><tbody><tr><td>Nombre<\/td><td>Capacidad<\/td><td>Peso<\/td><td>Tama\u00f1o<\/td><\/tr><tr><td>Escaladora de pescado multifuncional<\/td><td>400-500kg\/h<\/td><td>140 kilos<\/td><td>1000*500*700mm<\/td><\/tr><\/tbody><\/table><\/figure>    <h3 class=\"wp-block-heading\">Ventajas de la m\u00e1quina<\/h3>    <ol class=\"wp-block-list\"> <li>Multifunci\u00f3n. Esta m\u00e1quina descalcificadora multifuncional no solo puede descalcificar, sino tambi\u00e9n abrir el abdomen, extraer v\u00edsceras y limpiar.<\/li>    <li>Buen efecto de procesamiento. Las m\u00e1quinas no da\u00f1an a los peces.<\/li>    <li>El material de acero inoxidable cumple con el est\u00e1ndar de higiene alimentaria.<\/li>    <li>El sistema de control inteligente tiene la ventaja de un funcionamiento sencillo.<\/li> <\/ol>   <div class=\"wp-block-image\"> <figure class=\"aligncenter size-full\"><img loading=\"lazy\" decoding=\"async\" width=\"720\" height=\"540\" src=\"https:\/\/meat-machine.com\/wp-content\/uploads\/2022\/12\/descaling-fish-machine.webp\" alt=\"maquina para descalcificar pescado\" class=\"wp-image-249\" title=\"\" srcset=\"https:\/\/meat-machine.com\/wp-content\/uploads\/2022\/12\/descaling-fish-machine.webp 720w, https:\/\/meat-machine.com\/wp-content\/uploads\/2022\/12\/descaling-fish-machine-300x225.webp 300w\" sizes=\"auto, (max-width: 720px) 100vw, 720px\" \/><figcaption class=\"wp-element-caption\">maquina para descalcificar pescado<\/figcaption><\/figure> <\/div>   <h2 class=\"wp-block-heading\">Vendo maquina descalcificadora de pescado<\/h2>    <p class=\"wp-block-paragraph\">En Taizy Meat Machinery Factory, tenemos a la venta 4 m\u00e1quinas descalcificadoras autom\u00e1ticas de pescado. Cada m\u00e1quina tiene diferentes ventajas, rendimientos y m\u00e9todos de trabajo. Ofrecemos descalcificadores comerciales grandes y peque\u00f1os. Si necesita una m\u00e1quina descalcificadora autom\u00e1tica, no dude en contactarnos.<\/p>    <h2 class=\"wp-block-heading\">V\u00eddeo de la m\u00e1quina quitaescamas de pescado<\/h2>    <figure class=\"wp-block-embed is-type-video is-provider-youtube wp-block-embed-youtube wp-embed-aspect-16-9 wp-has-aspect-ratio\"><div class=\"wp-block-embed__wrapper\"> <iframe loading=\"lazy\" title=\"\u00bfC\u00f3mo se descalcifica r\u00e1pidamente un pescado? | M\u00e1quina para quitar escamas de pescado\" width=\"500\" height=\"281\" src=\"https:\/\/www.youtube.com\/embed\/3vg3LTY5RzA?feature=oembed\" frameborder=\"0\" allow=\"accelerometer; autoplay; clipboard-write; encrypted-media; gyroscope; picture-in-picture; web-share\" referrerpolicy=\"strict-origin-when-cross-origin\" allowfullscreen><\/iframe> <\/div><\/figure>    <h2 class=\"wp-block-heading\">5 razones por las que los clientes nos eligen<\/h2>    <ol class=\"wp-block-list\"> <li>Hay varios tipos de m\u00e1quinas descalcificadoras autom\u00e1ticas disponibles para que los clientes elijan. Siempre disponemos de m\u00e1quinas que satisfacen las necesidades del cliente. Adem\u00e1s, tambi\u00e9n tenemos un <a href=\"https:\/\/meat-machine.com\/es\/producto\/maquina-cortadora-de-pescado\/\">m\u00e1quina de filete de pescado<\/a> y un <a href=\"https:\/\/meat-machine.com\/es\/producto\/maquina-deshuesadora-de-pescado\/\">m\u00e1quina deshuesadora de pescado<\/a>.<\/li>    <li>La m\u00e1quina es de alta calidad. M\u00e1s de 10 a\u00f1os de experiencia en la producci\u00f3n de maquinaria c\u00e1rnica nos permiten fabricar m\u00e1quinas asequibles y de alta calidad.<\/li> <\/ol>    <ol class=\"wp-block-list\" start=\"3\"> <li>Rica experiencia exportadora. Hoy en d\u00eda, nuestras m\u00e1quinas se han exportado a m\u00e1s de 20 pa\u00edses y regiones de todo el mundo.<\/li>    <li>Servicio al paciente. Los vendedores completamente capacitados pueden resolver los problemas de los clientes antes y despu\u00e9s de la venta.<\/li>    <li>Entrega r\u00e1pida. La f\u00e1brica de origen tiene las caracter\u00edsticas de entrega r\u00e1pida.<\/li> <\/ol>","protected":false},"excerpt":{"rendered":"<p>Automatic fish descaling machine is the machine that automatically removes fish scales. In Taizy Meat Machinery Factory, we provide 4 different types of fish descaling machines. They are small scale fish scaler machines, large scale fish scaler machines, Taizy hot sale descaling fish machines, and multi-function fish scale removers. The 4 machines have different capacities [&hellip;]<\/p>\n","protected":false},"author":1,"featured_media":242,"parent":0,"template":"","tags":[11],"product-type":[25],"class_list":["post-241","product","type-product","status-publish","has-post-thumbnail","hentry","tag-fish-descaling-machine","product-type-fish-processing-machine"],"_links":{"self":[{"href":"https:\/\/meat-machine.com\/es\/wp-json\/wp\/v2\/product\/241","targetHints":{"allow":["GET"]}}],"collection":[{"href":"https:\/\/meat-machine.com\/es\/wp-json\/wp\/v2\/product"}],"about":[{"href":"https:\/\/meat-machine.com\/es\/wp-json\/wp\/v2\/types\/product"}],"author":[{"embeddable":true,"href":"https:\/\/meat-machine.com\/es\/wp-json\/wp\/v2\/users\/1"}],"wp:featuredmedia":[{"embeddable":true,"href":"https:\/\/meat-machine.com\/es\/wp-json\/wp\/v2\/media\/242"}],"wp:attachment":[{"href":"https:\/\/meat-machine.com\/es\/wp-json\/wp\/v2\/media?parent=241"}],"wp:term":[{"taxonomy":"post_tag","embeddable":true,"href":"https:\/\/meat-machine.com\/es\/wp-json\/wp\/v2\/tags?post=241"},{"taxonomy":"product-type","embeddable":true,"href":"https:\/\/meat-machine.com\/es\/wp-json\/wp\/v2\/product-type?post=241"}],"curies":[{"name":"wp","href":"https:\/\/api.w.org\/{rel}","templated":true}]}}