{"id":226,"date":"2022-12-01T16:44:31","date_gmt":"2022-12-01T08:44:31","guid":{"rendered":"https:\/\/meat-machine.com\/?post_type=product&#038;p=226"},"modified":"2026-04-02T16:51:56","modified_gmt":"2026-04-02T08:51:56","slug":"maquina-automatica-de-shish-kebab","status":"publish","type":"product","link":"https:\/\/meat-machine.com\/es\/product\/automatic-shish-kebab-machine\/","title":{"rendered":"M\u00e1quina autom\u00e1tica de shish kebab | M\u00e1quina el\u00e9ctrica para hacer kebabs de carne"},"content":{"rendered":"<div class=\"kk-star-ratings kksr-auto kksr-align-left kksr-valign-top\"     data-payload='{&quot;align&quot;:&quot;left&quot;,&quot;id&quot;:&quot;226&quot;,&quot;slug&quot;:&quot;default&quot;,&quot;valign&quot;:&quot;top&quot;,&quot;ignore&quot;:&quot;&quot;,&quot;reference&quot;:&quot;auto&quot;,&quot;class&quot;:&quot;&quot;,&quot;count&quot;:&quot;9&quot;,&quot;legendonly&quot;:&quot;&quot;,&quot;readonly&quot;:&quot;&quot;,&quot;score&quot;:&quot;4.6&quot;,&quot;starsonly&quot;:&quot;&quot;,&quot;best&quot;:&quot;5&quot;,&quot;gap&quot;:&quot;5&quot;,&quot;greet&quot;:&quot;Rate this product&quot;,&quot;legend&quot;:&quot;4.6\\\/5 - (9 votos)&quot;,&quot;size&quot;:&quot;24&quot;,&quot;title&quot;:&quot;Automatic Shish Kebab Machine | Electric Meat Kebab Maker&quot;,&quot;width&quot;:&quot;130.9&quot;,&quot;_legend&quot;:&quot;{score}\\\/{best} - ({count} {votes})&quot;,&quot;font_factor&quot;:&quot;1.25&quot;}'>              <div class=\"kksr-stars\">      <div class=\"kksr-stars-inactive\">             <div class=\"kksr-star\" data-star=\"1\" style=\"padding-right: 5px\">               <div class=\"kksr-icon\" style=\"width: 24px; height: 24px;\"><\/div>         <\/div>             <div class=\"kksr-star\" data-star=\"2\" style=\"padding-right: 5px\">               <div class=\"kksr-icon\" style=\"width: 24px; height: 24px;\"><\/div>         <\/div>             <div class=\"kksr-star\" data-star=\"3\" style=\"padding-right: 5px\">               <div class=\"kksr-icon\" style=\"width: 24px; height: 24px;\"><\/div>         <\/div>             <div class=\"kksr-star\" data-star=\"4\" style=\"padding-right: 5px\">               <div class=\"kksr-icon\" style=\"width: 24px; height: 24px;\"><\/div>         <\/div>             <div class=\"kksr-star\" data-star=\"5\" style=\"padding-right: 5px\">               <div class=\"kksr-icon\" style=\"width: 24px; height: 24px;\"><\/div>         <\/div>     <\/div>      <div class=\"kksr-stars-active\" style=\"width: 130.9px;\">             <div class=\"kksr-star\" style=\"padding-right: 5px\">               <div class=\"kksr-icon\" style=\"width: 24px; height: 24px;\"><\/div>         <\/div>             <div class=\"kksr-star\" style=\"padding-right: 5px\">               <div class=\"kksr-icon\" style=\"width: 24px; height: 24px;\"><\/div>         <\/div>             <div class=\"kksr-star\" style=\"padding-right: 5px\">               <div class=\"kksr-icon\" style=\"width: 24px; height: 24px;\"><\/div>         <\/div>             <div class=\"kksr-star\" style=\"padding-right: 5px\">               <div class=\"kksr-icon\" style=\"width: 24px; height: 24px;\"><\/div>         <\/div>             <div class=\"kksr-star\" style=\"padding-right: 5px\">               <div class=\"kksr-icon\" style=\"width: 24px; height: 24px;\"><\/div>         <\/div>     <\/div> <\/div>                   <div class=\"kksr-legend\" style=\"font-size: 19.2px;\">             4,6\/5 - (9 votos)    <\/div>     <\/div>  <p class=\"wp-block-paragraph translation-block\">La <strong>m\u00e1quina autom\u00e1tica de brochetas<\/strong> puede automatizar la inserci\u00f3n de carne y otros ingredientes. Asegura un tama\u00f1o, peso y apariencia consistentes en cada brocheta. Con una <strong>capacidad de 1800\u20133500 brochetas por hora<\/strong> y una <strong>eficiencia de trabajo de 1.5\u20132.0 segundos por brocheta<\/strong>, la m\u00e1quina aumenta en gran medida la velocidad de producci\u00f3n mientras reduce los costos laborales. <\/p>    <p class=\"wp-block-paragraph\">Esta m\u00e1quina es adecuada para una amplia gama de materias primas, incluyendo pollo, carne de res, cordero, mariscos y verduras mixtas. Se usa ampliamente para producir kebabs, brochetas para barbacoa y satay con calidad uniforme y apariencia profesional. <\/p>    <p class=\"wp-block-paragraph\">Al mejorar la precisi\u00f3n y eficiencia en la inserci\u00f3n, la m\u00e1quina ayuda a las empresas a mantener est\u00e1ndares de producto consistentes, siendo una opci\u00f3n ideal para restaurantes, servicios de catering, f\u00e1bricas de alimentos congelados y cocinas centrales que buscan ampliar su producci\u00f3n.<\/p>    <figure class=\"wp-block-embed is-type-video is-provider-youtube wp-block-embed-youtube wp-embed-aspect-9-16 wp-has-aspect-ratio\"><div class=\"wp-block-embed__wrapper\"> <iframe loading=\"lazy\" title=\"Meat Skewer Machine Working Process | Fast &amp; Uniform Skewering #meat #food #skewers\" width=\"422\" height=\"750\" src=\"https:\/\/www.youtube.com\/embed\/j-KMBSLvi-k?feature=oembed\" frameborder=\"0\" allow=\"accelerometer; autoplay; clipboard-write; encrypted-media; gyroscope; picture-in-picture; web-share\" referrerpolicy=\"strict-origin-when-cross-origin\" allowfullscreen><\/iframe> <\/div><figcaption class=\"wp-element-caption\">V\u00eddeo de funcionamiento de la m\u00e1quina autom\u00e1tica de shish kebab<\/figcaption><\/figure>    <h2 class=\"wp-block-heading\">\u00bfCu\u00e1l es la estructura de la m\u00e1quina autom\u00e1tica de shish kebab?<\/h2>    <div class=\"wp-block-media-text is-stacked-on-mobile\"><figure class=\"wp-block-media-text__media\"><img loading=\"lazy\" decoding=\"async\" width=\"720\" height=\"540\" src=\"https:\/\/meat-machine.com\/wp-content\/uploads\/2022\/12\/machine-structure.webp\" alt=\"estructura de la m\u00e1quina\" class=\"wp-image-231 size-full\" title=\"\" srcset=\"https:\/\/meat-machine.com\/wp-content\/uploads\/2022\/12\/machine-structure.webp 720w, https:\/\/meat-machine.com\/wp-content\/uploads\/2022\/12\/machine-structure-300x225.webp 300w\" sizes=\"auto, (max-width: 720px) 100vw, 720px\" \/><\/figure><div class=\"wp-block-media-text__content\"> <ul class=\"wp-block-list\"> <li>Indicador de suministro de energ\u00eda: muestra el estado de funcionamiento de la m\u00e1quina para un uso seguro y conveniente.<\/li>    <li>Cinta transportadora: transporta las materias primas de manera suave para garantizar una producci\u00f3n continua. <\/li>    <li>Molde: da forma y posiciona la carne de manera uniforme para una inserci\u00f3n precisa. <\/li>    <li>Sensor de detecci\u00f3n de brochetas: detecta la posici\u00f3n de la brocheta para garantizar una inserci\u00f3n precisa y constante. <\/li>    <li>Dispositivo de brochetas: inserta autom\u00e1ticamente las brochetas en la carne con alta precisi\u00f3n. <\/li> <\/ul> <\/div><\/div>    <div class=\"wp-block-media-text has-media-on-the-right is-stacked-on-mobile\"><div class=\"wp-block-media-text__content\"> <ul class=\"wp-block-list\"> <li>Dispositivo anti-brocheta doble: evita que varias brochetas se alimenten al mismo tiempo, mejorando la eficiencia. <\/li>    <li>Cubo de brochetas: almacena y suministra brochetas para una operaci\u00f3n ininterrumpida. <\/li>    <li>Separador de agua y aceite: mantiene la m\u00e1quina limpia y cumple con los est\u00e1ndares de higiene alimentaria. <\/li>    <li>Motor de la cinta transportadora: proporciona energ\u00eda estable para un transporte suave y eficiente. <\/li>    <li>Carcasa trasera: protege los componentes internos y garantiza un funcionamiento seguro de la m\u00e1quina.<\/li> <\/ul> <\/div><figure class=\"wp-block-media-text__media\"><img loading=\"lazy\" decoding=\"async\" width=\"720\" height=\"540\" src=\"https:\/\/meat-machine.com\/wp-content\/uploads\/2022\/12\/automatic-shish-kebab-machine-1.webp\" alt=\"m\u00e1quina autom\u00e1tica de shish kebab\" class=\"wp-image-714 size-full\" title=\"\" srcset=\"https:\/\/meat-machine.com\/wp-content\/uploads\/2022\/12\/automatic-shish-kebab-machine-1.webp 720w, https:\/\/meat-machine.com\/wp-content\/uploads\/2022\/12\/automatic-shish-kebab-machine-1-300x225.webp 300w, https:\/\/meat-machine.com\/wp-content\/uploads\/2022\/12\/automatic-shish-kebab-machine-1-16x12.webp 16w\" sizes=\"auto, (max-width: 720px) 100vw, 720px\" \/><\/figure><\/div>    <h2 class=\"wp-block-heading\">Se vende m\u00e1quina de shish kebab<\/h2>    <figure class=\"wp-block-table\"><table class=\"has-fixed-layout\"><thead><tr><th>Par\u00e1metro<\/th><th>Especificaci\u00f3n<\/th><\/tr><\/thead><tbody><tr><td>Voltaje<\/td><td>415V \/ 50Hz, trif\u00e1sico<\/td><\/tr><tr><td>Capacidad del modelo<\/td><td>1800\u20133500 brochetas por hora<\/td><\/tr><tr><td>Longitud de la brocheta de bamb\u00fa<\/td><td>250 mm<\/td><\/tr><tr><td>Di\u00e1metro de la brocheta de bamb\u00fa<\/td><td>5 mm<\/td><\/tr><tr><td>Longitud de la carne<\/td><td>210 mm<\/td><\/tr><tr><td>Peso por brocheta<\/td><td>120 g<\/td><\/tr><tr><td>Exposici\u00f3n de la punta de la brocheta<\/td><td>5 mm<\/td><\/tr><tr><td>Material<\/td><td>Acero inoxidable 304 (cuerpo de la m\u00e1quina, rodamientos, cadenas, etc.)<\/td><\/tr><tr><td>Tama\u00f1o de la m\u00e1quina<\/td><td>2000 \u00d7 2000 \u00d7 1100 mm<\/td><\/tr><tr><td>Peso<\/td><td>160 kg<\/td><\/tr><\/tbody><\/table><figcaption class=\"wp-element-caption\">Par\u00e1metros de la m\u00e1quina de brochetas para barbacoa<\/figcaption><\/figure>    <h2 class=\"wp-block-heading\">Principio de funcionamiento de la m\u00e1quina autom\u00e1tica de shish kebab.<\/h2>    <p class=\"wp-block-paragraph translation-block\">La <strong>M\u00e1quina Autom\u00e1tica para Brochetas Shish Kebab<\/strong> opera utilizando una combinaci\u00f3n de principios neum\u00e1ticos y el\u00e9ctricos para ensartar cordero:<\/p>    <ol class=\"wp-block-list\"> <li>Coloca la carne en el molde.<\/li>    <li>Arranque la m\u00e1quina y la cinta transportadora empuja el molde hacia adelante.<\/li>    <li>Un sensor dentro de la m\u00e1quina detecta el movimiento y env\u00eda una orden.<\/li>    <li>La bomba de aire se activa, impulsando el dispositivo de brocheta para ensartar la carne.<\/li>    <li>Antes de utilizar la m\u00e1quina, corte la carne en trozos con un <a href=\"https:\/\/meat-machine.com\/es\/producto\/maquina-para-cortar-carne\/\" data-type=\"link\" data-id=\"https:\/\/meat-machine.com\/product\/meat-dicing-machine\/\">cortadora de carne<\/a> para obtener resultados \u00f3ptimos.<\/li> <\/ol>    <figure class=\"wp-block-gallery aligncenter has-nested-images columns-default is-cropped wp-block-gallery-2 is-layout-flex wp-block-gallery-is-layout-flex\"> <figure class=\"wp-block-image size-full\"><img loading=\"lazy\" decoding=\"async\" width=\"720\" height=\"540\" data-id=\"232\" src=\"https:\/\/meat-machine.com\/wp-content\/uploads\/2022\/12\/meat-skewer-machine.webp\" alt=\"maquina para hacer brochetas de carne\" class=\"wp-image-232\" title=\"\" srcset=\"https:\/\/meat-machine.com\/wp-content\/uploads\/2022\/12\/meat-skewer-machine.webp 720w, https:\/\/meat-machine.com\/wp-content\/uploads\/2022\/12\/meat-skewer-machine-300x225.webp 300w\" sizes=\"auto, (max-width: 720px) 100vw, 720px\" \/><figcaption class=\"wp-element-caption\">M\u00e1quina de brochetas de carne<\/figcaption><\/figure>    <figure class=\"wp-block-image size-full\"><img loading=\"lazy\" decoding=\"async\" width=\"720\" height=\"540\" data-id=\"713\" src=\"https:\/\/meat-machine.com\/wp-content\/uploads\/2022\/12\/bbq-meat-kebab-machine.webp\" alt=\"m\u00e1quina de kebabs de carne para barbacoa\" class=\"wp-image-713\" title=\"\" srcset=\"https:\/\/meat-machine.com\/wp-content\/uploads\/2022\/12\/bbq-meat-kebab-machine.webp 720w, https:\/\/meat-machine.com\/wp-content\/uploads\/2022\/12\/bbq-meat-kebab-machine-300x225.webp 300w, https:\/\/meat-machine.com\/wp-content\/uploads\/2022\/12\/bbq-meat-kebab-machine-16x12.webp 16w\" sizes=\"auto, (max-width: 720px) 100vw, 720px\" \/><figcaption class=\"wp-element-caption\">M\u00e1quina de kebab de carne a la barbacoa<\/figcaption><\/figure> <\/figure>    <h2 class=\"wp-block-heading\">Ventajas de la m\u00e1quina de brochetas para barbacoa<\/h2>    <p class=\"wp-block-paragraph translation-block\">La <strong>M\u00e1quina El\u00e9ctrica para Brochetas Shish Kebab<\/strong> ofrece un funcionamiento preciso y eficiente, lo que la convierte en una herramienta fiable para diversas aplicaciones:<\/p>    <div class=\"wp-block-media-text is-stacked-on-mobile\"><figure class=\"wp-block-media-text__media\"><img loading=\"lazy\" decoding=\"async\" width=\"720\" height=\"540\" src=\"https:\/\/meat-machine.com\/wp-content\/uploads\/2022\/12\/shish-kebab-machine-for-sale.webp\" alt=\"M\u00e1quina de shish kebab a la venta\" class=\"wp-image-233 size-full\" title=\"\" srcset=\"https:\/\/meat-machine.com\/wp-content\/uploads\/2022\/12\/shish-kebab-machine-for-sale.webp 720w, https:\/\/meat-machine.com\/wp-content\/uploads\/2022\/12\/shish-kebab-machine-for-sale-300x225.webp 300w\" sizes=\"auto, (max-width: 720px) 100vw, 720px\" \/><\/figure><div class=\"wp-block-media-text__content\"> <ul class=\"wp-block-list\"> <li>Dispositivo anti-doble pincho. Evita la doble penetraci\u00f3n, asegurando un ensartado suave y eficiente.<\/li>    <li>Aplicaciones vers\u00e1tiles. Capaz de ensartar cordero, otras carnes, calabaza azucarada y una variedad de otros ingredientes.<\/li>    <li>Materiales de primera calidad. Construido con acero inoxidable de alta calidad, con moldes fabricados con material apto para uso alimentario. <a href=\"https:\/\/en.wikipedia.org\/wiki\/PE\" data-type=\"link\" data-id=\"https:\/\/en.wikipedia.org\/wiki\/PE\" target=\"_blank\" rel=\"noopener\">EDUCACI\u00d3N F\u00cdSICA<\/a> material, garantizando la seguridad e higiene.<\/li>    <li>Alta eficiencia. Produce casi 3500 brochetas por hora, logrando m\u00e1s de 10 veces la velocidad de la inserci\u00f3n manual.<\/li> <\/ul> <\/div><\/div>    <h2 class=\"wp-block-heading\">\u00c1mbito de aplicaci\u00f3n de la m\u00e1quina autom\u00e1tica de shish kebab<\/h2>    <p class=\"wp-block-paragraph\">La m\u00e1quina autom\u00e1tica de shish kebab ofrece un amplio \u00e1mbito de aplicaci\u00f3n, lo que la hace adecuada para producir diversos productos de brochetas. <\/p>    <p class=\"wp-block-paragraph\">Estos incluyen brochetas de pollo, brochetas de costillas de carne, brochetas de coraz\u00f3n de pollo, brochetas de molleja de pollo, brochetas picantes, brochetas de verduras, brochetas de ternera, brochetas de calamares, brochetas de algas, brochetas de pan tostado, brochetas de espino, brochetas de \u00f1ame y brochetas de frutas. <\/p>    <p class=\"wp-block-paragraph\">Su versatilidad le permite satisfacer diversas necesidades culinarias, que van desde carnes y mariscos hasta verduras y postres.<\/p>    <figure class=\"wp-block-gallery aligncenter has-nested-images columns-default is-cropped wp-block-gallery-3 is-layout-flex wp-block-gallery-is-layout-flex\"> <figure class=\"wp-block-image size-full\"><img loading=\"lazy\" decoding=\"async\" width=\"720\" height=\"540\" data-id=\"230\" src=\"https:\/\/meat-machine.com\/wp-content\/uploads\/2022\/12\/automatic-shish-kebab-machine.webp\" alt=\"m\u00e1quina autom\u00e1tica de shish kebab\" class=\"wp-image-230\" title=\"\" srcset=\"https:\/\/meat-machine.com\/wp-content\/uploads\/2022\/12\/automatic-shish-kebab-machine.webp 720w, https:\/\/meat-machine.com\/wp-content\/uploads\/2022\/12\/automatic-shish-kebab-machine-300x225.webp 300w\" sizes=\"auto, (max-width: 720px) 100vw, 720px\" \/><figcaption class=\"wp-element-caption\">M\u00e1quina autom\u00e1tica de shish kebab<\/figcaption><\/figure>    <figure class=\"wp-block-image size-full\"><img loading=\"lazy\" decoding=\"async\" width=\"720\" height=\"540\" data-id=\"229\" src=\"https:\/\/meat-machine.com\/wp-content\/uploads\/2022\/12\/Application-scope-of-the-shish-kebab-making-machine.webp\" alt=\"\u00c1mbito de aplicaci\u00f3n de la m\u00e1quina para hacer shish kebab\" class=\"wp-image-229\" title=\"\" srcset=\"https:\/\/meat-machine.com\/wp-content\/uploads\/2022\/12\/Application-scope-of-the-shish-kebab-making-machine.webp 720w, https:\/\/meat-machine.com\/wp-content\/uploads\/2022\/12\/Application-scope-of-the-shish-kebab-making-machine-300x225.webp 300w\" sizes=\"auto, (max-width: 720px) 100vw, 720px\" \/><figcaption class=\"wp-element-caption\">\u00c1mbito de aplicaci\u00f3n de la m\u00e1quina de brochetas<\/figcaption><\/figure> <\/figure>    <h2 class=\"wp-block-heading\">\u00bfC\u00f3mo elegir un fabricante confiable de m\u00e1quinas para hacer brochetas de carne?<\/h2>    <p class=\"wp-block-paragraph translation-block\">En <strong>Taizy Machinery<\/strong>, nos enorgullecemos de ser un fabricante fiable y de confianza de maquinaria de alta calidad. He aqu\u00ed por qu\u00e9 puede contar con nosotros:<\/p>    <div class=\"wp-block-media-text is-stacked-on-mobile\"><figure class=\"wp-block-media-text__media\"><img loading=\"lazy\" decoding=\"async\" width=\"720\" height=\"540\" src=\"https:\/\/meat-machine.com\/wp-content\/uploads\/2022\/12\/meat-kebab-machine.webp\" alt=\"M\u00e1quina de kebab de carne\" class=\"wp-image-711 size-full\" title=\"\" srcset=\"https:\/\/meat-machine.com\/wp-content\/uploads\/2022\/12\/meat-kebab-machine.webp 720w, https:\/\/meat-machine.com\/wp-content\/uploads\/2022\/12\/meat-kebab-machine-300x225.webp 300w, https:\/\/meat-machine.com\/wp-content\/uploads\/2022\/12\/meat-kebab-machine-16x12.webp 16w\" sizes=\"auto, (max-width: 720px) 100vw, 720px\" \/><\/figure><div class=\"wp-block-media-text__content\"> <ul class=\"wp-block-list\"> <li><strong>Calificaciones de la empresa:<\/strong> Taizy Machinery cuenta con certificaci\u00f3n CE, garantizando altos est\u00e1ndares de calidad y seguridad. <\/li>    <li><strong>Calidad de la m\u00e1quina:<\/strong> Proporcionamos fotos y videos detallados para garantizar transparencia y mano de obra confiable. <\/li>    <li><strong>Servicio postventa:<\/strong> Soporte integral que incluye garant\u00eda y asistencia t\u00e9cnica para un funcionamiento sin problemas. <\/li>    <li><strong>Experiencia en exportaci\u00f3n:<\/strong> Amplia experiencia en exportaci\u00f3n global con soluciones log\u00edsticas profesionales y entregas oportunas.<\/li> <\/ul> <\/div><\/div>    <p class=\"wp-block-paragraph translation-block\">Elija <strong>Taizy Machinery<\/strong> para obtener soluciones fiables y un servicio inigualable. \u00a1Perm\u00edtanos ayudarle a alcanzar sus objetivos comerciales con confianza!<\/p>    <h2 class=\"wp-block-heading\">Conclusi\u00f3n<\/h2>    <p class=\"wp-block-paragraph translation-block\">En resumen, las avanzadas caracter\u00edsticas, los materiales de alta calidad y la facilidad de uso de la <strong>M\u00e1quina Autom\u00e1tica para Brochetas Shish Kebab<\/strong> la convierten en una opci\u00f3n ideal para f\u00e1bricas de brochetas de carne, restaurantes de barbacoa y empresas de procesamiento de alimentos. <\/p>    <p class=\"wp-block-paragraph\">Con esta m\u00e1quina podr\u00e1 mejorar significativamente la productividad manteniendo los est\u00e1ndares de seguridad e higiene. \u00a1Cont\u00e1ctenos hoy para obtener m\u00e1s informaci\u00f3n sobre c\u00f3mo esta innovadora m\u00e1quina puede beneficiar sus operaciones!<\/p>","protected":false},"excerpt":{"rendered":"<p>La m\u00e1quina autom\u00e1tica de kebabs puede automatizar la brocheta de carne y otros ingredientes. <\/p>","protected":false},"author":1,"featured_media":228,"parent":0,"template":"","tags":[12],"product-type":[4],"class_list":["post-226","product","type-product","status-publish","has-post-thumbnail","hentry","tag-shish-kebab-machine","product-type-meat-grinder"],"_links":{"self":[{"href":"https:\/\/meat-machine.com\/es\/wp-json\/wp\/v2\/product\/226","targetHints":{"allow":["GET"]}}],"collection":[{"href":"https:\/\/meat-machine.com\/es\/wp-json\/wp\/v2\/product"}],"about":[{"href":"https:\/\/meat-machine.com\/es\/wp-json\/wp\/v2\/types\/product"}],"author":[{"embeddable":true,"href":"https:\/\/meat-machine.com\/es\/wp-json\/wp\/v2\/users\/1"}],"wp:featuredmedia":[{"embeddable":true,"href":"https:\/\/meat-machine.com\/es\/wp-json\/wp\/v2\/media\/228"}],"wp:attachment":[{"href":"https:\/\/meat-machine.com\/es\/wp-json\/wp\/v2\/media?parent=226"}],"wp:term":[{"taxonomy":"post_tag","embeddable":true,"href":"https:\/\/meat-machine.com\/es\/wp-json\/wp\/v2\/tags?post=226"},{"taxonomy":"product-type","embeddable":true,"href":"https:\/\/meat-machine.com\/es\/wp-json\/wp\/v2\/product-type?post=226"}],"curies":[{"name":"wp","href":"https:\/\/api.w.org\/{rel}","templated":true}]}}