{"id":217,"date":"2022-11-25T15:14:54","date_gmt":"2022-11-25T07:14:54","guid":{"rendered":"https:\/\/meat-machine.com\/?post_type=product&#038;p=217"},"modified":"2023-02-07T15:12:59","modified_gmt":"2023-02-07T07:12:59","slug":"maquina-cortadora-de-pescado","status":"publish","type":"product","link":"https:\/\/meat-machine.com\/es\/product\/fish-slicer-machine\/","title":{"rendered":"M\u00e1quina cortadora de pescado | M\u00e1quina de filete de pescado"},"content":{"rendered":"<div class=\"kk-star-ratings kksr-auto kksr-align-left kksr-valign-top\"     data-payload='{&quot;align&quot;:&quot;left&quot;,&quot;id&quot;:&quot;217&quot;,&quot;slug&quot;:&quot;default&quot;,&quot;valign&quot;:&quot;top&quot;,&quot;ignore&quot;:&quot;&quot;,&quot;reference&quot;:&quot;auto&quot;,&quot;class&quot;:&quot;&quot;,&quot;count&quot;:&quot;11&quot;,&quot;legendonly&quot;:&quot;&quot;,&quot;readonly&quot;:&quot;&quot;,&quot;score&quot;:&quot;4.7&quot;,&quot;starsonly&quot;:&quot;&quot;,&quot;best&quot;:&quot;5&quot;,&quot;gap&quot;:&quot;5&quot;,&quot;greet&quot;:&quot;Rate this product&quot;,&quot;legend&quot;:&quot;4.7\\\/5 - (11 votos)&quot;,&quot;size&quot;:&quot;24&quot;,&quot;title&quot;:&quot;Fish Slicer Machine | Fish Fillet Machine&quot;,&quot;width&quot;:&quot;133.8&quot;,&quot;_legend&quot;:&quot;{score}\\\/{best} - ({count} {votes})&quot;,&quot;font_factor&quot;:&quot;1.25&quot;}'>              <div class=\"kksr-stars\">      <div class=\"kksr-stars-inactive\">             <div class=\"kksr-star\" data-star=\"1\" style=\"padding-right: 5px\">               <div class=\"kksr-icon\" style=\"width: 24px; height: 24px;\"><\/div>         <\/div>             <div class=\"kksr-star\" data-star=\"2\" style=\"padding-right: 5px\">               <div class=\"kksr-icon\" style=\"width: 24px; height: 24px;\"><\/div>         <\/div>             <div class=\"kksr-star\" data-star=\"3\" style=\"padding-right: 5px\">               <div class=\"kksr-icon\" style=\"width: 24px; height: 24px;\"><\/div>         <\/div>             <div class=\"kksr-star\" data-star=\"4\" style=\"padding-right: 5px\">               <div class=\"kksr-icon\" style=\"width: 24px; height: 24px;\"><\/div>         <\/div>             <div class=\"kksr-star\" data-star=\"5\" style=\"padding-right: 5px\">               <div class=\"kksr-icon\" style=\"width: 24px; height: 24px;\"><\/div>         <\/div>     <\/div>      <div class=\"kksr-stars-active\" style=\"width: 133.8px;\">             <div class=\"kksr-star\" style=\"padding-right: 5px\">               <div class=\"kksr-icon\" style=\"width: 24px; height: 24px;\"><\/div>         <\/div>             <div class=\"kksr-star\" style=\"padding-right: 5px\">               <div class=\"kksr-icon\" style=\"width: 24px; height: 24px;\"><\/div>         <\/div>             <div class=\"kksr-star\" style=\"padding-right: 5px\">               <div class=\"kksr-icon\" style=\"width: 24px; height: 24px;\"><\/div>         <\/div>             <div class=\"kksr-star\" style=\"padding-right: 5px\">               <div class=\"kksr-icon\" style=\"width: 24px; height: 24px;\"><\/div>         <\/div>             <div class=\"kksr-star\" style=\"padding-right: 5px\">               <div class=\"kksr-icon\" style=\"width: 24px; height: 24px;\"><\/div>         <\/div>     <\/div> <\/div>                   <div class=\"kksr-legend\" style=\"font-size: 19.2px;\">             4,7\/5 - (11 votos)    <\/div>     <\/div>  <p class=\"wp-block-paragraph translation-block\">La m\u00e1quina cortadora de pescado es una m\u00e1quina com\u00fan de procesamiento de pescado en <a href=\"https:\/\/meat-machine.com\/es\/\">Taizy meat machinery<\/a>. Esta m\u00e1quina puede imitar la forma de corte artificial para cortar el pescado entero en rodajas de grosor uniforme. El grosor de la rodaja de pescado se puede ajustar. El grosor de los filetes puede variar de 1 mm a 40 mm. Podemos personalizar el \u00e1ngulo de corte de la m\u00e1quina seg\u00fan las necesidades del cliente (15-45 grados). Adem\u00e1s, la cortadora de pescado Taizy puede cortar cualquier pescado. La semana pasada, nuestro cliente compr\u00f3 una m\u00e1quina fileteadora para cortar salm\u00f3n. Por lo tanto, si desea comprar una m\u00e1quina fileteadora de salm\u00f3n, esta m\u00e1quina es una buena opci\u00f3n.<\/p>   <div class=\"wp-block-image\"> <figure class=\"aligncenter size-full\"><img loading=\"lazy\" decoding=\"async\" width=\"720\" height=\"640\" src=\"https:\/\/meat-machine.com\/wp-content\/uploads\/2022\/11\/fish-slicer-machine.webp\" alt=\"m\u00e1quina cortadora de pescado\" class=\"wp-image-221\" title=\"\" srcset=\"https:\/\/meat-machine.com\/wp-content\/uploads\/2022\/11\/fish-slicer-machine.webp 720w, https:\/\/meat-machine.com\/wp-content\/uploads\/2022\/11\/fish-slicer-machine-300x267.webp 300w\" sizes=\"auto, (max-width: 720px) 100vw, 720px\" \/><figcaption class=\"wp-element-caption\">m\u00e1quina cortadora de pescado<\/figcaption><\/figure> <\/div>   <h2 class=\"wp-block-heading\">Video de trabajo de la m\u00e1quina cortadora de pescado.<\/h2>    <figure class=\"wp-block-embed is-type-video is-provider-youtube wp-block-embed-youtube wp-embed-aspect-16-9 wp-has-aspect-ratio\"><div class=\"wp-block-embed__wrapper\"> <iframe loading=\"lazy\" title=\"La mejor m\u00e1quina cortadora de pescado | M\u00e1quina para filetear pescado a la venta | Cortadora de Pescado #Shorts\" width=\"500\" height=\"281\" src=\"https:\/\/www.youtube.com\/embed\/sXfbZ0-f8vc?feature=oembed\" frameborder=\"0\" allow=\"accelerometer; autoplay; clipboard-write; encrypted-media; gyroscope; picture-in-picture; web-share\" referrerpolicy=\"strict-origin-when-cross-origin\" allowfullscreen><\/iframe> <\/div><\/figure>    <h2 class=\"wp-block-heading\">\u00bfCu\u00e1l es el principio de funcionamiento de la m\u00e1quina fileteadora de pescado?<\/h2>    <p class=\"wp-block-paragraph\">La m\u00e1quina comercial para filetear pescado simula el principio del corte manual y acciona el dispositivo de alimentaci\u00f3n y el conjunto cortador bajo la acci\u00f3n del motor y la caja de cambios. El grupo de corte consta de 50 a 80 cuchillas dispuestas uniformemente. Despu\u00e9s de colocar el pescado en la m\u00e1quina, presione el bot\u00f3n de elevaci\u00f3n y el dispositivo de alimentaci\u00f3n se mover\u00e1 hacia la cuchilla. A continuaci\u00f3n, se cortar\u00e1 el pescado en rodajas transversales con una cuchilla de afeitar. Esta es la raz\u00f3n por la cual la m\u00e1quina fileteadora de pescado totalmente autom\u00e1tica corta la carne del pescado en rodajas de forma oblicua.<\/p>   <div class=\"wp-block-image\"> <figure class=\"aligncenter size-full\"><img loading=\"lazy\" decoding=\"async\" width=\"720\" height=\"540\" src=\"https:\/\/meat-machine.com\/wp-content\/uploads\/2022\/11\/fillets-of-different-thicknesses.webp\" alt=\"filetes de diferentes espesores\" class=\"wp-image-219\" title=\"\" srcset=\"https:\/\/meat-machine.com\/wp-content\/uploads\/2022\/11\/fillets-of-different-thicknesses.webp 720w, https:\/\/meat-machine.com\/wp-content\/uploads\/2022\/11\/fillets-of-different-thicknesses-300x225.webp 300w\" sizes=\"auto, (max-width: 720px) 100vw, 720px\" \/><figcaption class=\"wp-element-caption\">filetes de diferentes espesores<\/figcaption><\/figure> <\/div>   <h2 class=\"wp-block-heading\">Par\u00e1metro t\u00e9cnico<\/h2>    <figure class=\"wp-block-table\"><table><tbody><tr><td>Nombre<\/td><td>M\u00e1quina cortadora de pescado<\/td><\/tr><tr><td>Tama\u00f1o (mm)<\/td><td>1030*700*850<\/td><\/tr><tr><td>Voltaje (v)<\/td><td>220<\/td><\/tr><tr><td>Potencia (kW)<\/td><td>1.62<\/td><\/tr><tr><td>Peso (kg)<\/td><td>160<\/td><\/tr><tr><td>Capacidad (kg\/h)<\/td><td>200kg\/h<\/td><\/tr><\/tbody><\/table><\/figure>    <p class=\"wp-block-paragraph translation-block\">Lo anterior son solo los par\u00e1metros t\u00e9cnicos de una de nuestras cortadoras de pescado. En Taizy Meat Machinery, tenemos una variedad de cortadoras de pescado para que los clientes elijan. El espesor de las lonchas de pescado puede cortarse de 1 mm a 40 mm. Si los clientes tienen otros requisitos de espesor, tambi\u00e9n podemos proporcionar servicios personalizados. Adem\u00e1s, nuestra empresa tambi\u00e9n cuenta con una <a href=\"https:\/\/meat-machine.com\/es\/producto\/maquina-deshuesadora-de-pescado\/\">m\u00e1quina deshuesadora de pescado<\/a> para eliminar las espinas.<\/p>    <h2 class=\"wp-block-heading\">Ventajas de la cortadora de pescado<\/h2>    <ol class=\"wp-block-list\"> <li>F\u00e1cil de mover. Hay rodillos en la parte inferior de la m\u00e1quina cortadora autom\u00e1tica de pescado fresco para facilitar su movimiento.<\/li>    <li>Consolidaci\u00f3n y alta eficiencia. La m\u00e1quina puede procesar pescado comestible com\u00fan y la eficiencia equivale a 20 personas. Adem\u00e1s, la m\u00e1quina no da\u00f1ar\u00e1 el pescado y el pescado cortado conservar\u00e1 su forma original.<\/li>    <li>El grosor del filete de pescado es regulable. Esta m\u00e1quina puede ajustar el grosor del corte, la velocidad del corte y el \u00e1ngulo del corte. La velocidad de movimiento del cortador se puede ajustar entre 64 y 280 veces por minuto.<\/li>    <li>El pescado en rodajas tiene un grosor uniforme.<\/li>    <li>La rebanadora est\u00e1 hecha de acero inoxidable apto para uso alimentario. Tiene las caracter\u00edsticas de no dejar caer escoria f\u00e1cilmente y ser higi\u00e9nico.<\/li>    <li>F\u00e1cil de limpiar. La m\u00e1quina cortadora de pescado tiene una estructura simple, por lo que es f\u00e1cil de limpiar.<\/li> <\/ol>   <div class=\"wp-block-image\"> <figure class=\"aligncenter size-full\"><img loading=\"lazy\" decoding=\"async\" width=\"720\" height=\"540\" src=\"https:\/\/meat-machine.com\/wp-content\/uploads\/2022\/11\/slicing-effect-of-the-fish-filleter-machine.webp\" alt=\"efecto de corte de la m\u00e1quina fileteadora de pescado\" class=\"wp-image-224\" title=\"\" srcset=\"https:\/\/meat-machine.com\/wp-content\/uploads\/2022\/11\/slicing-effect-of-the-fish-filleter-machine.webp 720w, https:\/\/meat-machine.com\/wp-content\/uploads\/2022\/11\/slicing-effect-of-the-fish-filleter-machine-300x225.webp 300w\" sizes=\"auto, (max-width: 720px) 100vw, 720px\" \/><figcaption class=\"wp-element-caption\">efecto de corte de la m\u00e1quina fileteadora de pescado<\/figcaption><\/figure> <\/div>   <h2 class=\"wp-block-heading\">\u00c1mbito de aplicaci\u00f3n de la m\u00e1quina cortadora de pescado.<\/h2>    <p class=\"wp-block-paragraph translation-block\">La m\u00e1quina de filetear pescado puede filetear una gran variedad de pescados frescos, secos y microcongelados, como salm\u00f3n, pez luna, pez negro, caballa, carpa, salm\u00f3n, <a href=\"https:\/\/en.wikipedia.org\/wiki\/Guppy\" target=\"_blank\" rel=\"noopener\">guppy<\/a>, tilapia, lubina, barramundi, etc. La m\u00e1quina tambi\u00e9n es adecuada para cortar panceta, panceta de res, h\u00edgado de cerdo, h\u00edgado de res, calamares y otros ingredientes c\u00e1rnicos tiernos. Es adecuada para hoteles, restaurantes, procesamiento acu\u00edcola y otra industria de catering. Al mismo tiempo, la m\u00e1quina cortadora de pescado tambi\u00e9n se usa com\u00fanmente en restaurantes de hot pot, filetes en salmuera, tiendas de pescado hervido, cantinas, hoteles y otros tipos de empresas de catering.<\/p>   <div class=\"wp-block-image\"> <figure class=\"aligncenter size-full\"><img loading=\"lazy\" decoding=\"async\" width=\"750\" height=\"470\" src=\"https:\/\/meat-machine.com\/wp-content\/uploads\/2022\/11\/product-application.webp\" alt=\"aplicaci\u00f3n del producto\" class=\"wp-image-223\" title=\"\" srcset=\"https:\/\/meat-machine.com\/wp-content\/uploads\/2022\/11\/product-application.webp 750w, https:\/\/meat-machine.com\/wp-content\/uploads\/2022\/11\/product-application-300x188.webp 300w\" sizes=\"auto, (max-width: 750px) 100vw, 750px\" \/><figcaption class=\"wp-element-caption\">aplicaci\u00f3n del producto<\/figcaption><\/figure> <\/div>   <h2 class=\"wp-block-heading\">\u00bfC\u00f3mo limpiar la m\u00e1quina fileteadora de pescado?<\/h2>    <p class=\"wp-block-paragraph\">La m\u00e1quina debe limpiarse despu\u00e9s de cada uso. Las zonas que hay que limpiar son la bandeja del pescado y la hendidura de la cuchilla. Al limpiar, solo necesita enjuagar las grietas y la superficie de la placa y las cuchillas con agua. Pero tenga cuidado de no utilizar objetos duros para golpear la m\u00e1quina de filetear pescado, para no da\u00f1ar las piezas de la m\u00e1quina. Mientras utiliza la m\u00e1quina, debe llenar peri\u00f3dicamente el orificio de llenado de aceite etiquetado con la palabra \"aceite\" para que la m\u00e1quina tenga suficiente lubricaci\u00f3n. La superficie del portacuchillas del cortador de pescado y de la m\u00e1quina se puede limpiar con aceite de cocina diluido. Si la m\u00e1quina cortadora de pescado no se utiliza durante un tiempo prolongado, se debe cubrir con un pa\u00f1o despu\u00e9s de limpiarla para facilitar el siguiente uso.<\/p>","protected":false},"excerpt":{"rendered":"<p>Fish slicer machine is a common fish processing machine in Taizy meat machinery. This machine can imitate the way of artificial slicing to cut the whole piece of fish into slices with uniform thickness. The thickness of the fish slice can be adjusted. The thickness of the fillets can vary from 1mm to 40mm. We [&hellip;]<\/p>\n","protected":false},"author":1,"featured_media":220,"parent":0,"template":"","tags":[20],"product-type":[25],"class_list":["post-217","product","type-product","status-publish","has-post-thumbnail","hentry","tag-fish-slicer-machine","product-type-fish-processing-machine"],"_links":{"self":[{"href":"https:\/\/meat-machine.com\/es\/wp-json\/wp\/v2\/product\/217","targetHints":{"allow":["GET"]}}],"collection":[{"href":"https:\/\/meat-machine.com\/es\/wp-json\/wp\/v2\/product"}],"about":[{"href":"https:\/\/meat-machine.com\/es\/wp-json\/wp\/v2\/types\/product"}],"author":[{"embeddable":true,"href":"https:\/\/meat-machine.com\/es\/wp-json\/wp\/v2\/users\/1"}],"wp:featuredmedia":[{"embeddable":true,"href":"https:\/\/meat-machine.com\/es\/wp-json\/wp\/v2\/media\/220"}],"wp:attachment":[{"href":"https:\/\/meat-machine.com\/es\/wp-json\/wp\/v2\/media?parent=217"}],"wp:term":[{"taxonomy":"post_tag","embeddable":true,"href":"https:\/\/meat-machine.com\/es\/wp-json\/wp\/v2\/tags?post=217"},{"taxonomy":"product-type","embeddable":true,"href":"https:\/\/meat-machine.com\/es\/wp-json\/wp\/v2\/product-type?post=217"}],"curies":[{"name":"wp","href":"https:\/\/api.w.org\/{rel}","templated":true}]}}