{"id":1231,"date":"2026-04-27T16:09:49","date_gmt":"2026-04-27T08:09:49","guid":{"rendered":"https:\/\/meat-machine.com\/?post_type=product&#038;p=1231"},"modified":"2026-04-27T16:20:06","modified_gmt":"2026-04-27T08:20:06","slug":"meat-mixing-machine","status":"publish","type":"product","link":"https:\/\/meat-machine.com\/es\/product\/meat-mixing-machine\/","title":{"rendered":"maquina mezcladora de carne"},"content":{"rendered":"<div class=\"kk-star-ratings kksr-auto kksr-align-left kksr-valign-top\"     data-payload='{&quot;align&quot;:&quot;left&quot;,&quot;id&quot;:&quot;1231&quot;,&quot;slug&quot;:&quot;default&quot;,&quot;valign&quot;:&quot;top&quot;,&quot;ignore&quot;:&quot;&quot;,&quot;reference&quot;:&quot;auto&quot;,&quot;class&quot;:&quot;&quot;,&quot;count&quot;:&quot;30&quot;,&quot;legendonly&quot;:&quot;&quot;,&quot;readonly&quot;:&quot;&quot;,&quot;score&quot;:&quot;4.5&quot;,&quot;starsonly&quot;:&quot;&quot;,&quot;best&quot;:&quot;5&quot;,&quot;gap&quot;:&quot;5&quot;,&quot;greet&quot;:&quot;Rate this product&quot;,&quot;legend&quot;:&quot;4.5\\\/5 - (30 votos)&quot;,&quot;size&quot;:&quot;24&quot;,&quot;title&quot;:&quot;Meat mixing machine&quot;,&quot;width&quot;:&quot;128&quot;,&quot;_legend&quot;:&quot;{score}\\\/{best} - ({count} {votes})&quot;,&quot;font_factor&quot;:&quot;1.25&quot;}'>              <div class=\"kksr-stars\">      <div class=\"kksr-stars-inactive\">             <div class=\"kksr-star\" data-star=\"1\" style=\"padding-right: 5px\">               <div class=\"kksr-icon\" style=\"width: 24px; height: 24px;\"><\/div>         <\/div>             <div class=\"kksr-star\" data-star=\"2\" style=\"padding-right: 5px\">               <div class=\"kksr-icon\" style=\"width: 24px; height: 24px;\"><\/div>         <\/div>             <div class=\"kksr-star\" data-star=\"3\" style=\"padding-right: 5px\">               <div class=\"kksr-icon\" style=\"width: 24px; height: 24px;\"><\/div>         <\/div>             <div class=\"kksr-star\" data-star=\"4\" style=\"padding-right: 5px\">               <div class=\"kksr-icon\" style=\"width: 24px; height: 24px;\"><\/div>         <\/div>             <div class=\"kksr-star\" data-star=\"5\" style=\"padding-right: 5px\">               <div class=\"kksr-icon\" style=\"width: 24px; height: 24px;\"><\/div>         <\/div>     <\/div>      <div class=\"kksr-stars-active\" style=\"width: 128px;\">             <div class=\"kksr-star\" style=\"padding-right: 5px\">               <div class=\"kksr-icon\" style=\"width: 24px; height: 24px;\"><\/div>         <\/div>             <div class=\"kksr-star\" style=\"padding-right: 5px\">               <div class=\"kksr-icon\" style=\"width: 24px; height: 24px;\"><\/div>         <\/div>             <div class=\"kksr-star\" style=\"padding-right: 5px\">               <div class=\"kksr-icon\" style=\"width: 24px; height: 24px;\"><\/div>         <\/div>             <div class=\"kksr-star\" style=\"padding-right: 5px\">               <div class=\"kksr-icon\" style=\"width: 24px; height: 24px;\"><\/div>         <\/div>             <div class=\"kksr-star\" style=\"padding-right: 5px\">               <div class=\"kksr-icon\" style=\"width: 24px; height: 24px;\"><\/div>         <\/div>     <\/div> <\/div>                   <div class=\"kksr-legend\" style=\"font-size: 19.2px;\">             4,5\/5 - (30 votos)    <\/div>     <\/div>  <p class=\"wp-block-paragraph translation-block\">La <strong>M\u00e1quina de Mezcla de Carne<\/strong> es una m\u00e1quina pr\u00e1ctica de procesamiento de alimentos para mezclar carne picada e ingredientes finamente picados de manera uniforme y eficiente. Se usa ampliamente en plantas de procesamiento de carne, restaurantes, f\u00e1bricas de embutidos y l\u00edneas de producci\u00f3n de alimentos congelados. Con un <strong>rango de capacidad de 15-90kg\/lote<\/strong>, puede satisfacer las necesidades de producci\u00f3n de peque\u00f1os talleres as\u00ed como de operaciones comerciales de tama\u00f1o medio.<\/p>    <p class=\"wp-block-paragraph\">Equipado con palas de mezcla potentes y estructura de acero inoxidable, la m\u00e1quina puede mezclar r\u00e1pidamente carne con condimentos, almid\u00f3n, salsas y otros aditivos, asegurando mejor textura, absorci\u00f3n de sabor y consistencia del producto. Es f\u00e1cil de operar, higi\u00e9nica y adecuada para uso comercial continuo.<\/p>    <p class=\"wp-block-paragraph\">Esta m\u00e1quina se usa principalmente para procesar carne de cerdo, res, pollo, pescado, cordero y otras carnes finamente molidas. Es ideal para hacer embutidos, alb\u00f3ndigas, hamburguesas, rellenos de dumplings, tartas de carne y diversos productos c\u00e1rnicos preparados. Al mejorar la eficiencia de mezcla y reducir el trabajo manual, la m\u00e1quina de mezcla de carne ayuda a las empresas a aumentar la capacidad de producci\u00f3n manteniendo una calidad de producto estable.<\/p>    <figure class=\"wp-block-embed is-type-video is-provider-youtube wp-block-embed-youtube wp-embed-aspect-9-16 wp-has-aspect-ratio\"><div class=\"wp-block-embed__wrapper\"> <iframe loading=\"lazy\" title=\"M\u00e1quina de mezcla de carne en venta | Equipo de mezcla de carne de alta eficiencia #carne #mezcla #procesamientoalimentario\" width=\"422\" height=\"750\" src=\"https:\/\/www.youtube.com\/embed\/2ciKKQqU20M?feature=oembed\" frameborder=\"0\" allow=\"accelerometer; autoplay; clipboard-write; encrypted-media; gyroscope; picture-in-picture; web-share\" referrerpolicy=\"strict-origin-when-cross-origin\" allowfullscreen><\/iframe> <\/div><figcaption class=\"wp-element-caption\">Video de funcionamiento de la m\u00e1quina de mezcla de carne<\/figcaption><\/figure>    <h2 class=\"wp-block-heading\">\u00bfC\u00f3mo funciona la m\u00e1quina mezcladora de carne con cuenco?<\/h2>    <p class=\"wp-block-paragraph translation-block\">La <strong>m\u00e1quina de mezcla de carne<\/strong> puede combinar carne picada con varios ingredientes mediante un proceso controlado de volteo y agitaci\u00f3n dentro de un cuenco de mezcla. Cuando la m\u00e1quina funciona, las cuchillas internas de mezcla giran y levantan el material repetidamente, permitiendo que la carne y los aditivos se doblen, presionen y mezclen completamente desde diferentes \u00e1ngulos. Este movimiento continuo asegura una distribuci\u00f3n m\u00e1s uniforme de grasa, condimentos y humedad en toda la mezcla.<\/p>    <p class=\"wp-block-paragraph translation-block\">Se usa com\u00fanmente despu\u00e9s de moler carne, preparando materias primas para productos como <a href=\"https:\/\/meat-machine.com\/es\/producto\/linea-de-procesamiento-de-salchichas\/\" data-type=\"link\" data-id=\"https:\/\/meat-machine.com\/product\/sausage-processing-line\/\">embutidos<\/a>, rellenos de carne, <a href=\"https:\/\/meat-machine.com\/es\/producto\/meat-patty-making-machine-production-line\/\" data-type=\"link\" data-id=\"https:\/\/meat-machine.com\/product\/meat-patty-making-machine-production-line\/\">hamburguesas<\/a> y alimentos congelados procesados. El resultado es una mezcla de carne m\u00e1s estable, el\u00e1stica y consistente que mejora tanto la eficiencia del procesamiento como la calidad del producto final.<\/p>    <figure class=\"wp-block-gallery has-nested-images columns-default is-cropped wp-block-gallery-2 is-layout-flex wp-block-gallery-is-layout-flex\"> <figure class=\"wp-block-image size-full\"><img loading=\"lazy\" decoding=\"async\" width=\"720\" height=\"540\" data-id=\"1244\" src=\"https:\/\/meat-machine.com\/wp-content\/uploads\/2026\/04\/commercial-meat-mixer-1.webp\" alt=\"mezclador de carne comercial\" class=\"wp-image-1244\" title=\"\" srcset=\"https:\/\/meat-machine.com\/wp-content\/uploads\/2026\/04\/commercial-meat-mixer-1.webp 720w, https:\/\/meat-machine.com\/wp-content\/uploads\/2026\/04\/commercial-meat-mixer-1-300x225.webp 300w, https:\/\/meat-machine.com\/wp-content\/uploads\/2026\/04\/commercial-meat-mixer-1-16x12.webp 16w\" sizes=\"auto, (max-width: 720px) 100vw, 720px\" \/><figcaption class=\"wp-element-caption\">Mezclador de Carne Comercial<\/figcaption><\/figure>    <figure class=\"wp-block-image size-large\"><img loading=\"lazy\" decoding=\"async\" width=\"720\" height=\"540\" data-id=\"1238\" src=\"https:\/\/meat-machine.com\/wp-content\/uploads\/2026\/04\/meat-1.webp\" alt=\"carne\" class=\"wp-image-1238\" title=\"\" srcset=\"https:\/\/meat-machine.com\/wp-content\/uploads\/2026\/04\/meat-1.webp 720w, https:\/\/meat-machine.com\/wp-content\/uploads\/2026\/04\/meat-1-300x225.webp 300w, https:\/\/meat-machine.com\/wp-content\/uploads\/2026\/04\/meat-1-16x12.webp 16w\" sizes=\"auto, (max-width: 720px) 100vw, 720px\" \/><figcaption class=\"wp-element-caption\">Carne<\/figcaption><\/figure> <\/figure>    <h2 class=\"wp-block-heading\">Ventajas de la m\u00e1quina de mezcla de carne<\/h2>    <div class=\"wp-block-media-text is-stacked-on-mobile\"><figure class=\"wp-block-media-text__media\"><img loading=\"lazy\" decoding=\"async\" width=\"540\" height=\"720\" src=\"https:\/\/meat-machine.com\/wp-content\/uploads\/2026\/04\/Meat-mixing-machine-for-sale.webp\" alt=\"M\u00e1quina de mezcla de carne en venta\" class=\"wp-image-1241 size-full\" title=\"\" srcset=\"https:\/\/meat-machine.com\/wp-content\/uploads\/2026\/04\/Meat-mixing-machine-for-sale.webp 540w, https:\/\/meat-machine.com\/wp-content\/uploads\/2026\/04\/Meat-mixing-machine-for-sale-225x300.webp 225w, https:\/\/meat-machine.com\/wp-content\/uploads\/2026\/04\/Meat-mixing-machine-for-sale-9x12.webp 9w\" sizes=\"auto, (max-width: 540px) 100vw, 540px\" \/><\/figure><div class=\"wp-block-media-text__content\"> <ul class=\"wp-block-list\"> <li>Logra una mezcla uniforme y homog\u00e9nea de carne, grasa, condimentos y materiales auxiliares sin aglomeraciones desiguales. <\/li>    <li>Mejora en gran medida la eficiencia de producci\u00f3n y reduce la mano de obra y el tiempo de mezcla manual. <\/li>    <li>La estructura de mezcla suave mantiene intacto el fibra de la carne, conservando la textura y el sabor originales. <\/li>    <li>Equipado con cuerpo de acero inoxidable de grado alimenticio, resistente a la corrosi\u00f3n, f\u00e1cil de limpiar y cumple con las normas de higiene alimentaria. <\/li> <\/ul> <\/div><\/div>    <div class=\"wp-block-media-text has-media-on-the-right is-stacked-on-mobile\"><div class=\"wp-block-media-text__content\"> <ul class=\"wp-block-list\"> <li>Operaci\u00f3n estable con velocidad y tiempo de mezcla ajustables, adecuada para diferentes f\u00f3rmulas de productos c\u00e1rnicos. <\/li>    <li>El rendimiento de mezcla potente realiza una infiltraci\u00f3n completa del material, mejorando la coherencia del sabor del producto. <\/li>    <li>Bajo consumo de energ\u00eda y bajo nivel de ruido, adecuado para operaci\u00f3n comercial continua a largo plazo. <\/li>    <li>Estructura compacta y razonable, f\u00e1cil de mover e instalar, ahorrando espacio en el taller. <\/li>    <li>Ampliamente aplicable para alb\u00f3ndigas, embutidos, rellenos de dumplings y diversas producciones de carne procesada.<\/li> <\/ul> <\/div><figure class=\"wp-block-media-text__media\"><img loading=\"lazy\" decoding=\"async\" width=\"540\" height=\"720\" src=\"https:\/\/meat-machine.com\/wp-content\/uploads\/2026\/04\/meat-bowl-mixer.webp\" alt=\"mezclador de cuenco de carne\" class=\"wp-image-1240 size-full\" title=\"\" srcset=\"https:\/\/meat-machine.com\/wp-content\/uploads\/2026\/04\/meat-bowl-mixer.webp 540w, https:\/\/meat-machine.com\/wp-content\/uploads\/2026\/04\/meat-bowl-mixer-225x300.webp 225w, https:\/\/meat-machine.com\/wp-content\/uploads\/2026\/04\/meat-bowl-mixer-9x12.webp 9w\" sizes=\"auto, (max-width: 540px) 100vw, 540px\" \/><\/figure><\/div>    <h2 class=\"wp-block-heading\">Par\u00e1metros del mezclador de carne<\/h2>    <figure class=\"wp-block-table\"><table class=\"has-fixed-layout\"><thead><tr><th>Modelo<\/th><th>ZB20<\/th><th>ZB40<\/th><th>ZB80<\/th><th>ZB125<\/th><\/tr><\/thead><tbody><tr><td>Capacidad (kg\/lote)<\/td><td>15<\/td><td>30<\/td><td>60<\/td><td>90<\/td><\/tr><tr><td>Potencia (kW)<\/td><td>4.1<\/td><td>5.5<\/td><td>14<\/td><td>13.98<\/td><\/tr><tr><td>Cantidad de cuchillas<\/td><td>3 (di\u00e1metro del cuenco 550mm)<\/td><td>3 (di\u00e1metro del cuenco 760mm, profundidad 117mm)<\/td><td>6 (di\u00e1metro del cuenco 960mm, profundidad 160mm)<\/td><td>6<\/td><\/tr><tr><td>Velocidad de la cuchilla (rpm)<\/td><td>1480 \/ 2960<\/td><td>1480 \/ 2960<\/td><td>1480 \/ 2960<\/td><td>1480 \/ 2960<\/td><\/tr><tr><td>Velocidad del cuenco (rpm)<\/td><td>9<\/td><td>7<\/td><td>7 \/ 16<\/td><td>7 \/ 16<\/td><\/tr><tr><td>Tama\u00f1o de la m\u00e1quina (mm)<\/td><td>780\u00d7600\u00d7850<\/td><td>1110\u00d7880\u00d71080<\/td><td>1820\u00d71380\u00d71260<\/td><td>2150\u00d71200\u00d71350<\/td><\/tr><tr><td>Peso Total (kg)<\/td><td>200<\/td><td>385<\/td><td>720<\/td><td>980<\/td><\/tr><tr><td>Tipo de transmisi\u00f3n<\/td><td>Doble velocidad (grosor del cuenco 6mm)<\/td><td>Doble velocidad<\/td><td>Doble velocidad<\/td><td>Doble velocidad<\/td><\/tr><\/tbody><\/table><figcaption class=\"wp-element-caption\">par\u00e1metros de la cortadora de carne<\/figcaption><\/figure>    <figure class=\"wp-block-image size-full\"><img loading=\"lazy\" decoding=\"async\" width=\"720\" height=\"540\" src=\"https:\/\/meat-machine.com\/wp-content\/uploads\/2026\/04\/effective-meat-mixing-machine-1.webp\" alt=\"m\u00e1quina de mezcla de carne efectiva\" class=\"wp-image-1245\" title=\"\" srcset=\"https:\/\/meat-machine.com\/wp-content\/uploads\/2026\/04\/effective-meat-mixing-machine-1.webp 720w, https:\/\/meat-machine.com\/wp-content\/uploads\/2026\/04\/effective-meat-mixing-machine-1-300x225.webp 300w, https:\/\/meat-machine.com\/wp-content\/uploads\/2026\/04\/effective-meat-mixing-machine-1-16x12.webp 16w\" sizes=\"auto, (max-width: 720px) 100vw, 720px\" \/><figcaption class=\"wp-element-caption\">M\u00e1quina de Mezcla de Carne Efectiva<\/figcaption><\/figure>    <h2 class=\"wp-block-heading\">Mezclador de carne industrial exportado<\/h2>    <p class=\"wp-block-paragraph translation-block\">Una planta de procesamiento de carne en <strong>Serbia<\/strong> compr\u00f3 nuestro mezclador de carne industrial. Anteriormente, depend\u00edan de equipos peque\u00f1os manuales y obsoletos, con baja eficiencia, mezcla desigual de ingredientes y altos costos laborales. Despu\u00e9s de usar nuestro mezclador de carne exportado, los materiales se mezclan de manera uniforme en poco tiempo, asegurando un sabor y calidad consistentes del producto. <\/p>    <p class=\"wp-block-paragraph\">La estructura de acero inoxidable de grado alimenticio es f\u00e1cil de limpiar y cumple con las normas de seguridad alimentaria. Reduce eficazmente la entrada de mano de obra, aumenta la capacidad de producci\u00f3n diaria y aporta mayores beneficios econ\u00f3micos. El cliente destaca el rendimiento estable de la m\u00e1quina y su valor rentable.<\/p>    <figure class=\"wp-block-gallery has-nested-images columns-default is-cropped wp-block-gallery-3 is-layout-flex wp-block-gallery-is-layout-flex\"> <figure class=\"wp-block-image size-large\"><img loading=\"lazy\" decoding=\"async\" width=\"540\" height=\"720\" data-id=\"1242\" src=\"https:\/\/meat-machine.com\/wp-content\/uploads\/2026\/04\/meat-mixing-machine-price.webp\" alt=\"precio de la m\u00e1quina de mezcla de carne\" class=\"wp-image-1242\" title=\"\" srcset=\"https:\/\/meat-machine.com\/wp-content\/uploads\/2026\/04\/meat-mixing-machine-price.webp 540w, https:\/\/meat-machine.com\/wp-content\/uploads\/2026\/04\/meat-mixing-machine-price-225x300.webp 225w, https:\/\/meat-machine.com\/wp-content\/uploads\/2026\/04\/meat-mixing-machine-price-9x12.webp 9w\" sizes=\"auto, (max-width: 540px) 100vw, 540px\" \/><figcaption class=\"wp-element-caption\">Precio de la M\u00e1quina de Mezcla de Carne<\/figcaption><\/figure>    <figure class=\"wp-block-image size-large\"><img loading=\"lazy\" decoding=\"async\" width=\"720\" height=\"540\" data-id=\"1243\" src=\"https:\/\/meat-machine.com\/wp-content\/uploads\/2026\/04\/produced-meat.webp\" alt=\"carne producida\" class=\"wp-image-1243\" title=\"\" srcset=\"https:\/\/meat-machine.com\/wp-content\/uploads\/2026\/04\/produced-meat.webp 720w, https:\/\/meat-machine.com\/wp-content\/uploads\/2026\/04\/produced-meat-300x225.webp 300w, https:\/\/meat-machine.com\/wp-content\/uploads\/2026\/04\/produced-meat-16x12.webp 16w\" sizes=\"auto, (max-width: 720px) 100vw, 720px\" \/><figcaption class=\"wp-element-caption\">Carne producida<\/figcaption><\/figure> <\/figure>    <h2 class=\"wp-block-heading\">Conclusi\u00f3n<\/h2>    <p class=\"wp-block-paragraph\">Ideal para peque\u00f1as f\u00e1bricas y grandes plantas de procesamiento de carne, nuestra m\u00e1quina de mezcla de carne presenta un rendimiento estable, mezcla uniforme, f\u00e1cil limpieza y operaci\u00f3n de ahorro de energ\u00eda. Le ayuda a mejorar la eficiencia de producci\u00f3n, estabilizar la calidad del producto y reducir los costos operativos. <\/p>    <p class=\"wp-block-paragraph\">Ya sea que necesite modelos est\u00e1ndar o soluciones personalizadas, podemos satisfacer sus demandas. Bienvenido a enviarnos su consulta para obtener par\u00e1metros detallados, cotizaciones y soluciones de f\u00e1brica.<\/p>","protected":false},"excerpt":{"rendered":"<p>La M\u00e1quina de Mezcla de Carne es una m\u00e1quina pr\u00e1ctica de procesamiento de alimentos para mezclar carne picada e ingredientes finamente picados de manera uniforme y eficiente.<\/p>","protected":false},"author":1,"featured_media":1236,"parent":0,"template":"","tags":[83],"product-type":[2],"class_list":["post-1231","product","type-product","status-publish","has-post-thumbnail","hentry","tag-meat-mixing-machine","product-type-meat-cutting-machine"],"_links":{"self":[{"href":"https:\/\/meat-machine.com\/es\/wp-json\/wp\/v2\/product\/1231","targetHints":{"allow":["GET"]}}],"collection":[{"href":"https:\/\/meat-machine.com\/es\/wp-json\/wp\/v2\/product"}],"about":[{"href":"https:\/\/meat-machine.com\/es\/wp-json\/wp\/v2\/types\/product"}],"author":[{"embeddable":true,"href":"https:\/\/meat-machine.com\/es\/wp-json\/wp\/v2\/users\/1"}],"wp:featuredmedia":[{"embeddable":true,"href":"https:\/\/meat-machine.com\/es\/wp-json\/wp\/v2\/media\/1236"}],"wp:attachment":[{"href":"https:\/\/meat-machine.com\/es\/wp-json\/wp\/v2\/media?parent=1231"}],"wp:term":[{"taxonomy":"post_tag","embeddable":true,"href":"https:\/\/meat-machine.com\/es\/wp-json\/wp\/v2\/tags?post=1231"},{"taxonomy":"product-type","embeddable":true,"href":"https:\/\/meat-machine.com\/es\/wp-json\/wp\/v2\/product-type?post=1231"}],"curies":[{"name":"wp","href":"https:\/\/api.w.org\/{rel}","templated":true}]}}