{"id":1209,"date":"2026-04-02T16:12:36","date_gmt":"2026-04-02T08:12:36","guid":{"rendered":"https:\/\/meat-machine.com\/?post_type=product&#038;p=1209"},"modified":"2026-04-02T17:04:48","modified_gmt":"2026-04-02T09:04:48","slug":"frozen-meat-crusher-machine","status":"publish","type":"product","link":"https:\/\/meat-machine.com\/es\/product\/frozen-meat-crusher-machine\/","title":{"rendered":"Triturador de carne congelada"},"content":{"rendered":"<div class=\"kk-star-ratings kksr-auto kksr-align-left kksr-valign-top\"     data-payload='{&quot;align&quot;:&quot;left&quot;,&quot;id&quot;:&quot;1209&quot;,&quot;slug&quot;:&quot;default&quot;,&quot;valign&quot;:&quot;top&quot;,&quot;ignore&quot;:&quot;&quot;,&quot;reference&quot;:&quot;auto&quot;,&quot;class&quot;:&quot;&quot;,&quot;count&quot;:&quot;0&quot;,&quot;legendonly&quot;:&quot;&quot;,&quot;readonly&quot;:&quot;&quot;,&quot;score&quot;:&quot;0&quot;,&quot;starsonly&quot;:&quot;&quot;,&quot;best&quot;:&quot;5&quot;,&quot;gap&quot;:&quot;5&quot;,&quot;greet&quot;:&quot;Rate this product&quot;,&quot;legend&quot;:&quot;0\\\/5 - (0 votos)&quot;,&quot;size&quot;:&quot;24&quot;,&quot;title&quot;:&quot;Frozen meat crusher machine&quot;,&quot;width&quot;:&quot;0&quot;,&quot;_legend&quot;:&quot;{score}\\\/{best} - ({count} {votes})&quot;,&quot;font_factor&quot;:&quot;1.25&quot;}'>              <div class=\"kksr-stars\">      <div class=\"kksr-stars-inactive\">             <div class=\"kksr-star\" data-star=\"1\" style=\"padding-right: 5px\">               <div class=\"kksr-icon\" style=\"width: 24px; height: 24px;\"><\/div>         <\/div>             <div class=\"kksr-star\" data-star=\"2\" style=\"padding-right: 5px\">               <div class=\"kksr-icon\" style=\"width: 24px; height: 24px;\"><\/div>         <\/div>             <div class=\"kksr-star\" data-star=\"3\" style=\"padding-right: 5px\">               <div class=\"kksr-icon\" style=\"width: 24px; height: 24px;\"><\/div>         <\/div>             <div class=\"kksr-star\" data-star=\"4\" style=\"padding-right: 5px\">               <div class=\"kksr-icon\" style=\"width: 24px; height: 24px;\"><\/div>         <\/div>             <div class=\"kksr-star\" data-star=\"5\" style=\"padding-right: 5px\">               <div class=\"kksr-icon\" style=\"width: 24px; height: 24px;\"><\/div>         <\/div>     <\/div>      <div class=\"kksr-stars-active\" style=\"width: 0px;\">             <div class=\"kksr-star\" style=\"padding-right: 5px\">               <div class=\"kksr-icon\" style=\"width: 24px; height: 24px;\"><\/div>         <\/div>             <div class=\"kksr-star\" style=\"padding-right: 5px\">               <div class=\"kksr-icon\" style=\"width: 24px; height: 24px;\"><\/div>         <\/div>             <div class=\"kksr-star\" style=\"padding-right: 5px\">               <div class=\"kksr-icon\" style=\"width: 24px; height: 24px;\"><\/div>         <\/div>             <div class=\"kksr-star\" style=\"padding-right: 5px\">               <div class=\"kksr-icon\" style=\"width: 24px; height: 24px;\"><\/div>         <\/div>             <div class=\"kksr-star\" style=\"padding-right: 5px\">               <div class=\"kksr-icon\" style=\"width: 24px; height: 24px;\"><\/div>         <\/div>     <\/div> <\/div>                   <div class=\"kksr-legend\" style=\"font-size: 19.2px;\">             <span class=\"kksr-muted\">Califica este producto<\/span>     <\/div>     <\/div>  <p class=\"wp-block-paragraph translation-block\">La <strong>M\u00e1quina trituradora de carne congelada<\/strong> puede procesar <strong>carne sin hueso a -18\u00b0C a -24\u00b0C<\/strong>, ya sea tritur\u00e1ndola o cort\u00e1ndola directamente en bloques o rebanadas, con una capacidad de <strong>3\u20135 toneladas por hora<\/strong>. Puede manejar grandes bloques de carne congelada de res, cerdo, cordero, pollo, pescado y otros productos de carne congelada, descomponi\u00e9ndolos en piezas m\u00e1s peque\u00f1as aptas para un procesamiento posterior. <\/p>    <p class=\"wp-block-paragraph\">Fabricada en acero inoxidable de grado alimentario, la m\u00e1quina garantiza durabilidad, higiene y f\u00e1cil limpieza. Sus ajustes ajustables permiten a los operadores controlar el grosor y tama\u00f1o de la carne triturada, convirti\u00e9ndola en una herramienta vers\u00e1til para diferentes requisitos de procesamiento de carne.<\/p>    <p class=\"wp-block-paragraph\">Esta m\u00e1quina se usa com\u00fanmente en plantas de procesamiento de carne, mataderos, f\u00e1bricas de alimentos congelados y restaurantes. Es perfecta para producir embutidos, alb\u00f3ndigas, hamburguesas o manejar carne congelada en general, manteniendo la calidad, optimizando operaciones y aumentando la eficiencia general de producci\u00f3n.<\/p>    <figure class=\"wp-block-embed is-type-video is-provider-youtube wp-block-embed-youtube wp-embed-aspect-9-16 wp-has-aspect-ratio\"><div class=\"wp-block-embed__wrapper\"> <iframe loading=\"lazy\" title=\"Industrial Meat Crusher Machine | For Restaurants &amp; Meat Factories #meat #frozen #crusher #crushing\" width=\"422\" height=\"750\" src=\"https:\/\/www.youtube.com\/embed\/ylLOTxtzlt4?feature=oembed\" frameborder=\"0\" allow=\"accelerometer; autoplay; clipboard-write; encrypted-media; gyroscope; picture-in-picture; web-share\" referrerpolicy=\"strict-origin-when-cross-origin\" allowfullscreen><\/iframe> <\/div><figcaption class=\"wp-element-caption\">Video de funcionamiento de la trituradora de carne congelada<\/figcaption><\/figure>    <h2 class=\"wp-block-heading\">\u00bfPor qu\u00e9 se debe cortar la carne mientras est\u00e1 congelada?<\/h2>    <p class=\"wp-block-paragraph translation-block\">Cortar carne en estado congelado ofrece varias ventajas clave para el procesamiento industrial. Cuando la carne est\u00e1 congelada, se vuelve m\u00e1s firme y f\u00e1cil de manejar, permitiendo que las m\u00e1quinas la corten en bloques o rebanadas precisas y uniformes sin deformaci\u00f3n. Esto ayuda a mantener la <strong>textura, estructura y calidad originales<\/strong> de la carne. <\/p>    <p class=\"wp-block-paragraph translation-block\">Adem\u00e1s, procesar la carne mientras est\u00e1 congelada <strong>reduce el crecimiento bacteriano<\/strong>, mejora la seguridad alimentaria y minimiza la p\u00e9rdida de humedad por descongelaci\u00f3n. <\/p>    <figure class=\"wp-block-image size-full\"><img loading=\"lazy\" decoding=\"async\" width=\"720\" height=\"540\" src=\"https:\/\/meat-machine.com\/wp-content\/uploads\/2026\/04\/meat.webp\" alt=\"carne\" class=\"wp-image-1223\" title=\"\" srcset=\"https:\/\/meat-machine.com\/wp-content\/uploads\/2026\/04\/meat.webp 720w, https:\/\/meat-machine.com\/wp-content\/uploads\/2026\/04\/meat-300x225.webp 300w, https:\/\/meat-machine.com\/wp-content\/uploads\/2026\/04\/meat-16x12.webp 16w\" sizes=\"auto, (max-width: 720px) 100vw, 720px\" \/><figcaption class=\"wp-element-caption\">Carne<\/figcaption><\/figure>    <h2 class=\"wp-block-heading\">\u00bfC\u00f3mo funciona la m\u00e1quina cortadora de carne congelada?<\/h2>    <p class=\"wp-block-paragraph translation-block\">La m\u00e1quina trituradora de carne congelada funciona combinando <strong>potencia neum\u00e1tica y tecnolog\u00eda de corte de alta velocidad<\/strong> para procesar eficientemente bloques de carne congelada dura. La presi\u00f3n de vapor impulsa un sistema de cilindros que empuja la carne congelada hacia la c\u00e1mara de trituraci\u00f3n. <\/p>    <p class=\"wp-block-paragraph\">A medida que el material avanza, un conjunto de cuchillas giratorias se mueve a alta velocidad, aplicando un corte y fuerza de impacto continuos para descomponer la carne en piezas m\u00e1s peque\u00f1as y uniformes. Este proceso sincronizado de alimentaci\u00f3n y corte garantiza un funcionamiento suave y una producci\u00f3n constante sin necesidad de descongelar.<\/p>    <figure class=\"wp-block-image size-full\"><img loading=\"lazy\" decoding=\"async\" width=\"720\" height=\"540\" src=\"https:\/\/meat-machine.com\/wp-content\/uploads\/2026\/04\/frozen-meat-cutter.webp\" alt=\"m\u00e1quina cortadora de carne congelada\" class=\"wp-image-1216\" title=\"\" srcset=\"https:\/\/meat-machine.com\/wp-content\/uploads\/2026\/04\/frozen-meat-cutter.webp 720w, https:\/\/meat-machine.com\/wp-content\/uploads\/2026\/04\/frozen-meat-cutter-300x225.webp 300w, https:\/\/meat-machine.com\/wp-content\/uploads\/2026\/04\/frozen-meat-cutter-16x12.webp 16w\" sizes=\"auto, (max-width: 720px) 100vw, 720px\" \/><figcaption class=\"wp-element-caption\">Cortadora de carne congelada<\/figcaption><\/figure>    <p class=\"wp-block-paragraph\">La estructura de la m\u00e1quina est\u00e1 totalmente soldada para mejorar la resistencia general y minimizar la vibraci\u00f3n durante el funcionamiento. Este dise\u00f1o robusto no solo mejora la estabilidad, sino que tambi\u00e9n reduce el desgaste y el estr\u00e9s mec\u00e1nico, resultando en una menor tasa de fallos y mayor vida \u00fatil. <\/p>    <p class=\"wp-block-paragraph\">Con su rendimiento estable y mecanismo de trituraci\u00f3n eficiente, la trituradora de carne congelada es ideal para el procesamiento industrial continuo de carne.<\/p>    <figure class=\"wp-block-image size-full\"><img loading=\"lazy\" decoding=\"async\" width=\"720\" height=\"540\" src=\"https:\/\/meat-machine.com\/wp-content\/uploads\/2026\/04\/Frozen-meat-crusher-machine-for-sale.webp\" alt=\"Cortadora de carne congelada\" class=\"wp-image-1217\" title=\"\" srcset=\"https:\/\/meat-machine.com\/wp-content\/uploads\/2026\/04\/Frozen-meat-crusher-machine-for-sale.webp 720w, https:\/\/meat-machine.com\/wp-content\/uploads\/2026\/04\/Frozen-meat-crusher-machine-for-sale-300x225.webp 300w, https:\/\/meat-machine.com\/wp-content\/uploads\/2026\/04\/Frozen-meat-crusher-machine-for-sale-16x12.webp 16w\" sizes=\"auto, (max-width: 720px) 100vw, 720px\" \/><figcaption class=\"wp-element-caption\">M\u00e1quina trituradora de carne congelada en venta<\/figcaption><\/figure>    <h2 class=\"wp-block-heading\">Ventajas de la m\u00e1quina cortadora de carne congelada<\/h2>    <div class=\"wp-block-media-text is-stacked-on-mobile\"><figure class=\"wp-block-media-text__media\"><img loading=\"lazy\" decoding=\"async\" width=\"720\" height=\"540\" src=\"https:\/\/meat-machine.com\/wp-content\/uploads\/2026\/04\/meat-chopper.webp\" alt=\"La l\u00ednea de producci\u00f3n de m\u00e1quinas para hacer hamburguesas es un sistema automatizado para el procesamiento a gran escala de hamburguesas de carne.\" class=\"wp-image-1218 size-full\" title=\"\" srcset=\"https:\/\/meat-machine.com\/wp-content\/uploads\/2026\/04\/meat-chopper.webp 720w, https:\/\/meat-machine.com\/wp-content\/uploads\/2026\/04\/meat-chopper-300x225.webp 300w, https:\/\/meat-machine.com\/wp-content\/uploads\/2026\/04\/meat-chopper-16x12.webp 16w\" sizes=\"auto, (max-width: 720px) 100vw, 720px\" \/><\/figure><div class=\"wp-block-media-text__content\"> <ul class=\"wp-block-list\"> <li><strong>Procesamiento de alta eficiencia:<\/strong> Corta r\u00e1pidamente bloques de carne congelada, mejorando significativamente la velocidad y producci\u00f3n. <\/li>    <li><strong>Sin necesidad de descongelar:<\/strong> Procesa directamente carne a -18\u00b0C a -24\u00b0C, preservando la frescura y reduciendo el crecimiento bacteriano. <\/li>    <li><strong>Resultados de corte uniformes:<\/strong> Produce rebanadas, trozos o piezas consistentes, asegurando una mejor calidad para un procesamiento posterior. <\/li> <\/ul> <\/div><\/div>    <div class=\"wp-block-media-text has-media-on-the-right is-stacked-on-mobile\"><div class=\"wp-block-media-text__content\"> <ul class=\"wp-block-list\"> <li><strong>Construcci\u00f3n duradera:<\/strong> Fabricada en acero inoxidable de grado alimentario, garantizando higiene, resistencia a la corrosi\u00f3n y larga vida \u00fatil. <\/li>    <li><strong>Rendimiento estable:<\/strong> Estructura robusta con baja vibraci\u00f3n que garantiza un funcionamiento confiable y continuo. <\/li>    <li><strong>Amplia aplicaci\u00f3n:<\/strong> Adecuada para carne de res, cerdo, pollo, pescado y otros productos de carne congelada. <\/li> <\/ul> <\/div><figure class=\"wp-block-media-text__media\"><img loading=\"lazy\" decoding=\"async\" width=\"720\" height=\"540\" src=\"https:\/\/meat-machine.com\/wp-content\/uploads\/2026\/04\/meat-chopping-machine.webp\" alt=\"M\u00e1quina trituradora de carne congelada en venta\" class=\"wp-image-1219 size-full\" title=\"\" srcset=\"https:\/\/meat-machine.com\/wp-content\/uploads\/2026\/04\/meat-chopping-machine.webp 720w, https:\/\/meat-machine.com\/wp-content\/uploads\/2026\/04\/meat-chopping-machine-300x225.webp 300w, https:\/\/meat-machine.com\/wp-content\/uploads\/2026\/04\/meat-chopping-machine-16x12.webp 16w\" sizes=\"auto, (max-width: 720px) 100vw, 720px\" \/><\/figure><\/div>    <h2 class=\"wp-block-heading\">Equipo de soporte para la trituradora de carne congelada<\/h2>    <p class=\"wp-block-paragraph translation-block\">La <strong>M\u00e1quina trituradora de carne congelada<\/strong> generalmente se instala en la <strong>parte frontal de las l\u00edneas de procesamiento de carne<\/strong>, como <a href=\"https:\/\/meat-machine.com\/es\/producto\/meat-patty-making-machine-production-line\/\" data-type=\"link\" data-id=\"https:\/\/meat-machine.com\/product\/meat-patty-making-machine-production-line\/\">l\u00edneas de hamburguesas<\/a> y <a href=\"https:\/\/meat-machine.com\/es\/producto\/meatball-making-machine-processing-line\/\" data-type=\"link\" data-id=\"https:\/\/meat-machine.com\/product\/meatball-making-machine-processing-line\/\">l\u00edneas de producci\u00f3n de alb\u00f3ndigas<\/a>, para preparar las materias primas para un procesamiento posterior. Despu\u00e9s de triturar bloques de carne congelada en piezas m\u00e1s peque\u00f1as y uniformes, el material puede transferirse suavemente a equipos posteriores como molinillos de carne, cortadoras de cuencos, mezcladoras y m\u00e1quinas formadoras. <\/p>    <p class=\"wp-block-paragraph\">En una l\u00ednea de hamburguesas, la carne triturada generalmente se transfiere a un molinillo y luego se mezcla con condimentos antes de formar las hamburguesas. En una l\u00ednea de producci\u00f3n de alb\u00f3ndigas, se refina a\u00fan m\u00e1s, se mezcla y se da forma en bolas uniformes.<\/p>    <figure class=\"wp-block-gallery has-nested-images columns-default is-cropped wp-block-gallery-2 is-layout-flex wp-block-gallery-is-layout-flex\"> <figure class=\"wp-block-image size-large\"><img loading=\"lazy\" decoding=\"async\" width=\"720\" height=\"540\" data-id=\"1026\" src=\"https:\/\/meat-machine.com\/wp-content\/uploads\/2026\/02\/industrial-Meat-patty-making-machine-production-line.webp\" alt=\"m\u00e1quina de envasado\" class=\"wp-image-1026\" title=\"\" srcset=\"https:\/\/meat-machine.com\/wp-content\/uploads\/2026\/02\/industrial-Meat-patty-making-machine-production-line.webp 720w, https:\/\/meat-machine.com\/wp-content\/uploads\/2026\/02\/industrial-Meat-patty-making-machine-production-line-300x225.webp 300w, https:\/\/meat-machine.com\/wp-content\/uploads\/2026\/02\/industrial-Meat-patty-making-machine-production-line-16x12.webp 16w\" sizes=\"auto, (max-width: 720px) 100vw, 720px\" \/><figcaption class=\"wp-element-caption\">L\u00ednea de producci\u00f3n de m\u00e1quina industrial para hacer hamburguesas de carne<\/figcaption><\/figure>    <figure class=\"wp-block-image size-large\"><img loading=\"lazy\" decoding=\"async\" width=\"720\" height=\"540\" data-id=\"1038\" src=\"https:\/\/meat-machine.com\/wp-content\/uploads\/2026\/02\/Meatball-making-machine-processing-line.webp\" alt=\"L\u00ednea de procesamiento de m\u00e1quinas para hacer alb\u00f3ndigas\" class=\"wp-image-1038\" title=\"\" srcset=\"https:\/\/meat-machine.com\/wp-content\/uploads\/2026\/02\/Meatball-making-machine-processing-line.webp 720w, https:\/\/meat-machine.com\/wp-content\/uploads\/2026\/02\/Meatball-making-machine-processing-line-300x225.webp 300w, https:\/\/meat-machine.com\/wp-content\/uploads\/2026\/02\/Meatball-making-machine-processing-line-16x12.webp 16w\" sizes=\"auto, (max-width: 720px) 100vw, 720px\" \/><figcaption class=\"wp-element-caption\">L\u00ednea de procesamiento de m\u00e1quinas para hacer alb\u00f3ndigas<\/figcaption><\/figure> <\/figure>    <h2 class=\"wp-block-heading\">Par\u00e1metros de la m\u00e1quina trituradora de carne congelada<\/h2>    <figure class=\"wp-block-table\"><table class=\"has-fixed-layout\"><thead><tr><th>Especificaci\u00f3n<\/th><th>Detalles<\/th><\/tr><\/thead><tbody><tr><td>Voltaje<\/td><td>380V<\/td><\/tr><tr><td>Fuerza<\/td><td>5.5 kW<\/td><\/tr><tr><td>Capacidad<\/td><td>3\u20135 toneladas por hora<\/td><\/tr><tr><td>Peso<\/td><td>600 kg<\/td><\/tr><tr><td>Dimensiones de la m\u00e1quina<\/td><td>1750 \u00d7 945 \u00d7 1220 mm<\/td><\/tr><tr><td>Material<\/td><td>Todo de acero inoxidable 304 excepto motor y cuchillas<\/td><\/tr><\/tbody><\/table><figcaption class=\"wp-element-caption\">par\u00e1metros de la m\u00e1quina picadora de carne<\/figcaption><\/figure>    <figure class=\"wp-block-image size-full\"><img loading=\"lazy\" decoding=\"async\" width=\"720\" height=\"540\" src=\"https:\/\/meat-machine.com\/wp-content\/uploads\/2026\/04\/frozen-meat-cutter-machine.webp\" alt=\"m\u00e1quina picadora de carne\" class=\"wp-image-1220\" title=\"\" srcset=\"https:\/\/meat-machine.com\/wp-content\/uploads\/2026\/04\/frozen-meat-cutter-machine.webp 720w, https:\/\/meat-machine.com\/wp-content\/uploads\/2026\/04\/frozen-meat-cutter-machine-300x225.webp 300w, https:\/\/meat-machine.com\/wp-content\/uploads\/2026\/04\/frozen-meat-cutter-machine-16x12.webp 16w\" sizes=\"auto, (max-width: 720px) 100vw, 720px\" \/><figcaption class=\"wp-element-caption\">M\u00e1quina cortadora de carne congelada<\/figcaption><\/figure>    <h2 class=\"wp-block-heading\">Conclusi\u00f3n<\/h2>    <p class=\"wp-block-paragraph\"><br>En general, la trituradora de carne congelada destaca por su rendimiento de trituraci\u00f3n preciso y su adaptabilidad a diferentes necesidades de procesamiento de carne. Su dise\u00f1o robusto garantiza un funcionamiento suave y sin vibraciones, mientras que el sistema de corte avanzado permite una producci\u00f3n constante y uniforme, adecuada para la producci\u00f3n posterior. <\/p>    <p class=\"wp-block-paragraph\">Al preparar eficientemente la carne congelada para un procesamiento posterior, mejora la eficiencia del flujo de trabajo, reduce el manejo manual y apoya operaciones industriales escalables, convirti\u00e9ndose en una piedra angular confiable para cualquier l\u00ednea moderna de producci\u00f3n de carne.<\/p>","protected":false},"excerpt":{"rendered":"<p>La M\u00e1quina de Trituraci\u00f3n de Carne Congelada es un dispositivo industrial de alta eficiencia que puede procesar carne congelada sin hueso a -18\u00b0C a -24\u00b0C.<\/p>","protected":false},"author":1,"featured_media":1215,"parent":0,"template":"","tags":[82],"product-type":[2],"class_list":["post-1209","product","type-product","status-publish","has-post-thumbnail","hentry","tag-frozen-meat-crusher-machine","product-type-meat-cutting-machine"],"_links":{"self":[{"href":"https:\/\/meat-machine.com\/es\/wp-json\/wp\/v2\/product\/1209","targetHints":{"allow":["GET"]}}],"collection":[{"href":"https:\/\/meat-machine.com\/es\/wp-json\/wp\/v2\/product"}],"about":[{"href":"https:\/\/meat-machine.com\/es\/wp-json\/wp\/v2\/types\/product"}],"author":[{"embeddable":true,"href":"https:\/\/meat-machine.com\/es\/wp-json\/wp\/v2\/users\/1"}],"wp:featuredmedia":[{"embeddable":true,"href":"https:\/\/meat-machine.com\/es\/wp-json\/wp\/v2\/media\/1215"}],"wp:attachment":[{"href":"https:\/\/meat-machine.com\/es\/wp-json\/wp\/v2\/media?parent=1209"}],"wp:term":[{"taxonomy":"post_tag","embeddable":true,"href":"https:\/\/meat-machine.com\/es\/wp-json\/wp\/v2\/tags?post=1209"},{"taxonomy":"product-type","embeddable":true,"href":"https:\/\/meat-machine.com\/es\/wp-json\/wp\/v2\/product-type?post=1209"}],"curies":[{"name":"wp","href":"https:\/\/api.w.org\/{rel}","templated":true}]}}