{"id":114,"date":"2022-09-09T08:40:18","date_gmt":"2022-09-09T08:40:18","guid":{"rendered":"https:\/\/meat-machine.com\/?post_type=product&#038;p=114"},"modified":"2026-03-16T18:00:03","modified_gmt":"2026-03-16T10:00:03","slug":"fabricante-de-hamburguesas-comercial","status":"publish","type":"product","link":"https:\/\/meat-machine.com\/es\/product\/commercial-burger-patty-maker\/","title":{"rendered":"Fabricante comercial de hamburguesas | M\u00e1quina para hacer hamburguesas"},"content":{"rendered":"<div class=\"kk-star-ratings kksr-auto kksr-align-left kksr-valign-top\"     data-payload='{&quot;align&quot;:&quot;left&quot;,&quot;id&quot;:&quot;114&quot;,&quot;slug&quot;:&quot;default&quot;,&quot;valign&quot;:&quot;top&quot;,&quot;ignore&quot;:&quot;&quot;,&quot;reference&quot;:&quot;auto&quot;,&quot;class&quot;:&quot;&quot;,&quot;count&quot;:&quot;12&quot;,&quot;legendonly&quot;:&quot;&quot;,&quot;readonly&quot;:&quot;&quot;,&quot;score&quot;:&quot;4.6&quot;,&quot;starsonly&quot;:&quot;&quot;,&quot;best&quot;:&quot;5&quot;,&quot;gap&quot;:&quot;5&quot;,&quot;greet&quot;:&quot;Rate this product&quot;,&quot;legend&quot;:&quot;4.6\\\/5 - (12 votos)&quot;,&quot;size&quot;:&quot;24&quot;,&quot;title&quot;:&quot;Commercial Burger Patty Maker | Patty Making Machine&quot;,&quot;width&quot;:&quot;130.9&quot;,&quot;_legend&quot;:&quot;{score}\\\/{best} - ({count} {votes})&quot;,&quot;font_factor&quot;:&quot;1.25&quot;}'>              <div class=\"kksr-stars\">      <div class=\"kksr-stars-inactive\">             <div class=\"kksr-star\" data-star=\"1\" style=\"padding-right: 5px\">               <div class=\"kksr-icon\" style=\"width: 24px; height: 24px;\"><\/div>         <\/div>             <div class=\"kksr-star\" data-star=\"2\" style=\"padding-right: 5px\">               <div class=\"kksr-icon\" style=\"width: 24px; height: 24px;\"><\/div>         <\/div>             <div class=\"kksr-star\" data-star=\"3\" style=\"padding-right: 5px\">               <div class=\"kksr-icon\" style=\"width: 24px; height: 24px;\"><\/div>         <\/div>             <div class=\"kksr-star\" data-star=\"4\" style=\"padding-right: 5px\">               <div class=\"kksr-icon\" style=\"width: 24px; height: 24px;\"><\/div>         <\/div>             <div class=\"kksr-star\" data-star=\"5\" style=\"padding-right: 5px\">               <div class=\"kksr-icon\" style=\"width: 24px; height: 24px;\"><\/div>         <\/div>     <\/div>      <div class=\"kksr-stars-active\" style=\"width: 130.9px;\">             <div class=\"kksr-star\" style=\"padding-right: 5px\">               <div class=\"kksr-icon\" style=\"width: 24px; height: 24px;\"><\/div>         <\/div>             <div class=\"kksr-star\" style=\"padding-right: 5px\">               <div class=\"kksr-icon\" style=\"width: 24px; height: 24px;\"><\/div>         <\/div>             <div class=\"kksr-star\" style=\"padding-right: 5px\">               <div class=\"kksr-icon\" style=\"width: 24px; height: 24px;\"><\/div>         <\/div>             <div class=\"kksr-star\" style=\"padding-right: 5px\">               <div class=\"kksr-icon\" style=\"width: 24px; height: 24px;\"><\/div>         <\/div>             <div class=\"kksr-star\" style=\"padding-right: 5px\">               <div class=\"kksr-icon\" style=\"width: 24px; height: 24px;\"><\/div>         <\/div>     <\/div> <\/div>                   <div class=\"kksr-legend\" style=\"font-size: 19.2px;\">             4,6\/5 - (12 votos)    <\/div>     <\/div>  <p class=\"wp-block-paragraph translation-block\">La <strong>Fabricante Comercial de Hamburguesas<\/strong> puede producir de manera eficiente patys uniformes y bien formados. Puede procesar una variedad de materias primas como <strong>pescado, pollo, res y cerdo<\/strong>, lo que lo hace adecuado para diferentes tipos de productos c\u00e1rnicos. Al <strong>cambiar diferentes moldes<\/strong>, la m\u00e1quina puede producir patys de varios tama\u00f1os y formas para satisfacer diversas necesidades de producci\u00f3n.<\/p>    <p class=\"wp-block-paragraph translation-block\">Equipada con un <strong>sistema de formaci\u00f3n y liberaci\u00f3n autom\u00e1ticos<\/strong>, la m\u00e1quina garantiza que cada patty tenga forma, espesor y peso consistentes. Se utiliza ampliamente en <strong>plantas de procesamiento de alimentos, cadenas de comida r\u00e1pida, cocinas centrales y f\u00e1bricas de productos c\u00e1rnicos<\/strong>.<\/p>    <p class=\"wp-block-paragraph translation-block\">Con un <strong>capacidad de 35 uds\/min<\/strong>, este fabricador de hamburguesas mejora enormemente la eficiencia de la producci\u00f3n mientras reduce la mano de obra. Su rendimiento estable, opciones flexibles de moldes y operaci\u00f3n sencilla la convierten en una soluci\u00f3n ideal para la producci\u00f3n continua y a gran escala de hamburguesas.<\/p>    <figure class=\"wp-block-embed is-type-video is-provider-youtube wp-block-embed-youtube wp-embed-aspect-16-9 wp-has-aspect-ratio\"><div class=\"wp-block-embed__wrapper\"> <iframe loading=\"lazy\" title=\"Patties perfectos cada vez: C\u00f3mo funciona la m\u00e1quina para hacer hamburguesas #hamburguesa #carne\" width=\"422\" height=\"750\" src=\"https:\/\/www.youtube.com\/embed\/BF8NXTDPVVA?feature=oembed\" frameborder=\"0\" allow=\"accelerometer; autoplay; clipboard-write; encrypted-media; gyroscope; picture-in-picture; web-share\" referrerpolicy=\"strict-origin-when-cross-origin\" allowfullscreen><\/iframe> <\/div><figcaption class=\"wp-element-caption\">Video de trabajo de la m\u00e1quina comercial para hacer hamburguesas<\/figcaption><\/figure>    <h2 id=\"h-application-range-of-the-machine\" class=\"wp-block-heading\">Aplicaci\u00f3n de la m\u00e1quina para hacer hamburguesas comerciales.<\/h2>    <div class=\"wp-block-media-text is-stacked-on-mobile\"><figure class=\"wp-block-media-text__media\"><img loading=\"lazy\" decoding=\"async\" width=\"720\" height=\"540\" src=\"https:\/\/meat-machine.com\/wp-content\/uploads\/2022\/09\/beef-patty.webp\" alt=\"hamburguesa de carne de res\" class=\"wp-image-619 size-full\" title=\"\" srcset=\"https:\/\/meat-machine.com\/wp-content\/uploads\/2022\/09\/beef-patty.webp 720w, https:\/\/meat-machine.com\/wp-content\/uploads\/2022\/09\/beef-patty-300x225.webp 300w, https:\/\/meat-machine.com\/wp-content\/uploads\/2022\/09\/beef-patty-16x12.webp 16w\" sizes=\"auto, (max-width: 720px) 100vw, 720px\" \/><\/figure><div class=\"wp-block-media-text__content\"> <ul class=\"wp-block-list\"> <li>Materia prima: pollo, ternera, cerdo, cordero, etc.<\/li>    <li>Productos terminados: nuggets de pollo coronel, nuggets de pollo mcleod, hamburguesas, deliciosos filetes, chuletas de pollo, chuletas de carne, hamburguesas de carne y todo tipo de brochetas de carne.<\/li> <\/ul> <\/div><\/div>    <div class=\"wp-block-media-text has-media-on-the-right is-stacked-on-mobile\"><div class=\"wp-block-media-text__content\"> <ul class=\"wp-block-list\"> <li>Materia prima: pescado, camarones, calamares, etc.<\/li>    <li>Productos terminados: filete de pescado, hamburguesa con sabor a pescado, tempura, kebab, Kanto hervido, etc.<\/li> <\/ul> <\/div><figure class=\"wp-block-media-text__media\"><img loading=\"lazy\" decoding=\"async\" width=\"720\" height=\"540\" src=\"https:\/\/meat-machine.com\/wp-content\/uploads\/2022\/09\/pork-patty.webp\" alt=\"hamburguesa de cerdo\" class=\"wp-image-622 size-full\" title=\"\" srcset=\"https:\/\/meat-machine.com\/wp-content\/uploads\/2022\/09\/pork-patty.webp 720w, https:\/\/meat-machine.com\/wp-content\/uploads\/2022\/09\/pork-patty-300x225.webp 300w, https:\/\/meat-machine.com\/wp-content\/uploads\/2022\/09\/pork-patty-16x12.webp 16w\" sizes=\"auto, (max-width: 720px) 100vw, 720px\" \/><\/figure><\/div>    <div class=\"wp-block-media-text is-stacked-on-mobile\"><figure class=\"wp-block-media-text__media\"><img loading=\"lazy\" decoding=\"async\" width=\"720\" height=\"540\" src=\"https:\/\/meat-machine.com\/wp-content\/uploads\/2022\/09\/shrimp-patty.webp\" alt=\"hamburguesa de camar\u00f3n\" class=\"wp-image-623 size-full\" title=\"\" srcset=\"https:\/\/meat-machine.com\/wp-content\/uploads\/2022\/09\/shrimp-patty.webp 720w, https:\/\/meat-machine.com\/wp-content\/uploads\/2022\/09\/shrimp-patty-300x225.webp 300w, https:\/\/meat-machine.com\/wp-content\/uploads\/2022\/09\/shrimp-patty-16x12.webp 16w\" sizes=\"auto, (max-width: 720px) 100vw, 720px\" \/><\/figure><div class=\"wp-block-media-text__content\"> <ul class=\"wp-block-list\"> <li>Materia prima: mix de carnes y verduras, mix acu\u00e1tico y de carnes.<\/li>    <li>Productos terminados: varios tipos de hamburguesas, Oden, etc.<\/li> <\/ul> <\/div><\/div>    <div class=\"wp-block-media-text has-media-on-the-right is-stacked-on-mobile\"><div class=\"wp-block-media-text__content\"> <ul class=\"wp-block-list\"> <li>Materia prima: patatas, boniatos, calabazas, zanahorias, jud\u00edas verdes, etc.<\/li>    <li>Productos terminados: tartas de patata, tartas de calabaza, tartas de hamburguesa de verduras.<\/li> <\/ul> <\/div><figure class=\"wp-block-media-text__media\"><img loading=\"lazy\" decoding=\"async\" width=\"720\" height=\"540\" src=\"https:\/\/meat-machine.com\/wp-content\/uploads\/2022\/09\/vegetable-patty.webp\" alt=\"hamburguesa de verduras\" class=\"wp-image-624 size-full\" title=\"\" srcset=\"https:\/\/meat-machine.com\/wp-content\/uploads\/2022\/09\/vegetable-patty.webp 720w, https:\/\/meat-machine.com\/wp-content\/uploads\/2022\/09\/vegetable-patty-300x225.webp 300w, https:\/\/meat-machine.com\/wp-content\/uploads\/2022\/09\/vegetable-patty-16x12.webp 16w\" sizes=\"auto, (max-width: 720px) 100vw, 720px\" \/><\/figure><\/div>    <p class=\"wp-block-paragraph\">Adem\u00e1s de los ingredientes anteriores, nuestra m\u00e1quina tambi\u00e9n puede hacer hamburguesas con otros ingredientes. Si tiene alguna pregunta, comun\u00edquese con nosotros a trav\u00e9s de la ventana emergente en la esquina inferior derecha.<\/p>    <h2 id=\"h-design-of-commercial-hamburger-patty-maker\" class=\"wp-block-heading\">Fabricante comercial de patys para hamburguesa en venta<\/h2>    <div class=\"wp-block-media-text is-stacked-on-mobile\"><figure class=\"wp-block-media-text__media\"><img loading=\"lazy\" decoding=\"async\" width=\"720\" height=\"540\" src=\"https:\/\/meat-machine.com\/wp-content\/uploads\/2022\/09\/the-machine-can-make-meat-patties-of-different-shapes.webp\" alt=\"La m\u00e1quina puede hacer hamburguesas de carne de diferentes formas.\" class=\"wp-image-143 size-full\" title=\"\" srcset=\"https:\/\/meat-machine.com\/wp-content\/uploads\/2022\/09\/the-machine-can-make-meat-patties-of-different-shapes.webp 720w, https:\/\/meat-machine.com\/wp-content\/uploads\/2022\/09\/the-machine-can-make-meat-patties-of-different-shapes-300x225.webp 300w\" sizes=\"auto, (max-width: 720px) 100vw, 720px\" \/><\/figure><div class=\"wp-block-media-text__content\"> <ul class=\"wp-block-list\"> <li><strong>Salida personalizable<\/strong> <ul class=\"wp-block-list\"> <li>Al cambiar los moldes de formaci\u00f3n, la m\u00e1quina puede producir hamburguesas de varios tama\u00f1os, grosores y formas.<\/li> <\/ul> <\/li>    <li><strong>Alimentaci\u00f3n y formaci\u00f3n sincronizadas<\/strong> <ul class=\"wp-block-list\"> <li>La paleta y el tambor de formaci\u00f3n operan en sincron\u00eda, asegurando un alto volumen de alimentaci\u00f3n y una presi\u00f3n de moldeo uniforme.<\/li> <\/ul> <\/li> <\/ul> <\/div><\/div>    <div class=\"wp-block-media-text has-media-on-the-right is-stacked-on-mobile\"><div class=\"wp-block-media-text__content\"> <ul class=\"wp-block-list\"> <li><strong>N\u00facleo de molde ajustable integrado<\/strong> <ul class=\"wp-block-list\"> <li>El n\u00facleo del molde est\u00e1 dise\u00f1ado como una unidad \u00fanica y desmontable, lo que hace que el ajuste del grosor sea simple y preciso.<\/li> <\/ul> <\/li>    <li><strong>Reemplazo r\u00e1pido del molde<\/strong> <ul class=\"wp-block-list\"> <li>Los moldes son f\u00e1ciles de cambiar, lo que permite una producci\u00f3n flexible de hamburguesas en diferentes formas con un tiempo de inactividad m\u00ednimo.<\/li> <\/ul> <\/li> <\/ul> <\/div><figure class=\"wp-block-media-text__media\"><img loading=\"lazy\" decoding=\"async\" width=\"720\" height=\"540\" src=\"https:\/\/meat-machine.com\/wp-content\/uploads\/2022\/09\/automatic-meat-patty-forming-machine.webp\" alt=\"m\u00e1quina autom\u00e1tica para hacer hamburguesas\" class=\"wp-image-310 size-full\" title=\"\" srcset=\"https:\/\/meat-machine.com\/wp-content\/uploads\/2022\/09\/automatic-meat-patty-forming-machine.webp 720w, https:\/\/meat-machine.com\/wp-content\/uploads\/2022\/09\/automatic-meat-patty-forming-machine-300x225.webp 300w\" sizes=\"auto, (max-width: 720px) 100vw, 720px\" \/><\/figure><\/div>    <h2 id=\"h-advantages-of-commercial-burger-patty-maker\" class=\"wp-block-heading\">Caracter\u00edsticas de la m\u00e1quina para hacer hamburguesas comercial<\/h2>    <div class=\"wp-block-media-text is-stacked-on-mobile\"><figure class=\"wp-block-media-text__media\"><img loading=\"lazy\" decoding=\"async\" width=\"720\" height=\"540\" src=\"https:\/\/meat-machine.com\/wp-content\/uploads\/2022\/09\/meat-patty-machine-moulds.webp\" alt=\"moldes para patys de carne\" class=\"wp-image-1179 size-full\" title=\"\" srcset=\"https:\/\/meat-machine.com\/wp-content\/uploads\/2022\/09\/meat-patty-machine-moulds.webp 720w, https:\/\/meat-machine.com\/wp-content\/uploads\/2022\/09\/meat-patty-machine-moulds-300x225.webp 300w, https:\/\/meat-machine.com\/wp-content\/uploads\/2022\/09\/meat-patty-machine-moulds-16x12.webp 16w\" sizes=\"auto, (max-width: 720px) 100vw, 720px\" \/><\/figure><div class=\"wp-block-media-text__content\"> <ul class=\"wp-block-list\"> <li><strong>Construcci\u00f3n de grado alimenticio<\/strong> <ul class=\"wp-block-list\"> <li>La m\u00e1quina est\u00e1 hecha completamente de acero inoxidable de grado alimenticio, totalmente conforme con las normas de higiene y <a href=\"https:\/\/nl.wikipedia.org\/wiki\/HACCP\" data-type=\"link\" data-id=\"https:\/\/nl.wikipedia.org\/wiki\/HACCP\" target=\"_blank\" rel=\"noopener\">APPCC<\/a> est\u00e1ndares.<\/li> <\/ul> <\/li>    <li><strong>M\u00faltiples formas de hamburguesa<\/strong> <ul class=\"wp-block-list\"> <li>Puede formar hamburguesas en varias formas, incluyendo redonda, cuadrada, triangular, en forma de coraz\u00f3n y otros dise\u00f1os personalizados.<\/li> <\/ul> <\/li>    <li><strong>Tama\u00f1o de hamburguesa ajustable<\/strong> <ul class=\"wp-block-list\"> <li>La m\u00e1quina produce patys con una <strong>di\u00e1metro m\u00e1ximo de 120 mm.<\/strong>, y el <strong>el espesor puede ajustarse de 6 mm a 21 mm<\/strong> seg\u00fan los requisitos de producci\u00f3n.<\/li> <\/ul> <\/li> <\/ul> <\/div><\/div>    <div class=\"wp-block-media-text has-media-on-the-right is-stacked-on-mobile\"><div class=\"wp-block-media-text__content\"> <ul class=\"wp-block-list\"> <li><strong>Compatibilidad vers\u00e1til con materias primas<\/strong> <ul class=\"wp-block-list\"> <li>Adecuada para procesar una variedad de ingredientes como carne de res, cerdo, pollo, pescado, verduras y mezclas a base de plantas.<\/li> <\/ul> <\/li>    <li><strong>Dise\u00f1o de seguridad europeo<\/strong> <ul class=\"wp-block-list\"> <li>Construida con un sistema el\u00e9ctrico de est\u00e1ndar europeo para garantizar un funcionamiento seguro.<\/li> <\/ul> <\/li>    <li><strong>Operaci\u00f3n simple<\/strong> <ul class=\"wp-block-list\"> <li>F\u00e1cil de usar: simplemente vierta el material crudo preparado en el barril y comience a formar hamburguesas autom\u00e1ticamente.<\/li> <\/ul> <\/li> <\/ul> <\/div><figure class=\"wp-block-media-text__media\"><img loading=\"lazy\" decoding=\"async\" width=\"720\" height=\"540\" src=\"https:\/\/meat-machine.com\/wp-content\/uploads\/2024\/01\/hamburger-patty.webp\" alt=\"hamburguesa\" class=\"wp-image-530 size-full\" title=\"\" srcset=\"https:\/\/meat-machine.com\/wp-content\/uploads\/2024\/01\/hamburger-patty.webp 720w, https:\/\/meat-machine.com\/wp-content\/uploads\/2024\/01\/hamburger-patty-300x225.webp 300w\" sizes=\"auto, (max-width: 720px) 100vw, 720px\" \/><\/figure><\/div>    <h2 class=\"wp-block-heading\">\u00bfC\u00f3mo funciona la m\u00e1quina comercial de patys para hamburguesa?<\/h2>    <div class=\"wp-block-media-text is-stacked-on-mobile\"><figure class=\"wp-block-media-text__media\"><img loading=\"lazy\" decoding=\"async\" width=\"540\" height=\"720\" src=\"https:\/\/meat-machine.com\/wp-content\/uploads\/2022\/09\/meat-patty-machine-working-process.webp\" alt=\"proceso de trabajo de la m\u00e1quina de hamburguesas\" class=\"wp-image-621 size-full\" title=\"\" srcset=\"https:\/\/meat-machine.com\/wp-content\/uploads\/2022\/09\/meat-patty-machine-working-process.webp 540w, https:\/\/meat-machine.com\/wp-content\/uploads\/2022\/09\/meat-patty-machine-working-process-225x300.webp 225w, https:\/\/meat-machine.com\/wp-content\/uploads\/2022\/09\/meat-patty-machine-working-process-9x12.webp 9w\" sizes=\"auto, (max-width: 540px) 100vw, 540px\" \/><\/figure><div class=\"wp-block-media-text__content\"> <ul class=\"wp-block-list\"> <li><strong>Alimentaci\u00f3n de material<\/strong> <ul class=\"wp-block-list\"> <li>La carne molida o los ingredientes mixtos se colocan en la tolva. El sistema de alimentaci\u00f3n entrega la mezcla de forma continua en la cavidad del molde.<\/li> <\/ul> <\/li>    <li><strong>Formaci\u00f3n de patys<\/strong> <ul class=\"wp-block-list\"> <li>Dentro de la m\u00e1quina, la placa de formaci\u00f3n presiona la mezcla de carne en una cavidad de molde, d\u00e1ndole forma de patys redondos con di\u00e1metro y espesor consistentes.<\/li> <\/ul> <\/li>    <li><strong>Liberaci\u00f3n Autom\u00e1tica<\/strong> <ul class=\"wp-block-list\"> <li>Despu\u00e9s de formar, la m\u00e1quina libera autom\u00e1ticamente las patys del molde sin da\u00f1ar su forma.<\/li> <\/ul> <\/li>    <li><strong>Salida de la cinta transportadora<\/strong> <ul class=\"wp-block-list\"> <li>Las patys formadas se transfieren a la banda transportadora y se transportan suavemente a la siguiente etapa de procesamiento, como recubrimiento, fritura, congelaci\u00f3n o envasado.<\/li> <\/ul> <\/li>    <li><strong>Producci\u00f3n continua<\/strong> <ul class=\"wp-block-list\"> <li>La m\u00e1quina funciona de forma continua, produciendo hamburguesas en un <strong>capacidad de hasta 35 piezas por minuto<\/strong>, garantizando alta eficiencia y calidad uniforme del producto.<\/li> <\/ul> <\/li> <\/ul> <\/div><\/div>    <h2 class=\"wp-block-heading\">Datos t\u00e9cnicos de la m\u00e1quina autom\u00e1tica para hacer hamburguesas de carne<\/h2>    <figure class=\"wp-block-table\"><table class=\"has-fixed-layout\"><thead><tr><th>Modelo<\/th><th>TZ-100<\/th><\/tr><\/thead><tbody><tr><td>Dimensi\u00f3n total<\/td><td>860 \u00d7 600 \u00d7 1350 mm<\/td><\/tr><tr><td>Capacidad del Hopper de carne<\/td><td>32 L<\/td><\/tr><tr><td>Di\u00e1metro de la hamburguesa<\/td><td>28\u2013120 mm<\/td><\/tr><tr><td>Grosor de la hamburguesa<\/td><td>6\u201321 mm (ajustable)<\/td><\/tr><tr><td>Fuerza<\/td><td>0.75 kW<\/td><\/tr><tr><td>Ancho de la cinta transportadora<\/td><td>130 mm<\/td><\/tr><tr><td>Peso de la m\u00e1quina<\/td><td>100 kg<\/td><\/tr><tr><td>Capacidad<\/td><td>35 piezas\/min<\/td><\/tr><\/tbody><\/table><figcaption class=\"wp-element-caption\">par\u00e1metros de la m\u00e1quina de patys de carne<\/figcaption><\/figure>    <p class=\"wp-block-paragraph\">Los anteriores son los par\u00e1metros de una m\u00e1quina formadora de hamburguesas de carne con una producci\u00f3n de 35 piezas\/min. Esto significa que se pueden producir 2.100 productos terminados por hora. Esto puede satisfacer las necesidades de producci\u00f3n de la mayor\u00eda de los clientes. <\/p>    <p class=\"wp-block-paragraph\">Adem\u00e1s, la potencia de esta m\u00e1quina es de 0,55kw. El peso es de 100 kg. Si desea saber m\u00e1s sobre esta m\u00e1quina, cont\u00e1ctenos.<\/p>    <figure class=\"wp-block-gallery aligncenter has-nested-images columns-default is-cropped wp-block-gallery-2 is-layout-flex wp-block-gallery-is-layout-flex\"> <figure class=\"wp-block-image size-full\"><img loading=\"lazy\" decoding=\"async\" width=\"720\" height=\"540\" data-id=\"311\" src=\"https:\/\/meat-machine.com\/wp-content\/uploads\/2022\/09\/commercial-burger-patty-maker-1.webp\" alt=\"fabricante de hamburguesas comercial\" class=\"wp-image-311\" title=\"\" srcset=\"https:\/\/meat-machine.com\/wp-content\/uploads\/2022\/09\/commercial-burger-patty-maker-1.webp 720w, https:\/\/meat-machine.com\/wp-content\/uploads\/2022\/09\/commercial-burger-patty-maker-1-300x225.webp 300w\" sizes=\"auto, (max-width: 720px) 100vw, 720px\" \/><figcaption class=\"wp-element-caption\">Fabricante comercial de patys para hamburguesa<\/figcaption><\/figure>    <figure class=\"wp-block-image size-full\"><img loading=\"lazy\" decoding=\"async\" width=\"720\" height=\"540\" data-id=\"312\" src=\"https:\/\/meat-machine.com\/wp-content\/uploads\/2022\/09\/commercial-hamburger-patty-making-machine.webp\" alt=\"M\u00e1quina comercial para hacer hamburguesas\" class=\"wp-image-312\" title=\"\" srcset=\"https:\/\/meat-machine.com\/wp-content\/uploads\/2022\/09\/commercial-hamburger-patty-making-machine.webp 720w, https:\/\/meat-machine.com\/wp-content\/uploads\/2022\/09\/commercial-hamburger-patty-making-machine-300x225.webp 300w\" sizes=\"auto, (max-width: 720px) 100vw, 720px\" \/><figcaption class=\"wp-element-caption\">M\u00e1quina de fabricaci\u00f3n de patys para hamburguesa comercial<\/figcaption><\/figure> <\/figure>    <h2 class=\"wp-block-heading\">Proceso completo de producci\u00f3n de hamburguesas de carne.<\/h2>    <p class=\"wp-block-paragraph translation-block\">Si planeas invertir en la producci\u00f3n de patys de carne, un <strong>\u00fanico fabricante comercial de patys de hamburguesa no es suficiente<\/strong>. Para satisfacer estas necesidades, proporcionamos una <strong><a href=\"https:\/\/meat-machine.com\/es\/producto\/meat-patty-making-machine-production-line\/\" data-type=\"link\" data-id=\"https:\/\/meat-machine.com\/product\/meat-patty-making-machine-production-line\/\">l\u00ednea completa de procesamiento de patys de carne<\/a><\/strong>, que incluye m\u00e1quinas como <strong>molinos de carne, mezcladoras de carne, formadoras de patys, m\u00e1quinas de rebozado, m\u00e1quinas de empanado, freidoras y m\u00e1quinas de envasado<\/strong>. <\/p>    <p class=\"wp-block-paragraph\">Estas m\u00e1quinas trabajan juntas para garantizar una producci\u00f3n eficiente y continua, y una calidad de producto consistente, lo que las hace ideales para plantas de procesamiento de alimentos y grandes fabricantes de productos c\u00e1rnicos.<\/p>    <figure class=\"wp-block-gallery aligncenter has-nested-images columns-default is-cropped wp-block-gallery-3 is-layout-flex wp-block-gallery-is-layout-flex\"> <figure class=\"wp-block-image size-full\"><img loading=\"lazy\" decoding=\"async\" width=\"720\" height=\"540\" data-id=\"1026\" src=\"https:\/\/meat-machine.com\/wp-content\/uploads\/2026\/02\/industrial-Meat-patty-making-machine-production-line.webp\" alt=\"m\u00e1quina de envasado\" class=\"wp-image-1026\" title=\"\" srcset=\"https:\/\/meat-machine.com\/wp-content\/uploads\/2026\/02\/industrial-Meat-patty-making-machine-production-line.webp 720w, https:\/\/meat-machine.com\/wp-content\/uploads\/2026\/02\/industrial-Meat-patty-making-machine-production-line-300x225.webp 300w, https:\/\/meat-machine.com\/wp-content\/uploads\/2026\/02\/industrial-Meat-patty-making-machine-production-line-16x12.webp 16w\" sizes=\"auto, (max-width: 720px) 100vw, 720px\" \/><figcaption class=\"wp-element-caption\">L\u00ednea de producci\u00f3n de m\u00e1quina industrial para hacer hamburguesas de carne<\/figcaption><\/figure>    <figure class=\"wp-block-image size-full\"><img loading=\"lazy\" decoding=\"async\" width=\"720\" height=\"540\" data-id=\"625\" src=\"https:\/\/meat-machine.com\/wp-content\/uploads\/2022\/09\/burger-patty-production-factory.webp\" alt=\"f\u00e1brica de producci\u00f3n de hamburguesas\" class=\"wp-image-625\" title=\"\" srcset=\"https:\/\/meat-machine.com\/wp-content\/uploads\/2022\/09\/burger-patty-production-factory.webp 720w, https:\/\/meat-machine.com\/wp-content\/uploads\/2022\/09\/burger-patty-production-factory-300x225.webp 300w, https:\/\/meat-machine.com\/wp-content\/uploads\/2022\/09\/burger-patty-production-factory-16x12.webp 16w\" sizes=\"auto, (max-width: 720px) 100vw, 720px\" \/><figcaption class=\"wp-element-caption\">F\u00e1brica de Producci\u00f3n de Patys de Hamburguesa<\/figcaption><\/figure> <\/figure>    <h2 class=\"wp-block-heading\">Conclusi\u00f3n<\/h2>    <p class=\"wp-block-paragraph\">Si buscas aumentar la capacidad de producci\u00f3n manteniendo la calidad del producto, este fabricante de patys es una opci\u00f3n fiable y rentable. <\/p>    <p class=\"wp-block-paragraph\">Si\u00e9ntase libre de contactarnos para obtener m\u00e1s detalles o para solicitar un presupuesto adaptado a sus necesidades.<\/p>","protected":false},"excerpt":{"rendered":"<p>El Fabricante Comercial de Hamburguesas puede producir patys uniformes y bien formados de manera eficiente. Puede procesar una variedad de materiales como carne de res, pollo, pescado y mezclas a base de plantas. <\/p>","protected":false},"author":1,"featured_media":313,"parent":0,"template":"","tags":[15],"product-type":[4],"class_list":["post-114","product","type-product","status-publish","has-post-thumbnail","hentry","tag-burger-patty-maker","product-type-meat-grinder"],"_links":{"self":[{"href":"https:\/\/meat-machine.com\/es\/wp-json\/wp\/v2\/product\/114","targetHints":{"allow":["GET"]}}],"collection":[{"href":"https:\/\/meat-machine.com\/es\/wp-json\/wp\/v2\/product"}],"about":[{"href":"https:\/\/meat-machine.com\/es\/wp-json\/wp\/v2\/types\/product"}],"author":[{"embeddable":true,"href":"https:\/\/meat-machine.com\/es\/wp-json\/wp\/v2\/users\/1"}],"wp:featuredmedia":[{"embeddable":true,"href":"https:\/\/meat-machine.com\/es\/wp-json\/wp\/v2\/media\/313"}],"wp:attachment":[{"href":"https:\/\/meat-machine.com\/es\/wp-json\/wp\/v2\/media?parent=114"}],"wp:term":[{"taxonomy":"post_tag","embeddable":true,"href":"https:\/\/meat-machine.com\/es\/wp-json\/wp\/v2\/tags?post=114"},{"taxonomy":"product-type","embeddable":true,"href":"https:\/\/meat-machine.com\/es\/wp-json\/wp\/v2\/product-type?post=114"}],"curies":[{"name":"wp","href":"https:\/\/api.w.org\/{rel}","templated":true}]}}